{"id":1983,"date":"2024-09-06T20:53:23","date_gmt":"2024-09-06T17:53:23","guid":{"rendered":"http:\/\/neoqi.com\/?page_id=1983"},"modified":"2024-09-06T20:53:23","modified_gmt":"2024-09-06T17:53:23","slug":"chromotherapy","status":"publish","type":"page","link":"https:\/\/neoqi.com\/et\/how-it-works\/functions\/chromotherapy\/","title":{"rendered":"Kromoteraapia"},"content":{"rendered":"<p>Kromoteraapia, mida tuntakse ka v\u00e4rviteraapiana, on ainulaadne tehnika, mille abil parandatakse inimese emotsionaalset ja f\u00fc\u00fcsilist s\u00fcsteemi n\u00e4htava v\u00e4rvilise valguse abil. V\u00e4rvid on teatud elektromagnetilise energia lainepikkused, mida n\u00e4eme l\u00e4bi silmade, mis m\u00f5jutavad inimese tundeid, meeleolu ja emotsioone.<\/p>\n<p>Kromoteraapia kasutab kuut p\u00f5hiv\u00e4rvi:<\/p>\n<p>Punane - on tuntud keha ainevahetuse elavdamise ja kirglikkuse suurendajana, depressiooni \u00fcletamiseks. Punane v\u00e4rv annab energiat maast ja annab energiat k\u00f5ikidel tasanditel. See \u00fchendab meid meie f\u00fc\u00fcsilise kehaga.<br \/>\nApelsin - omab \u00f5rna soojendavat m\u00f5ju, suurendab immuunsust, tugevust. Parim emotsionaalne stimulaator!<br \/>\nKollane - aitab kaasa vaimsele stimulatsioonile. Annab meile m\u00f5tte selgust, suurendab teadlikkust ning stimuleerib huvi ja uudishimu.<br \/>\nRoheline - on hea v\u00e4sinud n\u00e4rvidele, tasakaalustab emotsioone, v\u00e4rskendab vaimu ja julgustab meid tundma kaastunnet.<br \/>\nSinine - vaimselt l\u00f5\u00f5gastav v\u00e4rv, m\u00f5jub n\u00e4rvis\u00fcsteemile rahustavalt ja toob suurt l\u00f5\u00f5gastust. Ideaalne uneprobleemide ja h\u00fcperaktiivsete laste puhul.<br \/>\nValge - valge sisaldab v\u00f5rdselt k\u00f5iki spektri v\u00e4rve, esindades nii k\u00f5igi v\u00e4rvide positiivseid kui ka negatiivseid aspekte. See pakub teie m\u00f5tete, emotsioonide ja l\u00f5ppkokkuv\u00f5ttes ka teie vaimu sisemist puhastamist ja puhastamist, v\u00e4rskendades ja tugevdades kogu teie energias\u00fcsteemi.<\/p>","protected":false},"excerpt":{"rendered":"<p>Chromotherapy, also known as color therapy, is a unique technique for improving one\u2019s emotional and physical systems through visible colored lights. Colors is a certain wavelengths of electro-magnetic energy seen through our eyes that affect one\u2019s feelings, moods, and emotions. Chromotherapy uses six basic colors: Red \u2013 Known to escalate the body\u00b4s metabolism with vibrancy [&hellip;]<\/p>\n","protected":false},"author":3,"featured_media":0,"parent":1965,"menu_order":0,"comment_status":"closed","ping_status":"closed","template":"","meta":{"_acf_changed":false,"site-sidebar-layout":"default","site-content-layout":"","ast-site-content-layout":"default","site-content-style":"default","site-sidebar-style":"default","ast-global-header-display":"","ast-banner-title-visibility":"","ast-main-header-display":"","ast-hfb-above-header-display":"","ast-hfb-below-header-display":"","ast-hfb-mobile-header-display":"","site-post-title":"","ast-breadcrumbs-content":"","ast-featured-img":"","footer-sml-layout":"","ast-disable-related-posts":"","theme-transparent-header-meta":"default","adv-header-id-meta":"","stick-header-meta":"","header-above-stick-meta":"","header-main-stick-meta":"","header-below-stick-meta":"","astra-migrate-meta-layouts":"set","ast-page-background-enabled":"default","ast-page-background-meta":{"desktop":{"background-color":"var(--ast-global-color-4)","background-image":"","background-repeat":"repeat","background-position":"center center","background-size":"auto","background-attachment":"scroll","background-type":"","background-media":"","overlay-type":"","overlay-color":"","overlay-opacity":"","overlay-gradient":""},"tablet":{"background-color":"","background-image":"","background-repeat":"repeat","background-position":"center center","background-size":"auto","background-attachment":"scroll","background-type":"","background-media":"","overlay-type":"","overlay-color":"","overlay-opacity":"","overlay-gradient":""},"mobile":{"background-color":"","background-image":"","background-repeat":"repeat","background-position":"center center","background-size":"auto","background-attachment":"scroll","background-type":"","background-media":"","overlay-type":"","overlay-color":"","overlay-opacity":"","overlay-gradient":""}},"ast-content-background-meta":{"desktop":{"background-color":"var(--ast-global-color-5)","background-image":"","background-repeat":"repeat","background-position":"center center","background-size":"auto","background-attachment":"scroll","background-type":"","background-media":"","overlay-type":"","overlay-color":"","overlay-opacity":"","overlay-gradient":""},"tablet":{"background-color":"var(--ast-global-color-5)","background-image":"","background-repeat":"repeat","background-position":"center center","background-size":"auto","background-attachment":"scroll","background-type":"","background-media":"","overlay-type":"","overlay-color":"","overlay-opacity":"","overlay-gradient":""},"mobile":{"background-color":"var(--ast-global-color-5)","background-image":"","background-repeat":"repeat","background-position":"center center","background-size":"auto","background-attachment":"scroll","background-type":"","background-media":"","overlay-type":"","overlay-color":"","overlay-opacity":"","overlay-gradient":""}},"footnotes":""},"class_list":["post-1983","page","type-page","status-publish","hentry"],"acf":[],"yoast_head":"<!-- This site is optimized with the Yoast SEO plugin v27.4 - https:\/\/yoast.com\/product\/yoast-seo-wordpress\/ -->\n<title>Chromotherapy - NEOQI<\/title>\n<meta name=\"robots\" content=\"index, follow, max-snippet:-1, max-image-preview:large, max-video-preview:-1\" \/>\n<link rel=\"canonical\" href=\"https:\/\/neoqi.com\/et\/how-it-works\/functions\/chromotherapy\/\" \/>\n<meta property=\"og:locale\" content=\"et_EE\" \/>\n<meta property=\"og:type\" content=\"article\" \/>\n<meta property=\"og:title\" content=\"Chromotherapy - NEOQI\" \/>\n<meta property=\"og:description\" content=\"Chromotherapy, also known as color therapy, is a unique technique for improving one\u2019s emotional and physical systems through visible colored lights. Colors is a certain wavelengths of electro-magnetic energy seen through our eyes that affect one\u2019s feelings, moods, and emotions. Chromotherapy uses six basic colors: Red \u2013 Known to escalate the body\u00b4s metabolism with vibrancy [&hellip;]\" \/>\n<meta property=\"og:url\" content=\"https:\/\/neoqi.com\/et\/how-it-works\/functions\/chromotherapy\/\" \/>\n<meta property=\"og:site_name\" content=\"NEOQI\" \/>\n<meta property=\"article:publisher\" content=\"https:\/\/www.facebook.com\/neoqi\/\" \/>\n<meta name=\"twitter:card\" content=\"summary_large_image\" \/>\n<meta name=\"twitter:label1\" content=\"Est. reading time\" \/>\n\t<meta name=\"twitter:data1\" content=\"1 minut\" \/>\n<script type=\"application\/ld+json\" class=\"yoast-schema-graph\">{\"@context\":\"https:\\\/\\\/schema.org\",\"@graph\":[{\"@type\":\"WebPage\",\"@id\":\"https:\\\/\\\/neoqi.com\\\/how-it-works\\\/functions\\\/chromotherapy\\\/\",\"url\":\"https:\\\/\\\/neoqi.com\\\/how-it-works\\\/functions\\\/chromotherapy\\\/\",\"name\":\"Chromotherapy - NEOQI\",\"isPartOf\":{\"@id\":\"https:\\\/\\\/neoqi.com\\\/#website\"},\"datePublished\":\"2024-09-06T17:53:23+00:00\",\"breadcrumb\":{\"@id\":\"https:\\\/\\\/neoqi.com\\\/how-it-works\\\/functions\\\/chromotherapy\\\/#breadcrumb\"},\"inLanguage\":\"et\",\"potentialAction\":[{\"@type\":\"ReadAction\",\"target\":[\"https:\\\/\\\/neoqi.com\\\/how-it-works\\\/functions\\\/chromotherapy\\\/\"]}]},{\"@type\":\"BreadcrumbList\",\"@id\":\"https:\\\/\\\/neoqi.com\\\/how-it-works\\\/functions\\\/chromotherapy\\\/#breadcrumb\",\"itemListElement\":[{\"@type\":\"ListItem\",\"position\":1,\"name\":\"Home\",\"item\":\"https:\\\/\\\/neoqi.com\\\/\"},{\"@type\":\"ListItem\",\"position\":2,\"name\":\"How it Works\",\"item\":\"https:\\\/\\\/neoqi.com\\\/ru\\\/how-it-works\\\/\"},{\"@type\":\"ListItem\",\"position\":3,\"name\":\"Functions\",\"item\":\"https:\\\/\\\/neoqi.com\\\/ru\\\/how-it-works\\\/functions\\\/\"},{\"@type\":\"ListItem\",\"position\":4,\"name\":\"Chromotherapy\"}]},{\"@type\":\"WebSite\",\"@id\":\"https:\\\/\\\/neoqi.com\\\/#website\",\"url\":\"https:\\\/\\\/neoqi.com\\\/\",\"name\":\"NEOQI\",\"description\":\"Experience Ultimate Wellness and Relaxation with NeoQi Spa Capsule: Your Path to Rejuvenation\",\"publisher\":{\"@id\":\"https:\\\/\\\/neoqi.com\\\/#organization\"},\"potentialAction\":[{\"@type\":\"SearchAction\",\"target\":{\"@type\":\"EntryPoint\",\"urlTemplate\":\"https:\\\/\\\/neoqi.com\\\/?s={search_term_string}\"},\"query-input\":{\"@type\":\"PropertyValueSpecification\",\"valueRequired\":true,\"valueName\":\"search_term_string\"}}],\"inLanguage\":\"et\"},{\"@type\":\"Organization\",\"@id\":\"https:\\\/\\\/neoqi.com\\\/#organization\",\"name\":\"NEOQI\",\"url\":\"https:\\\/\\\/neoqi.com\\\/\",\"logo\":{\"@type\":\"ImageObject\",\"inLanguage\":\"et\",\"@id\":\"https:\\\/\\\/neoqi.com\\\/#\\\/schema\\\/logo\\\/image\\\/\",\"url\":\"https:\\\/\\\/neoqi.com\\\/wp-content\\\/uploads\\\/2024\\\/09\\\/logoneosvg.svg\",\"contentUrl\":\"https:\\\/\\\/neoqi.com\\\/wp-content\\\/uploads\\\/2024\\\/09\\\/logoneosvg.svg\",\"width\":1,\"height\":1,\"caption\":\"NEOQI\"},\"image\":{\"@id\":\"https:\\\/\\\/neoqi.com\\\/#\\\/schema\\\/logo\\\/image\\\/\"},\"sameAs\":[\"https:\\\/\\\/www.facebook.com\\\/neoqi\\\/\",\"https:\\\/\\\/www.instagram.com\\\/neoqi_com\\\/\"]}]}<\/script>\n<!-- \/ Yoast SEO plugin. -->","yoast_head_json":{"title":"Chromotherapy - NEOQI","robots":{"index":"index","follow":"follow","max-snippet":"max-snippet:-1","max-image-preview":"max-image-preview:large","max-video-preview":"max-video-preview:-1"},"canonical":"https:\/\/neoqi.com\/et\/how-it-works\/functions\/chromotherapy\/","og_locale":"et_EE","og_type":"article","og_title":"Chromotherapy - NEOQI","og_description":"Chromotherapy, also known as color therapy, is a unique technique for improving one\u2019s emotional and physical systems through visible colored lights. Colors is a certain wavelengths of electro-magnetic energy seen through our eyes that affect one\u2019s feelings, moods, and emotions. Chromotherapy uses six basic colors: Red \u2013 Known to escalate the body\u00b4s metabolism with vibrancy [&hellip;]","og_url":"https:\/\/neoqi.com\/et\/how-it-works\/functions\/chromotherapy\/","og_site_name":"NEOQI","article_publisher":"https:\/\/www.facebook.com\/neoqi\/","twitter_card":"summary_large_image","twitter_misc":{"Est. reading time":"1 minut"},"schema":{"@context":"https:\/\/schema.org","@graph":[{"@type":"WebPage","@id":"https:\/\/neoqi.com\/how-it-works\/functions\/chromotherapy\/","url":"https:\/\/neoqi.com\/how-it-works\/functions\/chromotherapy\/","name":"Chromotherapy - NEOQI","isPartOf":{"@id":"https:\/\/neoqi.com\/#website"},"datePublished":"2024-09-06T17:53:23+00:00","breadcrumb":{"@id":"https:\/\/neoqi.com\/how-it-works\/functions\/chromotherapy\/#breadcrumb"},"inLanguage":"et","potentialAction":[{"@type":"ReadAction","target":["https:\/\/neoqi.com\/how-it-works\/functions\/chromotherapy\/"]}]},{"@type":"BreadcrumbList","@id":"https:\/\/neoqi.com\/how-it-works\/functions\/chromotherapy\/#breadcrumb","itemListElement":[{"@type":"ListItem","position":1,"name":"Home","item":"https:\/\/neoqi.com\/"},{"@type":"ListItem","position":2,"name":"How it Works","item":"https:\/\/neoqi.com\/ru\/how-it-works\/"},{"@type":"ListItem","position":3,"name":"Functions","item":"https:\/\/neoqi.com\/ru\/how-it-works\/functions\/"},{"@type":"ListItem","position":4,"name":"Chromotherapy"}]},{"@type":"WebSite","@id":"https:\/\/neoqi.com\/#website","url":"https:\/\/neoqi.com\/","name":"NEOQI","description":"Kogege \u00fclimat heaolu ja l\u00f5\u00f5gastust NeoQi Spa kapsliga: Teie tee noorendamiseni","publisher":{"@id":"https:\/\/neoqi.com\/#organization"},"potentialAction":[{"@type":"SearchAction","target":{"@type":"EntryPoint","urlTemplate":"https:\/\/neoqi.com\/?s={search_term_string}"},"query-input":{"@type":"PropertyValueSpecification","valueRequired":true,"valueName":"search_term_string"}}],"inLanguage":"et"},{"@type":"Organization","@id":"https:\/\/neoqi.com\/#organization","name":"NEOQI","url":"https:\/\/neoqi.com\/","logo":{"@type":"ImageObject","inLanguage":"et","@id":"https:\/\/neoqi.com\/#\/schema\/logo\/image\/","url":"https:\/\/neoqi.com\/wp-content\/uploads\/2024\/09\/logoneosvg.svg","contentUrl":"https:\/\/neoqi.com\/wp-content\/uploads\/2024\/09\/logoneosvg.svg","width":1,"height":1,"caption":"NEOQI"},"image":{"@id":"https:\/\/neoqi.com\/#\/schema\/logo\/image\/"},"sameAs":["https:\/\/www.facebook.com\/neoqi\/","https:\/\/www.instagram.com\/neoqi_com\/"]}]}},"_links":{"self":[{"href":"https:\/\/neoqi.com\/et\/wp-json\/wp\/v2\/pages\/1983","targetHints":{"allow":["GET"]}}],"collection":[{"href":"https:\/\/neoqi.com\/et\/wp-json\/wp\/v2\/pages"}],"about":[{"href":"https:\/\/neoqi.com\/et\/wp-json\/wp\/v2\/types\/page"}],"author":[{"embeddable":true,"href":"https:\/\/neoqi.com\/et\/wp-json\/wp\/v2\/users\/3"}],"replies":[{"embeddable":true,"href":"https:\/\/neoqi.com\/et\/wp-json\/wp\/v2\/comments?post=1983"}],"version-history":[{"count":1,"href":"https:\/\/neoqi.com\/et\/wp-json\/wp\/v2\/pages\/1983\/revisions"}],"predecessor-version":[{"id":1984,"href":"https:\/\/neoqi.com\/et\/wp-json\/wp\/v2\/pages\/1983\/revisions\/1984"}],"up":[{"embeddable":true,"href":"https:\/\/neoqi.com\/et\/wp-json\/wp\/v2\/pages\/1965"}],"wp:attachment":[{"href":"https:\/\/neoqi.com\/et\/wp-json\/wp\/v2\/media?parent=1983"}],"curies":[{"name":"wp","href":"https:\/\/api.w.org\/{rel}","templated":true}]}}