{"id":1989,"date":"2024-09-06T20:57:04","date_gmt":"2024-09-06T17:57:04","guid":{"rendered":"http:\/\/neoqi.com\/?page_id=1989"},"modified":"2024-09-06T20:57:04","modified_gmt":"2024-09-06T17:57:04","slug":"hydrotherapy-session","status":"publish","type":"page","link":"https:\/\/neoqi.com\/et\/how-it-works\/treatment-programs\/hydrotherapy-session\/","title":{"rendered":"H\u00fcdroteraapia seanss"},"content":{"rendered":"<p>H\u00fcdroteraapia seanss - 25 min*<\/p>\n<p>*ei sisalda aega, mis kulub kookoni ettevalmistamisele t\u00f6\u00f6tlemiseks ja puhastamisele p\u00e4rast t\u00f6\u00f6tlemist.<\/p>\n<p>Eelised: Parandab naha seisundit, keha on t\u00e4iesti l\u00f5dvestunud, taastumine uneh\u00e4iretest ja jet lagist,<\/p>\n<p>rahustab ja leevendab rahutust ja \u00e4revust, v\u00e4hendab lihaspingeid,<\/p>\n<p>kasulik m\u00f5ju kahjustatud kudedele, tugevdab immuuns\u00fcsteemi.<\/p>\n<p>Ettevalmistus raviks:<\/p>\n<p>T\u00e4itke vann veega (temperatuur - 36-38\u00b0\u0421).<br \/>\nL\u00fclitage sisse muusika ja LED-tuled, mis soodustavad l\u00f5\u00f5gastumist.<br \/>\nLisage n\u00f5utav kogus tilka eeterlikku \u00f5li vette.<\/p>\n<p>Kromoteraapia v\u00e4rvid<\/p>\n<p>Stimuleeriv: Punane, oran\u017e, kollane, valge.<\/p>\n<p>L\u00f5\u00f5gastumine: roheline, sinine, lilla, valge.<\/p>\n<p>Vajalikud tooted:<\/p>\n<p>Eeterlik aroomi\u00f5li.<\/p>\n<p>Enne ravi:<\/p>\n<p>kontrollige kliendi vajadusi ja soove;<br \/>\nselgitada ravi kulgu;<br \/>\nteavitada klienti ravi vastun\u00e4idustustest (vt eraldi lehek\u00fclg).<\/p>\n<p>Ravi j\u00e4rjekord:<\/p>\n<p>Paluge kliendil vette sukelduda. L\u00fclitage sisse:<\/p>\n<p>- kromoteraapia;<\/p>\n<p>- h\u00fcdromassaa\u017e;<\/p>\n<p>- \u00f5humullide massaa\u017e.<\/p>\n<p>Kestus - 20-25 minutit.<\/p>\n<p>Seansi l\u00f5pus pakkuge kliendile loputamiseks k\u00e4edushi kasutamist - 3 minutit;<br \/>\nHoolitsuse l\u00f5pus pakkuge kliendile v\u00f5imalust l\u00f5\u00f5gastuda.<\/p>\n<p>Soovitatav on teha 2-3 protseduuri n\u00e4dalas, 8-15 protseduuri.<\/p>\n<p>Soovitame kombineerida NeoQi\u00ae hooldusi professionaalse merekosmeetikaga EST\u00ed.<\/p>","protected":false},"excerpt":{"rendered":"<p>Hydrotherapy session \u2013 25 min* *does not include the time spent on preparing the cocoon for the treatment and cleaning after the treatment. Benefits: Improves skin condition, body is completely relaxed, recovery of sleep disorders and jet lag, calms and soothes restlessness and anxiety, reduced muscle tensions, beneficial effect on damaged tissues, boosts immune system. [&hellip;]<\/p>\n","protected":false},"author":3,"featured_media":0,"parent":1957,"menu_order":0,"comment_status":"closed","ping_status":"closed","template":"","meta":{"_acf_changed":false,"site-sidebar-layout":"default","site-content-layout":"","ast-site-content-layout":"default","site-content-style":"default","site-sidebar-style":"default","ast-global-header-display":"","ast-banner-title-visibility":"","ast-main-header-display":"","ast-hfb-above-header-display":"","ast-hfb-below-header-display":"","ast-hfb-mobile-header-display":"","site-post-title":"","ast-breadcrumbs-content":"","ast-featured-img":"","footer-sml-layout":"","ast-disable-related-posts":"","theme-transparent-header-meta":"default","adv-header-id-meta":"","stick-header-meta":"","header-above-stick-meta":"","header-main-stick-meta":"","header-below-stick-meta":"","astra-migrate-meta-layouts":"set","ast-page-background-enabled":"default","ast-page-background-meta":{"desktop":{"background-color":"var(--ast-global-color-4)","background-image":"","background-repeat":"repeat","background-position":"center center","background-size":"auto","background-attachment":"scroll","background-type":"","background-media":"","overlay-type":"","overlay-color":"","overlay-opacity":"","overlay-gradient":""},"tablet":{"background-color":"","background-image":"","background-repeat":"repeat","background-position":"center center","background-size":"auto","background-attachment":"scroll","background-type":"","background-media":"","overlay-type":"","overlay-color":"","overlay-opacity":"","overlay-gradient":""},"mobile":{"background-color":"","background-image":"","background-repeat":"repeat","background-position":"center center","background-size":"auto","background-attachment":"scroll","background-type":"","background-media":"","overlay-type":"","overlay-color":"","overlay-opacity":"","overlay-gradient":""}},"ast-content-background-meta":{"desktop":{"background-color":"var(--ast-global-color-5)","background-image":"","background-repeat":"repeat","background-position":"center center","background-size":"auto","background-attachment":"scroll","background-type":"","background-media":"","overlay-type":"","overlay-color":"","overlay-opacity":"","overlay-gradient":""},"tablet":{"background-color":"var(--ast-global-color-5)","background-image":"","background-repeat":"repeat","background-position":"center center","background-size":"auto","background-attachment":"scroll","background-type":"","background-media":"","overlay-type":"","overlay-color":"","overlay-opacity":"","overlay-gradient":""},"mobile":{"background-color":"var(--ast-global-color-5)","background-image":"","background-repeat":"repeat","background-position":"center center","background-size":"auto","background-attachment":"scroll","background-type":"","background-media":"","overlay-type":"","overlay-color":"","overlay-opacity":"","overlay-gradient":""}},"footnotes":""},"class_list":["post-1989","page","type-page","status-publish","hentry"],"acf":[],"yoast_head":"<!-- This site is optimized with the Yoast SEO plugin v27.4 - https:\/\/yoast.com\/product\/yoast-seo-wordpress\/ -->\n<title>Hydrotherapy Session - NEOQI<\/title>\n<meta name=\"robots\" content=\"index, follow, max-snippet:-1, max-image-preview:large, max-video-preview:-1\" \/>\n<link rel=\"canonical\" href=\"https:\/\/neoqi.com\/et\/how-it-works\/treatment-programs\/hydrotherapy-session\/\" \/>\n<meta property=\"og:locale\" content=\"et_EE\" \/>\n<meta property=\"og:type\" content=\"article\" \/>\n<meta property=\"og:title\" content=\"Hydrotherapy Session - NEOQI\" \/>\n<meta property=\"og:description\" content=\"Hydrotherapy session \u2013 25 min* *does not include the time spent on preparing the cocoon for the treatment and cleaning after the treatment. Benefits: Improves skin condition, body is completely relaxed, recovery of sleep disorders and jet lag, calms and soothes restlessness and anxiety, reduced muscle tensions, beneficial effect on damaged tissues, boosts immune system. [&hellip;]\" \/>\n<meta property=\"og:url\" content=\"https:\/\/neoqi.com\/et\/how-it-works\/treatment-programs\/hydrotherapy-session\/\" \/>\n<meta property=\"og:site_name\" content=\"NEOQI\" \/>\n<meta property=\"article:publisher\" content=\"https:\/\/www.facebook.com\/neoqi\/\" \/>\n<meta name=\"twitter:card\" content=\"summary_large_image\" \/>\n<meta name=\"twitter:label1\" content=\"Est. reading time\" \/>\n\t<meta name=\"twitter:data1\" content=\"1 minut\" \/>\n<script type=\"application\/ld+json\" class=\"yoast-schema-graph\">{\"@context\":\"https:\\\/\\\/schema.org\",\"@graph\":[{\"@type\":\"WebPage\",\"@id\":\"https:\\\/\\\/neoqi.com\\\/how-it-works\\\/treatment-programs\\\/hydrotherapy-session\\\/\",\"url\":\"https:\\\/\\\/neoqi.com\\\/how-it-works\\\/treatment-programs\\\/hydrotherapy-session\\\/\",\"name\":\"Hydrotherapy Session - NEOQI\",\"isPartOf\":{\"@id\":\"https:\\\/\\\/neoqi.com\\\/#website\"},\"datePublished\":\"2024-09-06T17:57:04+00:00\",\"breadcrumb\":{\"@id\":\"https:\\\/\\\/neoqi.com\\\/how-it-works\\\/treatment-programs\\\/hydrotherapy-session\\\/#breadcrumb\"},\"inLanguage\":\"et\",\"potentialAction\":[{\"@type\":\"ReadAction\",\"target\":[\"https:\\\/\\\/neoqi.com\\\/how-it-works\\\/treatment-programs\\\/hydrotherapy-session\\\/\"]}]},{\"@type\":\"BreadcrumbList\",\"@id\":\"https:\\\/\\\/neoqi.com\\\/how-it-works\\\/treatment-programs\\\/hydrotherapy-session\\\/#breadcrumb\",\"itemListElement\":[{\"@type\":\"ListItem\",\"position\":1,\"name\":\"Home\",\"item\":\"https:\\\/\\\/neoqi.com\\\/\"},{\"@type\":\"ListItem\",\"position\":2,\"name\":\"How it Works\",\"item\":\"https:\\\/\\\/neoqi.com\\\/ru\\\/how-it-works\\\/\"},{\"@type\":\"ListItem\",\"position\":3,\"name\":\"Treatment Programs\",\"item\":\"https:\\\/\\\/neoqi.com\\\/how-it-works\\\/treatment-programs\\\/\"},{\"@type\":\"ListItem\",\"position\":4,\"name\":\"Hydrotherapy Session\"}]},{\"@type\":\"WebSite\",\"@id\":\"https:\\\/\\\/neoqi.com\\\/#website\",\"url\":\"https:\\\/\\\/neoqi.com\\\/\",\"name\":\"NEOQI\",\"description\":\"Experience Ultimate Wellness and Relaxation with NeoQi Spa Capsule: Your Path to Rejuvenation\",\"publisher\":{\"@id\":\"https:\\\/\\\/neoqi.com\\\/#organization\"},\"potentialAction\":[{\"@type\":\"SearchAction\",\"target\":{\"@type\":\"EntryPoint\",\"urlTemplate\":\"https:\\\/\\\/neoqi.com\\\/?s={search_term_string}\"},\"query-input\":{\"@type\":\"PropertyValueSpecification\",\"valueRequired\":true,\"valueName\":\"search_term_string\"}}],\"inLanguage\":\"et\"},{\"@type\":\"Organization\",\"@id\":\"https:\\\/\\\/neoqi.com\\\/#organization\",\"name\":\"NEOQI\",\"url\":\"https:\\\/\\\/neoqi.com\\\/\",\"logo\":{\"@type\":\"ImageObject\",\"inLanguage\":\"et\",\"@id\":\"https:\\\/\\\/neoqi.com\\\/#\\\/schema\\\/logo\\\/image\\\/\",\"url\":\"https:\\\/\\\/neoqi.com\\\/wp-content\\\/uploads\\\/2024\\\/09\\\/logoneosvg.svg\",\"contentUrl\":\"https:\\\/\\\/neoqi.com\\\/wp-content\\\/uploads\\\/2024\\\/09\\\/logoneosvg.svg\",\"width\":1,\"height\":1,\"caption\":\"NEOQI\"},\"image\":{\"@id\":\"https:\\\/\\\/neoqi.com\\\/#\\\/schema\\\/logo\\\/image\\\/\"},\"sameAs\":[\"https:\\\/\\\/www.facebook.com\\\/neoqi\\\/\",\"https:\\\/\\\/www.instagram.com\\\/neoqi_com\\\/\"]}]}<\/script>\n<!-- \/ Yoast SEO plugin. -->","yoast_head_json":{"title":"Hydrotherapy Session - NEOQI","robots":{"index":"index","follow":"follow","max-snippet":"max-snippet:-1","max-image-preview":"max-image-preview:large","max-video-preview":"max-video-preview:-1"},"canonical":"https:\/\/neoqi.com\/et\/how-it-works\/treatment-programs\/hydrotherapy-session\/","og_locale":"et_EE","og_type":"article","og_title":"Hydrotherapy Session - NEOQI","og_description":"Hydrotherapy session \u2013 25 min* *does not include the time spent on preparing the cocoon for the treatment and cleaning after the treatment. Benefits: Improves skin condition, body is completely relaxed, recovery of sleep disorders and jet lag, calms and soothes restlessness and anxiety, reduced muscle tensions, beneficial effect on damaged tissues, boosts immune system. [&hellip;]","og_url":"https:\/\/neoqi.com\/et\/how-it-works\/treatment-programs\/hydrotherapy-session\/","og_site_name":"NEOQI","article_publisher":"https:\/\/www.facebook.com\/neoqi\/","twitter_card":"summary_large_image","twitter_misc":{"Est. reading time":"1 minut"},"schema":{"@context":"https:\/\/schema.org","@graph":[{"@type":"WebPage","@id":"https:\/\/neoqi.com\/how-it-works\/treatment-programs\/hydrotherapy-session\/","url":"https:\/\/neoqi.com\/how-it-works\/treatment-programs\/hydrotherapy-session\/","name":"Hydrotherapy Session - NEOQI","isPartOf":{"@id":"https:\/\/neoqi.com\/#website"},"datePublished":"2024-09-06T17:57:04+00:00","breadcrumb":{"@id":"https:\/\/neoqi.com\/how-it-works\/treatment-programs\/hydrotherapy-session\/#breadcrumb"},"inLanguage":"et","potentialAction":[{"@type":"ReadAction","target":["https:\/\/neoqi.com\/how-it-works\/treatment-programs\/hydrotherapy-session\/"]}]},{"@type":"BreadcrumbList","@id":"https:\/\/neoqi.com\/how-it-works\/treatment-programs\/hydrotherapy-session\/#breadcrumb","itemListElement":[{"@type":"ListItem","position":1,"name":"Home","item":"https:\/\/neoqi.com\/"},{"@type":"ListItem","position":2,"name":"How it Works","item":"https:\/\/neoqi.com\/ru\/how-it-works\/"},{"@type":"ListItem","position":3,"name":"Treatment Programs","item":"https:\/\/neoqi.com\/how-it-works\/treatment-programs\/"},{"@type":"ListItem","position":4,"name":"Hydrotherapy Session"}]},{"@type":"WebSite","@id":"https:\/\/neoqi.com\/#website","url":"https:\/\/neoqi.com\/","name":"NEOQI","description":"Kogege \u00fclimat heaolu ja l\u00f5\u00f5gastust NeoQi Spa kapsliga: Teie tee noorendamiseni","publisher":{"@id":"https:\/\/neoqi.com\/#organization"},"potentialAction":[{"@type":"SearchAction","target":{"@type":"EntryPoint","urlTemplate":"https:\/\/neoqi.com\/?s={search_term_string}"},"query-input":{"@type":"PropertyValueSpecification","valueRequired":true,"valueName":"search_term_string"}}],"inLanguage":"et"},{"@type":"Organization","@id":"https:\/\/neoqi.com\/#organization","name":"NEOQI","url":"https:\/\/neoqi.com\/","logo":{"@type":"ImageObject","inLanguage":"et","@id":"https:\/\/neoqi.com\/#\/schema\/logo\/image\/","url":"https:\/\/neoqi.com\/wp-content\/uploads\/2024\/09\/logoneosvg.svg","contentUrl":"https:\/\/neoqi.com\/wp-content\/uploads\/2024\/09\/logoneosvg.svg","width":1,"height":1,"caption":"NEOQI"},"image":{"@id":"https:\/\/neoqi.com\/#\/schema\/logo\/image\/"},"sameAs":["https:\/\/www.facebook.com\/neoqi\/","https:\/\/www.instagram.com\/neoqi_com\/"]}]}},"_links":{"self":[{"href":"https:\/\/neoqi.com\/et\/wp-json\/wp\/v2\/pages\/1989","targetHints":{"allow":["GET"]}}],"collection":[{"href":"https:\/\/neoqi.com\/et\/wp-json\/wp\/v2\/pages"}],"about":[{"href":"https:\/\/neoqi.com\/et\/wp-json\/wp\/v2\/types\/page"}],"author":[{"embeddable":true,"href":"https:\/\/neoqi.com\/et\/wp-json\/wp\/v2\/users\/3"}],"replies":[{"embeddable":true,"href":"https:\/\/neoqi.com\/et\/wp-json\/wp\/v2\/comments?post=1989"}],"version-history":[{"count":1,"href":"https:\/\/neoqi.com\/et\/wp-json\/wp\/v2\/pages\/1989\/revisions"}],"predecessor-version":[{"id":1990,"href":"https:\/\/neoqi.com\/et\/wp-json\/wp\/v2\/pages\/1989\/revisions\/1990"}],"up":[{"embeddable":true,"href":"https:\/\/neoqi.com\/et\/wp-json\/wp\/v2\/pages\/1957"}],"wp:attachment":[{"href":"https:\/\/neoqi.com\/et\/wp-json\/wp\/v2\/media?parent=1989"}],"curies":[{"name":"wp","href":"https:\/\/api.w.org\/{rel}","templated":true}]}}