{"id":1993,"date":"2024-09-06T20:59:06","date_gmt":"2024-09-06T17:59:06","guid":{"rendered":"http:\/\/neoqi.com\/?page_id=1993"},"modified":"2024-09-06T20:59:06","modified_gmt":"2024-09-06T17:59:06","slug":"body-wrap","status":"publish","type":"page","link":"https:\/\/neoqi.com\/et\/how-it-works\/treatment-programs\/body-wrap\/","title":{"rendered":"Body Wrap"},"content":{"rendered":"<p>Kehapakendused - 50-65 min*<\/p>\n<p>* ei sisalda aega, mis kulub kookoni ettevalmistamisele t\u00f6\u00f6tlemiseks ja puhastamisele p\u00e4rast t\u00f6\u00f6tlemist.  <\/p>\n<p>Kasu: l\u00f5dvestab, leevendab pingeid, intensiivne detoksikatsioon ja kogu keha remineraliseerimine, parandab naha seisundit, aktiveerib ainevahetust ja seedimist, vormib siluetti, taastab hormonaalse tasakaalu, pinguldab t\u00f5husalt keha, soodustab \u00fcldist heaolu, stimuleerib ja t\u00e4idab eluenergiaga.<\/p>\n<p>Ettevalmistus raviks:<\/p>\n<p>Soojendage kookon, l\u00fclitades 10 minutit enne hoolitsuse algust sisse auru ja infrapunasauna funktsiooni.<br \/>\nValmistage aroomidosaator ette, lisades vajalikul hulgal tilkasid eeterlikku \u00f5li.<br \/>\nL\u00fclitage sisse muusika ja LED-tuled, mis soodustavad l\u00f5\u00f5gastumist.<\/p>\n<p>Kromoteraapia v\u00e4rvid<\/p>\n<p>Stimuleeriv: Punane, oran\u017e, kollane, valge.<\/p>\n<p>L\u00f5\u00f5gastumine: roheline, sinine, lilla, valge.<\/p>\n<p>Vibratsioon<\/p>\n<p>Stimuleeriv: keskmise kiirusega.<\/p>\n<p>L\u00f5\u00f5gastav: aeglane laine.<\/p>\n<p>Vajalikud tooted: eeterlik aroomi\u00f5li, koorimine\/koorimine, kehapakend, viimistlustoode (kreem, kreem, piim, \u00f5li).<\/p>\n<p>Enne ravi:<\/p>\n<p>kontrollige kliendi vajadusi ja soove;<br \/>\nselgitada ravi kulgu;<br \/>\nteavitada klienti ravi vastun\u00e4idustustest (vt eraldi lehek\u00fclg).<\/p>\n<p>Ravi j\u00e4rjekord:<\/p>\n<p>PEELING - 10-15 minutit:<\/p>\n<p>Paluge kliendil lamada vibreerivale ravilauale ja koorida kogu keha p\u00f5hjalikult. Sulgege kapuuts ja l\u00fclitage sisse:<br \/>\n- aur + infared sauna (temperatuur on individuaalne);<\/p>\n<p>- vibratsioon (valitud on aeglane sujuv vibratsioonire\u017eiim);<\/p>\n<p>- kromoteraapia;<\/p>\n<p>- n\u00e4o ventilaator.<\/p>\n<p>Valmistage keham\u00e4his ette - soojendage see m\u00f5nusale temperatuurile.<\/p>\n<p>VICHY SHOWER - 3-5 minutit:<\/p>\n<p>L\u00fclitage v\u00e4lja infrapuna- ja aurusaun, vibreeriv massaa\u017eifunktsioon.<br \/>\nKasutage Vichy du\u0161\u0161i, et koorijat maha loputada;<br \/>\nAvage kapuuts ja kuivatage liigne vesi nahalt.<\/p>\n<p>KERGE V\u00c4LJAKE - 15-20 minutit:<\/p>\n<p>K\u00e4tega v\u00f5i pintsliga kanna kohe \u00fchtlane kiht maski kogu kehale, sulge kapuuts ja l\u00fclita sisse:<br \/>\n- aur + infared sauna (temperatuur on individuaalne);<\/p>\n<p>- vibratsioon (valitud on aeglane sujuv vibratsioonire\u017eiim);<\/p>\n<p>- kromoteraapia;<\/p>\n<p>- n\u00e4o ventilaator.<\/p>\n<p>VICHY SHOWER - 3-5 minutit:<\/p>\n<p>Aja l\u00f5puks l\u00fclitage infrapuna- ja aurusaunafunktsioon v\u00e4lja; loputage end Vichy du\u0161i v\u00f5i k\u00e4sidu\u0161iga (vajadusel kasutage ka k\u00e4sidu\u0161\u0161i maha pesemiseks);<br \/>\nAvage kapuuts ja kuivatage liigne vesi nahalt.<\/p>\n<p>Aidake kliendil p\u00fcsti t\u00f5usta, et kuivatada nahka, pakkuge talle hommikumantlit ja v\u00f5imalust puhata. Vahepeal valmistage laud ette massaa\u017ei rakendamiseks.<\/p>\n<p>MASSEERIMINE - 15-20 minutit:<\/p>\n<p>Paluge kliendil lamada pikali lauale. Kandke viimistlustoode kergete massaa\u017eiliigutustega, austades lihaskiude.<br \/>\nPange kliendile sussid jalga ja aidake tal p\u00fcsti t\u00f5usta.<\/p>\n<p>Hoolitsuse l\u00f5pus pakkuge kliendile v\u00f5imalust l\u00f5\u00f5gastuda.<\/p>\n<p>Soovitatav on teha 1-2 protseduuri n\u00e4dalas, 8-15 protseduuri.<\/p>\n<p>Iga kehahoolduse ajal on soovitatav teha ka n\u00e4ohooldus.<\/p>\n<p>Soovitame kombineerida NeoQi\u00ae hooldusi professionaalse merekosmeetikaga EST\u00ed.<\/p>","protected":false},"excerpt":{"rendered":"<p>Body Wrap \u2013 50-65 min* * does not include the time spent on preparing the cocoon for the treatment and cleaning after the treatment. Benefits: relaxation, relieves tensions, intense detox and remineralization of the whole body, improves skin condition, activates metabolism and digestion, shapes the silhouette, restores hormone balance, effectively firms the body, promotes overall [&hellip;]<\/p>\n","protected":false},"author":3,"featured_media":0,"parent":1957,"menu_order":0,"comment_status":"closed","ping_status":"closed","template":"","meta":{"_acf_changed":false,"site-sidebar-layout":"default","site-content-layout":"","ast-site-content-layout":"default","site-content-style":"default","site-sidebar-style":"default","ast-global-header-display":"","ast-banner-title-visibility":"","ast-main-header-display":"","ast-hfb-above-header-display":"","ast-hfb-below-header-display":"","ast-hfb-mobile-header-display":"","site-post-title":"","ast-breadcrumbs-content":"","ast-featured-img":"","footer-sml-layout":"","ast-disable-related-posts":"","theme-transparent-header-meta":"default","adv-header-id-meta":"","stick-header-meta":"","header-above-stick-meta":"","header-main-stick-meta":"","header-below-stick-meta":"","astra-migrate-meta-layouts":"set","ast-page-background-enabled":"default","ast-page-background-meta":{"desktop":{"background-color":"var(--ast-global-color-4)","background-image":"","background-repeat":"repeat","background-position":"center center","background-size":"auto","background-attachment":"scroll","background-type":"","background-media":"","overlay-type":"","overlay-color":"","overlay-opacity":"","overlay-gradient":""},"tablet":{"background-color":"","background-image":"","background-repeat":"repeat","background-position":"center center","background-size":"auto","background-attachment":"scroll","background-type":"","background-media":"","overlay-type":"","overlay-color":"","overlay-opacity":"","overlay-gradient":""},"mobile":{"background-color":"","background-image":"","background-repeat":"repeat","background-position":"center center","background-size":"auto","background-attachment":"scroll","background-type":"","background-media":"","overlay-type":"","overlay-color":"","overlay-opacity":"","overlay-gradient":""}},"ast-content-background-meta":{"desktop":{"background-color":"var(--ast-global-color-5)","background-image":"","background-repeat":"repeat","background-position":"center center","background-size":"auto","background-attachment":"scroll","background-type":"","background-media":"","overlay-type":"","overlay-color":"","overlay-opacity":"","overlay-gradient":""},"tablet":{"background-color":"var(--ast-global-color-5)","background-image":"","background-repeat":"repeat","background-position":"center center","background-size":"auto","background-attachment":"scroll","background-type":"","background-media":"","overlay-type":"","overlay-color":"","overlay-opacity":"","overlay-gradient":""},"mobile":{"background-color":"var(--ast-global-color-5)","background-image":"","background-repeat":"repeat","background-position":"center center","background-size":"auto","background-attachment":"scroll","background-type":"","background-media":"","overlay-type":"","overlay-color":"","overlay-opacity":"","overlay-gradient":""}},"footnotes":""},"class_list":["post-1993","page","type-page","status-publish","hentry"],"acf":[],"yoast_head":"<!-- This site is optimized with the Yoast SEO plugin v27.3 - https:\/\/yoast.com\/product\/yoast-seo-wordpress\/ -->\n<title>Body Wrap - NEOQI<\/title>\n<meta name=\"robots\" content=\"index, follow, max-snippet:-1, max-image-preview:large, max-video-preview:-1\" \/>\n<link rel=\"canonical\" href=\"https:\/\/neoqi.com\/et\/how-it-works\/treatment-programs\/body-wrap\/\" \/>\n<meta property=\"og:locale\" content=\"et_EE\" \/>\n<meta property=\"og:type\" content=\"article\" \/>\n<meta property=\"og:title\" content=\"Body Wrap - NEOQI\" \/>\n<meta property=\"og:description\" content=\"Body Wrap \u2013 50-65 min* * does not include the time spent on preparing the cocoon for the treatment and cleaning after the treatment. Benefits: relaxation, relieves tensions, intense detox and remineralization of the whole body, improves skin condition, activates metabolism and digestion, shapes the silhouette, restores hormone balance, effectively firms the body, promotes overall [&hellip;]\" \/>\n<meta property=\"og:url\" content=\"https:\/\/neoqi.com\/et\/how-it-works\/treatment-programs\/body-wrap\/\" \/>\n<meta property=\"og:site_name\" content=\"NEOQI\" \/>\n<meta property=\"article:publisher\" content=\"https:\/\/www.facebook.com\/neoqi\/\" \/>\n<meta name=\"twitter:card\" content=\"summary_large_image\" \/>\n<meta name=\"twitter:label1\" content=\"Est. reading time\" \/>\n\t<meta name=\"twitter:data1\" content=\"2 minutit\" \/>\n<script type=\"application\/ld+json\" class=\"yoast-schema-graph\">{\"@context\":\"https:\\\/\\\/schema.org\",\"@graph\":[{\"@type\":\"WebPage\",\"@id\":\"https:\\\/\\\/neoqi.com\\\/how-it-works\\\/treatment-programs\\\/body-wrap\\\/\",\"url\":\"https:\\\/\\\/neoqi.com\\\/how-it-works\\\/treatment-programs\\\/body-wrap\\\/\",\"name\":\"Body Wrap - NEOQI\",\"isPartOf\":{\"@id\":\"https:\\\/\\\/neoqi.com\\\/#website\"},\"datePublished\":\"2024-09-06T17:59:06+00:00\",\"breadcrumb\":{\"@id\":\"https:\\\/\\\/neoqi.com\\\/how-it-works\\\/treatment-programs\\\/body-wrap\\\/#breadcrumb\"},\"inLanguage\":\"et\",\"potentialAction\":[{\"@type\":\"ReadAction\",\"target\":[\"https:\\\/\\\/neoqi.com\\\/how-it-works\\\/treatment-programs\\\/body-wrap\\\/\"]}]},{\"@type\":\"BreadcrumbList\",\"@id\":\"https:\\\/\\\/neoqi.com\\\/how-it-works\\\/treatment-programs\\\/body-wrap\\\/#breadcrumb\",\"itemListElement\":[{\"@type\":\"ListItem\",\"position\":1,\"name\":\"Home\",\"item\":\"https:\\\/\\\/neoqi.com\\\/\"},{\"@type\":\"ListItem\",\"position\":2,\"name\":\"How it Works\",\"item\":\"https:\\\/\\\/neoqi.com\\\/ru\\\/how-it-works\\\/\"},{\"@type\":\"ListItem\",\"position\":3,\"name\":\"Treatment Programs\",\"item\":\"https:\\\/\\\/neoqi.com\\\/how-it-works\\\/treatment-programs\\\/\"},{\"@type\":\"ListItem\",\"position\":4,\"name\":\"Body Wrap\"}]},{\"@type\":\"WebSite\",\"@id\":\"https:\\\/\\\/neoqi.com\\\/#website\",\"url\":\"https:\\\/\\\/neoqi.com\\\/\",\"name\":\"NEOQI\",\"description\":\"Experience Ultimate Wellness and Relaxation with NeoQi Spa Capsule: Your Path to Rejuvenation\",\"publisher\":{\"@id\":\"https:\\\/\\\/neoqi.com\\\/#organization\"},\"potentialAction\":[{\"@type\":\"SearchAction\",\"target\":{\"@type\":\"EntryPoint\",\"urlTemplate\":\"https:\\\/\\\/neoqi.com\\\/?s={search_term_string}\"},\"query-input\":{\"@type\":\"PropertyValueSpecification\",\"valueRequired\":true,\"valueName\":\"search_term_string\"}}],\"inLanguage\":\"et\"},{\"@type\":\"Organization\",\"@id\":\"https:\\\/\\\/neoqi.com\\\/#organization\",\"name\":\"NEOQI\",\"url\":\"https:\\\/\\\/neoqi.com\\\/\",\"logo\":{\"@type\":\"ImageObject\",\"inLanguage\":\"et\",\"@id\":\"https:\\\/\\\/neoqi.com\\\/#\\\/schema\\\/logo\\\/image\\\/\",\"url\":\"https:\\\/\\\/neoqi.com\\\/wp-content\\\/uploads\\\/2024\\\/09\\\/logoneosvg.svg\",\"contentUrl\":\"https:\\\/\\\/neoqi.com\\\/wp-content\\\/uploads\\\/2024\\\/09\\\/logoneosvg.svg\",\"width\":1,\"height\":1,\"caption\":\"NEOQI\"},\"image\":{\"@id\":\"https:\\\/\\\/neoqi.com\\\/#\\\/schema\\\/logo\\\/image\\\/\"},\"sameAs\":[\"https:\\\/\\\/www.facebook.com\\\/neoqi\\\/\",\"https:\\\/\\\/www.instagram.com\\\/neoqi_com\\\/\"]}]}<\/script>\n<!-- \/ Yoast SEO plugin. -->","yoast_head_json":{"title":"Body Wrap - NEOQI","robots":{"index":"index","follow":"follow","max-snippet":"max-snippet:-1","max-image-preview":"max-image-preview:large","max-video-preview":"max-video-preview:-1"},"canonical":"https:\/\/neoqi.com\/et\/how-it-works\/treatment-programs\/body-wrap\/","og_locale":"et_EE","og_type":"article","og_title":"Body Wrap - NEOQI","og_description":"Body Wrap \u2013 50-65 min* * does not include the time spent on preparing the cocoon for the treatment and cleaning after the treatment. Benefits: relaxation, relieves tensions, intense detox and remineralization of the whole body, improves skin condition, activates metabolism and digestion, shapes the silhouette, restores hormone balance, effectively firms the body, promotes overall [&hellip;]","og_url":"https:\/\/neoqi.com\/et\/how-it-works\/treatment-programs\/body-wrap\/","og_site_name":"NEOQI","article_publisher":"https:\/\/www.facebook.com\/neoqi\/","twitter_card":"summary_large_image","twitter_misc":{"Est. reading time":"2 minutit"},"schema":{"@context":"https:\/\/schema.org","@graph":[{"@type":"WebPage","@id":"https:\/\/neoqi.com\/how-it-works\/treatment-programs\/body-wrap\/","url":"https:\/\/neoqi.com\/how-it-works\/treatment-programs\/body-wrap\/","name":"Body Wrap - NEOQI","isPartOf":{"@id":"https:\/\/neoqi.com\/#website"},"datePublished":"2024-09-06T17:59:06+00:00","breadcrumb":{"@id":"https:\/\/neoqi.com\/how-it-works\/treatment-programs\/body-wrap\/#breadcrumb"},"inLanguage":"et","potentialAction":[{"@type":"ReadAction","target":["https:\/\/neoqi.com\/how-it-works\/treatment-programs\/body-wrap\/"]}]},{"@type":"BreadcrumbList","@id":"https:\/\/neoqi.com\/how-it-works\/treatment-programs\/body-wrap\/#breadcrumb","itemListElement":[{"@type":"ListItem","position":1,"name":"Home","item":"https:\/\/neoqi.com\/"},{"@type":"ListItem","position":2,"name":"How it Works","item":"https:\/\/neoqi.com\/ru\/how-it-works\/"},{"@type":"ListItem","position":3,"name":"Treatment Programs","item":"https:\/\/neoqi.com\/how-it-works\/treatment-programs\/"},{"@type":"ListItem","position":4,"name":"Body Wrap"}]},{"@type":"WebSite","@id":"https:\/\/neoqi.com\/#website","url":"https:\/\/neoqi.com\/","name":"NEOQI","description":"Kogege \u00fclimat heaolu ja l\u00f5\u00f5gastust NeoQi Spa kapsliga: Teie tee noorendamiseni","publisher":{"@id":"https:\/\/neoqi.com\/#organization"},"potentialAction":[{"@type":"SearchAction","target":{"@type":"EntryPoint","urlTemplate":"https:\/\/neoqi.com\/?s={search_term_string}"},"query-input":{"@type":"PropertyValueSpecification","valueRequired":true,"valueName":"search_term_string"}}],"inLanguage":"et"},{"@type":"Organization","@id":"https:\/\/neoqi.com\/#organization","name":"NEOQI","url":"https:\/\/neoqi.com\/","logo":{"@type":"ImageObject","inLanguage":"et","@id":"https:\/\/neoqi.com\/#\/schema\/logo\/image\/","url":"https:\/\/neoqi.com\/wp-content\/uploads\/2024\/09\/logoneosvg.svg","contentUrl":"https:\/\/neoqi.com\/wp-content\/uploads\/2024\/09\/logoneosvg.svg","width":1,"height":1,"caption":"NEOQI"},"image":{"@id":"https:\/\/neoqi.com\/#\/schema\/logo\/image\/"},"sameAs":["https:\/\/www.facebook.com\/neoqi\/","https:\/\/www.instagram.com\/neoqi_com\/"]}]}},"_links":{"self":[{"href":"https:\/\/neoqi.com\/et\/wp-json\/wp\/v2\/pages\/1993","targetHints":{"allow":["GET"]}}],"collection":[{"href":"https:\/\/neoqi.com\/et\/wp-json\/wp\/v2\/pages"}],"about":[{"href":"https:\/\/neoqi.com\/et\/wp-json\/wp\/v2\/types\/page"}],"author":[{"embeddable":true,"href":"https:\/\/neoqi.com\/et\/wp-json\/wp\/v2\/users\/3"}],"replies":[{"embeddable":true,"href":"https:\/\/neoqi.com\/et\/wp-json\/wp\/v2\/comments?post=1993"}],"version-history":[{"count":1,"href":"https:\/\/neoqi.com\/et\/wp-json\/wp\/v2\/pages\/1993\/revisions"}],"predecessor-version":[{"id":1994,"href":"https:\/\/neoqi.com\/et\/wp-json\/wp\/v2\/pages\/1993\/revisions\/1994"}],"up":[{"embeddable":true,"href":"https:\/\/neoqi.com\/et\/wp-json\/wp\/v2\/pages\/1957"}],"wp:attachment":[{"href":"https:\/\/neoqi.com\/et\/wp-json\/wp\/v2\/media?parent=1993"}],"curies":[{"name":"wp","href":"https:\/\/api.w.org\/{rel}","templated":true}]}}