{"id":1997,"date":"2024-09-06T21:00:28","date_gmt":"2024-09-06T18:00:28","guid":{"rendered":"http:\/\/neoqi.com\/?page_id=1997"},"modified":"2024-09-06T21:00:28","modified_gmt":"2024-09-06T18:00:28","slug":"facials","status":"publish","type":"page","link":"https:\/\/neoqi.com\/et\/how-it-works\/treatment-programs\/facials\/","title":{"rendered":"N\u00e4ohooldus"},"content":{"rendered":"<p>Mini n\u00e4ohooldus - 12-20 min* kehahoolduse ajal NeoQi\u00ae energiakookonis<\/p>\n<p>* L\u00fchikesi n\u00e4ohooldusi saab teha ilma maski faasita.<\/p>\n<p>Kasu: n\u00e4ohooldus, mida tuleks kombineerida kehahooldusega, l\u00fchikese aja jooksul puhastab ja niisutab epidermist, toidab ja noorendab, loob t\u00f5stva efekti, toniseerib nahka, soodustab rakkude uuenemist, annab vananemisvastase efekti.<\/p>\n<p>Ettevalmistus raviks:<\/p>\n<p>valmistage kauss sooja v\u00f5i kuuma veega, lisage 1-2 tilka l\u00f5\u00f5gastavat eeterlikku \u00f5li;<br \/>\nleotada 2 v\u00e4ikest r\u00e4tikut kausis.<\/p>\n<p>Vajalikud tooted:<\/p>\n<p>Eeterlik aroomi\u00f5li.<br \/>\nMeigieemaldaja (piim, geel).<br \/>\nKoorimine\/koorimine.<br \/>\nTooniline kreem.<br \/>\nN\u00e4omask*.<br \/>\nL\u00f5plik toode (kreem, kreem, piim, \u00f5li).<\/p>\n<p>Enne ravi:<\/p>\n<p>kontrollige kliendi vajadusi ja soove;<br \/>\nselgitada ravi kulgu;<br \/>\nteavitada klienti ravi vastun\u00e4idustustest (vt eraldi lehek\u00fclg).<\/p>\n<p>Ravi j\u00e4rjekord:<\/p>\n<p>PUHASTUS - 2-3 minutit:<\/p>\n<p>Kandke puhastuspiima kergete ringjate liigutustega n\u00e4ole ja kaelale;<br \/>\nEemaldage sooja r\u00e4tikuga. Korrake 2 korda.<\/p>\n<p>PEELING 3-4 minutit:<\/p>\n<p>Kandke n\u00e4ole ja kaelale \u00f5huke kiht koorijat. Koorige \u00f5rnalt kergete ringjate massaa\u017eiliigutustega, v\u00e4ltides silmapiiri;<br \/>\nEemaldage sooja r\u00e4tikuga 2 korda. Patsutage liigne vesi n\u00e4olt kuivaks salvr\u00e4tikuga;<br \/>\nVala kreem vatile ja kanna see n\u00e4ole ja kaelale.<\/p>\n<p>MASK 10-12 minutit *:<\/p>\n<p>Kandke \u00f5huke kiht maski n\u00e4ole ja kaelale. Kandke toonikuga niisutatud vatipadjad silmadele. J\u00e4tke m\u00f5juma 10 minutiks;<br \/>\nS\u00f5ltuvalt n\u00e4omaskist tehke v\u00f5imaluse korral kerge n\u00e4omassaa\u017e;<br \/>\nEemaldage sooja r\u00e4tikuga 2 korda. Patsutage liigne vesi n\u00e4olt kuivaks salvr\u00e4tikuga;<br \/>\nVala kreem vatile ja kanna see n\u00e4ole ja kaelale.<\/p>\n<p>L\u00f5puks 1-2 minutit:<\/p>\n<p>Kandke n\u00e4ole ja kaelale kergeid massaa\u017eiliigutusi tehes niisutavat kreemi.<\/p>\n<p>Iga kehahoolduse ajal on soovitatav teha n\u00e4ohooldus.<\/p>\n<p>Soovitame kombineerida NeoQi\u00ae hooldusi professionaalse merekosmeetikaga EST\u00ed.<\/p>","protected":false},"excerpt":{"rendered":"<p>Mini Facial \u2013 12-20 min* during body care treatment in NeoQi\u00ae energy cocoon * Short facial treatments can be carried out without Mask phase. Benefits: face care that should be combined with body care treatments, in a short period of time cleanses and hydrates epidermis, nourishes and rejuvenates, creates effect of lifting, tones skin, promotes [&hellip;]<\/p>\n","protected":false},"author":3,"featured_media":0,"parent":1957,"menu_order":0,"comment_status":"closed","ping_status":"closed","template":"","meta":{"_acf_changed":false,"site-sidebar-layout":"default","site-content-layout":"","ast-site-content-layout":"default","site-content-style":"default","site-sidebar-style":"default","ast-global-header-display":"","ast-banner-title-visibility":"","ast-main-header-display":"","ast-hfb-above-header-display":"","ast-hfb-below-header-display":"","ast-hfb-mobile-header-display":"","site-post-title":"","ast-breadcrumbs-content":"","ast-featured-img":"","footer-sml-layout":"","ast-disable-related-posts":"","theme-transparent-header-meta":"default","adv-header-id-meta":"","stick-header-meta":"","header-above-stick-meta":"","header-main-stick-meta":"","header-below-stick-meta":"","astra-migrate-meta-layouts":"set","ast-page-background-enabled":"default","ast-page-background-meta":{"desktop":{"background-color":"var(--ast-global-color-4)","background-image":"","background-repeat":"repeat","background-position":"center center","background-size":"auto","background-attachment":"scroll","background-type":"","background-media":"","overlay-type":"","overlay-color":"","overlay-opacity":"","overlay-gradient":""},"tablet":{"background-color":"","background-image":"","background-repeat":"repeat","background-position":"center center","background-size":"auto","background-attachment":"scroll","background-type":"","background-media":"","overlay-type":"","overlay-color":"","overlay-opacity":"","overlay-gradient":""},"mobile":{"background-color":"","background-image":"","background-repeat":"repeat","background-position":"center center","background-size":"auto","background-attachment":"scroll","background-type":"","background-media":"","overlay-type":"","overlay-color":"","overlay-opacity":"","overlay-gradient":""}},"ast-content-background-meta":{"desktop":{"background-color":"var(--ast-global-color-5)","background-image":"","background-repeat":"repeat","background-position":"center center","background-size":"auto","background-attachment":"scroll","background-type":"","background-media":"","overlay-type":"","overlay-color":"","overlay-opacity":"","overlay-gradient":""},"tablet":{"background-color":"var(--ast-global-color-5)","background-image":"","background-repeat":"repeat","background-position":"center center","background-size":"auto","background-attachment":"scroll","background-type":"","background-media":"","overlay-type":"","overlay-color":"","overlay-opacity":"","overlay-gradient":""},"mobile":{"background-color":"var(--ast-global-color-5)","background-image":"","background-repeat":"repeat","background-position":"center center","background-size":"auto","background-attachment":"scroll","background-type":"","background-media":"","overlay-type":"","overlay-color":"","overlay-opacity":"","overlay-gradient":""}},"footnotes":""},"class_list":["post-1997","page","type-page","status-publish","hentry"],"acf":[],"yoast_head":"<!-- This site is optimized with the Yoast SEO plugin v27.4 - https:\/\/yoast.com\/product\/yoast-seo-wordpress\/ -->\n<title>Facials - NEOQI<\/title>\n<meta name=\"robots\" content=\"index, follow, max-snippet:-1, max-image-preview:large, max-video-preview:-1\" \/>\n<link rel=\"canonical\" href=\"https:\/\/neoqi.com\/et\/how-it-works\/treatment-programs\/facials\/\" \/>\n<meta property=\"og:locale\" content=\"et_EE\" \/>\n<meta property=\"og:type\" content=\"article\" \/>\n<meta property=\"og:title\" content=\"Facials - NEOQI\" \/>\n<meta property=\"og:description\" content=\"Mini Facial \u2013 12-20 min* during body care treatment in NeoQi\u00ae energy cocoon * Short facial treatments can be carried out without Mask phase. Benefits: face care that should be combined with body care treatments, in a short period of time cleanses and hydrates epidermis, nourishes and rejuvenates, creates effect of lifting, tones skin, promotes [&hellip;]\" \/>\n<meta property=\"og:url\" content=\"https:\/\/neoqi.com\/et\/how-it-works\/treatment-programs\/facials\/\" \/>\n<meta property=\"og:site_name\" content=\"NEOQI\" \/>\n<meta property=\"article:publisher\" content=\"https:\/\/www.facebook.com\/neoqi\/\" \/>\n<meta name=\"twitter:card\" content=\"summary_large_image\" \/>\n<meta name=\"twitter:label1\" content=\"Est. reading time\" \/>\n\t<meta name=\"twitter:data1\" content=\"2 minutit\" \/>\n<script type=\"application\/ld+json\" class=\"yoast-schema-graph\">{\"@context\":\"https:\\\/\\\/schema.org\",\"@graph\":[{\"@type\":\"WebPage\",\"@id\":\"https:\\\/\\\/neoqi.com\\\/how-it-works\\\/treatment-programs\\\/facials\\\/\",\"url\":\"https:\\\/\\\/neoqi.com\\\/how-it-works\\\/treatment-programs\\\/facials\\\/\",\"name\":\"Facials - NEOQI\",\"isPartOf\":{\"@id\":\"https:\\\/\\\/neoqi.com\\\/#website\"},\"datePublished\":\"2024-09-06T18:00:28+00:00\",\"breadcrumb\":{\"@id\":\"https:\\\/\\\/neoqi.com\\\/how-it-works\\\/treatment-programs\\\/facials\\\/#breadcrumb\"},\"inLanguage\":\"et\",\"potentialAction\":[{\"@type\":\"ReadAction\",\"target\":[\"https:\\\/\\\/neoqi.com\\\/how-it-works\\\/treatment-programs\\\/facials\\\/\"]}]},{\"@type\":\"BreadcrumbList\",\"@id\":\"https:\\\/\\\/neoqi.com\\\/how-it-works\\\/treatment-programs\\\/facials\\\/#breadcrumb\",\"itemListElement\":[{\"@type\":\"ListItem\",\"position\":1,\"name\":\"Home\",\"item\":\"https:\\\/\\\/neoqi.com\\\/\"},{\"@type\":\"ListItem\",\"position\":2,\"name\":\"How it Works\",\"item\":\"https:\\\/\\\/neoqi.com\\\/ru\\\/how-it-works\\\/\"},{\"@type\":\"ListItem\",\"position\":3,\"name\":\"Treatment Programs\",\"item\":\"https:\\\/\\\/neoqi.com\\\/how-it-works\\\/treatment-programs\\\/\"},{\"@type\":\"ListItem\",\"position\":4,\"name\":\"Facials\"}]},{\"@type\":\"WebSite\",\"@id\":\"https:\\\/\\\/neoqi.com\\\/#website\",\"url\":\"https:\\\/\\\/neoqi.com\\\/\",\"name\":\"NEOQI\",\"description\":\"Experience Ultimate Wellness and Relaxation with NeoQi Spa Capsule: Your Path to Rejuvenation\",\"publisher\":{\"@id\":\"https:\\\/\\\/neoqi.com\\\/#organization\"},\"potentialAction\":[{\"@type\":\"SearchAction\",\"target\":{\"@type\":\"EntryPoint\",\"urlTemplate\":\"https:\\\/\\\/neoqi.com\\\/?s={search_term_string}\"},\"query-input\":{\"@type\":\"PropertyValueSpecification\",\"valueRequired\":true,\"valueName\":\"search_term_string\"}}],\"inLanguage\":\"et\"},{\"@type\":\"Organization\",\"@id\":\"https:\\\/\\\/neoqi.com\\\/#organization\",\"name\":\"NEOQI\",\"url\":\"https:\\\/\\\/neoqi.com\\\/\",\"logo\":{\"@type\":\"ImageObject\",\"inLanguage\":\"et\",\"@id\":\"https:\\\/\\\/neoqi.com\\\/#\\\/schema\\\/logo\\\/image\\\/\",\"url\":\"https:\\\/\\\/neoqi.com\\\/wp-content\\\/uploads\\\/2024\\\/09\\\/logoneosvg.svg\",\"contentUrl\":\"https:\\\/\\\/neoqi.com\\\/wp-content\\\/uploads\\\/2024\\\/09\\\/logoneosvg.svg\",\"width\":1,\"height\":1,\"caption\":\"NEOQI\"},\"image\":{\"@id\":\"https:\\\/\\\/neoqi.com\\\/#\\\/schema\\\/logo\\\/image\\\/\"},\"sameAs\":[\"https:\\\/\\\/www.facebook.com\\\/neoqi\\\/\",\"https:\\\/\\\/www.instagram.com\\\/neoqi_com\\\/\"]}]}<\/script>\n<!-- \/ Yoast SEO plugin. -->","yoast_head_json":{"title":"Facials - NEOQI","robots":{"index":"index","follow":"follow","max-snippet":"max-snippet:-1","max-image-preview":"max-image-preview:large","max-video-preview":"max-video-preview:-1"},"canonical":"https:\/\/neoqi.com\/et\/how-it-works\/treatment-programs\/facials\/","og_locale":"et_EE","og_type":"article","og_title":"Facials - NEOQI","og_description":"Mini Facial \u2013 12-20 min* during body care treatment in NeoQi\u00ae energy cocoon * Short facial treatments can be carried out without Mask phase. Benefits: face care that should be combined with body care treatments, in a short period of time cleanses and hydrates epidermis, nourishes and rejuvenates, creates effect of lifting, tones skin, promotes [&hellip;]","og_url":"https:\/\/neoqi.com\/et\/how-it-works\/treatment-programs\/facials\/","og_site_name":"NEOQI","article_publisher":"https:\/\/www.facebook.com\/neoqi\/","twitter_card":"summary_large_image","twitter_misc":{"Est. reading time":"2 minutit"},"schema":{"@context":"https:\/\/schema.org","@graph":[{"@type":"WebPage","@id":"https:\/\/neoqi.com\/how-it-works\/treatment-programs\/facials\/","url":"https:\/\/neoqi.com\/how-it-works\/treatment-programs\/facials\/","name":"Facials - NEOQI","isPartOf":{"@id":"https:\/\/neoqi.com\/#website"},"datePublished":"2024-09-06T18:00:28+00:00","breadcrumb":{"@id":"https:\/\/neoqi.com\/how-it-works\/treatment-programs\/facials\/#breadcrumb"},"inLanguage":"et","potentialAction":[{"@type":"ReadAction","target":["https:\/\/neoqi.com\/how-it-works\/treatment-programs\/facials\/"]}]},{"@type":"BreadcrumbList","@id":"https:\/\/neoqi.com\/how-it-works\/treatment-programs\/facials\/#breadcrumb","itemListElement":[{"@type":"ListItem","position":1,"name":"Home","item":"https:\/\/neoqi.com\/"},{"@type":"ListItem","position":2,"name":"How it Works","item":"https:\/\/neoqi.com\/ru\/how-it-works\/"},{"@type":"ListItem","position":3,"name":"Treatment Programs","item":"https:\/\/neoqi.com\/how-it-works\/treatment-programs\/"},{"@type":"ListItem","position":4,"name":"Facials"}]},{"@type":"WebSite","@id":"https:\/\/neoqi.com\/#website","url":"https:\/\/neoqi.com\/","name":"NEOQI","description":"Kogege \u00fclimat heaolu ja l\u00f5\u00f5gastust NeoQi Spa kapsliga: Teie tee noorendamiseni","publisher":{"@id":"https:\/\/neoqi.com\/#organization"},"potentialAction":[{"@type":"SearchAction","target":{"@type":"EntryPoint","urlTemplate":"https:\/\/neoqi.com\/?s={search_term_string}"},"query-input":{"@type":"PropertyValueSpecification","valueRequired":true,"valueName":"search_term_string"}}],"inLanguage":"et"},{"@type":"Organization","@id":"https:\/\/neoqi.com\/#organization","name":"NEOQI","url":"https:\/\/neoqi.com\/","logo":{"@type":"ImageObject","inLanguage":"et","@id":"https:\/\/neoqi.com\/#\/schema\/logo\/image\/","url":"https:\/\/neoqi.com\/wp-content\/uploads\/2024\/09\/logoneosvg.svg","contentUrl":"https:\/\/neoqi.com\/wp-content\/uploads\/2024\/09\/logoneosvg.svg","width":1,"height":1,"caption":"NEOQI"},"image":{"@id":"https:\/\/neoqi.com\/#\/schema\/logo\/image\/"},"sameAs":["https:\/\/www.facebook.com\/neoqi\/","https:\/\/www.instagram.com\/neoqi_com\/"]}]}},"_links":{"self":[{"href":"https:\/\/neoqi.com\/et\/wp-json\/wp\/v2\/pages\/1997","targetHints":{"allow":["GET"]}}],"collection":[{"href":"https:\/\/neoqi.com\/et\/wp-json\/wp\/v2\/pages"}],"about":[{"href":"https:\/\/neoqi.com\/et\/wp-json\/wp\/v2\/types\/page"}],"author":[{"embeddable":true,"href":"https:\/\/neoqi.com\/et\/wp-json\/wp\/v2\/users\/3"}],"replies":[{"embeddable":true,"href":"https:\/\/neoqi.com\/et\/wp-json\/wp\/v2\/comments?post=1997"}],"version-history":[{"count":1,"href":"https:\/\/neoqi.com\/et\/wp-json\/wp\/v2\/pages\/1997\/revisions"}],"predecessor-version":[{"id":1998,"href":"https:\/\/neoqi.com\/et\/wp-json\/wp\/v2\/pages\/1997\/revisions\/1998"}],"up":[{"embeddable":true,"href":"https:\/\/neoqi.com\/et\/wp-json\/wp\/v2\/pages\/1957"}],"wp:attachment":[{"href":"https:\/\/neoqi.com\/et\/wp-json\/wp\/v2\/media?parent=1997"}],"curies":[{"name":"wp","href":"https:\/\/api.w.org\/{rel}","templated":true}]}}