{"id":2001,"date":"2024-09-06T21:17:08","date_gmt":"2024-09-06T18:17:08","guid":{"rendered":"http:\/\/neoqi.com\/?page_id=2001"},"modified":"2024-09-06T21:17:08","modified_gmt":"2024-09-06T18:17:08","slug":"neoqi-offers","status":"publish","type":"page","link":"https:\/\/neoqi.com\/et\/neoqi-offers\/","title":{"rendered":"Neoqi pakub"},"content":{"rendered":"<p>NeoQi pakub ideed kiirest investeeringu tasuvusest ja stabiilsest sissetulekust. Energiakookoni omamine esteetilises, fitness- ja meditsiinikeskuses v\u00f5imaldab teostada mitmesuguseid vajalikke raviprotseduure vaid \u00fche ruumi piires<\/p>\n<p>NeoQi SPA kapslid ja h\u00fcdroteraapia vannid vastavad k\u00f5igile standarditele ning on eriti kvaliteetsed ja usaldusv\u00e4\u00e4rsed. Seet\u00f5ttu on meie tooted v\u00e4ga hinnatud 56 riigis.<\/p>\n<p>Pakume mitmeid teenuseid, mis aitavad kaasa teie ettev\u00f5tte \u00f5itsengule:<\/p>\n<p>n\u00f5ustamine SPA-kabineti varustamise ja energiakokoni\/vanni seadistamise kohta<br \/>\nN\u00f5ustamine stabiilse ja eduka ettev\u00f5tte \u00fclesehitamisel<br \/>\nNeoQi seadmete kasutajakoolitus<br \/>\nK\u00f5ige t\u00f5husama ja tulemuslikuma ravi \u00f5petamine<br \/>\nMeie klientide t\u00e4ielik ja mitmek\u00fclgne turundustugi<br \/>\nSpetsiaalsete kosmeetikatoodete valik, mille kasutamine v\u00f5imaldab suurendada k\u00f5igi raviprotseduuride tootlikkust mitu korda.<br \/>\nTeenuse tugi<br \/>\nVastavalt kliendi soovile saame SPA-kapslit varustada t\u00e4iendavate funktsioonide ja omadustega, luues ainulaadse energiakookoni.<br \/>\nSamuti kutsume meiega koost\u00f6\u00f6d tegema turustajaid, kes tegelevad SPA-kapslite ja mullivannide edasim\u00fc\u00fcgiga oma piirkonnas. Korraldame oma edasim\u00fc\u00fcjatele spetsiaalseid koolitusi m\u00fc\u00fcgi ja seadmete kasutamise kohta, varustame neid vajalike info- ja reklaammaterjalidega, pakume paindlikku allahindluste s\u00fcsteemi ja vastastikku tulusaid koost\u00f6\u00f6tingimusi.<\/p>\n<p>Ettev\u00f5tte NeoQi t\u00f6\u00f6tajad r\u00f5hutavad alati individuaalset l\u00e4henemist iga kliendi vajadustele. L\u00e4bi tiheda koost\u00f6\u00f6 meie partneritega pakume teie ettev\u00f5tte jaoks optimaalseid ja l\u00e4bim\u00f5eldud otsuseid.<\/p>\n<p>Kujundage oma SPA-keskus NeoQi abil.<\/p>","protected":false},"excerpt":{"rendered":"<p>NeoQi offers the idea of a quick return on investment as well as a stable income business. Having an energy cocoon in an aesthetic, fitness and medical center allows to carry out a wide variety of necessary treatments within the space of just one room NeoQi SPA capsules and hydrotherapy baths meet all the standards [&hellip;]<\/p>\n","protected":false},"author":3,"featured_media":0,"parent":0,"menu_order":0,"comment_status":"closed","ping_status":"closed","template":"","meta":{"_acf_changed":false,"site-sidebar-layout":"default","site-content-layout":"","ast-site-content-layout":"default","site-content-style":"default","site-sidebar-style":"default","ast-global-header-display":"","ast-banner-title-visibility":"","ast-main-header-display":"","ast-hfb-above-header-display":"","ast-hfb-below-header-display":"","ast-hfb-mobile-header-display":"","site-post-title":"","ast-breadcrumbs-content":"","ast-featured-img":"","footer-sml-layout":"","ast-disable-related-posts":"","theme-transparent-header-meta":"default","adv-header-id-meta":"","stick-header-meta":"","header-above-stick-meta":"","header-main-stick-meta":"","header-below-stick-meta":"","astra-migrate-meta-layouts":"set","ast-page-background-enabled":"default","ast-page-background-meta":{"desktop":{"background-color":"var(--ast-global-color-4)","background-image":"","background-repeat":"repeat","background-position":"center center","background-size":"auto","background-attachment":"scroll","background-type":"","background-media":"","overlay-type":"","overlay-color":"","overlay-opacity":"","overlay-gradient":""},"tablet":{"background-color":"","background-image":"","background-repeat":"repeat","background-position":"center center","background-size":"auto","background-attachment":"scroll","background-type":"","background-media":"","overlay-type":"","overlay-color":"","overlay-opacity":"","overlay-gradient":""},"mobile":{"background-color":"","background-image":"","background-repeat":"repeat","background-position":"center center","background-size":"auto","background-attachment":"scroll","background-type":"","background-media":"","overlay-type":"","overlay-color":"","overlay-opacity":"","overlay-gradient":""}},"ast-content-background-meta":{"desktop":{"background-color":"var(--ast-global-color-5)","background-image":"","background-repeat":"repeat","background-position":"center center","background-size":"auto","background-attachment":"scroll","background-type":"","background-media":"","overlay-type":"","overlay-color":"","overlay-opacity":"","overlay-gradient":""},"tablet":{"background-color":"var(--ast-global-color-5)","background-image":"","background-repeat":"repeat","background-position":"center center","background-size":"auto","background-attachment":"scroll","background-type":"","background-media":"","overlay-type":"","overlay-color":"","overlay-opacity":"","overlay-gradient":""},"mobile":{"background-color":"var(--ast-global-color-5)","background-image":"","background-repeat":"repeat","background-position":"center center","background-size":"auto","background-attachment":"scroll","background-type":"","background-media":"","overlay-type":"","overlay-color":"","overlay-opacity":"","overlay-gradient":""}},"footnotes":""},"class_list":["post-2001","page","type-page","status-publish","hentry"],"acf":[],"yoast_head":"<!-- This site is optimized with the Yoast SEO plugin v27.4 - https:\/\/yoast.com\/product\/yoast-seo-wordpress\/ -->\n<title>Neoqi Offers - NEOQI<\/title>\n<meta name=\"robots\" content=\"index, follow, max-snippet:-1, max-image-preview:large, max-video-preview:-1\" \/>\n<link rel=\"canonical\" href=\"https:\/\/neoqi.com\/et\/neoqi-offers\/\" \/>\n<meta property=\"og:locale\" content=\"et_EE\" \/>\n<meta property=\"og:type\" content=\"article\" \/>\n<meta property=\"og:title\" content=\"Neoqi Offers - NEOQI\" \/>\n<meta property=\"og:description\" content=\"NeoQi offers the idea of a quick return on investment as well as a stable income business. Having an energy cocoon in an aesthetic, fitness and medical center allows to carry out a wide variety of necessary treatments within the space of just one room NeoQi SPA capsules and hydrotherapy baths meet all the standards [&hellip;]\" \/>\n<meta property=\"og:url\" content=\"https:\/\/neoqi.com\/et\/neoqi-offers\/\" \/>\n<meta property=\"og:site_name\" content=\"NEOQI\" \/>\n<meta property=\"article:publisher\" content=\"https:\/\/www.facebook.com\/neoqi\/\" \/>\n<meta name=\"twitter:card\" content=\"summary_large_image\" \/>\n<meta name=\"twitter:label1\" content=\"Est. reading time\" \/>\n\t<meta name=\"twitter:data1\" content=\"1 minut\" \/>\n<script type=\"application\/ld+json\" class=\"yoast-schema-graph\">{\"@context\":\"https:\\\/\\\/schema.org\",\"@graph\":[{\"@type\":\"WebPage\",\"@id\":\"https:\\\/\\\/neoqi.com\\\/neoqi-offers\\\/\",\"url\":\"https:\\\/\\\/neoqi.com\\\/neoqi-offers\\\/\",\"name\":\"Neoqi Offers - NEOQI\",\"isPartOf\":{\"@id\":\"https:\\\/\\\/neoqi.com\\\/#website\"},\"datePublished\":\"2024-09-06T18:17:08+00:00\",\"breadcrumb\":{\"@id\":\"https:\\\/\\\/neoqi.com\\\/neoqi-offers\\\/#breadcrumb\"},\"inLanguage\":\"et\",\"potentialAction\":[{\"@type\":\"ReadAction\",\"target\":[\"https:\\\/\\\/neoqi.com\\\/neoqi-offers\\\/\"]}]},{\"@type\":\"BreadcrumbList\",\"@id\":\"https:\\\/\\\/neoqi.com\\\/neoqi-offers\\\/#breadcrumb\",\"itemListElement\":[{\"@type\":\"ListItem\",\"position\":1,\"name\":\"Home\",\"item\":\"https:\\\/\\\/neoqi.com\\\/\"},{\"@type\":\"ListItem\",\"position\":2,\"name\":\"Neoqi Offers\"}]},{\"@type\":\"WebSite\",\"@id\":\"https:\\\/\\\/neoqi.com\\\/#website\",\"url\":\"https:\\\/\\\/neoqi.com\\\/\",\"name\":\"NEOQI\",\"description\":\"Experience Ultimate Wellness and Relaxation with NeoQi Spa Capsule: Your Path to Rejuvenation\",\"publisher\":{\"@id\":\"https:\\\/\\\/neoqi.com\\\/#organization\"},\"potentialAction\":[{\"@type\":\"SearchAction\",\"target\":{\"@type\":\"EntryPoint\",\"urlTemplate\":\"https:\\\/\\\/neoqi.com\\\/?s={search_term_string}\"},\"query-input\":{\"@type\":\"PropertyValueSpecification\",\"valueRequired\":true,\"valueName\":\"search_term_string\"}}],\"inLanguage\":\"et\"},{\"@type\":\"Organization\",\"@id\":\"https:\\\/\\\/neoqi.com\\\/#organization\",\"name\":\"NEOQI\",\"url\":\"https:\\\/\\\/neoqi.com\\\/\",\"logo\":{\"@type\":\"ImageObject\",\"inLanguage\":\"et\",\"@id\":\"https:\\\/\\\/neoqi.com\\\/#\\\/schema\\\/logo\\\/image\\\/\",\"url\":\"https:\\\/\\\/neoqi.com\\\/wp-content\\\/uploads\\\/2024\\\/09\\\/logoneosvg.svg\",\"contentUrl\":\"https:\\\/\\\/neoqi.com\\\/wp-content\\\/uploads\\\/2024\\\/09\\\/logoneosvg.svg\",\"width\":1,\"height\":1,\"caption\":\"NEOQI\"},\"image\":{\"@id\":\"https:\\\/\\\/neoqi.com\\\/#\\\/schema\\\/logo\\\/image\\\/\"},\"sameAs\":[\"https:\\\/\\\/www.facebook.com\\\/neoqi\\\/\",\"https:\\\/\\\/www.instagram.com\\\/neoqi_com\\\/\"]}]}<\/script>\n<!-- \/ Yoast SEO plugin. -->","yoast_head_json":{"title":"Neoqi Offers - NEOQI","robots":{"index":"index","follow":"follow","max-snippet":"max-snippet:-1","max-image-preview":"max-image-preview:large","max-video-preview":"max-video-preview:-1"},"canonical":"https:\/\/neoqi.com\/et\/neoqi-offers\/","og_locale":"et_EE","og_type":"article","og_title":"Neoqi Offers - NEOQI","og_description":"NeoQi offers the idea of a quick return on investment as well as a stable income business. Having an energy cocoon in an aesthetic, fitness and medical center allows to carry out a wide variety of necessary treatments within the space of just one room NeoQi SPA capsules and hydrotherapy baths meet all the standards [&hellip;]","og_url":"https:\/\/neoqi.com\/et\/neoqi-offers\/","og_site_name":"NEOQI","article_publisher":"https:\/\/www.facebook.com\/neoqi\/","twitter_card":"summary_large_image","twitter_misc":{"Est. reading time":"1 minut"},"schema":{"@context":"https:\/\/schema.org","@graph":[{"@type":"WebPage","@id":"https:\/\/neoqi.com\/neoqi-offers\/","url":"https:\/\/neoqi.com\/neoqi-offers\/","name":"Neoqi Offers - NEOQI","isPartOf":{"@id":"https:\/\/neoqi.com\/#website"},"datePublished":"2024-09-06T18:17:08+00:00","breadcrumb":{"@id":"https:\/\/neoqi.com\/neoqi-offers\/#breadcrumb"},"inLanguage":"et","potentialAction":[{"@type":"ReadAction","target":["https:\/\/neoqi.com\/neoqi-offers\/"]}]},{"@type":"BreadcrumbList","@id":"https:\/\/neoqi.com\/neoqi-offers\/#breadcrumb","itemListElement":[{"@type":"ListItem","position":1,"name":"Home","item":"https:\/\/neoqi.com\/"},{"@type":"ListItem","position":2,"name":"Neoqi Offers"}]},{"@type":"WebSite","@id":"https:\/\/neoqi.com\/#website","url":"https:\/\/neoqi.com\/","name":"NEOQI","description":"Kogege \u00fclimat heaolu ja l\u00f5\u00f5gastust NeoQi Spa kapsliga: Teie tee noorendamiseni","publisher":{"@id":"https:\/\/neoqi.com\/#organization"},"potentialAction":[{"@type":"SearchAction","target":{"@type":"EntryPoint","urlTemplate":"https:\/\/neoqi.com\/?s={search_term_string}"},"query-input":{"@type":"PropertyValueSpecification","valueRequired":true,"valueName":"search_term_string"}}],"inLanguage":"et"},{"@type":"Organization","@id":"https:\/\/neoqi.com\/#organization","name":"NEOQI","url":"https:\/\/neoqi.com\/","logo":{"@type":"ImageObject","inLanguage":"et","@id":"https:\/\/neoqi.com\/#\/schema\/logo\/image\/","url":"https:\/\/neoqi.com\/wp-content\/uploads\/2024\/09\/logoneosvg.svg","contentUrl":"https:\/\/neoqi.com\/wp-content\/uploads\/2024\/09\/logoneosvg.svg","width":1,"height":1,"caption":"NEOQI"},"image":{"@id":"https:\/\/neoqi.com\/#\/schema\/logo\/image\/"},"sameAs":["https:\/\/www.facebook.com\/neoqi\/","https:\/\/www.instagram.com\/neoqi_com\/"]}]}},"_links":{"self":[{"href":"https:\/\/neoqi.com\/et\/wp-json\/wp\/v2\/pages\/2001","targetHints":{"allow":["GET"]}}],"collection":[{"href":"https:\/\/neoqi.com\/et\/wp-json\/wp\/v2\/pages"}],"about":[{"href":"https:\/\/neoqi.com\/et\/wp-json\/wp\/v2\/types\/page"}],"author":[{"embeddable":true,"href":"https:\/\/neoqi.com\/et\/wp-json\/wp\/v2\/users\/3"}],"replies":[{"embeddable":true,"href":"https:\/\/neoqi.com\/et\/wp-json\/wp\/v2\/comments?post=2001"}],"version-history":[{"count":1,"href":"https:\/\/neoqi.com\/et\/wp-json\/wp\/v2\/pages\/2001\/revisions"}],"predecessor-version":[{"id":2002,"href":"https:\/\/neoqi.com\/et\/wp-json\/wp\/v2\/pages\/2001\/revisions\/2002"}],"wp:attachment":[{"href":"https:\/\/neoqi.com\/et\/wp-json\/wp\/v2\/media?parent=2001"}],"curies":[{"name":"wp","href":"https:\/\/api.w.org\/{rel}","templated":true}]}}