{"id":2007,"date":"2024-09-06T21:20:01","date_gmt":"2024-09-06T18:20:01","guid":{"rendered":"http:\/\/neoqi.com\/?page_id=2007"},"modified":"2024-09-06T21:20:01","modified_gmt":"2024-09-06T18:20:01","slug":"care-and-maintenance","status":"publish","type":"page","link":"https:\/\/neoqi.com\/et\/neoqi-offers\/care-and-maintenance\/","title":{"rendered":"Hooldus ja hooldus"},"content":{"rendered":"<p>Teatavate osade korrap\u00e4rane hooldus on seadme pika eluea ja t\u00f5rgeteta t\u00f6\u00f6 tagamiseks h\u00e4davajalik. Ohutu t\u00f6\u00f6 tagamise korraline hooldus h\u00f5lmab puhastamist, desinfitseerimist ja seadmete \u00fcldise seisundi visuaalset kontrollimist.<\/p>\n<p>Rutiinne hooldus seisneb vanni vees\u00fcsteemi ja kookoni aurugeneraatori puhastamises.<\/p>\n<p>&nbsp;<\/p>\n<p><strong>NB! Enne seadme kasutamist ja hooldusplaani koostamist tuleb hinnata vee \u00fcldist kvaliteeti ja karedust.<\/strong><\/p>\n<p>&nbsp;<\/p>\n<p>Halva kvaliteediga vee (k\u00f5rge lubjakivi, raua, abrasiivsete osakeste jne. sisaldus) korral on vaja paigaldada sobiv veefilter. Aurugeneraatori puhastamise sagedus s\u00f5ltub otseselt vee karedusest.<\/p>\n<p><strong>Garantii kaotab kehtivuse, kui hooldust\u00f6id tehakse mittes\u00fcstemaatiliselt ja ainult vajaduse korral.<\/strong><\/p>\n<p>P\u00fc\u00fcdke v\u00e4ltida akr\u00fc\u00fclpinna kriimustamist k\u00f5vade elementidega (liiv, ehted, aksessuaarid jne). \u00c4rge laske raskeid ja raskeid esemeid seadme pinnale.<\/p>\n<p>&nbsp;<\/p>\n<p><strong>Vees\u00fcsteemi puhastamine<\/strong><\/p>\n<p><strong>\u00a0<\/strong>Vanni vees\u00fcsteemi (d\u00fc\u00fcsid, pumbad ja torud) tuleb puhastada vastavalt vajadusele, kuid mitte harvemini kui iga 50 seansi j\u00e4rel.<\/p>\n<p>&nbsp;<\/p>\n<p><strong>Aurugeneraatori puhastamine<\/strong><\/p>\n<p>Aurugeneraatori puhastamise hooldusplaani koostamiseks tuleb hinnata vee \u00fcldist kvaliteeti ja karedust. Soovitame teha Vital Easytest.<\/p>\n<table width=\"582\">\n<tbody>\n<tr>\n<td width=\"125\"><strong>KOKKU K\u00d5RVUS<\/strong><\/td>\n<td width=\"79\"><strong>SAKSA<\/strong><\/td>\n<td width=\"171\"><strong>VEE OMADUSED<\/strong><\/td>\n<td width=\"206\"><strong>TEENINDUSGRAAFIK<\/strong><\/td>\n<\/tr>\n<tr>\n<td width=\"125\">&lt; 5.<\/td>\n<td width=\"79\">&lt;3\u02da dH<\/td>\n<td width=\"171\">V\u00e4ga pehme vesi<\/td>\n<td width=\"206\">Iga 500 t\u00f6\u00f6tunni j\u00e4rel<\/td>\n<\/tr>\n<tr>\n<td width=\"125\">&gt;7 TH<\/td>\n<td width=\"79\">&gt;4\u02da dH<\/td>\n<td width=\"171\">Pehme vesi<\/td>\n<td width=\"206\">P\u00e4rast iga 150 t\u00f6\u00f6tundi<\/td>\n<\/tr>\n<tr>\n<td width=\"125\">&gt;12.<\/td>\n<td width=\"79\">&gt;7\u02da dH<\/td>\n<td width=\"171\">Poolk\u00f5va vesi<\/td>\n<td width=\"206\">Iga 50 t\u00f6\u00f6tunni j\u00e4rel<\/td>\n<\/tr>\n<tr>\n<td width=\"125\">&gt;25TH<\/td>\n<td width=\"79\">&gt;14\u02da dH<\/td>\n<td width=\"171\">K\u00f5va vesi<\/td>\n<td width=\"206\">Aster iga 15 t\u00f6\u00f6tunni j\u00e4rel<\/td>\n<\/tr>\n<tr>\n<td width=\"125\">&gt;35TH<\/td>\n<td width=\"79\">&gt;21\u02da dH<\/td>\n<td width=\"171\">V\u00e4ga k\u00f5va vesi<\/td>\n<td width=\"206\">Paigaldage veefilter<\/td>\n<\/tr>\n<\/tbody>\n<\/table>\n<p>&nbsp;<\/p>","protected":false},"excerpt":{"rendered":"<p>Regular maintenance for certain parts is essential for long life and faultless functioning of the equipment. Routine maintenance ensuring safe operation includes cleaning, disinfection and visual control of general condition of the equipment. Routine maintenance consists of cleaning the water system of the bath and the steam generator of the cocoon. &nbsp; NB! Before using [&hellip;]<\/p>\n","protected":false},"author":3,"featured_media":0,"parent":2001,"menu_order":0,"comment_status":"closed","ping_status":"closed","template":"","meta":{"_acf_changed":false,"site-sidebar-layout":"default","site-content-layout":"","ast-site-content-layout":"default","site-content-style":"default","site-sidebar-style":"default","ast-global-header-display":"","ast-banner-title-visibility":"","ast-main-header-display":"","ast-hfb-above-header-display":"","ast-hfb-below-header-display":"","ast-hfb-mobile-header-display":"","site-post-title":"","ast-breadcrumbs-content":"","ast-featured-img":"","footer-sml-layout":"","ast-disable-related-posts":"","theme-transparent-header-meta":"default","adv-header-id-meta":"","stick-header-meta":"","header-above-stick-meta":"","header-main-stick-meta":"","header-below-stick-meta":"","astra-migrate-meta-layouts":"set","ast-page-background-enabled":"default","ast-page-background-meta":{"desktop":{"background-color":"var(--ast-global-color-4)","background-image":"","background-repeat":"repeat","background-position":"center center","background-size":"auto","background-attachment":"scroll","background-type":"","background-media":"","overlay-type":"","overlay-color":"","overlay-opacity":"","overlay-gradient":""},"tablet":{"background-color":"","background-image":"","background-repeat":"repeat","background-position":"center center","background-size":"auto","background-attachment":"scroll","background-type":"","background-media":"","overlay-type":"","overlay-color":"","overlay-opacity":"","overlay-gradient":""},"mobile":{"background-color":"","background-image":"","background-repeat":"repeat","background-position":"center center","background-size":"auto","background-attachment":"scroll","background-type":"","background-media":"","overlay-type":"","overlay-color":"","overlay-opacity":"","overlay-gradient":""}},"ast-content-background-meta":{"desktop":{"background-color":"var(--ast-global-color-5)","background-image":"","background-repeat":"repeat","background-position":"center center","background-size":"auto","background-attachment":"scroll","background-type":"","background-media":"","overlay-type":"","overlay-color":"","overlay-opacity":"","overlay-gradient":""},"tablet":{"background-color":"var(--ast-global-color-5)","background-image":"","background-repeat":"repeat","background-position":"center center","background-size":"auto","background-attachment":"scroll","background-type":"","background-media":"","overlay-type":"","overlay-color":"","overlay-opacity":"","overlay-gradient":""},"mobile":{"background-color":"var(--ast-global-color-5)","background-image":"","background-repeat":"repeat","background-position":"center center","background-size":"auto","background-attachment":"scroll","background-type":"","background-media":"","overlay-type":"","overlay-color":"","overlay-opacity":"","overlay-gradient":""}},"footnotes":""},"class_list":["post-2007","page","type-page","status-publish","hentry"],"acf":[],"yoast_head":"<!-- This site is optimized with the Yoast SEO plugin v27.6 - https:\/\/yoast.com\/product\/yoast-seo-wordpress\/ -->\n<title>Care and Maintenance - NEOQI<\/title>\n<meta name=\"robots\" content=\"index, follow, max-snippet:-1, max-image-preview:large, max-video-preview:-1\" \/>\n<link rel=\"canonical\" href=\"https:\/\/neoqi.com\/et\/neoqi-offers\/care-and-maintenance\/\" \/>\n<meta property=\"og:locale\" content=\"et_EE\" \/>\n<meta property=\"og:type\" content=\"article\" \/>\n<meta property=\"og:title\" content=\"Care and Maintenance - NEOQI\" \/>\n<meta property=\"og:description\" content=\"Regular maintenance for certain parts is essential for long life and faultless functioning of the equipment. Routine maintenance ensuring safe operation includes cleaning, disinfection and visual control of general condition of the equipment. Routine maintenance consists of cleaning the water system of the bath and the steam generator of the cocoon. &nbsp; NB! Before using [&hellip;]\" \/>\n<meta property=\"og:url\" content=\"https:\/\/neoqi.com\/et\/neoqi-offers\/care-and-maintenance\/\" \/>\n<meta property=\"og:site_name\" content=\"NEOQI\" \/>\n<meta property=\"article:publisher\" content=\"https:\/\/www.facebook.com\/neoqi\/\" \/>\n<meta name=\"twitter:card\" content=\"summary_large_image\" \/>\n<meta name=\"twitter:label1\" content=\"Est. reading time\" \/>\n\t<meta name=\"twitter:data1\" content=\"1 minut\" \/>\n<script type=\"application\/ld+json\" class=\"yoast-schema-graph\">{\"@context\":\"https:\\\/\\\/schema.org\",\"@graph\":[{\"@type\":\"WebPage\",\"@id\":\"https:\\\/\\\/neoqi.com\\\/de\\\/neoqi-offers\\\/care-and-maintenance\\\/\",\"url\":\"https:\\\/\\\/neoqi.com\\\/de\\\/neoqi-offers\\\/care-and-maintenance\\\/\",\"name\":\"Care and Maintenance - NEOQI\",\"isPartOf\":{\"@id\":\"https:\\\/\\\/neoqi.com\\\/#website\"},\"datePublished\":\"2024-09-06T18:20:01+00:00\",\"breadcrumb\":{\"@id\":\"https:\\\/\\\/neoqi.com\\\/de\\\/neoqi-offers\\\/care-and-maintenance\\\/#breadcrumb\"},\"inLanguage\":\"et\",\"potentialAction\":[{\"@type\":\"ReadAction\",\"target\":[\"https:\\\/\\\/neoqi.com\\\/de\\\/neoqi-offers\\\/care-and-maintenance\\\/\"]}]},{\"@type\":\"BreadcrumbList\",\"@id\":\"https:\\\/\\\/neoqi.com\\\/de\\\/neoqi-offers\\\/care-and-maintenance\\\/#breadcrumb\",\"itemListElement\":[{\"@type\":\"ListItem\",\"position\":1,\"name\":\"Home\",\"item\":\"https:\\\/\\\/neoqi.com\\\/\"},{\"@type\":\"ListItem\",\"position\":2,\"name\":\"Neoqi Offers\",\"item\":\"https:\\\/\\\/neoqi.com\\\/neoqi-offers\\\/\"},{\"@type\":\"ListItem\",\"position\":3,\"name\":\"Care and Maintenance\"}]},{\"@type\":\"WebSite\",\"@id\":\"https:\\\/\\\/neoqi.com\\\/#website\",\"url\":\"https:\\\/\\\/neoqi.com\\\/\",\"name\":\"NEOQI\",\"description\":\"Experience Ultimate Wellness and Relaxation with NeoQi Spa Capsule: Your Path to Rejuvenation\",\"publisher\":{\"@id\":\"https:\\\/\\\/neoqi.com\\\/#organization\"},\"potentialAction\":[{\"@type\":\"SearchAction\",\"target\":{\"@type\":\"EntryPoint\",\"urlTemplate\":\"https:\\\/\\\/neoqi.com\\\/?s={search_term_string}\"},\"query-input\":{\"@type\":\"PropertyValueSpecification\",\"valueRequired\":true,\"valueName\":\"search_term_string\"}}],\"inLanguage\":\"et\"},{\"@type\":\"Organization\",\"@id\":\"https:\\\/\\\/neoqi.com\\\/#organization\",\"name\":\"NEOQI\",\"url\":\"https:\\\/\\\/neoqi.com\\\/\",\"logo\":{\"@type\":\"ImageObject\",\"inLanguage\":\"et\",\"@id\":\"https:\\\/\\\/neoqi.com\\\/#\\\/schema\\\/logo\\\/image\\\/\",\"url\":\"https:\\\/\\\/neoqi.com\\\/wp-content\\\/uploads\\\/2024\\\/09\\\/logoneosvg.svg\",\"contentUrl\":\"https:\\\/\\\/neoqi.com\\\/wp-content\\\/uploads\\\/2024\\\/09\\\/logoneosvg.svg\",\"width\":1,\"height\":1,\"caption\":\"NEOQI\"},\"image\":{\"@id\":\"https:\\\/\\\/neoqi.com\\\/#\\\/schema\\\/logo\\\/image\\\/\"},\"sameAs\":[\"https:\\\/\\\/www.facebook.com\\\/neoqi\\\/\",\"https:\\\/\\\/www.instagram.com\\\/neoqi_com\\\/\"]}]}<\/script>\n<!-- \/ Yoast SEO plugin. -->","yoast_head_json":{"title":"Care and Maintenance - NEOQI","robots":{"index":"index","follow":"follow","max-snippet":"max-snippet:-1","max-image-preview":"max-image-preview:large","max-video-preview":"max-video-preview:-1"},"canonical":"https:\/\/neoqi.com\/et\/neoqi-offers\/care-and-maintenance\/","og_locale":"et_EE","og_type":"article","og_title":"Care and Maintenance - NEOQI","og_description":"Regular maintenance for certain parts is essential for long life and faultless functioning of the equipment. Routine maintenance ensuring safe operation includes cleaning, disinfection and visual control of general condition of the equipment. Routine maintenance consists of cleaning the water system of the bath and the steam generator of the cocoon. &nbsp; NB! Before using [&hellip;]","og_url":"https:\/\/neoqi.com\/et\/neoqi-offers\/care-and-maintenance\/","og_site_name":"NEOQI","article_publisher":"https:\/\/www.facebook.com\/neoqi\/","twitter_card":"summary_large_image","twitter_misc":{"Est. reading time":"1 minut"},"schema":{"@context":"https:\/\/schema.org","@graph":[{"@type":"WebPage","@id":"https:\/\/neoqi.com\/de\/neoqi-offers\/care-and-maintenance\/","url":"https:\/\/neoqi.com\/de\/neoqi-offers\/care-and-maintenance\/","name":"Care and Maintenance - NEOQI","isPartOf":{"@id":"https:\/\/neoqi.com\/#website"},"datePublished":"2024-09-06T18:20:01+00:00","breadcrumb":{"@id":"https:\/\/neoqi.com\/de\/neoqi-offers\/care-and-maintenance\/#breadcrumb"},"inLanguage":"et","potentialAction":[{"@type":"ReadAction","target":["https:\/\/neoqi.com\/de\/neoqi-offers\/care-and-maintenance\/"]}]},{"@type":"BreadcrumbList","@id":"https:\/\/neoqi.com\/de\/neoqi-offers\/care-and-maintenance\/#breadcrumb","itemListElement":[{"@type":"ListItem","position":1,"name":"Home","item":"https:\/\/neoqi.com\/"},{"@type":"ListItem","position":2,"name":"Neoqi Offers","item":"https:\/\/neoqi.com\/neoqi-offers\/"},{"@type":"ListItem","position":3,"name":"Care and Maintenance"}]},{"@type":"WebSite","@id":"https:\/\/neoqi.com\/#website","url":"https:\/\/neoqi.com\/","name":"NEOQI","description":"Kogege \u00fclimat heaolu ja l\u00f5\u00f5gastust NeoQi Spa kapsliga: Teie tee noorendamiseni","publisher":{"@id":"https:\/\/neoqi.com\/#organization"},"potentialAction":[{"@type":"SearchAction","target":{"@type":"EntryPoint","urlTemplate":"https:\/\/neoqi.com\/?s={search_term_string}"},"query-input":{"@type":"PropertyValueSpecification","valueRequired":true,"valueName":"search_term_string"}}],"inLanguage":"et"},{"@type":"Organization","@id":"https:\/\/neoqi.com\/#organization","name":"NEOQI","url":"https:\/\/neoqi.com\/","logo":{"@type":"ImageObject","inLanguage":"et","@id":"https:\/\/neoqi.com\/#\/schema\/logo\/image\/","url":"https:\/\/neoqi.com\/wp-content\/uploads\/2024\/09\/logoneosvg.svg","contentUrl":"https:\/\/neoqi.com\/wp-content\/uploads\/2024\/09\/logoneosvg.svg","width":1,"height":1,"caption":"NEOQI"},"image":{"@id":"https:\/\/neoqi.com\/#\/schema\/logo\/image\/"},"sameAs":["https:\/\/www.facebook.com\/neoqi\/","https:\/\/www.instagram.com\/neoqi_com\/"]}]}},"_links":{"self":[{"href":"https:\/\/neoqi.com\/et\/wp-json\/wp\/v2\/pages\/2007","targetHints":{"allow":["GET"]}}],"collection":[{"href":"https:\/\/neoqi.com\/et\/wp-json\/wp\/v2\/pages"}],"about":[{"href":"https:\/\/neoqi.com\/et\/wp-json\/wp\/v2\/types\/page"}],"author":[{"embeddable":true,"href":"https:\/\/neoqi.com\/et\/wp-json\/wp\/v2\/users\/3"}],"replies":[{"embeddable":true,"href":"https:\/\/neoqi.com\/et\/wp-json\/wp\/v2\/comments?post=2007"}],"version-history":[{"count":1,"href":"https:\/\/neoqi.com\/et\/wp-json\/wp\/v2\/pages\/2007\/revisions"}],"predecessor-version":[{"id":2008,"href":"https:\/\/neoqi.com\/et\/wp-json\/wp\/v2\/pages\/2007\/revisions\/2008"}],"up":[{"embeddable":true,"href":"https:\/\/neoqi.com\/et\/wp-json\/wp\/v2\/pages\/2001"}],"wp:attachment":[{"href":"https:\/\/neoqi.com\/et\/wp-json\/wp\/v2\/media?parent=2007"}],"curies":[{"name":"wp","href":"https:\/\/api.w.org\/{rel}","templated":true}]}}