{"id":2009,"date":"2024-09-06T21:20:39","date_gmt":"2024-09-06T18:20:39","guid":{"rendered":"http:\/\/neoqi.com\/?page_id=2009"},"modified":"2024-09-06T21:20:39","modified_gmt":"2024-09-06T18:20:39","slug":"user-safety","status":"publish","type":"page","link":"https:\/\/neoqi.com\/et\/neoqi-offers\/user-safety\/","title":{"rendered":"Kasutaja ohutus"},"content":{"rendered":"<p>K\u00f5ik NeoQi tooted vastavad Euroopa Liidu n\u00f5uetele.<\/p>\n<ol>\n<li><strong>KLASS<\/strong><\/li>\n<\/ol>\n<p>VARUSTUS, mille puhul kaitse elektril\u00f6\u00f6gi eest ei tugine ainult p\u00f5hilisele isolatsioonile, vaid mis sisaldab t\u00e4iendavat ohutusabin\u00f5u. VARUSTUS peab olema \u00fchendatud paigaldise p\u00fcsikaabli kaitsva maandusjuhiga selliselt, et ligip\u00e4\u00e4setavad metallosad ei saaks p\u00f5hisolatsiooni rikke korral pinge alla sattuda.<\/p>\n<ol start=\"2\">\n<li><strong>T\u00fc\u00fcp B<\/strong><\/li>\n<\/ol>\n<p>NeoQi\u00ae Harmony Mediq kuulub B-t\u00fc\u00fcpi seadmete gruppi, mis pakub kaitset elektril\u00f6\u00f6gi eest, mis t\u00e4hendab:<\/p>\n<p>lubatud lekkevool (10 mA);<\/p>\n<p>kaitsva maa\u00fchenduse usaldusv\u00e4\u00e4rsus.<\/p>\n<ol start=\"3\">\n<li><strong>IPX5<\/strong><\/li>\n<\/ol>\n<p>Vastavalt kaitseastmele kahjuliku vee sissep\u00e4\u00e4su vastu pakuvad seadmed kaitset VEEJUHTIDE vastu.<\/p>\n<p>M\u00e4rgistus asub seadme allosas asuval laagri alumiiniumraamil.<\/p>\n<ol start=\"4\">\n<li><strong>Vastavussertifikaat<\/strong><\/li>\n<\/ol>\n<p>CE-m\u00e4rgis n\u00e4itab seadme vastavust direktiividele 2006\/95\/E\u00dc ja 2004\/108\/E\u00dc.<\/p>","protected":false},"excerpt":{"rendered":"<p>All products of NeoQi comply with the requirements of the European Union. CLASS EQUIPMENT in which protection against electric shock does not rely on BASIC INSULATION only, but which includes an additional safety precaution. EQUIPMENT must be connected to the protective earth conductor in the fixed wiring of the installation in such a way that [&hellip;]<\/p>\n","protected":false},"author":3,"featured_media":0,"parent":2001,"menu_order":0,"comment_status":"closed","ping_status":"closed","template":"","meta":{"_acf_changed":false,"site-sidebar-layout":"default","site-content-layout":"","ast-site-content-layout":"default","site-content-style":"default","site-sidebar-style":"default","ast-global-header-display":"","ast-banner-title-visibility":"","ast-main-header-display":"","ast-hfb-above-header-display":"","ast-hfb-below-header-display":"","ast-hfb-mobile-header-display":"","site-post-title":"","ast-breadcrumbs-content":"","ast-featured-img":"","footer-sml-layout":"","ast-disable-related-posts":"","theme-transparent-header-meta":"default","adv-header-id-meta":"","stick-header-meta":"","header-above-stick-meta":"","header-main-stick-meta":"","header-below-stick-meta":"","astra-migrate-meta-layouts":"set","ast-page-background-enabled":"default","ast-page-background-meta":{"desktop":{"background-color":"var(--ast-global-color-4)","background-image":"","background-repeat":"repeat","background-position":"center center","background-size":"auto","background-attachment":"scroll","background-type":"","background-media":"","overlay-type":"","overlay-color":"","overlay-opacity":"","overlay-gradient":""},"tablet":{"background-color":"","background-image":"","background-repeat":"repeat","background-position":"center center","background-size":"auto","background-attachment":"scroll","background-type":"","background-media":"","overlay-type":"","overlay-color":"","overlay-opacity":"","overlay-gradient":""},"mobile":{"background-color":"","background-image":"","background-repeat":"repeat","background-position":"center center","background-size":"auto","background-attachment":"scroll","background-type":"","background-media":"","overlay-type":"","overlay-color":"","overlay-opacity":"","overlay-gradient":""}},"ast-content-background-meta":{"desktop":{"background-color":"var(--ast-global-color-5)","background-image":"","background-repeat":"repeat","background-position":"center center","background-size":"auto","background-attachment":"scroll","background-type":"","background-media":"","overlay-type":"","overlay-color":"","overlay-opacity":"","overlay-gradient":""},"tablet":{"background-color":"var(--ast-global-color-5)","background-image":"","background-repeat":"repeat","background-position":"center center","background-size":"auto","background-attachment":"scroll","background-type":"","background-media":"","overlay-type":"","overlay-color":"","overlay-opacity":"","overlay-gradient":""},"mobile":{"background-color":"var(--ast-global-color-5)","background-image":"","background-repeat":"repeat","background-position":"center center","background-size":"auto","background-attachment":"scroll","background-type":"","background-media":"","overlay-type":"","overlay-color":"","overlay-opacity":"","overlay-gradient":""}},"footnotes":""},"class_list":["post-2009","page","type-page","status-publish","hentry"],"acf":[],"yoast_head":"<!-- This site is optimized with the Yoast SEO plugin v27.5 - https:\/\/yoast.com\/product\/yoast-seo-wordpress\/ -->\n<title>User Safety - NEOQI<\/title>\n<meta name=\"robots\" content=\"index, follow, max-snippet:-1, max-image-preview:large, max-video-preview:-1\" \/>\n<link rel=\"canonical\" href=\"https:\/\/neoqi.com\/et\/neoqi-offers\/user-safety\/\" \/>\n<meta property=\"og:locale\" content=\"et_EE\" \/>\n<meta property=\"og:type\" content=\"article\" \/>\n<meta property=\"og:title\" content=\"User Safety - NEOQI\" \/>\n<meta property=\"og:description\" content=\"All products of NeoQi comply with the requirements of the European Union. CLASS EQUIPMENT in which protection against electric shock does not rely on BASIC INSULATION only, but which includes an additional safety precaution. EQUIPMENT must be connected to the protective earth conductor in the fixed wiring of the installation in such a way that [&hellip;]\" \/>\n<meta property=\"og:url\" content=\"https:\/\/neoqi.com\/et\/neoqi-offers\/user-safety\/\" \/>\n<meta property=\"og:site_name\" content=\"NEOQI\" \/>\n<meta property=\"article:publisher\" content=\"https:\/\/www.facebook.com\/neoqi\/\" \/>\n<meta name=\"twitter:card\" content=\"summary_large_image\" \/>\n<meta name=\"twitter:label1\" content=\"Est. reading time\" \/>\n\t<meta name=\"twitter:data1\" content=\"1 minut\" \/>\n<script type=\"application\/ld+json\" class=\"yoast-schema-graph\">{\"@context\":\"https:\\\/\\\/schema.org\",\"@graph\":[{\"@type\":\"WebPage\",\"@id\":\"https:\\\/\\\/neoqi.com\\\/neoqi-offers\\\/user-safety\\\/\",\"url\":\"https:\\\/\\\/neoqi.com\\\/neoqi-offers\\\/user-safety\\\/\",\"name\":\"User Safety - NEOQI\",\"isPartOf\":{\"@id\":\"https:\\\/\\\/neoqi.com\\\/#website\"},\"datePublished\":\"2024-09-06T18:20:39+00:00\",\"breadcrumb\":{\"@id\":\"https:\\\/\\\/neoqi.com\\\/neoqi-offers\\\/user-safety\\\/#breadcrumb\"},\"inLanguage\":\"et\",\"potentialAction\":[{\"@type\":\"ReadAction\",\"target\":[\"https:\\\/\\\/neoqi.com\\\/neoqi-offers\\\/user-safety\\\/\"]}]},{\"@type\":\"BreadcrumbList\",\"@id\":\"https:\\\/\\\/neoqi.com\\\/neoqi-offers\\\/user-safety\\\/#breadcrumb\",\"itemListElement\":[{\"@type\":\"ListItem\",\"position\":1,\"name\":\"Home\",\"item\":\"https:\\\/\\\/neoqi.com\\\/\"},{\"@type\":\"ListItem\",\"position\":2,\"name\":\"Neoqi Offers\",\"item\":\"https:\\\/\\\/neoqi.com\\\/neoqi-offers\\\/\"},{\"@type\":\"ListItem\",\"position\":3,\"name\":\"User Safety\"}]},{\"@type\":\"WebSite\",\"@id\":\"https:\\\/\\\/neoqi.com\\\/#website\",\"url\":\"https:\\\/\\\/neoqi.com\\\/\",\"name\":\"NEOQI\",\"description\":\"Experience Ultimate Wellness and Relaxation with NeoQi Spa Capsule: Your Path to Rejuvenation\",\"publisher\":{\"@id\":\"https:\\\/\\\/neoqi.com\\\/#organization\"},\"potentialAction\":[{\"@type\":\"SearchAction\",\"target\":{\"@type\":\"EntryPoint\",\"urlTemplate\":\"https:\\\/\\\/neoqi.com\\\/?s={search_term_string}\"},\"query-input\":{\"@type\":\"PropertyValueSpecification\",\"valueRequired\":true,\"valueName\":\"search_term_string\"}}],\"inLanguage\":\"et\"},{\"@type\":\"Organization\",\"@id\":\"https:\\\/\\\/neoqi.com\\\/#organization\",\"name\":\"NEOQI\",\"url\":\"https:\\\/\\\/neoqi.com\\\/\",\"logo\":{\"@type\":\"ImageObject\",\"inLanguage\":\"et\",\"@id\":\"https:\\\/\\\/neoqi.com\\\/#\\\/schema\\\/logo\\\/image\\\/\",\"url\":\"https:\\\/\\\/neoqi.com\\\/wp-content\\\/uploads\\\/2024\\\/09\\\/logoneosvg.svg\",\"contentUrl\":\"https:\\\/\\\/neoqi.com\\\/wp-content\\\/uploads\\\/2024\\\/09\\\/logoneosvg.svg\",\"width\":1,\"height\":1,\"caption\":\"NEOQI\"},\"image\":{\"@id\":\"https:\\\/\\\/neoqi.com\\\/#\\\/schema\\\/logo\\\/image\\\/\"},\"sameAs\":[\"https:\\\/\\\/www.facebook.com\\\/neoqi\\\/\",\"https:\\\/\\\/www.instagram.com\\\/neoqi_com\\\/\"]}]}<\/script>\n<!-- \/ Yoast SEO plugin. -->","yoast_head_json":{"title":"User Safety - NEOQI","robots":{"index":"index","follow":"follow","max-snippet":"max-snippet:-1","max-image-preview":"max-image-preview:large","max-video-preview":"max-video-preview:-1"},"canonical":"https:\/\/neoqi.com\/et\/neoqi-offers\/user-safety\/","og_locale":"et_EE","og_type":"article","og_title":"User Safety - NEOQI","og_description":"All products of NeoQi comply with the requirements of the European Union. CLASS EQUIPMENT in which protection against electric shock does not rely on BASIC INSULATION only, but which includes an additional safety precaution. EQUIPMENT must be connected to the protective earth conductor in the fixed wiring of the installation in such a way that [&hellip;]","og_url":"https:\/\/neoqi.com\/et\/neoqi-offers\/user-safety\/","og_site_name":"NEOQI","article_publisher":"https:\/\/www.facebook.com\/neoqi\/","twitter_card":"summary_large_image","twitter_misc":{"Est. reading time":"1 minut"},"schema":{"@context":"https:\/\/schema.org","@graph":[{"@type":"WebPage","@id":"https:\/\/neoqi.com\/neoqi-offers\/user-safety\/","url":"https:\/\/neoqi.com\/neoqi-offers\/user-safety\/","name":"User Safety - NEOQI","isPartOf":{"@id":"https:\/\/neoqi.com\/#website"},"datePublished":"2024-09-06T18:20:39+00:00","breadcrumb":{"@id":"https:\/\/neoqi.com\/neoqi-offers\/user-safety\/#breadcrumb"},"inLanguage":"et","potentialAction":[{"@type":"ReadAction","target":["https:\/\/neoqi.com\/neoqi-offers\/user-safety\/"]}]},{"@type":"BreadcrumbList","@id":"https:\/\/neoqi.com\/neoqi-offers\/user-safety\/#breadcrumb","itemListElement":[{"@type":"ListItem","position":1,"name":"Home","item":"https:\/\/neoqi.com\/"},{"@type":"ListItem","position":2,"name":"Neoqi Offers","item":"https:\/\/neoqi.com\/neoqi-offers\/"},{"@type":"ListItem","position":3,"name":"User Safety"}]},{"@type":"WebSite","@id":"https:\/\/neoqi.com\/#website","url":"https:\/\/neoqi.com\/","name":"NEOQI","description":"Kogege \u00fclimat heaolu ja l\u00f5\u00f5gastust NeoQi Spa kapsliga: Teie tee noorendamiseni","publisher":{"@id":"https:\/\/neoqi.com\/#organization"},"potentialAction":[{"@type":"SearchAction","target":{"@type":"EntryPoint","urlTemplate":"https:\/\/neoqi.com\/?s={search_term_string}"},"query-input":{"@type":"PropertyValueSpecification","valueRequired":true,"valueName":"search_term_string"}}],"inLanguage":"et"},{"@type":"Organization","@id":"https:\/\/neoqi.com\/#organization","name":"NEOQI","url":"https:\/\/neoqi.com\/","logo":{"@type":"ImageObject","inLanguage":"et","@id":"https:\/\/neoqi.com\/#\/schema\/logo\/image\/","url":"https:\/\/neoqi.com\/wp-content\/uploads\/2024\/09\/logoneosvg.svg","contentUrl":"https:\/\/neoqi.com\/wp-content\/uploads\/2024\/09\/logoneosvg.svg","width":1,"height":1,"caption":"NEOQI"},"image":{"@id":"https:\/\/neoqi.com\/#\/schema\/logo\/image\/"},"sameAs":["https:\/\/www.facebook.com\/neoqi\/","https:\/\/www.instagram.com\/neoqi_com\/"]}]}},"_links":{"self":[{"href":"https:\/\/neoqi.com\/et\/wp-json\/wp\/v2\/pages\/2009","targetHints":{"allow":["GET"]}}],"collection":[{"href":"https:\/\/neoqi.com\/et\/wp-json\/wp\/v2\/pages"}],"about":[{"href":"https:\/\/neoqi.com\/et\/wp-json\/wp\/v2\/types\/page"}],"author":[{"embeddable":true,"href":"https:\/\/neoqi.com\/et\/wp-json\/wp\/v2\/users\/3"}],"replies":[{"embeddable":true,"href":"https:\/\/neoqi.com\/et\/wp-json\/wp\/v2\/comments?post=2009"}],"version-history":[{"count":1,"href":"https:\/\/neoqi.com\/et\/wp-json\/wp\/v2\/pages\/2009\/revisions"}],"predecessor-version":[{"id":2010,"href":"https:\/\/neoqi.com\/et\/wp-json\/wp\/v2\/pages\/2009\/revisions\/2010"}],"up":[{"embeddable":true,"href":"https:\/\/neoqi.com\/et\/wp-json\/wp\/v2\/pages\/2001"}],"wp:attachment":[{"href":"https:\/\/neoqi.com\/et\/wp-json\/wp\/v2\/media?parent=2009"}],"curies":[{"name":"wp","href":"https:\/\/api.w.org\/{rel}","templated":true}]}}