{"id":2013,"date":"2024-09-06T21:23:24","date_gmt":"2024-09-06T18:23:24","guid":{"rendered":"http:\/\/neoqi.com\/?page_id=2013"},"modified":"2024-12-04T08:29:27","modified_gmt":"2024-12-04T05:29:27","slug":"history-and-values","status":"publish","type":"page","link":"https:\/\/neoqi.com\/et\/about-us\/history-and-values\/","title":{"rendered":"Ajalugu ja v\u00e4\u00e4rtused"},"content":{"rendered":"<p>NeoQi\u00ae AS on rahvusvaheline ettev\u00f5te, millel on suur kogemus innovatiivsete SPA-seadmete pakkumisel. 2001. aastal Eestis asutatud NeoQi\u00ae pakub erinevaid kontseptuaalseid lahendusi f\u00fcsioteraapia, esteetilise meditsiini, wellness- ja spaat\u00f6\u00f6stuse, riistvara kosmeetika ja disaini jaoks. NeoQi toodab ja arendab uuenduslikke kehahooldusseadmeid, mis v\u00f5imaldavad kasutajatel nautida erinevaid spaahoolitsusi, n\u00e4iteks auru- ja infrapunasauna, aroomiteraapiat, Vichy du\u0161\u0161i, massaa\u017ei ja h\u00fcdroteraapiat.<br \/>\nNeoQi\u00ae on innovatiivsete seadmete tootja, mis on m\u00f5eldud kaasaegsetele SPA-keskustele, hotellidele, ilusalongidele, meditsiiniasutustele ja taastusravikeskustele, aga ka koduseks kasutamiseks. NeoQi\u00ae energiakookonites loodud atmosf\u00e4\u00e4r aitab kaasa emotsionaalsele taastumisele, noorendamisele ja stressi leevendamisele. K\u00f5ik NeoQi\u00ae seadmed on iseseisvad ja multifunktsionaalsed SPA-kompleksid, mis v\u00f5imaldavad pakkuda klientidele maksimaalselt palju individuaalseid programme \u00fches ruumis.<\/p>\n<p>T\u00e4nu aastatepikkusele kogemusele ja kvalifitseeritud t\u00f6\u00f6tajatele oleme edukalt v\u00e4lja t\u00f6\u00f6tanud 16 ainulaadset f\u00fcsioteraapias\u00fcsteemi, mille hulgas on ka spaakapslid ja h\u00fcdroteraapia vannid. Klassikaliste SPA-rituaalide kombineerimine energiakookoni funktsionaalsusega v\u00f5imaldab teil teostada k\u00f5ige soovitud ja kasulikumaid kehahooldusprotseduure noorendamiseks, kosutamiseks, taastumiseks, salendamiseks, l\u00f5\u00f5gastumiseks.<\/p>\n<p>K\u00f5ik toodetud seadmed l\u00e4bivad range kvaliteedikontrolli ja p\u00f5hjalikud testid. SPA-kapslid ja mullivannid on valmistatud Euroopa tootjate vastupidavatest ja h\u00fcgieenilistest materjalidest.<\/p>\n<p>T\u00e4nu meie toodete kvaliteedile ja ohutusele, mille tootmisel kasutatakse k\u00f5ige arenenumaid tehnoloogilisi lahendusi, oleme suutnud v\u00f5ita ka k\u00f5ige n\u00f5udlikumate klientide usalduse. Ettev\u00f5tte tegevus ei piirdu ainult Eestiga. Meie tooteid kasutatakse laialdaselt paljude maailma riikide meditsiini-, spordi- ja esteetikakeskustes.<\/p>\n<p>&nbsp;<\/p>\n<div class=\"ast-oembed-container\"><iframe src=\"https:\/\/www.youtube.com\/embed\/BKOEAYIJF18?feature=oembed\" width=\"1200\" height=\"675\" frameborder=\"0\" allowfullscreen=\"allowfullscreen\" data-mce-fragment=\"1\"><\/iframe><\/div>","protected":false},"excerpt":{"rendered":"<p>NeoQi\u00ae AS is an international company with vast experience in offering innovative SPA equipment. Established in 2001 in Estonia, NeoQi\u00ae offers a variety of conceptual solutions for physical therapy, aesthetic medicine, wellness and spa industry, hardware cosmetology and design. NeoQi is producing and developing innovative body care equipment that allow users to enjoy various spa [&hellip;]<\/p>\n","protected":false},"author":1,"featured_media":0,"parent":2011,"menu_order":0,"comment_status":"closed","ping_status":"closed","template":"","meta":{"_acf_changed":false,"site-sidebar-layout":"default","site-content-layout":"","ast-site-content-layout":"default","site-content-style":"default","site-sidebar-style":"default","ast-global-header-display":"","ast-banner-title-visibility":"","ast-main-header-display":"","ast-hfb-above-header-display":"","ast-hfb-below-header-display":"","ast-hfb-mobile-header-display":"","site-post-title":"","ast-breadcrumbs-content":"","ast-featured-img":"","footer-sml-layout":"","ast-disable-related-posts":"","theme-transparent-header-meta":"default","adv-header-id-meta":"","stick-header-meta":"","header-above-stick-meta":"","header-main-stick-meta":"","header-below-stick-meta":"","astra-migrate-meta-layouts":"set","ast-page-background-enabled":"default","ast-page-background-meta":{"desktop":{"background-color":"var(--ast-global-color-4)","background-image":"","background-repeat":"repeat","background-position":"center center","background-size":"auto","background-attachment":"scroll","background-type":"","background-media":"","overlay-type":"","overlay-color":"","overlay-opacity":"","overlay-gradient":""},"tablet":{"background-color":"","background-image":"","background-repeat":"repeat","background-position":"center center","background-size":"auto","background-attachment":"scroll","background-type":"","background-media":"","overlay-type":"","overlay-color":"","overlay-opacity":"","overlay-gradient":""},"mobile":{"background-color":"","background-image":"","background-repeat":"repeat","background-position":"center center","background-size":"auto","background-attachment":"scroll","background-type":"","background-media":"","overlay-type":"","overlay-color":"","overlay-opacity":"","overlay-gradient":""}},"ast-content-background-meta":{"desktop":{"background-color":"var(--ast-global-color-5)","background-image":"","background-repeat":"repeat","background-position":"center center","background-size":"auto","background-attachment":"scroll","background-type":"","background-media":"","overlay-type":"","overlay-color":"","overlay-opacity":"","overlay-gradient":""},"tablet":{"background-color":"var(--ast-global-color-5)","background-image":"","background-repeat":"repeat","background-position":"center center","background-size":"auto","background-attachment":"scroll","background-type":"","background-media":"","overlay-type":"","overlay-color":"","overlay-opacity":"","overlay-gradient":""},"mobile":{"background-color":"var(--ast-global-color-5)","background-image":"","background-repeat":"repeat","background-position":"center center","background-size":"auto","background-attachment":"scroll","background-type":"","background-media":"","overlay-type":"","overlay-color":"","overlay-opacity":"","overlay-gradient":""}},"footnotes":""},"class_list":["post-2013","page","type-page","status-publish","hentry"],"acf":[],"yoast_head":"<!-- This site is optimized with the Yoast SEO plugin v27.5 - https:\/\/yoast.com\/product\/yoast-seo-wordpress\/ -->\n<title>History and Values - NEOQI<\/title>\n<meta name=\"robots\" content=\"index, follow, max-snippet:-1, max-image-preview:large, max-video-preview:-1\" \/>\n<link rel=\"canonical\" href=\"https:\/\/neoqi.com\/et\/about-us\/history-and-values\/\" \/>\n<meta property=\"og:locale\" content=\"et_EE\" \/>\n<meta property=\"og:type\" content=\"article\" \/>\n<meta property=\"og:title\" content=\"History and Values - NEOQI\" \/>\n<meta property=\"og:description\" content=\"NeoQi\u00ae AS is an international company with vast experience in offering innovative SPA equipment. Established in 2001 in Estonia, NeoQi\u00ae offers a variety of conceptual solutions for physical therapy, aesthetic medicine, wellness and spa industry, hardware cosmetology and design. NeoQi is producing and developing innovative body care equipment that allow users to enjoy various spa [&hellip;]\" \/>\n<meta property=\"og:url\" content=\"https:\/\/neoqi.com\/et\/about-us\/history-and-values\/\" \/>\n<meta property=\"og:site_name\" content=\"NEOQI\" \/>\n<meta property=\"article:publisher\" content=\"https:\/\/www.facebook.com\/neoqi\/\" \/>\n<meta property=\"article:modified_time\" content=\"2024-12-04T05:29:27+00:00\" \/>\n<meta name=\"twitter:card\" content=\"summary_large_image\" \/>\n<meta name=\"twitter:label1\" content=\"Est. reading time\" \/>\n\t<meta name=\"twitter:data1\" content=\"1 minut\" \/>\n<script type=\"application\/ld+json\" class=\"yoast-schema-graph\">{\"@context\":\"https:\\\/\\\/schema.org\",\"@graph\":[{\"@type\":\"WebPage\",\"@id\":\"https:\\\/\\\/neoqi.com\\\/about-us\\\/history-and-values\\\/\",\"url\":\"https:\\\/\\\/neoqi.com\\\/about-us\\\/history-and-values\\\/\",\"name\":\"History and Values - NEOQI\",\"isPartOf\":{\"@id\":\"https:\\\/\\\/neoqi.com\\\/#website\"},\"datePublished\":\"2024-09-06T18:23:24+00:00\",\"dateModified\":\"2024-12-04T05:29:27+00:00\",\"breadcrumb\":{\"@id\":\"https:\\\/\\\/neoqi.com\\\/about-us\\\/history-and-values\\\/#breadcrumb\"},\"inLanguage\":\"et\",\"potentialAction\":[{\"@type\":\"ReadAction\",\"target\":[\"https:\\\/\\\/neoqi.com\\\/about-us\\\/history-and-values\\\/\"]}]},{\"@type\":\"BreadcrumbList\",\"@id\":\"https:\\\/\\\/neoqi.com\\\/about-us\\\/history-and-values\\\/#breadcrumb\",\"itemListElement\":[{\"@type\":\"ListItem\",\"position\":1,\"name\":\"Home\",\"item\":\"https:\\\/\\\/neoqi.com\\\/\"},{\"@type\":\"ListItem\",\"position\":2,\"name\":\"About Us\",\"item\":\"https:\\\/\\\/neoqi.com\\\/about-us\\\/\"},{\"@type\":\"ListItem\",\"position\":3,\"name\":\"History and Values\"}]},{\"@type\":\"WebSite\",\"@id\":\"https:\\\/\\\/neoqi.com\\\/#website\",\"url\":\"https:\\\/\\\/neoqi.com\\\/\",\"name\":\"NEOQI\",\"description\":\"Experience Ultimate Wellness and Relaxation with NeoQi Spa Capsule: Your Path to Rejuvenation\",\"publisher\":{\"@id\":\"https:\\\/\\\/neoqi.com\\\/#organization\"},\"potentialAction\":[{\"@type\":\"SearchAction\",\"target\":{\"@type\":\"EntryPoint\",\"urlTemplate\":\"https:\\\/\\\/neoqi.com\\\/?s={search_term_string}\"},\"query-input\":{\"@type\":\"PropertyValueSpecification\",\"valueRequired\":true,\"valueName\":\"search_term_string\"}}],\"inLanguage\":\"et\"},{\"@type\":\"Organization\",\"@id\":\"https:\\\/\\\/neoqi.com\\\/#organization\",\"name\":\"NEOQI\",\"url\":\"https:\\\/\\\/neoqi.com\\\/\",\"logo\":{\"@type\":\"ImageObject\",\"inLanguage\":\"et\",\"@id\":\"https:\\\/\\\/neoqi.com\\\/#\\\/schema\\\/logo\\\/image\\\/\",\"url\":\"https:\\\/\\\/neoqi.com\\\/wp-content\\\/uploads\\\/2024\\\/09\\\/logoneosvg.svg\",\"contentUrl\":\"https:\\\/\\\/neoqi.com\\\/wp-content\\\/uploads\\\/2024\\\/09\\\/logoneosvg.svg\",\"width\":1,\"height\":1,\"caption\":\"NEOQI\"},\"image\":{\"@id\":\"https:\\\/\\\/neoqi.com\\\/#\\\/schema\\\/logo\\\/image\\\/\"},\"sameAs\":[\"https:\\\/\\\/www.facebook.com\\\/neoqi\\\/\",\"https:\\\/\\\/www.instagram.com\\\/neoqi_com\\\/\"]}]}<\/script>\n<!-- \/ Yoast SEO plugin. -->","yoast_head_json":{"title":"Ajalugu ja v\u00e4\u00e4rtused - NEOQI","robots":{"index":"index","follow":"follow","max-snippet":"max-snippet:-1","max-image-preview":"max-image-preview:large","max-video-preview":"max-video-preview:-1"},"canonical":"https:\/\/neoqi.com\/et\/about-us\/history-and-values\/","og_locale":"et_EE","og_type":"article","og_title":"History and Values - NEOQI","og_description":"NeoQi\u00ae AS is an international company with vast experience in offering innovative SPA equipment. Established in 2001 in Estonia, NeoQi\u00ae offers a variety of conceptual solutions for physical therapy, aesthetic medicine, wellness and spa industry, hardware cosmetology and design. NeoQi is producing and developing innovative body care equipment that allow users to enjoy various spa [&hellip;]","og_url":"https:\/\/neoqi.com\/et\/about-us\/history-and-values\/","og_site_name":"NEOQI","article_publisher":"https:\/\/www.facebook.com\/neoqi\/","article_modified_time":"2024-12-04T05:29:27+00:00","twitter_card":"summary_large_image","twitter_misc":{"Est. reading time":"1 minut"},"schema":{"@context":"https:\/\/schema.org","@graph":[{"@type":"WebPage","@id":"https:\/\/neoqi.com\/about-us\/history-and-values\/","url":"https:\/\/neoqi.com\/about-us\/history-and-values\/","name":"Ajalugu ja v\u00e4\u00e4rtused - NEOQI","isPartOf":{"@id":"https:\/\/neoqi.com\/#website"},"datePublished":"2024-09-06T18:23:24+00:00","dateModified":"2024-12-04T05:29:27+00:00","breadcrumb":{"@id":"https:\/\/neoqi.com\/about-us\/history-and-values\/#breadcrumb"},"inLanguage":"et","potentialAction":[{"@type":"ReadAction","target":["https:\/\/neoqi.com\/about-us\/history-and-values\/"]}]},{"@type":"BreadcrumbList","@id":"https:\/\/neoqi.com\/about-us\/history-and-values\/#breadcrumb","itemListElement":[{"@type":"ListItem","position":1,"name":"Home","item":"https:\/\/neoqi.com\/"},{"@type":"ListItem","position":2,"name":"About Us","item":"https:\/\/neoqi.com\/about-us\/"},{"@type":"ListItem","position":3,"name":"History and Values"}]},{"@type":"WebSite","@id":"https:\/\/neoqi.com\/#website","url":"https:\/\/neoqi.com\/","name":"NEOQI","description":"Kogege \u00fclimat heaolu ja l\u00f5\u00f5gastust NeoQi Spa kapsliga: Teie tee noorendamiseni","publisher":{"@id":"https:\/\/neoqi.com\/#organization"},"potentialAction":[{"@type":"SearchAction","target":{"@type":"EntryPoint","urlTemplate":"https:\/\/neoqi.com\/?s={search_term_string}"},"query-input":{"@type":"PropertyValueSpecification","valueRequired":true,"valueName":"search_term_string"}}],"inLanguage":"et"},{"@type":"Organization","@id":"https:\/\/neoqi.com\/#organization","name":"NEOQI","url":"https:\/\/neoqi.com\/","logo":{"@type":"ImageObject","inLanguage":"et","@id":"https:\/\/neoqi.com\/#\/schema\/logo\/image\/","url":"https:\/\/neoqi.com\/wp-content\/uploads\/2024\/09\/logoneosvg.svg","contentUrl":"https:\/\/neoqi.com\/wp-content\/uploads\/2024\/09\/logoneosvg.svg","width":1,"height":1,"caption":"NEOQI"},"image":{"@id":"https:\/\/neoqi.com\/#\/schema\/logo\/image\/"},"sameAs":["https:\/\/www.facebook.com\/neoqi\/","https:\/\/www.instagram.com\/neoqi_com\/"]}]}},"_links":{"self":[{"href":"https:\/\/neoqi.com\/et\/wp-json\/wp\/v2\/pages\/2013","targetHints":{"allow":["GET"]}}],"collection":[{"href":"https:\/\/neoqi.com\/et\/wp-json\/wp\/v2\/pages"}],"about":[{"href":"https:\/\/neoqi.com\/et\/wp-json\/wp\/v2\/types\/page"}],"author":[{"embeddable":true,"href":"https:\/\/neoqi.com\/et\/wp-json\/wp\/v2\/users\/1"}],"replies":[{"embeddable":true,"href":"https:\/\/neoqi.com\/et\/wp-json\/wp\/v2\/comments?post=2013"}],"version-history":[{"count":2,"href":"https:\/\/neoqi.com\/et\/wp-json\/wp\/v2\/pages\/2013\/revisions"}],"predecessor-version":[{"id":3127,"href":"https:\/\/neoqi.com\/et\/wp-json\/wp\/v2\/pages\/2013\/revisions\/3127"}],"up":[{"embeddable":true,"href":"https:\/\/neoqi.com\/et\/wp-json\/wp\/v2\/pages\/2011"}],"wp:attachment":[{"href":"https:\/\/neoqi.com\/et\/wp-json\/wp\/v2\/media?parent=2013"}],"curies":[{"name":"wp","href":"https:\/\/api.w.org\/{rel}","templated":true}]}}