{"id":2021,"date":"2024-09-06T21:26:15","date_gmt":"2024-09-06T18:26:15","guid":{"rendered":"http:\/\/neoqi.com\/?page_id=2021"},"modified":"2024-11-06T13:20:30","modified_gmt":"2024-11-06T10:20:30","slug":"faq","status":"publish","type":"page","link":"https:\/\/neoqi.com\/et\/contact-us\/faq\/","title":{"rendered":"KKK"},"content":{"rendered":"<p>Mis on energiakookon?<br \/>\nNeoQi\u00ae energiakookon on kompaktne spaakompleks, mis v\u00f5imaldab Teil nautida erinevaid termilisi ja h\u00fcdroterapeutilisi protseduure. T\u00e4nu oma mitmek\u00fclgsusele on energiakookon asendamatu vahend n\u00e4o- ja kehahoolduseks, ja seda k\u00f5ike \u00fche ruumi piires.<\/p>\n<p>Kellele on NeoQi\u00ae seadmed m\u00f5eldud?<br \/>\nNeoQi\u00ae toodab seadmeid kaasaegsete spaa- ja meditsiinikeskuste, hotellide, ilusalongide, sanatooriumide ja tervisekeskuste jaoks ning ka koduseks kasutamiseks. Pakume energiakookonid ja -vannid nii professionaalseks kui ka koduseks kasutamiseks.<\/p>\n<p>Kellele soovitatakse NeoQi\u00ae seadmete kasutamist?<br \/>\nNeoQi\u00ae-seadmete teraapilised protseduurid sobivad k\u00f5igile - igas vanuses meestele ja naistele ning igasuguse f\u00fc\u00fcsilise vormi korral.<\/p>\n<p>Millist m\u00f5ju avaldavad NeoQi\u00ae tooted kehale?<br \/>\nNeoQi\u00ae energiakookonitel ja -vannidel on inimkehale mitmeid positiivseid m\u00f5jusid, mis aitavad:<\/p>\n<p>Stressi leevendamine, emotsionaalse tasakaalu taastamine<br \/>\nleevendab lihas- ja n\u00e4rvipingeid, v\u00e4hendab valu<br \/>\nHaiguste ennetamine ja ravi<br \/>\nReguleerida ainevahetust ja kontrollida kaalu<br \/>\nParandada vere- ja l\u00fcmfiringlust, tugevdada immuuns\u00fcsteemi.<br \/>\nSaavutage hinge, keha ja meele \u00fchtsus.<\/p>\n<p>Ostmine<\/p>\n<p>Kuidas ma saan osta energiakookonid\/vannid?<br \/>\nNeoQi seadmed on esindatud paljudes riikides. V\u00f5ite t\u00e4ita meie kodulehel oleva p\u00e4ringuvormi. Me leiame teile k\u00f5ige l\u00e4hemal asuva edasim\u00fc\u00fcja ja palume tal teiega \u00fchendust v\u00f5tta. Kui me ei ole teie piirkonnas\/riigis esindatud, tegeleme teie taotlusega ise.<\/p>\n<p>Millised on seadmete paigaldusn\u00f5uded?<br \/>\nNeoQi\u00ae seadmete paigaldamine on v\u00e4ga lihtne. \u00dcldine tehniline teave on saadaval jaotises \"Kuidas see t\u00f6\u00f6tab\". \u00dcksikasjalikud paigaldamise eeltingimuste juhised on saadaval ka iga mudeli kohta, millest Te v\u00f5ite olla huvitatud.<\/p>\n<p>Kas ma v\u00f5in tellida paigalduse ettev\u00f5ttelt?<br \/>\n\u00dcksikasjalikuma teabe saamiseks p\u00f6\u00f6rduge palun oma l\u00e4hima m\u00fc\u00fcgiesindaja poole.<\/p>\n<p>Millised on NeoQi\u00ae seadmete garantiitingimused ja -aeg?<br \/>\nPakume k\u00f5igile NeoQi toodetele 1 aasta garantiid.<\/p>\n<p>Pretensioonid tuleks suunata seadme algsele m\u00fc\u00fcjale. Koos ostudokumentidega tuleb esitada seadme seerianumber.<\/p>\n<p>\u00dcksikasjalikumad garantiitingimused on esitatud kasutusjuhendites ja jaotises \"Kontaktid\".<\/p>\n<p>Kasutage<\/p>\n<p>Kuidas kasutada NeoQi\u00ae seadmeid?<br \/>\nPakume igale uuele seadmeomanikule v\u00f5imalust osaleda tasuta kasutajakoolitusel. Iga seade sisaldab \u00fcksikasjalikku kasutusjuhendit Teie konkreetse mudeli kohta.<\/p>\n<p>Mida koolitus h\u00f5lmab ja kellele see on m\u00f5eldud?<br \/>\nKoolitus on m\u00f5eldud k\u00f5igile uutele ja olemasolevatele NeoQi\u00ae seadmete kasutajatele. P\u00e4rast koolitust saate oma seadet v\u00e4ga lihtsalt kasutada, m\u00f5istes k\u00f5iki selle funktsioone, teades t\u00e4pselt, millal, kui kaua ja miks neid kasutada. Saate teada, millised ravimeetodid on NeoQi\u00ae toodete abil v\u00f5imalikud, kuidas ja millises j\u00e4rjekorras neid teostada ning kuidas neid omavahel kombineerida. Soovitame kasutada spetsiaalselt meie toodetega kasutamiseks v\u00e4lja t\u00f6\u00f6tatud taliteraapilist EST\u00ed kosmeetikat, et parandada l\u00e4biviidavate raviprotseduuride tulemusi.<\/p>\n<p>Milliseid raviprotseduure saab NeoQi\u00ae seadmetega teha?<br \/>\nKasutades vaid seadme p\u00f5hifunktsioone, saate s\u00f5ltuvalt konkreetsest mudelist teostada k\u00f5ige tervislikumaid ja tervisele kasulikke hoolitsusi, nagu n\u00e4iteks: klassikaline saunahoolitsus (auru- ja infrapunasaun), h\u00fcdroteraapia vannitamine, Vichy du\u0161\u0161i nautimine, sujuv vibratsioonimassaa\u017e ja kromoteraapia. Sobiva kosmeetika kasutamise lisamine hoolitsustele avab piiramatud v\u00f5imalused aroomiteraapia, balneoteraapia koos h\u00fcdro- ja aeromassaa\u017eiga, erinevad m\u00e4hised ja koorimised, mida saab kombineerida k\u00fctte- ja h\u00fcdroteraapia seansside juurde. K\u00f5iki loetletud kehahooldusi saab alati kombineerida n\u00e4ohooldustega.<\/p>\n<p>Kas NeoQi\u00ae-seadmetes saab kasutada kosmeetikat?<br \/>\nJah, sobivate kosmeetikavahendite kasutamine v\u00f5imaldab Teil saavutada NeoQi\u00ae seadmetega tehtud raviprotseduuridel paremaid ja kiiremaid tulemusi. Selleks on v\u00e4lja t\u00f6\u00f6tatud spetsiaalne loodusliku merekosmeetika liin kaubam\u00e4rgi EST\u00ed all, mis v\u00f5tab arvesse NeoQi\u00ae vannide ja energiakookonite omadusi. Prantsuse kvaliteetne looduskosmeetika on toodetud talassoteraapia alusel ja seda saab lisaks NeoQi\u00ae-seadmetele kasutada ka tavalisel massaa\u017eilauas.<\/p>\n<p>Kas NeoQi\u00ae seadmete kasutamisel on vastun\u00e4idustusi?<br \/>\nNeoQi seadmetega tuleb ravimeid teostada ettevaatlikult. Kui kahtlustate mingit haigust, v\u00f5tate ravimeid v\u00f5i teil on negatiivne anamnees, konsulteerige enne s\u00fcsteemi kasutamist oma arstiga.<\/p>\n<p>NeoQi\u00ae ravi on Teile vastun\u00e4idustatud, kui Teil on:<\/p>\n<p>T\u00f5sine trauma, p\u00f5letik<br \/>\nPalavik<br \/>\n\u00c4ge p\u00f5letik v\u00f5i allergiline nahahaigus, haavad<br \/>\nS\u00fcdame- ja veresoonkonnapuudulikkus, kuulmispuudulikkus, k\u00f5rge verer\u00f5hk<br \/>\nVereringeh\u00e4ired<br \/>\n\u00d6deem<br \/>\nSuured armid<br \/>\nTundmish\u00e4ired<br \/>\nPahaloomulised kasvajad<br \/>\nKommunikatsioonih\u00e4ired, mis takistavad tagasiside andmist, kui patsient tunneb ebamugavust v\u00f5i valu.<br \/>\nRasedus<\/p>\n<p>NB! Loetletud vastun\u00e4idustused ei ole absoluutsed. Enne NeoQi\u00ae seadmete kasutamist konsulteerige oma arstiga.<\/p>\n<p>Hooldus ja teenindus<\/p>\n<p>Millist hooldust vajab vann\/energiakookon? Kui sageli tuleb seadmeid hooldada?<br \/>\nTeie seadme pikaealisuse ja katkematu t\u00f6\u00f6 tagab selle regulaarne hooldus, mis h\u00f5lmab seadme puhastamist, desinfitseerimist ja visuaalset kontrolli selle \u00fcldseisundi \u00fcle p\u00e4rast iga kasutuskorda.<\/p>\n<p>Rutiinne hooldus seisneb vanni vees\u00fcsteemi ja kookoni aurugeneraatori puhastamises. Hoolduse sagedus s\u00f5ltub kasutatava vee kvaliteedist ning seadme kasutussagedusest ja t\u00f6\u00f6koormusest.<\/p>\n<p>Kuidas saada teenustoetust?<br \/>\nKui olete oma seadme kasutamise ajal kokku puutunud tehniliste raskuste v\u00f5i t\u00f5rgetega v\u00f5i vajate tehnilist tuge, t\u00e4itke palun teenuse taotluse vorm.<\/p>\n<p>Kuidas ja kust saab varuosasid hankida?<br \/>\nVaruosad annab ettev\u00f5te, kust te seadme ostsite. Teil on vaja seerianumbrit ja ostudokumente.<\/p>\n<p>Milline on varuosade garantiiaeg?<br \/>\nVaruosade garantiiaeg on 3 kuud.<\/p>","protected":false},"excerpt":{"rendered":"<p>What is an energy cocoon? A NeoQi\u00ae energy cocoon is a compact spa-complex, which allows You to enjoy different thermal and hydrotherapeutic treatments. Thanks to its versatility, the energy cocoon is an indispensable means of face and body care, all within the space of one room. For whom is the NeoQi\u00ae equipment meant? NeoQi\u00ae manufactures [&hellip;]<\/p>\n","protected":false},"author":1,"featured_media":2911,"parent":2017,"menu_order":0,"comment_status":"closed","ping_status":"closed","template":"","meta":{"_acf_changed":false,"site-sidebar-layout":"default","site-content-layout":"","ast-site-content-layout":"default","site-content-style":"default","site-sidebar-style":"default","ast-global-header-display":"","ast-banner-title-visibility":"","ast-main-header-display":"","ast-hfb-above-header-display":"","ast-hfb-below-header-display":"","ast-hfb-mobile-header-display":"","site-post-title":"","ast-breadcrumbs-content":"","ast-featured-img":"","footer-sml-layout":"","ast-disable-related-posts":"","theme-transparent-header-meta":"default","adv-header-id-meta":"","stick-header-meta":"","header-above-stick-meta":"","header-main-stick-meta":"","header-below-stick-meta":"","astra-migrate-meta-layouts":"set","ast-page-background-enabled":"default","ast-page-background-meta":{"desktop":{"background-color":"var(--ast-global-color-4)","background-image":"","background-repeat":"repeat","background-position":"center center","background-size":"auto","background-attachment":"scroll","background-type":"","background-media":"","overlay-type":"","overlay-color":"","overlay-opacity":"","overlay-gradient":""},"tablet":{"background-color":"","background-image":"","background-repeat":"repeat","background-position":"center center","background-size":"auto","background-attachment":"scroll","background-type":"","background-media":"","overlay-type":"","overlay-color":"","overlay-opacity":"","overlay-gradient":""},"mobile":{"background-color":"","background-image":"","background-repeat":"repeat","background-position":"center center","background-size":"auto","background-attachment":"scroll","background-type":"","background-media":"","overlay-type":"","overlay-color":"","overlay-opacity":"","overlay-gradient":""}},"ast-content-background-meta":{"desktop":{"background-color":"var(--ast-global-color-5)","background-image":"","background-repeat":"repeat","background-position":"center center","background-size":"auto","background-attachment":"scroll","background-type":"","background-media":"","overlay-type":"","overlay-color":"","overlay-opacity":"","overlay-gradient":""},"tablet":{"background-color":"var(--ast-global-color-5)","background-image":"","background-repeat":"repeat","background-position":"center center","background-size":"auto","background-attachment":"scroll","background-type":"","background-media":"","overlay-type":"","overlay-color":"","overlay-opacity":"","overlay-gradient":""},"mobile":{"background-color":"var(--ast-global-color-5)","background-image":"","background-repeat":"repeat","background-position":"center center","background-size":"auto","background-attachment":"scroll","background-type":"","background-media":"","overlay-type":"","overlay-color":"","overlay-opacity":"","overlay-gradient":""}},"footnotes":""},"class_list":["post-2021","page","type-page","status-publish","has-post-thumbnail","hentry"],"acf":[],"yoast_head":"<!-- This site is optimized with the Yoast SEO plugin v27.4 - https:\/\/yoast.com\/product\/yoast-seo-wordpress\/ -->\n<title>FAQ - NEOQI<\/title>\n<meta name=\"robots\" content=\"index, follow, max-snippet:-1, max-image-preview:large, max-video-preview:-1\" \/>\n<link rel=\"canonical\" href=\"https:\/\/neoqi.com\/et\/contact-us\/faq\/\" \/>\n<meta property=\"og:locale\" content=\"et_EE\" \/>\n<meta property=\"og:type\" content=\"article\" \/>\n<meta property=\"og:title\" content=\"FAQ - NEOQI\" \/>\n<meta property=\"og:description\" content=\"What is an energy cocoon? A NeoQi\u00ae energy cocoon is a compact spa-complex, which allows You to enjoy different thermal and hydrotherapeutic treatments. Thanks to its versatility, the energy cocoon is an indispensable means of face and body care, all within the space of one room. For whom is the NeoQi\u00ae equipment meant? NeoQi\u00ae manufactures [&hellip;]\" \/>\n<meta property=\"og:url\" content=\"https:\/\/neoqi.com\/et\/contact-us\/faq\/\" \/>\n<meta property=\"og:site_name\" content=\"NEOQI\" \/>\n<meta property=\"article:publisher\" content=\"https:\/\/www.facebook.com\/neoqi\/\" \/>\n<meta property=\"article:modified_time\" content=\"2024-11-06T10:20:30+00:00\" \/>\n<meta property=\"og:image\" content=\"https:\/\/neoqi.com\/wp-content\/uploads\/2024\/11\/Flamingo_no_light2.jpg\" \/>\n\t<meta property=\"og:image:width\" content=\"2200\" \/>\n\t<meta property=\"og:image:height\" content=\"852\" \/>\n\t<meta property=\"og:image:type\" content=\"image\/jpeg\" \/>\n<meta name=\"twitter:card\" content=\"summary_large_image\" \/>\n<meta name=\"twitter:label1\" content=\"Est. reading time\" \/>\n\t<meta name=\"twitter:data1\" content=\"5 minutit\" \/>\n<script type=\"application\/ld+json\" class=\"yoast-schema-graph\">{\"@context\":\"https:\\\/\\\/schema.org\",\"@graph\":[{\"@type\":\"WebPage\",\"@id\":\"https:\\\/\\\/neoqi.com\\\/fr\\\/contact-us\\\/faq\\\/\",\"url\":\"https:\\\/\\\/neoqi.com\\\/fr\\\/contact-us\\\/faq\\\/\",\"name\":\"FAQ - NEOQI\",\"isPartOf\":{\"@id\":\"https:\\\/\\\/neoqi.com\\\/#website\"},\"primaryImageOfPage\":{\"@id\":\"https:\\\/\\\/neoqi.com\\\/fr\\\/contact-us\\\/faq\\\/#primaryimage\"},\"image\":{\"@id\":\"https:\\\/\\\/neoqi.com\\\/fr\\\/contact-us\\\/faq\\\/#primaryimage\"},\"thumbnailUrl\":\"https:\\\/\\\/neoqi.com\\\/wp-content\\\/uploads\\\/2024\\\/11\\\/Flamingo_no_light2.jpg\",\"datePublished\":\"2024-09-06T18:26:15+00:00\",\"dateModified\":\"2024-11-06T10:20:30+00:00\",\"breadcrumb\":{\"@id\":\"https:\\\/\\\/neoqi.com\\\/fr\\\/contact-us\\\/faq\\\/#breadcrumb\"},\"inLanguage\":\"et\",\"potentialAction\":[{\"@type\":\"ReadAction\",\"target\":[\"https:\\\/\\\/neoqi.com\\\/fr\\\/contact-us\\\/faq\\\/\"]}]},{\"@type\":\"ImageObject\",\"inLanguage\":\"et\",\"@id\":\"https:\\\/\\\/neoqi.com\\\/fr\\\/contact-us\\\/faq\\\/#primaryimage\",\"url\":\"https:\\\/\\\/neoqi.com\\\/wp-content\\\/uploads\\\/2024\\\/11\\\/Flamingo_no_light2.jpg\",\"contentUrl\":\"https:\\\/\\\/neoqi.com\\\/wp-content\\\/uploads\\\/2024\\\/11\\\/Flamingo_no_light2.jpg\",\"width\":2200,\"height\":852},{\"@type\":\"BreadcrumbList\",\"@id\":\"https:\\\/\\\/neoqi.com\\\/fr\\\/contact-us\\\/faq\\\/#breadcrumb\",\"itemListElement\":[{\"@type\":\"ListItem\",\"position\":1,\"name\":\"Home\",\"item\":\"https:\\\/\\\/neoqi.com\\\/\"},{\"@type\":\"ListItem\",\"position\":2,\"name\":\"Contact Us\",\"item\":\"https:\\\/\\\/neoqi.com\\\/contact-us\\\/\"},{\"@type\":\"ListItem\",\"position\":3,\"name\":\"FAQ\"}]},{\"@type\":\"WebSite\",\"@id\":\"https:\\\/\\\/neoqi.com\\\/#website\",\"url\":\"https:\\\/\\\/neoqi.com\\\/\",\"name\":\"NEOQI\",\"description\":\"Experience Ultimate Wellness and Relaxation with NeoQi Spa Capsule: Your Path to Rejuvenation\",\"publisher\":{\"@id\":\"https:\\\/\\\/neoqi.com\\\/#organization\"},\"potentialAction\":[{\"@type\":\"SearchAction\",\"target\":{\"@type\":\"EntryPoint\",\"urlTemplate\":\"https:\\\/\\\/neoqi.com\\\/?s={search_term_string}\"},\"query-input\":{\"@type\":\"PropertyValueSpecification\",\"valueRequired\":true,\"valueName\":\"search_term_string\"}}],\"inLanguage\":\"et\"},{\"@type\":\"Organization\",\"@id\":\"https:\\\/\\\/neoqi.com\\\/#organization\",\"name\":\"NEOQI\",\"url\":\"https:\\\/\\\/neoqi.com\\\/\",\"logo\":{\"@type\":\"ImageObject\",\"inLanguage\":\"et\",\"@id\":\"https:\\\/\\\/neoqi.com\\\/#\\\/schema\\\/logo\\\/image\\\/\",\"url\":\"https:\\\/\\\/neoqi.com\\\/wp-content\\\/uploads\\\/2024\\\/09\\\/logoneosvg.svg\",\"contentUrl\":\"https:\\\/\\\/neoqi.com\\\/wp-content\\\/uploads\\\/2024\\\/09\\\/logoneosvg.svg\",\"width\":1,\"height\":1,\"caption\":\"NEOQI\"},\"image\":{\"@id\":\"https:\\\/\\\/neoqi.com\\\/#\\\/schema\\\/logo\\\/image\\\/\"},\"sameAs\":[\"https:\\\/\\\/www.facebook.com\\\/neoqi\\\/\",\"https:\\\/\\\/www.instagram.com\\\/neoqi_com\\\/\"]}]}<\/script>\n<!-- \/ Yoast SEO plugin. -->","yoast_head_json":{"title":"KKK - NEOQI","robots":{"index":"index","follow":"follow","max-snippet":"max-snippet:-1","max-image-preview":"max-image-preview:large","max-video-preview":"max-video-preview:-1"},"canonical":"https:\/\/neoqi.com\/et\/contact-us\/faq\/","og_locale":"et_EE","og_type":"article","og_title":"FAQ - NEOQI","og_description":"What is an energy cocoon? A NeoQi\u00ae energy cocoon is a compact spa-complex, which allows You to enjoy different thermal and hydrotherapeutic treatments. Thanks to its versatility, the energy cocoon is an indispensable means of face and body care, all within the space of one room. For whom is the NeoQi\u00ae equipment meant? NeoQi\u00ae manufactures [&hellip;]","og_url":"https:\/\/neoqi.com\/et\/contact-us\/faq\/","og_site_name":"NEOQI","article_publisher":"https:\/\/www.facebook.com\/neoqi\/","article_modified_time":"2024-11-06T10:20:30+00:00","og_image":[{"width":2200,"height":852,"url":"https:\/\/neoqi.com\/wp-content\/uploads\/2024\/11\/Flamingo_no_light2.jpg","type":"image\/jpeg"}],"twitter_card":"summary_large_image","twitter_misc":{"Est. reading time":"5 minutit"},"schema":{"@context":"https:\/\/schema.org","@graph":[{"@type":"WebPage","@id":"https:\/\/neoqi.com\/fr\/contact-us\/faq\/","url":"https:\/\/neoqi.com\/fr\/contact-us\/faq\/","name":"KKK - NEOQI","isPartOf":{"@id":"https:\/\/neoqi.com\/#website"},"primaryImageOfPage":{"@id":"https:\/\/neoqi.com\/fr\/contact-us\/faq\/#primaryimage"},"image":{"@id":"https:\/\/neoqi.com\/fr\/contact-us\/faq\/#primaryimage"},"thumbnailUrl":"https:\/\/neoqi.com\/wp-content\/uploads\/2024\/11\/Flamingo_no_light2.jpg","datePublished":"2024-09-06T18:26:15+00:00","dateModified":"2024-11-06T10:20:30+00:00","breadcrumb":{"@id":"https:\/\/neoqi.com\/fr\/contact-us\/faq\/#breadcrumb"},"inLanguage":"et","potentialAction":[{"@type":"ReadAction","target":["https:\/\/neoqi.com\/fr\/contact-us\/faq\/"]}]},{"@type":"ImageObject","inLanguage":"et","@id":"https:\/\/neoqi.com\/fr\/contact-us\/faq\/#primaryimage","url":"https:\/\/neoqi.com\/wp-content\/uploads\/2024\/11\/Flamingo_no_light2.jpg","contentUrl":"https:\/\/neoqi.com\/wp-content\/uploads\/2024\/11\/Flamingo_no_light2.jpg","width":2200,"height":852},{"@type":"BreadcrumbList","@id":"https:\/\/neoqi.com\/fr\/contact-us\/faq\/#breadcrumb","itemListElement":[{"@type":"ListItem","position":1,"name":"Home","item":"https:\/\/neoqi.com\/"},{"@type":"ListItem","position":2,"name":"Contact Us","item":"https:\/\/neoqi.com\/contact-us\/"},{"@type":"ListItem","position":3,"name":"FAQ"}]},{"@type":"WebSite","@id":"https:\/\/neoqi.com\/#website","url":"https:\/\/neoqi.com\/","name":"NEOQI","description":"Kogege \u00fclimat heaolu ja l\u00f5\u00f5gastust NeoQi Spa kapsliga: Teie tee noorendamiseni","publisher":{"@id":"https:\/\/neoqi.com\/#organization"},"potentialAction":[{"@type":"SearchAction","target":{"@type":"EntryPoint","urlTemplate":"https:\/\/neoqi.com\/?s={search_term_string}"},"query-input":{"@type":"PropertyValueSpecification","valueRequired":true,"valueName":"search_term_string"}}],"inLanguage":"et"},{"@type":"Organization","@id":"https:\/\/neoqi.com\/#organization","name":"NEOQI","url":"https:\/\/neoqi.com\/","logo":{"@type":"ImageObject","inLanguage":"et","@id":"https:\/\/neoqi.com\/#\/schema\/logo\/image\/","url":"https:\/\/neoqi.com\/wp-content\/uploads\/2024\/09\/logoneosvg.svg","contentUrl":"https:\/\/neoqi.com\/wp-content\/uploads\/2024\/09\/logoneosvg.svg","width":1,"height":1,"caption":"NEOQI"},"image":{"@id":"https:\/\/neoqi.com\/#\/schema\/logo\/image\/"},"sameAs":["https:\/\/www.facebook.com\/neoqi\/","https:\/\/www.instagram.com\/neoqi_com\/"]}]}},"_links":{"self":[{"href":"https:\/\/neoqi.com\/et\/wp-json\/wp\/v2\/pages\/2021","targetHints":{"allow":["GET"]}}],"collection":[{"href":"https:\/\/neoqi.com\/et\/wp-json\/wp\/v2\/pages"}],"about":[{"href":"https:\/\/neoqi.com\/et\/wp-json\/wp\/v2\/types\/page"}],"author":[{"embeddable":true,"href":"https:\/\/neoqi.com\/et\/wp-json\/wp\/v2\/users\/1"}],"replies":[{"embeddable":true,"href":"https:\/\/neoqi.com\/et\/wp-json\/wp\/v2\/comments?post=2021"}],"version-history":[{"count":1,"href":"https:\/\/neoqi.com\/et\/wp-json\/wp\/v2\/pages\/2021\/revisions"}],"predecessor-version":[{"id":2022,"href":"https:\/\/neoqi.com\/et\/wp-json\/wp\/v2\/pages\/2021\/revisions\/2022"}],"up":[{"embeddable":true,"href":"https:\/\/neoqi.com\/et\/wp-json\/wp\/v2\/pages\/2017"}],"wp:featuredmedia":[{"embeddable":true,"href":"https:\/\/neoqi.com\/et\/wp-json\/wp\/v2\/media\/2911"}],"wp:attachment":[{"href":"https:\/\/neoqi.com\/et\/wp-json\/wp\/v2\/media?parent=2021"}],"curies":[{"name":"wp","href":"https:\/\/api.w.org\/{rel}","templated":true}]}}