{"id":2225,"date":"2024-09-07T00:17:14","date_gmt":"2024-09-06T21:17:14","guid":{"rendered":"http:\/\/neoqi.com\/?page_id=2225"},"modified":"2024-09-07T13:06:41","modified_gmt":"2024-09-07T10:06:41","slug":"about-esti-marine-organic-cosmetics","status":"publish","type":"page","link":"https:\/\/neoqi.com\/et\/cosmetics\/about-esti-marine-organic-cosmetics\/","title":{"rendered":"ESTi Marine Organic Cosmetics'i kohta"},"content":{"rendered":"<p>EST\u00ed tooteid toodetakse Prantsusmaal, Bretagne'i l\u00e4\u00e4nepoolses tipus - UNESCO poolt maailma biosf\u00e4\u00e4ri kaitsealaks liigitatud, pakuvad laia valikut merekosmeetikat ja\u00a0<a href=\"http:\/\/neoqi.com\/et\/cosmetics\/spa-treatments-with-esti\/\">professionaalsed spaahoolitsused koos ESTi<\/a>, mis on m\u00f5eldud kasutamiseks koos NeoQi seadmetega tervisekeskustes, tervisekeskustes, kliinikutes, talassoteraapiakeskustes, SPA-keskustes ja ilusalongides.<\/p>\n<p>EST\u00ed kosmeetika j\u00e4rgib kogu tootesarja tootmisel ainulaadset tehnoloogiat, mis p\u00f5hineb mereressursside kasutamisel ja mille on v\u00e4lja t\u00f6\u00f6tanud taliteraapia valdkonna professionaalid.<\/p>\n<p>NeoQi seadmetes kasutatavate talassoteraapiliste toodete kasutamine v\u00f5imaldab meil saavutada elavaid ja pikaajalisi tulemusi!<\/p>\n<p>Br\u00e4ndi filosoofia - alusp\u00f5him\u00f5tted:<\/p>\n<ol>\n<li>Keskkonnas\u00f5bralik<\/li>\n<li>Efektiivsus<\/li>\n<li>Autentsus<\/li>\n<li>Kohandatud ravi<\/li>\n<\/ol>\n<p>EST\u00ed kosmeetika on \u00fchendanud ookeani j\u00f5u, vetikate toitev\u00e4\u00e4rtuse ja merevee, mida kasutatakse mitmesugustes raviprogrammides, nagu n\u00e4iteks:<\/p>\n<ul>\n<li>Thalassoteraapia<\/li>\n<li>Algoteraapia<\/li>\n<li>Balneoteraapia<\/li>\n<li>Mudaravi<\/li>\n<li>SPA-programmid<\/li>\n<\/ul>\n<p>EST\u00ed tootevalik h\u00f5lmab professionaalseid raviprogramme n\u00e4ole ja kehale: merevetikapakendused, merevee ja vetikate balneoteraapia, mudaelemendid, lokaalsed hooldused probleemsete piirkondade korrigeerimiseks, SPA-hoolitsused. Lisaks sellele on tootjad v\u00e4lja t\u00f6\u00f6tanud spetsiaalsed tooted koduseks kasutamiseks, mis pikendavad professionaalse hoolduse m\u00f5ju. Need on uuenduslikud ja t\u00f5husad ravimeetodid, mis koondavad merest ja vetikatest p\u00e4rinevad parimad ained, et saavutada harmooniline koostoime kehaga.<\/p>\n<p>EST\u00ed toodete mitmekesisus annab teile piiramatuid v\u00f5imalusi oma NeoQi\u00ae seadmete kasutamiseks.<\/p>\n<p>Koostisosade koostis\u00a0<strong>professionaalne SPA-kosmeetika<\/strong>\u00a0<a href=\"http:\/\/neoqi.com\/et\/cosmetics\/for-body\/\">keha jaoks<\/a>\u00a0ja\u00a0<a href=\"http:\/\/neoqi.com\/et\/cosmetics\/for-face\/\">n\u00e4o puhul<\/a>\u00a0sisaldavad puhtaid ekstrakte ja toimeaineid, nagu mineraalid, vitamiinid, antioks\u00fcdandid. Nende koostoime aitab edukalt v\u00f5idelda vananemisega, taastada mineraalide tasakaalu, k\u00f5rvaldada kehast j\u00e4\u00e4tmeid ja toksiine, stimuleerida ainevahetust, taastada naha struktuuri ja noorust, vastupanu keskkonnareostuse kahjulikule m\u00f5jule.<\/p>\n<p>EST\u00ed kosmeetika on parabeenivaba, ilma s\u00fcnteetiliste l\u00f5hna- ja v\u00e4rvainete ning s\u00e4ilitusaineteta. Lisaks on paljud tooted sertifitseeritud Ecocert Greenlife'i poolt, mis kinnitab keskkonnas\u00f5braliku orgaanilise kosmeetika p\u00e4ritolu ja protsessi.<\/p>\n<p>&nbsp;<\/p>\n<h2><a name=\"_Toc415651671\"><\/a>M\u00f5ju organismile<\/h2>\n<h2><\/h2>\n<p>Uued suundumused SPA n\u00e4o- ja kehahoolduses ei n\u00e4e ette agressiivsete tehnikate kasutamist, seades esikohale t\u00f5hususe ja looduslike koostisosade \u00f5rna m\u00f5ju, ohutuse ja mugavuse.<\/p>\n<p>EST\u00ed kosmeetika toime ei ole suunatud mitte ainult esteetilisele, vaid ka keha \u00fcldise heaolu parandamisele, mis saavutatakse ainevahetusprotsesside aktiveerimise, toksiinide v\u00e4ljaviimise kiirendamise, vereringe stimuleerimise kaudu.<\/p>\n<p>Keha sisemise seisundi parandamisel on otsene m\u00f5ju meie v\u00e4limusele. Tervis ja ilu muutuvad s\u00fcnon\u00fc\u00fcmideks.<\/p>\n<ul>\n<li>EST\u00ed kosmeetikatooted ja -programmid on suunatud:<\/li>\n<li>k\u00f5rvaldades tagaj\u00e4rjed ning kroonilise v\u00e4simuse ja stressi olemasolu<\/li>\n<li>keha remineraliseerimine<\/li>\n<li>keha atooniliste piirkondade tugevdamine<\/li>\n<li>harmoonilise silueti moodustamine<\/li>\n<li>kaalulangus ja salenemine<\/li>\n<li>v\u00f5imas detoksikatsioon<\/li>\n<li>ainevahetuse normaliseerimine<\/li>\n<li>kuju ja v\u00f5imu taastamine<\/li>\n<\/ul>\n<p>T\u00e4nu mikroniseeritud konsistentsile ja vees lahustuvusele on EST\u00ed kosmeetikatooteid v\u00e4ga mugav ja lihtne kasutada k\u00f5igis NeoQi energiakookonites ja vannides. Iga toote \u00f5rn, kuid intensiivne aroom m\u00f5jub l\u00f5hnaretseptorite rakkudele, pakkudes seega t\u00e4iendavat kasu aroomiteraapiast.<\/p>\n<p>T\u00f5husus, n\u00e4htavad, eluj\u00f5ulised ja pikaajalised tulemused, iga kliendi toetamine - need on omadused, mis teevad ESTist \u00fche k\u00f5ige s\u00e4ravama t\u00e4he talassoteraapia valdkonnas.<\/p>\n<p><strong>\u00a0<\/strong><\/p>\n<h2><a name=\"_Toc415651672\"><\/a>Thalassoteraapia<\/h2>\n<h2><\/h2>\n<p>Praeguseks on EST\u00ed kosmeetikatoodete tootjariik Prantsusmaa endiselt talassoteraapia keskus.\u00a0<em>(kreeka keelest \"thalassa\" - st meri, \"therapia\" - st ravi)<\/em><\/p>\n<p>Talassoteraapia meetod on ookeani, selle kliima ja meresaaduste, nagu vetikad, merevetikad, muda, meresoolakristallid, terapeutiline kasutamine. Seda v\u00f5ib kasutada koos mis tahes muude terapeutiliste vahenditega, n\u00e4iteks klassikalise manuaalse v\u00f5i h\u00fcdroteraapilise massaa\u017eiga.<\/p>\n<p>Mereline loodus ja kliima, panoraamvaade horisondile, mere m\u00fcrin ja soolane mere\u00f5hk - k\u00f5ik see m\u00f5jub inimesele l\u00f5\u00f5gastavalt, tasakaalustavalt ja tervendavalt, v\u00f5imaldades taastada keha ja meele harmoonia.<\/p>\n<p>Merevee eluj\u00f5udu tunti juba ammustest aegadest, tervendades ja noorendades inimesi, kuid alles XIX sajandil nimetati seda Prantsusmaal raviviisiks.<\/p>\n<p>Kaasaegne Thalassoteraapia p\u00f5hineb j\u00e4tkuvalt merevee, merevetikate ja soojuse kombinatsioonil koos teaduslike menetluste, kriteeriumide ja uusimate tehnoloogiatega.<\/p>\n<p>Thalassoteraapilise toime peamised komponendid on:<\/p>\n<p>Merevesi - joodi, magneesiumi, kaltsiumi, v\u00e4\u00e4vli, kaaliumi, raua, vase, fosfori, tsingi, seleeni, broomi, mangaani ja paljude teiste oluliste mikroelementide allikas. On teaduslikult t\u00f5estatud, et merevee mineraalne koostis on peaaegu identne inimese vereplasma omaga ja seet\u00f5ttu imendub inimkehas peaaegu 100% selles sisalduvatest toimeainetest. Samal ajal tarbib organism t\u00e4nu osmoosivahetuse loomulikule n\u00e4htusele t\u00e4pselt selle koguse kasulikke merest p\u00e4rit komponente, mida ta antud hetkel vajab.<\/p>\n<p>Merevetikad - peamine l\u00fcli taliteraapias, neil on v\u00f5ime kompenseerida inimkehas puuduvaid bioaktiivseid aineid. Teadlaste hinnangul kasutatakse erinevates talassoteraapiates \u00fcle 150 mineraalse mikroelemendi. Samuti on vetikatel v\u00f5ime koguda oma kasvu ja elutegevuse ajal erinevaid mineraale ja mikroelemente, mis osalevad ens\u00fc\u00fcmide, vitamiinide ja hormoonide s\u00fcnteesimisel ning rakkude toimimises. Merevetikate ekstraheerimise ja t\u00f6\u00f6tlemise protsessiga kaasnevad k\u00f5ik vajalikud reeglid, et s\u00e4ilitada nende kasulikud omadused ja toimeained.<\/p>\n<p>Talassoteraapia abil on v\u00f5imalik saavutada nii ilu- kui ka terapeutilisi tulemusi. Thalassoteraapia v\u00f5ib leevendada inimest erinevatest probleemidest ja haigustest:<\/p>\n<ul>\n<li>naha taastamine ja noorendamine, kuiva ja tundliku naha niisutamine<\/li>\n<li>parandada kohalikku vereringet ja ainevahetusprotsesse organismis<\/li>\n<li>tselluliidi ja \u00fclekaaluprobleemide ravi (tervikliku ravi ja \u00f5ige toitumise kombinatsioon v\u00f5imaldab kaotada kuni 2 kg n\u00e4dalas)<\/li>\n<li>positiivne m\u00f5ju n\u00e4rvis\u00fcsteemile ja stressi juhtimisele<\/li>\n<li>hingamiss\u00fcsteemi ja kilpn\u00e4\u00e4rme funktsiooni paranemine<\/li>\n<li>toksiinide ja liigse rasva v\u00e4ljaviimine kehast<\/li>\n<li>p\u00f5letikulise reuma, osteoartriidi, vigastuste tagaj\u00e4rgede ravi, valus\u00fcndroomide leevendamine<\/li>\n<li>onkoloogiliste patsientide seisundi leevendamine<\/li>\n<li>keha taastamine p\u00e4rast s\u00fcnnitust, vigastust, operatsiooni (sealhulgas plastilist).<\/li>\n<\/ul>\n<p>&nbsp;<\/p>\n<h2><a name=\"_Toc415651673\"><\/a>Koostisosad<\/h2>\n<p>Iroise mere veest ekstraheeritud kosmeetika koostisosad on nagu imeline eliksiir, mis on t\u00e4is olulisi elemente, mis on vajalikud naha tervise tagamiseks.<\/p>\n<p>Toitainetega rikastatud merevetikad ja merevesi, samuti kosmeetikatoodete tootmise tehase ESTI - mereressursside kogumise, muundamise ja v\u00e4\u00e4rindamise liidri - kogemused ja v\u00f5imalused v\u00f5imaldavad meil tuua teile v\u00e4lja ainulaadse eluj\u00f5u, tervise ja ilu allika.<\/p>\n<p>On olemas rohkem kui 20 erinevat liiki\u00a0<strong>merevetikad<\/strong>\u00a0mida kasutatakse EST\u00ed kosmeetikatoodetes.  Iga t\u00fc\u00fcbi koostis ja terapeutiline toime erineb \u00fcksteisest ja omab oma unikaalseid omadusi. EST\u00ed toodete s\u00e4ravaimad komponendid on pruunvetikad Laminaria Digitata ja Fucus Vesiculosus, mis t\u00e4nu oma v\u00f5imsatele drenaa\u017ei- ja lipol\u00fc\u00fctilistele omadustele on juhtivad kogu tselluliidivastases ravis. Punane merevetikate Lithotamnium Calcareum takistab kaltsiumikadu ja s\u00e4ilitab luustruktuuri ning Hondrus Crispus, mis on loodusliku h\u00fcaluroonhappe allikas, pakub tugevat niisutavat toimet. Rohevetikas Ulva Laktuka vastutab kollageeni s\u00fcnteesi eest, s\u00e4ilitades sidekoe toonust. Merevetikate kuninganna - eksootiline sinivetikad Spirulina - on proteiinisisalduse meister, millel on v\u00f5imas tugevdav ja kohene t\u00f5stev toime. Spirulina suurep\u00e4rased immuuns\u00fcsteemi stimuleerivad, onkoloogilised kaitse- ja antioks\u00fcdantsed omadused on arstide poolt juba ammu teada ja omaks v\u00f5etud. Kaasaegne meetod vetikate t\u00f6\u00f6tlemiseks mikroniseeritud konsistentsile, v\u00f5imaldab koostisainetel tungida m\u00e4histe ja vannide ajal kergesti ja s\u00fcgavamale l\u00e4bi naha, mille tulemuseks on mitte ainult kohalik, vaid s\u00fcsteemne m\u00f5ju kehale.<\/p>\n<p>Lisaks merevetikad on 100% puhas ja looduslik\u00a0<strong>eeterlikud \u00f5lid<\/strong>\u00a0kasutatakse nelja unikaalset kompleksi, mille m\u00f5ju on salendav, l\u00f5\u00f5gastav, vereringet parandav ja toniseeriv. Selle kompleksi s\u00fcnergiline m\u00f5ju ja hajutamine vees tagab selle \u00fchtlase jaotumise, optimeerides seega aktiivsete molekulide difusiooni.<\/p>\n<p>On t\u00f5estatud, et koostis\u00a0<strong>merevesi<\/strong>\u00a0on praktiliselt identne inimese vereplasma omaga ja seet\u00f5ttu imendub inimkehas peaaegu 100% selles sisalduvatest toimeainetest. Samal ajal,\u00a0<strong>meresoola<\/strong>\u00a0\"sisaldab\" osmootilise vahetuse n\u00e4htust. Selle t\u00f5ttu tarbib meie keha t\u00e4pselt nii palju toimeaineid, kui on hetkel vaja, l\u00e4htudes suhtlevate anumate p\u00f5him\u00f5ttest.<\/p>\n<p>On ka kaks uuenduslikku\u00a0<strong>kompleksid<\/strong>\u00a0toodete - Thali'source ja Oligo`source - koostisosade koostises.<\/p>\n<p>EST\u00ed kosmeetika on parabeenivaba, ilma s\u00fcnteetiliste l\u00f5hna- ja v\u00e4rvainete ning s\u00e4ilitusaineteta. Lisaks on paljud tooted sertifitseeritud Ecocert Greenlife'i poolt, mis kinnitab keskkonnas\u00f5braliku orgaanilise kosmeetika p\u00e4ritolu ja protsessi.<\/p>","protected":false},"excerpt":{"rendered":"<p>Products of EST\u00ed are produced in France, at the western tip of Brittany \u2013 classed as a world Biosphere reserve by UNESCO, offer a wide range of marine cosmetics and\u00a0professional spa treatments with ESTi, exclusively designed to be used with NeoQi equipment in wellness centers, health centers, clinics, thalassotherapy centers, SPA-centers and beauty salons. EST\u00ed [&hellip;]<\/p>\n","protected":false},"author":1,"featured_media":0,"parent":2223,"menu_order":0,"comment_status":"closed","ping_status":"closed","template":"","meta":{"_acf_changed":false,"site-sidebar-layout":"default","site-content-layout":"","ast-site-content-layout":"default","site-content-style":"default","site-sidebar-style":"default","ast-global-header-display":"","ast-banner-title-visibility":"","ast-main-header-display":"","ast-hfb-above-header-display":"","ast-hfb-below-header-display":"","ast-hfb-mobile-header-display":"","site-post-title":"","ast-breadcrumbs-content":"","ast-featured-img":"","footer-sml-layout":"","ast-disable-related-posts":"","theme-transparent-header-meta":"default","adv-header-id-meta":"","stick-header-meta":"","header-above-stick-meta":"","header-main-stick-meta":"","header-below-stick-meta":"","astra-migrate-meta-layouts":"set","ast-page-background-enabled":"default","ast-page-background-meta":{"desktop":{"background-color":"var(--ast-global-color-4)","background-image":"","background-repeat":"repeat","background-position":"center center","background-size":"auto","background-attachment":"scroll","background-type":"","background-media":"","overlay-type":"","overlay-color":"","overlay-opacity":"","overlay-gradient":""},"tablet":{"background-color":"","background-image":"","background-repeat":"repeat","background-position":"center center","background-size":"auto","background-attachment":"scroll","background-type":"","background-media":"","overlay-type":"","overlay-color":"","overlay-opacity":"","overlay-gradient":""},"mobile":{"background-color":"","background-image":"","background-repeat":"repeat","background-position":"center center","background-size":"auto","background-attachment":"scroll","background-type":"","background-media":"","overlay-type":"","overlay-color":"","overlay-opacity":"","overlay-gradient":""}},"ast-content-background-meta":{"desktop":{"background-color":"var(--ast-global-color-5)","background-image":"","background-repeat":"repeat","background-position":"center center","background-size":"auto","background-attachment":"scroll","background-type":"","background-media":"","overlay-type":"","overlay-color":"","overlay-opacity":"","overlay-gradient":""},"tablet":{"background-color":"var(--ast-global-color-5)","background-image":"","background-repeat":"repeat","background-position":"center center","background-size":"auto","background-attachment":"scroll","background-type":"","background-media":"","overlay-type":"","overlay-color":"","overlay-opacity":"","overlay-gradient":""},"mobile":{"background-color":"var(--ast-global-color-5)","background-image":"","background-repeat":"repeat","background-position":"center center","background-size":"auto","background-attachment":"scroll","background-type":"","background-media":"","overlay-type":"","overlay-color":"","overlay-opacity":"","overlay-gradient":""}},"footnotes":""},"class_list":["post-2225","page","type-page","status-publish","hentry"],"acf":[],"yoast_head":"<!-- This site is optimized with the Yoast SEO plugin v27.4 - https:\/\/yoast.com\/product\/yoast-seo-wordpress\/ -->\n<title>About ESTi Marine Organic Cosmetics - NEOQI<\/title>\n<meta name=\"robots\" content=\"index, follow, max-snippet:-1, max-image-preview:large, max-video-preview:-1\" \/>\n<link rel=\"canonical\" href=\"https:\/\/neoqi.com\/et\/cosmetics\/about-esti-marine-organic-cosmetics\/\" \/>\n<meta property=\"og:locale\" content=\"et_EE\" \/>\n<meta property=\"og:type\" content=\"article\" \/>\n<meta property=\"og:title\" content=\"About ESTi Marine Organic Cosmetics - NEOQI\" \/>\n<meta property=\"og:description\" content=\"Products of EST\u00ed are produced in France, at the western tip of Brittany \u2013 classed as a world Biosphere reserve by UNESCO, offer a wide range of marine cosmetics and\u00a0professional spa treatments with ESTi, exclusively designed to be used with NeoQi equipment in wellness centers, health centers, clinics, thalassotherapy centers, SPA-centers and beauty salons. EST\u00ed [&hellip;]\" \/>\n<meta property=\"og:url\" content=\"https:\/\/neoqi.com\/et\/cosmetics\/about-esti-marine-organic-cosmetics\/\" \/>\n<meta property=\"og:site_name\" content=\"NEOQI\" \/>\n<meta property=\"article:publisher\" content=\"https:\/\/www.facebook.com\/neoqi\/\" \/>\n<meta property=\"article:modified_time\" content=\"2024-09-07T10:06:41+00:00\" \/>\n<meta name=\"twitter:card\" content=\"summary_large_image\" \/>\n<meta name=\"twitter:label1\" content=\"Est. reading time\" \/>\n\t<meta name=\"twitter:data1\" content=\"7 minutit\" \/>\n<script type=\"application\/ld+json\" class=\"yoast-schema-graph\">{\"@context\":\"https:\\\/\\\/schema.org\",\"@graph\":[{\"@type\":\"WebPage\",\"@id\":\"https:\\\/\\\/neoqi.com\\\/cosmetics\\\/about-esti-marine-organic-cosmetics\\\/\",\"url\":\"https:\\\/\\\/neoqi.com\\\/cosmetics\\\/about-esti-marine-organic-cosmetics\\\/\",\"name\":\"About ESTi Marine Organic Cosmetics - NEOQI\",\"isPartOf\":{\"@id\":\"https:\\\/\\\/neoqi.com\\\/#website\"},\"datePublished\":\"2024-09-06T21:17:14+00:00\",\"dateModified\":\"2024-09-07T10:06:41+00:00\",\"breadcrumb\":{\"@id\":\"https:\\\/\\\/neoqi.com\\\/cosmetics\\\/about-esti-marine-organic-cosmetics\\\/#breadcrumb\"},\"inLanguage\":\"et\",\"potentialAction\":[{\"@type\":\"ReadAction\",\"target\":[\"https:\\\/\\\/neoqi.com\\\/cosmetics\\\/about-esti-marine-organic-cosmetics\\\/\"]}]},{\"@type\":\"BreadcrumbList\",\"@id\":\"https:\\\/\\\/neoqi.com\\\/cosmetics\\\/about-esti-marine-organic-cosmetics\\\/#breadcrumb\",\"itemListElement\":[{\"@type\":\"ListItem\",\"position\":1,\"name\":\"Home\",\"item\":\"https:\\\/\\\/neoqi.com\\\/\"},{\"@type\":\"ListItem\",\"position\":2,\"name\":\"Cosmetics\",\"item\":\"https:\\\/\\\/neoqi.com\\\/cosmetics\\\/\"},{\"@type\":\"ListItem\",\"position\":3,\"name\":\"About ESTi Marine Organic Cosmetics\"}]},{\"@type\":\"WebSite\",\"@id\":\"https:\\\/\\\/neoqi.com\\\/#website\",\"url\":\"https:\\\/\\\/neoqi.com\\\/\",\"name\":\"NEOQI\",\"description\":\"Experience Ultimate Wellness and Relaxation with NeoQi Spa Capsule: Your Path to Rejuvenation\",\"publisher\":{\"@id\":\"https:\\\/\\\/neoqi.com\\\/#organization\"},\"potentialAction\":[{\"@type\":\"SearchAction\",\"target\":{\"@type\":\"EntryPoint\",\"urlTemplate\":\"https:\\\/\\\/neoqi.com\\\/?s={search_term_string}\"},\"query-input\":{\"@type\":\"PropertyValueSpecification\",\"valueRequired\":true,\"valueName\":\"search_term_string\"}}],\"inLanguage\":\"et\"},{\"@type\":\"Organization\",\"@id\":\"https:\\\/\\\/neoqi.com\\\/#organization\",\"name\":\"NEOQI\",\"url\":\"https:\\\/\\\/neoqi.com\\\/\",\"logo\":{\"@type\":\"ImageObject\",\"inLanguage\":\"et\",\"@id\":\"https:\\\/\\\/neoqi.com\\\/#\\\/schema\\\/logo\\\/image\\\/\",\"url\":\"https:\\\/\\\/neoqi.com\\\/wp-content\\\/uploads\\\/2024\\\/09\\\/logoneosvg.svg\",\"contentUrl\":\"https:\\\/\\\/neoqi.com\\\/wp-content\\\/uploads\\\/2024\\\/09\\\/logoneosvg.svg\",\"width\":1,\"height\":1,\"caption\":\"NEOQI\"},\"image\":{\"@id\":\"https:\\\/\\\/neoqi.com\\\/#\\\/schema\\\/logo\\\/image\\\/\"},\"sameAs\":[\"https:\\\/\\\/www.facebook.com\\\/neoqi\\\/\",\"https:\\\/\\\/www.instagram.com\\\/neoqi_com\\\/\"]}]}<\/script>\n<!-- \/ Yoast SEO plugin. -->","yoast_head_json":{"title":"ESTi Marine Organic Cosmetics - NEOQI kohta","robots":{"index":"index","follow":"follow","max-snippet":"max-snippet:-1","max-image-preview":"max-image-preview:large","max-video-preview":"max-video-preview:-1"},"canonical":"https:\/\/neoqi.com\/et\/cosmetics\/about-esti-marine-organic-cosmetics\/","og_locale":"et_EE","og_type":"article","og_title":"About ESTi Marine Organic Cosmetics - NEOQI","og_description":"Products of EST\u00ed are produced in France, at the western tip of Brittany \u2013 classed as a world Biosphere reserve by UNESCO, offer a wide range of marine cosmetics and\u00a0professional spa treatments with ESTi, exclusively designed to be used with NeoQi equipment in wellness centers, health centers, clinics, thalassotherapy centers, SPA-centers and beauty salons. EST\u00ed [&hellip;]","og_url":"https:\/\/neoqi.com\/et\/cosmetics\/about-esti-marine-organic-cosmetics\/","og_site_name":"NEOQI","article_publisher":"https:\/\/www.facebook.com\/neoqi\/","article_modified_time":"2024-09-07T10:06:41+00:00","twitter_card":"summary_large_image","twitter_misc":{"Est. reading time":"7 minutit"},"schema":{"@context":"https:\/\/schema.org","@graph":[{"@type":"WebPage","@id":"https:\/\/neoqi.com\/cosmetics\/about-esti-marine-organic-cosmetics\/","url":"https:\/\/neoqi.com\/cosmetics\/about-esti-marine-organic-cosmetics\/","name":"ESTi Marine Organic Cosmetics - NEOQI kohta","isPartOf":{"@id":"https:\/\/neoqi.com\/#website"},"datePublished":"2024-09-06T21:17:14+00:00","dateModified":"2024-09-07T10:06:41+00:00","breadcrumb":{"@id":"https:\/\/neoqi.com\/cosmetics\/about-esti-marine-organic-cosmetics\/#breadcrumb"},"inLanguage":"et","potentialAction":[{"@type":"ReadAction","target":["https:\/\/neoqi.com\/cosmetics\/about-esti-marine-organic-cosmetics\/"]}]},{"@type":"BreadcrumbList","@id":"https:\/\/neoqi.com\/cosmetics\/about-esti-marine-organic-cosmetics\/#breadcrumb","itemListElement":[{"@type":"ListItem","position":1,"name":"Home","item":"https:\/\/neoqi.com\/"},{"@type":"ListItem","position":2,"name":"Cosmetics","item":"https:\/\/neoqi.com\/cosmetics\/"},{"@type":"ListItem","position":3,"name":"About ESTi Marine Organic Cosmetics"}]},{"@type":"WebSite","@id":"https:\/\/neoqi.com\/#website","url":"https:\/\/neoqi.com\/","name":"NEOQI","description":"Kogege \u00fclimat heaolu ja l\u00f5\u00f5gastust NeoQi Spa kapsliga: Teie tee noorendamiseni","publisher":{"@id":"https:\/\/neoqi.com\/#organization"},"potentialAction":[{"@type":"SearchAction","target":{"@type":"EntryPoint","urlTemplate":"https:\/\/neoqi.com\/?s={search_term_string}"},"query-input":{"@type":"PropertyValueSpecification","valueRequired":true,"valueName":"search_term_string"}}],"inLanguage":"et"},{"@type":"Organization","@id":"https:\/\/neoqi.com\/#organization","name":"NEOQI","url":"https:\/\/neoqi.com\/","logo":{"@type":"ImageObject","inLanguage":"et","@id":"https:\/\/neoqi.com\/#\/schema\/logo\/image\/","url":"https:\/\/neoqi.com\/wp-content\/uploads\/2024\/09\/logoneosvg.svg","contentUrl":"https:\/\/neoqi.com\/wp-content\/uploads\/2024\/09\/logoneosvg.svg","width":1,"height":1,"caption":"NEOQI"},"image":{"@id":"https:\/\/neoqi.com\/#\/schema\/logo\/image\/"},"sameAs":["https:\/\/www.facebook.com\/neoqi\/","https:\/\/www.instagram.com\/neoqi_com\/"]}]}},"_links":{"self":[{"href":"https:\/\/neoqi.com\/et\/wp-json\/wp\/v2\/pages\/2225","targetHints":{"allow":["GET"]}}],"collection":[{"href":"https:\/\/neoqi.com\/et\/wp-json\/wp\/v2\/pages"}],"about":[{"href":"https:\/\/neoqi.com\/et\/wp-json\/wp\/v2\/types\/page"}],"author":[{"embeddable":true,"href":"https:\/\/neoqi.com\/et\/wp-json\/wp\/v2\/users\/1"}],"replies":[{"embeddable":true,"href":"https:\/\/neoqi.com\/et\/wp-json\/wp\/v2\/comments?post=2225"}],"version-history":[{"count":1,"href":"https:\/\/neoqi.com\/et\/wp-json\/wp\/v2\/pages\/2225\/revisions"}],"predecessor-version":[{"id":2226,"href":"https:\/\/neoqi.com\/et\/wp-json\/wp\/v2\/pages\/2225\/revisions\/2226"}],"up":[{"embeddable":true,"href":"https:\/\/neoqi.com\/et\/wp-json\/wp\/v2\/pages\/2223"}],"wp:attachment":[{"href":"https:\/\/neoqi.com\/et\/wp-json\/wp\/v2\/media?parent=2225"}],"curies":[{"name":"wp","href":"https:\/\/api.w.org\/{rel}","templated":true}]}}