{"id":2227,"date":"2024-09-07T00:17:49","date_gmt":"2024-09-06T21:17:49","guid":{"rendered":"http:\/\/neoqi.com\/?page_id=2227"},"modified":"2024-09-07T13:06:41","modified_gmt":"2024-09-07T10:06:41","slug":"for-body","status":"publish","type":"page","link":"https:\/\/neoqi.com\/et\/cosmetics\/for-body\/","title":{"rendered":"Keha jaoks"},"content":{"rendered":"<h2>Vann<\/h2>\n<p>Balneoteraapia toodete hulka kuuluvad klassikalised meresoolakristallid erinevate l\u00f5hnadega ning kreemjas mittevahutav vedelik, mis lahustub vees suurep\u00e4raselt, j\u00e4tmata j\u00e4\u00e4ke. K\u00f5ik tooted aitavad kaasa aktiivsele mineraliseerimisele, t\u00f5husale detoksikatsioonile ja keha s\u00fcgavale l\u00f5\u00f5gastumisele.<\/p>\n<h2><a name=\"_Toc415651676\"><\/a>Koorimine<\/h2>\n<p>Kehakoorimine, mis on \u00fcks populaarsemaid kehahooldusvahendeid, puhastab t\u00f5husalt nahka ja eemaldab surnud rakud, j\u00e4ttes naha siledaks ja pehmeks. Meresoolakoorimist hinnatakse selle v\u00f5ime t\u00f5ttu, et see puhastab ja niisutab nahka p\u00f5hjalikult, aktiveerib mikrotsirkulatsiooni, kiirendab naharakkude uuenemist.  Tundlikumale nahale on olemas ka ens\u00fcmaatilised koorijad.<\/p>\n<h2><a name=\"_Toc415651677\"><\/a>Wraps<\/h2>\n<p>Kehahoolduse abil saate saavutada k\u00f5ige silmatorkavamad ja n\u00e4htavamad kehahoolduse tulemused. Merivetikaga m\u00e4hised on \u00fcks t\u00f5husamaid ja meeldivamaid vahendeid tselluliidi vastu v\u00f5itlemiseks ja kehakaalu langetamiseks. Kogu keha v\u00f5i kohalikud mudarakendused, aitavad kaasa tervise paranemisele ja valu v\u00e4hendamisele. SPA keham\u00e4hised suurep\u00e4rase l\u00f5hna ja \u00f5rna tekstuuriga pakuvad uskumatut naudingut kogu kehahooldusravi ajal. Mikroniseeritud konsistents soodustab koostisosade kiiret imendumist ja elavat tulemust.<\/p>\n<h2><a name=\"_Toc415651678\"><\/a>Kehahooldus<\/h2>\n<p>Kehahoolduse l\u00f5petamiseks saate valida mitme erineva otstarbe ja konsistentsiga toote vahel - modelleeriv kreem v\u00f5i kerge niisutav kehapiim, \u00f5lid ja vahad erinevate massaa\u017eide jaoks, millest iga\u00fchel on eriline l\u00f5hn, korrigeerivad seerumid ja jahutavad geelid probleemsete piirkondade jaoks.<\/p>\n<p>&nbsp;<\/p>\n<p>Loe ka j\u00e4rgmist\u00a0<a href=\"http:\/\/neoqi.com\/et\/cosmetics\/for-face\/\">tooted n\u00e4o jaoks<\/a>.<\/p>","protected":false},"excerpt":{"rendered":"<p>Bath Products for balneotherapy include classical sea salt crystals with different scents as well as creamy non-foaming liquid, which dissolves in the water perfectly without leaving any residue. All products contribute to active mineralization, effective detoxification and deep relaxation of the body. Peeling Body scrub, being one of the most popular body care treatment, effectively [&hellip;]<\/p>\n","protected":false},"author":1,"featured_media":0,"parent":2223,"menu_order":0,"comment_status":"closed","ping_status":"closed","template":"","meta":{"_acf_changed":false,"site-sidebar-layout":"default","site-content-layout":"","ast-site-content-layout":"default","site-content-style":"default","site-sidebar-style":"default","ast-global-header-display":"","ast-banner-title-visibility":"","ast-main-header-display":"","ast-hfb-above-header-display":"","ast-hfb-below-header-display":"","ast-hfb-mobile-header-display":"","site-post-title":"","ast-breadcrumbs-content":"","ast-featured-img":"","footer-sml-layout":"","ast-disable-related-posts":"","theme-transparent-header-meta":"default","adv-header-id-meta":"","stick-header-meta":"","header-above-stick-meta":"","header-main-stick-meta":"","header-below-stick-meta":"","astra-migrate-meta-layouts":"set","ast-page-background-enabled":"default","ast-page-background-meta":{"desktop":{"background-color":"var(--ast-global-color-4)","background-image":"","background-repeat":"repeat","background-position":"center center","background-size":"auto","background-attachment":"scroll","background-type":"","background-media":"","overlay-type":"","overlay-color":"","overlay-opacity":"","overlay-gradient":""},"tablet":{"background-color":"","background-image":"","background-repeat":"repeat","background-position":"center center","background-size":"auto","background-attachment":"scroll","background-type":"","background-media":"","overlay-type":"","overlay-color":"","overlay-opacity":"","overlay-gradient":""},"mobile":{"background-color":"","background-image":"","background-repeat":"repeat","background-position":"center center","background-size":"auto","background-attachment":"scroll","background-type":"","background-media":"","overlay-type":"","overlay-color":"","overlay-opacity":"","overlay-gradient":""}},"ast-content-background-meta":{"desktop":{"background-color":"var(--ast-global-color-5)","background-image":"","background-repeat":"repeat","background-position":"center center","background-size":"auto","background-attachment":"scroll","background-type":"","background-media":"","overlay-type":"","overlay-color":"","overlay-opacity":"","overlay-gradient":""},"tablet":{"background-color":"var(--ast-global-color-5)","background-image":"","background-repeat":"repeat","background-position":"center center","background-size":"auto","background-attachment":"scroll","background-type":"","background-media":"","overlay-type":"","overlay-color":"","overlay-opacity":"","overlay-gradient":""},"mobile":{"background-color":"var(--ast-global-color-5)","background-image":"","background-repeat":"repeat","background-position":"center center","background-size":"auto","background-attachment":"scroll","background-type":"","background-media":"","overlay-type":"","overlay-color":"","overlay-opacity":"","overlay-gradient":""}},"footnotes":""},"class_list":["post-2227","page","type-page","status-publish","hentry"],"acf":[],"yoast_head":"<!-- This site is optimized with the Yoast SEO plugin v27.4 - https:\/\/yoast.com\/product\/yoast-seo-wordpress\/ -->\n<title>For Body - NEOQI<\/title>\n<meta name=\"robots\" content=\"index, follow, max-snippet:-1, max-image-preview:large, max-video-preview:-1\" \/>\n<link rel=\"canonical\" href=\"https:\/\/neoqi.com\/et\/cosmetics\/for-body\/\" \/>\n<meta property=\"og:locale\" content=\"et_EE\" \/>\n<meta property=\"og:type\" content=\"article\" \/>\n<meta property=\"og:title\" content=\"For Body - NEOQI\" \/>\n<meta property=\"og:description\" content=\"Bath Products for balneotherapy include classical sea salt crystals with different scents as well as creamy non-foaming liquid, which dissolves in the water perfectly without leaving any residue. All products contribute to active mineralization, effective detoxification and deep relaxation of the body. Peeling Body scrub, being one of the most popular body care treatment, effectively [&hellip;]\" \/>\n<meta property=\"og:url\" content=\"https:\/\/neoqi.com\/et\/cosmetics\/for-body\/\" \/>\n<meta property=\"og:site_name\" content=\"NEOQI\" \/>\n<meta property=\"article:publisher\" content=\"https:\/\/www.facebook.com\/neoqi\/\" \/>\n<meta property=\"article:modified_time\" content=\"2024-09-07T10:06:41+00:00\" \/>\n<meta name=\"twitter:card\" content=\"summary_large_image\" \/>\n<meta name=\"twitter:label1\" content=\"Est. reading time\" \/>\n\t<meta name=\"twitter:data1\" content=\"1 minut\" \/>\n<script type=\"application\/ld+json\" class=\"yoast-schema-graph\">{\"@context\":\"https:\\\/\\\/schema.org\",\"@graph\":[{\"@type\":\"WebPage\",\"@id\":\"https:\\\/\\\/neoqi.com\\\/cosmetics\\\/for-body\\\/\",\"url\":\"https:\\\/\\\/neoqi.com\\\/cosmetics\\\/for-body\\\/\",\"name\":\"For Body - NEOQI\",\"isPartOf\":{\"@id\":\"https:\\\/\\\/neoqi.com\\\/#website\"},\"datePublished\":\"2024-09-06T21:17:49+00:00\",\"dateModified\":\"2024-09-07T10:06:41+00:00\",\"breadcrumb\":{\"@id\":\"https:\\\/\\\/neoqi.com\\\/cosmetics\\\/for-body\\\/#breadcrumb\"},\"inLanguage\":\"et\",\"potentialAction\":[{\"@type\":\"ReadAction\",\"target\":[\"https:\\\/\\\/neoqi.com\\\/cosmetics\\\/for-body\\\/\"]}]},{\"@type\":\"BreadcrumbList\",\"@id\":\"https:\\\/\\\/neoqi.com\\\/cosmetics\\\/for-body\\\/#breadcrumb\",\"itemListElement\":[{\"@type\":\"ListItem\",\"position\":1,\"name\":\"Home\",\"item\":\"https:\\\/\\\/neoqi.com\\\/\"},{\"@type\":\"ListItem\",\"position\":2,\"name\":\"Cosmetics\",\"item\":\"https:\\\/\\\/neoqi.com\\\/cosmetics\\\/\"},{\"@type\":\"ListItem\",\"position\":3,\"name\":\"For Body\"}]},{\"@type\":\"WebSite\",\"@id\":\"https:\\\/\\\/neoqi.com\\\/#website\",\"url\":\"https:\\\/\\\/neoqi.com\\\/\",\"name\":\"NEOQI\",\"description\":\"Experience Ultimate Wellness and Relaxation with NeoQi Spa Capsule: Your Path to Rejuvenation\",\"publisher\":{\"@id\":\"https:\\\/\\\/neoqi.com\\\/#organization\"},\"potentialAction\":[{\"@type\":\"SearchAction\",\"target\":{\"@type\":\"EntryPoint\",\"urlTemplate\":\"https:\\\/\\\/neoqi.com\\\/?s={search_term_string}\"},\"query-input\":{\"@type\":\"PropertyValueSpecification\",\"valueRequired\":true,\"valueName\":\"search_term_string\"}}],\"inLanguage\":\"et\"},{\"@type\":\"Organization\",\"@id\":\"https:\\\/\\\/neoqi.com\\\/#organization\",\"name\":\"NEOQI\",\"url\":\"https:\\\/\\\/neoqi.com\\\/\",\"logo\":{\"@type\":\"ImageObject\",\"inLanguage\":\"et\",\"@id\":\"https:\\\/\\\/neoqi.com\\\/#\\\/schema\\\/logo\\\/image\\\/\",\"url\":\"https:\\\/\\\/neoqi.com\\\/wp-content\\\/uploads\\\/2024\\\/09\\\/logoneosvg.svg\",\"contentUrl\":\"https:\\\/\\\/neoqi.com\\\/wp-content\\\/uploads\\\/2024\\\/09\\\/logoneosvg.svg\",\"width\":1,\"height\":1,\"caption\":\"NEOQI\"},\"image\":{\"@id\":\"https:\\\/\\\/neoqi.com\\\/#\\\/schema\\\/logo\\\/image\\\/\"},\"sameAs\":[\"https:\\\/\\\/www.facebook.com\\\/neoqi\\\/\",\"https:\\\/\\\/www.instagram.com\\\/neoqi_com\\\/\"]}]}<\/script>\n<!-- \/ Yoast SEO plugin. -->","yoast_head_json":{"title":"For Body - NEOQI","robots":{"index":"index","follow":"follow","max-snippet":"max-snippet:-1","max-image-preview":"max-image-preview:large","max-video-preview":"max-video-preview:-1"},"canonical":"https:\/\/neoqi.com\/et\/cosmetics\/for-body\/","og_locale":"et_EE","og_type":"article","og_title":"For Body - NEOQI","og_description":"Bath Products for balneotherapy include classical sea salt crystals with different scents as well as creamy non-foaming liquid, which dissolves in the water perfectly without leaving any residue. All products contribute to active mineralization, effective detoxification and deep relaxation of the body. Peeling Body scrub, being one of the most popular body care treatment, effectively [&hellip;]","og_url":"https:\/\/neoqi.com\/et\/cosmetics\/for-body\/","og_site_name":"NEOQI","article_publisher":"https:\/\/www.facebook.com\/neoqi\/","article_modified_time":"2024-09-07T10:06:41+00:00","twitter_card":"summary_large_image","twitter_misc":{"Est. reading time":"1 minut"},"schema":{"@context":"https:\/\/schema.org","@graph":[{"@type":"WebPage","@id":"https:\/\/neoqi.com\/cosmetics\/for-body\/","url":"https:\/\/neoqi.com\/cosmetics\/for-body\/","name":"For Body - NEOQI","isPartOf":{"@id":"https:\/\/neoqi.com\/#website"},"datePublished":"2024-09-06T21:17:49+00:00","dateModified":"2024-09-07T10:06:41+00:00","breadcrumb":{"@id":"https:\/\/neoqi.com\/cosmetics\/for-body\/#breadcrumb"},"inLanguage":"et","potentialAction":[{"@type":"ReadAction","target":["https:\/\/neoqi.com\/cosmetics\/for-body\/"]}]},{"@type":"BreadcrumbList","@id":"https:\/\/neoqi.com\/cosmetics\/for-body\/#breadcrumb","itemListElement":[{"@type":"ListItem","position":1,"name":"Home","item":"https:\/\/neoqi.com\/"},{"@type":"ListItem","position":2,"name":"Cosmetics","item":"https:\/\/neoqi.com\/cosmetics\/"},{"@type":"ListItem","position":3,"name":"For Body"}]},{"@type":"WebSite","@id":"https:\/\/neoqi.com\/#website","url":"https:\/\/neoqi.com\/","name":"NEOQI","description":"Kogege \u00fclimat heaolu ja l\u00f5\u00f5gastust NeoQi Spa kapsliga: Teie tee noorendamiseni","publisher":{"@id":"https:\/\/neoqi.com\/#organization"},"potentialAction":[{"@type":"SearchAction","target":{"@type":"EntryPoint","urlTemplate":"https:\/\/neoqi.com\/?s={search_term_string}"},"query-input":{"@type":"PropertyValueSpecification","valueRequired":true,"valueName":"search_term_string"}}],"inLanguage":"et"},{"@type":"Organization","@id":"https:\/\/neoqi.com\/#organization","name":"NEOQI","url":"https:\/\/neoqi.com\/","logo":{"@type":"ImageObject","inLanguage":"et","@id":"https:\/\/neoqi.com\/#\/schema\/logo\/image\/","url":"https:\/\/neoqi.com\/wp-content\/uploads\/2024\/09\/logoneosvg.svg","contentUrl":"https:\/\/neoqi.com\/wp-content\/uploads\/2024\/09\/logoneosvg.svg","width":1,"height":1,"caption":"NEOQI"},"image":{"@id":"https:\/\/neoqi.com\/#\/schema\/logo\/image\/"},"sameAs":["https:\/\/www.facebook.com\/neoqi\/","https:\/\/www.instagram.com\/neoqi_com\/"]}]}},"_links":{"self":[{"href":"https:\/\/neoqi.com\/et\/wp-json\/wp\/v2\/pages\/2227","targetHints":{"allow":["GET"]}}],"collection":[{"href":"https:\/\/neoqi.com\/et\/wp-json\/wp\/v2\/pages"}],"about":[{"href":"https:\/\/neoqi.com\/et\/wp-json\/wp\/v2\/types\/page"}],"author":[{"embeddable":true,"href":"https:\/\/neoqi.com\/et\/wp-json\/wp\/v2\/users\/1"}],"replies":[{"embeddable":true,"href":"https:\/\/neoqi.com\/et\/wp-json\/wp\/v2\/comments?post=2227"}],"version-history":[{"count":1,"href":"https:\/\/neoqi.com\/et\/wp-json\/wp\/v2\/pages\/2227\/revisions"}],"predecessor-version":[{"id":2228,"href":"https:\/\/neoqi.com\/et\/wp-json\/wp\/v2\/pages\/2227\/revisions\/2228"}],"up":[{"embeddable":true,"href":"https:\/\/neoqi.com\/et\/wp-json\/wp\/v2\/pages\/2223"}],"wp:attachment":[{"href":"https:\/\/neoqi.com\/et\/wp-json\/wp\/v2\/media?parent=2227"}],"curies":[{"name":"wp","href":"https:\/\/api.w.org\/{rel}","templated":true}]}}