{"id":2229,"date":"2024-09-07T00:18:21","date_gmt":"2024-09-06T21:18:21","guid":{"rendered":"http:\/\/neoqi.com\/?page_id=2229"},"modified":"2024-09-07T13:06:41","modified_gmt":"2024-09-07T10:06:41","slug":"for-face","status":"publish","type":"page","link":"https:\/\/neoqi.com\/et\/cosmetics\/for-face\/","title":{"rendered":"For Face"},"content":{"rendered":"<h2>Puhastamine<\/h2>\n<p>Hommikuse ja \u00f5htuse n\u00e4ohoolduse tooted mitte ainult ei eemalda k\u00f5iki meigi ja ebapuhtuse j\u00e4lgi, vaid annavad n\u00e4ole ka kerguse ja v\u00e4rskuse tunde.<\/p>\n<h2><a name=\"_Toc415651681\"><\/a>Koorimine<\/h2>\n<p>Vajalik samm n\u00e4onaha hooldamisel s\u00fcgavama puhastuse saavutamiseks. T\u00f5hus puhastus koos \u00f5rna massaa\u017eiga v\u00e4rskendab ja niisutab nahka. Saate valida kreemja koorimise vahel, mis on rikastatud p\u00e4hklikoorepulbri ja jahvatatud riisiga selle \u00f5rna re-mineraliseeriva ja kooriva toime t\u00f5ttu, v\u00f5i peenema koorimise vahel, mis sisaldab ens\u00fc\u00fcme.<\/p>\n<h2><a name=\"_Toc415651682\"><\/a>Maskid<\/h2>\n<p>N\u00e4omaskid on parim viis naha kiireks p\u00f5hjalikuks niisutamiseks ja struktuuri taastamiseks, toitmiseks ja rahustamiseks, naha kaitsmiseks v\u00e4liste agressioonide eest. Kerge geel, toitev kreemjas, modelleeriv kooriv mask, mis lahendab iga probleemi.<\/p>\n<h2><a name=\"_Toc415651683\"><\/a>Hooldus n\u00e4o eest<\/h2>\n<p>Viimistlustooted n\u00e4ohoolduseks - kreemid ja seerumid, mis taastavad naha barj\u00e4\u00e4ri funktsiooni, s\u00e4ilitavad naha veetaseme ja nooruse ning kaitsevad seda v\u00e4lism\u00f5jude eest.<\/p>\n<p>&nbsp;<\/p>\n<p>Loe ka j\u00e4rgmist\u00a0<a href=\"http:\/\/neoqi.com\/et\/cosmetics\/for-body\/\">tooted keha jaoks<\/a>.<\/p>","protected":false},"excerpt":{"rendered":"<p>Cleansing Products for face care in the morning and evening not only remove all traces of make-up and impurities, but will also give your face a feeling of lightness and freshness. Peeling A necessary step in face skin care for a deeper cleansing. Effective cleaning with gentle massage will refresh and moisturize your skin. You [&hellip;]<\/p>\n","protected":false},"author":1,"featured_media":0,"parent":2223,"menu_order":0,"comment_status":"closed","ping_status":"closed","template":"","meta":{"_acf_changed":false,"site-sidebar-layout":"default","site-content-layout":"","ast-site-content-layout":"default","site-content-style":"default","site-sidebar-style":"default","ast-global-header-display":"","ast-banner-title-visibility":"","ast-main-header-display":"","ast-hfb-above-header-display":"","ast-hfb-below-header-display":"","ast-hfb-mobile-header-display":"","site-post-title":"","ast-breadcrumbs-content":"","ast-featured-img":"","footer-sml-layout":"","ast-disable-related-posts":"","theme-transparent-header-meta":"default","adv-header-id-meta":"","stick-header-meta":"","header-above-stick-meta":"","header-main-stick-meta":"","header-below-stick-meta":"","astra-migrate-meta-layouts":"set","ast-page-background-enabled":"default","ast-page-background-meta":{"desktop":{"background-color":"var(--ast-global-color-4)","background-image":"","background-repeat":"repeat","background-position":"center center","background-size":"auto","background-attachment":"scroll","background-type":"","background-media":"","overlay-type":"","overlay-color":"","overlay-opacity":"","overlay-gradient":""},"tablet":{"background-color":"","background-image":"","background-repeat":"repeat","background-position":"center center","background-size":"auto","background-attachment":"scroll","background-type":"","background-media":"","overlay-type":"","overlay-color":"","overlay-opacity":"","overlay-gradient":""},"mobile":{"background-color":"","background-image":"","background-repeat":"repeat","background-position":"center center","background-size":"auto","background-attachment":"scroll","background-type":"","background-media":"","overlay-type":"","overlay-color":"","overlay-opacity":"","overlay-gradient":""}},"ast-content-background-meta":{"desktop":{"background-color":"var(--ast-global-color-5)","background-image":"","background-repeat":"repeat","background-position":"center center","background-size":"auto","background-attachment":"scroll","background-type":"","background-media":"","overlay-type":"","overlay-color":"","overlay-opacity":"","overlay-gradient":""},"tablet":{"background-color":"var(--ast-global-color-5)","background-image":"","background-repeat":"repeat","background-position":"center center","background-size":"auto","background-attachment":"scroll","background-type":"","background-media":"","overlay-type":"","overlay-color":"","overlay-opacity":"","overlay-gradient":""},"mobile":{"background-color":"var(--ast-global-color-5)","background-image":"","background-repeat":"repeat","background-position":"center center","background-size":"auto","background-attachment":"scroll","background-type":"","background-media":"","overlay-type":"","overlay-color":"","overlay-opacity":"","overlay-gradient":""}},"footnotes":""},"class_list":["post-2229","page","type-page","status-publish","hentry"],"acf":[],"yoast_head":"<!-- This site is optimized with the Yoast SEO plugin v27.4 - https:\/\/yoast.com\/product\/yoast-seo-wordpress\/ -->\n<title>For Face - NEOQI<\/title>\n<meta name=\"robots\" content=\"index, follow, max-snippet:-1, max-image-preview:large, max-video-preview:-1\" \/>\n<link rel=\"canonical\" href=\"https:\/\/neoqi.com\/et\/cosmetics\/for-face\/\" \/>\n<meta property=\"og:locale\" content=\"et_EE\" \/>\n<meta property=\"og:type\" content=\"article\" \/>\n<meta property=\"og:title\" content=\"For Face - NEOQI\" \/>\n<meta property=\"og:description\" content=\"Cleansing Products for face care in the morning and evening not only remove all traces of make-up and impurities, but will also give your face a feeling of lightness and freshness. Peeling A necessary step in face skin care for a deeper cleansing. Effective cleaning with gentle massage will refresh and moisturize your skin. You [&hellip;]\" \/>\n<meta property=\"og:url\" content=\"https:\/\/neoqi.com\/et\/cosmetics\/for-face\/\" \/>\n<meta property=\"og:site_name\" content=\"NEOQI\" \/>\n<meta property=\"article:publisher\" content=\"https:\/\/www.facebook.com\/neoqi\/\" \/>\n<meta property=\"article:modified_time\" content=\"2024-09-07T10:06:41+00:00\" \/>\n<meta name=\"twitter:card\" content=\"summary_large_image\" \/>\n<meta name=\"twitter:label1\" content=\"Est. reading time\" \/>\n\t<meta name=\"twitter:data1\" content=\"1 minut\" \/>\n<script type=\"application\/ld+json\" class=\"yoast-schema-graph\">{\"@context\":\"https:\\\/\\\/schema.org\",\"@graph\":[{\"@type\":\"WebPage\",\"@id\":\"https:\\\/\\\/neoqi.com\\\/cosmetics\\\/for-face\\\/\",\"url\":\"https:\\\/\\\/neoqi.com\\\/cosmetics\\\/for-face\\\/\",\"name\":\"For Face - NEOQI\",\"isPartOf\":{\"@id\":\"https:\\\/\\\/neoqi.com\\\/#website\"},\"datePublished\":\"2024-09-06T21:18:21+00:00\",\"dateModified\":\"2024-09-07T10:06:41+00:00\",\"breadcrumb\":{\"@id\":\"https:\\\/\\\/neoqi.com\\\/cosmetics\\\/for-face\\\/#breadcrumb\"},\"inLanguage\":\"et\",\"potentialAction\":[{\"@type\":\"ReadAction\",\"target\":[\"https:\\\/\\\/neoqi.com\\\/cosmetics\\\/for-face\\\/\"]}]},{\"@type\":\"BreadcrumbList\",\"@id\":\"https:\\\/\\\/neoqi.com\\\/cosmetics\\\/for-face\\\/#breadcrumb\",\"itemListElement\":[{\"@type\":\"ListItem\",\"position\":1,\"name\":\"Home\",\"item\":\"https:\\\/\\\/neoqi.com\\\/\"},{\"@type\":\"ListItem\",\"position\":2,\"name\":\"Cosmetics\",\"item\":\"https:\\\/\\\/neoqi.com\\\/cosmetics\\\/\"},{\"@type\":\"ListItem\",\"position\":3,\"name\":\"For Face\"}]},{\"@type\":\"WebSite\",\"@id\":\"https:\\\/\\\/neoqi.com\\\/#website\",\"url\":\"https:\\\/\\\/neoqi.com\\\/\",\"name\":\"NEOQI\",\"description\":\"Experience Ultimate Wellness and Relaxation with NeoQi Spa Capsule: Your Path to Rejuvenation\",\"publisher\":{\"@id\":\"https:\\\/\\\/neoqi.com\\\/#organization\"},\"potentialAction\":[{\"@type\":\"SearchAction\",\"target\":{\"@type\":\"EntryPoint\",\"urlTemplate\":\"https:\\\/\\\/neoqi.com\\\/?s={search_term_string}\"},\"query-input\":{\"@type\":\"PropertyValueSpecification\",\"valueRequired\":true,\"valueName\":\"search_term_string\"}}],\"inLanguage\":\"et\"},{\"@type\":\"Organization\",\"@id\":\"https:\\\/\\\/neoqi.com\\\/#organization\",\"name\":\"NEOQI\",\"url\":\"https:\\\/\\\/neoqi.com\\\/\",\"logo\":{\"@type\":\"ImageObject\",\"inLanguage\":\"et\",\"@id\":\"https:\\\/\\\/neoqi.com\\\/#\\\/schema\\\/logo\\\/image\\\/\",\"url\":\"https:\\\/\\\/neoqi.com\\\/wp-content\\\/uploads\\\/2024\\\/09\\\/logoneosvg.svg\",\"contentUrl\":\"https:\\\/\\\/neoqi.com\\\/wp-content\\\/uploads\\\/2024\\\/09\\\/logoneosvg.svg\",\"width\":1,\"height\":1,\"caption\":\"NEOQI\"},\"image\":{\"@id\":\"https:\\\/\\\/neoqi.com\\\/#\\\/schema\\\/logo\\\/image\\\/\"},\"sameAs\":[\"https:\\\/\\\/www.facebook.com\\\/neoqi\\\/\",\"https:\\\/\\\/www.instagram.com\\\/neoqi_com\\\/\"]}]}<\/script>\n<!-- \/ Yoast SEO plugin. -->","yoast_head_json":{"title":"For Face - NEOQI","robots":{"index":"index","follow":"follow","max-snippet":"max-snippet:-1","max-image-preview":"max-image-preview:large","max-video-preview":"max-video-preview:-1"},"canonical":"https:\/\/neoqi.com\/et\/cosmetics\/for-face\/","og_locale":"et_EE","og_type":"article","og_title":"For Face - NEOQI","og_description":"Cleansing Products for face care in the morning and evening not only remove all traces of make-up and impurities, but will also give your face a feeling of lightness and freshness. Peeling A necessary step in face skin care for a deeper cleansing. Effective cleaning with gentle massage will refresh and moisturize your skin. You [&hellip;]","og_url":"https:\/\/neoqi.com\/et\/cosmetics\/for-face\/","og_site_name":"NEOQI","article_publisher":"https:\/\/www.facebook.com\/neoqi\/","article_modified_time":"2024-09-07T10:06:41+00:00","twitter_card":"summary_large_image","twitter_misc":{"Est. reading time":"1 minut"},"schema":{"@context":"https:\/\/schema.org","@graph":[{"@type":"WebPage","@id":"https:\/\/neoqi.com\/cosmetics\/for-face\/","url":"https:\/\/neoqi.com\/cosmetics\/for-face\/","name":"For Face - NEOQI","isPartOf":{"@id":"https:\/\/neoqi.com\/#website"},"datePublished":"2024-09-06T21:18:21+00:00","dateModified":"2024-09-07T10:06:41+00:00","breadcrumb":{"@id":"https:\/\/neoqi.com\/cosmetics\/for-face\/#breadcrumb"},"inLanguage":"et","potentialAction":[{"@type":"ReadAction","target":["https:\/\/neoqi.com\/cosmetics\/for-face\/"]}]},{"@type":"BreadcrumbList","@id":"https:\/\/neoqi.com\/cosmetics\/for-face\/#breadcrumb","itemListElement":[{"@type":"ListItem","position":1,"name":"Home","item":"https:\/\/neoqi.com\/"},{"@type":"ListItem","position":2,"name":"Cosmetics","item":"https:\/\/neoqi.com\/cosmetics\/"},{"@type":"ListItem","position":3,"name":"For Face"}]},{"@type":"WebSite","@id":"https:\/\/neoqi.com\/#website","url":"https:\/\/neoqi.com\/","name":"NEOQI","description":"Kogege \u00fclimat heaolu ja l\u00f5\u00f5gastust NeoQi Spa kapsliga: Teie tee noorendamiseni","publisher":{"@id":"https:\/\/neoqi.com\/#organization"},"potentialAction":[{"@type":"SearchAction","target":{"@type":"EntryPoint","urlTemplate":"https:\/\/neoqi.com\/?s={search_term_string}"},"query-input":{"@type":"PropertyValueSpecification","valueRequired":true,"valueName":"search_term_string"}}],"inLanguage":"et"},{"@type":"Organization","@id":"https:\/\/neoqi.com\/#organization","name":"NEOQI","url":"https:\/\/neoqi.com\/","logo":{"@type":"ImageObject","inLanguage":"et","@id":"https:\/\/neoqi.com\/#\/schema\/logo\/image\/","url":"https:\/\/neoqi.com\/wp-content\/uploads\/2024\/09\/logoneosvg.svg","contentUrl":"https:\/\/neoqi.com\/wp-content\/uploads\/2024\/09\/logoneosvg.svg","width":1,"height":1,"caption":"NEOQI"},"image":{"@id":"https:\/\/neoqi.com\/#\/schema\/logo\/image\/"},"sameAs":["https:\/\/www.facebook.com\/neoqi\/","https:\/\/www.instagram.com\/neoqi_com\/"]}]}},"_links":{"self":[{"href":"https:\/\/neoqi.com\/et\/wp-json\/wp\/v2\/pages\/2229","targetHints":{"allow":["GET"]}}],"collection":[{"href":"https:\/\/neoqi.com\/et\/wp-json\/wp\/v2\/pages"}],"about":[{"href":"https:\/\/neoqi.com\/et\/wp-json\/wp\/v2\/types\/page"}],"author":[{"embeddable":true,"href":"https:\/\/neoqi.com\/et\/wp-json\/wp\/v2\/users\/1"}],"replies":[{"embeddable":true,"href":"https:\/\/neoqi.com\/et\/wp-json\/wp\/v2\/comments?post=2229"}],"version-history":[{"count":1,"href":"https:\/\/neoqi.com\/et\/wp-json\/wp\/v2\/pages\/2229\/revisions"}],"predecessor-version":[{"id":2230,"href":"https:\/\/neoqi.com\/et\/wp-json\/wp\/v2\/pages\/2229\/revisions\/2230"}],"up":[{"embeddable":true,"href":"https:\/\/neoqi.com\/et\/wp-json\/wp\/v2\/pages\/2223"}],"wp:attachment":[{"href":"https:\/\/neoqi.com\/et\/wp-json\/wp\/v2\/media?parent=2229"}],"curies":[{"name":"wp","href":"https:\/\/api.w.org\/{rel}","templated":true}]}}