{"id":2037,"date":"2024-09-06T01:11:17","date_gmt":"2024-09-05T22:11:17","guid":{"rendered":"http:\/\/neoqi.com\/?post_type=product&#038;p=2037"},"modified":"2024-12-03T18:34:03","modified_gmt":"2024-12-03T15:34:03","slug":"mediq","status":"publish","type":"product","link":"https:\/\/neoqi.com\/et\/toode\/mediq\/","title":{"rendered":"Mediq"},"content":{"rendered":"<p><strong>NeoQi\u00ae Mediq'i peamised ravimeetodid<\/strong><\/p>\n<p><strong>Soojahooldus (aur ja\/v\u00f5i infrapunasaun).<\/strong> Aurusaun. \u00d5rn soe udu \u00fcmbritseb keha kergelt niiskusega, k\u00e4ivitades detoksikatsiooni protsessi, parandades vereringet ja soodustades k\u00f5ige v\u00e4\u00e4rtuslikumate vitamiinide ja mineraalide imendumist naha \u00fclemistesse kihtidesse.<\/p>\n<p><strong>Infrapunasaun.<\/strong> \u00dcks t\u00f5husamaid termoteraapia meetodeid. Soojuslained tungivad s\u00fcgavale kehasse, soojendades seda k\u00f5ige mugavamates tingimustes. Infrapunakiired annavad lihastele l\u00f5\u00f5gastust, aitavad t\u00f5husalt kaotada liigset kehakaalu ning on suureks prof\u00fclaktikaks s\u00fcdame-veresoonkonna ja \u00fclemiste hingamisteede haiguste vastu.<br \/>\nVichy du\u0161\u0161. Tervendavat Vichy du\u0161\u0161i peetakse \u00f5igustatult \u00fcheks parimaks h\u00fcdroteraapiaks. Veepiiskade paduvihm tabab keha, masseerides probleemseid piirkondi, korrigeerides keha kuju ja leevendades lihaspingeid. S\u00f5ltuvalt valitud Vichy du\u0161i re\u017eiimist on v\u00f5imalik stimuleerida noorendamist, ravida tselluliiti ja hooajalisi depressioone.<\/p>\n<p><strong>H\u00fcdro- ja \u00f5humassaa\u017eiga h\u00fcdroteraapiahoolitsus mullivannis.<\/strong> Veel \u00fcks t\u00f5hus meetod vee tervendavate omaduste kasutamiseks. Tugevad ja j\u00e4igad veejugad masseerivad valutult probleemsed piirkonnad, taastades naha elastsuse, pehmuse ja elastsuse. Tuhanded pisikesed \u00f5humullid rahustavad nahka, rahustavad n\u00e4rvis\u00fcsteemi, leevendavad valu ja lihaspingeid.<\/p>\n<p><strong>Kogu keha koorimine.<\/strong> See spaarituaal tagab toitmise, niisutamise ja naha elastsuse parandamise. Erinevate kosmeetikatoodete kasutamine avab teraapiaspetsialistidele piiramatud v\u00f5imalused. Mango- ja papaiaekstraktid viivad kliendi l\u00f5\u00f5skavasse troopikasse, idamaiste v\u00fcrtside segu aga sukeldab ta unistuste ja fantaasiate salap\u00e4rasesse maailma.<\/p>\n<p><strong>T\u00e4iskeha m\u00e4his koos kosmeetiliste maskide kasutamisega.<\/strong> Meeldiv ja t\u00f5hus ravi, mille eesm\u00e4rk on nii kosmeetiliste probleemide kui ka terviseprobleemide lahendamine. Vaid m\u00f5ned m\u00e4henduskuurid aastas aitavad ennetada tselluliidi taastekkimist, hoides naha eluj\u00f5ulisena, s\u00e4rava ja tervena.<\/p>\n<p><strong>\u00d5limassaa\u017e.<\/strong> \u00dcks parimaid vahendeid l\u00f5\u00f5gastumiseks ja tervise parandamiseks. Ergonoomiline voodi ja kapsli eriline disain v\u00f5imaldavad terapeudil teostada mis tahes t\u00fc\u00fcpi massaa\u017ei maksimaalse mugavusega.<\/p>\n<p><strong>N\u00e4ohooldus kehahoolduse ajal.<\/strong> Seansi ajal v\u00f5ib terapeut teha vajaliku n\u00e4onaha hoolduse. T\u00e4iendage spaakapselite programmeerimist meeldivate ja tervislike hoolitsustega.<\/p>\n<p><strong>Veealune k\u00e4eshoitav massaa\u017eijett.<\/strong> Vesimassaa\u017e, mille puhul kasutatakse suunatud veevoolu, aitab parandada naha, pindmiste lihaskihide ja siseorganite seisundit. Hoolitsus on nii l\u00f5\u00f5gastav kui ka ergutav. Harmony Mediq spaakapsli kombineeritud programmid on k\u00f5ikeh\u00f5lmav f\u00fcsioterapeutiline kompleks, mis v\u00f5imaldab teostada universaalset esteetiliste ja tervist parandavate protseduuride komplekti. Lai valik funktsioone v\u00f5imaldab koostada unikaalseid individuaalseid programme, l\u00e4htudes kliendi vajadustest.<\/p>\n<p><strong>Kokkuv\u00f5te:<\/strong><\/p>\n<p>Infrapunasaun<br \/>\nAurusaun<br \/>\nAroomiteraapia<br \/>\nVichy du\u0161\u0161<br \/>\nVibreeriv ravilaud<br \/>\nV\u00e4rvitulede s\u00fcsteem<br \/>\nVesimassaa\u017e<br \/>\n\u00d5humullide massaa\u017e<br \/>\nK\u00e4eshoitav joatoru veemassaa\u017eiks<br \/>\nMuusikas\u00fcsteem (MP3)<br \/>\nN\u00e4o jahutusventilaator<br \/>\nK\u00e4si du\u0161\u0161<br \/>\nOsonaatori puhastuss\u00fcsteem<br \/>\n6 k\u00fclgmist joatoru<br \/>\n8 selja massaa\u017eijuga<br \/>\n2 d\u00fc\u00fcsid jalgadele<br \/>\n10 alumist \u00f5hupihustit<br \/>\nKiire vee sissevool ja \u00e4ravool<\/p>","protected":false},"excerpt":{"rendered":"<p>Harmony Mediq on multifunktsionaalne luksusklassi spaakapsel. Mitmesugused programmid muudavad energiakookoni ainulaadseks ja mitmek\u00fclgseks f\u00fcsioterapeutiliseks kompleksiks. Klassikalise h\u00fcdrofusiooni ja h\u00fcdroteraapia tehnoloogiate kombinatsioon kroomi- ja aroomiteraapia meetoditega on suunatud kiirele ja t\u00f5husale tervise parandamisele, taaselustamisele ja kogu keha l\u00f5\u00f5gastumisele.<\/p>\n<p>Harmony Mediq spaakapsel on uuenduslik ja k\u00f5ikeh\u00f5lmav l\u00e4henemine tervislikule eluviisile. Kapsel on m\u00f5eldud kaalulangetamiseks, tselluliidi v\u00e4hendamiseks ja nahatooni parandavaks raviks, samuti s\u00fcgavaks l\u00f5\u00f5gastumiseks, f\u00fc\u00fcsilise trauma taastumiseks ja erinevate haiguste ennetamiseks. T\u00e4nu pakutavate funktsioonide mitmek\u00fclgsusele sobib Harmony Mediq spaakapsel spaasalongidesse, spordi-, meditsiini- ja taastusravikeskustesse.<\/p>\n<p>L\u00e4bim\u00f5eldud disain, suurendatud ja pikendatud ergonoomiline voodi v\u00f5imaldavad kliendil mugavalt kapslis lamada, tagades terapeudi vaba juurdep\u00e4\u00e4su energiakookoni m\u00f5lemale k\u00fcljele.<\/p>","protected":false},"featured_media":2038,"comment_status":"open","ping_status":"closed","template":"","meta":{"_acf_changed":false,"site-sidebar-layout":"default","site-content-layout":"","ast-site-content-layout":"default","site-content-style":"default","site-sidebar-style":"default","ast-global-header-display":"","ast-banner-title-visibility":"","ast-main-header-display":"","ast-hfb-above-header-display":"","ast-hfb-below-header-display":"","ast-hfb-mobile-header-display":"","site-post-title":"","ast-breadcrumbs-content":"","ast-featured-img":"","footer-sml-layout":"","ast-disable-related-posts":"","theme-transparent-header-meta":"default","adv-header-id-meta":"","stick-header-meta":"","header-above-stick-meta":"","header-main-stick-meta":"","header-below-stick-meta":"","astra-migrate-meta-layouts":"set","ast-page-background-enabled":"default","ast-page-background-meta":{"desktop":{"background-color":"var(--ast-global-color-4)","background-image":"","background-repeat":"repeat","background-position":"center center","background-size":"auto","background-attachment":"scroll","background-type":"","background-media":"","overlay-type":"","overlay-color":"","overlay-opacity":"","overlay-gradient":""},"tablet":{"background-color":"","background-image":"","background-repeat":"repeat","background-position":"center center","background-size":"auto","background-attachment":"scroll","background-type":"","background-media":"","overlay-type":"","overlay-color":"","overlay-opacity":"","overlay-gradient":""},"mobile":{"background-color":"","background-image":"","background-repeat":"repeat","background-position":"center center","background-size":"auto","background-attachment":"scroll","background-type":"","background-media":"","overlay-type":"","overlay-color":"","overlay-opacity":"","overlay-gradient":""}},"ast-content-background-meta":{"desktop":{"background-color":"var(--ast-global-color-5)","background-image":"","background-repeat":"repeat","background-position":"center center","background-size":"auto","background-attachment":"scroll","background-type":"","background-media":"","overlay-type":"","overlay-color":"","overlay-opacity":"","overlay-gradient":""},"tablet":{"background-color":"var(--ast-global-color-5)","background-image":"","background-repeat":"repeat","background-position":"center center","background-size":"auto","background-attachment":"scroll","background-type":"","background-media":"","overlay-type":"","overlay-color":"","overlay-opacity":"","overlay-gradient":""},"mobile":{"background-color":"var(--ast-global-color-5)","background-image":"","background-repeat":"repeat","background-position":"center center","background-size":"auto","background-attachment":"scroll","background-type":"","background-media":"","overlay-type":"","overlay-color":"","overlay-opacity":"","overlay-gradient":""}}},"product_brand":[],"product_cat":[81,85],"product_tag":[],"class_list":{"0":"post-2037","1":"product","2":"type-product","3":"status-publish","4":"has-post-thumbnail","6":"product_cat-energy-cocoons","7":"product_cat-medical","8":"desktop-align-left","9":"tablet-align-left","10":"mobile-align-left","12":"first","13":"instock","14":"shipping-taxable","15":"product-type-simple"},"acf":[],"yoast_head":"<!-- This site is optimized with the Yoast SEO plugin v27.4 - https:\/\/yoast.com\/product\/yoast-seo-wordpress\/ -->\n<title>Mediq - NEOQI<\/title>\n<meta name=\"robots\" content=\"index, follow, max-snippet:-1, max-image-preview:large, max-video-preview:-1\" \/>\n<link rel=\"canonical\" href=\"https:\/\/neoqi.com\/et\/toode\/mediq\/\" \/>\n<meta property=\"og:locale\" content=\"et_EE\" \/>\n<meta property=\"og:type\" content=\"article\" \/>\n<meta property=\"og:title\" content=\"Mediq - NEOQI\" \/>\n<meta property=\"og:description\" content=\"Harmony Mediq is a multifunctional luxury class spa capsule. The variety of programs turns the energy cocoon into a unique and versatile physiotherapeutic complex. The combination of classical hydrofusion and hydrotherapy technologies with chromo- and aromatherapy methods are aimed at a quick and effective health improvement, reinvigoration and full body relaxation.  The Harmony Mediq spa capsule is an innovative and all-inclusive approach to a healthy lifestyle. The capsule is designated for weight loss, cellulite reduction and skin tone enhancement treatments, as well as deep relaxation, physical trauma recovery and various disease prevention. Owing to the versatility of the provided functions, the Harmony Mediq spa capsule is suitable for spa salons, sports, medical and rehabilitation centers.  A thought-out design, an enlarged and elongated ergonomic bed allow the client to lie comfortably within the capsule, ensuring free access of the therapist to both sides of the energy cocoon.\" \/>\n<meta property=\"og:url\" content=\"https:\/\/neoqi.com\/et\/toode\/mediq\/\" \/>\n<meta property=\"og:site_name\" content=\"NEOQI\" \/>\n<meta property=\"article:publisher\" content=\"https:\/\/www.facebook.com\/neoqi\/\" \/>\n<meta property=\"article:modified_time\" content=\"2024-12-03T15:34:03+00:00\" \/>\n<meta property=\"og:image\" content=\"https:\/\/neoqi.com\/wp-content\/uploads\/2024\/09\/wellness_neoqi_Mediq_71.jpg\" \/>\n\t<meta property=\"og:image:width\" content=\"1200\" \/>\n\t<meta property=\"og:image:height\" content=\"800\" \/>\n\t<meta property=\"og:image:type\" content=\"image\/jpeg\" \/>\n<meta name=\"twitter:card\" content=\"summary_large_image\" \/>\n<meta name=\"twitter:label1\" content=\"Est. reading time\" \/>\n\t<meta name=\"twitter:data1\" content=\"2 minutit\" \/>\n<script type=\"application\/ld+json\" class=\"yoast-schema-graph\">{\"@context\":\"https:\\\/\\\/schema.org\",\"@graph\":[{\"@type\":\"WebPage\",\"@id\":\"https:\\\/\\\/neoqi.com\\\/product\\\/mediq\\\/\",\"url\":\"https:\\\/\\\/neoqi.com\\\/product\\\/mediq\\\/\",\"name\":\"Mediq - NEOQI\",\"isPartOf\":{\"@id\":\"https:\\\/\\\/neoqi.com\\\/#website\"},\"primaryImageOfPage\":{\"@id\":\"https:\\\/\\\/neoqi.com\\\/product\\\/mediq\\\/#primaryimage\"},\"image\":{\"@id\":\"https:\\\/\\\/neoqi.com\\\/product\\\/mediq\\\/#primaryimage\"},\"thumbnailUrl\":\"https:\\\/\\\/neoqi.com\\\/wp-content\\\/uploads\\\/2024\\\/09\\\/wellness_neoqi_Mediq_71.jpg\",\"datePublished\":\"2024-09-05T22:11:17+00:00\",\"dateModified\":\"2024-12-03T15:34:03+00:00\",\"breadcrumb\":{\"@id\":\"https:\\\/\\\/neoqi.com\\\/product\\\/mediq\\\/#breadcrumb\"},\"inLanguage\":\"et\",\"potentialAction\":[{\"@type\":\"ReadAction\",\"target\":[\"https:\\\/\\\/neoqi.com\\\/product\\\/mediq\\\/\"]}]},{\"@type\":\"ImageObject\",\"inLanguage\":\"et\",\"@id\":\"https:\\\/\\\/neoqi.com\\\/product\\\/mediq\\\/#primaryimage\",\"url\":\"https:\\\/\\\/neoqi.com\\\/wp-content\\\/uploads\\\/2024\\\/09\\\/wellness_neoqi_Mediq_71.jpg\",\"contentUrl\":\"https:\\\/\\\/neoqi.com\\\/wp-content\\\/uploads\\\/2024\\\/09\\\/wellness_neoqi_Mediq_71.jpg\",\"width\":1200,\"height\":800},{\"@type\":\"BreadcrumbList\",\"@id\":\"https:\\\/\\\/neoqi.com\\\/product\\\/mediq\\\/#breadcrumb\",\"itemListElement\":[{\"@type\":\"ListItem\",\"position\":1,\"name\":\"Home\",\"item\":\"https:\\\/\\\/neoqi.com\\\/\"},{\"@type\":\"ListItem\",\"position\":2,\"name\":\"Catalog\",\"item\":\"https:\\\/\\\/neoqi.com\\\/it\\\/catalog\\\/\"},{\"@type\":\"ListItem\",\"position\":3,\"name\":\"Mediq\"}]},{\"@type\":\"WebSite\",\"@id\":\"https:\\\/\\\/neoqi.com\\\/#website\",\"url\":\"https:\\\/\\\/neoqi.com\\\/\",\"name\":\"NEOQI\",\"description\":\"Experience Ultimate Wellness and Relaxation with NeoQi Spa Capsule: Your Path to Rejuvenation\",\"publisher\":{\"@id\":\"https:\\\/\\\/neoqi.com\\\/#organization\"},\"potentialAction\":[{\"@type\":\"SearchAction\",\"target\":{\"@type\":\"EntryPoint\",\"urlTemplate\":\"https:\\\/\\\/neoqi.com\\\/?s={search_term_string}\"},\"query-input\":{\"@type\":\"PropertyValueSpecification\",\"valueRequired\":true,\"valueName\":\"search_term_string\"}}],\"inLanguage\":\"et\"},{\"@type\":\"Organization\",\"@id\":\"https:\\\/\\\/neoqi.com\\\/#organization\",\"name\":\"NEOQI\",\"url\":\"https:\\\/\\\/neoqi.com\\\/\",\"logo\":{\"@type\":\"ImageObject\",\"inLanguage\":\"et\",\"@id\":\"https:\\\/\\\/neoqi.com\\\/#\\\/schema\\\/logo\\\/image\\\/\",\"url\":\"https:\\\/\\\/neoqi.com\\\/wp-content\\\/uploads\\\/2024\\\/09\\\/logoneosvg.svg\",\"contentUrl\":\"https:\\\/\\\/neoqi.com\\\/wp-content\\\/uploads\\\/2024\\\/09\\\/logoneosvg.svg\",\"width\":1,\"height\":1,\"caption\":\"NEOQI\"},\"image\":{\"@id\":\"https:\\\/\\\/neoqi.com\\\/#\\\/schema\\\/logo\\\/image\\\/\"},\"sameAs\":[\"https:\\\/\\\/www.facebook.com\\\/neoqi\\\/\",\"https:\\\/\\\/www.instagram.com\\\/neoqi_com\\\/\"]}]}<\/script>\n<!-- \/ Yoast SEO plugin. -->","yoast_head_json":{"title":"Mediq - NEOQI","robots":{"index":"index","follow":"follow","max-snippet":"max-snippet:-1","max-image-preview":"max-image-preview:large","max-video-preview":"max-video-preview:-1"},"canonical":"https:\/\/neoqi.com\/et\/toode\/mediq\/","og_locale":"et_EE","og_type":"article","og_title":"Mediq - NEOQI","og_description":"Harmony Mediq is a multifunctional luxury class spa capsule. The variety of programs turns the energy cocoon into a unique and versatile physiotherapeutic complex. The combination of classical hydrofusion and hydrotherapy technologies with chromo- and aromatherapy methods are aimed at a quick and effective health improvement, reinvigoration and full body relaxation.  The Harmony Mediq spa capsule is an innovative and all-inclusive approach to a healthy lifestyle. The capsule is designated for weight loss, cellulite reduction and skin tone enhancement treatments, as well as deep relaxation, physical trauma recovery and various disease prevention. Owing to the versatility of the provided functions, the Harmony Mediq spa capsule is suitable for spa salons, sports, medical and rehabilitation centers.  A thought-out design, an enlarged and elongated ergonomic bed allow the client to lie comfortably within the capsule, ensuring free access of the therapist to both sides of the energy cocoon.","og_url":"https:\/\/neoqi.com\/et\/toode\/mediq\/","og_site_name":"NEOQI","article_publisher":"https:\/\/www.facebook.com\/neoqi\/","article_modified_time":"2024-12-03T15:34:03+00:00","og_image":[{"width":1200,"height":800,"url":"https:\/\/neoqi.com\/wp-content\/uploads\/2024\/09\/wellness_neoqi_Mediq_71.jpg","type":"image\/jpeg"}],"twitter_card":"summary_large_image","twitter_misc":{"Est. reading time":"2 minutit"},"schema":{"@context":"https:\/\/schema.org","@graph":[{"@type":"WebPage","@id":"https:\/\/neoqi.com\/product\/mediq\/","url":"https:\/\/neoqi.com\/product\/mediq\/","name":"Mediq - NEOQI","isPartOf":{"@id":"https:\/\/neoqi.com\/#website"},"primaryImageOfPage":{"@id":"https:\/\/neoqi.com\/product\/mediq\/#primaryimage"},"image":{"@id":"https:\/\/neoqi.com\/product\/mediq\/#primaryimage"},"thumbnailUrl":"https:\/\/neoqi.com\/wp-content\/uploads\/2024\/09\/wellness_neoqi_Mediq_71.jpg","datePublished":"2024-09-05T22:11:17+00:00","dateModified":"2024-12-03T15:34:03+00:00","breadcrumb":{"@id":"https:\/\/neoqi.com\/product\/mediq\/#breadcrumb"},"inLanguage":"et","potentialAction":[{"@type":"ReadAction","target":["https:\/\/neoqi.com\/product\/mediq\/"]}]},{"@type":"ImageObject","inLanguage":"et","@id":"https:\/\/neoqi.com\/product\/mediq\/#primaryimage","url":"https:\/\/neoqi.com\/wp-content\/uploads\/2024\/09\/wellness_neoqi_Mediq_71.jpg","contentUrl":"https:\/\/neoqi.com\/wp-content\/uploads\/2024\/09\/wellness_neoqi_Mediq_71.jpg","width":1200,"height":800},{"@type":"BreadcrumbList","@id":"https:\/\/neoqi.com\/product\/mediq\/#breadcrumb","itemListElement":[{"@type":"ListItem","position":1,"name":"Home","item":"https:\/\/neoqi.com\/"},{"@type":"ListItem","position":2,"name":"Catalog","item":"https:\/\/neoqi.com\/it\/catalog\/"},{"@type":"ListItem","position":3,"name":"Mediq"}]},{"@type":"WebSite","@id":"https:\/\/neoqi.com\/#website","url":"https:\/\/neoqi.com\/","name":"NEOQI","description":"Kogege \u00fclimat heaolu ja l\u00f5\u00f5gastust NeoQi Spa kapsliga: Teie tee noorendamiseni","publisher":{"@id":"https:\/\/neoqi.com\/#organization"},"potentialAction":[{"@type":"SearchAction","target":{"@type":"EntryPoint","urlTemplate":"https:\/\/neoqi.com\/?s={search_term_string}"},"query-input":{"@type":"PropertyValueSpecification","valueRequired":true,"valueName":"search_term_string"}}],"inLanguage":"et"},{"@type":"Organization","@id":"https:\/\/neoqi.com\/#organization","name":"NEOQI","url":"https:\/\/neoqi.com\/","logo":{"@type":"ImageObject","inLanguage":"et","@id":"https:\/\/neoqi.com\/#\/schema\/logo\/image\/","url":"https:\/\/neoqi.com\/wp-content\/uploads\/2024\/09\/logoneosvg.svg","contentUrl":"https:\/\/neoqi.com\/wp-content\/uploads\/2024\/09\/logoneosvg.svg","width":1,"height":1,"caption":"NEOQI"},"image":{"@id":"https:\/\/neoqi.com\/#\/schema\/logo\/image\/"},"sameAs":["https:\/\/www.facebook.com\/neoqi\/","https:\/\/www.instagram.com\/neoqi_com\/"]}]}},"_links":{"self":[{"href":"https:\/\/neoqi.com\/et\/wp-json\/wp\/v2\/product\/2037","targetHints":{"allow":["GET"]}}],"collection":[{"href":"https:\/\/neoqi.com\/et\/wp-json\/wp\/v2\/product"}],"about":[{"href":"https:\/\/neoqi.com\/et\/wp-json\/wp\/v2\/types\/product"}],"replies":[{"embeddable":true,"href":"https:\/\/neoqi.com\/et\/wp-json\/wp\/v2\/comments?post=2037"}],"wp:featuredmedia":[{"embeddable":true,"href":"https:\/\/neoqi.com\/et\/wp-json\/wp\/v2\/media\/2038"}],"wp:attachment":[{"href":"https:\/\/neoqi.com\/et\/wp-json\/wp\/v2\/media?parent=2037"}],"wp:term":[{"taxonomy":"product_brand","embeddable":true,"href":"https:\/\/neoqi.com\/et\/wp-json\/wp\/v2\/product_brand?post=2037"},{"taxonomy":"product_cat","embeddable":true,"href":"https:\/\/neoqi.com\/et\/wp-json\/wp\/v2\/product_cat?post=2037"},{"taxonomy":"product_tag","embeddable":true,"href":"https:\/\/neoqi.com\/et\/wp-json\/wp\/v2\/product_tag?post=2037"}],"curies":[{"name":"wp","href":"https:\/\/api.w.org\/{rel}","templated":true}]}}