{"id":2051,"date":"2024-09-06T03:17:40","date_gmt":"2024-09-06T00:17:40","guid":{"rendered":"http:\/\/neoqi.com\/?post_type=product&#038;p=2051"},"modified":"2024-12-03T18:34:21","modified_gmt":"2024-12-03T15:34:21","slug":"mediq-oxy","status":"publish","type":"product","link":"https:\/\/neoqi.com\/et\/toode\/mediq-oxy\/","title":{"rendered":"Mediq Oxy"},"content":{"rendered":"<p><strong>NeoQi\u00ae Mediq Oxy peamised ravimeetodid<\/strong><\/p>\n<p><strong>H\u00fcdrofusioon.<\/strong> Uus viis oma keha hooldamiseks, mis p\u00f5hineb auru ja infrapunasoojuse samaaegsel toimel. Infrapunakiired tungivad s\u00fcgavamale, soojendades kudesid seestpoolt, samal ajal kui aur \u00fcmbritseb keha \u00f5rnalt niiskesse udusse. Seansi ajal aktiveerub oluliselt vereringe ja lipol\u00fc\u00fcsi protsess, keha puhastub toksiinidest, lihasvalu ja -spasmid leevenduvad. H\u00fcdrofusioon suurendab ka kasutatavate kosmeetiliste \u00fchendite m\u00f5ju - k\u00f5ige v\u00e4\u00e4rtuslikumad ja kasulikumad ained tungivad s\u00fcgavale naha sisse, toidavad, niisutavad ja taastavad seda.<\/p>\n<p><strong>H\u00fcdroteraapiahooldus koos aeromassaa\u017eiga.<\/strong> Automaatne veealune massaa\u017e m\u00f5jub keha k\u00f5ige probleemsematele piirkondadele ja v\u00f5imaldab stimuleerida samaaegselt k\u00f5ige olulisemaid refleksipiirkondi. Aeromassaa\u017e annab lihastele l\u00f5\u00f5gastust, stimuleerib vere- ja l\u00fcmfiringlust, korrigeerib kehakontuure, annab nahale tagasi selle elastsuse, pehmuse ja elastsuse, aitab vabaneda p\u00fcsivast stressist ja unetusest ning leevendab vaimset \u00fclepinget.<\/p>\n<p><strong>Vichy du\u0161\u0161\/k\u00e4sihooldus.<\/strong> Vichy du\u0161\u0161 on kehale m\u00f5eldud h\u00fcdroterapeutiline hooldus, mis soodustab selle salendamist ja tugevdamist. Hoolitsuse ajal valatakse kogu keha \u00f5hukeste veejugadega, mis pakuvad \u00f5rna ja intensiivset massaa\u017ei. Temperatuuride vaheldumine seansi ajal aitab nahka ja pehmeid kudesid kiiresti ja t\u00f5husalt toniseerida. Vichy du\u0161\u0161 l\u00f5dvestab keha s\u00fcgavalt, eemaldab toksiine, puhastab nahka ja aitab \u00fcletada igap\u00e4evast stressi ja v\u00e4simust.<\/p>\n<p>T\u00e4nu k\u00e4sidu\u0161i funktsioonile saab ravispetsialist \u00fclej\u00e4\u00e4nud kosmeetilised \u00fchendid mugavalt maha loputada kapsli sees, mis tagab kliendi t\u00e4ieliku l\u00f5dvestumise ja liikumatuse l\u00e4biviidava spaa-rituaali ajal.<\/p>\n<p><strong>Naha- ja kehahooldus.<\/strong> Paku oma klientidele kuivi ja m\u00e4rgmassaa\u017ee, kogu keha koorimist, vispeldamist ja talassoteraapia seansse, kus kasutatakse merevetikaid, soola ja muda. Lisafunktsioonide, nagu vibromassaa\u017e, aroomi- ja kromoteraapia kasutamine v\u00f5imaldab patsientidel tunda maailma parimate spaakuurortide tervislikku atmosf\u00e4\u00e4ri, l\u00f5\u00f5gastuda ja taastada j\u00f5ud, parandada naha seisundit ja keha \u00fcldist tervist.<\/p>\n<p>Erineva intensiivsusega vibratsioonimassaa\u017e aktiveerib k\u00f5iki keha f\u00fcsioloogilisi protsesse, mis on vajalikud noorendamiseks, n\u00e4rvis\u00fcsteemi toimimise normaliseerimiseks ja lihastoonuse t\u00f5stmiseks. Vibromassaa\u017ei v\u00f5ib kasutada mitte ainult lihaste l\u00f5dvestamiseks, vaid ka luu- ja lihaskonna ning keskn\u00e4rvis\u00fcsteemi haiguste, radikuliidi, osteokondroosi, samuti f\u00fc\u00fcsilise trauma j\u00e4rgse taastumise raviks.<\/p>\n<p><strong>Kirjeldus<\/strong><\/p>\n<p>Infrapunasaun<br \/>\nAurusaun<br \/>\nAroomiteraapia<br \/>\nVichy du\u0161\u0161<br \/>\nVibreeriv ravilaud<br \/>\nV\u00e4rvitulede s\u00fcsteem<br \/>\n\u00d5humullide massaa\u017e<br \/>\nMuusikas\u00fcsteem (MP3)<br \/>\nN\u00e4o jahutusventilaator<br \/>\nK\u00e4si du\u0161\u0161<br \/>\n10 alumist \u00f5hupihustit<br \/>\nKiire vee sissevool ja \u00e4ravool<\/p>\n<p>&nbsp;<\/p>","protected":false},"excerpt":{"rendered":"<p>Mediq Oxy spaakapsel on v\u00f5imas h\u00fcdro- ja f\u00fcsioteraapiline kompleks, mis pakub kogu spektri tervislikke spaahoolitsusi. Selle energiakookoni ainulaadseks omaduseks on hapnikukontsentraator, millega see on varustatud, mis l\u00e4bib naha hapnikuga spaarituaalide ajal. Keha rikastamine hapnikuga m\u00f5jub noorendavalt, normaliseerib verer\u00f5hku, taastab uner\u00fctmi ja parandab \u00fcldist heaolu.<\/p>\n<p>Spa-kapsli funktsioonid v\u00f5imaldavad teostada t\u00f5husaid kaalulangetamise, kehakuju korrigeerimise ja tselluliidi v\u00e4hendamise programme. Garanteeritud tulemused saavutatakse hoolitsuste abil, mis on suunatud naha toonuse ja elastsuse parandamisele, s\u00fcgavale l\u00f5\u00f5gastumisele, kiirele taastumisele p\u00e4rast f\u00fc\u00fcsilist traumat ja erinevate haiguste ennetamisele. Energiakookon loob ainulaadse keskkonna, mis aitab v\u00f5idelda kroonilise kurnatuse ja stressiga, asetades patsiendi t\u00e4ieliku harmoonia ja absoluutse \u00f5nne seisundisse. Isegi l\u00fchike seanss Mediq Oxy spaakapslis v\u00f5imaldab t\u00e4ielikult puhata ja eluj\u00f5ude t\u00e4iendada.<\/p>\n<p>Mediq Oxy spaakapsel on spetsiaalselt loodud spaasalongide, meditsiini-, spordi- ja taastusravikeskuste jaoks.<\/p>","protected":false},"featured_media":2052,"comment_status":"open","ping_status":"closed","template":"","meta":{"_acf_changed":false,"site-sidebar-layout":"default","site-content-layout":"","ast-site-content-layout":"default","site-content-style":"default","site-sidebar-style":"default","ast-global-header-display":"","ast-banner-title-visibility":"","ast-main-header-display":"","ast-hfb-above-header-display":"","ast-hfb-below-header-display":"","ast-hfb-mobile-header-display":"","site-post-title":"","ast-breadcrumbs-content":"","ast-featured-img":"","footer-sml-layout":"","ast-disable-related-posts":"","theme-transparent-header-meta":"default","adv-header-id-meta":"","stick-header-meta":"","header-above-stick-meta":"","header-main-stick-meta":"","header-below-stick-meta":"","astra-migrate-meta-layouts":"set","ast-page-background-enabled":"default","ast-page-background-meta":{"desktop":{"background-color":"var(--ast-global-color-4)","background-image":"","background-repeat":"repeat","background-position":"center center","background-size":"auto","background-attachment":"scroll","background-type":"","background-media":"","overlay-type":"","overlay-color":"","overlay-opacity":"","overlay-gradient":""},"tablet":{"background-color":"","background-image":"","background-repeat":"repeat","background-position":"center center","background-size":"auto","background-attachment":"scroll","background-type":"","background-media":"","overlay-type":"","overlay-color":"","overlay-opacity":"","overlay-gradient":""},"mobile":{"background-color":"","background-image":"","background-repeat":"repeat","background-position":"center center","background-size":"auto","background-attachment":"scroll","background-type":"","background-media":"","overlay-type":"","overlay-color":"","overlay-opacity":"","overlay-gradient":""}},"ast-content-background-meta":{"desktop":{"background-color":"var(--ast-global-color-5)","background-image":"","background-repeat":"repeat","background-position":"center center","background-size":"auto","background-attachment":"scroll","background-type":"","background-media":"","overlay-type":"","overlay-color":"","overlay-opacity":"","overlay-gradient":""},"tablet":{"background-color":"var(--ast-global-color-5)","background-image":"","background-repeat":"repeat","background-position":"center center","background-size":"auto","background-attachment":"scroll","background-type":"","background-media":"","overlay-type":"","overlay-color":"","overlay-opacity":"","overlay-gradient":""},"mobile":{"background-color":"var(--ast-global-color-5)","background-image":"","background-repeat":"repeat","background-position":"center center","background-size":"auto","background-attachment":"scroll","background-type":"","background-media":"","overlay-type":"","overlay-color":"","overlay-opacity":"","overlay-gradient":""}}},"product_brand":[],"product_cat":[81,85],"product_tag":[],"class_list":{"0":"post-2051","1":"product","2":"type-product","3":"status-publish","4":"has-post-thumbnail","6":"product_cat-energy-cocoons","7":"product_cat-medical","8":"desktop-align-left","9":"tablet-align-left","10":"mobile-align-left","12":"first","13":"instock","14":"shipping-taxable","15":"product-type-simple"},"acf":[],"yoast_head":"<!-- This site is optimized with the Yoast SEO plugin v27.4 - https:\/\/yoast.com\/product\/yoast-seo-wordpress\/ -->\n<title>Mediq Oxy - NEOQI<\/title>\n<meta name=\"robots\" content=\"index, follow, max-snippet:-1, max-image-preview:large, max-video-preview:-1\" \/>\n<link rel=\"canonical\" href=\"https:\/\/neoqi.com\/et\/toode\/mediq-oxy\/\" \/>\n<meta property=\"og:locale\" content=\"et_EE\" \/>\n<meta property=\"og:type\" content=\"article\" \/>\n<meta property=\"og:title\" content=\"Mediq Oxy - NEOQI\" \/>\n<meta property=\"og:description\" content=\"The Mediq Oxy spa capsule is a powerful hydro- and physiotherapeutic complex that offers a full spectrum of wholesome spa treatments. The unique feature of this energy cocoon is the oxygen concentrator that it is equipped with, which imbues the skin with oxygen during the spa rituals. Enriching the body with oxygen has a rejuvenating effect, normalizes blood pressure, restores sleep rhythm and improve general well-being.  The spa capsule functions allow carrying out effective weight loss, body shape correction and cellulite reduction programs. Guaranteed results are achieved by carrying out treatments that are aimed at skin tone and elasticity enhancing, deep relaxation, quick recovery after physical trauma and different disease prevention. The energy cocoon creates a unique environment that helps battle chronic exhaustion and stress, putting the patient in the state of complete harmony and absolute happiness. Even a short session in the Mediq Oxy spa capsule allows fully resting and replenishing vital forces.  The Mediq Oxy spa capsule was specifically designed for spa salons, medical, sports and rehabilitation centers.\" \/>\n<meta property=\"og:url\" content=\"https:\/\/neoqi.com\/et\/toode\/mediq-oxy\/\" \/>\n<meta property=\"og:site_name\" content=\"NEOQI\" \/>\n<meta property=\"article:publisher\" content=\"https:\/\/www.facebook.com\/neoqi\/\" \/>\n<meta property=\"article:modified_time\" content=\"2024-12-03T15:34:21+00:00\" \/>\n<meta property=\"og:image\" content=\"https:\/\/neoqi.com\/wp-content\/uploads\/2024\/09\/wellness_neoqi_Mediq_71-2.jpg\" \/>\n\t<meta property=\"og:image:width\" content=\"1200\" \/>\n\t<meta property=\"og:image:height\" content=\"800\" \/>\n\t<meta property=\"og:image:type\" content=\"image\/jpeg\" \/>\n<meta name=\"twitter:card\" content=\"summary_large_image\" \/>\n<meta name=\"twitter:label1\" content=\"Est. reading time\" \/>\n\t<meta name=\"twitter:data1\" content=\"2 minutit\" \/>\n<script type=\"application\/ld+json\" class=\"yoast-schema-graph\">{\"@context\":\"https:\\\/\\\/schema.org\",\"@graph\":[{\"@type\":\"WebPage\",\"@id\":\"https:\\\/\\\/neoqi.com\\\/product\\\/mediq-oxy\\\/\",\"url\":\"https:\\\/\\\/neoqi.com\\\/product\\\/mediq-oxy\\\/\",\"name\":\"Mediq Oxy - NEOQI\",\"isPartOf\":{\"@id\":\"https:\\\/\\\/neoqi.com\\\/#website\"},\"primaryImageOfPage\":{\"@id\":\"https:\\\/\\\/neoqi.com\\\/product\\\/mediq-oxy\\\/#primaryimage\"},\"image\":{\"@id\":\"https:\\\/\\\/neoqi.com\\\/product\\\/mediq-oxy\\\/#primaryimage\"},\"thumbnailUrl\":\"https:\\\/\\\/neoqi.com\\\/wp-content\\\/uploads\\\/2024\\\/09\\\/wellness_neoqi_Mediq_71-2.jpg\",\"datePublished\":\"2024-09-06T00:17:40+00:00\",\"dateModified\":\"2024-12-03T15:34:21+00:00\",\"breadcrumb\":{\"@id\":\"https:\\\/\\\/neoqi.com\\\/product\\\/mediq-oxy\\\/#breadcrumb\"},\"inLanguage\":\"et\",\"potentialAction\":[{\"@type\":\"ReadAction\",\"target\":[\"https:\\\/\\\/neoqi.com\\\/product\\\/mediq-oxy\\\/\"]}]},{\"@type\":\"ImageObject\",\"inLanguage\":\"et\",\"@id\":\"https:\\\/\\\/neoqi.com\\\/product\\\/mediq-oxy\\\/#primaryimage\",\"url\":\"https:\\\/\\\/neoqi.com\\\/wp-content\\\/uploads\\\/2024\\\/09\\\/wellness_neoqi_Mediq_71-2.jpg\",\"contentUrl\":\"https:\\\/\\\/neoqi.com\\\/wp-content\\\/uploads\\\/2024\\\/09\\\/wellness_neoqi_Mediq_71-2.jpg\",\"width\":1200,\"height\":800},{\"@type\":\"BreadcrumbList\",\"@id\":\"https:\\\/\\\/neoqi.com\\\/product\\\/mediq-oxy\\\/#breadcrumb\",\"itemListElement\":[{\"@type\":\"ListItem\",\"position\":1,\"name\":\"Home\",\"item\":\"https:\\\/\\\/neoqi.com\\\/\"},{\"@type\":\"ListItem\",\"position\":2,\"name\":\"Catalog\",\"item\":\"https:\\\/\\\/neoqi.com\\\/it\\\/catalog\\\/\"},{\"@type\":\"ListItem\",\"position\":3,\"name\":\"Mediq Oxy\"}]},{\"@type\":\"WebSite\",\"@id\":\"https:\\\/\\\/neoqi.com\\\/#website\",\"url\":\"https:\\\/\\\/neoqi.com\\\/\",\"name\":\"NEOQI\",\"description\":\"Experience Ultimate Wellness and Relaxation with NeoQi Spa Capsule: Your Path to Rejuvenation\",\"publisher\":{\"@id\":\"https:\\\/\\\/neoqi.com\\\/#organization\"},\"potentialAction\":[{\"@type\":\"SearchAction\",\"target\":{\"@type\":\"EntryPoint\",\"urlTemplate\":\"https:\\\/\\\/neoqi.com\\\/?s={search_term_string}\"},\"query-input\":{\"@type\":\"PropertyValueSpecification\",\"valueRequired\":true,\"valueName\":\"search_term_string\"}}],\"inLanguage\":\"et\"},{\"@type\":\"Organization\",\"@id\":\"https:\\\/\\\/neoqi.com\\\/#organization\",\"name\":\"NEOQI\",\"url\":\"https:\\\/\\\/neoqi.com\\\/\",\"logo\":{\"@type\":\"ImageObject\",\"inLanguage\":\"et\",\"@id\":\"https:\\\/\\\/neoqi.com\\\/#\\\/schema\\\/logo\\\/image\\\/\",\"url\":\"https:\\\/\\\/neoqi.com\\\/wp-content\\\/uploads\\\/2024\\\/09\\\/logoneosvg.svg\",\"contentUrl\":\"https:\\\/\\\/neoqi.com\\\/wp-content\\\/uploads\\\/2024\\\/09\\\/logoneosvg.svg\",\"width\":1,\"height\":1,\"caption\":\"NEOQI\"},\"image\":{\"@id\":\"https:\\\/\\\/neoqi.com\\\/#\\\/schema\\\/logo\\\/image\\\/\"},\"sameAs\":[\"https:\\\/\\\/www.facebook.com\\\/neoqi\\\/\",\"https:\\\/\\\/www.instagram.com\\\/neoqi_com\\\/\"]}]}<\/script>\n<!-- \/ Yoast SEO plugin. -->","yoast_head_json":{"title":"Mediq Oxy - NEOQI","robots":{"index":"index","follow":"follow","max-snippet":"max-snippet:-1","max-image-preview":"max-image-preview:large","max-video-preview":"max-video-preview:-1"},"canonical":"https:\/\/neoqi.com\/et\/toode\/mediq-oxy\/","og_locale":"et_EE","og_type":"article","og_title":"Mediq Oxy - NEOQI","og_description":"The Mediq Oxy spa capsule is a powerful hydro- and physiotherapeutic complex that offers a full spectrum of wholesome spa treatments. The unique feature of this energy cocoon is the oxygen concentrator that it is equipped with, which imbues the skin with oxygen during the spa rituals. Enriching the body with oxygen has a rejuvenating effect, normalizes blood pressure, restores sleep rhythm and improve general well-being.  The spa capsule functions allow carrying out effective weight loss, body shape correction and cellulite reduction programs. Guaranteed results are achieved by carrying out treatments that are aimed at skin tone and elasticity enhancing, deep relaxation, quick recovery after physical trauma and different disease prevention. The energy cocoon creates a unique environment that helps battle chronic exhaustion and stress, putting the patient in the state of complete harmony and absolute happiness. Even a short session in the Mediq Oxy spa capsule allows fully resting and replenishing vital forces.  The Mediq Oxy spa capsule was specifically designed for spa salons, medical, sports and rehabilitation centers.","og_url":"https:\/\/neoqi.com\/et\/toode\/mediq-oxy\/","og_site_name":"NEOQI","article_publisher":"https:\/\/www.facebook.com\/neoqi\/","article_modified_time":"2024-12-03T15:34:21+00:00","og_image":[{"width":1200,"height":800,"url":"https:\/\/neoqi.com\/wp-content\/uploads\/2024\/09\/wellness_neoqi_Mediq_71-2.jpg","type":"image\/jpeg"}],"twitter_card":"summary_large_image","twitter_misc":{"Est. reading time":"2 minutit"},"schema":{"@context":"https:\/\/schema.org","@graph":[{"@type":"WebPage","@id":"https:\/\/neoqi.com\/product\/mediq-oxy\/","url":"https:\/\/neoqi.com\/product\/mediq-oxy\/","name":"Mediq Oxy - NEOQI","isPartOf":{"@id":"https:\/\/neoqi.com\/#website"},"primaryImageOfPage":{"@id":"https:\/\/neoqi.com\/product\/mediq-oxy\/#primaryimage"},"image":{"@id":"https:\/\/neoqi.com\/product\/mediq-oxy\/#primaryimage"},"thumbnailUrl":"https:\/\/neoqi.com\/wp-content\/uploads\/2024\/09\/wellness_neoqi_Mediq_71-2.jpg","datePublished":"2024-09-06T00:17:40+00:00","dateModified":"2024-12-03T15:34:21+00:00","breadcrumb":{"@id":"https:\/\/neoqi.com\/product\/mediq-oxy\/#breadcrumb"},"inLanguage":"et","potentialAction":[{"@type":"ReadAction","target":["https:\/\/neoqi.com\/product\/mediq-oxy\/"]}]},{"@type":"ImageObject","inLanguage":"et","@id":"https:\/\/neoqi.com\/product\/mediq-oxy\/#primaryimage","url":"https:\/\/neoqi.com\/wp-content\/uploads\/2024\/09\/wellness_neoqi_Mediq_71-2.jpg","contentUrl":"https:\/\/neoqi.com\/wp-content\/uploads\/2024\/09\/wellness_neoqi_Mediq_71-2.jpg","width":1200,"height":800},{"@type":"BreadcrumbList","@id":"https:\/\/neoqi.com\/product\/mediq-oxy\/#breadcrumb","itemListElement":[{"@type":"ListItem","position":1,"name":"Home","item":"https:\/\/neoqi.com\/"},{"@type":"ListItem","position":2,"name":"Catalog","item":"https:\/\/neoqi.com\/it\/catalog\/"},{"@type":"ListItem","position":3,"name":"Mediq Oxy"}]},{"@type":"WebSite","@id":"https:\/\/neoqi.com\/#website","url":"https:\/\/neoqi.com\/","name":"NEOQI","description":"Kogege \u00fclimat heaolu ja l\u00f5\u00f5gastust NeoQi Spa kapsliga: Teie tee noorendamiseni","publisher":{"@id":"https:\/\/neoqi.com\/#organization"},"potentialAction":[{"@type":"SearchAction","target":{"@type":"EntryPoint","urlTemplate":"https:\/\/neoqi.com\/?s={search_term_string}"},"query-input":{"@type":"PropertyValueSpecification","valueRequired":true,"valueName":"search_term_string"}}],"inLanguage":"et"},{"@type":"Organization","@id":"https:\/\/neoqi.com\/#organization","name":"NEOQI","url":"https:\/\/neoqi.com\/","logo":{"@type":"ImageObject","inLanguage":"et","@id":"https:\/\/neoqi.com\/#\/schema\/logo\/image\/","url":"https:\/\/neoqi.com\/wp-content\/uploads\/2024\/09\/logoneosvg.svg","contentUrl":"https:\/\/neoqi.com\/wp-content\/uploads\/2024\/09\/logoneosvg.svg","width":1,"height":1,"caption":"NEOQI"},"image":{"@id":"https:\/\/neoqi.com\/#\/schema\/logo\/image\/"},"sameAs":["https:\/\/www.facebook.com\/neoqi\/","https:\/\/www.instagram.com\/neoqi_com\/"]}]}},"_links":{"self":[{"href":"https:\/\/neoqi.com\/et\/wp-json\/wp\/v2\/product\/2051","targetHints":{"allow":["GET"]}}],"collection":[{"href":"https:\/\/neoqi.com\/et\/wp-json\/wp\/v2\/product"}],"about":[{"href":"https:\/\/neoqi.com\/et\/wp-json\/wp\/v2\/types\/product"}],"replies":[{"embeddable":true,"href":"https:\/\/neoqi.com\/et\/wp-json\/wp\/v2\/comments?post=2051"}],"wp:featuredmedia":[{"embeddable":true,"href":"https:\/\/neoqi.com\/et\/wp-json\/wp\/v2\/media\/2052"}],"wp:attachment":[{"href":"https:\/\/neoqi.com\/et\/wp-json\/wp\/v2\/media?parent=2051"}],"wp:term":[{"taxonomy":"product_brand","embeddable":true,"href":"https:\/\/neoqi.com\/et\/wp-json\/wp\/v2\/product_brand?post=2051"},{"taxonomy":"product_cat","embeddable":true,"href":"https:\/\/neoqi.com\/et\/wp-json\/wp\/v2\/product_cat?post=2051"},{"taxonomy":"product_tag","embeddable":true,"href":"https:\/\/neoqi.com\/et\/wp-json\/wp\/v2\/product_tag?post=2051"}],"curies":[{"name":"wp","href":"https:\/\/api.w.org\/{rel}","templated":true}]}}