{"id":2065,"date":"2024-09-06T02:24:49","date_gmt":"2024-09-05T23:24:49","guid":{"rendered":"http:\/\/neoqi.com\/?post_type=product&#038;p=2065"},"modified":"2024-12-03T18:34:12","modified_gmt":"2024-12-03T15:34:12","slug":"atlantic","status":"publish","type":"product","link":"https:\/\/neoqi.com\/et\/toode\/atlantic\/","title":{"rendered":"Atlantic"},"content":{"rendered":"<p><strong>NeoQi\u00ae Atlantic'i peamised ravimeetodid<\/strong><\/p>\n<p><strong>Soojahooldus (aur ja\/v\u00f5i infrapunasaun).<\/strong> Termoteraapia auru ja infrapunasoojuse abil on vanni parimate traditsioonide kehastus. Aurusaun ja infrapunakiired tekitavad kehale vaid meeldivaid tundeid t\u00e4nu pehmele m\u00f5jule. Nahk, lihased ja liigesed soojendatakse s\u00fcgavuti, aktiveeritakse vereringet ja rasvkoe l\u00f5hustumise protsessi, millele j\u00e4rgneb p\u00f5hjalik puhastus toksiinidest ja ballastainetest.<\/p>\n<p><strong>Balneoteraapia.<\/strong> See on populaarne ja t\u00f5hus meetod keha tervendamiseks ja noorendamiseks. Vann on t\u00e4idetud sooja veega, millele on lisatud erinevaid lisandeid: mere vetikad, sool, muda, eeterlikud \u00f5lid. Lisaks ennetavatele omadustele mitmete haiguste vastu, on sellistel hoolitsustel ka v\u00f5imas iluefekt. Balneoteraapiat kasutatakse kehakaalu langetamiseks, stressi leevendamiseks, niisutamiseks ja nahatooni parandamiseks.<\/p>\n<p><strong>Vichy du\u0161\u0161\/k\u00e4sidu\u0161\u0161.<\/strong> Vichy du\u0161\u0161 on kehavesiravi, mille k\u00e4igus keha masseeritakse \u00f5rnalt v\u00e4ikeste veevoogudega. Hoolitsus parandab salenemist ja tugevdab immuuns\u00fcsteemi. Vichy du\u0161\u0161 m\u00f5jub kehale maksimaalselt l\u00f5\u00f5gastavalt, puhastab nahka, eemaldab toksiine, aitab \u00fcletada stressi ja parandab \u00fcldist vastupidavust.<br \/>\nKeha koorimine. Koorimine on tundliku, deh\u00fcdreeritud, l\u00f5tvunud ja vananeva naha taastamise ja taastamise viis. Hooldus annab nahale terve s\u00e4ra, eemaldab v\u00e4simuse m\u00e4rgid ja pinguldab t\u00f5husalt. Nahk muutub pehmeks, sametiseks ja elastseks.<\/p>\n<p><strong>\u00d5limassaa\u017e.<\/strong> Vajalik ravi lihaste pingete ja valu leevendamiseks, figuuri korrigeerimiseks, samuti vaimse harmoonia taastamiseks. Spetsiaalsete tehnikate kogum koos eeterlike \u00f5lide koostisega v\u00f5imaldab kiirendada ainevahetust, taastada naha elastsust ja toonust, v\u00e4hendada keha mahtu ja ennetada rasvade ladestumisprotsesse.<br \/>\nT\u00e4iskeha m\u00e4his koos kosmeetiliste maskide kasutamisega. Wraps on k\u00f5ige populaarsem ja hellitavam SPA-rituaal, mille eesm\u00e4rk on rikastada nahka kasulike vitamiinide ja mineraalidega, p\u00f5letada keharasva, taastada, toita ja noorendada nahka. P\u00e4rast hoolitsust muutub nahk pehmeks, elastseks ja uskumatult siledaks.<\/p>\n<p><strong>Kirjeldus<\/strong><\/p>\n<p>Infrapunasaun<br \/>\nAurusaun<br \/>\nAroomiteraapia<br \/>\nVichy du\u0161\u0161<br \/>\nVibreeriv ravilaud<br \/>\nV\u00e4rvitulede s\u00fcsteem<br \/>\nMuusikas\u00fcsteem (MP3)<br \/>\nN\u00e4o jahutusventilaator<br \/>\nK\u00e4si du\u0161\u0161<\/p>","protected":false},"excerpt":{"rendered":"<p>SPA-kapsel Atlantic on loodud k\u00f5iki Mediq-mudeli eeliseid silmas pidades ning selle eesm\u00e4rk on \u00fchendada nii puhke- kui ka esteetilised funktsioonid. Energiakookon Atlantic omab laia ja piklikku ergonoomilist voodit, mis tagab kliendi mugavuse kapslis, v\u00f5imaldades ekspertidele vaba juurdep\u00e4\u00e4su \u00fcksuse igale k\u00fcljele.<\/p>\n<p>Atlantic on varustatud k\u00f5igi vajalike termo- ja h\u00fcdroteraapia funktsioonidega: auru- ja infrapunasaun, samuti Vichy du\u0161\u0161, mis annavad v\u00f5imaluse teostada SPA-salongides k\u00f5ige populaarsemaid ja t\u00f5husamaid hoolitsusi. Kroom- ja aroomiteraapia suurendavad veelgi m\u00f5nusat kogemust kookonis.<\/p>\n<p>See uuendatud s\u00fcsteem on spetsiaalselt loodud selleks, et saavutada parimad ja k\u00f5ige n\u00e4htavamad tulemused k\u00f5igist SPA-rituaalidest. L\u00f5ppude l\u00f5puks on t\u00e4iuslik figuur ennek\u00f5ike keha, mille eest on korralikult hoolitsetud.<\/p>","protected":false},"featured_media":2066,"comment_status":"open","ping_status":"closed","template":"","meta":{"_acf_changed":false,"site-sidebar-layout":"default","site-content-layout":"","ast-site-content-layout":"default","site-content-style":"default","site-sidebar-style":"default","ast-global-header-display":"","ast-banner-title-visibility":"","ast-main-header-display":"","ast-hfb-above-header-display":"","ast-hfb-below-header-display":"","ast-hfb-mobile-header-display":"","site-post-title":"","ast-breadcrumbs-content":"","ast-featured-img":"","footer-sml-layout":"","ast-disable-related-posts":"","theme-transparent-header-meta":"default","adv-header-id-meta":"","stick-header-meta":"","header-above-stick-meta":"","header-main-stick-meta":"","header-below-stick-meta":"","astra-migrate-meta-layouts":"set","ast-page-background-enabled":"default","ast-page-background-meta":{"desktop":{"background-color":"var(--ast-global-color-4)","background-image":"","background-repeat":"repeat","background-position":"center center","background-size":"auto","background-attachment":"scroll","background-type":"","background-media":"","overlay-type":"","overlay-color":"","overlay-opacity":"","overlay-gradient":""},"tablet":{"background-color":"","background-image":"","background-repeat":"repeat","background-position":"center center","background-size":"auto","background-attachment":"scroll","background-type":"","background-media":"","overlay-type":"","overlay-color":"","overlay-opacity":"","overlay-gradient":""},"mobile":{"background-color":"","background-image":"","background-repeat":"repeat","background-position":"center center","background-size":"auto","background-attachment":"scroll","background-type":"","background-media":"","overlay-type":"","overlay-color":"","overlay-opacity":"","overlay-gradient":""}},"ast-content-background-meta":{"desktop":{"background-color":"var(--ast-global-color-5)","background-image":"","background-repeat":"repeat","background-position":"center center","background-size":"auto","background-attachment":"scroll","background-type":"","background-media":"","overlay-type":"","overlay-color":"","overlay-opacity":"","overlay-gradient":""},"tablet":{"background-color":"var(--ast-global-color-5)","background-image":"","background-repeat":"repeat","background-position":"center center","background-size":"auto","background-attachment":"scroll","background-type":"","background-media":"","overlay-type":"","overlay-color":"","overlay-opacity":"","overlay-gradient":""},"mobile":{"background-color":"var(--ast-global-color-5)","background-image":"","background-repeat":"repeat","background-position":"center center","background-size":"auto","background-attachment":"scroll","background-type":"","background-media":"","overlay-type":"","overlay-color":"","overlay-opacity":"","overlay-gradient":""}}},"product_brand":[],"product_cat":[81,85],"product_tag":[],"class_list":{"0":"post-2065","1":"product","2":"type-product","3":"status-publish","4":"has-post-thumbnail","6":"product_cat-energy-cocoons","7":"product_cat-medical","8":"desktop-align-left","9":"tablet-align-left","10":"mobile-align-left","12":"first","13":"instock","14":"shipping-taxable","15":"product-type-simple"},"acf":[],"yoast_head":"<!-- This site is optimized with the Yoast SEO plugin v27.4 - https:\/\/yoast.com\/product\/yoast-seo-wordpress\/ -->\n<title>Atlantic - NEOQI<\/title>\n<meta name=\"robots\" content=\"index, follow, max-snippet:-1, max-image-preview:large, max-video-preview:-1\" \/>\n<link rel=\"canonical\" href=\"https:\/\/neoqi.com\/et\/toode\/atlantic\/\" \/>\n<meta property=\"og:locale\" content=\"et_EE\" \/>\n<meta property=\"og:type\" content=\"article\" \/>\n<meta property=\"og:title\" content=\"Atlantic - NEOQI\" \/>\n<meta property=\"og:description\" content=\"The SPA-capsule Atlantic was designed with all of the benefits of the Mediq model in mind, and is aimed at combining both recreational and aesthetic functions. The Atlantic energy cocoon possesses a wide and elongated ergonomic bed that ensures the customer\u2019s comfort within the capsule, providing experts free access to any side of the unit.  Atlantic is equipped with all of the necessary functions of thermo- and hydrotherapy: steam and infrared sauna, as well as Vichy shower, which provide an opportunity to carry out a complex of the most popular and effective treatments in SPA salons. Chromo- and aromatherapy further enhance the enjoyable experience within the cocoon.  This updated system was specifically designed to achieve the best and most visible results of all the SPA rituals. After all, a perfect figure is, above all, a body that is properly taken care of.\" \/>\n<meta property=\"og:url\" content=\"https:\/\/neoqi.com\/et\/toode\/atlantic\/\" \/>\n<meta property=\"og:site_name\" content=\"NEOQI\" \/>\n<meta property=\"article:publisher\" content=\"https:\/\/www.facebook.com\/neoqi\/\" \/>\n<meta property=\"article:modified_time\" content=\"2024-12-03T15:34:12+00:00\" \/>\n<meta property=\"og:image\" content=\"https:\/\/neoqi.com\/wp-content\/uploads\/2024\/09\/wellness_neoqi_Mediq_71-4.jpg\" \/>\n\t<meta property=\"og:image:width\" content=\"1200\" \/>\n\t<meta property=\"og:image:height\" content=\"800\" \/>\n\t<meta property=\"og:image:type\" content=\"image\/jpeg\" \/>\n<meta name=\"twitter:card\" content=\"summary_large_image\" \/>\n<meta name=\"twitter:label1\" content=\"Est. reading time\" \/>\n\t<meta name=\"twitter:data1\" content=\"2 minutit\" \/>\n<script type=\"application\/ld+json\" class=\"yoast-schema-graph\">{\"@context\":\"https:\\\/\\\/schema.org\",\"@graph\":[{\"@type\":\"WebPage\",\"@id\":\"https:\\\/\\\/neoqi.com\\\/product\\\/atlantic\\\/\",\"url\":\"https:\\\/\\\/neoqi.com\\\/product\\\/atlantic\\\/\",\"name\":\"Atlantic - NEOQI\",\"isPartOf\":{\"@id\":\"https:\\\/\\\/neoqi.com\\\/#website\"},\"primaryImageOfPage\":{\"@id\":\"https:\\\/\\\/neoqi.com\\\/product\\\/atlantic\\\/#primaryimage\"},\"image\":{\"@id\":\"https:\\\/\\\/neoqi.com\\\/product\\\/atlantic\\\/#primaryimage\"},\"thumbnailUrl\":\"https:\\\/\\\/neoqi.com\\\/wp-content\\\/uploads\\\/2024\\\/09\\\/wellness_neoqi_Mediq_71-4.jpg\",\"datePublished\":\"2024-09-05T23:24:49+00:00\",\"dateModified\":\"2024-12-03T15:34:12+00:00\",\"breadcrumb\":{\"@id\":\"https:\\\/\\\/neoqi.com\\\/product\\\/atlantic\\\/#breadcrumb\"},\"inLanguage\":\"et\",\"potentialAction\":[{\"@type\":\"ReadAction\",\"target\":[\"https:\\\/\\\/neoqi.com\\\/product\\\/atlantic\\\/\"]}]},{\"@type\":\"ImageObject\",\"inLanguage\":\"et\",\"@id\":\"https:\\\/\\\/neoqi.com\\\/product\\\/atlantic\\\/#primaryimage\",\"url\":\"https:\\\/\\\/neoqi.com\\\/wp-content\\\/uploads\\\/2024\\\/09\\\/wellness_neoqi_Mediq_71-4.jpg\",\"contentUrl\":\"https:\\\/\\\/neoqi.com\\\/wp-content\\\/uploads\\\/2024\\\/09\\\/wellness_neoqi_Mediq_71-4.jpg\",\"width\":1200,\"height\":800},{\"@type\":\"BreadcrumbList\",\"@id\":\"https:\\\/\\\/neoqi.com\\\/product\\\/atlantic\\\/#breadcrumb\",\"itemListElement\":[{\"@type\":\"ListItem\",\"position\":1,\"name\":\"Home\",\"item\":\"https:\\\/\\\/neoqi.com\\\/\"},{\"@type\":\"ListItem\",\"position\":2,\"name\":\"Catalog\",\"item\":\"https:\\\/\\\/neoqi.com\\\/it\\\/catalog\\\/\"},{\"@type\":\"ListItem\",\"position\":3,\"name\":\"Atlantic\"}]},{\"@type\":\"WebSite\",\"@id\":\"https:\\\/\\\/neoqi.com\\\/#website\",\"url\":\"https:\\\/\\\/neoqi.com\\\/\",\"name\":\"NEOQI\",\"description\":\"Experience Ultimate Wellness and Relaxation with NeoQi Spa Capsule: Your Path to Rejuvenation\",\"publisher\":{\"@id\":\"https:\\\/\\\/neoqi.com\\\/#organization\"},\"potentialAction\":[{\"@type\":\"SearchAction\",\"target\":{\"@type\":\"EntryPoint\",\"urlTemplate\":\"https:\\\/\\\/neoqi.com\\\/?s={search_term_string}\"},\"query-input\":{\"@type\":\"PropertyValueSpecification\",\"valueRequired\":true,\"valueName\":\"search_term_string\"}}],\"inLanguage\":\"et\"},{\"@type\":\"Organization\",\"@id\":\"https:\\\/\\\/neoqi.com\\\/#organization\",\"name\":\"NEOQI\",\"url\":\"https:\\\/\\\/neoqi.com\\\/\",\"logo\":{\"@type\":\"ImageObject\",\"inLanguage\":\"et\",\"@id\":\"https:\\\/\\\/neoqi.com\\\/#\\\/schema\\\/logo\\\/image\\\/\",\"url\":\"https:\\\/\\\/neoqi.com\\\/wp-content\\\/uploads\\\/2024\\\/09\\\/logoneosvg.svg\",\"contentUrl\":\"https:\\\/\\\/neoqi.com\\\/wp-content\\\/uploads\\\/2024\\\/09\\\/logoneosvg.svg\",\"width\":1,\"height\":1,\"caption\":\"NEOQI\"},\"image\":{\"@id\":\"https:\\\/\\\/neoqi.com\\\/#\\\/schema\\\/logo\\\/image\\\/\"},\"sameAs\":[\"https:\\\/\\\/www.facebook.com\\\/neoqi\\\/\",\"https:\\\/\\\/www.instagram.com\\\/neoqi_com\\\/\"]}]}<\/script>\n<!-- \/ Yoast SEO plugin. -->","yoast_head_json":{"title":"Atlantic - NEOQI","robots":{"index":"index","follow":"follow","max-snippet":"max-snippet:-1","max-image-preview":"max-image-preview:large","max-video-preview":"max-video-preview:-1"},"canonical":"https:\/\/neoqi.com\/et\/toode\/atlantic\/","og_locale":"et_EE","og_type":"article","og_title":"Atlantic - NEOQI","og_description":"The SPA-capsule Atlantic was designed with all of the benefits of the Mediq model in mind, and is aimed at combining both recreational and aesthetic functions. The Atlantic energy cocoon possesses a wide and elongated ergonomic bed that ensures the customer\u2019s comfort within the capsule, providing experts free access to any side of the unit.  Atlantic is equipped with all of the necessary functions of thermo- and hydrotherapy: steam and infrared sauna, as well as Vichy shower, which provide an opportunity to carry out a complex of the most popular and effective treatments in SPA salons. Chromo- and aromatherapy further enhance the enjoyable experience within the cocoon.  This updated system was specifically designed to achieve the best and most visible results of all the SPA rituals. After all, a perfect figure is, above all, a body that is properly taken care of.","og_url":"https:\/\/neoqi.com\/et\/toode\/atlantic\/","og_site_name":"NEOQI","article_publisher":"https:\/\/www.facebook.com\/neoqi\/","article_modified_time":"2024-12-03T15:34:12+00:00","og_image":[{"width":1200,"height":800,"url":"https:\/\/neoqi.com\/wp-content\/uploads\/2024\/09\/wellness_neoqi_Mediq_71-4.jpg","type":"image\/jpeg"}],"twitter_card":"summary_large_image","twitter_misc":{"Est. reading time":"2 minutit"},"schema":{"@context":"https:\/\/schema.org","@graph":[{"@type":"WebPage","@id":"https:\/\/neoqi.com\/product\/atlantic\/","url":"https:\/\/neoqi.com\/product\/atlantic\/","name":"Atlantic - NEOQI","isPartOf":{"@id":"https:\/\/neoqi.com\/#website"},"primaryImageOfPage":{"@id":"https:\/\/neoqi.com\/product\/atlantic\/#primaryimage"},"image":{"@id":"https:\/\/neoqi.com\/product\/atlantic\/#primaryimage"},"thumbnailUrl":"https:\/\/neoqi.com\/wp-content\/uploads\/2024\/09\/wellness_neoqi_Mediq_71-4.jpg","datePublished":"2024-09-05T23:24:49+00:00","dateModified":"2024-12-03T15:34:12+00:00","breadcrumb":{"@id":"https:\/\/neoqi.com\/product\/atlantic\/#breadcrumb"},"inLanguage":"et","potentialAction":[{"@type":"ReadAction","target":["https:\/\/neoqi.com\/product\/atlantic\/"]}]},{"@type":"ImageObject","inLanguage":"et","@id":"https:\/\/neoqi.com\/product\/atlantic\/#primaryimage","url":"https:\/\/neoqi.com\/wp-content\/uploads\/2024\/09\/wellness_neoqi_Mediq_71-4.jpg","contentUrl":"https:\/\/neoqi.com\/wp-content\/uploads\/2024\/09\/wellness_neoqi_Mediq_71-4.jpg","width":1200,"height":800},{"@type":"BreadcrumbList","@id":"https:\/\/neoqi.com\/product\/atlantic\/#breadcrumb","itemListElement":[{"@type":"ListItem","position":1,"name":"Home","item":"https:\/\/neoqi.com\/"},{"@type":"ListItem","position":2,"name":"Catalog","item":"https:\/\/neoqi.com\/it\/catalog\/"},{"@type":"ListItem","position":3,"name":"Atlantic"}]},{"@type":"WebSite","@id":"https:\/\/neoqi.com\/#website","url":"https:\/\/neoqi.com\/","name":"NEOQI","description":"Kogege \u00fclimat heaolu ja l\u00f5\u00f5gastust NeoQi Spa kapsliga: Teie tee noorendamiseni","publisher":{"@id":"https:\/\/neoqi.com\/#organization"},"potentialAction":[{"@type":"SearchAction","target":{"@type":"EntryPoint","urlTemplate":"https:\/\/neoqi.com\/?s={search_term_string}"},"query-input":{"@type":"PropertyValueSpecification","valueRequired":true,"valueName":"search_term_string"}}],"inLanguage":"et"},{"@type":"Organization","@id":"https:\/\/neoqi.com\/#organization","name":"NEOQI","url":"https:\/\/neoqi.com\/","logo":{"@type":"ImageObject","inLanguage":"et","@id":"https:\/\/neoqi.com\/#\/schema\/logo\/image\/","url":"https:\/\/neoqi.com\/wp-content\/uploads\/2024\/09\/logoneosvg.svg","contentUrl":"https:\/\/neoqi.com\/wp-content\/uploads\/2024\/09\/logoneosvg.svg","width":1,"height":1,"caption":"NEOQI"},"image":{"@id":"https:\/\/neoqi.com\/#\/schema\/logo\/image\/"},"sameAs":["https:\/\/www.facebook.com\/neoqi\/","https:\/\/www.instagram.com\/neoqi_com\/"]}]}},"_links":{"self":[{"href":"https:\/\/neoqi.com\/et\/wp-json\/wp\/v2\/product\/2065","targetHints":{"allow":["GET"]}}],"collection":[{"href":"https:\/\/neoqi.com\/et\/wp-json\/wp\/v2\/product"}],"about":[{"href":"https:\/\/neoqi.com\/et\/wp-json\/wp\/v2\/types\/product"}],"replies":[{"embeddable":true,"href":"https:\/\/neoqi.com\/et\/wp-json\/wp\/v2\/comments?post=2065"}],"wp:featuredmedia":[{"embeddable":true,"href":"https:\/\/neoqi.com\/et\/wp-json\/wp\/v2\/media\/2066"}],"wp:attachment":[{"href":"https:\/\/neoqi.com\/et\/wp-json\/wp\/v2\/media?parent=2065"}],"wp:term":[{"taxonomy":"product_brand","embeddable":true,"href":"https:\/\/neoqi.com\/et\/wp-json\/wp\/v2\/product_brand?post=2065"},{"taxonomy":"product_cat","embeddable":true,"href":"https:\/\/neoqi.com\/et\/wp-json\/wp\/v2\/product_cat?post=2065"},{"taxonomy":"product_tag","embeddable":true,"href":"https:\/\/neoqi.com\/et\/wp-json\/wp\/v2\/product_tag?post=2065"}],"curies":[{"name":"wp","href":"https:\/\/api.w.org\/{rel}","templated":true}]}}