{"id":2088,"date":"2024-09-06T05:31:04","date_gmt":"2024-09-06T02:31:04","guid":{"rendered":"http:\/\/neoqi.com\/?post_type=product&#038;p=2088"},"modified":"2024-12-03T18:34:42","modified_gmt":"2024-12-03T15:34:42","slug":"niagara","status":"publish","type":"product","link":"https:\/\/neoqi.com\/et\/toode\/niagara\/","title":{"rendered":"Niagara"},"content":{"rendered":"<div id=\"tab-description\" class=\"woocommerce-Tabs-panel woocommerce-Tabs-panel--description panel entry-content wc-tab\" role=\"tabpanel\" aria-labelledby=\"tab-title-description\">\n<p><strong>NeoQi\u00ae Niagara peamised ravimeetodid<\/strong><\/p>\n<ul>\n<li><strong>\u00d5humull ja h\u00fcdromassaa\u017e<\/strong>\u00a0esindavad vanni automaatseid funktsioone. Soe vesi koos veevoolude v\u00f5i \u00f5humullidega l\u00f5dvestab lihaseid t\u00e4iel m\u00e4\u00e4ral peast kuni varvasteni. H\u00fcdromassaa\u017e leevendab t\u00f5husalt lihaskrambid, \u00f5lav\u00f6\u00f6tme ja alaselja probleeme ning on suurep\u00e4rane ennetav meede paljude teiste haiguste vastu. Veemassaa\u017e on \u00e4\u00e4rmiselt t\u00f5hus n\u00f5rkade veresoonte puhul, samuti jalgade veenilaiendite raviks ja ennetamiseks, aitab v\u00f5idelda tselluliidi vastu, tugevdada immuuns\u00fcsteemi ja s\u00fcdame-veresoonkonna s\u00fcsteemi, t\u00e4ites keha energiaga. Kerge \u00f5humullmassaa\u017e l\u00f5dvestab n\u00e4rvipingeid, aitab toime tulla stressi, \u00e4rrituvuse, unetuse ja apaatia korral.<\/li>\n<li><strong>Veealune manuaalne massaa\u017e<\/strong>\u00a0v\u00f5imaldab pakkuda individuaalsemat ja valutumatut s\u00fcvamassaa\u017ei. Sisseehitatud massaa\u017eivoolikul on erinevad pihustid\/pead ja veesurvet saab reguleerida vastavalt kliendi vajadustele ja seisundile. Rakendatud r\u00f5hku saab j\u00e4lgida vahetus l\u00e4heduses asuvast manomeetrist. Spacious Niagara vann sobib suurep\u00e4raselt f\u00fcsioteraapilise massaa\u017ei tegemiseks.<\/li>\n<li><strong>Kromoteraapia<\/strong>\u00a0p\u00f5hineb v\u00e4rvide m\u00f5jul inimese ps\u00fchhoemotsionaalsele seisundile. Valguse ja v\u00e4rvide abil tervendamine on t\u00f5hus ravi, mis korvab energiavaegust inimkehas. Kromoteraapia m\u00f5jub kiiresti, kastab kliendi harmoonilises seisundis ja aitab leida nii f\u00fc\u00fcsilist kui ka emotsionaalset heaolu. Valgusravi t\u00e4iendab ja parandab suurep\u00e4raselt mullivannihoolduse tulemusi.<\/li>\n<\/ul>\n<ul class=\"tabs wc-tabs\" role=\"tablist\">\n<li id=\"tab-title-description\" class=\"description_tab active\" role=\"tab\" aria-controls=\"tab-description\"><a href=\"https:\/\/neoqi.com\/et\/toode\/bathtubs\/niagara\/#tab-description\">Kirjeldus<\/a><\/li>\n<\/ul>\n<div id=\"tab-description\" class=\"woocommerce-Tabs-panel woocommerce-Tabs-panel--description panel entry-content wc-tab\" role=\"tabpanel\" aria-labelledby=\"tab-title-description\">\n<div>\n<ul>\n<li>3 pumba veemassaa\u017eis\u00fcsteem<\/li>\n<li>1 \u00f5hupuhuri s\u00fcsteem<\/li>\n<li>8 d\u00fc\u00fcsi jalgadele<\/li>\n<li>6 k\u00fclgmist joatoru<\/li>\n<li>14 selja massaa\u017eipihustit<\/li>\n<li>16 alumist \u00f5hupihustit<\/li>\n<li>Vesimassaa\u017e<\/li>\n<li>\u00d5humullide massaa\u017e<\/li>\n<li>Veealuse massaa\u017ei k\u00e4ep\u00e4rane joatoru funktsioon<\/li>\n<li>K\u00e4si du\u0161\u0161<\/li>\n<li>V\u00e4rviline valguss\u00fcsteem (kromoteraapia)<\/li>\n<li>Osonaatori puhastuss\u00fcsteem<\/li>\n<li>Kiire vee sissevool ja \u00e4ravool<\/li>\n<\/ul>\n<\/div>\n<\/div>\n<\/div>","protected":false},"excerpt":{"rendered":"<p>Niagara h\u00fcdroteraapia vann on m\u00f5eldud f\u00fcsioteraapilise veealuse massaa\u017ei teostamiseks. Vannil on k\u00f5ik vajalikud funktsioonid erinevate luu- ja lihaskonna ning s\u00fcdame- ja veresoonkonna probleemide raviks ja ennetamiseks. Niagara vannis saab teha manuaalset v\u00f5i automaatset massaa\u017ei veepihustitega, \u00f5humullimassaa\u017ei ning klassikalist balneoteraapiat koos kromoteraapiaga. V\u00e4rske, mineraal- ja merevee raviomadused aitavad toime tulla stressiga, annavad nahale tugevust ja elastsust, normaliseerivad siseorganite funktsiooni ja leevendavad lihasvalusid.<\/p>\n<p>Niagara on NeoQi toodangu suurim vann, selle ergonoomiline kuju ja anatoomiline disain seestpoolt tagab kliendile maksimaalse mugavuse nii istuvas kui ka lamavas asendis. Seadme kompaktsus, usaldusv\u00e4\u00e4rsus ja lihtne kasutamine tagab\/saab ideaalsed tingimused h\u00fcdroteraapiaks.<\/p>","protected":false},"featured_media":2089,"comment_status":"open","ping_status":"closed","template":"","meta":{"_acf_changed":false,"site-sidebar-layout":"default","site-content-layout":"","ast-site-content-layout":"default","site-content-style":"default","site-sidebar-style":"default","ast-global-header-display":"","ast-banner-title-visibility":"","ast-main-header-display":"","ast-hfb-above-header-display":"","ast-hfb-below-header-display":"","ast-hfb-mobile-header-display":"","site-post-title":"","ast-breadcrumbs-content":"","ast-featured-img":"","footer-sml-layout":"","ast-disable-related-posts":"","theme-transparent-header-meta":"default","adv-header-id-meta":"","stick-header-meta":"","header-above-stick-meta":"","header-main-stick-meta":"","header-below-stick-meta":"","astra-migrate-meta-layouts":"set","ast-page-background-enabled":"default","ast-page-background-meta":{"desktop":{"background-color":"var(--ast-global-color-4)","background-image":"","background-repeat":"repeat","background-position":"center center","background-size":"auto","background-attachment":"scroll","background-type":"","background-media":"","overlay-type":"","overlay-color":"","overlay-opacity":"","overlay-gradient":""},"tablet":{"background-color":"","background-image":"","background-repeat":"repeat","background-position":"center center","background-size":"auto","background-attachment":"scroll","background-type":"","background-media":"","overlay-type":"","overlay-color":"","overlay-opacity":"","overlay-gradient":""},"mobile":{"background-color":"","background-image":"","background-repeat":"repeat","background-position":"center center","background-size":"auto","background-attachment":"scroll","background-type":"","background-media":"","overlay-type":"","overlay-color":"","overlay-opacity":"","overlay-gradient":""}},"ast-content-background-meta":{"desktop":{"background-color":"var(--ast-global-color-5)","background-image":"","background-repeat":"repeat","background-position":"center center","background-size":"auto","background-attachment":"scroll","background-type":"","background-media":"","overlay-type":"","overlay-color":"","overlay-opacity":"","overlay-gradient":""},"tablet":{"background-color":"var(--ast-global-color-5)","background-image":"","background-repeat":"repeat","background-position":"center center","background-size":"auto","background-attachment":"scroll","background-type":"","background-media":"","overlay-type":"","overlay-color":"","overlay-opacity":"","overlay-gradient":""},"mobile":{"background-color":"var(--ast-global-color-5)","background-image":"","background-repeat":"repeat","background-position":"center center","background-size":"auto","background-attachment":"scroll","background-type":"","background-media":"","overlay-type":"","overlay-color":"","overlay-opacity":"","overlay-gradient":""}}},"product_brand":[],"product_cat":[81,85],"product_tag":[],"class_list":{"0":"post-2088","1":"product","2":"type-product","3":"status-publish","4":"has-post-thumbnail","6":"product_cat-energy-cocoons","7":"product_cat-medical","8":"desktop-align-left","9":"tablet-align-left","10":"mobile-align-left","12":"first","13":"instock","14":"shipping-taxable","15":"product-type-simple"},"acf":[],"yoast_head":"<!-- This site is optimized with the Yoast SEO plugin v27.4 - https:\/\/yoast.com\/product\/yoast-seo-wordpress\/ -->\n<title>Niagara - NEOQI<\/title>\n<meta name=\"robots\" content=\"index, follow, max-snippet:-1, max-image-preview:large, max-video-preview:-1\" \/>\n<link rel=\"canonical\" href=\"https:\/\/neoqi.com\/et\/toode\/niagara\/\" \/>\n<meta property=\"og:locale\" content=\"et_EE\" \/>\n<meta property=\"og:type\" content=\"article\" \/>\n<meta property=\"og:title\" content=\"Niagara - NEOQI\" \/>\n<meta property=\"og:description\" content=\"The Niagara hydrotherapy bath is designed for preforming physiotherapeutical underwater massage. The bath has all the necessary features for treating and preventing various problems of musculoskeletal and cardiovascular systems. In the Niagara bath, one can carry out manual or automatic massage with water jets, air bubble massage as well as classical balneotherapy accompanied by chromotherapy. The curative properties of fresh, mineral and seawater help to cope with stress, give the skin firmness and elasticity, normalize the function of the internal organs, and relieve muscle aches.  Niagara is the largest baths of NeoQi production, its ergonomic shape and anatomical design on the inside\u00a0\u00a0 ensures the maximum comfort for the customer, both in sitting and lying position. The compactness, reliability and ease of operation of the device provides\/delivers ideal conditions for hydrotherapy.\" \/>\n<meta property=\"og:url\" content=\"https:\/\/neoqi.com\/et\/toode\/niagara\/\" \/>\n<meta property=\"og:site_name\" content=\"NEOQI\" \/>\n<meta property=\"article:publisher\" content=\"https:\/\/www.facebook.com\/neoqi\/\" \/>\n<meta property=\"article:modified_time\" content=\"2024-12-03T15:34:42+00:00\" \/>\n<meta property=\"og:image\" content=\"https:\/\/neoqi.com\/wp-content\/uploads\/2024\/09\/niagara_wellness.png\" \/>\n\t<meta property=\"og:image:width\" content=\"1200\" \/>\n\t<meta property=\"og:image:height\" content=\"800\" \/>\n\t<meta property=\"og:image:type\" content=\"image\/png\" \/>\n<meta name=\"twitter:card\" content=\"summary_large_image\" \/>\n<meta name=\"twitter:label1\" content=\"Est. reading time\" \/>\n\t<meta name=\"twitter:data1\" content=\"1 minut\" \/>\n<script type=\"application\/ld+json\" class=\"yoast-schema-graph\">{\"@context\":\"https:\\\/\\\/schema.org\",\"@graph\":[{\"@type\":\"WebPage\",\"@id\":\"https:\\\/\\\/neoqi.com\\\/product\\\/niagara\\\/\",\"url\":\"https:\\\/\\\/neoqi.com\\\/product\\\/niagara\\\/\",\"name\":\"Niagara - NEOQI\",\"isPartOf\":{\"@id\":\"https:\\\/\\\/neoqi.com\\\/#website\"},\"primaryImageOfPage\":{\"@id\":\"https:\\\/\\\/neoqi.com\\\/product\\\/niagara\\\/#primaryimage\"},\"image\":{\"@id\":\"https:\\\/\\\/neoqi.com\\\/product\\\/niagara\\\/#primaryimage\"},\"thumbnailUrl\":\"https:\\\/\\\/neoqi.com\\\/wp-content\\\/uploads\\\/2024\\\/09\\\/niagara_wellness.png\",\"datePublished\":\"2024-09-06T02:31:04+00:00\",\"dateModified\":\"2024-12-03T15:34:42+00:00\",\"breadcrumb\":{\"@id\":\"https:\\\/\\\/neoqi.com\\\/product\\\/niagara\\\/#breadcrumb\"},\"inLanguage\":\"et\",\"potentialAction\":[{\"@type\":\"ReadAction\",\"target\":[\"https:\\\/\\\/neoqi.com\\\/product\\\/niagara\\\/\"]}]},{\"@type\":\"ImageObject\",\"inLanguage\":\"et\",\"@id\":\"https:\\\/\\\/neoqi.com\\\/product\\\/niagara\\\/#primaryimage\",\"url\":\"https:\\\/\\\/neoqi.com\\\/wp-content\\\/uploads\\\/2024\\\/09\\\/niagara_wellness.png\",\"contentUrl\":\"https:\\\/\\\/neoqi.com\\\/wp-content\\\/uploads\\\/2024\\\/09\\\/niagara_wellness.png\",\"width\":1200,\"height\":800},{\"@type\":\"BreadcrumbList\",\"@id\":\"https:\\\/\\\/neoqi.com\\\/product\\\/niagara\\\/#breadcrumb\",\"itemListElement\":[{\"@type\":\"ListItem\",\"position\":1,\"name\":\"Home\",\"item\":\"https:\\\/\\\/neoqi.com\\\/\"},{\"@type\":\"ListItem\",\"position\":2,\"name\":\"Catalog\",\"item\":\"https:\\\/\\\/neoqi.com\\\/it\\\/catalog\\\/\"},{\"@type\":\"ListItem\",\"position\":3,\"name\":\"Niagara\"}]},{\"@type\":\"WebSite\",\"@id\":\"https:\\\/\\\/neoqi.com\\\/#website\",\"url\":\"https:\\\/\\\/neoqi.com\\\/\",\"name\":\"NEOQI\",\"description\":\"Experience Ultimate Wellness and Relaxation with NeoQi Spa Capsule: Your Path to Rejuvenation\",\"publisher\":{\"@id\":\"https:\\\/\\\/neoqi.com\\\/#organization\"},\"potentialAction\":[{\"@type\":\"SearchAction\",\"target\":{\"@type\":\"EntryPoint\",\"urlTemplate\":\"https:\\\/\\\/neoqi.com\\\/?s={search_term_string}\"},\"query-input\":{\"@type\":\"PropertyValueSpecification\",\"valueRequired\":true,\"valueName\":\"search_term_string\"}}],\"inLanguage\":\"et\"},{\"@type\":\"Organization\",\"@id\":\"https:\\\/\\\/neoqi.com\\\/#organization\",\"name\":\"NEOQI\",\"url\":\"https:\\\/\\\/neoqi.com\\\/\",\"logo\":{\"@type\":\"ImageObject\",\"inLanguage\":\"et\",\"@id\":\"https:\\\/\\\/neoqi.com\\\/#\\\/schema\\\/logo\\\/image\\\/\",\"url\":\"https:\\\/\\\/neoqi.com\\\/wp-content\\\/uploads\\\/2024\\\/09\\\/logoneosvg.svg\",\"contentUrl\":\"https:\\\/\\\/neoqi.com\\\/wp-content\\\/uploads\\\/2024\\\/09\\\/logoneosvg.svg\",\"width\":1,\"height\":1,\"caption\":\"NEOQI\"},\"image\":{\"@id\":\"https:\\\/\\\/neoqi.com\\\/#\\\/schema\\\/logo\\\/image\\\/\"},\"sameAs\":[\"https:\\\/\\\/www.facebook.com\\\/neoqi\\\/\",\"https:\\\/\\\/www.instagram.com\\\/neoqi_com\\\/\"]}]}<\/script>\n<!-- \/ Yoast SEO plugin. -->","yoast_head_json":{"title":"Niagara - NEOQI","robots":{"index":"index","follow":"follow","max-snippet":"max-snippet:-1","max-image-preview":"max-image-preview:large","max-video-preview":"max-video-preview:-1"},"canonical":"https:\/\/neoqi.com\/et\/toode\/niagara\/","og_locale":"et_EE","og_type":"article","og_title":"Niagara - NEOQI","og_description":"The Niagara hydrotherapy bath is designed for preforming physiotherapeutical underwater massage. The bath has all the necessary features for treating and preventing various problems of musculoskeletal and cardiovascular systems. In the Niagara bath, one can carry out manual or automatic massage with water jets, air bubble massage as well as classical balneotherapy accompanied by chromotherapy. The curative properties of fresh, mineral and seawater help to cope with stress, give the skin firmness and elasticity, normalize the function of the internal organs, and relieve muscle aches.  Niagara is the largest baths of NeoQi production, its ergonomic shape and anatomical design on the inside\u00a0\u00a0 ensures the maximum comfort for the customer, both in sitting and lying position. The compactness, reliability and ease of operation of the device provides\/delivers ideal conditions for hydrotherapy.","og_url":"https:\/\/neoqi.com\/et\/toode\/niagara\/","og_site_name":"NEOQI","article_publisher":"https:\/\/www.facebook.com\/neoqi\/","article_modified_time":"2024-12-03T15:34:42+00:00","og_image":[{"width":1200,"height":800,"url":"https:\/\/neoqi.com\/wp-content\/uploads\/2024\/09\/niagara_wellness.png","type":"image\/png"}],"twitter_card":"summary_large_image","twitter_misc":{"Est. reading time":"1 minut"},"schema":{"@context":"https:\/\/schema.org","@graph":[{"@type":"WebPage","@id":"https:\/\/neoqi.com\/product\/niagara\/","url":"https:\/\/neoqi.com\/product\/niagara\/","name":"Niagara - NEOQI","isPartOf":{"@id":"https:\/\/neoqi.com\/#website"},"primaryImageOfPage":{"@id":"https:\/\/neoqi.com\/product\/niagara\/#primaryimage"},"image":{"@id":"https:\/\/neoqi.com\/product\/niagara\/#primaryimage"},"thumbnailUrl":"https:\/\/neoqi.com\/wp-content\/uploads\/2024\/09\/niagara_wellness.png","datePublished":"2024-09-06T02:31:04+00:00","dateModified":"2024-12-03T15:34:42+00:00","breadcrumb":{"@id":"https:\/\/neoqi.com\/product\/niagara\/#breadcrumb"},"inLanguage":"et","potentialAction":[{"@type":"ReadAction","target":["https:\/\/neoqi.com\/product\/niagara\/"]}]},{"@type":"ImageObject","inLanguage":"et","@id":"https:\/\/neoqi.com\/product\/niagara\/#primaryimage","url":"https:\/\/neoqi.com\/wp-content\/uploads\/2024\/09\/niagara_wellness.png","contentUrl":"https:\/\/neoqi.com\/wp-content\/uploads\/2024\/09\/niagara_wellness.png","width":1200,"height":800},{"@type":"BreadcrumbList","@id":"https:\/\/neoqi.com\/product\/niagara\/#breadcrumb","itemListElement":[{"@type":"ListItem","position":1,"name":"Home","item":"https:\/\/neoqi.com\/"},{"@type":"ListItem","position":2,"name":"Catalog","item":"https:\/\/neoqi.com\/it\/catalog\/"},{"@type":"ListItem","position":3,"name":"Niagara"}]},{"@type":"WebSite","@id":"https:\/\/neoqi.com\/#website","url":"https:\/\/neoqi.com\/","name":"NEOQI","description":"Kogege \u00fclimat heaolu ja l\u00f5\u00f5gastust NeoQi Spa kapsliga: Teie tee noorendamiseni","publisher":{"@id":"https:\/\/neoqi.com\/#organization"},"potentialAction":[{"@type":"SearchAction","target":{"@type":"EntryPoint","urlTemplate":"https:\/\/neoqi.com\/?s={search_term_string}"},"query-input":{"@type":"PropertyValueSpecification","valueRequired":true,"valueName":"search_term_string"}}],"inLanguage":"et"},{"@type":"Organization","@id":"https:\/\/neoqi.com\/#organization","name":"NEOQI","url":"https:\/\/neoqi.com\/","logo":{"@type":"ImageObject","inLanguage":"et","@id":"https:\/\/neoqi.com\/#\/schema\/logo\/image\/","url":"https:\/\/neoqi.com\/wp-content\/uploads\/2024\/09\/logoneosvg.svg","contentUrl":"https:\/\/neoqi.com\/wp-content\/uploads\/2024\/09\/logoneosvg.svg","width":1,"height":1,"caption":"NEOQI"},"image":{"@id":"https:\/\/neoqi.com\/#\/schema\/logo\/image\/"},"sameAs":["https:\/\/www.facebook.com\/neoqi\/","https:\/\/www.instagram.com\/neoqi_com\/"]}]}},"_links":{"self":[{"href":"https:\/\/neoqi.com\/et\/wp-json\/wp\/v2\/product\/2088","targetHints":{"allow":["GET"]}}],"collection":[{"href":"https:\/\/neoqi.com\/et\/wp-json\/wp\/v2\/product"}],"about":[{"href":"https:\/\/neoqi.com\/et\/wp-json\/wp\/v2\/types\/product"}],"replies":[{"embeddable":true,"href":"https:\/\/neoqi.com\/et\/wp-json\/wp\/v2\/comments?post=2088"}],"wp:featuredmedia":[{"embeddable":true,"href":"https:\/\/neoqi.com\/et\/wp-json\/wp\/v2\/media\/2089"}],"wp:attachment":[{"href":"https:\/\/neoqi.com\/et\/wp-json\/wp\/v2\/media?parent=2088"}],"wp:term":[{"taxonomy":"product_brand","embeddable":true,"href":"https:\/\/neoqi.com\/et\/wp-json\/wp\/v2\/product_brand?post=2088"},{"taxonomy":"product_cat","embeddable":true,"href":"https:\/\/neoqi.com\/et\/wp-json\/wp\/v2\/product_cat?post=2088"},{"taxonomy":"product_tag","embeddable":true,"href":"https:\/\/neoqi.com\/et\/wp-json\/wp\/v2\/product_tag?post=2088"}],"curies":[{"name":"wp","href":"https:\/\/api.w.org\/{rel}","templated":true}]}}