{"id":2107,"date":"2024-09-07T01:42:23","date_gmt":"2024-09-06T22:42:23","guid":{"rendered":"http:\/\/neoqi.com\/?post_type=product&#038;p=2107"},"modified":"2025-08-04T16:19:13","modified_gmt":"2025-08-04T13:19:13","slug":"pro","status":"publish","type":"product","link":"https:\/\/neoqi.com\/et\/toode\/pro\/","title":{"rendered":"Pro"},"content":{"rendered":"<p><strong>NeoQi\u00ae Pro peamised ravimeetodid<\/strong><\/p>\n<p><strong>Hydrofusion<\/strong>. Kombineeritud auru ja infrapunasoojuse t\u00f5hus ja v\u00e4ga mahe m\u00f5ju inimkehale. Nahk, lihased ja liigesed soojendatakse s\u00fcgavuti, aktiveerides vereringet ja lipol\u00fc\u00fcsiprotsessi, k\u00f5rvaldades kehast toksiine ja j\u00e4\u00e4tmeid. H\u00fcdrofusiooni funktsioon suurendab keham\u00e4histe t\u00f5husust - \u00f5rn aurukile takistab kosmeetilise koostise kuivamist, samas kui infrapunasoojus soodustab toitainete s\u00fcgavamat tungimist nahka.<\/p>\n<p><strong>Vichy du\u0161\u0161\/k\u00e4sidu\u0161\u0161<\/strong>. Raviv Vichy du\u0161\u0161 normaliseerib siseorganite funktsiooni, k\u00f5rvaldab iluvigu ja pakub t\u00e4ielikku l\u00f5\u00f5gastust v\u00f5i eluj\u00f5u t\u00f5usu. S\u00f5ltuvalt ravist saate reguleerida vee temperatuuri, r\u00f5hku ja suunda. Tugevad joad masseerivad kiiresti ja t\u00f5husalt probleemset piirkonda, samas kui \u00f5rnad, pehmed tilgad eemaldavad stressi ja aitavad vabaneda unetusest. T\u00e4nu k\u00e4sidu\u0161i funktsioonile saab terapeut j\u00e4relej\u00e4\u00e4nud kosmeetikavahendid maha pesta otse SPA-kapslis.  See tagab kliendile maksimaalse mugavuse ja l\u00f5\u00f5gastuse kogu ravi v\u00e4ltel.<\/p>\n<p><strong>H\u00fcdroteraapia seanss koos h\u00fcdro- ja \u00f5humullide massaa\u017eiga<\/strong>. Veepuhastusvahendid omavad nii rahustavaid kui ka v\u00e4rskendavaid omadusi. Valutu massaa\u017e viiakse l\u00e4bi veejugade abil ja keha l\u00f5\u00f5gastumine saavutatakse t\u00e4nu SPA-kapsli p\u00f5hjast t\u00f5usvatele hellitavatele \u00f5humullidele.<\/p>\n<p><strong>Aroomiteraapia<\/strong>. P\u00f5ld- v\u00f5i eksootiliste lillede, heinamaa rohu, leht- v\u00f5i okaspuude l\u00f5hnad aitavad toime tulla kroonilise v\u00e4simuss\u00fcndroomi, unetuse, stressi, suurenenud s\u00f6\u00f6giisu ja nahap\u00f5letiku korral.<\/p>\n<p><strong>T\u00e4iskeha m\u00e4his koos kosmeetiliste maskide kasutamisega<\/strong>. \u00dcks t\u00f5husamaid SPA-hooldusi, mis pakub igak\u00fclgset nahahooldust. SPA-kapslis saab teha hoolitsusi figuuri korrigeerimiseks, naha rikastamiseks vitamiinide ja mineraalidega, samuti osalisi m\u00e4hiseid haiguste ravimiseks v\u00f5i ennetamiseks.<\/p>\n<p><strong>Vibromassaa\u017e<\/strong>. Vibromassaa\u017e v\u00f5ib olla kas kiire pulseeriv v\u00f5i kerge ja lainetav. Vibromassaa\u017ei ajal masseeritakse samaaegselt kogu keha, alates kaelast kuni varvasteni. Hoolitsus avaldab positiivset m\u00f5ju neuro-lihas\u00fcsteemile ja omab tugevat stressivastast m\u00f5ju. Vibromassaa\u017e on ka t\u00f5hus vahend kehaliseks rehabilitatsiooniks p\u00e4rast vigastusi, parandab kehahoiakut ja kehakuju.<\/p>\n<p><strong>Veealune manuaalne massaa\u017e<\/strong>e. Veemassaa\u017e t\u00e4idab keha energiaga, taastab naha elastsuse ja on t\u00f5hus paljude haiguste ennetamiseks.<\/p>\n<p><strong>Kombineeritud komplekssed programmid<\/strong>. SPA-kapsel Harmony Pro avab spetsialistide ees piiramatud v\u00f5imalused haiguste ravimiseks ja ennetamiseks, l\u00f5\u00f5gastumiseks, rasvumise ja esteetiliste probleemide vastu v\u00f5itlemiseks.<\/p>\n<p><strong>Kokkuv\u00f5te:<\/strong><\/p>\n<div id=\"tab-description\" class=\"woocommerce-Tabs-panel woocommerce-Tabs-panel--description panel entry-content wc-tab\" role=\"tabpanel\" aria-labelledby=\"tab-title-description\">Infrapunasaun<br \/>\nAurusaun<br \/>\nAroomiteraapia<br \/>\nVichy du\u0161\u0161<br \/>\nVibreeriv ravilaud<br \/>\nV\u00e4rvitulede s\u00fcsteem<br \/>\nVesimassaa\u017e<br \/>\n\u00d5humullide massaa\u017e<br \/>\nK\u00e4eshoitav reaktiivlennuk<br \/>\nMuusikas\u00fcsteem (MP3)<br \/>\nN\u00e4o jahutusventilaator<br \/>\nK\u00e4si du\u0161\u0161<br \/>\n6 k\u00fclgmist joatoru<br \/>\n8 selja massaa\u017eijuga<br \/>\n4 d\u00fc\u00fcsid jalgadele<br \/>\n10 alumist \u00f5hupihustit<br \/>\nK\u00e4eshoitav joatoru veemassaa\u017eiks<\/div>\n<div role=\"tabpanel\" aria-labelledby=\"tab-title-description\"><\/div>\n<div class=\"ast-oembed-container\" style=\"height: 100%;\"><iframe title=\"NeoQi Pro spa capsule key features\" width=\"500\" height=\"281\" src=\"https:\/\/www.youtube.com\/embed\/q9PWL0qAs-A?feature=oembed\" frameborder=\"0\" allow=\"accelerometer; autoplay; clipboard-write; encrypted-media; gyroscope; picture-in-picture; web-share\" referrerpolicy=\"strict-origin-when-cross-origin\" allowfullscreen><\/iframe><\/div>\n<p>&nbsp;<\/p>","protected":false},"excerpt":{"rendered":"<p>Harmony Pro on uue p\u00f5lvkonna SPA-kapsel, mis pakub laias valikus hoolitsusi, mis on vajalikud keha elavdamiseks ja mitmete esteetiliste probleemide lahendamiseks. T\u00e4nu Harmony Pro'le saab \u00fches kabinetis teostada individuaalselt kohandatud tervikprogramme.<\/p>\n<p>SPA-kapslil on kasulik m\u00f5ju organismile tervikuna. Harmony Pro stiilne ja kaasaegne korpus sisaldab k\u00f5iki teadmisi vee, valguse ja soojuse tervendavatest omadustest. Kasutajatel on ja juurdep\u00e4\u00e4s h\u00fcdrofusiooni ja -teraapia protseduuridele, samuti v\u00f5imalus m\u00f5jutada inimese emotsionaalset seisundit v\u00e4rvi, valguse, muusika ja erinevate maitsete abil.<\/p>\n<p>Harmony Pro \u00fchendab endas meditsiini ja kosmetoloogia viimased saavutused. See f\u00fcsioteraapiakompleks on loodud spetsiaalselt spaa-, fitness- ja rehabilitatsioonikeskuste vajadustele.<\/p>","protected":false},"featured_media":3181,"comment_status":"open","ping_status":"closed","template":"","meta":{"_acf_changed":false,"site-sidebar-layout":"default","site-content-layout":"","ast-site-content-layout":"default","site-content-style":"default","site-sidebar-style":"default","ast-global-header-display":"","ast-banner-title-visibility":"","ast-main-header-display":"","ast-hfb-above-header-display":"","ast-hfb-below-header-display":"","ast-hfb-mobile-header-display":"","site-post-title":"","ast-breadcrumbs-content":"","ast-featured-img":"","footer-sml-layout":"","ast-disable-related-posts":"","theme-transparent-header-meta":"default","adv-header-id-meta":"","stick-header-meta":"","header-above-stick-meta":"","header-main-stick-meta":"","header-below-stick-meta":"","astra-migrate-meta-layouts":"set","ast-page-background-enabled":"default","ast-page-background-meta":{"desktop":{"background-color":"var(--ast-global-color-4)","background-image":"","background-repeat":"repeat","background-position":"center center","background-size":"auto","background-attachment":"scroll","background-type":"","background-media":"","overlay-type":"","overlay-color":"","overlay-opacity":"","overlay-gradient":""},"tablet":{"background-color":"","background-image":"","background-repeat":"repeat","background-position":"center center","background-size":"auto","background-attachment":"scroll","background-type":"","background-media":"","overlay-type":"","overlay-color":"","overlay-opacity":"","overlay-gradient":""},"mobile":{"background-color":"","background-image":"","background-repeat":"repeat","background-position":"center center","background-size":"auto","background-attachment":"scroll","background-type":"","background-media":"","overlay-type":"","overlay-color":"","overlay-opacity":"","overlay-gradient":""}},"ast-content-background-meta":{"desktop":{"background-color":"var(--ast-global-color-5)","background-image":"","background-repeat":"repeat","background-position":"center center","background-size":"auto","background-attachment":"scroll","background-type":"","background-media":"","overlay-type":"","overlay-color":"","overlay-opacity":"","overlay-gradient":""},"tablet":{"background-color":"var(--ast-global-color-5)","background-image":"","background-repeat":"repeat","background-position":"center center","background-size":"auto","background-attachment":"scroll","background-type":"","background-media":"","overlay-type":"","overlay-color":"","overlay-opacity":"","overlay-gradient":""},"mobile":{"background-color":"var(--ast-global-color-5)","background-image":"","background-repeat":"repeat","background-position":"center center","background-size":"auto","background-attachment":"scroll","background-type":"","background-media":"","overlay-type":"","overlay-color":"","overlay-opacity":"","overlay-gradient":""}}},"product_brand":[],"product_cat":[81,82],"product_tag":[],"class_list":{"0":"post-2107","1":"product","2":"type-product","3":"status-publish","4":"has-post-thumbnail","6":"product_cat-energy-cocoons","7":"product_cat-esthetical","8":"desktop-align-left","9":"tablet-align-left","10":"mobile-align-left","12":"first","13":"instock","14":"shipping-taxable","15":"product-type-simple"},"acf":[],"yoast_head":"<!-- This site is optimized with the Yoast SEO plugin v27.4 - https:\/\/yoast.com\/product\/yoast-seo-wordpress\/ -->\n<title>Pro - NEOQI<\/title>\n<meta name=\"robots\" content=\"index, follow, max-snippet:-1, max-image-preview:large, max-video-preview:-1\" \/>\n<link rel=\"canonical\" href=\"https:\/\/neoqi.com\/et\/toode\/pro\/\" \/>\n<meta property=\"og:locale\" content=\"et_EE\" \/>\n<meta property=\"og:type\" content=\"article\" \/>\n<meta property=\"og:title\" content=\"Pro - NEOQI\" \/>\n<meta property=\"og:description\" content=\"Harmony Pro is a SPA-capsule of a new generation, providing a wide range of treatments necessary for the invigoration of the body and solving number of aesthetic problems. Thanks to Harmony Pro, individually tailored complete programs may be carried out within just one cabinet.  SPA capsule has a beneficial effect on the body as a whole. The stylish and modern case of Harmony Pro contains all the knowledge about the healing properties of water, light and heat. Users have and access to treatments of hydro fusion and \u2013therapy, as well as the opportunity to affect the emotional state of a person by means of color, light, music and a variety of flavors.  Harmony Pro combines the latest achievements in medicine and cosmetology. This physiotherapy complex has been specifically designed for the needs of the spa, fitness and rehabilitation centers.\" \/>\n<meta property=\"og:url\" content=\"https:\/\/neoqi.com\/et\/toode\/pro\/\" \/>\n<meta property=\"og:site_name\" content=\"NEOQI\" \/>\n<meta property=\"article:publisher\" content=\"https:\/\/www.facebook.com\/neoqi\/\" \/>\n<meta property=\"article:modified_time\" content=\"2025-08-04T13:19:13+00:00\" \/>\n<meta property=\"og:image\" content=\"https:\/\/neoqi.com\/wp-content\/uploads\/2024\/09\/wellness_neoqi_Pro_2.jpg\" \/>\n\t<meta property=\"og:image:width\" content=\"750\" \/>\n\t<meta property=\"og:image:height\" content=\"500\" \/>\n\t<meta property=\"og:image:type\" content=\"image\/jpeg\" \/>\n<meta name=\"twitter:card\" content=\"summary_large_image\" \/>\n<meta name=\"twitter:label1\" content=\"Est. reading time\" \/>\n\t<meta name=\"twitter:data1\" content=\"3 minutit\" \/>\n<script type=\"application\/ld+json\" class=\"yoast-schema-graph\">{\"@context\":\"https:\\\/\\\/schema.org\",\"@graph\":[{\"@type\":\"WebPage\",\"@id\":\"https:\\\/\\\/neoqi.com\\\/product\\\/pro\\\/\",\"url\":\"https:\\\/\\\/neoqi.com\\\/product\\\/pro\\\/\",\"name\":\"Pro - NEOQI\",\"isPartOf\":{\"@id\":\"https:\\\/\\\/neoqi.com\\\/#website\"},\"primaryImageOfPage\":{\"@id\":\"https:\\\/\\\/neoqi.com\\\/product\\\/pro\\\/#primaryimage\"},\"image\":{\"@id\":\"https:\\\/\\\/neoqi.com\\\/product\\\/pro\\\/#primaryimage\"},\"thumbnailUrl\":\"https:\\\/\\\/neoqi.com\\\/wp-content\\\/uploads\\\/2024\\\/09\\\/wellness_neoqi_Pro_2.jpg\",\"datePublished\":\"2024-09-06T22:42:23+00:00\",\"dateModified\":\"2025-08-04T13:19:13+00:00\",\"breadcrumb\":{\"@id\":\"https:\\\/\\\/neoqi.com\\\/product\\\/pro\\\/#breadcrumb\"},\"inLanguage\":\"et\",\"potentialAction\":[{\"@type\":\"ReadAction\",\"target\":[\"https:\\\/\\\/neoqi.com\\\/product\\\/pro\\\/\"]}]},{\"@type\":\"ImageObject\",\"inLanguage\":\"et\",\"@id\":\"https:\\\/\\\/neoqi.com\\\/product\\\/pro\\\/#primaryimage\",\"url\":\"https:\\\/\\\/neoqi.com\\\/wp-content\\\/uploads\\\/2024\\\/09\\\/wellness_neoqi_Pro_2.jpg\",\"contentUrl\":\"https:\\\/\\\/neoqi.com\\\/wp-content\\\/uploads\\\/2024\\\/09\\\/wellness_neoqi_Pro_2.jpg\",\"width\":750,\"height\":500},{\"@type\":\"BreadcrumbList\",\"@id\":\"https:\\\/\\\/neoqi.com\\\/product\\\/pro\\\/#breadcrumb\",\"itemListElement\":[{\"@type\":\"ListItem\",\"position\":1,\"name\":\"Home\",\"item\":\"https:\\\/\\\/neoqi.com\\\/\"},{\"@type\":\"ListItem\",\"position\":2,\"name\":\"Catalog\",\"item\":\"https:\\\/\\\/neoqi.com\\\/it\\\/catalog\\\/\"},{\"@type\":\"ListItem\",\"position\":3,\"name\":\"Pro\"}]},{\"@type\":\"WebSite\",\"@id\":\"https:\\\/\\\/neoqi.com\\\/#website\",\"url\":\"https:\\\/\\\/neoqi.com\\\/\",\"name\":\"NEOQI\",\"description\":\"Experience Ultimate Wellness and Relaxation with NeoQi Spa Capsule: Your Path to Rejuvenation\",\"publisher\":{\"@id\":\"https:\\\/\\\/neoqi.com\\\/#organization\"},\"potentialAction\":[{\"@type\":\"SearchAction\",\"target\":{\"@type\":\"EntryPoint\",\"urlTemplate\":\"https:\\\/\\\/neoqi.com\\\/?s={search_term_string}\"},\"query-input\":{\"@type\":\"PropertyValueSpecification\",\"valueRequired\":true,\"valueName\":\"search_term_string\"}}],\"inLanguage\":\"et\"},{\"@type\":\"Organization\",\"@id\":\"https:\\\/\\\/neoqi.com\\\/#organization\",\"name\":\"NEOQI\",\"url\":\"https:\\\/\\\/neoqi.com\\\/\",\"logo\":{\"@type\":\"ImageObject\",\"inLanguage\":\"et\",\"@id\":\"https:\\\/\\\/neoqi.com\\\/#\\\/schema\\\/logo\\\/image\\\/\",\"url\":\"https:\\\/\\\/neoqi.com\\\/wp-content\\\/uploads\\\/2024\\\/09\\\/logoneosvg.svg\",\"contentUrl\":\"https:\\\/\\\/neoqi.com\\\/wp-content\\\/uploads\\\/2024\\\/09\\\/logoneosvg.svg\",\"width\":1,\"height\":1,\"caption\":\"NEOQI\"},\"image\":{\"@id\":\"https:\\\/\\\/neoqi.com\\\/#\\\/schema\\\/logo\\\/image\\\/\"},\"sameAs\":[\"https:\\\/\\\/www.facebook.com\\\/neoqi\\\/\",\"https:\\\/\\\/www.instagram.com\\\/neoqi_com\\\/\"]}]}<\/script>\n<!-- \/ Yoast SEO plugin. -->","yoast_head_json":{"title":"Pro - NEOQI","robots":{"index":"index","follow":"follow","max-snippet":"max-snippet:-1","max-image-preview":"max-image-preview:large","max-video-preview":"max-video-preview:-1"},"canonical":"https:\/\/neoqi.com\/et\/toode\/pro\/","og_locale":"et_EE","og_type":"article","og_title":"Pro - NEOQI","og_description":"Harmony Pro is a SPA-capsule of a new generation, providing a wide range of treatments necessary for the invigoration of the body and solving number of aesthetic problems. Thanks to Harmony Pro, individually tailored complete programs may be carried out within just one cabinet.  SPA capsule has a beneficial effect on the body as a whole. The stylish and modern case of Harmony Pro contains all the knowledge about the healing properties of water, light and heat. Users have and access to treatments of hydro fusion and \u2013therapy, as well as the opportunity to affect the emotional state of a person by means of color, light, music and a variety of flavors.  Harmony Pro combines the latest achievements in medicine and cosmetology. This physiotherapy complex has been specifically designed for the needs of the spa, fitness and rehabilitation centers.","og_url":"https:\/\/neoqi.com\/et\/toode\/pro\/","og_site_name":"NEOQI","article_publisher":"https:\/\/www.facebook.com\/neoqi\/","article_modified_time":"2025-08-04T13:19:13+00:00","og_image":[{"width":750,"height":500,"url":"https:\/\/neoqi.com\/wp-content\/uploads\/2024\/09\/wellness_neoqi_Pro_2.jpg","type":"image\/jpeg"}],"twitter_card":"summary_large_image","twitter_misc":{"Est. reading time":"3 minutit"},"schema":{"@context":"https:\/\/schema.org","@graph":[{"@type":"WebPage","@id":"https:\/\/neoqi.com\/product\/pro\/","url":"https:\/\/neoqi.com\/product\/pro\/","name":"Pro - NEOQI","isPartOf":{"@id":"https:\/\/neoqi.com\/#website"},"primaryImageOfPage":{"@id":"https:\/\/neoqi.com\/product\/pro\/#primaryimage"},"image":{"@id":"https:\/\/neoqi.com\/product\/pro\/#primaryimage"},"thumbnailUrl":"https:\/\/neoqi.com\/wp-content\/uploads\/2024\/09\/wellness_neoqi_Pro_2.jpg","datePublished":"2024-09-06T22:42:23+00:00","dateModified":"2025-08-04T13:19:13+00:00","breadcrumb":{"@id":"https:\/\/neoqi.com\/product\/pro\/#breadcrumb"},"inLanguage":"et","potentialAction":[{"@type":"ReadAction","target":["https:\/\/neoqi.com\/product\/pro\/"]}]},{"@type":"ImageObject","inLanguage":"et","@id":"https:\/\/neoqi.com\/product\/pro\/#primaryimage","url":"https:\/\/neoqi.com\/wp-content\/uploads\/2024\/09\/wellness_neoqi_Pro_2.jpg","contentUrl":"https:\/\/neoqi.com\/wp-content\/uploads\/2024\/09\/wellness_neoqi_Pro_2.jpg","width":750,"height":500},{"@type":"BreadcrumbList","@id":"https:\/\/neoqi.com\/product\/pro\/#breadcrumb","itemListElement":[{"@type":"ListItem","position":1,"name":"Home","item":"https:\/\/neoqi.com\/"},{"@type":"ListItem","position":2,"name":"Catalog","item":"https:\/\/neoqi.com\/it\/catalog\/"},{"@type":"ListItem","position":3,"name":"Pro"}]},{"@type":"WebSite","@id":"https:\/\/neoqi.com\/#website","url":"https:\/\/neoqi.com\/","name":"NEOQI","description":"Kogege \u00fclimat heaolu ja l\u00f5\u00f5gastust NeoQi Spa kapsliga: Teie tee noorendamiseni","publisher":{"@id":"https:\/\/neoqi.com\/#organization"},"potentialAction":[{"@type":"SearchAction","target":{"@type":"EntryPoint","urlTemplate":"https:\/\/neoqi.com\/?s={search_term_string}"},"query-input":{"@type":"PropertyValueSpecification","valueRequired":true,"valueName":"search_term_string"}}],"inLanguage":"et"},{"@type":"Organization","@id":"https:\/\/neoqi.com\/#organization","name":"NEOQI","url":"https:\/\/neoqi.com\/","logo":{"@type":"ImageObject","inLanguage":"et","@id":"https:\/\/neoqi.com\/#\/schema\/logo\/image\/","url":"https:\/\/neoqi.com\/wp-content\/uploads\/2024\/09\/logoneosvg.svg","contentUrl":"https:\/\/neoqi.com\/wp-content\/uploads\/2024\/09\/logoneosvg.svg","width":1,"height":1,"caption":"NEOQI"},"image":{"@id":"https:\/\/neoqi.com\/#\/schema\/logo\/image\/"},"sameAs":["https:\/\/www.facebook.com\/neoqi\/","https:\/\/www.instagram.com\/neoqi_com\/"]}]}},"_links":{"self":[{"href":"https:\/\/neoqi.com\/et\/wp-json\/wp\/v2\/product\/2107","targetHints":{"allow":["GET"]}}],"collection":[{"href":"https:\/\/neoqi.com\/et\/wp-json\/wp\/v2\/product"}],"about":[{"href":"https:\/\/neoqi.com\/et\/wp-json\/wp\/v2\/types\/product"}],"replies":[{"embeddable":true,"href":"https:\/\/neoqi.com\/et\/wp-json\/wp\/v2\/comments?post=2107"}],"wp:featuredmedia":[{"embeddable":true,"href":"https:\/\/neoqi.com\/et\/wp-json\/wp\/v2\/media\/3181"}],"wp:attachment":[{"href":"https:\/\/neoqi.com\/et\/wp-json\/wp\/v2\/media?parent=2107"}],"wp:term":[{"taxonomy":"product_brand","embeddable":true,"href":"https:\/\/neoqi.com\/et\/wp-json\/wp\/v2\/product_brand?post=2107"},{"taxonomy":"product_cat","embeddable":true,"href":"https:\/\/neoqi.com\/et\/wp-json\/wp\/v2\/product_cat?post=2107"},{"taxonomy":"product_tag","embeddable":true,"href":"https:\/\/neoqi.com\/et\/wp-json\/wp\/v2\/product_tag?post=2107"}],"curies":[{"name":"wp","href":"https:\/\/api.w.org\/{rel}","templated":true}]}}