{"id":2132,"date":"2024-09-07T04:53:06","date_gmt":"2024-09-07T01:53:06","guid":{"rendered":"http:\/\/neoqi.com\/?post_type=product&#038;p=2132"},"modified":"2024-12-03T18:38:14","modified_gmt":"2024-12-03T15:38:14","slug":"dream","status":"publish","type":"product","link":"https:\/\/neoqi.com\/et\/toode\/dream\/","title":{"rendered":"Dream"},"content":{"rendered":"<p><strong>NeoQi\u00ae Dream'i peamised ravimeetodid<\/strong><\/p>\n<p><strong>Soojahooldus (aur ja\/v\u00f5i infrapunasaun).<\/strong> Niiske soojus silub kortse ja noorendab nahka, samas kui infrapunasaun soojendab keha s\u00fcgavamalt, kiirendab ainevahetust, parandab vereringet ja v\u00e4hendab lihasvalu. Nende termoteraapiameetodite samaaegsel kasutamisel tekib kapsli sees ainulaadne keskkond, mis on v\u00f5rreldav emakese emakas viibimisega - klienti t\u00e4idab mugavuse, \u00f5nne ja vaimse harmoonia tunne.<\/p>\n<p><strong>Vichy du\u0161\u0161\/k\u00e4sidu\u0161\u0161 kehale.<\/strong> Vichy du\u0161\u0161 on vajalik \u00fcldiseks massaa\u017eiks ja stressi leevendamiseks. Sooja vee joad pakuvad meeldivat ja valutut massaa\u017ei, v\u00e4hendavad tselluliidi v\u00e4limust, leevendavad lihaspingeid, tugevdavad ja taastavad keha p\u00e4rast vigastusi ja stressi. Vichy du\u0161i kasulikud omadused tulevad veelgi enam esile, kui neid kombineerida teiste SPA-hooldustega: m\u00e4histe, koorimiste ja massaa\u017eidega.<\/p>\n<p><strong>Keha koorimine<\/strong> - vajalik samm k\u00f5igi kehahooldusprotseduuride, eriti kehakontuuride ja tselluliidi v\u00e4hendamise programmide puhul. Koorimine tagab s\u00fcgavpuhastuse ja noorendamise, t\u00f5hustab lipol\u00fc\u00fcsi ja parandab naha elastsust.<\/p>\n<p><strong>Keham\u00e4hised koos erinevate kosmeetikatoodete kasutamisega.<\/strong> Juba m\u00f5ned aastased kehakuurid aitavad ennetada tselluliidi taastekkimist, hoides naha elastseks, s\u00e4ravaks ja terveks. Samuti on m\u00e4hised t\u00f5hus vahend v\u00f5itluses \u00fclekaaluga, aidates taastada vormi p\u00e4rast rasedust ja v\u00e4hendada paistetust. T\u00e4nu Vichy du\u0161i funktsioonile saab k\u00f5ik maskid h\u00f5lpsasti maha pesta otse SPA-kapslis.<\/p>\n<p><strong>\u00d5limassaa\u017e.<\/strong> Massaa\u017e soodustab l\u00f5\u00f5gastumist ja leevendab nii f\u00fc\u00fcsilist kui ka vaimset stressi. Erinevad massaa\u017eid aitavad korrigeerida probleemseid piirkondi, vabaneda lihaste tselluliidist ja valust, aktiveerida vere- ja l\u00fcmfiringlust. P\u00e4rast massaa\u017eisessiooni kogeb klient \u00fclimat l\u00f5\u00f5gastust ja meelerahu, tagades seega tervisliku une ja vabanemise h\u00e4irivatest m\u00f5tetest.<\/p>\n<p><strong>Kehahoolduse ajal n\u00e4ohooldus.<\/strong> Samal ajal, kui kliendi keha on SPA-kapsli soodsa m\u00f5ju all, saab terapeut teha erinevaid n\u00e4ohooldusrakendusi. Koorimine, massaa\u017e, mask - pakuvad t\u00e4ielikku keha- ja n\u00e4ohooldust.<\/p>\n<p><strong>Kokkuv\u00f5te<\/strong><\/p>\n<p>Infrapunasaun<br \/>\nAurusaun<br \/>\nAroomiteraapia<br \/>\nVichy du\u0161\u0161<br \/>\nVibreeriv ravilaud<br \/>\nV\u00e4rvitulede s\u00fcsteem<br \/>\nMuusikas\u00fcsteem (MP3)<br \/>\nN\u00e4o jahutusventilaator<br \/>\nK\u00e4si du\u0161\u0161<\/p>","protected":false},"excerpt":{"rendered":"<p>SPA-kapsel Dream on hoolikalt kavandatud seade, mis on vajalik klassikaliste SPA-rituaalide l\u00e4biviimiseks. Dreamil on k\u00f5ige populaarsemad ja t\u00f5husamad funktsioonid kehakuju korrigeerimiseks, vereringe parandamiseks, tselluliidi v\u00e4hendamiseks, stressi leevendamiseks ja noorendamiseks. Kombineerituna t\u00e4iustatud taastusravi tehnoloogiatega, lisandub \u00fclalnimetatud v\u00f5imalustele tervendav m\u00f5ju, avaldab soodsat m\u00f5ju \u00fcldisele tervisele.<\/p>\n<p>Dream energy cocoon pakub ainulaadset v\u00f5imalust p\u00f5geneda igap\u00e4evasest sebimisest, l\u00f5\u00f5gastuda ja unustada k\u00f5ik probleemid. P\u00e4rast hoolitsust kogevad kliendid energiapuhangut, paremat meeleolu ja une taastumist.<\/p>\n<p>Dream cocoon on spetsiaalselt v\u00e4lja t\u00f6\u00f6tatud kehahooldusprotseduuride jaoks piiratud ruumiga ilusalongides ja p\u00e4evakuurides.<\/p>","protected":false},"featured_media":2133,"comment_status":"open","ping_status":"closed","template":"","meta":{"_acf_changed":false,"site-sidebar-layout":"default","site-content-layout":"","ast-site-content-layout":"default","site-content-style":"default","site-sidebar-style":"default","ast-global-header-display":"","ast-banner-title-visibility":"","ast-main-header-display":"","ast-hfb-above-header-display":"","ast-hfb-below-header-display":"","ast-hfb-mobile-header-display":"","site-post-title":"","ast-breadcrumbs-content":"","ast-featured-img":"","footer-sml-layout":"","ast-disable-related-posts":"","theme-transparent-header-meta":"default","adv-header-id-meta":"","stick-header-meta":"","header-above-stick-meta":"","header-main-stick-meta":"","header-below-stick-meta":"","astra-migrate-meta-layouts":"set","ast-page-background-enabled":"default","ast-page-background-meta":{"desktop":{"background-color":"var(--ast-global-color-4)","background-image":"","background-repeat":"repeat","background-position":"center center","background-size":"auto","background-attachment":"scroll","background-type":"","background-media":"","overlay-type":"","overlay-color":"","overlay-opacity":"","overlay-gradient":""},"tablet":{"background-color":"","background-image":"","background-repeat":"repeat","background-position":"center center","background-size":"auto","background-attachment":"scroll","background-type":"","background-media":"","overlay-type":"","overlay-color":"","overlay-opacity":"","overlay-gradient":""},"mobile":{"background-color":"","background-image":"","background-repeat":"repeat","background-position":"center center","background-size":"auto","background-attachment":"scroll","background-type":"","background-media":"","overlay-type":"","overlay-color":"","overlay-opacity":"","overlay-gradient":""}},"ast-content-background-meta":{"desktop":{"background-color":"var(--ast-global-color-5)","background-image":"","background-repeat":"repeat","background-position":"center center","background-size":"auto","background-attachment":"scroll","background-type":"","background-media":"","overlay-type":"","overlay-color":"","overlay-opacity":"","overlay-gradient":""},"tablet":{"background-color":"var(--ast-global-color-5)","background-image":"","background-repeat":"repeat","background-position":"center center","background-size":"auto","background-attachment":"scroll","background-type":"","background-media":"","overlay-type":"","overlay-color":"","overlay-opacity":"","overlay-gradient":""},"mobile":{"background-color":"var(--ast-global-color-5)","background-image":"","background-repeat":"repeat","background-position":"center center","background-size":"auto","background-attachment":"scroll","background-type":"","background-media":"","overlay-type":"","overlay-color":"","overlay-opacity":"","overlay-gradient":""}}},"product_brand":[],"product_cat":[81,82],"product_tag":[],"class_list":{"0":"post-2132","1":"product","2":"type-product","3":"status-publish","4":"has-post-thumbnail","6":"product_cat-energy-cocoons","7":"product_cat-esthetical","8":"desktop-align-left","9":"tablet-align-left","10":"mobile-align-left","12":"first","13":"instock","14":"shipping-taxable","15":"product-type-simple"},"acf":[],"yoast_head":"<!-- This site is optimized with the Yoast SEO plugin v27.4 - https:\/\/yoast.com\/product\/yoast-seo-wordpress\/ -->\n<title>Dream - NEOQI<\/title>\n<meta name=\"robots\" content=\"index, follow, max-snippet:-1, max-image-preview:large, max-video-preview:-1\" \/>\n<link rel=\"canonical\" href=\"https:\/\/neoqi.com\/et\/prodotto\/dream\/\" \/>\n<meta property=\"og:locale\" content=\"et_EE\" \/>\n<meta property=\"og:type\" content=\"article\" \/>\n<meta property=\"og:title\" content=\"Dream - NEOQI\" \/>\n<meta property=\"og:description\" content=\"The SPA-capsule Dream is a carefully designed device, necessary for carrying out classical SPA rituals. Dream features the most popular and effective functions for body shape correction, improving blood circulation, cellulite reduction, stress relief and rejuvenation. Combined with advanced rehabilitation technologies, the above-mentioned options are supplemented with a healing effect, has beneficial impact on overall health.  The Dream energy cocoon provides a unique opportunity to get away from daily bustle, relax and forget about all the problems. After the treatment, the customer experience a burst of energy, better mood and sleep recovery.  Dream cocoon was specifically developed for body care treatments in beauty salons and day spas with limited room.\" \/>\n<meta property=\"og:url\" content=\"https:\/\/neoqi.com\/et\/prodotto\/dream\/\" \/>\n<meta property=\"og:site_name\" content=\"NEOQI\" \/>\n<meta property=\"article:publisher\" content=\"https:\/\/www.facebook.com\/neoqi\/\" \/>\n<meta property=\"article:modified_time\" content=\"2024-12-03T15:38:14+00:00\" \/>\n<meta property=\"og:image\" content=\"https:\/\/neoqi.com\/wp-content\/uploads\/2024\/09\/dream.png\" \/>\n\t<meta property=\"og:image:width\" content=\"1200\" \/>\n\t<meta property=\"og:image:height\" content=\"800\" \/>\n\t<meta property=\"og:image:type\" content=\"image\/png\" \/>\n<meta name=\"twitter:card\" content=\"summary_large_image\" \/>\n<meta name=\"twitter:label1\" content=\"Est. reading time\" \/>\n\t<meta name=\"twitter:data1\" content=\"2 minutit\" \/>\n<script type=\"application\/ld+json\" class=\"yoast-schema-graph\">{\"@context\":\"https:\\\/\\\/schema.org\",\"@graph\":[{\"@type\":\"WebPage\",\"@id\":\"https:\\\/\\\/neoqi.com\\\/it\\\/prodotto\\\/dream\\\/\",\"url\":\"https:\\\/\\\/neoqi.com\\\/it\\\/prodotto\\\/dream\\\/\",\"name\":\"Dream - NEOQI\",\"isPartOf\":{\"@id\":\"https:\\\/\\\/neoqi.com\\\/#website\"},\"primaryImageOfPage\":{\"@id\":\"https:\\\/\\\/neoqi.com\\\/it\\\/prodotto\\\/dream\\\/#primaryimage\"},\"image\":{\"@id\":\"https:\\\/\\\/neoqi.com\\\/it\\\/prodotto\\\/dream\\\/#primaryimage\"},\"thumbnailUrl\":\"https:\\\/\\\/neoqi.com\\\/wp-content\\\/uploads\\\/2024\\\/09\\\/dream.png\",\"datePublished\":\"2024-09-07T01:53:06+00:00\",\"dateModified\":\"2024-12-03T15:38:14+00:00\",\"breadcrumb\":{\"@id\":\"https:\\\/\\\/neoqi.com\\\/it\\\/prodotto\\\/dream\\\/#breadcrumb\"},\"inLanguage\":\"et\",\"potentialAction\":[{\"@type\":\"ReadAction\",\"target\":[\"https:\\\/\\\/neoqi.com\\\/it\\\/prodotto\\\/dream\\\/\"]}]},{\"@type\":\"ImageObject\",\"inLanguage\":\"et\",\"@id\":\"https:\\\/\\\/neoqi.com\\\/it\\\/prodotto\\\/dream\\\/#primaryimage\",\"url\":\"https:\\\/\\\/neoqi.com\\\/wp-content\\\/uploads\\\/2024\\\/09\\\/dream.png\",\"contentUrl\":\"https:\\\/\\\/neoqi.com\\\/wp-content\\\/uploads\\\/2024\\\/09\\\/dream.png\",\"width\":1200,\"height\":800},{\"@type\":\"BreadcrumbList\",\"@id\":\"https:\\\/\\\/neoqi.com\\\/it\\\/prodotto\\\/dream\\\/#breadcrumb\",\"itemListElement\":[{\"@type\":\"ListItem\",\"position\":1,\"name\":\"Home\",\"item\":\"https:\\\/\\\/neoqi.com\\\/\"},{\"@type\":\"ListItem\",\"position\":2,\"name\":\"Catalog\",\"item\":\"https:\\\/\\\/neoqi.com\\\/it\\\/catalog\\\/\"},{\"@type\":\"ListItem\",\"position\":3,\"name\":\"Dream\"}]},{\"@type\":\"WebSite\",\"@id\":\"https:\\\/\\\/neoqi.com\\\/#website\",\"url\":\"https:\\\/\\\/neoqi.com\\\/\",\"name\":\"NEOQI\",\"description\":\"Experience Ultimate Wellness and Relaxation with NeoQi Spa Capsule: Your Path to Rejuvenation\",\"publisher\":{\"@id\":\"https:\\\/\\\/neoqi.com\\\/#organization\"},\"potentialAction\":[{\"@type\":\"SearchAction\",\"target\":{\"@type\":\"EntryPoint\",\"urlTemplate\":\"https:\\\/\\\/neoqi.com\\\/?s={search_term_string}\"},\"query-input\":{\"@type\":\"PropertyValueSpecification\",\"valueRequired\":true,\"valueName\":\"search_term_string\"}}],\"inLanguage\":\"et\"},{\"@type\":\"Organization\",\"@id\":\"https:\\\/\\\/neoqi.com\\\/#organization\",\"name\":\"NEOQI\",\"url\":\"https:\\\/\\\/neoqi.com\\\/\",\"logo\":{\"@type\":\"ImageObject\",\"inLanguage\":\"et\",\"@id\":\"https:\\\/\\\/neoqi.com\\\/#\\\/schema\\\/logo\\\/image\\\/\",\"url\":\"https:\\\/\\\/neoqi.com\\\/wp-content\\\/uploads\\\/2024\\\/09\\\/logoneosvg.svg\",\"contentUrl\":\"https:\\\/\\\/neoqi.com\\\/wp-content\\\/uploads\\\/2024\\\/09\\\/logoneosvg.svg\",\"width\":1,\"height\":1,\"caption\":\"NEOQI\"},\"image\":{\"@id\":\"https:\\\/\\\/neoqi.com\\\/#\\\/schema\\\/logo\\\/image\\\/\"},\"sameAs\":[\"https:\\\/\\\/www.facebook.com\\\/neoqi\\\/\",\"https:\\\/\\\/www.instagram.com\\\/neoqi_com\\\/\"]}]}<\/script>\n<!-- \/ Yoast SEO plugin. -->","yoast_head_json":{"title":"Unistus - NEOQI","robots":{"index":"index","follow":"follow","max-snippet":"max-snippet:-1","max-image-preview":"max-image-preview:large","max-video-preview":"max-video-preview:-1"},"canonical":"https:\/\/neoqi.com\/et\/prodotto\/dream\/","og_locale":"et_EE","og_type":"article","og_title":"Dream - NEOQI","og_description":"The SPA-capsule Dream is a carefully designed device, necessary for carrying out classical SPA rituals. Dream features the most popular and effective functions for body shape correction, improving blood circulation, cellulite reduction, stress relief and rejuvenation. Combined with advanced rehabilitation technologies, the above-mentioned options are supplemented with a healing effect, has beneficial impact on overall health.  The Dream energy cocoon provides a unique opportunity to get away from daily bustle, relax and forget about all the problems. After the treatment, the customer experience a burst of energy, better mood and sleep recovery.  Dream cocoon was specifically developed for body care treatments in beauty salons and day spas with limited room.","og_url":"https:\/\/neoqi.com\/et\/prodotto\/dream\/","og_site_name":"NEOQI","article_publisher":"https:\/\/www.facebook.com\/neoqi\/","article_modified_time":"2024-12-03T15:38:14+00:00","og_image":[{"width":1200,"height":800,"url":"https:\/\/neoqi.com\/wp-content\/uploads\/2024\/09\/dream.png","type":"image\/png"}],"twitter_card":"summary_large_image","twitter_misc":{"Est. reading time":"2 minutit"},"schema":{"@context":"https:\/\/schema.org","@graph":[{"@type":"WebPage","@id":"https:\/\/neoqi.com\/it\/prodotto\/dream\/","url":"https:\/\/neoqi.com\/it\/prodotto\/dream\/","name":"Unistus - NEOQI","isPartOf":{"@id":"https:\/\/neoqi.com\/#website"},"primaryImageOfPage":{"@id":"https:\/\/neoqi.com\/it\/prodotto\/dream\/#primaryimage"},"image":{"@id":"https:\/\/neoqi.com\/it\/prodotto\/dream\/#primaryimage"},"thumbnailUrl":"https:\/\/neoqi.com\/wp-content\/uploads\/2024\/09\/dream.png","datePublished":"2024-09-07T01:53:06+00:00","dateModified":"2024-12-03T15:38:14+00:00","breadcrumb":{"@id":"https:\/\/neoqi.com\/it\/prodotto\/dream\/#breadcrumb"},"inLanguage":"et","potentialAction":[{"@type":"ReadAction","target":["https:\/\/neoqi.com\/it\/prodotto\/dream\/"]}]},{"@type":"ImageObject","inLanguage":"et","@id":"https:\/\/neoqi.com\/it\/prodotto\/dream\/#primaryimage","url":"https:\/\/neoqi.com\/wp-content\/uploads\/2024\/09\/dream.png","contentUrl":"https:\/\/neoqi.com\/wp-content\/uploads\/2024\/09\/dream.png","width":1200,"height":800},{"@type":"BreadcrumbList","@id":"https:\/\/neoqi.com\/it\/prodotto\/dream\/#breadcrumb","itemListElement":[{"@type":"ListItem","position":1,"name":"Home","item":"https:\/\/neoqi.com\/"},{"@type":"ListItem","position":2,"name":"Catalog","item":"https:\/\/neoqi.com\/it\/catalog\/"},{"@type":"ListItem","position":3,"name":"Dream"}]},{"@type":"WebSite","@id":"https:\/\/neoqi.com\/#website","url":"https:\/\/neoqi.com\/","name":"NEOQI","description":"Kogege \u00fclimat heaolu ja l\u00f5\u00f5gastust NeoQi Spa kapsliga: Teie tee noorendamiseni","publisher":{"@id":"https:\/\/neoqi.com\/#organization"},"potentialAction":[{"@type":"SearchAction","target":{"@type":"EntryPoint","urlTemplate":"https:\/\/neoqi.com\/?s={search_term_string}"},"query-input":{"@type":"PropertyValueSpecification","valueRequired":true,"valueName":"search_term_string"}}],"inLanguage":"et"},{"@type":"Organization","@id":"https:\/\/neoqi.com\/#organization","name":"NEOQI","url":"https:\/\/neoqi.com\/","logo":{"@type":"ImageObject","inLanguage":"et","@id":"https:\/\/neoqi.com\/#\/schema\/logo\/image\/","url":"https:\/\/neoqi.com\/wp-content\/uploads\/2024\/09\/logoneosvg.svg","contentUrl":"https:\/\/neoqi.com\/wp-content\/uploads\/2024\/09\/logoneosvg.svg","width":1,"height":1,"caption":"NEOQI"},"image":{"@id":"https:\/\/neoqi.com\/#\/schema\/logo\/image\/"},"sameAs":["https:\/\/www.facebook.com\/neoqi\/","https:\/\/www.instagram.com\/neoqi_com\/"]}]}},"_links":{"self":[{"href":"https:\/\/neoqi.com\/et\/wp-json\/wp\/v2\/product\/2132","targetHints":{"allow":["GET"]}}],"collection":[{"href":"https:\/\/neoqi.com\/et\/wp-json\/wp\/v2\/product"}],"about":[{"href":"https:\/\/neoqi.com\/et\/wp-json\/wp\/v2\/types\/product"}],"replies":[{"embeddable":true,"href":"https:\/\/neoqi.com\/et\/wp-json\/wp\/v2\/comments?post=2132"}],"wp:featuredmedia":[{"embeddable":true,"href":"https:\/\/neoqi.com\/et\/wp-json\/wp\/v2\/media\/2133"}],"wp:attachment":[{"href":"https:\/\/neoqi.com\/et\/wp-json\/wp\/v2\/media?parent=2132"}],"wp:term":[{"taxonomy":"product_brand","embeddable":true,"href":"https:\/\/neoqi.com\/et\/wp-json\/wp\/v2\/product_brand?post=2132"},{"taxonomy":"product_cat","embeddable":true,"href":"https:\/\/neoqi.com\/et\/wp-json\/wp\/v2\/product_cat?post=2132"},{"taxonomy":"product_tag","embeddable":true,"href":"https:\/\/neoqi.com\/et\/wp-json\/wp\/v2\/product_tag?post=2132"}],"curies":[{"name":"wp","href":"https:\/\/api.w.org\/{rel}","templated":true}]}}