{"id":2147,"date":"2024-09-07T03:55:10","date_gmt":"2024-09-07T00:55:10","guid":{"rendered":"http:\/\/neoqi.com\/?post_type=product&#038;p=2147"},"modified":"2024-12-03T18:38:05","modified_gmt":"2024-12-03T15:38:05","slug":"relax","status":"publish","type":"product","link":"https:\/\/neoqi.com\/et\/toode\/relax\/","title":{"rendered":"Relax"},"content":{"rendered":"<p><strong>NeoQi\u00ae Relax'i peamised ravimeetodid<\/strong><\/p>\n<p>Aurusaun. Meeldiv soe aur stimuleerib higistamist, naha s\u00fcgavpuhastust ja detoksikatsiooni. Regulaarsete aurusaunak\u00fclastustega muutub nahk elastsemaks, siledamaks ja omandab \u00fchtlase, s\u00e4rava ja tervisliku tooni. Aurusaun kiirendab ka ainevahetust, mis toob kaasa loomuliku ja tervisliku kaalulanguse.<\/p>\n<p><strong>Infrapunasaun.<\/strong> Juba esimestest minutitest alates hakkab infrapunasoojus kehale kasulikult ja pehmelt m\u00f5juma. Siseorganite kudede s\u00fcgav soojenemine leevendab lihasvalu, tugevdab immuuns\u00fcsteemi ja k\u00f5rvaldab toksiine. IR aitab parandada emotsionaalset seisundit ja v\u00f5idelda stressiga, k\u00f5rvaldades \u00e4rrituvuse, n\u00e4rvilisuse ja unetuse.<\/p>\n<p><strong>Aroomiteraapia.<\/strong> Meeldiv ravimeetod l\u00f5hnade abil, mis sukelduvad teid eeterlike \u00f5lide salap\u00e4rasesse maailma. Essentsid v\u00f5ivad l\u00f5dvestada, rahustada v\u00f5i erutada n\u00e4rvis\u00fcsteemi. Segage erinevatest aroomidest koosnevat kompositsiooni, et nautida v\u00e4rske tsitruselise aia, troopilise metsa v\u00f5i idamaise basaari atmosf\u00e4\u00e4ri.<\/p>\n<p><strong>Kromoteraapia.<\/strong> V\u00e4rvid m\u00f5jutavad inimese \u00fcldist ps\u00fchhof\u00fc\u00fcsilist seisundit. Kasutage iga v\u00e4rvi omadusi, et taastada unemustrid ja siseorganite funktsioonid, k\u00f5rvaldada peavalu, leevendada \u00e4revust ja depressiooni.<\/p>\n<p><strong>Kokkuv\u00f5te<\/strong><\/p>\n<p>Infrapunasaun<br \/>\nAurusaun<br \/>\nAroomiteraapia<br \/>\nV\u00e4rvitulede s\u00fcsteem<br \/>\nMuusikas\u00fcsteem (MP3)<\/p>","protected":false},"excerpt":{"rendered":"<p>Relax Energy kookon on kvaliteetne funktsionaalne seade, mis v\u00f5imaldab nautida nii auru kui ka infrapunasauna. Selle ergonoomiline kuju tagab mugava istumisasendi, kus pea j\u00e4\u00e4b k\u00fcljele ja ei puutu kokku k\u00f5rgema temperatuuriga.<\/p>\n<p>Kromo-, aroomi- ja muusikateraapia funktsioonid t\u00e4iendavad iga seanssi, pakkudes v\u00f5imsat terapeutilist m\u00f5ju ps\u00fchhoemotsionaalsele seisundile.  Valige programm vastavalt oma soovidele, kas soovite laadida oma keha energiaga v\u00f5i pakkuda talle p\u00e4eva l\u00f5pus maksimaalset l\u00f5\u00f5gastust.<\/p>\n<p>Relax SPA-kapsel annab ainulaadse v\u00f5imaluse p\u00fchenduda iseendale, tehes nii ilu- kui ka heaoluhooldusi. Relax SPA-kapsli regulaarne kasutamine t\u00e4idab teid energiaga, muutub suurep\u00e4raseks abivahendiks v\u00f5itluses \u00fclekaaluga ning taastab eluj\u00f5u ja tervise.<\/p>","protected":false},"featured_media":2148,"comment_status":"open","ping_status":"closed","template":"","meta":{"_acf_changed":false,"site-sidebar-layout":"default","site-content-layout":"","ast-site-content-layout":"default","site-content-style":"default","site-sidebar-style":"default","ast-global-header-display":"","ast-banner-title-visibility":"","ast-main-header-display":"","ast-hfb-above-header-display":"","ast-hfb-below-header-display":"","ast-hfb-mobile-header-display":"","site-post-title":"","ast-breadcrumbs-content":"","ast-featured-img":"","footer-sml-layout":"","ast-disable-related-posts":"","theme-transparent-header-meta":"default","adv-header-id-meta":"","stick-header-meta":"","header-above-stick-meta":"","header-main-stick-meta":"","header-below-stick-meta":"","astra-migrate-meta-layouts":"set","ast-page-background-enabled":"default","ast-page-background-meta":{"desktop":{"background-color":"var(--ast-global-color-4)","background-image":"","background-repeat":"repeat","background-position":"center center","background-size":"auto","background-attachment":"scroll","background-type":"","background-media":"","overlay-type":"","overlay-color":"","overlay-opacity":"","overlay-gradient":""},"tablet":{"background-color":"","background-image":"","background-repeat":"repeat","background-position":"center center","background-size":"auto","background-attachment":"scroll","background-type":"","background-media":"","overlay-type":"","overlay-color":"","overlay-opacity":"","overlay-gradient":""},"mobile":{"background-color":"","background-image":"","background-repeat":"repeat","background-position":"center center","background-size":"auto","background-attachment":"scroll","background-type":"","background-media":"","overlay-type":"","overlay-color":"","overlay-opacity":"","overlay-gradient":""}},"ast-content-background-meta":{"desktop":{"background-color":"var(--ast-global-color-5)","background-image":"","background-repeat":"repeat","background-position":"center center","background-size":"auto","background-attachment":"scroll","background-type":"","background-media":"","overlay-type":"","overlay-color":"","overlay-opacity":"","overlay-gradient":""},"tablet":{"background-color":"var(--ast-global-color-5)","background-image":"","background-repeat":"repeat","background-position":"center center","background-size":"auto","background-attachment":"scroll","background-type":"","background-media":"","overlay-type":"","overlay-color":"","overlay-opacity":"","overlay-gradient":""},"mobile":{"background-color":"var(--ast-global-color-5)","background-image":"","background-repeat":"repeat","background-position":"center center","background-size":"auto","background-attachment":"scroll","background-type":"","background-media":"","overlay-type":"","overlay-color":"","overlay-opacity":"","overlay-gradient":""}}},"product_brand":[],"product_cat":[81,82],"product_tag":[],"class_list":{"0":"post-2147","1":"product","2":"type-product","3":"status-publish","4":"has-post-thumbnail","6":"product_cat-energy-cocoons","7":"product_cat-esthetical","8":"desktop-align-left","9":"tablet-align-left","10":"mobile-align-left","12":"first","13":"instock","14":"shipping-taxable","15":"product-type-simple"},"acf":[],"yoast_head":"<!-- This site is optimized with the Yoast SEO plugin v27.4 - https:\/\/yoast.com\/product\/yoast-seo-wordpress\/ -->\n<title>Relax - NEOQI<\/title>\n<meta name=\"robots\" content=\"index, follow, max-snippet:-1, max-image-preview:large, max-video-preview:-1\" \/>\n<link rel=\"canonical\" href=\"https:\/\/neoqi.com\/et\/toode\/relax\/\" \/>\n<meta property=\"og:locale\" content=\"et_EE\" \/>\n<meta property=\"og:type\" content=\"article\" \/>\n<meta property=\"og:title\" content=\"Relax - NEOQI\" \/>\n<meta property=\"og:description\" content=\"The Relax Energy cocoon is a high quality functional device that allows you to enjoy both steam and infrared sauna. Its ergonomic shape provides a comfortable sitting position, wherein the head stays out side and is not exposed to higher temperatures.  Chromo-, aroma- and music therapy functions complement each session providing a powerful therapeutic effect on the psycho-emotional state.\u00a0 Choose a program according to your wishes, whether you want to charge your body with energy or offer it maximum relaxation at the end of the day.  The Relax SPA-capsule gives a unique opportunity to devote time to yourself by conducting both beauty and wellness treatments. Regular use of the Relax SPA-cocoon will fill you with energy, become an excellent tool in the fight with excess weight, and regain vitality and health.\" \/>\n<meta property=\"og:url\" content=\"https:\/\/neoqi.com\/et\/toode\/relax\/\" \/>\n<meta property=\"og:site_name\" content=\"NEOQI\" \/>\n<meta property=\"article:publisher\" content=\"https:\/\/www.facebook.com\/neoqi\/\" \/>\n<meta property=\"article:modified_time\" content=\"2024-12-03T15:38:05+00:00\" \/>\n<meta property=\"og:image\" content=\"https:\/\/neoqi.com\/wp-content\/uploads\/2024\/09\/relax.png\" \/>\n\t<meta property=\"og:image:width\" content=\"1200\" \/>\n\t<meta property=\"og:image:height\" content=\"800\" \/>\n\t<meta property=\"og:image:type\" content=\"image\/png\" \/>\n<meta name=\"twitter:card\" content=\"summary_large_image\" \/>\n<meta name=\"twitter:label1\" content=\"Est. reading time\" \/>\n\t<meta name=\"twitter:data1\" content=\"1 minut\" \/>\n<script type=\"application\/ld+json\" class=\"yoast-schema-graph\">{\"@context\":\"https:\\\/\\\/schema.org\",\"@graph\":[{\"@type\":\"WebPage\",\"@id\":\"https:\\\/\\\/neoqi.com\\\/product\\\/relax\\\/\",\"url\":\"https:\\\/\\\/neoqi.com\\\/product\\\/relax\\\/\",\"name\":\"Relax - NEOQI\",\"isPartOf\":{\"@id\":\"https:\\\/\\\/neoqi.com\\\/#website\"},\"primaryImageOfPage\":{\"@id\":\"https:\\\/\\\/neoqi.com\\\/product\\\/relax\\\/#primaryimage\"},\"image\":{\"@id\":\"https:\\\/\\\/neoqi.com\\\/product\\\/relax\\\/#primaryimage\"},\"thumbnailUrl\":\"https:\\\/\\\/neoqi.com\\\/wp-content\\\/uploads\\\/2024\\\/09\\\/relax.png\",\"datePublished\":\"2024-09-07T00:55:10+00:00\",\"dateModified\":\"2024-12-03T15:38:05+00:00\",\"breadcrumb\":{\"@id\":\"https:\\\/\\\/neoqi.com\\\/product\\\/relax\\\/#breadcrumb\"},\"inLanguage\":\"et\",\"potentialAction\":[{\"@type\":\"ReadAction\",\"target\":[\"https:\\\/\\\/neoqi.com\\\/product\\\/relax\\\/\"]}]},{\"@type\":\"ImageObject\",\"inLanguage\":\"et\",\"@id\":\"https:\\\/\\\/neoqi.com\\\/product\\\/relax\\\/#primaryimage\",\"url\":\"https:\\\/\\\/neoqi.com\\\/wp-content\\\/uploads\\\/2024\\\/09\\\/relax.png\",\"contentUrl\":\"https:\\\/\\\/neoqi.com\\\/wp-content\\\/uploads\\\/2024\\\/09\\\/relax.png\",\"width\":1200,\"height\":800},{\"@type\":\"BreadcrumbList\",\"@id\":\"https:\\\/\\\/neoqi.com\\\/product\\\/relax\\\/#breadcrumb\",\"itemListElement\":[{\"@type\":\"ListItem\",\"position\":1,\"name\":\"Home\",\"item\":\"https:\\\/\\\/neoqi.com\\\/\"},{\"@type\":\"ListItem\",\"position\":2,\"name\":\"Catalog\",\"item\":\"https:\\\/\\\/neoqi.com\\\/it\\\/catalog\\\/\"},{\"@type\":\"ListItem\",\"position\":3,\"name\":\"Relax\"}]},{\"@type\":\"WebSite\",\"@id\":\"https:\\\/\\\/neoqi.com\\\/#website\",\"url\":\"https:\\\/\\\/neoqi.com\\\/\",\"name\":\"NEOQI\",\"description\":\"Experience Ultimate Wellness and Relaxation with NeoQi Spa Capsule: Your Path to Rejuvenation\",\"publisher\":{\"@id\":\"https:\\\/\\\/neoqi.com\\\/#organization\"},\"potentialAction\":[{\"@type\":\"SearchAction\",\"target\":{\"@type\":\"EntryPoint\",\"urlTemplate\":\"https:\\\/\\\/neoqi.com\\\/?s={search_term_string}\"},\"query-input\":{\"@type\":\"PropertyValueSpecification\",\"valueRequired\":true,\"valueName\":\"search_term_string\"}}],\"inLanguage\":\"et\"},{\"@type\":\"Organization\",\"@id\":\"https:\\\/\\\/neoqi.com\\\/#organization\",\"name\":\"NEOQI\",\"url\":\"https:\\\/\\\/neoqi.com\\\/\",\"logo\":{\"@type\":\"ImageObject\",\"inLanguage\":\"et\",\"@id\":\"https:\\\/\\\/neoqi.com\\\/#\\\/schema\\\/logo\\\/image\\\/\",\"url\":\"https:\\\/\\\/neoqi.com\\\/wp-content\\\/uploads\\\/2024\\\/09\\\/logoneosvg.svg\",\"contentUrl\":\"https:\\\/\\\/neoqi.com\\\/wp-content\\\/uploads\\\/2024\\\/09\\\/logoneosvg.svg\",\"width\":1,\"height\":1,\"caption\":\"NEOQI\"},\"image\":{\"@id\":\"https:\\\/\\\/neoqi.com\\\/#\\\/schema\\\/logo\\\/image\\\/\"},\"sameAs\":[\"https:\\\/\\\/www.facebook.com\\\/neoqi\\\/\",\"https:\\\/\\\/www.instagram.com\\\/neoqi_com\\\/\"]}]}<\/script>\n<!-- \/ Yoast SEO plugin. -->","yoast_head_json":{"title":"Relax - NEOQI","robots":{"index":"index","follow":"follow","max-snippet":"max-snippet:-1","max-image-preview":"max-image-preview:large","max-video-preview":"max-video-preview:-1"},"canonical":"https:\/\/neoqi.com\/et\/toode\/relax\/","og_locale":"et_EE","og_type":"article","og_title":"Relax - NEOQI","og_description":"The Relax Energy cocoon is a high quality functional device that allows you to enjoy both steam and infrared sauna. Its ergonomic shape provides a comfortable sitting position, wherein the head stays out side and is not exposed to higher temperatures.  Chromo-, aroma- and music therapy functions complement each session providing a powerful therapeutic effect on the psycho-emotional state.\u00a0 Choose a program according to your wishes, whether you want to charge your body with energy or offer it maximum relaxation at the end of the day.  The Relax SPA-capsule gives a unique opportunity to devote time to yourself by conducting both beauty and wellness treatments. Regular use of the Relax SPA-cocoon will fill you with energy, become an excellent tool in the fight with excess weight, and regain vitality and health.","og_url":"https:\/\/neoqi.com\/et\/toode\/relax\/","og_site_name":"NEOQI","article_publisher":"https:\/\/www.facebook.com\/neoqi\/","article_modified_time":"2024-12-03T15:38:05+00:00","og_image":[{"width":1200,"height":800,"url":"https:\/\/neoqi.com\/wp-content\/uploads\/2024\/09\/relax.png","type":"image\/png"}],"twitter_card":"summary_large_image","twitter_misc":{"Est. reading time":"1 minut"},"schema":{"@context":"https:\/\/schema.org","@graph":[{"@type":"WebPage","@id":"https:\/\/neoqi.com\/product\/relax\/","url":"https:\/\/neoqi.com\/product\/relax\/","name":"Relax - NEOQI","isPartOf":{"@id":"https:\/\/neoqi.com\/#website"},"primaryImageOfPage":{"@id":"https:\/\/neoqi.com\/product\/relax\/#primaryimage"},"image":{"@id":"https:\/\/neoqi.com\/product\/relax\/#primaryimage"},"thumbnailUrl":"https:\/\/neoqi.com\/wp-content\/uploads\/2024\/09\/relax.png","datePublished":"2024-09-07T00:55:10+00:00","dateModified":"2024-12-03T15:38:05+00:00","breadcrumb":{"@id":"https:\/\/neoqi.com\/product\/relax\/#breadcrumb"},"inLanguage":"et","potentialAction":[{"@type":"ReadAction","target":["https:\/\/neoqi.com\/product\/relax\/"]}]},{"@type":"ImageObject","inLanguage":"et","@id":"https:\/\/neoqi.com\/product\/relax\/#primaryimage","url":"https:\/\/neoqi.com\/wp-content\/uploads\/2024\/09\/relax.png","contentUrl":"https:\/\/neoqi.com\/wp-content\/uploads\/2024\/09\/relax.png","width":1200,"height":800},{"@type":"BreadcrumbList","@id":"https:\/\/neoqi.com\/product\/relax\/#breadcrumb","itemListElement":[{"@type":"ListItem","position":1,"name":"Home","item":"https:\/\/neoqi.com\/"},{"@type":"ListItem","position":2,"name":"Catalog","item":"https:\/\/neoqi.com\/it\/catalog\/"},{"@type":"ListItem","position":3,"name":"Relax"}]},{"@type":"WebSite","@id":"https:\/\/neoqi.com\/#website","url":"https:\/\/neoqi.com\/","name":"NEOQI","description":"Kogege \u00fclimat heaolu ja l\u00f5\u00f5gastust NeoQi Spa kapsliga: Teie tee noorendamiseni","publisher":{"@id":"https:\/\/neoqi.com\/#organization"},"potentialAction":[{"@type":"SearchAction","target":{"@type":"EntryPoint","urlTemplate":"https:\/\/neoqi.com\/?s={search_term_string}"},"query-input":{"@type":"PropertyValueSpecification","valueRequired":true,"valueName":"search_term_string"}}],"inLanguage":"et"},{"@type":"Organization","@id":"https:\/\/neoqi.com\/#organization","name":"NEOQI","url":"https:\/\/neoqi.com\/","logo":{"@type":"ImageObject","inLanguage":"et","@id":"https:\/\/neoqi.com\/#\/schema\/logo\/image\/","url":"https:\/\/neoqi.com\/wp-content\/uploads\/2024\/09\/logoneosvg.svg","contentUrl":"https:\/\/neoqi.com\/wp-content\/uploads\/2024\/09\/logoneosvg.svg","width":1,"height":1,"caption":"NEOQI"},"image":{"@id":"https:\/\/neoqi.com\/#\/schema\/logo\/image\/"},"sameAs":["https:\/\/www.facebook.com\/neoqi\/","https:\/\/www.instagram.com\/neoqi_com\/"]}]}},"_links":{"self":[{"href":"https:\/\/neoqi.com\/et\/wp-json\/wp\/v2\/product\/2147","targetHints":{"allow":["GET"]}}],"collection":[{"href":"https:\/\/neoqi.com\/et\/wp-json\/wp\/v2\/product"}],"about":[{"href":"https:\/\/neoqi.com\/et\/wp-json\/wp\/v2\/types\/product"}],"replies":[{"embeddable":true,"href":"https:\/\/neoqi.com\/et\/wp-json\/wp\/v2\/comments?post=2147"}],"wp:featuredmedia":[{"embeddable":true,"href":"https:\/\/neoqi.com\/et\/wp-json\/wp\/v2\/media\/2148"}],"wp:attachment":[{"href":"https:\/\/neoqi.com\/et\/wp-json\/wp\/v2\/media?parent=2147"}],"wp:term":[{"taxonomy":"product_brand","embeddable":true,"href":"https:\/\/neoqi.com\/et\/wp-json\/wp\/v2\/product_brand?post=2147"},{"taxonomy":"product_cat","embeddable":true,"href":"https:\/\/neoqi.com\/et\/wp-json\/wp\/v2\/product_cat?post=2147"},{"taxonomy":"product_tag","embeddable":true,"href":"https:\/\/neoqi.com\/et\/wp-json\/wp\/v2\/product_tag?post=2147"}],"curies":[{"name":"wp","href":"https:\/\/api.w.org\/{rel}","templated":true}]}}