{"id":2163,"date":"2024-09-07T06:58:56","date_gmt":"2024-09-07T03:58:56","guid":{"rendered":"http:\/\/neoqi.com\/?post_type=product&#038;p=2163"},"modified":"2024-12-03T18:38:38","modified_gmt":"2024-12-03T15:38:38","slug":"medica","status":"publish","type":"product","link":"https:\/\/neoqi.com\/et\/toode\/medica\/","title":{"rendered":"Medica"},"content":{"rendered":"<p><strong>NeoQi\u00ae Medica peamised ravimeetodid<\/strong><\/p>\n<p>\u00d5humullid ja h\u00fcdromassaa\u017e on vanni automaatsed funktsioonid. See on t\u00f5hus kombinatsioon tsoonilisest massaa\u017eist ning termo- ja h\u00fcdroteraapia meetoditest. Soojad veevoolud masseerivad \u00f5rnalt keha probleemsed piirkonnad, korrigeerivad siluetti, poleerivad nahka ja rikastavad seda hapnikuga. H\u00fcdromassaa\u017ei seansid aitavad leevendada ja lahendada probleeme luu- ja lihaskonna ning s\u00fcdame-veresoonkonna s\u00fcsteemiga, samuti liigse kehakaalu korral. \u00d5humullmassaa\u017e m\u00f5jub \u00f5rnalt lihastele, \u00fcmbritsedes keha tuhandete keerlevate \u00f5humullidega.<\/p>\n<p><strong>Balneoteraapia.<\/strong> See on populaarne ja t\u00f5hus kehahooldus- ja elustumismeetod. Vann on t\u00e4idetud sooja veega, millele on lisatud erinevaid lisandeid: merevetikad, sool, muda, eeterlikud \u00f5lid. Lisaks haiguste ennetamisele ja stressi leevendamisele on sellistel hoolitsustel ka iluefekt. Balneoteraapiat kasutatakse kehakaalu langetamiseks, naha niisutamiseks ja toniseerimiseks.<br \/>\nKromoteraapia taastab energia tasakaalu, k\u00f5rvaldab stressi ja tugevdab immuuns\u00fcsteemi. Valgus tungib kudedesse ja kannab vajalikku energiavoolu, mis m\u00f5jub soodsalt tervisele. Kromoteraapia on t\u00f5hus t\u00e4iendus igale h\u00fcdroteraapia seanssile.<\/p>\n<p><strong>Kokkuv\u00f5te<\/strong><\/p>\n<p>Vesimassaa\u017e<br \/>\n\u00d5humullide massaa\u017e<br \/>\nV\u00e4rviline valgusravi (kromoteraapia)<br \/>\n6 k\u00fclgmist joatoru<br \/>\n8 selja massaa\u017eijuga<br \/>\n2 d\u00fc\u00fcsid jalgadele<br \/>\n10 alumist \u00f5hupihustit<br \/>\n\u00d5hupuhuri s\u00fcsteem<br \/>\nKiire vee sissevool ja \u00e4ravool<br \/>\nK\u00e4si du\u0161\u0161<\/p>","protected":false},"excerpt":{"rendered":"<p>Medica on keskmise suurusega professionaalne h\u00fcdroteraapia vann, mis on hea alternatiiv Niagara vannile. Medica on samade omadustega, kuid t\u00e4nu oma kompaktsematele m\u00f5\u00f5tmetele sobib see ideaalselt v\u00e4iksematesse ruumidesse. H\u00fcdroteraapiavann on ette n\u00e4htud tsoonilise massaa\u017ei tegemiseks automaatse vee- ja \u00f5huvarustuse abil. Medica k\u00f5iki massaa\u017eifunktsioone saab t\u00e4iendada kromoteraapia abil, mis v\u00f5imaldab klientidel s\u00fcgavalt l\u00f5\u00f5gastuda ja saada massaa\u017eisessioonist positiivseid emotsioone.<\/p>\n<p>Vanni sisemus on ergonoomilise kujuga, millel on selja ja reite jaoks m\u00f5eldud profiil ning v\u00e4ljaulatuvad k\u00e4etoed, mis tagavad kliendile maksimaalse mugavuse kogu ravi ajal.<\/p>","protected":false},"featured_media":2164,"comment_status":"open","ping_status":"closed","template":"","meta":{"_acf_changed":false,"site-sidebar-layout":"default","site-content-layout":"","ast-site-content-layout":"default","site-content-style":"default","site-sidebar-style":"default","ast-global-header-display":"","ast-banner-title-visibility":"","ast-main-header-display":"","ast-hfb-above-header-display":"","ast-hfb-below-header-display":"","ast-hfb-mobile-header-display":"","site-post-title":"","ast-breadcrumbs-content":"","ast-featured-img":"","footer-sml-layout":"","ast-disable-related-posts":"","theme-transparent-header-meta":"default","adv-header-id-meta":"","stick-header-meta":"","header-above-stick-meta":"","header-main-stick-meta":"","header-below-stick-meta":"","astra-migrate-meta-layouts":"set","ast-page-background-enabled":"default","ast-page-background-meta":{"desktop":{"background-color":"var(--ast-global-color-4)","background-image":"","background-repeat":"repeat","background-position":"center center","background-size":"auto","background-attachment":"scroll","background-type":"","background-media":"","overlay-type":"","overlay-color":"","overlay-opacity":"","overlay-gradient":""},"tablet":{"background-color":"","background-image":"","background-repeat":"repeat","background-position":"center center","background-size":"auto","background-attachment":"scroll","background-type":"","background-media":"","overlay-type":"","overlay-color":"","overlay-opacity":"","overlay-gradient":""},"mobile":{"background-color":"","background-image":"","background-repeat":"repeat","background-position":"center center","background-size":"auto","background-attachment":"scroll","background-type":"","background-media":"","overlay-type":"","overlay-color":"","overlay-opacity":"","overlay-gradient":""}},"ast-content-background-meta":{"desktop":{"background-color":"var(--ast-global-color-5)","background-image":"","background-repeat":"repeat","background-position":"center center","background-size":"auto","background-attachment":"scroll","background-type":"","background-media":"","overlay-type":"","overlay-color":"","overlay-opacity":"","overlay-gradient":""},"tablet":{"background-color":"var(--ast-global-color-5)","background-image":"","background-repeat":"repeat","background-position":"center center","background-size":"auto","background-attachment":"scroll","background-type":"","background-media":"","overlay-type":"","overlay-color":"","overlay-opacity":"","overlay-gradient":""},"mobile":{"background-color":"var(--ast-global-color-5)","background-image":"","background-repeat":"repeat","background-position":"center center","background-size":"auto","background-attachment":"scroll","background-type":"","background-media":"","overlay-type":"","overlay-color":"","overlay-opacity":"","overlay-gradient":""}}},"product_brand":[],"product_cat":[81,82],"product_tag":[],"class_list":{"0":"post-2163","1":"product","2":"type-product","3":"status-publish","4":"has-post-thumbnail","6":"product_cat-energy-cocoons","7":"product_cat-esthetical","8":"desktop-align-left","9":"tablet-align-left","10":"mobile-align-left","12":"first","13":"instock","14":"shipping-taxable","15":"product-type-simple"},"acf":[],"yoast_head":"<!-- This site is optimized with the Yoast SEO plugin v27.4 - https:\/\/yoast.com\/product\/yoast-seo-wordpress\/ -->\n<title>Medica - NEOQI<\/title>\n<meta name=\"robots\" content=\"index, follow, max-snippet:-1, max-image-preview:large, max-video-preview:-1\" \/>\n<link rel=\"canonical\" href=\"https:\/\/neoqi.com\/et\/toode\/medica\/\" \/>\n<meta property=\"og:locale\" content=\"et_EE\" \/>\n<meta property=\"og:type\" content=\"article\" \/>\n<meta property=\"og:title\" content=\"Medica - NEOQI\" \/>\n<meta property=\"og:description\" content=\"Medica is middle-sized professional hydrotherapy bath, which is a good alternative to the Niagara bath. Medica has the same features, but due to its more compact size, it is perfect for smaller rooms. The hydrotherapy bath is designated for zonal massage by means of automatic water and air supply. All massage features of Medica can be complemented by chromotherapy that allows customers to deeply relax and receive positive emotions from the massage session.  The inside of the tub has an ergonomic shape with a profile for the back and thighs, and protruding armrests that provide maximum comfort to the client throughout the treatment.\" \/>\n<meta property=\"og:url\" content=\"https:\/\/neoqi.com\/et\/toode\/medica\/\" \/>\n<meta property=\"og:site_name\" content=\"NEOQI\" \/>\n<meta property=\"article:publisher\" content=\"https:\/\/www.facebook.com\/neoqi\/\" \/>\n<meta property=\"article:modified_time\" content=\"2024-12-03T15:38:38+00:00\" \/>\n<meta property=\"og:image\" content=\"https:\/\/neoqi.com\/wp-content\/uploads\/2024\/09\/medica.png\" \/>\n\t<meta property=\"og:image:width\" content=\"1200\" \/>\n\t<meta property=\"og:image:height\" content=\"800\" \/>\n\t<meta property=\"og:image:type\" content=\"image\/png\" \/>\n<meta name=\"twitter:card\" content=\"summary_large_image\" \/>\n<meta name=\"twitter:label1\" content=\"Est. reading time\" \/>\n\t<meta name=\"twitter:data1\" content=\"1 minut\" \/>\n<script type=\"application\/ld+json\" class=\"yoast-schema-graph\">{\"@context\":\"https:\\\/\\\/schema.org\",\"@graph\":[{\"@type\":\"WebPage\",\"@id\":\"https:\\\/\\\/neoqi.com\\\/product\\\/medica\\\/\",\"url\":\"https:\\\/\\\/neoqi.com\\\/product\\\/medica\\\/\",\"name\":\"Medica - NEOQI\",\"isPartOf\":{\"@id\":\"https:\\\/\\\/neoqi.com\\\/#website\"},\"primaryImageOfPage\":{\"@id\":\"https:\\\/\\\/neoqi.com\\\/product\\\/medica\\\/#primaryimage\"},\"image\":{\"@id\":\"https:\\\/\\\/neoqi.com\\\/product\\\/medica\\\/#primaryimage\"},\"thumbnailUrl\":\"https:\\\/\\\/neoqi.com\\\/wp-content\\\/uploads\\\/2024\\\/09\\\/medica.png\",\"datePublished\":\"2024-09-07T03:58:56+00:00\",\"dateModified\":\"2024-12-03T15:38:38+00:00\",\"breadcrumb\":{\"@id\":\"https:\\\/\\\/neoqi.com\\\/product\\\/medica\\\/#breadcrumb\"},\"inLanguage\":\"et\",\"potentialAction\":[{\"@type\":\"ReadAction\",\"target\":[\"https:\\\/\\\/neoqi.com\\\/product\\\/medica\\\/\"]}]},{\"@type\":\"ImageObject\",\"inLanguage\":\"et\",\"@id\":\"https:\\\/\\\/neoqi.com\\\/product\\\/medica\\\/#primaryimage\",\"url\":\"https:\\\/\\\/neoqi.com\\\/wp-content\\\/uploads\\\/2024\\\/09\\\/medica.png\",\"contentUrl\":\"https:\\\/\\\/neoqi.com\\\/wp-content\\\/uploads\\\/2024\\\/09\\\/medica.png\",\"width\":1200,\"height\":800},{\"@type\":\"BreadcrumbList\",\"@id\":\"https:\\\/\\\/neoqi.com\\\/product\\\/medica\\\/#breadcrumb\",\"itemListElement\":[{\"@type\":\"ListItem\",\"position\":1,\"name\":\"Home\",\"item\":\"https:\\\/\\\/neoqi.com\\\/\"},{\"@type\":\"ListItem\",\"position\":2,\"name\":\"Catalog\",\"item\":\"https:\\\/\\\/neoqi.com\\\/it\\\/catalog\\\/\"},{\"@type\":\"ListItem\",\"position\":3,\"name\":\"Medica\"}]},{\"@type\":\"WebSite\",\"@id\":\"https:\\\/\\\/neoqi.com\\\/#website\",\"url\":\"https:\\\/\\\/neoqi.com\\\/\",\"name\":\"NEOQI\",\"description\":\"Experience Ultimate Wellness and Relaxation with NeoQi Spa Capsule: Your Path to Rejuvenation\",\"publisher\":{\"@id\":\"https:\\\/\\\/neoqi.com\\\/#organization\"},\"potentialAction\":[{\"@type\":\"SearchAction\",\"target\":{\"@type\":\"EntryPoint\",\"urlTemplate\":\"https:\\\/\\\/neoqi.com\\\/?s={search_term_string}\"},\"query-input\":{\"@type\":\"PropertyValueSpecification\",\"valueRequired\":true,\"valueName\":\"search_term_string\"}}],\"inLanguage\":\"et\"},{\"@type\":\"Organization\",\"@id\":\"https:\\\/\\\/neoqi.com\\\/#organization\",\"name\":\"NEOQI\",\"url\":\"https:\\\/\\\/neoqi.com\\\/\",\"logo\":{\"@type\":\"ImageObject\",\"inLanguage\":\"et\",\"@id\":\"https:\\\/\\\/neoqi.com\\\/#\\\/schema\\\/logo\\\/image\\\/\",\"url\":\"https:\\\/\\\/neoqi.com\\\/wp-content\\\/uploads\\\/2024\\\/09\\\/logoneosvg.svg\",\"contentUrl\":\"https:\\\/\\\/neoqi.com\\\/wp-content\\\/uploads\\\/2024\\\/09\\\/logoneosvg.svg\",\"width\":1,\"height\":1,\"caption\":\"NEOQI\"},\"image\":{\"@id\":\"https:\\\/\\\/neoqi.com\\\/#\\\/schema\\\/logo\\\/image\\\/\"},\"sameAs\":[\"https:\\\/\\\/www.facebook.com\\\/neoqi\\\/\",\"https:\\\/\\\/www.instagram.com\\\/neoqi_com\\\/\"]}]}<\/script>\n<!-- \/ Yoast SEO plugin. -->","yoast_head_json":{"title":"Medica - NEOQI","robots":{"index":"index","follow":"follow","max-snippet":"max-snippet:-1","max-image-preview":"max-image-preview:large","max-video-preview":"max-video-preview:-1"},"canonical":"https:\/\/neoqi.com\/et\/toode\/medica\/","og_locale":"et_EE","og_type":"article","og_title":"Medica - NEOQI","og_description":"Medica is middle-sized professional hydrotherapy bath, which is a good alternative to the Niagara bath. Medica has the same features, but due to its more compact size, it is perfect for smaller rooms. The hydrotherapy bath is designated for zonal massage by means of automatic water and air supply. All massage features of Medica can be complemented by chromotherapy that allows customers to deeply relax and receive positive emotions from the massage session.  The inside of the tub has an ergonomic shape with a profile for the back and thighs, and protruding armrests that provide maximum comfort to the client throughout the treatment.","og_url":"https:\/\/neoqi.com\/et\/toode\/medica\/","og_site_name":"NEOQI","article_publisher":"https:\/\/www.facebook.com\/neoqi\/","article_modified_time":"2024-12-03T15:38:38+00:00","og_image":[{"width":1200,"height":800,"url":"https:\/\/neoqi.com\/wp-content\/uploads\/2024\/09\/medica.png","type":"image\/png"}],"twitter_card":"summary_large_image","twitter_misc":{"Est. reading time":"1 minut"},"schema":{"@context":"https:\/\/schema.org","@graph":[{"@type":"WebPage","@id":"https:\/\/neoqi.com\/product\/medica\/","url":"https:\/\/neoqi.com\/product\/medica\/","name":"Medica - NEOQI","isPartOf":{"@id":"https:\/\/neoqi.com\/#website"},"primaryImageOfPage":{"@id":"https:\/\/neoqi.com\/product\/medica\/#primaryimage"},"image":{"@id":"https:\/\/neoqi.com\/product\/medica\/#primaryimage"},"thumbnailUrl":"https:\/\/neoqi.com\/wp-content\/uploads\/2024\/09\/medica.png","datePublished":"2024-09-07T03:58:56+00:00","dateModified":"2024-12-03T15:38:38+00:00","breadcrumb":{"@id":"https:\/\/neoqi.com\/product\/medica\/#breadcrumb"},"inLanguage":"et","potentialAction":[{"@type":"ReadAction","target":["https:\/\/neoqi.com\/product\/medica\/"]}]},{"@type":"ImageObject","inLanguage":"et","@id":"https:\/\/neoqi.com\/product\/medica\/#primaryimage","url":"https:\/\/neoqi.com\/wp-content\/uploads\/2024\/09\/medica.png","contentUrl":"https:\/\/neoqi.com\/wp-content\/uploads\/2024\/09\/medica.png","width":1200,"height":800},{"@type":"BreadcrumbList","@id":"https:\/\/neoqi.com\/product\/medica\/#breadcrumb","itemListElement":[{"@type":"ListItem","position":1,"name":"Home","item":"https:\/\/neoqi.com\/"},{"@type":"ListItem","position":2,"name":"Catalog","item":"https:\/\/neoqi.com\/it\/catalog\/"},{"@type":"ListItem","position":3,"name":"Medica"}]},{"@type":"WebSite","@id":"https:\/\/neoqi.com\/#website","url":"https:\/\/neoqi.com\/","name":"NEOQI","description":"Kogege \u00fclimat heaolu ja l\u00f5\u00f5gastust NeoQi Spa kapsliga: Teie tee noorendamiseni","publisher":{"@id":"https:\/\/neoqi.com\/#organization"},"potentialAction":[{"@type":"SearchAction","target":{"@type":"EntryPoint","urlTemplate":"https:\/\/neoqi.com\/?s={search_term_string}"},"query-input":{"@type":"PropertyValueSpecification","valueRequired":true,"valueName":"search_term_string"}}],"inLanguage":"et"},{"@type":"Organization","@id":"https:\/\/neoqi.com\/#organization","name":"NEOQI","url":"https:\/\/neoqi.com\/","logo":{"@type":"ImageObject","inLanguage":"et","@id":"https:\/\/neoqi.com\/#\/schema\/logo\/image\/","url":"https:\/\/neoqi.com\/wp-content\/uploads\/2024\/09\/logoneosvg.svg","contentUrl":"https:\/\/neoqi.com\/wp-content\/uploads\/2024\/09\/logoneosvg.svg","width":1,"height":1,"caption":"NEOQI"},"image":{"@id":"https:\/\/neoqi.com\/#\/schema\/logo\/image\/"},"sameAs":["https:\/\/www.facebook.com\/neoqi\/","https:\/\/www.instagram.com\/neoqi_com\/"]}]}},"_links":{"self":[{"href":"https:\/\/neoqi.com\/et\/wp-json\/wp\/v2\/product\/2163","targetHints":{"allow":["GET"]}}],"collection":[{"href":"https:\/\/neoqi.com\/et\/wp-json\/wp\/v2\/product"}],"about":[{"href":"https:\/\/neoqi.com\/et\/wp-json\/wp\/v2\/types\/product"}],"replies":[{"embeddable":true,"href":"https:\/\/neoqi.com\/et\/wp-json\/wp\/v2\/comments?post=2163"}],"wp:featuredmedia":[{"embeddable":true,"href":"https:\/\/neoqi.com\/et\/wp-json\/wp\/v2\/media\/2164"}],"wp:attachment":[{"href":"https:\/\/neoqi.com\/et\/wp-json\/wp\/v2\/media?parent=2163"}],"wp:term":[{"taxonomy":"product_brand","embeddable":true,"href":"https:\/\/neoqi.com\/et\/wp-json\/wp\/v2\/product_brand?post=2163"},{"taxonomy":"product_cat","embeddable":true,"href":"https:\/\/neoqi.com\/et\/wp-json\/wp\/v2\/product_cat?post=2163"},{"taxonomy":"product_tag","embeddable":true,"href":"https:\/\/neoqi.com\/et\/wp-json\/wp\/v2\/product_tag?post=2163"}],"curies":[{"name":"wp","href":"https:\/\/api.w.org\/{rel}","templated":true}]}}