{"id":2170,"date":"2024-09-07T05:01:35","date_gmt":"2024-09-07T02:01:35","guid":{"rendered":"http:\/\/neoqi.com\/?post_type=product&#038;p=2170"},"modified":"2024-12-03T18:38:26","modified_gmt":"2024-12-03T15:38:26","slug":"bodybase","status":"publish","type":"product","link":"https:\/\/neoqi.com\/et\/toode\/bodybase\/","title":{"rendered":"Bodybase"},"content":{"rendered":"<p><strong>NeoQi\u00ae Bodybase'i peamised ravimeetodid:<\/strong><\/p>\n<p>M\u00e4rg massaa\u017e. Massaa\u017e on t\u00f5hus ennetav, kosmeetiline ja terapeutiline meetod inimkehale. See hoolitsus on kasulik nahale, lihaskoele, n\u00e4rvidele, s\u00fcdame-veresoonkonnale ja hingamiss\u00fcsteemile. Eeterlike \u00f5lide kasutamisel on t\u00e4iendav positiivne m\u00f5ju mitte ainult inimese f\u00fc\u00fcsilisele, vaid ka ps\u00fchhoemotsionaalsele seisundile. Meeldivad l\u00f5hnad aitavad patsiendil kiiresti ja s\u00fcgavalt l\u00f5\u00f5gastuda, mis muudab massaa\u017ei veelgi tulemuslikumaks ja nauditavamaks.<\/p>\n<p>Keha koorimine. See SPA-rituaal suudab \u00e4ratada ja s\u00fcgavuti puhastada nahka, rikastada seda hapnikuga, k\u00e4ivitada noorendusprotsessi, taastada naha elastsuse ja tugevuse. Paku oma klientidele eksootilist segu troopilistest puuviljadest, kohvist ja tumedast \u0161okolaadist, j\u00f5hvikatest ja meresoolast. Peeling on ideaalne naha ettevalmistus j\u00e4rgnevateks SPA-hoolitsusteks.<br \/>\nSoojendavad ja jahutavad m\u00e4hised. Keham\u00e4hised on populaarsed ja k\u00f5ige meeldivamad SPA-rituaalid, mille eesm\u00e4rk on rikastada nahka vitamiinide ja mineraalidega, p\u00f5letada rasvkoet, samuti taastada, toita ja noorendada nahka. P\u00e4rast hoolitsust on nahk pehme, tugev ja uskumatult sile.<\/p>\n<p>Thalassoteraapia. Ookeani eluj\u00f5ud aitab keha elavdada, taastada, l\u00f5\u00f5gastuda ja noorendada. Thalassoteraapia p\u00f5him\u00f5tted p\u00f5hinevad merevee, meresoolade, merevetikate ja muda kasutamisel. Seansi ajal tunneb klient parimate mere\u00e4\u00e4rsete kuurortide tervendavat atmosf\u00e4\u00e4ri, vabanedes stressist, unetusest, hooajalisest depressioonist ja \u00e4rrituvusest.<\/p>\n<p>Kiviteraapia ei ole mitte ainult t\u00f5hus ja populaarne massaa\u017eiliik, vaid see on ka viis kasutada looduse kosutavat j\u00f5udu. Kuna kivid on maas\u00fcndinud, on neil v\u00f5ime absorbeerida k\u00f5igi olemasolevate elementide v\u00f5imsat energiat. Siledad, lamedad, kuumad musta v\u00e4rvi kivid ja jahedad valged kivid l\u00f5dvestavad lihaseid, parandavad kudede ja siseorganite hapnikuvoolu, kiirendavad ainevahetust ja aitavad leida sisemist harmooniat.<\/p>\n<p><strong>Omadused:<\/strong><\/p>\n<p>K\u00e4si du\u0161\u0161<br \/>\nTagasi k\u00fctte s\u00fcsteem<br \/>\nMuusikas\u00fcsteem (MP3)<\/p>","protected":false},"excerpt":{"rendered":"<p>Bodybase massaa\u017eilaua on m\u00f5eldud t\u00e4ielikuks SPA-hoolduseks kehahoolduseks. Paku oma klientidele igat liiki m\u00e4rgmassaa\u017ei, erinevaid koorimisi, m\u00e4hiseid ja talassoteraapia seansse vetikate, soola ja mudaga. Bodybase massaa\u017eilaud sobib suurep\u00e4raselt ka kiviteraapiaks - iidne ravimeetod kuumade ja k\u00fclmade kividega.<\/p>\n<p>Laua konstruktsioon on viimse detailini h\u00e4sti l\u00e4bi m\u00f5eldud. Ergonoomiline soojendusega voodi v\u00f5imaldab kliendile maksimaalset mugavust ravi ajal.<\/p>\n<p>T\u00f6\u00f6pinna kalle tagab vee ja kosmeetikatoodete takistusteta \u00e4ravoolu spetsiaalses drenaa\u017eis\u00fcsteemis, mis on h\u00f5lpsasti \u00fchendatud \u00fcldise kanalisatsioonis\u00fcsteemiga. K\u00e4sidu\u0161\u0161i olemasolu tagab kliendile k\u00e4imasolevate SPA-hoolitsuste ajal absoluutse l\u00f5\u00f5gastuse ja vaikuse. Lisaks aitab sisseehitatud MP3-m\u00e4ngija luua erilise akustilise atmosf\u00e4\u00e4ri, mis v\u00f5imaldab kliendil sukelduda meeldivasse unistuste ja fantaasiate maailma.<\/p>","protected":false},"featured_media":2171,"comment_status":"open","ping_status":"closed","template":"","meta":{"_acf_changed":false,"site-sidebar-layout":"default","site-content-layout":"","ast-site-content-layout":"default","site-content-style":"default","site-sidebar-style":"default","ast-global-header-display":"","ast-banner-title-visibility":"","ast-main-header-display":"","ast-hfb-above-header-display":"","ast-hfb-below-header-display":"","ast-hfb-mobile-header-display":"","site-post-title":"","ast-breadcrumbs-content":"","ast-featured-img":"","footer-sml-layout":"","ast-disable-related-posts":"","theme-transparent-header-meta":"default","adv-header-id-meta":"","stick-header-meta":"","header-above-stick-meta":"","header-main-stick-meta":"","header-below-stick-meta":"","astra-migrate-meta-layouts":"set","ast-page-background-enabled":"default","ast-page-background-meta":{"desktop":{"background-color":"var(--ast-global-color-4)","background-image":"","background-repeat":"repeat","background-position":"center center","background-size":"auto","background-attachment":"scroll","background-type":"","background-media":"","overlay-type":"","overlay-color":"","overlay-opacity":"","overlay-gradient":""},"tablet":{"background-color":"","background-image":"","background-repeat":"repeat","background-position":"center center","background-size":"auto","background-attachment":"scroll","background-type":"","background-media":"","overlay-type":"","overlay-color":"","overlay-opacity":"","overlay-gradient":""},"mobile":{"background-color":"","background-image":"","background-repeat":"repeat","background-position":"center center","background-size":"auto","background-attachment":"scroll","background-type":"","background-media":"","overlay-type":"","overlay-color":"","overlay-opacity":"","overlay-gradient":""}},"ast-content-background-meta":{"desktop":{"background-color":"var(--ast-global-color-5)","background-image":"","background-repeat":"repeat","background-position":"center center","background-size":"auto","background-attachment":"scroll","background-type":"","background-media":"","overlay-type":"","overlay-color":"","overlay-opacity":"","overlay-gradient":""},"tablet":{"background-color":"var(--ast-global-color-5)","background-image":"","background-repeat":"repeat","background-position":"center center","background-size":"auto","background-attachment":"scroll","background-type":"","background-media":"","overlay-type":"","overlay-color":"","overlay-opacity":"","overlay-gradient":""},"mobile":{"background-color":"var(--ast-global-color-5)","background-image":"","background-repeat":"repeat","background-position":"center center","background-size":"auto","background-attachment":"scroll","background-type":"","background-media":"","overlay-type":"","overlay-color":"","overlay-opacity":"","overlay-gradient":""}}},"product_brand":[],"product_cat":[81,82],"product_tag":[],"class_list":{"0":"post-2170","1":"product","2":"type-product","3":"status-publish","4":"has-post-thumbnail","6":"product_cat-energy-cocoons","7":"product_cat-esthetical","8":"desktop-align-left","9":"tablet-align-left","10":"mobile-align-left","12":"first","13":"instock","14":"shipping-taxable","15":"product-type-simple"},"acf":[],"yoast_head":"<!-- This site is optimized with the Yoast SEO plugin v27.4 - https:\/\/yoast.com\/product\/yoast-seo-wordpress\/ -->\n<title>Bodybase - NEOQI<\/title>\n<meta name=\"robots\" content=\"index, follow, max-snippet:-1, max-image-preview:large, max-video-preview:-1\" \/>\n<link rel=\"canonical\" href=\"https:\/\/neoqi.com\/et\/toode\/bodybase\/\" \/>\n<meta property=\"og:locale\" content=\"et_EE\" \/>\n<meta property=\"og:type\" content=\"article\" \/>\n<meta property=\"og:title\" content=\"Bodybase - NEOQI\" \/>\n<meta property=\"og:description\" content=\"The Bodybase massage table is designed for a full range of SPA treatments for body care. Offer your customers all types of wet massages, a variety of peelings, wraps, and thalassotherapy sessions with algae, salt and mud. The Bodybase massage table is also great for stone therapy \u2013 an ancient treatment method with hot and cold stones.  The construction of the table is well thought through until the last detail. An ergonomic bed with heating enables the customer maximum comfort during the treatment.  The slope of the work surface provides unobstructed water and cosmetic products drainage in a special drainage system that is easily connected to the general sewerage system. The presence of a hand shower ensures absolute relaxation and stillness of the customer during ongoing SPA treatments. In addition, the built-in MP3 player helps to create a special acoustic atmosphere, allowing the customer to immerse themselves in a pleasant world of dreams and fantasies.\" \/>\n<meta property=\"og:url\" content=\"https:\/\/neoqi.com\/et\/toode\/bodybase\/\" \/>\n<meta property=\"og:site_name\" content=\"NEOQI\" \/>\n<meta property=\"article:publisher\" content=\"https:\/\/www.facebook.com\/neoqi\/\" \/>\n<meta property=\"article:modified_time\" content=\"2024-12-03T15:38:26+00:00\" \/>\n<meta property=\"og:image\" content=\"https:\/\/neoqi.com\/wp-content\/uploads\/2024\/09\/wellness_neoqi_Mediq_1.png\" \/>\n\t<meta property=\"og:image:width\" content=\"800\" \/>\n\t<meta property=\"og:image:height\" content=\"533\" \/>\n\t<meta property=\"og:image:type\" content=\"image\/png\" \/>\n<meta name=\"twitter:card\" content=\"summary_large_image\" \/>\n<meta name=\"twitter:label1\" content=\"Est. reading time\" \/>\n\t<meta name=\"twitter:data1\" content=\"2 minutit\" \/>\n<script type=\"application\/ld+json\" class=\"yoast-schema-graph\">{\"@context\":\"https:\\\/\\\/schema.org\",\"@graph\":[{\"@type\":\"WebPage\",\"@id\":\"https:\\\/\\\/neoqi.com\\\/product\\\/bodybase\\\/\",\"url\":\"https:\\\/\\\/neoqi.com\\\/product\\\/bodybase\\\/\",\"name\":\"Bodybase - NEOQI\",\"isPartOf\":{\"@id\":\"https:\\\/\\\/neoqi.com\\\/#website\"},\"primaryImageOfPage\":{\"@id\":\"https:\\\/\\\/neoqi.com\\\/product\\\/bodybase\\\/#primaryimage\"},\"image\":{\"@id\":\"https:\\\/\\\/neoqi.com\\\/product\\\/bodybase\\\/#primaryimage\"},\"thumbnailUrl\":\"https:\\\/\\\/neoqi.com\\\/wp-content\\\/uploads\\\/2024\\\/09\\\/wellness_neoqi_Mediq_1.png\",\"datePublished\":\"2024-09-07T02:01:35+00:00\",\"dateModified\":\"2024-12-03T15:38:26+00:00\",\"breadcrumb\":{\"@id\":\"https:\\\/\\\/neoqi.com\\\/product\\\/bodybase\\\/#breadcrumb\"},\"inLanguage\":\"et\",\"potentialAction\":[{\"@type\":\"ReadAction\",\"target\":[\"https:\\\/\\\/neoqi.com\\\/product\\\/bodybase\\\/\"]}]},{\"@type\":\"ImageObject\",\"inLanguage\":\"et\",\"@id\":\"https:\\\/\\\/neoqi.com\\\/product\\\/bodybase\\\/#primaryimage\",\"url\":\"https:\\\/\\\/neoqi.com\\\/wp-content\\\/uploads\\\/2024\\\/09\\\/wellness_neoqi_Mediq_1.png\",\"contentUrl\":\"https:\\\/\\\/neoqi.com\\\/wp-content\\\/uploads\\\/2024\\\/09\\\/wellness_neoqi_Mediq_1.png\",\"width\":800,\"height\":533},{\"@type\":\"BreadcrumbList\",\"@id\":\"https:\\\/\\\/neoqi.com\\\/product\\\/bodybase\\\/#breadcrumb\",\"itemListElement\":[{\"@type\":\"ListItem\",\"position\":1,\"name\":\"Home\",\"item\":\"https:\\\/\\\/neoqi.com\\\/\"},{\"@type\":\"ListItem\",\"position\":2,\"name\":\"Catalog\",\"item\":\"https:\\\/\\\/neoqi.com\\\/it\\\/catalog\\\/\"},{\"@type\":\"ListItem\",\"position\":3,\"name\":\"Bodybase\"}]},{\"@type\":\"WebSite\",\"@id\":\"https:\\\/\\\/neoqi.com\\\/#website\",\"url\":\"https:\\\/\\\/neoqi.com\\\/\",\"name\":\"NEOQI\",\"description\":\"Experience Ultimate Wellness and Relaxation with NeoQi Spa Capsule: Your Path to Rejuvenation\",\"publisher\":{\"@id\":\"https:\\\/\\\/neoqi.com\\\/#organization\"},\"potentialAction\":[{\"@type\":\"SearchAction\",\"target\":{\"@type\":\"EntryPoint\",\"urlTemplate\":\"https:\\\/\\\/neoqi.com\\\/?s={search_term_string}\"},\"query-input\":{\"@type\":\"PropertyValueSpecification\",\"valueRequired\":true,\"valueName\":\"search_term_string\"}}],\"inLanguage\":\"et\"},{\"@type\":\"Organization\",\"@id\":\"https:\\\/\\\/neoqi.com\\\/#organization\",\"name\":\"NEOQI\",\"url\":\"https:\\\/\\\/neoqi.com\\\/\",\"logo\":{\"@type\":\"ImageObject\",\"inLanguage\":\"et\",\"@id\":\"https:\\\/\\\/neoqi.com\\\/#\\\/schema\\\/logo\\\/image\\\/\",\"url\":\"https:\\\/\\\/neoqi.com\\\/wp-content\\\/uploads\\\/2024\\\/09\\\/logoneosvg.svg\",\"contentUrl\":\"https:\\\/\\\/neoqi.com\\\/wp-content\\\/uploads\\\/2024\\\/09\\\/logoneosvg.svg\",\"width\":1,\"height\":1,\"caption\":\"NEOQI\"},\"image\":{\"@id\":\"https:\\\/\\\/neoqi.com\\\/#\\\/schema\\\/logo\\\/image\\\/\"},\"sameAs\":[\"https:\\\/\\\/www.facebook.com\\\/neoqi\\\/\",\"https:\\\/\\\/www.instagram.com\\\/neoqi_com\\\/\"]}]}<\/script>\n<!-- \/ Yoast SEO plugin. -->","yoast_head_json":{"title":"Bodybase - NEOQI","robots":{"index":"index","follow":"follow","max-snippet":"max-snippet:-1","max-image-preview":"max-image-preview:large","max-video-preview":"max-video-preview:-1"},"canonical":"https:\/\/neoqi.com\/et\/toode\/bodybase\/","og_locale":"et_EE","og_type":"article","og_title":"Bodybase - NEOQI","og_description":"The Bodybase massage table is designed for a full range of SPA treatments for body care. Offer your customers all types of wet massages, a variety of peelings, wraps, and thalassotherapy sessions with algae, salt and mud. The Bodybase massage table is also great for stone therapy \u2013 an ancient treatment method with hot and cold stones.  The construction of the table is well thought through until the last detail. An ergonomic bed with heating enables the customer maximum comfort during the treatment.  The slope of the work surface provides unobstructed water and cosmetic products drainage in a special drainage system that is easily connected to the general sewerage system. The presence of a hand shower ensures absolute relaxation and stillness of the customer during ongoing SPA treatments. In addition, the built-in MP3 player helps to create a special acoustic atmosphere, allowing the customer to immerse themselves in a pleasant world of dreams and fantasies.","og_url":"https:\/\/neoqi.com\/et\/toode\/bodybase\/","og_site_name":"NEOQI","article_publisher":"https:\/\/www.facebook.com\/neoqi\/","article_modified_time":"2024-12-03T15:38:26+00:00","og_image":[{"width":800,"height":533,"url":"https:\/\/neoqi.com\/wp-content\/uploads\/2024\/09\/wellness_neoqi_Mediq_1.png","type":"image\/png"}],"twitter_card":"summary_large_image","twitter_misc":{"Est. reading time":"2 minutit"},"schema":{"@context":"https:\/\/schema.org","@graph":[{"@type":"WebPage","@id":"https:\/\/neoqi.com\/product\/bodybase\/","url":"https:\/\/neoqi.com\/product\/bodybase\/","name":"Bodybase - NEOQI","isPartOf":{"@id":"https:\/\/neoqi.com\/#website"},"primaryImageOfPage":{"@id":"https:\/\/neoqi.com\/product\/bodybase\/#primaryimage"},"image":{"@id":"https:\/\/neoqi.com\/product\/bodybase\/#primaryimage"},"thumbnailUrl":"https:\/\/neoqi.com\/wp-content\/uploads\/2024\/09\/wellness_neoqi_Mediq_1.png","datePublished":"2024-09-07T02:01:35+00:00","dateModified":"2024-12-03T15:38:26+00:00","breadcrumb":{"@id":"https:\/\/neoqi.com\/product\/bodybase\/#breadcrumb"},"inLanguage":"et","potentialAction":[{"@type":"ReadAction","target":["https:\/\/neoqi.com\/product\/bodybase\/"]}]},{"@type":"ImageObject","inLanguage":"et","@id":"https:\/\/neoqi.com\/product\/bodybase\/#primaryimage","url":"https:\/\/neoqi.com\/wp-content\/uploads\/2024\/09\/wellness_neoqi_Mediq_1.png","contentUrl":"https:\/\/neoqi.com\/wp-content\/uploads\/2024\/09\/wellness_neoqi_Mediq_1.png","width":800,"height":533},{"@type":"BreadcrumbList","@id":"https:\/\/neoqi.com\/product\/bodybase\/#breadcrumb","itemListElement":[{"@type":"ListItem","position":1,"name":"Home","item":"https:\/\/neoqi.com\/"},{"@type":"ListItem","position":2,"name":"Catalog","item":"https:\/\/neoqi.com\/it\/catalog\/"},{"@type":"ListItem","position":3,"name":"Bodybase"}]},{"@type":"WebSite","@id":"https:\/\/neoqi.com\/#website","url":"https:\/\/neoqi.com\/","name":"NEOQI","description":"Kogege \u00fclimat heaolu ja l\u00f5\u00f5gastust NeoQi Spa kapsliga: Teie tee noorendamiseni","publisher":{"@id":"https:\/\/neoqi.com\/#organization"},"potentialAction":[{"@type":"SearchAction","target":{"@type":"EntryPoint","urlTemplate":"https:\/\/neoqi.com\/?s={search_term_string}"},"query-input":{"@type":"PropertyValueSpecification","valueRequired":true,"valueName":"search_term_string"}}],"inLanguage":"et"},{"@type":"Organization","@id":"https:\/\/neoqi.com\/#organization","name":"NEOQI","url":"https:\/\/neoqi.com\/","logo":{"@type":"ImageObject","inLanguage":"et","@id":"https:\/\/neoqi.com\/#\/schema\/logo\/image\/","url":"https:\/\/neoqi.com\/wp-content\/uploads\/2024\/09\/logoneosvg.svg","contentUrl":"https:\/\/neoqi.com\/wp-content\/uploads\/2024\/09\/logoneosvg.svg","width":1,"height":1,"caption":"NEOQI"},"image":{"@id":"https:\/\/neoqi.com\/#\/schema\/logo\/image\/"},"sameAs":["https:\/\/www.facebook.com\/neoqi\/","https:\/\/www.instagram.com\/neoqi_com\/"]}]}},"_links":{"self":[{"href":"https:\/\/neoqi.com\/et\/wp-json\/wp\/v2\/product\/2170","targetHints":{"allow":["GET"]}}],"collection":[{"href":"https:\/\/neoqi.com\/et\/wp-json\/wp\/v2\/product"}],"about":[{"href":"https:\/\/neoqi.com\/et\/wp-json\/wp\/v2\/types\/product"}],"replies":[{"embeddable":true,"href":"https:\/\/neoqi.com\/et\/wp-json\/wp\/v2\/comments?post=2170"}],"wp:featuredmedia":[{"embeddable":true,"href":"https:\/\/neoqi.com\/et\/wp-json\/wp\/v2\/media\/2171"}],"wp:attachment":[{"href":"https:\/\/neoqi.com\/et\/wp-json\/wp\/v2\/media?parent=2170"}],"wp:term":[{"taxonomy":"product_brand","embeddable":true,"href":"https:\/\/neoqi.com\/et\/wp-json\/wp\/v2\/product_brand?post=2170"},{"taxonomy":"product_cat","embeddable":true,"href":"https:\/\/neoqi.com\/et\/wp-json\/wp\/v2\/product_cat?post=2170"},{"taxonomy":"product_tag","embeddable":true,"href":"https:\/\/neoqi.com\/et\/wp-json\/wp\/v2\/product_tag?post=2170"}],"curies":[{"name":"wp","href":"https:\/\/api.w.org\/{rel}","templated":true}]}}