{"id":2184,"date":"2024-09-07T02:04:55","date_gmt":"2024-09-06T23:04:55","guid":{"rendered":"http:\/\/neoqi.com\/?post_type=product&#038;p=2184"},"modified":"2024-12-04T08:28:00","modified_gmt":"2024-12-04T05:28:00","slug":"balance","status":"publish","type":"product","link":"https:\/\/neoqi.com\/et\/toode\/balance\/","title":{"rendered":"Balance"},"content":{"rendered":"<div id=\"tab-description\" class=\"woocommerce-Tabs-panel woocommerce-Tabs-panel--description panel entry-content wc-tab\" role=\"tabpanel\" aria-labelledby=\"tab-title-description\">\n<p><strong>NeoQi\u00ae Balance'i peamised ravimeetodid<\/strong><\/p>\n<p><strong>Hydrofusion<\/strong>. Auru ja infrapunasoojuse kombinatsioon on revolutsiooniline ja t\u00f5hus termoteraapia meetod. T\u00e4nu niiskele aurukile ja kudede s\u00fcgavale soojendamisele v\u00f5imendub kehale kantavate m\u00e4histe ja maskide tervendav m\u00f5ju. Teile pakutakse mitte ainult l\u00f5\u00f5gastust, vaid ka liigsete kilode kaotamist, tselluliidist vabanemist ja naha elastsuse m\u00e4rkimisv\u00e4\u00e4rset suurenemist. Energiakookonis luuakse ainulaadne keskkond, mis on v\u00f5rreldav emakas olemisega - mugavuse, vaimse harmoonia ja \u00f5nne tunne.<\/p>\n<p><strong>Vesimassaa\u017e<\/strong>. Veemassaa\u017ei tehakse piki anatoomilisi tsoone. Tugevad ja elastsed veejugad masseerivad keha probleemseid piirkondi, k\u00f5rvaldades valu lihastes ja liigestes, korrigeerides figuuri ja k\u00f5rvaldades t\u00f5husalt stressi.<\/p>\n<p><strong>\u00d5humullide massaa\u017e<\/strong>. Tuhanded vees keerlevad \u00f5humullid \u00fcmbritsevad keha \u00f5rnalt, tekitades kerguse ja raskuse tunde. \u00d5humullmassaa\u017e normaliseerib verer\u00f5hku, stimuleerib detoksikatsiooni ja m\u00f5jub \u00fcldiselt rahustavalt.<\/p>\n<p><strong>Aroomiteraapia<\/strong>. Laske end sukelduda v\u00f5luvasse maitsete maailma! Magus vanilje, ergutav kaneel, v\u00e4rskete roheliste \u00f5unte l\u00f5hn ... Valides \u00f5ige l\u00f5hnakompositsiooni, suurendate l\u00e4biviidava ravi kasulikku m\u00f5ju. Aroomiteraapia aitab kaasa keha ja hinge t\u00e4ielikule l\u00f5\u00f5gastumisele, m\u00f5judes emotsionaalsel ja f\u00fc\u00fcsilisel tasandil.<\/p>\n<p><strong>Muusikateraapia<\/strong>. Sisseehitatud \u041c\u04203-m\u00e4ngija annab v\u00f5imaluse kuulata oma lemmikmuusikaid SPA-kapslihoolduse ajal. Muusikakompositsioonid on v\u00f5imelised tervendama, tugevdama ajufunktsiooni, m\u00f5juvad valuvaigistavalt ja l\u00f5\u00f5gastavalt.<\/p>\n<p><a href=\"https:\/\/neoqi.com\/et\/toode\/energy-cocoons\/balance\/#tab-description\">Kirjeldus<\/a><\/p>\n<div id=\"tab-description\" class=\"woocommerce-Tabs-panel woocommerce-Tabs-panel--description panel entry-content wc-tab\" role=\"tabpanel\" aria-labelledby=\"tab-title-description\">\n<p>Infrapunasaun<br \/>\nAurusaun<br \/>\nAroomiteraapia<br \/>\nV\u00e4rvitulede s\u00fcsteem<br \/>\nMuusikas\u00fcsteem (MP3)<br \/>\nVesimassaa\u017e<br \/>\n\u00d5humullide massaa\u017e<br \/>\n6 k\u00fclgmist joatoru<br \/>\n6 selja massaa\u017eipihustit<br \/>\n2 d\u00fc\u00fcsid jalgadele<br \/>\n10 alumist \u00f5hupihustit<br \/>\nK\u00e4si du\u0161\u0161<\/p>\n<\/div>\n<\/div>","protected":false},"excerpt":{"rendered":"<p>Balance Energy cocoon on mitmek\u00fclgne ja \u00e4\u00e4rmiselt kompaktne mullivann, mida t\u00e4iendavad saunafunktsioonid. V\u00e4ike ja funktsionaalne nagu t\u00e4ielik SPA-kompleks, on see m\u00f5eldud paigaldamiseks vannitoa nurka.<\/p>\n<p>SPA-kapsel on ainulaadne seade, mille abil saate nautida auru- ja infrapunasaunade k\u00fclastamist, h\u00fcdro- ja \u00f5humullimassaa\u017ei, lisaks valgus- ja aroomiteraapia kasulikku m\u00f5ju. Balance'il on v\u00f5imas stressivastane ja tervendav m\u00f5ju. Kombineerides erinevaid funktsioone ja luues erinevaid programme, saate h\u00f5lpsasti vabaneda \u00fclekaalust, lihas- ja liigesevalu s\u00fcndroomidest ning m\u00f5ista oma keha vaimset ja f\u00fc\u00fcsilist harmooniat.<\/p>\n<p>Kasutades Balance energiakookonit, saate nautida erinevaid SPA-rituaale oma kodu privaatsuses.<\/p>","protected":false},"featured_media":2185,"comment_status":"open","ping_status":"closed","template":"","meta":{"_acf_changed":false,"site-sidebar-layout":"default","site-content-layout":"","ast-site-content-layout":"default","site-content-style":"default","site-sidebar-style":"default","ast-global-header-display":"","ast-banner-title-visibility":"","ast-main-header-display":"","ast-hfb-above-header-display":"","ast-hfb-below-header-display":"","ast-hfb-mobile-header-display":"","site-post-title":"","ast-breadcrumbs-content":"","ast-featured-img":"","footer-sml-layout":"","ast-disable-related-posts":"","theme-transparent-header-meta":"default","adv-header-id-meta":"","stick-header-meta":"","header-above-stick-meta":"","header-main-stick-meta":"","header-below-stick-meta":"","astra-migrate-meta-layouts":"set","ast-page-background-enabled":"default","ast-page-background-meta":{"desktop":{"background-color":"var(--ast-global-color-4)","background-image":"","background-repeat":"repeat","background-position":"center center","background-size":"auto","background-attachment":"scroll","background-type":"","background-media":"","overlay-type":"","overlay-color":"","overlay-opacity":"","overlay-gradient":""},"tablet":{"background-color":"","background-image":"","background-repeat":"repeat","background-position":"center center","background-size":"auto","background-attachment":"scroll","background-type":"","background-media":"","overlay-type":"","overlay-color":"","overlay-opacity":"","overlay-gradient":""},"mobile":{"background-color":"","background-image":"","background-repeat":"repeat","background-position":"center center","background-size":"auto","background-attachment":"scroll","background-type":"","background-media":"","overlay-type":"","overlay-color":"","overlay-opacity":"","overlay-gradient":""}},"ast-content-background-meta":{"desktop":{"background-color":"var(--ast-global-color-5)","background-image":"","background-repeat":"repeat","background-position":"center center","background-size":"auto","background-attachment":"scroll","background-type":"","background-media":"","overlay-type":"","overlay-color":"","overlay-opacity":"","overlay-gradient":""},"tablet":{"background-color":"var(--ast-global-color-5)","background-image":"","background-repeat":"repeat","background-position":"center center","background-size":"auto","background-attachment":"scroll","background-type":"","background-media":"","overlay-type":"","overlay-color":"","overlay-opacity":"","overlay-gradient":""},"mobile":{"background-color":"var(--ast-global-color-5)","background-image":"","background-repeat":"repeat","background-position":"center center","background-size":"auto","background-attachment":"scroll","background-type":"","background-media":"","overlay-type":"","overlay-color":"","overlay-opacity":"","overlay-gradient":""}}},"product_brand":[],"product_cat":[81,87],"product_tag":[],"class_list":{"0":"post-2184","1":"product","2":"type-product","3":"status-publish","4":"has-post-thumbnail","6":"product_cat-energy-cocoons","7":"product_cat-home-spa","8":"desktop-align-left","9":"tablet-align-left","10":"mobile-align-left","12":"first","13":"instock","14":"shipping-taxable","15":"product-type-simple"},"acf":[],"yoast_head":"<!-- This site is optimized with the Yoast SEO plugin v27.4 - https:\/\/yoast.com\/product\/yoast-seo-wordpress\/ -->\n<title>Balance - NEOQI<\/title>\n<meta name=\"robots\" content=\"index, follow, max-snippet:-1, max-image-preview:large, max-video-preview:-1\" \/>\n<link rel=\"canonical\" href=\"https:\/\/neoqi.com\/et\/produkt\/balance\/\" \/>\n<meta property=\"og:locale\" content=\"et_EE\" \/>\n<meta property=\"og:type\" content=\"article\" \/>\n<meta property=\"og:title\" content=\"Balance - NEOQI\" \/>\n<meta property=\"og:description\" content=\"The Balance Energy cocoon is a versatile and extremely compact whirlpool bath, complemented with sauna functions. Small and functional as a full SPA complex, it is designed for installation in a corner of the bathroom.  SPA-capsule is a unique device with which you can get pleasure from visiting steam and infrared saunas, enjoy hydro- and air bubble massage, in addition to experiencing the beneficial effects of light- and aromatherapy. Balance has a powerful anti-stress and healing influence. By combining various functions and creating different programs, you can easily get rid of excess weight, pain syndromes in muscles and joints, as well as understand the spiritual and physical harmony of your body.  By using the Balance energy cocoon, you can enjoy the variety of SPA rituals in the privacy of your own home.\" \/>\n<meta property=\"og:url\" content=\"https:\/\/neoqi.com\/et\/produkt\/balance\/\" \/>\n<meta property=\"og:site_name\" content=\"NEOQI\" \/>\n<meta property=\"article:publisher\" content=\"https:\/\/www.facebook.com\/neoqi\/\" \/>\n<meta property=\"article:modified_time\" content=\"2024-12-04T05:28:00+00:00\" \/>\n<meta property=\"og:image\" content=\"https:\/\/neoqi.com\/wp-content\/uploads\/2024\/09\/balance.png\" \/>\n\t<meta property=\"og:image:width\" content=\"1200\" \/>\n\t<meta property=\"og:image:height\" content=\"800\" \/>\n\t<meta property=\"og:image:type\" content=\"image\/png\" \/>\n<meta name=\"twitter:card\" content=\"summary_large_image\" \/>\n<meta name=\"twitter:label1\" content=\"Est. reading time\" \/>\n\t<meta name=\"twitter:data1\" content=\"1 minut\" \/>\n<script type=\"application\/ld+json\" class=\"yoast-schema-graph\">{\"@context\":\"https:\\\/\\\/schema.org\",\"@graph\":[{\"@type\":\"WebPage\",\"@id\":\"https:\\\/\\\/neoqi.com\\\/de\\\/produkt\\\/balance\\\/\",\"url\":\"https:\\\/\\\/neoqi.com\\\/de\\\/produkt\\\/balance\\\/\",\"name\":\"Balance - NEOQI\",\"isPartOf\":{\"@id\":\"https:\\\/\\\/neoqi.com\\\/#website\"},\"primaryImageOfPage\":{\"@id\":\"https:\\\/\\\/neoqi.com\\\/de\\\/produkt\\\/balance\\\/#primaryimage\"},\"image\":{\"@id\":\"https:\\\/\\\/neoqi.com\\\/de\\\/produkt\\\/balance\\\/#primaryimage\"},\"thumbnailUrl\":\"https:\\\/\\\/neoqi.com\\\/wp-content\\\/uploads\\\/2024\\\/09\\\/balance.png\",\"datePublished\":\"2024-09-06T23:04:55+00:00\",\"dateModified\":\"2024-12-04T05:28:00+00:00\",\"breadcrumb\":{\"@id\":\"https:\\\/\\\/neoqi.com\\\/de\\\/produkt\\\/balance\\\/#breadcrumb\"},\"inLanguage\":\"et\",\"potentialAction\":[{\"@type\":\"ReadAction\",\"target\":[\"https:\\\/\\\/neoqi.com\\\/de\\\/produkt\\\/balance\\\/\"]}]},{\"@type\":\"ImageObject\",\"inLanguage\":\"et\",\"@id\":\"https:\\\/\\\/neoqi.com\\\/de\\\/produkt\\\/balance\\\/#primaryimage\",\"url\":\"https:\\\/\\\/neoqi.com\\\/wp-content\\\/uploads\\\/2024\\\/09\\\/balance.png\",\"contentUrl\":\"https:\\\/\\\/neoqi.com\\\/wp-content\\\/uploads\\\/2024\\\/09\\\/balance.png\",\"width\":1200,\"height\":800},{\"@type\":\"BreadcrumbList\",\"@id\":\"https:\\\/\\\/neoqi.com\\\/de\\\/produkt\\\/balance\\\/#breadcrumb\",\"itemListElement\":[{\"@type\":\"ListItem\",\"position\":1,\"name\":\"Home\",\"item\":\"https:\\\/\\\/neoqi.com\\\/\"},{\"@type\":\"ListItem\",\"position\":2,\"name\":\"Catalog\",\"item\":\"https:\\\/\\\/neoqi.com\\\/it\\\/catalog\\\/\"},{\"@type\":\"ListItem\",\"position\":3,\"name\":\"Balance\"}]},{\"@type\":\"WebSite\",\"@id\":\"https:\\\/\\\/neoqi.com\\\/#website\",\"url\":\"https:\\\/\\\/neoqi.com\\\/\",\"name\":\"NEOQI\",\"description\":\"Experience Ultimate Wellness and Relaxation with NeoQi Spa Capsule: Your Path to Rejuvenation\",\"publisher\":{\"@id\":\"https:\\\/\\\/neoqi.com\\\/#organization\"},\"potentialAction\":[{\"@type\":\"SearchAction\",\"target\":{\"@type\":\"EntryPoint\",\"urlTemplate\":\"https:\\\/\\\/neoqi.com\\\/?s={search_term_string}\"},\"query-input\":{\"@type\":\"PropertyValueSpecification\",\"valueRequired\":true,\"valueName\":\"search_term_string\"}}],\"inLanguage\":\"et\"},{\"@type\":\"Organization\",\"@id\":\"https:\\\/\\\/neoqi.com\\\/#organization\",\"name\":\"NEOQI\",\"url\":\"https:\\\/\\\/neoqi.com\\\/\",\"logo\":{\"@type\":\"ImageObject\",\"inLanguage\":\"et\",\"@id\":\"https:\\\/\\\/neoqi.com\\\/#\\\/schema\\\/logo\\\/image\\\/\",\"url\":\"https:\\\/\\\/neoqi.com\\\/wp-content\\\/uploads\\\/2024\\\/09\\\/logoneosvg.svg\",\"contentUrl\":\"https:\\\/\\\/neoqi.com\\\/wp-content\\\/uploads\\\/2024\\\/09\\\/logoneosvg.svg\",\"width\":1,\"height\":1,\"caption\":\"NEOQI\"},\"image\":{\"@id\":\"https:\\\/\\\/neoqi.com\\\/#\\\/schema\\\/logo\\\/image\\\/\"},\"sameAs\":[\"https:\\\/\\\/www.facebook.com\\\/neoqi\\\/\",\"https:\\\/\\\/www.instagram.com\\\/neoqi_com\\\/\"]}]}<\/script>\n<!-- \/ Yoast SEO plugin. -->","yoast_head_json":{"title":"Balance - NEOQI","robots":{"index":"index","follow":"follow","max-snippet":"max-snippet:-1","max-image-preview":"max-image-preview:large","max-video-preview":"max-video-preview:-1"},"canonical":"https:\/\/neoqi.com\/et\/produkt\/balance\/","og_locale":"et_EE","og_type":"article","og_title":"Balance - NEOQI","og_description":"The Balance Energy cocoon is a versatile and extremely compact whirlpool bath, complemented with sauna functions. Small and functional as a full SPA complex, it is designed for installation in a corner of the bathroom.  SPA-capsule is a unique device with which you can get pleasure from visiting steam and infrared saunas, enjoy hydro- and air bubble massage, in addition to experiencing the beneficial effects of light- and aromatherapy. Balance has a powerful anti-stress and healing influence. By combining various functions and creating different programs, you can easily get rid of excess weight, pain syndromes in muscles and joints, as well as understand the spiritual and physical harmony of your body.  By using the Balance energy cocoon, you can enjoy the variety of SPA rituals in the privacy of your own home.","og_url":"https:\/\/neoqi.com\/et\/produkt\/balance\/","og_site_name":"NEOQI","article_publisher":"https:\/\/www.facebook.com\/neoqi\/","article_modified_time":"2024-12-04T05:28:00+00:00","og_image":[{"width":1200,"height":800,"url":"https:\/\/neoqi.com\/wp-content\/uploads\/2024\/09\/balance.png","type":"image\/png"}],"twitter_card":"summary_large_image","twitter_misc":{"Est. reading time":"1 minut"},"schema":{"@context":"https:\/\/schema.org","@graph":[{"@type":"WebPage","@id":"https:\/\/neoqi.com\/de\/produkt\/balance\/","url":"https:\/\/neoqi.com\/de\/produkt\/balance\/","name":"Balance - NEOQI","isPartOf":{"@id":"https:\/\/neoqi.com\/#website"},"primaryImageOfPage":{"@id":"https:\/\/neoqi.com\/de\/produkt\/balance\/#primaryimage"},"image":{"@id":"https:\/\/neoqi.com\/de\/produkt\/balance\/#primaryimage"},"thumbnailUrl":"https:\/\/neoqi.com\/wp-content\/uploads\/2024\/09\/balance.png","datePublished":"2024-09-06T23:04:55+00:00","dateModified":"2024-12-04T05:28:00+00:00","breadcrumb":{"@id":"https:\/\/neoqi.com\/de\/produkt\/balance\/#breadcrumb"},"inLanguage":"et","potentialAction":[{"@type":"ReadAction","target":["https:\/\/neoqi.com\/de\/produkt\/balance\/"]}]},{"@type":"ImageObject","inLanguage":"et","@id":"https:\/\/neoqi.com\/de\/produkt\/balance\/#primaryimage","url":"https:\/\/neoqi.com\/wp-content\/uploads\/2024\/09\/balance.png","contentUrl":"https:\/\/neoqi.com\/wp-content\/uploads\/2024\/09\/balance.png","width":1200,"height":800},{"@type":"BreadcrumbList","@id":"https:\/\/neoqi.com\/de\/produkt\/balance\/#breadcrumb","itemListElement":[{"@type":"ListItem","position":1,"name":"Home","item":"https:\/\/neoqi.com\/"},{"@type":"ListItem","position":2,"name":"Catalog","item":"https:\/\/neoqi.com\/it\/catalog\/"},{"@type":"ListItem","position":3,"name":"Balance"}]},{"@type":"WebSite","@id":"https:\/\/neoqi.com\/#website","url":"https:\/\/neoqi.com\/","name":"NEOQI","description":"Kogege \u00fclimat heaolu ja l\u00f5\u00f5gastust NeoQi Spa kapsliga: Teie tee noorendamiseni","publisher":{"@id":"https:\/\/neoqi.com\/#organization"},"potentialAction":[{"@type":"SearchAction","target":{"@type":"EntryPoint","urlTemplate":"https:\/\/neoqi.com\/?s={search_term_string}"},"query-input":{"@type":"PropertyValueSpecification","valueRequired":true,"valueName":"search_term_string"}}],"inLanguage":"et"},{"@type":"Organization","@id":"https:\/\/neoqi.com\/#organization","name":"NEOQI","url":"https:\/\/neoqi.com\/","logo":{"@type":"ImageObject","inLanguage":"et","@id":"https:\/\/neoqi.com\/#\/schema\/logo\/image\/","url":"https:\/\/neoqi.com\/wp-content\/uploads\/2024\/09\/logoneosvg.svg","contentUrl":"https:\/\/neoqi.com\/wp-content\/uploads\/2024\/09\/logoneosvg.svg","width":1,"height":1,"caption":"NEOQI"},"image":{"@id":"https:\/\/neoqi.com\/#\/schema\/logo\/image\/"},"sameAs":["https:\/\/www.facebook.com\/neoqi\/","https:\/\/www.instagram.com\/neoqi_com\/"]}]}},"_links":{"self":[{"href":"https:\/\/neoqi.com\/et\/wp-json\/wp\/v2\/product\/2184","targetHints":{"allow":["GET"]}}],"collection":[{"href":"https:\/\/neoqi.com\/et\/wp-json\/wp\/v2\/product"}],"about":[{"href":"https:\/\/neoqi.com\/et\/wp-json\/wp\/v2\/types\/product"}],"replies":[{"embeddable":true,"href":"https:\/\/neoqi.com\/et\/wp-json\/wp\/v2\/comments?post=2184"}],"wp:featuredmedia":[{"embeddable":true,"href":"https:\/\/neoqi.com\/et\/wp-json\/wp\/v2\/media\/2185"}],"wp:attachment":[{"href":"https:\/\/neoqi.com\/et\/wp-json\/wp\/v2\/media?parent=2184"}],"wp:term":[{"taxonomy":"product_brand","embeddable":true,"href":"https:\/\/neoqi.com\/et\/wp-json\/wp\/v2\/product_brand?post=2184"},{"taxonomy":"product_cat","embeddable":true,"href":"https:\/\/neoqi.com\/et\/wp-json\/wp\/v2\/product_cat?post=2184"},{"taxonomy":"product_tag","embeddable":true,"href":"https:\/\/neoqi.com\/et\/wp-json\/wp\/v2\/product_tag?post=2184"}],"curies":[{"name":"wp","href":"https:\/\/api.w.org\/{rel}","templated":true}]}}