{"id":2210,"date":"2024-09-07T03:14:05","date_gmt":"2024-09-07T00:14:05","guid":{"rendered":"http:\/\/neoqi.com\/?post_type=product&#038;p=2210"},"modified":"2024-12-04T08:28:05","modified_gmt":"2024-12-04T05:28:05","slug":"elebath","status":"publish","type":"product","link":"https:\/\/neoqi.com\/et\/toode\/elebath\/","title":{"rendered":"Elebath"},"content":{"rendered":"<h3>NeoQi\u00ae Elebathi peamised ravimeetodid<\/h3>\n<p>H\u00fcdro- ja \u00f5humullimassaa\u017e. Veemassaa\u017ei tehakse m\u00f6\u00f6da anatoomilisi ja k\u00f5ige probleemsemaid piirkondi. Tugevad ja elastsed veejugad masseerivad keha ja siseorganeid, leevendavad lihaste ja liigeste valu, korrigeerivad figuuri kontuure ja k\u00f5rvaldavad t\u00f5husalt stressi. Samal ajal \u00fcmbritsevad tuhanded vees olevad \u00f5humullid \u00f5rnalt keha ja l\u00f5dvestavad seda, tekitades kerguse ja raskuse tunde. \u00d5humullmassaa\u017e normaliseerib verer\u00f5hku, stimuleerib detoksikatsiooni ja m\u00f5jub \u00fcldiselt rahustavalt.<br \/>\nBalneoteraapia aitab lahendada paljusid tervisega seotud probleeme. Vee tervendav j\u00f5ud koos lisatud mineraalide, vitamiinide, gaaside ja orgaaniliste ainetega m\u00f5jub soodsalt nahale, luu- ja lihaskonnale, s\u00fcdame- ja veresoonkonnale, keskn\u00e4rvis\u00fcsteemile, seedeorganitele ja ainevahetusele.<br \/>\nKromoteraapia. V\u00e4rvidel on soodne m\u00f5ju inimese \u00fcldisele ps\u00fchhof\u00fc\u00fcsilisele seisundile. Kasutage iga v\u00e4rvi omadusi, et taastada unemustrid ja siseorganite funktsioonid, k\u00f5rvaldada peavalu ja normaliseerida s\u00f6\u00f6giisu, leevendada \u00e4revust ja depressiooni.<\/p>\n<h3>Vesimassaa\u017e<\/h3>\n<p>\u00d5humullide massaa\u017e<br \/>\n6 k\u00fclgmist joatoru<br \/>\n6 selja massaa\u017eipihustit<br \/>\n2 d\u00fc\u00fcsid jalgadele<br \/>\n12 alumist \u00f5hupihustit<br \/>\nV\u00e4rviline valgusravi (kromoteraapia)<br \/>\nK\u00e4si du\u0161\u0161<\/p>","protected":false},"excerpt":{"rendered":"<p>Elebath on NeoQi toodetest k\u00f5ige v\u00e4iksem h\u00fcdromassaa\u017eivann. Elebath pakub h\u00fcdro- ja \u00f5humullimassaa\u017ei, mida t\u00e4iendavad kroom- ja balneoteraapia seansid.  Kohandatud programmide kombinatsiooniga saab ravida luu- ja lihaskonna ning s\u00fcdame-veresoonkonna haigusi, leevendada lihasvalu ja -spasmi, v\u00e4hendada stressis\u00fcmptomeid, v\u00e4simust, depressiooni ja v\u00e4hendada t\u00f5husalt kehakaalu. Lisaks aitab see taastada naha elastsust k\u00f5ige probleemsemates piirkondades - reied, k\u00f5ht ja tuharad.<\/p>\n<p>Elegantne disain ja hulk vajalikke funktsioone SPA-hoolitsuste jaoks muudavad selle t\u00e4iusliku h\u00fcdroteraapia vanni kompleksiks v\u00e4iksema ilusalongi, massaa\u017ei- ja tervisekeskuse v\u00f5i koduse kasutamise jaoks. Elebath - kompaktne kui vann, funktsionaalne kui SPA-kompleks.<\/p>","protected":false},"featured_media":2211,"comment_status":"open","ping_status":"closed","template":"","meta":{"_acf_changed":false,"site-sidebar-layout":"default","site-content-layout":"","ast-site-content-layout":"default","site-content-style":"default","site-sidebar-style":"default","ast-global-header-display":"","ast-banner-title-visibility":"","ast-main-header-display":"","ast-hfb-above-header-display":"","ast-hfb-below-header-display":"","ast-hfb-mobile-header-display":"","site-post-title":"","ast-breadcrumbs-content":"","ast-featured-img":"","footer-sml-layout":"","ast-disable-related-posts":"","theme-transparent-header-meta":"default","adv-header-id-meta":"","stick-header-meta":"","header-above-stick-meta":"","header-main-stick-meta":"","header-below-stick-meta":"","astra-migrate-meta-layouts":"set","ast-page-background-enabled":"default","ast-page-background-meta":{"desktop":{"background-color":"var(--ast-global-color-4)","background-image":"","background-repeat":"repeat","background-position":"center center","background-size":"auto","background-attachment":"scroll","background-type":"","background-media":"","overlay-type":"","overlay-color":"","overlay-opacity":"","overlay-gradient":""},"tablet":{"background-color":"","background-image":"","background-repeat":"repeat","background-position":"center center","background-size":"auto","background-attachment":"scroll","background-type":"","background-media":"","overlay-type":"","overlay-color":"","overlay-opacity":"","overlay-gradient":""},"mobile":{"background-color":"","background-image":"","background-repeat":"repeat","background-position":"center center","background-size":"auto","background-attachment":"scroll","background-type":"","background-media":"","overlay-type":"","overlay-color":"","overlay-opacity":"","overlay-gradient":""}},"ast-content-background-meta":{"desktop":{"background-color":"var(--ast-global-color-5)","background-image":"","background-repeat":"repeat","background-position":"center center","background-size":"auto","background-attachment":"scroll","background-type":"","background-media":"","overlay-type":"","overlay-color":"","overlay-opacity":"","overlay-gradient":""},"tablet":{"background-color":"var(--ast-global-color-5)","background-image":"","background-repeat":"repeat","background-position":"center center","background-size":"auto","background-attachment":"scroll","background-type":"","background-media":"","overlay-type":"","overlay-color":"","overlay-opacity":"","overlay-gradient":""},"mobile":{"background-color":"var(--ast-global-color-5)","background-image":"","background-repeat":"repeat","background-position":"center center","background-size":"auto","background-attachment":"scroll","background-type":"","background-media":"","overlay-type":"","overlay-color":"","overlay-opacity":"","overlay-gradient":""}}},"product_brand":[],"product_cat":[81,87],"product_tag":[],"class_list":{"0":"post-2210","1":"product","2":"type-product","3":"status-publish","4":"has-post-thumbnail","6":"product_cat-energy-cocoons","7":"product_cat-home-spa","8":"desktop-align-left","9":"tablet-align-left","10":"mobile-align-left","12":"first","13":"instock","14":"shipping-taxable","15":"product-type-simple"},"acf":[],"yoast_head":"<!-- This site is optimized with the Yoast SEO plugin v27.4 - https:\/\/yoast.com\/product\/yoast-seo-wordpress\/ -->\n<title>Elebath - NEOQI<\/title>\n<meta name=\"robots\" content=\"index, follow, max-snippet:-1, max-image-preview:large, max-video-preview:-1\" \/>\n<link rel=\"canonical\" href=\"https:\/\/neoqi.com\/et\/toode\/elebath\/\" \/>\n<meta property=\"og:locale\" content=\"et_EE\" \/>\n<meta property=\"og:type\" content=\"article\" \/>\n<meta property=\"og:title\" content=\"Elebath - NEOQI\" \/>\n<meta property=\"og:description\" content=\"Elebath is the smallest hydromassage bath of all NeoQi products. Elebath offers treatments of hydro and air bubble massage, complemented by chromo- and balneotherapy sessions. \u00a0With a combination of tailor-made programs, one can treat musculoskeletal and cardiovascular system diseases, relieve muscle pain and spasm, decrease stress symptoms, fatigue, depression and effectively reduce weight. In addition to that, it can help restore skin elasticity in the most problem areas \u2013 thighs, abdomen, and buttocks.  The Elegant design and a set of necessary functions for SPA treatments turn this perfect hydrotherapy bath into the complex for a smaller beauty salon, massage and wellness center, or home use. Elebath \u2013 compact as a bathtub, functional as a SPA complex.\" \/>\n<meta property=\"og:url\" content=\"https:\/\/neoqi.com\/et\/toode\/elebath\/\" \/>\n<meta property=\"og:site_name\" content=\"NEOQI\" \/>\n<meta property=\"article:publisher\" content=\"https:\/\/www.facebook.com\/neoqi\/\" \/>\n<meta property=\"article:modified_time\" content=\"2024-12-04T05:28:05+00:00\" \/>\n<meta property=\"og:image\" content=\"https:\/\/neoqi.com\/wp-content\/uploads\/2024\/09\/elebath.png\" \/>\n\t<meta property=\"og:image:width\" content=\"1200\" \/>\n\t<meta property=\"og:image:height\" content=\"800\" \/>\n\t<meta property=\"og:image:type\" content=\"image\/png\" \/>\n<meta name=\"twitter:card\" content=\"summary_large_image\" \/>\n<meta name=\"twitter:label1\" content=\"Est. reading time\" \/>\n\t<meta name=\"twitter:data1\" content=\"2 minutit\" \/>\n<script type=\"application\/ld+json\" class=\"yoast-schema-graph\">{\"@context\":\"https:\\\/\\\/schema.org\",\"@graph\":[{\"@type\":\"WebPage\",\"@id\":\"https:\\\/\\\/neoqi.com\\\/product\\\/elebath\\\/\",\"url\":\"https:\\\/\\\/neoqi.com\\\/product\\\/elebath\\\/\",\"name\":\"Elebath - NEOQI\",\"isPartOf\":{\"@id\":\"https:\\\/\\\/neoqi.com\\\/#website\"},\"primaryImageOfPage\":{\"@id\":\"https:\\\/\\\/neoqi.com\\\/product\\\/elebath\\\/#primaryimage\"},\"image\":{\"@id\":\"https:\\\/\\\/neoqi.com\\\/product\\\/elebath\\\/#primaryimage\"},\"thumbnailUrl\":\"https:\\\/\\\/neoqi.com\\\/wp-content\\\/uploads\\\/2024\\\/09\\\/elebath.png\",\"datePublished\":\"2024-09-07T00:14:05+00:00\",\"dateModified\":\"2024-12-04T05:28:05+00:00\",\"breadcrumb\":{\"@id\":\"https:\\\/\\\/neoqi.com\\\/product\\\/elebath\\\/#breadcrumb\"},\"inLanguage\":\"et\",\"potentialAction\":[{\"@type\":\"ReadAction\",\"target\":[\"https:\\\/\\\/neoqi.com\\\/product\\\/elebath\\\/\"]}]},{\"@type\":\"ImageObject\",\"inLanguage\":\"et\",\"@id\":\"https:\\\/\\\/neoqi.com\\\/product\\\/elebath\\\/#primaryimage\",\"url\":\"https:\\\/\\\/neoqi.com\\\/wp-content\\\/uploads\\\/2024\\\/09\\\/elebath.png\",\"contentUrl\":\"https:\\\/\\\/neoqi.com\\\/wp-content\\\/uploads\\\/2024\\\/09\\\/elebath.png\",\"width\":1200,\"height\":800},{\"@type\":\"BreadcrumbList\",\"@id\":\"https:\\\/\\\/neoqi.com\\\/product\\\/elebath\\\/#breadcrumb\",\"itemListElement\":[{\"@type\":\"ListItem\",\"position\":1,\"name\":\"Home\",\"item\":\"https:\\\/\\\/neoqi.com\\\/\"},{\"@type\":\"ListItem\",\"position\":2,\"name\":\"Catalog\",\"item\":\"https:\\\/\\\/neoqi.com\\\/it\\\/catalog\\\/\"},{\"@type\":\"ListItem\",\"position\":3,\"name\":\"Elebath\"}]},{\"@type\":\"WebSite\",\"@id\":\"https:\\\/\\\/neoqi.com\\\/#website\",\"url\":\"https:\\\/\\\/neoqi.com\\\/\",\"name\":\"NEOQI\",\"description\":\"Experience Ultimate Wellness and Relaxation with NeoQi Spa Capsule: Your Path to Rejuvenation\",\"publisher\":{\"@id\":\"https:\\\/\\\/neoqi.com\\\/#organization\"},\"potentialAction\":[{\"@type\":\"SearchAction\",\"target\":{\"@type\":\"EntryPoint\",\"urlTemplate\":\"https:\\\/\\\/neoqi.com\\\/?s={search_term_string}\"},\"query-input\":{\"@type\":\"PropertyValueSpecification\",\"valueRequired\":true,\"valueName\":\"search_term_string\"}}],\"inLanguage\":\"et\"},{\"@type\":\"Organization\",\"@id\":\"https:\\\/\\\/neoqi.com\\\/#organization\",\"name\":\"NEOQI\",\"url\":\"https:\\\/\\\/neoqi.com\\\/\",\"logo\":{\"@type\":\"ImageObject\",\"inLanguage\":\"et\",\"@id\":\"https:\\\/\\\/neoqi.com\\\/#\\\/schema\\\/logo\\\/image\\\/\",\"url\":\"https:\\\/\\\/neoqi.com\\\/wp-content\\\/uploads\\\/2024\\\/09\\\/logoneosvg.svg\",\"contentUrl\":\"https:\\\/\\\/neoqi.com\\\/wp-content\\\/uploads\\\/2024\\\/09\\\/logoneosvg.svg\",\"width\":1,\"height\":1,\"caption\":\"NEOQI\"},\"image\":{\"@id\":\"https:\\\/\\\/neoqi.com\\\/#\\\/schema\\\/logo\\\/image\\\/\"},\"sameAs\":[\"https:\\\/\\\/www.facebook.com\\\/neoqi\\\/\",\"https:\\\/\\\/www.instagram.com\\\/neoqi_com\\\/\"]}]}<\/script>\n<!-- \/ Yoast SEO plugin. -->","yoast_head_json":{"title":"Elebath - NEOQI","robots":{"index":"index","follow":"follow","max-snippet":"max-snippet:-1","max-image-preview":"max-image-preview:large","max-video-preview":"max-video-preview:-1"},"canonical":"https:\/\/neoqi.com\/et\/toode\/elebath\/","og_locale":"et_EE","og_type":"article","og_title":"Elebath - NEOQI","og_description":"Elebath is the smallest hydromassage bath of all NeoQi products. Elebath offers treatments of hydro and air bubble massage, complemented by chromo- and balneotherapy sessions. \u00a0With a combination of tailor-made programs, one can treat musculoskeletal and cardiovascular system diseases, relieve muscle pain and spasm, decrease stress symptoms, fatigue, depression and effectively reduce weight. In addition to that, it can help restore skin elasticity in the most problem areas \u2013 thighs, abdomen, and buttocks.  The Elegant design and a set of necessary functions for SPA treatments turn this perfect hydrotherapy bath into the complex for a smaller beauty salon, massage and wellness center, or home use. Elebath \u2013 compact as a bathtub, functional as a SPA complex.","og_url":"https:\/\/neoqi.com\/et\/toode\/elebath\/","og_site_name":"NEOQI","article_publisher":"https:\/\/www.facebook.com\/neoqi\/","article_modified_time":"2024-12-04T05:28:05+00:00","og_image":[{"width":1200,"height":800,"url":"https:\/\/neoqi.com\/wp-content\/uploads\/2024\/09\/elebath.png","type":"image\/png"}],"twitter_card":"summary_large_image","twitter_misc":{"Est. reading time":"2 minutit"},"schema":{"@context":"https:\/\/schema.org","@graph":[{"@type":"WebPage","@id":"https:\/\/neoqi.com\/product\/elebath\/","url":"https:\/\/neoqi.com\/product\/elebath\/","name":"Elebath - NEOQI","isPartOf":{"@id":"https:\/\/neoqi.com\/#website"},"primaryImageOfPage":{"@id":"https:\/\/neoqi.com\/product\/elebath\/#primaryimage"},"image":{"@id":"https:\/\/neoqi.com\/product\/elebath\/#primaryimage"},"thumbnailUrl":"https:\/\/neoqi.com\/wp-content\/uploads\/2024\/09\/elebath.png","datePublished":"2024-09-07T00:14:05+00:00","dateModified":"2024-12-04T05:28:05+00:00","breadcrumb":{"@id":"https:\/\/neoqi.com\/product\/elebath\/#breadcrumb"},"inLanguage":"et","potentialAction":[{"@type":"ReadAction","target":["https:\/\/neoqi.com\/product\/elebath\/"]}]},{"@type":"ImageObject","inLanguage":"et","@id":"https:\/\/neoqi.com\/product\/elebath\/#primaryimage","url":"https:\/\/neoqi.com\/wp-content\/uploads\/2024\/09\/elebath.png","contentUrl":"https:\/\/neoqi.com\/wp-content\/uploads\/2024\/09\/elebath.png","width":1200,"height":800},{"@type":"BreadcrumbList","@id":"https:\/\/neoqi.com\/product\/elebath\/#breadcrumb","itemListElement":[{"@type":"ListItem","position":1,"name":"Home","item":"https:\/\/neoqi.com\/"},{"@type":"ListItem","position":2,"name":"Catalog","item":"https:\/\/neoqi.com\/it\/catalog\/"},{"@type":"ListItem","position":3,"name":"Elebath"}]},{"@type":"WebSite","@id":"https:\/\/neoqi.com\/#website","url":"https:\/\/neoqi.com\/","name":"NEOQI","description":"Kogege \u00fclimat heaolu ja l\u00f5\u00f5gastust NeoQi Spa kapsliga: Teie tee noorendamiseni","publisher":{"@id":"https:\/\/neoqi.com\/#organization"},"potentialAction":[{"@type":"SearchAction","target":{"@type":"EntryPoint","urlTemplate":"https:\/\/neoqi.com\/?s={search_term_string}"},"query-input":{"@type":"PropertyValueSpecification","valueRequired":true,"valueName":"search_term_string"}}],"inLanguage":"et"},{"@type":"Organization","@id":"https:\/\/neoqi.com\/#organization","name":"NEOQI","url":"https:\/\/neoqi.com\/","logo":{"@type":"ImageObject","inLanguage":"et","@id":"https:\/\/neoqi.com\/#\/schema\/logo\/image\/","url":"https:\/\/neoqi.com\/wp-content\/uploads\/2024\/09\/logoneosvg.svg","contentUrl":"https:\/\/neoqi.com\/wp-content\/uploads\/2024\/09\/logoneosvg.svg","width":1,"height":1,"caption":"NEOQI"},"image":{"@id":"https:\/\/neoqi.com\/#\/schema\/logo\/image\/"},"sameAs":["https:\/\/www.facebook.com\/neoqi\/","https:\/\/www.instagram.com\/neoqi_com\/"]}]}},"_links":{"self":[{"href":"https:\/\/neoqi.com\/et\/wp-json\/wp\/v2\/product\/2210","targetHints":{"allow":["GET"]}}],"collection":[{"href":"https:\/\/neoqi.com\/et\/wp-json\/wp\/v2\/product"}],"about":[{"href":"https:\/\/neoqi.com\/et\/wp-json\/wp\/v2\/types\/product"}],"replies":[{"embeddable":true,"href":"https:\/\/neoqi.com\/et\/wp-json\/wp\/v2\/comments?post=2210"}],"wp:featuredmedia":[{"embeddable":true,"href":"https:\/\/neoqi.com\/et\/wp-json\/wp\/v2\/media\/2211"}],"wp:attachment":[{"href":"https:\/\/neoqi.com\/et\/wp-json\/wp\/v2\/media?parent=2210"}],"wp:term":[{"taxonomy":"product_brand","embeddable":true,"href":"https:\/\/neoqi.com\/et\/wp-json\/wp\/v2\/product_brand?post=2210"},{"taxonomy":"product_cat","embeddable":true,"href":"https:\/\/neoqi.com\/et\/wp-json\/wp\/v2\/product_cat?post=2210"},{"taxonomy":"product_tag","embeddable":true,"href":"https:\/\/neoqi.com\/et\/wp-json\/wp\/v2\/product_tag?post=2210"}],"curies":[{"name":"wp","href":"https:\/\/api.w.org\/{rel}","templated":true}]}}