{"id":1957,"date":"2024-09-06T20:24:18","date_gmt":"2024-09-06T17:24:18","guid":{"rendered":"http:\/\/neoqi.com\/?page_id=1957"},"modified":"2024-12-04T11:27:56","modified_gmt":"2024-12-04T08:27:56","slug":"treatment-programs","status":"publish","type":"page","link":"https:\/\/neoqi.com\/fr\/how-it-works\/treatment-programs\/","title":{"rendered":"Programmes de traitement"},"content":{"rendered":"<p>Les traitements NeoQi\u00ae visent \u00e0 fournir un traitement holistique complet. Cette m\u00e9thode ne s'adresse pas seulement \u00e0 la beaut\u00e9, mais aussi au bien-\u00eatre et \u00e0 la relaxation compl\u00e8te du corps. Elle s'inspire des traitements \u00e9nerg\u00e9tiques qui \u00e9liminent les tensions musculaires et vasculaires et lib\u00e8rent les \u00e9nergies vitales.<\/p>\n<p>La fonctionnalit\u00e9 des cocons \u00e9nerg\u00e9tiques NeoQi\u00ae nous permet d'offrir une grande vari\u00e9t\u00e9 de traitements th\u00e9rapeutiques qui conviennent aux diff\u00e9rents besoins personnels et sont adapt\u00e9s pour r\u00e9soudre les probl\u00e8mes sp\u00e9cifiques rencontr\u00e9s par chaque client. En combinant les traitements avec une approche de bien-\u00eatre total, notre \u00e9quipement r\u00e9pond aux demandes les plus r\u00e9centes du march\u00e9.<\/p>\n<p>Les principaux avantages de NeoQi pour la sant\u00e9 :<\/p>\n<p>D\u00e9sintoxication de l'organisme<br \/>\nAm\u00e9liorer la texture de la peau<br \/>\nStimulation du m\u00e9tabolisme, perte de poids et amincissement<br \/>\nR\u00e9duction du stress et de la fatigue par le r\u00e9tablissement de l'\u00e9quilibre psycho-\u00e9motionnel<br \/>\nPr\u00e9venir et traiter certaines maladies (normaliser les fonctions des syst\u00e8mes cardiovasculaire, digestif, respiratoire, excr\u00e9teur et endocrinien)<br \/>\nBonne humeur et \u00e9nergie vitale retrouv\u00e9e<br \/>\nAm\u00e9lioration de la qualit\u00e9 du sommeil<br \/>\nContribution au bien-\u00eatre g\u00e9n\u00e9ral<\/p>\n<p><strong>NeoQi<\/strong><strong>\u00ae<\/strong><strong>\u00a0programmes de traitement<\/strong><\/p>\n<ul>\n<li><strong><a href=\"http:\/\/neoqi.com\/fr\/how-it-works\/treatment-programs\/steam-session\/\">Aromath\u00e9rapie<\/a>\u00a0<\/strong>(session vapeur)<strong>\u00a0<\/strong>45 minutes<strong><em>\u00a0<\/em><\/strong><\/li>\n<li><strong><a href=\"http:\/\/neoqi.com\/fr\/how-it-works\/treatment-programs\/hydrotherapy-session\/\">Baln\u00e9oth\u00e9rapie<\/a>\u00a0<\/strong>(s\u00e9ance d'hydroth\u00e9rapie)<em>\u00a0<\/em>50 minutes<em>\u00a0<\/em><\/li>\n<li><strong><a href=\"http:\/\/neoqi.com\/fr\/how-it-works\/treatment-programs\/steam-hydrotherapy-session\/\">Thermoth\u00e9rapie complexe<\/a>\u00a0<\/strong>(s\u00e9ance de vapeur et d'hydroth\u00e9rapie) 70 minutes<\/li>\n<li><strong><a href=\"http:\/\/neoqi.com\/fr\/how-it-works\/treatment-programs\/body-wrap\/\">Enveloppement<\/a><\/strong>\u00a090 minutes<strong><em>\u00a0<\/em>\u00a0<\/strong><\/li>\n<li><strong><a href=\"http:\/\/neoqi.com\/fr\/how-it-works\/treatment-programs\/hydrotherapy-with-wrap\/\">Hydroth\u00e9rapie avec enveloppement<\/a>\u00a0<\/strong>90 minutes<em>\u00a0<\/em><\/li>\n<li><strong><a href=\"http:\/\/neoqi.com\/fr\/how-it-works\/treatment-programs\/express-pampering\/\">Soins corporels express<\/a><\/strong>\u00a060 minutes<\/li>\n<li><strong><a href=\"http:\/\/neoqi.com\/fr\/how-it-works\/treatment-programs\/facials\/\">Mini soin du visage<\/a><\/strong>\u00a012-20 minutes<\/li>\n<\/ul>","protected":false},"excerpt":{"rendered":"<p>NeoQi\u00ae treatments are aimed at providing all around holistic treatment. This method does not only address beauty, but also well-being and complete body relaxation. It is inspired by energy treatments that eliminate muscular and vascular tension and release vital energies. The functionality of NeoQi\u00ae energy cocoons allows us to offer a wide variety of therapeutic [&hellip;]<\/p>\n","protected":false},"author":3,"featured_media":0,"parent":1953,"menu_order":0,"comment_status":"closed","ping_status":"closed","template":"","meta":{"_acf_changed":false,"site-sidebar-layout":"default","site-content-layout":"","ast-site-content-layout":"default","site-content-style":"default","site-sidebar-style":"default","ast-global-header-display":"","ast-banner-title-visibility":"","ast-main-header-display":"","ast-hfb-above-header-display":"","ast-hfb-below-header-display":"","ast-hfb-mobile-header-display":"","site-post-title":"","ast-breadcrumbs-content":"","ast-featured-img":"","footer-sml-layout":"","ast-disable-related-posts":"","theme-transparent-header-meta":"default","adv-header-id-meta":"","stick-header-meta":"","header-above-stick-meta":"","header-main-stick-meta":"","header-below-stick-meta":"","astra-migrate-meta-layouts":"set","ast-page-background-enabled":"default","ast-page-background-meta":{"desktop":{"background-color":"var(--ast-global-color-4)","background-image":"","background-repeat":"repeat","background-position":"center center","background-size":"auto","background-attachment":"scroll","background-type":"","background-media":"","overlay-type":"","overlay-color":"","overlay-opacity":"","overlay-gradient":""},"tablet":{"background-color":"","background-image":"","background-repeat":"repeat","background-position":"center center","background-size":"auto","background-attachment":"scroll","background-type":"","background-media":"","overlay-type":"","overlay-color":"","overlay-opacity":"","overlay-gradient":""},"mobile":{"background-color":"","background-image":"","background-repeat":"repeat","background-position":"center center","background-size":"auto","background-attachment":"scroll","background-type":"","background-media":"","overlay-type":"","overlay-color":"","overlay-opacity":"","overlay-gradient":""}},"ast-content-background-meta":{"desktop":{"background-color":"var(--ast-global-color-5)","background-image":"","background-repeat":"repeat","background-position":"center center","background-size":"auto","background-attachment":"scroll","background-type":"","background-media":"","overlay-type":"","overlay-color":"","overlay-opacity":"","overlay-gradient":""},"tablet":{"background-color":"var(--ast-global-color-5)","background-image":"","background-repeat":"repeat","background-position":"center center","background-size":"auto","background-attachment":"scroll","background-type":"","background-media":"","overlay-type":"","overlay-color":"","overlay-opacity":"","overlay-gradient":""},"mobile":{"background-color":"var(--ast-global-color-5)","background-image":"","background-repeat":"repeat","background-position":"center center","background-size":"auto","background-attachment":"scroll","background-type":"","background-media":"","overlay-type":"","overlay-color":"","overlay-opacity":"","overlay-gradient":""}},"footnotes":""},"class_list":["post-1957","page","type-page","status-publish","hentry"],"acf":[],"yoast_head":"<!-- This site is optimized with the Yoast SEO plugin v27.3 - https:\/\/yoast.com\/product\/yoast-seo-wordpress\/ -->\n<title>Treatment Programs - NEOQI<\/title>\n<meta name=\"robots\" content=\"index, follow, max-snippet:-1, max-image-preview:large, max-video-preview:-1\" \/>\n<link rel=\"canonical\" href=\"https:\/\/neoqi.com\/fr\/how-it-works\/treatment-programs\/\" \/>\n<meta property=\"og:locale\" content=\"fr_FR\" \/>\n<meta property=\"og:type\" content=\"article\" \/>\n<meta property=\"og:title\" content=\"Treatment Programs - NEOQI\" \/>\n<meta property=\"og:description\" content=\"NeoQi\u00ae treatments are aimed at providing all around holistic treatment. This method does not only address beauty, but also well-being and complete body relaxation. It is inspired by energy treatments that eliminate muscular and vascular tension and release vital energies. The functionality of NeoQi\u00ae energy cocoons allows us to offer a wide variety of therapeutic [&hellip;]\" \/>\n<meta property=\"og:url\" content=\"https:\/\/neoqi.com\/fr\/how-it-works\/treatment-programs\/\" \/>\n<meta property=\"og:site_name\" content=\"NEOQI\" \/>\n<meta property=\"article:publisher\" content=\"https:\/\/www.facebook.com\/neoqi\/\" \/>\n<meta property=\"article:modified_time\" content=\"2024-12-04T08:27:56+00:00\" \/>\n<meta name=\"twitter:card\" content=\"summary_large_image\" \/>\n<meta name=\"twitter:label1\" content=\"Dur\u00e9e de lecture estim\u00e9e\" \/>\n\t<meta name=\"twitter:data1\" content=\"1 minute\" \/>\n<script type=\"application\/ld+json\" class=\"yoast-schema-graph\">{\"@context\":\"https:\\\/\\\/schema.org\",\"@graph\":[{\"@type\":\"WebPage\",\"@id\":\"https:\\\/\\\/neoqi.com\\\/how-it-works\\\/treatment-programs\\\/\",\"url\":\"https:\\\/\\\/neoqi.com\\\/how-it-works\\\/treatment-programs\\\/\",\"name\":\"Treatment Programs - NEOQI\",\"isPartOf\":{\"@id\":\"https:\\\/\\\/neoqi.com\\\/#website\"},\"datePublished\":\"2024-09-06T17:24:18+00:00\",\"dateModified\":\"2024-12-04T08:27:56+00:00\",\"breadcrumb\":{\"@id\":\"https:\\\/\\\/neoqi.com\\\/how-it-works\\\/treatment-programs\\\/#breadcrumb\"},\"inLanguage\":\"fr-FR\",\"potentialAction\":[{\"@type\":\"ReadAction\",\"target\":[\"https:\\\/\\\/neoqi.com\\\/how-it-works\\\/treatment-programs\\\/\"]}]},{\"@type\":\"BreadcrumbList\",\"@id\":\"https:\\\/\\\/neoqi.com\\\/how-it-works\\\/treatment-programs\\\/#breadcrumb\",\"itemListElement\":[{\"@type\":\"ListItem\",\"position\":1,\"name\":\"Home\",\"item\":\"https:\\\/\\\/neoqi.com\\\/\"},{\"@type\":\"ListItem\",\"position\":2,\"name\":\"How it Works\",\"item\":\"https:\\\/\\\/neoqi.com\\\/ru\\\/how-it-works\\\/\"},{\"@type\":\"ListItem\",\"position\":3,\"name\":\"Treatment Programs\"}]},{\"@type\":\"WebSite\",\"@id\":\"https:\\\/\\\/neoqi.com\\\/#website\",\"url\":\"https:\\\/\\\/neoqi.com\\\/\",\"name\":\"NEOQI\",\"description\":\"Experience Ultimate Wellness and Relaxation with NeoQi Spa Capsule: Your Path to Rejuvenation\",\"publisher\":{\"@id\":\"https:\\\/\\\/neoqi.com\\\/#organization\"},\"potentialAction\":[{\"@type\":\"SearchAction\",\"target\":{\"@type\":\"EntryPoint\",\"urlTemplate\":\"https:\\\/\\\/neoqi.com\\\/?s={search_term_string}\"},\"query-input\":{\"@type\":\"PropertyValueSpecification\",\"valueRequired\":true,\"valueName\":\"search_term_string\"}}],\"inLanguage\":\"fr-FR\"},{\"@type\":\"Organization\",\"@id\":\"https:\\\/\\\/neoqi.com\\\/#organization\",\"name\":\"NEOQI\",\"url\":\"https:\\\/\\\/neoqi.com\\\/\",\"logo\":{\"@type\":\"ImageObject\",\"inLanguage\":\"fr-FR\",\"@id\":\"https:\\\/\\\/neoqi.com\\\/#\\\/schema\\\/logo\\\/image\\\/\",\"url\":\"https:\\\/\\\/neoqi.com\\\/wp-content\\\/uploads\\\/2024\\\/09\\\/logoneosvg.svg\",\"contentUrl\":\"https:\\\/\\\/neoqi.com\\\/wp-content\\\/uploads\\\/2024\\\/09\\\/logoneosvg.svg\",\"width\":1,\"height\":1,\"caption\":\"NEOQI\"},\"image\":{\"@id\":\"https:\\\/\\\/neoqi.com\\\/#\\\/schema\\\/logo\\\/image\\\/\"},\"sameAs\":[\"https:\\\/\\\/www.facebook.com\\\/neoqi\\\/\",\"https:\\\/\\\/www.instagram.com\\\/neoqi_com\\\/\"]}]}<\/script>\n<!-- \/ Yoast SEO plugin. -->","yoast_head_json":{"title":"Treatment Programs - NEOQI","robots":{"index":"index","follow":"follow","max-snippet":"max-snippet:-1","max-image-preview":"max-image-preview:large","max-video-preview":"max-video-preview:-1"},"canonical":"https:\/\/neoqi.com\/fr\/how-it-works\/treatment-programs\/","og_locale":"fr_FR","og_type":"article","og_title":"Treatment Programs - NEOQI","og_description":"NeoQi\u00ae treatments are aimed at providing all around holistic treatment. This method does not only address beauty, but also well-being and complete body relaxation. It is inspired by energy treatments that eliminate muscular and vascular tension and release vital energies. The functionality of NeoQi\u00ae energy cocoons allows us to offer a wide variety of therapeutic [&hellip;]","og_url":"https:\/\/neoqi.com\/fr\/how-it-works\/treatment-programs\/","og_site_name":"NEOQI","article_publisher":"https:\/\/www.facebook.com\/neoqi\/","article_modified_time":"2024-12-04T08:27:56+00:00","twitter_card":"summary_large_image","twitter_misc":{"Dur\u00e9e de lecture estim\u00e9e":"1 minute"},"schema":{"@context":"https:\/\/schema.org","@graph":[{"@type":"WebPage","@id":"https:\/\/neoqi.com\/how-it-works\/treatment-programs\/","url":"https:\/\/neoqi.com\/how-it-works\/treatment-programs\/","name":"Treatment Programs - NEOQI","isPartOf":{"@id":"https:\/\/neoqi.com\/#website"},"datePublished":"2024-09-06T17:24:18+00:00","dateModified":"2024-12-04T08:27:56+00:00","breadcrumb":{"@id":"https:\/\/neoqi.com\/how-it-works\/treatment-programs\/#breadcrumb"},"inLanguage":"fr-FR","potentialAction":[{"@type":"ReadAction","target":["https:\/\/neoqi.com\/how-it-works\/treatment-programs\/"]}]},{"@type":"BreadcrumbList","@id":"https:\/\/neoqi.com\/how-it-works\/treatment-programs\/#breadcrumb","itemListElement":[{"@type":"ListItem","position":1,"name":"Home","item":"https:\/\/neoqi.com\/"},{"@type":"ListItem","position":2,"name":"How it Works","item":"https:\/\/neoqi.com\/ru\/how-it-works\/"},{"@type":"ListItem","position":3,"name":"Treatment Programs"}]},{"@type":"WebSite","@id":"https:\/\/neoqi.com\/#website","url":"https:\/\/neoqi.com\/","name":"NEOQI","description":"Faites l'exp\u00e9rience du bien-\u00eatre et de la relaxation ultimes avec NeoQi Spa Capsule : Votre chemin vers le rajeunissement","publisher":{"@id":"https:\/\/neoqi.com\/#organization"},"potentialAction":[{"@type":"SearchAction","target":{"@type":"EntryPoint","urlTemplate":"https:\/\/neoqi.com\/?s={search_term_string}"},"query-input":{"@type":"PropertyValueSpecification","valueRequired":true,"valueName":"search_term_string"}}],"inLanguage":"fr-FR"},{"@type":"Organization","@id":"https:\/\/neoqi.com\/#organization","name":"NEOQI","url":"https:\/\/neoqi.com\/","logo":{"@type":"ImageObject","inLanguage":"fr-FR","@id":"https:\/\/neoqi.com\/#\/schema\/logo\/image\/","url":"https:\/\/neoqi.com\/wp-content\/uploads\/2024\/09\/logoneosvg.svg","contentUrl":"https:\/\/neoqi.com\/wp-content\/uploads\/2024\/09\/logoneosvg.svg","width":1,"height":1,"caption":"NEOQI"},"image":{"@id":"https:\/\/neoqi.com\/#\/schema\/logo\/image\/"},"sameAs":["https:\/\/www.facebook.com\/neoqi\/","https:\/\/www.instagram.com\/neoqi_com\/"]}]}},"_links":{"self":[{"href":"https:\/\/neoqi.com\/fr\/wp-json\/wp\/v2\/pages\/1957","targetHints":{"allow":["GET"]}}],"collection":[{"href":"https:\/\/neoqi.com\/fr\/wp-json\/wp\/v2\/pages"}],"about":[{"href":"https:\/\/neoqi.com\/fr\/wp-json\/wp\/v2\/types\/page"}],"author":[{"embeddable":true,"href":"https:\/\/neoqi.com\/fr\/wp-json\/wp\/v2\/users\/3"}],"replies":[{"embeddable":true,"href":"https:\/\/neoqi.com\/fr\/wp-json\/wp\/v2\/comments?post=1957"}],"version-history":[{"count":2,"href":"https:\/\/neoqi.com\/fr\/wp-json\/wp\/v2\/pages\/1957\/revisions"}],"predecessor-version":[{"id":3128,"href":"https:\/\/neoqi.com\/fr\/wp-json\/wp\/v2\/pages\/1957\/revisions\/3128"}],"up":[{"embeddable":true,"href":"https:\/\/neoqi.com\/fr\/wp-json\/wp\/v2\/pages\/1953"}],"wp:attachment":[{"href":"https:\/\/neoqi.com\/fr\/wp-json\/wp\/v2\/media?parent=1957"}],"curies":[{"name":"wp","href":"https:\/\/api.w.org\/{rel}","templated":true}]}}