{"id":1965,"date":"2024-09-06T20:38:58","date_gmt":"2024-09-06T17:38:58","guid":{"rendered":"http:\/\/neoqi.com\/?page_id=1965"},"modified":"2024-09-07T13:06:41","modified_gmt":"2024-09-07T10:06:41","slug":"functions","status":"publish","type":"page","link":"https:\/\/neoqi.com\/fr\/how-it-works\/functions\/","title":{"rendered":"Fonctions"},"content":{"rendered":"<table width=\"804\">\n<tbody>\n<tr>\n<td width=\"113\"><img decoding=\"async\" class=\"wp-image-1352  aligncenter\" src=\"http:\/\/neoqi.com\/wp-content\/uploads\/2015\/03\/Steam.png\" alt=\"Steam\" width=\"65\" height=\"78\" \/><\/td>\n<td width=\"690\"><strong>Vapeur\u00a0<\/strong>Assure une d\u00e9sintoxication efficace (excr\u00e9tion des d\u00e9chets, des substances toxiques et des substances de lest du corps), augmente les processus biochimiques dans les tissus, \u00e9limine les impuret\u00e9s tout en favorisant la texture, l'\u00e9lasticit\u00e9 et la tonicit\u00e9 de la peau, augmente la r\u00e9ceptivit\u00e9 aux th\u00e9rapies remin\u00e9ralisantes et aux effets des produits actifs. Pour en savoir plus\u00a0<a href=\"http:\/\/neoqi.com\/fr\/how-it-works\/functions\/steam-sauna\/\">sauna \u00e0 vapeur<\/a>.<\/td>\n<\/tr>\n<tr>\n<td width=\"113\"><img decoding=\"async\" class=\"wp-image-1350 aligncenter\" src=\"http:\/\/neoqi.com\/wp-content\/uploads\/2015\/03\/Infrared.png\" alt=\"Infrared\" width=\"65\" height=\"77\" \/><\/td>\n<td width=\"690\"><strong>Infrarouge\u00a0<\/strong>Chauffage plus efficace et plus profond des tissus (graisse sous-cutan\u00e9e, muscles, articulations, tendons), ce qui entra\u00eene une r\u00e9duction du volume du corps, le traitement de l'arthrose\/de l'arthrite\/de la myosite et des entorses ; entra\u00eene le syst\u00e8me cardiovasculaire, augmente le tonus g\u00e9n\u00e9ral du corps, acc\u00e9l\u00e8re la r\u00e9g\u00e9n\u00e9ration et le rajeunissement, renforce le syst\u00e8me immunitaire. Pour en savoir plus\u00a0<a href=\"http:\/\/neoqi.com\/fr\/how-it-works\/functions\/infrared-sauna\/\">sauna infrarouge<\/a>.<\/td>\n<\/tr>\n<tr>\n<td width=\"113\"><img decoding=\"async\" class=\"wp-image-1354 aligncenter\" src=\"http:\/\/neoqi.com\/wp-content\/uploads\/2015\/03\/Vichy-Shower.png\" alt=\"Vichy Shower\" width=\"66\" height=\"73\" \/><\/td>\n<td width=\"690\"><strong>Douche de Vichy\u00a0<\/strong>Produit des pulv\u00e9risations semblables \u00e0 celles d'une forte pluie, offrant un massage en dehors de l'environnement aquatique. Les gouttes d'eau qui tombent sur votre corps vous rendent d'abord alerte et vous d\u00e9tendent ensuite. Pour en savoir plus\u00a0<a href=\"http:\/\/neoqi.com\/fr\/how-it-works\/functions\/vichy-shower\/\">Douche de Vichy<\/a>.<\/td>\n<\/tr>\n<tr>\n<td width=\"113\"><img loading=\"lazy\" decoding=\"async\" class=\"wp-image-1353 aligncenter\" src=\"http:\/\/neoqi.com\/wp-content\/uploads\/2015\/03\/Vibromassage.png\" alt=\"Vibromassage\" width=\"65\" height=\"70\" \/><\/td>\n<td width=\"690\"><strong>Lit vibrant\u00a0<\/strong>Acc\u00e9l\u00e8re la r\u00e9paration des tissus, favorise l'\u00e9limination des toxines, a un effet positif sur le syst\u00e8me neuromusculaire, am\u00e9liore les performances musculaires et les processus d'oxydor\u00e9duction dans leurs tissus, aide \u00e0 soulager le stress, les tensions, les douleurs, l'\u00e9limination des stagnations. En savoir plus sur\u00a0<a href=\"http:\/\/neoqi.com\/fr\/how-it-works\/functions\/vibromassage\/\">table de traitement vibrante<\/a>.<\/td>\n<\/tr>\n<tr>\n<td width=\"113\"><a href=\"http:\/\/neoqi.com\/wp-content\/uploads\/2015\/03\/HYDROMASSAGE.jpg\"><img loading=\"lazy\" decoding=\"async\" class=\"wp-image-1433 aligncenter\" src=\"http:\/\/neoqi.com\/wp-content\/uploads\/2015\/03\/HYDROMASSAGE.jpg\" alt=\"HYDROMASSAGE\" width=\"89\" height=\"87\" \/><\/a><\/td>\n<td width=\"690\"><strong>Massage \u00e0 l'eau (hydro)\u00a0<\/strong>Procure un effet relaxant imm\u00e9diat gr\u00e2ce \u00e0 l'action des courants d'eau chaude \u00e0 pression variable ; augmente la circulation sanguine et lymphatique, stimule les processus m\u00e9taboliques et biochimiques dans les organes et les tissus. Le b\u00e9n\u00e9fice th\u00e9rapeutique provient de l'effet relaxant de l'eau chaude, appliqu\u00e9e avec une force variable sur les muscles. Pour en savoir plus<a href=\"http:\/\/neoqi.com\/fr\/how-it-works\/functions\/hydromassage\/\">\u00a0hydromassage<\/a>.<\/td>\n<\/tr>\n<tr>\n<td width=\"113\"><img loading=\"lazy\" decoding=\"async\" class=\"wp-image-1432 aligncenter\" src=\"http:\/\/neoqi.com\/wp-content\/uploads\/2015\/03\/Bottom-Air.png\" alt=\"Bottom Air\" width=\"65\" height=\"78\" \/><\/td>\n<td width=\"690\"><strong>Massage \u00e0 bulles d'air\u00a0<\/strong>Id\u00e9al pour r\u00e9duire la lib\u00e9ration accrue d'hormones de stress, cr\u00e9ant un \u00e9l\u00e9ment de confort psychologique et physique ; r\u00e9duit la s\u00e9v\u00e9rit\u00e9 des sensations d\u00e9sagr\u00e9ables et douloureuses de nature diff\u00e9rente, soulage le stress sur les os et les articulations, soulage l'insomnie. Pour en savoir plus\u00a0<a href=\"http:\/\/neoqi.com\/fr\/how-it-works\/functions\/air-bubble-massage\/\">massage \u00e0 bulles d'air<\/a>.<\/td>\n<\/tr>\n<tr>\n<td width=\"113\"><img loading=\"lazy\" decoding=\"async\" class=\"wp-image-1434 aligncenter\" src=\"http:\/\/neoqi.com\/wp-content\/uploads\/2015\/03\/Chromotherapy.png\" alt=\"Chromotherapy\" width=\"79\" height=\"73\" \/><\/td>\n<td width=\"690\"><strong>Lumi\u00e8re LED\u00a0<\/strong>Repr\u00e9sente l'\u00e9nergie active de la lumi\u00e8re, qui a un impact \u00e9norme sur notre esprit et notre \u00e2me - active les processus physiologiques qui r\u00e9gulent les biorythmes quotidiens, am\u00e9liore l'immunit\u00e9, efficace dans le traitement de la fatigue, de la d\u00e9pression, des troubles du sommeil, de la n\u00e9vrose et de la fatigue. Pour en savoir plus\u00a0<a href=\"http:\/\/neoqi.com\/fr\/how-it-works\/functions\/chromotherapy\/\">chromoth\u00e9rapie<\/a>.<\/td>\n<\/tr>\n<tr>\n<td width=\"113\"><img loading=\"lazy\" decoding=\"async\" class=\"wp-image-1351 aligncenter\" src=\"http:\/\/neoqi.com\/wp-content\/uploads\/2015\/03\/Musictherapy.png\" alt=\"Musictherapy\" width=\"64\" height=\"71\" \/><\/td>\n<td width=\"690\"><strong>Musicoth\u00e9rapie\u00a0<\/strong>L'une des formes les plus anciennes et les plus naturelles de correction des \u00e9tats \u00e9motionnels. Les composantes rythmiques de la musique aident \u00e0 accro\u00eetre la vitalit\u00e9, contribuent \u00e0 une circulation constante de l'\u00e9nergie, soulagent la douleur et la tension nerveuse. On dit que le repos avec de la musique est plus efficace que sans musique. Pour en savoir plus\u00a0<a href=\"http:\/\/neoqi.com\/fr\/how-it-works\/functions\/music-therapy\/\">musicoth\u00e9rapie<\/a>.\u00a0<em>\u00a0<\/em><em>\u00a0<\/em><em>\u00a0<\/em><\/td>\n<\/tr>\n<\/tbody>\n<\/table>","protected":false},"excerpt":{"rendered":"<p>Steam\u00a0Ensures an effective detox (excretion of waste products, toxicants and ballast substances from the body), increases biochemical processes in tissues, removes impurities and at the same time promotes skin texture, elasticity and tone, increases receptiveness to remineralizing therapies and the effects of active products. Read more about\u00a0steam sauna. Infrared\u00a0More efficient and deeper heating of tissues [&hellip;]<\/p>\n","protected":false},"author":1,"featured_media":0,"parent":1953,"menu_order":0,"comment_status":"closed","ping_status":"closed","template":"","meta":{"_acf_changed":false,"site-sidebar-layout":"default","site-content-layout":"","ast-site-content-layout":"default","site-content-style":"default","site-sidebar-style":"default","ast-global-header-display":"","ast-banner-title-visibility":"","ast-main-header-display":"","ast-hfb-above-header-display":"","ast-hfb-below-header-display":"","ast-hfb-mobile-header-display":"","site-post-title":"","ast-breadcrumbs-content":"","ast-featured-img":"","footer-sml-layout":"","ast-disable-related-posts":"","theme-transparent-header-meta":"default","adv-header-id-meta":"","stick-header-meta":"","header-above-stick-meta":"","header-main-stick-meta":"","header-below-stick-meta":"","astra-migrate-meta-layouts":"set","ast-page-background-enabled":"default","ast-page-background-meta":{"desktop":{"background-color":"var(--ast-global-color-4)","background-image":"","background-repeat":"repeat","background-position":"center center","background-size":"auto","background-attachment":"scroll","background-type":"","background-media":"","overlay-type":"","overlay-color":"","overlay-opacity":"","overlay-gradient":""},"tablet":{"background-color":"","background-image":"","background-repeat":"repeat","background-position":"center center","background-size":"auto","background-attachment":"scroll","background-type":"","background-media":"","overlay-type":"","overlay-color":"","overlay-opacity":"","overlay-gradient":""},"mobile":{"background-color":"","background-image":"","background-repeat":"repeat","background-position":"center center","background-size":"auto","background-attachment":"scroll","background-type":"","background-media":"","overlay-type":"","overlay-color":"","overlay-opacity":"","overlay-gradient":""}},"ast-content-background-meta":{"desktop":{"background-color":"var(--ast-global-color-5)","background-image":"","background-repeat":"repeat","background-position":"center center","background-size":"auto","background-attachment":"scroll","background-type":"","background-media":"","overlay-type":"","overlay-color":"","overlay-opacity":"","overlay-gradient":""},"tablet":{"background-color":"var(--ast-global-color-5)","background-image":"","background-repeat":"repeat","background-position":"center center","background-size":"auto","background-attachment":"scroll","background-type":"","background-media":"","overlay-type":"","overlay-color":"","overlay-opacity":"","overlay-gradient":""},"mobile":{"background-color":"var(--ast-global-color-5)","background-image":"","background-repeat":"repeat","background-position":"center center","background-size":"auto","background-attachment":"scroll","background-type":"","background-media":"","overlay-type":"","overlay-color":"","overlay-opacity":"","overlay-gradient":""}},"footnotes":""},"class_list":["post-1965","page","type-page","status-publish","hentry"],"acf":[],"yoast_head":"<!-- This site is optimized with the Yoast SEO plugin v27.3 - https:\/\/yoast.com\/product\/yoast-seo-wordpress\/ -->\n<title>Functions - NEOQI<\/title>\n<meta name=\"robots\" content=\"index, follow, max-snippet:-1, max-image-preview:large, max-video-preview:-1\" \/>\n<link rel=\"canonical\" href=\"https:\/\/neoqi.com\/fr\/how-it-works\/functions\/\" \/>\n<meta property=\"og:locale\" content=\"fr_FR\" \/>\n<meta property=\"og:type\" content=\"article\" \/>\n<meta property=\"og:title\" content=\"Functions - NEOQI\" \/>\n<meta property=\"og:description\" content=\"Steam\u00a0Ensures an effective detox (excretion of waste products, toxicants and ballast substances from the body), increases biochemical processes in tissues, removes impurities and at the same time promotes skin texture, elasticity and tone, increases receptiveness to remineralizing therapies and the effects of active products. Read more about\u00a0steam sauna. Infrared\u00a0More efficient and deeper heating of tissues [&hellip;]\" \/>\n<meta property=\"og:url\" content=\"https:\/\/neoqi.com\/fr\/how-it-works\/functions\/\" \/>\n<meta property=\"og:site_name\" content=\"NEOQI\" \/>\n<meta property=\"article:publisher\" content=\"https:\/\/www.facebook.com\/neoqi\/\" \/>\n<meta property=\"article:modified_time\" content=\"2024-09-07T10:06:41+00:00\" \/>\n<meta property=\"og:image\" content=\"http:\/\/neoqi.com\/wp-content\/uploads\/2015\/03\/Steam.png\" \/>\n<meta name=\"twitter:card\" content=\"summary_large_image\" \/>\n<meta name=\"twitter:label1\" content=\"Dur\u00e9e de lecture estim\u00e9e\" \/>\n\t<meta name=\"twitter:data1\" content=\"2 minutes\" \/>\n<script type=\"application\/ld+json\" class=\"yoast-schema-graph\">{\"@context\":\"https:\\\/\\\/schema.org\",\"@graph\":[{\"@type\":\"WebPage\",\"@id\":\"https:\\\/\\\/neoqi.com\\\/ru\\\/how-it-works\\\/functions\\\/\",\"url\":\"https:\\\/\\\/neoqi.com\\\/ru\\\/how-it-works\\\/functions\\\/\",\"name\":\"Functions - NEOQI\",\"isPartOf\":{\"@id\":\"https:\\\/\\\/neoqi.com\\\/#website\"},\"primaryImageOfPage\":{\"@id\":\"https:\\\/\\\/neoqi.com\\\/ru\\\/how-it-works\\\/functions\\\/#primaryimage\"},\"image\":{\"@id\":\"https:\\\/\\\/neoqi.com\\\/ru\\\/how-it-works\\\/functions\\\/#primaryimage\"},\"thumbnailUrl\":\"http:\\\/\\\/neoqi.com\\\/wp-content\\\/uploads\\\/2015\\\/03\\\/Steam.png\",\"datePublished\":\"2024-09-06T17:38:58+00:00\",\"dateModified\":\"2024-09-07T10:06:41+00:00\",\"breadcrumb\":{\"@id\":\"https:\\\/\\\/neoqi.com\\\/ru\\\/how-it-works\\\/functions\\\/#breadcrumb\"},\"inLanguage\":\"fr-FR\",\"potentialAction\":[{\"@type\":\"ReadAction\",\"target\":[\"https:\\\/\\\/neoqi.com\\\/ru\\\/how-it-works\\\/functions\\\/\"]}]},{\"@type\":\"ImageObject\",\"inLanguage\":\"fr-FR\",\"@id\":\"https:\\\/\\\/neoqi.com\\\/ru\\\/how-it-works\\\/functions\\\/#primaryimage\",\"url\":\"http:\\\/\\\/neoqi.com\\\/wp-content\\\/uploads\\\/2015\\\/03\\\/Steam.png\",\"contentUrl\":\"http:\\\/\\\/neoqi.com\\\/wp-content\\\/uploads\\\/2015\\\/03\\\/Steam.png\"},{\"@type\":\"BreadcrumbList\",\"@id\":\"https:\\\/\\\/neoqi.com\\\/ru\\\/how-it-works\\\/functions\\\/#breadcrumb\",\"itemListElement\":[{\"@type\":\"ListItem\",\"position\":1,\"name\":\"Home\",\"item\":\"https:\\\/\\\/neoqi.com\\\/\"},{\"@type\":\"ListItem\",\"position\":2,\"name\":\"How it Works\",\"item\":\"https:\\\/\\\/neoqi.com\\\/ru\\\/how-it-works\\\/\"},{\"@type\":\"ListItem\",\"position\":3,\"name\":\"Functions\"}]},{\"@type\":\"WebSite\",\"@id\":\"https:\\\/\\\/neoqi.com\\\/#website\",\"url\":\"https:\\\/\\\/neoqi.com\\\/\",\"name\":\"NEOQI\",\"description\":\"Experience Ultimate Wellness and Relaxation with NeoQi Spa Capsule: Your Path to Rejuvenation\",\"publisher\":{\"@id\":\"https:\\\/\\\/neoqi.com\\\/#organization\"},\"potentialAction\":[{\"@type\":\"SearchAction\",\"target\":{\"@type\":\"EntryPoint\",\"urlTemplate\":\"https:\\\/\\\/neoqi.com\\\/?s={search_term_string}\"},\"query-input\":{\"@type\":\"PropertyValueSpecification\",\"valueRequired\":true,\"valueName\":\"search_term_string\"}}],\"inLanguage\":\"fr-FR\"},{\"@type\":\"Organization\",\"@id\":\"https:\\\/\\\/neoqi.com\\\/#organization\",\"name\":\"NEOQI\",\"url\":\"https:\\\/\\\/neoqi.com\\\/\",\"logo\":{\"@type\":\"ImageObject\",\"inLanguage\":\"fr-FR\",\"@id\":\"https:\\\/\\\/neoqi.com\\\/#\\\/schema\\\/logo\\\/image\\\/\",\"url\":\"https:\\\/\\\/neoqi.com\\\/wp-content\\\/uploads\\\/2024\\\/09\\\/logoneosvg.svg\",\"contentUrl\":\"https:\\\/\\\/neoqi.com\\\/wp-content\\\/uploads\\\/2024\\\/09\\\/logoneosvg.svg\",\"width\":1,\"height\":1,\"caption\":\"NEOQI\"},\"image\":{\"@id\":\"https:\\\/\\\/neoqi.com\\\/#\\\/schema\\\/logo\\\/image\\\/\"},\"sameAs\":[\"https:\\\/\\\/www.facebook.com\\\/neoqi\\\/\",\"https:\\\/\\\/www.instagram.com\\\/neoqi_com\\\/\"]}]}<\/script>\n<!-- \/ Yoast SEO plugin. -->","yoast_head_json":{"title":"Functions - NEOQI","robots":{"index":"index","follow":"follow","max-snippet":"max-snippet:-1","max-image-preview":"max-image-preview:large","max-video-preview":"max-video-preview:-1"},"canonical":"https:\/\/neoqi.com\/fr\/how-it-works\/functions\/","og_locale":"fr_FR","og_type":"article","og_title":"Functions - NEOQI","og_description":"Steam\u00a0Ensures an effective detox (excretion of waste products, toxicants and ballast substances from the body), increases biochemical processes in tissues, removes impurities and at the same time promotes skin texture, elasticity and tone, increases receptiveness to remineralizing therapies and the effects of active products. Read more about\u00a0steam sauna. Infrared\u00a0More efficient and deeper heating of tissues [&hellip;]","og_url":"https:\/\/neoqi.com\/fr\/how-it-works\/functions\/","og_site_name":"NEOQI","article_publisher":"https:\/\/www.facebook.com\/neoqi\/","article_modified_time":"2024-09-07T10:06:41+00:00","og_image":[{"url":"http:\/\/neoqi.com\/wp-content\/uploads\/2015\/03\/Steam.png","type":"","width":"","height":""}],"twitter_card":"summary_large_image","twitter_misc":{"Dur\u00e9e de lecture estim\u00e9e":"2 minutes"},"schema":{"@context":"https:\/\/schema.org","@graph":[{"@type":"WebPage","@id":"https:\/\/neoqi.com\/ru\/how-it-works\/functions\/","url":"https:\/\/neoqi.com\/ru\/how-it-works\/functions\/","name":"Functions - NEOQI","isPartOf":{"@id":"https:\/\/neoqi.com\/#website"},"primaryImageOfPage":{"@id":"https:\/\/neoqi.com\/ru\/how-it-works\/functions\/#primaryimage"},"image":{"@id":"https:\/\/neoqi.com\/ru\/how-it-works\/functions\/#primaryimage"},"thumbnailUrl":"http:\/\/neoqi.com\/wp-content\/uploads\/2015\/03\/Steam.png","datePublished":"2024-09-06T17:38:58+00:00","dateModified":"2024-09-07T10:06:41+00:00","breadcrumb":{"@id":"https:\/\/neoqi.com\/ru\/how-it-works\/functions\/#breadcrumb"},"inLanguage":"fr-FR","potentialAction":[{"@type":"ReadAction","target":["https:\/\/neoqi.com\/ru\/how-it-works\/functions\/"]}]},{"@type":"ImageObject","inLanguage":"fr-FR","@id":"https:\/\/neoqi.com\/ru\/how-it-works\/functions\/#primaryimage","url":"http:\/\/neoqi.com\/wp-content\/uploads\/2015\/03\/Steam.png","contentUrl":"http:\/\/neoqi.com\/wp-content\/uploads\/2015\/03\/Steam.png"},{"@type":"BreadcrumbList","@id":"https:\/\/neoqi.com\/ru\/how-it-works\/functions\/#breadcrumb","itemListElement":[{"@type":"ListItem","position":1,"name":"Home","item":"https:\/\/neoqi.com\/"},{"@type":"ListItem","position":2,"name":"How it Works","item":"https:\/\/neoqi.com\/ru\/how-it-works\/"},{"@type":"ListItem","position":3,"name":"Functions"}]},{"@type":"WebSite","@id":"https:\/\/neoqi.com\/#website","url":"https:\/\/neoqi.com\/","name":"NEOQI","description":"Faites l'exp\u00e9rience du bien-\u00eatre et de la relaxation ultimes avec NeoQi Spa Capsule : Votre chemin vers le rajeunissement","publisher":{"@id":"https:\/\/neoqi.com\/#organization"},"potentialAction":[{"@type":"SearchAction","target":{"@type":"EntryPoint","urlTemplate":"https:\/\/neoqi.com\/?s={search_term_string}"},"query-input":{"@type":"PropertyValueSpecification","valueRequired":true,"valueName":"search_term_string"}}],"inLanguage":"fr-FR"},{"@type":"Organization","@id":"https:\/\/neoqi.com\/#organization","name":"NEOQI","url":"https:\/\/neoqi.com\/","logo":{"@type":"ImageObject","inLanguage":"fr-FR","@id":"https:\/\/neoqi.com\/#\/schema\/logo\/image\/","url":"https:\/\/neoqi.com\/wp-content\/uploads\/2024\/09\/logoneosvg.svg","contentUrl":"https:\/\/neoqi.com\/wp-content\/uploads\/2024\/09\/logoneosvg.svg","width":1,"height":1,"caption":"NEOQI"},"image":{"@id":"https:\/\/neoqi.com\/#\/schema\/logo\/image\/"},"sameAs":["https:\/\/www.facebook.com\/neoqi\/","https:\/\/www.instagram.com\/neoqi_com\/"]}]}},"_links":{"self":[{"href":"https:\/\/neoqi.com\/fr\/wp-json\/wp\/v2\/pages\/1965","targetHints":{"allow":["GET"]}}],"collection":[{"href":"https:\/\/neoqi.com\/fr\/wp-json\/wp\/v2\/pages"}],"about":[{"href":"https:\/\/neoqi.com\/fr\/wp-json\/wp\/v2\/types\/page"}],"author":[{"embeddable":true,"href":"https:\/\/neoqi.com\/fr\/wp-json\/wp\/v2\/users\/1"}],"replies":[{"embeddable":true,"href":"https:\/\/neoqi.com\/fr\/wp-json\/wp\/v2\/comments?post=1965"}],"version-history":[{"count":1,"href":"https:\/\/neoqi.com\/fr\/wp-json\/wp\/v2\/pages\/1965\/revisions"}],"predecessor-version":[{"id":1966,"href":"https:\/\/neoqi.com\/fr\/wp-json\/wp\/v2\/pages\/1965\/revisions\/1966"}],"up":[{"embeddable":true,"href":"https:\/\/neoqi.com\/fr\/wp-json\/wp\/v2\/pages\/1953"}],"wp:attachment":[{"href":"https:\/\/neoqi.com\/fr\/wp-json\/wp\/v2\/media?parent=1965"}],"curies":[{"name":"wp","href":"https:\/\/api.w.org\/{rel}","templated":true}]}}