{"id":1971,"date":"2024-09-06T20:50:08","date_gmt":"2024-09-06T17:50:08","guid":{"rendered":"http:\/\/neoqi.com\/?page_id=1971"},"modified":"2024-09-06T20:50:08","modified_gmt":"2024-09-06T17:50:08","slug":"music-therapy","status":"publish","type":"page","link":"https:\/\/neoqi.com\/fr\/how-it-works\/functions\/music-therapy\/","title":{"rendered":"Musicoth\u00e9rapie"},"content":{"rendered":"<p>La musicoth\u00e9rapie, l'une des formes les plus anciennes et les plus naturelles de correction des \u00e9tats \u00e9motionnels, est d\u00e9finie au sens large comme l'utilisation de la musique dans le traitement des personnes qui ont des probl\u00e8mes de nature mentale, physique et\/ou \u00e9motionnelle. La musicoth\u00e9rapie a \u00e9t\u00e9 officiellement reconnue en Europe au XIXe si\u00e8cle par d'\u00e9minents m\u00e9decins et reste aujourd'hui un domaine de soins de sant\u00e9 en plein essor.<\/p>\n<p>La musique a des effets puissants sur le corps et l'esprit. Elle a un effet profond sur notre corps et notre psychisme. N\u00e9anmoins, cette th\u00e9rapie convient \u00e0 tout le monde, quels que soient l'\u00e2ge, l'\u00e9tat de sant\u00e9 ou les aptitudes musicales. Elle aide les personnes souffrant de handicaps mentaux ou physiques, de probl\u00e8mes neurologiques et les personnes \u00e2g\u00e9es \u00e0 faire face aux maladies aigu\u00ebs et chroniques. En outre, elle soulage la douleur et r\u00e9duit la tension nerveuse.<\/p>\n<p>Plusieurs \u00e9tudes ont montr\u00e9 les propri\u00e9t\u00e9s analg\u00e9siques et relaxantes de la musicoth\u00e9rapie utilis\u00e9e dans le traitement de syndromes douloureux chroniques d'\u00e9tiologies diff\u00e9rentes. On a constat\u00e9 une am\u00e9lioration du processus de r\u00e9adaptation : am\u00e9lioration de l'\u00e9tat fonctionnel et r\u00e9duction des sympt\u00f4mes pathologiques. La musique a une influence sur la fonction neuroendocrinienne, en particulier sur le niveau des hormones dans le sang qui jouent un r\u00f4le crucial dans toutes les r\u00e9actions \u00e9motionnelles.<\/p>\n<p>De nos jours, la vie a tendance \u00e0 \u00eatre tr\u00e8s occup\u00e9e et donc pleine de stress, contre lequel la musicoth\u00e9rapie est un bon moyen de pr\u00e9vention ainsi qu'un \u00e9l\u00e9ment de soutien dans les actions quotidiennes. La musique poss\u00e8de des qualit\u00e9s d'organisation \u00e9motionnelle et cr\u00e9ative qui sont utilis\u00e9es dans la communication m\u00e9dicale pour faciliter le contact, l'interaction, l'expression et le d\u00e9veloppement de soi.<\/p>\n<p>Il existe deux formes de musicoth\u00e9rapie : passive et active. Au cours d'une th\u00e9rapie musicale passive, le patient \u00e9coute diff\u00e9rents types de musique, en fonction de son \u00e9tat de sant\u00e9 mentale et du d\u00e9roulement du traitement. Lors des s\u00e9ances de musicoth\u00e9rapie active, les patients participent \u00e0 la cr\u00e9ation et \u00e0 l'interpr\u00e9tation de la musique.<\/p>\n<p>Quatre morceaux de musique ont \u00e9t\u00e9 compos\u00e9s sp\u00e9cifiquement pour les traitements effectu\u00e9s dans l'\u00e9quipement NeoQi, par la musicoth\u00e9rapeute estonienne Dali Kask, l'une des expertes les plus reconnues dans ce domaine. Cet accompagnement musical a un impact positif et amplifiant sur la perception du traitement et peut \u00eatre combin\u00e9 avec l'aromath\u00e9rapie ou des exercices de respiration.<\/p>\n<p>Les composantes rythmiques de la musique contribuent \u00e0 accro\u00eetre la vitalit\u00e9. Pendant la musicoth\u00e9rapie, un flux constant d'\u00e9nergie circule dans notre corps jusqu'\u00e0 ce que l'harmonie soit atteinte. La musicoth\u00e9rapie am\u00e8ne une personne \u00e0 comprendre et \u00e0 utiliser le pouvoir de cette harmonie qui guide le processus pour y parvenir.<\/p>","protected":false},"excerpt":{"rendered":"<p>Music therapy, one of the oldest and natural forms of correction of emotional states, is defined broadly as the use of music in the treatment of people who have problems of a mental, physical, and\/or emotional nature. Music therapy was officially recognized in Europe in 19th century by leading doctors and is still nowadays a [&hellip;]<\/p>\n","protected":false},"author":3,"featured_media":0,"parent":1965,"menu_order":0,"comment_status":"closed","ping_status":"closed","template":"","meta":{"_acf_changed":false,"site-sidebar-layout":"default","site-content-layout":"","ast-site-content-layout":"default","site-content-style":"default","site-sidebar-style":"default","ast-global-header-display":"","ast-banner-title-visibility":"","ast-main-header-display":"","ast-hfb-above-header-display":"","ast-hfb-below-header-display":"","ast-hfb-mobile-header-display":"","site-post-title":"","ast-breadcrumbs-content":"","ast-featured-img":"","footer-sml-layout":"","ast-disable-related-posts":"","theme-transparent-header-meta":"default","adv-header-id-meta":"","stick-header-meta":"","header-above-stick-meta":"","header-main-stick-meta":"","header-below-stick-meta":"","astra-migrate-meta-layouts":"set","ast-page-background-enabled":"default","ast-page-background-meta":{"desktop":{"background-color":"var(--ast-global-color-4)","background-image":"","background-repeat":"repeat","background-position":"center center","background-size":"auto","background-attachment":"scroll","background-type":"","background-media":"","overlay-type":"","overlay-color":"","overlay-opacity":"","overlay-gradient":""},"tablet":{"background-color":"","background-image":"","background-repeat":"repeat","background-position":"center center","background-size":"auto","background-attachment":"scroll","background-type":"","background-media":"","overlay-type":"","overlay-color":"","overlay-opacity":"","overlay-gradient":""},"mobile":{"background-color":"","background-image":"","background-repeat":"repeat","background-position":"center center","background-size":"auto","background-attachment":"scroll","background-type":"","background-media":"","overlay-type":"","overlay-color":"","overlay-opacity":"","overlay-gradient":""}},"ast-content-background-meta":{"desktop":{"background-color":"var(--ast-global-color-5)","background-image":"","background-repeat":"repeat","background-position":"center center","background-size":"auto","background-attachment":"scroll","background-type":"","background-media":"","overlay-type":"","overlay-color":"","overlay-opacity":"","overlay-gradient":""},"tablet":{"background-color":"var(--ast-global-color-5)","background-image":"","background-repeat":"repeat","background-position":"center center","background-size":"auto","background-attachment":"scroll","background-type":"","background-media":"","overlay-type":"","overlay-color":"","overlay-opacity":"","overlay-gradient":""},"mobile":{"background-color":"var(--ast-global-color-5)","background-image":"","background-repeat":"repeat","background-position":"center center","background-size":"auto","background-attachment":"scroll","background-type":"","background-media":"","overlay-type":"","overlay-color":"","overlay-opacity":"","overlay-gradient":""}},"footnotes":""},"class_list":["post-1971","page","type-page","status-publish","hentry"],"acf":[],"yoast_head":"<!-- This site is optimized with the Yoast SEO plugin v27.5 - https:\/\/yoast.com\/product\/yoast-seo-wordpress\/ -->\n<title>Music therapy - NEOQI<\/title>\n<meta name=\"robots\" content=\"index, follow, max-snippet:-1, max-image-preview:large, max-video-preview:-1\" \/>\n<link rel=\"canonical\" href=\"https:\/\/neoqi.com\/fr\/how-it-works\/functions\/music-therapy\/\" \/>\n<meta property=\"og:locale\" content=\"fr_FR\" \/>\n<meta property=\"og:type\" content=\"article\" \/>\n<meta property=\"og:title\" content=\"Music therapy - NEOQI\" \/>\n<meta property=\"og:description\" content=\"Music therapy, one of the oldest and natural forms of correction of emotional states, is defined broadly as the use of music in the treatment of people who have problems of a mental, physical, and\/or emotional nature. Music therapy was officially recognized in Europe in 19th century by leading doctors and is still nowadays a [&hellip;]\" \/>\n<meta property=\"og:url\" content=\"https:\/\/neoqi.com\/fr\/how-it-works\/functions\/music-therapy\/\" \/>\n<meta property=\"og:site_name\" content=\"NEOQI\" \/>\n<meta property=\"article:publisher\" content=\"https:\/\/www.facebook.com\/neoqi\/\" \/>\n<meta name=\"twitter:card\" content=\"summary_large_image\" \/>\n<meta name=\"twitter:label1\" content=\"Dur\u00e9e de lecture estim\u00e9e\" \/>\n\t<meta name=\"twitter:data1\" content=\"2 minutes\" \/>\n<script type=\"application\/ld+json\" class=\"yoast-schema-graph\">{\"@context\":\"https:\\\/\\\/schema.org\",\"@graph\":[{\"@type\":\"WebPage\",\"@id\":\"https:\\\/\\\/neoqi.com\\\/ru\\\/how-it-works\\\/functions\\\/music-therapy\\\/\",\"url\":\"https:\\\/\\\/neoqi.com\\\/ru\\\/how-it-works\\\/functions\\\/music-therapy\\\/\",\"name\":\"Music therapy - NEOQI\",\"isPartOf\":{\"@id\":\"https:\\\/\\\/neoqi.com\\\/#website\"},\"datePublished\":\"2024-09-06T17:50:08+00:00\",\"breadcrumb\":{\"@id\":\"https:\\\/\\\/neoqi.com\\\/ru\\\/how-it-works\\\/functions\\\/music-therapy\\\/#breadcrumb\"},\"inLanguage\":\"fr-FR\",\"potentialAction\":[{\"@type\":\"ReadAction\",\"target\":[\"https:\\\/\\\/neoqi.com\\\/ru\\\/how-it-works\\\/functions\\\/music-therapy\\\/\"]}]},{\"@type\":\"BreadcrumbList\",\"@id\":\"https:\\\/\\\/neoqi.com\\\/ru\\\/how-it-works\\\/functions\\\/music-therapy\\\/#breadcrumb\",\"itemListElement\":[{\"@type\":\"ListItem\",\"position\":1,\"name\":\"Home\",\"item\":\"https:\\\/\\\/neoqi.com\\\/\"},{\"@type\":\"ListItem\",\"position\":2,\"name\":\"How it Works\",\"item\":\"https:\\\/\\\/neoqi.com\\\/ru\\\/how-it-works\\\/\"},{\"@type\":\"ListItem\",\"position\":3,\"name\":\"Functions\",\"item\":\"https:\\\/\\\/neoqi.com\\\/ru\\\/how-it-works\\\/functions\\\/\"},{\"@type\":\"ListItem\",\"position\":4,\"name\":\"Music therapy\"}]},{\"@type\":\"WebSite\",\"@id\":\"https:\\\/\\\/neoqi.com\\\/#website\",\"url\":\"https:\\\/\\\/neoqi.com\\\/\",\"name\":\"NEOQI\",\"description\":\"Experience Ultimate Wellness and Relaxation with NeoQi Spa Capsule: Your Path to Rejuvenation\",\"publisher\":{\"@id\":\"https:\\\/\\\/neoqi.com\\\/#organization\"},\"potentialAction\":[{\"@type\":\"SearchAction\",\"target\":{\"@type\":\"EntryPoint\",\"urlTemplate\":\"https:\\\/\\\/neoqi.com\\\/?s={search_term_string}\"},\"query-input\":{\"@type\":\"PropertyValueSpecification\",\"valueRequired\":true,\"valueName\":\"search_term_string\"}}],\"inLanguage\":\"fr-FR\"},{\"@type\":\"Organization\",\"@id\":\"https:\\\/\\\/neoqi.com\\\/#organization\",\"name\":\"NEOQI\",\"url\":\"https:\\\/\\\/neoqi.com\\\/\",\"logo\":{\"@type\":\"ImageObject\",\"inLanguage\":\"fr-FR\",\"@id\":\"https:\\\/\\\/neoqi.com\\\/#\\\/schema\\\/logo\\\/image\\\/\",\"url\":\"https:\\\/\\\/neoqi.com\\\/wp-content\\\/uploads\\\/2024\\\/09\\\/logoneosvg.svg\",\"contentUrl\":\"https:\\\/\\\/neoqi.com\\\/wp-content\\\/uploads\\\/2024\\\/09\\\/logoneosvg.svg\",\"width\":1,\"height\":1,\"caption\":\"NEOQI\"},\"image\":{\"@id\":\"https:\\\/\\\/neoqi.com\\\/#\\\/schema\\\/logo\\\/image\\\/\"},\"sameAs\":[\"https:\\\/\\\/www.facebook.com\\\/neoqi\\\/\",\"https:\\\/\\\/www.instagram.com\\\/neoqi_com\\\/\"]}]}<\/script>\n<!-- \/ Yoast SEO plugin. -->","yoast_head_json":{"title":"Music therapy - NEOQI","robots":{"index":"index","follow":"follow","max-snippet":"max-snippet:-1","max-image-preview":"max-image-preview:large","max-video-preview":"max-video-preview:-1"},"canonical":"https:\/\/neoqi.com\/fr\/how-it-works\/functions\/music-therapy\/","og_locale":"fr_FR","og_type":"article","og_title":"Music therapy - NEOQI","og_description":"Music therapy, one of the oldest and natural forms of correction of emotional states, is defined broadly as the use of music in the treatment of people who have problems of a mental, physical, and\/or emotional nature. Music therapy was officially recognized in Europe in 19th century by leading doctors and is still nowadays a [&hellip;]","og_url":"https:\/\/neoqi.com\/fr\/how-it-works\/functions\/music-therapy\/","og_site_name":"NEOQI","article_publisher":"https:\/\/www.facebook.com\/neoqi\/","twitter_card":"summary_large_image","twitter_misc":{"Dur\u00e9e de lecture estim\u00e9e":"2 minutes"},"schema":{"@context":"https:\/\/schema.org","@graph":[{"@type":"WebPage","@id":"https:\/\/neoqi.com\/ru\/how-it-works\/functions\/music-therapy\/","url":"https:\/\/neoqi.com\/ru\/how-it-works\/functions\/music-therapy\/","name":"Music therapy - NEOQI","isPartOf":{"@id":"https:\/\/neoqi.com\/#website"},"datePublished":"2024-09-06T17:50:08+00:00","breadcrumb":{"@id":"https:\/\/neoqi.com\/ru\/how-it-works\/functions\/music-therapy\/#breadcrumb"},"inLanguage":"fr-FR","potentialAction":[{"@type":"ReadAction","target":["https:\/\/neoqi.com\/ru\/how-it-works\/functions\/music-therapy\/"]}]},{"@type":"BreadcrumbList","@id":"https:\/\/neoqi.com\/ru\/how-it-works\/functions\/music-therapy\/#breadcrumb","itemListElement":[{"@type":"ListItem","position":1,"name":"Home","item":"https:\/\/neoqi.com\/"},{"@type":"ListItem","position":2,"name":"How it Works","item":"https:\/\/neoqi.com\/ru\/how-it-works\/"},{"@type":"ListItem","position":3,"name":"Functions","item":"https:\/\/neoqi.com\/ru\/how-it-works\/functions\/"},{"@type":"ListItem","position":4,"name":"Music therapy"}]},{"@type":"WebSite","@id":"https:\/\/neoqi.com\/#website","url":"https:\/\/neoqi.com\/","name":"NEOQI","description":"Faites l'exp\u00e9rience du bien-\u00eatre et de la relaxation ultimes avec NeoQi Spa Capsule : Votre chemin vers le rajeunissement","publisher":{"@id":"https:\/\/neoqi.com\/#organization"},"potentialAction":[{"@type":"SearchAction","target":{"@type":"EntryPoint","urlTemplate":"https:\/\/neoqi.com\/?s={search_term_string}"},"query-input":{"@type":"PropertyValueSpecification","valueRequired":true,"valueName":"search_term_string"}}],"inLanguage":"fr-FR"},{"@type":"Organization","@id":"https:\/\/neoqi.com\/#organization","name":"NEOQI","url":"https:\/\/neoqi.com\/","logo":{"@type":"ImageObject","inLanguage":"fr-FR","@id":"https:\/\/neoqi.com\/#\/schema\/logo\/image\/","url":"https:\/\/neoqi.com\/wp-content\/uploads\/2024\/09\/logoneosvg.svg","contentUrl":"https:\/\/neoqi.com\/wp-content\/uploads\/2024\/09\/logoneosvg.svg","width":1,"height":1,"caption":"NEOQI"},"image":{"@id":"https:\/\/neoqi.com\/#\/schema\/logo\/image\/"},"sameAs":["https:\/\/www.facebook.com\/neoqi\/","https:\/\/www.instagram.com\/neoqi_com\/"]}]}},"_links":{"self":[{"href":"https:\/\/neoqi.com\/fr\/wp-json\/wp\/v2\/pages\/1971","targetHints":{"allow":["GET"]}}],"collection":[{"href":"https:\/\/neoqi.com\/fr\/wp-json\/wp\/v2\/pages"}],"about":[{"href":"https:\/\/neoqi.com\/fr\/wp-json\/wp\/v2\/types\/page"}],"author":[{"embeddable":true,"href":"https:\/\/neoqi.com\/fr\/wp-json\/wp\/v2\/users\/3"}],"replies":[{"embeddable":true,"href":"https:\/\/neoqi.com\/fr\/wp-json\/wp\/v2\/comments?post=1971"}],"version-history":[{"count":1,"href":"https:\/\/neoqi.com\/fr\/wp-json\/wp\/v2\/pages\/1971\/revisions"}],"predecessor-version":[{"id":1972,"href":"https:\/\/neoqi.com\/fr\/wp-json\/wp\/v2\/pages\/1971\/revisions\/1972"}],"up":[{"embeddable":true,"href":"https:\/\/neoqi.com\/fr\/wp-json\/wp\/v2\/pages\/1965"}],"wp:attachment":[{"href":"https:\/\/neoqi.com\/fr\/wp-json\/wp\/v2\/media?parent=1971"}],"curies":[{"name":"wp","href":"https:\/\/api.w.org\/{rel}","templated":true}]}}