{"id":1997,"date":"2024-09-06T21:00:28","date_gmt":"2024-09-06T18:00:28","guid":{"rendered":"http:\/\/neoqi.com\/?page_id=1997"},"modified":"2024-09-06T21:00:28","modified_gmt":"2024-09-06T18:00:28","slug":"facials","status":"publish","type":"page","link":"https:\/\/neoqi.com\/fr\/how-it-works\/treatment-programs\/facials\/","title":{"rendered":"Soins du visage"},"content":{"rendered":"<p>Mini Facial - 12-20 min* pendant le soin du corps dans le cocon \u00e9nerg\u00e9tique NeoQi<\/p>\n<p>* Les traitements faciaux de courte dur\u00e9e peuvent \u00eatre effectu\u00e9s sans phase de masque.<\/p>\n<p>B\u00e9n\u00e9fices : soin du visage \u00e0 combiner avec les soins du corps, nettoie et hydrate l'\u00e9piderme en peu de temps, nourrit et rajeunit, cr\u00e9e un effet de lifting, tonifie la peau, favorise la r\u00e9g\u00e9n\u00e9ration des cellules, procure un effet anti-\u00e2ge.<\/p>\n<p>Pr\u00e9paration au traitement :<\/p>\n<p>pr\u00e9parer un bol avec de l'eau ti\u00e8de ou chaude, ajouter 1 \u00e0 2 gouttes d'huile essentielle d'ar\u00f4me relaxant ;<br \/>\ntremper 2 petites serviettes dans un bol.<\/p>\n<p>Produits n\u00e9cessaires :<\/p>\n<p>Huile aromatique essentielle.<br \/>\nD\u00e9maquillant (lait, gel).<br \/>\nPeeling\/scrub.<br \/>\nLotion tonique.<br \/>\nMasque de beaut\u00e9*.<br \/>\nFinalisation du produit (cr\u00e8me, lotion, lait, huile).<\/p>\n<p>Avant le traitement :<\/p>\n<p>v\u00e9rifier les besoins et les souhaits du client ;<br \/>\nexpliquer le d\u00e9roulement du traitement ;<br \/>\ninformer le client des contre-indications au traitement (voir page s\u00e9par\u00e9e).<\/p>\n<p>La s\u00e9quence du traitement :<\/p>\n<p>NETTOYAGE - 2-3 minutes :<\/p>\n<p>Appliquer le lait d\u00e9maquillant par de l\u00e9gers mouvements circulaires sur le visage et le cou ;<br \/>\nRetirer avec des serviettes chaudes. R\u00e9p\u00e9ter 2 fois.<\/p>\n<p>PELER 3-4 minutes :<\/p>\n<p>Appliquer une fine couche de peeling sur le visage et le cou. Exfolier d\u00e9licatement par de l\u00e9gers massages circulaires en \u00e9vitant le contour des yeux ;<br \/>\nRetirez les serviettes chaudes, 2 fois. S\u00e9cher l'exc\u00e8s d'eau sur le visage avec un mouchoir en papier ;<br \/>\nVersez la lotion sur un coton et appliquez-la sur le visage et le cou.<\/p>\n<p>MASQUE 10-12 minutes * :<\/p>\n<p>Appliquer une fine couche de masque sur le visage et le cou. Appliquer des cotons imbib\u00e9s de tonique sur les yeux. Laisser agir pendant 10 minutes ;<br \/>\nEn fonction du masque facial, effectuer si possible un l\u00e9ger massage du visage ;<br \/>\nRetirez les serviettes chaudes, 2 fois. S\u00e9cher l'exc\u00e8s d'eau sur le visage avec un mouchoir en papier ;<br \/>\nVersez la lotion sur un coton et appliquez-la sur le visage et le cou.<\/p>\n<p>FINALIZE 1-2 minutes :<\/p>\n<p>Appliquer la cr\u00e8me hydratante en effectuant de l\u00e9gers mouvements de massage sur le visage et le cou.<\/p>\n<p>Il est recommand\u00e9 d'effectuer un soin du visage lors de chaque soin du corps.<\/p>\n<p>Nous recommandons de combiner les traitements NeoQi\u00ae avec les cosm\u00e9tiques marins professionnels EST\u00ed.<\/p>","protected":false},"excerpt":{"rendered":"<p>Mini Facial \u2013 12-20 min* during body care treatment in NeoQi\u00ae energy cocoon * Short facial treatments can be carried out without Mask phase. Benefits: face care that should be combined with body care treatments, in a short period of time cleanses and hydrates epidermis, nourishes and rejuvenates, creates effect of lifting, tones skin, promotes [&hellip;]<\/p>\n","protected":false},"author":3,"featured_media":0,"parent":1957,"menu_order":0,"comment_status":"closed","ping_status":"closed","template":"","meta":{"_acf_changed":false,"site-sidebar-layout":"default","site-content-layout":"","ast-site-content-layout":"default","site-content-style":"default","site-sidebar-style":"default","ast-global-header-display":"","ast-banner-title-visibility":"","ast-main-header-display":"","ast-hfb-above-header-display":"","ast-hfb-below-header-display":"","ast-hfb-mobile-header-display":"","site-post-title":"","ast-breadcrumbs-content":"","ast-featured-img":"","footer-sml-layout":"","ast-disable-related-posts":"","theme-transparent-header-meta":"default","adv-header-id-meta":"","stick-header-meta":"","header-above-stick-meta":"","header-main-stick-meta":"","header-below-stick-meta":"","astra-migrate-meta-layouts":"set","ast-page-background-enabled":"default","ast-page-background-meta":{"desktop":{"background-color":"var(--ast-global-color-4)","background-image":"","background-repeat":"repeat","background-position":"center center","background-size":"auto","background-attachment":"scroll","background-type":"","background-media":"","overlay-type":"","overlay-color":"","overlay-opacity":"","overlay-gradient":""},"tablet":{"background-color":"","background-image":"","background-repeat":"repeat","background-position":"center center","background-size":"auto","background-attachment":"scroll","background-type":"","background-media":"","overlay-type":"","overlay-color":"","overlay-opacity":"","overlay-gradient":""},"mobile":{"background-color":"","background-image":"","background-repeat":"repeat","background-position":"center center","background-size":"auto","background-attachment":"scroll","background-type":"","background-media":"","overlay-type":"","overlay-color":"","overlay-opacity":"","overlay-gradient":""}},"ast-content-background-meta":{"desktop":{"background-color":"var(--ast-global-color-5)","background-image":"","background-repeat":"repeat","background-position":"center center","background-size":"auto","background-attachment":"scroll","background-type":"","background-media":"","overlay-type":"","overlay-color":"","overlay-opacity":"","overlay-gradient":""},"tablet":{"background-color":"var(--ast-global-color-5)","background-image":"","background-repeat":"repeat","background-position":"center center","background-size":"auto","background-attachment":"scroll","background-type":"","background-media":"","overlay-type":"","overlay-color":"","overlay-opacity":"","overlay-gradient":""},"mobile":{"background-color":"var(--ast-global-color-5)","background-image":"","background-repeat":"repeat","background-position":"center center","background-size":"auto","background-attachment":"scroll","background-type":"","background-media":"","overlay-type":"","overlay-color":"","overlay-opacity":"","overlay-gradient":""}},"footnotes":""},"class_list":["post-1997","page","type-page","status-publish","hentry"],"acf":[],"yoast_head":"<!-- This site is optimized with the Yoast SEO plugin v27.3 - https:\/\/yoast.com\/product\/yoast-seo-wordpress\/ -->\n<title>Facials - NEOQI<\/title>\n<meta name=\"robots\" content=\"index, follow, max-snippet:-1, max-image-preview:large, max-video-preview:-1\" \/>\n<link rel=\"canonical\" href=\"https:\/\/neoqi.com\/fr\/how-it-works\/treatment-programs\/facials\/\" \/>\n<meta property=\"og:locale\" content=\"fr_FR\" \/>\n<meta property=\"og:type\" content=\"article\" \/>\n<meta property=\"og:title\" content=\"Facials - NEOQI\" \/>\n<meta property=\"og:description\" content=\"Mini Facial \u2013 12-20 min* during body care treatment in NeoQi\u00ae energy cocoon * Short facial treatments can be carried out without Mask phase. Benefits: face care that should be combined with body care treatments, in a short period of time cleanses and hydrates epidermis, nourishes and rejuvenates, creates effect of lifting, tones skin, promotes [&hellip;]\" \/>\n<meta property=\"og:url\" content=\"https:\/\/neoqi.com\/fr\/how-it-works\/treatment-programs\/facials\/\" \/>\n<meta property=\"og:site_name\" content=\"NEOQI\" \/>\n<meta property=\"article:publisher\" content=\"https:\/\/www.facebook.com\/neoqi\/\" \/>\n<meta name=\"twitter:card\" content=\"summary_large_image\" \/>\n<meta name=\"twitter:label1\" content=\"Dur\u00e9e de lecture estim\u00e9e\" \/>\n\t<meta name=\"twitter:data1\" content=\"2 minutes\" \/>\n<script type=\"application\/ld+json\" class=\"yoast-schema-graph\">{\"@context\":\"https:\\\/\\\/schema.org\",\"@graph\":[{\"@type\":\"WebPage\",\"@id\":\"https:\\\/\\\/neoqi.com\\\/how-it-works\\\/treatment-programs\\\/facials\\\/\",\"url\":\"https:\\\/\\\/neoqi.com\\\/how-it-works\\\/treatment-programs\\\/facials\\\/\",\"name\":\"Facials - NEOQI\",\"isPartOf\":{\"@id\":\"https:\\\/\\\/neoqi.com\\\/#website\"},\"datePublished\":\"2024-09-06T18:00:28+00:00\",\"breadcrumb\":{\"@id\":\"https:\\\/\\\/neoqi.com\\\/how-it-works\\\/treatment-programs\\\/facials\\\/#breadcrumb\"},\"inLanguage\":\"fr-FR\",\"potentialAction\":[{\"@type\":\"ReadAction\",\"target\":[\"https:\\\/\\\/neoqi.com\\\/how-it-works\\\/treatment-programs\\\/facials\\\/\"]}]},{\"@type\":\"BreadcrumbList\",\"@id\":\"https:\\\/\\\/neoqi.com\\\/how-it-works\\\/treatment-programs\\\/facials\\\/#breadcrumb\",\"itemListElement\":[{\"@type\":\"ListItem\",\"position\":1,\"name\":\"Home\",\"item\":\"https:\\\/\\\/neoqi.com\\\/\"},{\"@type\":\"ListItem\",\"position\":2,\"name\":\"How it Works\",\"item\":\"https:\\\/\\\/neoqi.com\\\/ru\\\/how-it-works\\\/\"},{\"@type\":\"ListItem\",\"position\":3,\"name\":\"Treatment Programs\",\"item\":\"https:\\\/\\\/neoqi.com\\\/how-it-works\\\/treatment-programs\\\/\"},{\"@type\":\"ListItem\",\"position\":4,\"name\":\"Facials\"}]},{\"@type\":\"WebSite\",\"@id\":\"https:\\\/\\\/neoqi.com\\\/#website\",\"url\":\"https:\\\/\\\/neoqi.com\\\/\",\"name\":\"NEOQI\",\"description\":\"Experience Ultimate Wellness and Relaxation with NeoQi Spa Capsule: Your Path to Rejuvenation\",\"publisher\":{\"@id\":\"https:\\\/\\\/neoqi.com\\\/#organization\"},\"potentialAction\":[{\"@type\":\"SearchAction\",\"target\":{\"@type\":\"EntryPoint\",\"urlTemplate\":\"https:\\\/\\\/neoqi.com\\\/?s={search_term_string}\"},\"query-input\":{\"@type\":\"PropertyValueSpecification\",\"valueRequired\":true,\"valueName\":\"search_term_string\"}}],\"inLanguage\":\"fr-FR\"},{\"@type\":\"Organization\",\"@id\":\"https:\\\/\\\/neoqi.com\\\/#organization\",\"name\":\"NEOQI\",\"url\":\"https:\\\/\\\/neoqi.com\\\/\",\"logo\":{\"@type\":\"ImageObject\",\"inLanguage\":\"fr-FR\",\"@id\":\"https:\\\/\\\/neoqi.com\\\/#\\\/schema\\\/logo\\\/image\\\/\",\"url\":\"https:\\\/\\\/neoqi.com\\\/wp-content\\\/uploads\\\/2024\\\/09\\\/logoneosvg.svg\",\"contentUrl\":\"https:\\\/\\\/neoqi.com\\\/wp-content\\\/uploads\\\/2024\\\/09\\\/logoneosvg.svg\",\"width\":1,\"height\":1,\"caption\":\"NEOQI\"},\"image\":{\"@id\":\"https:\\\/\\\/neoqi.com\\\/#\\\/schema\\\/logo\\\/image\\\/\"},\"sameAs\":[\"https:\\\/\\\/www.facebook.com\\\/neoqi\\\/\",\"https:\\\/\\\/www.instagram.com\\\/neoqi_com\\\/\"]}]}<\/script>\n<!-- \/ Yoast SEO plugin. -->","yoast_head_json":{"title":"Facials - NEOQI","robots":{"index":"index","follow":"follow","max-snippet":"max-snippet:-1","max-image-preview":"max-image-preview:large","max-video-preview":"max-video-preview:-1"},"canonical":"https:\/\/neoqi.com\/fr\/how-it-works\/treatment-programs\/facials\/","og_locale":"fr_FR","og_type":"article","og_title":"Facials - NEOQI","og_description":"Mini Facial \u2013 12-20 min* during body care treatment in NeoQi\u00ae energy cocoon * Short facial treatments can be carried out without Mask phase. Benefits: face care that should be combined with body care treatments, in a short period of time cleanses and hydrates epidermis, nourishes and rejuvenates, creates effect of lifting, tones skin, promotes [&hellip;]","og_url":"https:\/\/neoqi.com\/fr\/how-it-works\/treatment-programs\/facials\/","og_site_name":"NEOQI","article_publisher":"https:\/\/www.facebook.com\/neoqi\/","twitter_card":"summary_large_image","twitter_misc":{"Dur\u00e9e de lecture estim\u00e9e":"2 minutes"},"schema":{"@context":"https:\/\/schema.org","@graph":[{"@type":"WebPage","@id":"https:\/\/neoqi.com\/how-it-works\/treatment-programs\/facials\/","url":"https:\/\/neoqi.com\/how-it-works\/treatment-programs\/facials\/","name":"Facials - NEOQI","isPartOf":{"@id":"https:\/\/neoqi.com\/#website"},"datePublished":"2024-09-06T18:00:28+00:00","breadcrumb":{"@id":"https:\/\/neoqi.com\/how-it-works\/treatment-programs\/facials\/#breadcrumb"},"inLanguage":"fr-FR","potentialAction":[{"@type":"ReadAction","target":["https:\/\/neoqi.com\/how-it-works\/treatment-programs\/facials\/"]}]},{"@type":"BreadcrumbList","@id":"https:\/\/neoqi.com\/how-it-works\/treatment-programs\/facials\/#breadcrumb","itemListElement":[{"@type":"ListItem","position":1,"name":"Home","item":"https:\/\/neoqi.com\/"},{"@type":"ListItem","position":2,"name":"How it Works","item":"https:\/\/neoqi.com\/ru\/how-it-works\/"},{"@type":"ListItem","position":3,"name":"Treatment Programs","item":"https:\/\/neoqi.com\/how-it-works\/treatment-programs\/"},{"@type":"ListItem","position":4,"name":"Facials"}]},{"@type":"WebSite","@id":"https:\/\/neoqi.com\/#website","url":"https:\/\/neoqi.com\/","name":"NEOQI","description":"Faites l'exp\u00e9rience du bien-\u00eatre et de la relaxation ultimes avec NeoQi Spa Capsule : Votre chemin vers le rajeunissement","publisher":{"@id":"https:\/\/neoqi.com\/#organization"},"potentialAction":[{"@type":"SearchAction","target":{"@type":"EntryPoint","urlTemplate":"https:\/\/neoqi.com\/?s={search_term_string}"},"query-input":{"@type":"PropertyValueSpecification","valueRequired":true,"valueName":"search_term_string"}}],"inLanguage":"fr-FR"},{"@type":"Organization","@id":"https:\/\/neoqi.com\/#organization","name":"NEOQI","url":"https:\/\/neoqi.com\/","logo":{"@type":"ImageObject","inLanguage":"fr-FR","@id":"https:\/\/neoqi.com\/#\/schema\/logo\/image\/","url":"https:\/\/neoqi.com\/wp-content\/uploads\/2024\/09\/logoneosvg.svg","contentUrl":"https:\/\/neoqi.com\/wp-content\/uploads\/2024\/09\/logoneosvg.svg","width":1,"height":1,"caption":"NEOQI"},"image":{"@id":"https:\/\/neoqi.com\/#\/schema\/logo\/image\/"},"sameAs":["https:\/\/www.facebook.com\/neoqi\/","https:\/\/www.instagram.com\/neoqi_com\/"]}]}},"_links":{"self":[{"href":"https:\/\/neoqi.com\/fr\/wp-json\/wp\/v2\/pages\/1997","targetHints":{"allow":["GET"]}}],"collection":[{"href":"https:\/\/neoqi.com\/fr\/wp-json\/wp\/v2\/pages"}],"about":[{"href":"https:\/\/neoqi.com\/fr\/wp-json\/wp\/v2\/types\/page"}],"author":[{"embeddable":true,"href":"https:\/\/neoqi.com\/fr\/wp-json\/wp\/v2\/users\/3"}],"replies":[{"embeddable":true,"href":"https:\/\/neoqi.com\/fr\/wp-json\/wp\/v2\/comments?post=1997"}],"version-history":[{"count":1,"href":"https:\/\/neoqi.com\/fr\/wp-json\/wp\/v2\/pages\/1997\/revisions"}],"predecessor-version":[{"id":1998,"href":"https:\/\/neoqi.com\/fr\/wp-json\/wp\/v2\/pages\/1997\/revisions\/1998"}],"up":[{"embeddable":true,"href":"https:\/\/neoqi.com\/fr\/wp-json\/wp\/v2\/pages\/1957"}],"wp:attachment":[{"href":"https:\/\/neoqi.com\/fr\/wp-json\/wp\/v2\/media?parent=1997"}],"curies":[{"name":"wp","href":"https:\/\/api.w.org\/{rel}","templated":true}]}}