{"id":1999,"date":"2024-09-06T21:01:09","date_gmt":"2024-09-06T18:01:09","guid":{"rendered":"http:\/\/neoqi.com\/?page_id=1999"},"modified":"2024-09-06T21:01:09","modified_gmt":"2024-09-06T18:01:09","slug":"hydrotherapy-with-wrap","status":"publish","type":"page","link":"https:\/\/neoqi.com\/fr\/how-it-works\/treatment-programs\/hydrotherapy-with-wrap\/","title":{"rendered":"Hydroth\u00e9rapie avec enveloppement"},"content":{"rendered":"<p>Hydroth\u00e9rapie avec enveloppement - 60-80 min*<\/p>\n<p>* ne comprend pas le temps pass\u00e9 \u00e0 pr\u00e9parer le cocon pour le traitement et \u00e0 le nettoyer apr\u00e8s le traitement.<\/p>\n<p>Avantages : Programme efficace pour la perte de poids et la correction de la silhouette, stimule le m\u00e9tabolisme, am\u00e9liore donc largement le processus de lipolyse (processus de combustion des graisses exc\u00e9dentaires) et \u00e9limine les toxines, l'exc\u00e8s de liquide ; stimule le syst\u00e8me cardio-vasculaire, augmente la fermet\u00e9 de la peau et r\u00e9duit l'app\u00e9tit.<\/p>\n<p>Pr\u00e9paration au traitement :<\/p>\n<p>Remplir la baignoire d'eau (temp\u00e9rature - 36-38\u00b0\u0421).<br \/>\nAjoutez la quantit\u00e9 n\u00e9cessaire de gouttes d'huile essentielle dans l'eau.<br \/>\nPr\u00e9parer le diffuseur d'ar\u00f4mes en y ajoutant la quantit\u00e9 n\u00e9cessaire de gouttes d'huile essentielle.<br \/>\nAllumez la musique et les lumi\u00e8res LED qui favorisent la relaxation.<\/p>\n<p>Les couleurs de la chromoth\u00e9rapie<\/p>\n<p>Stimulant : Rouge, Orange, Jaune, Blanc.<\/p>\n<p>Relaxant : Vert, bleu, violet, blanc.<\/p>\n<p>Vibrations<\/p>\n<p>Stimulant : moyennement rapide.<\/p>\n<p>Relaxant : ondes lentes.<\/p>\n<p>Produits n\u00e9cessaires : huile essentielle, gommage, enveloppement, produit de finition (cr\u00e8me, lotion, lait, huile).<\/p>\n<p>Avant le traitement :<\/p>\n<p>v\u00e9rifier les besoins et les souhaits du client ;<br \/>\nexpliquer le d\u00e9roulement du traitement ;<br \/>\ninformer le client des contre-indications au traitement (voir page s\u00e9par\u00e9e).<\/p>\n<p>La s\u00e9quence du traitement :<\/p>\n<p>HYDROBAT - 10-15 minutes :<\/p>\n<p>Demandez \u00e0 votre client de s'immerger dans l'eau. Allumez :<br \/>\n- la chromoth\u00e9rapie ;<\/p>\n<p>- hydromassage ;<\/p>\n<p>- massage \u00e0 bulles d'air.<\/p>\n<p>Il est \u00e9galement possible d'effectuer des massages sous-marins de courte dur\u00e9e.<\/p>\n<p>\u00c0 la fin du temps imparti, aidez votre client \u00e0 sortir du bain. Placez une table de traitement vibrante au-dessus de la baignoire et demandez \u00e0 votre client de s'y allonger.<\/p>\n<p>PEELING - 10-15 minutes :<\/p>\n<p>S\u00e9cher la peau en tapotant pour \u00e9liminer l'exc\u00e8s d'eau ; exfolier soigneusement tout le corps. Fermez la hotte et allumez-la :<br \/>\n- vapeur + sauna infrarouge (le choix de la temp\u00e9rature est individuel) ;<\/p>\n<p>- vibration (le mode de vibration lente et r\u00e9guli\u00e8re est choisi) ;<\/p>\n<p>- la chromoth\u00e9rapie ;<\/p>\n<p>- ventilateur de face.<\/p>\n<p>Pr\u00e9parer l'enveloppement - le chauffer \u00e0 une temp\u00e9rature confortable.<\/p>\n<p>DOUCHE VICHY - 3-5 minutes :<\/p>\n<p>D\u00e9sactiver les fonctions infrarouge, sauna \u00e0 vapeur et massage vibrant.<br \/>\nUtiliser la douche Vichy pour rincer le gommage ;<br \/>\nOuvrez le capot et s\u00e9chez la peau en la tapotant.<\/p>\n<p>Enveloppement corporel - 15-25 minutes :<\/p>\n<p>A l'aide des mains ou d'un pinceau, appliquer imm\u00e9diatement une couche uniforme de masque sur l'ensemble du corps, fermer le capot et mettre en marche :<br \/>\n- vapeur + sauna infrarouge (le choix de la temp\u00e9rature est individuel) ;<\/p>\n<p>- vibration (le mode de vibration lente et r\u00e9guli\u00e8re est choisi) ;<\/p>\n<p>- la chromoth\u00e9rapie ;<\/p>\n<p>- ventilateur de face.<\/p>\n<p>DOUCHE VICHY - 3-5 minutes :<\/p>\n<p>A la fin de la s\u00e9ance, \u00e9teindre les fonctions infrarouge et vapeur du sauna ; se rincer avec la douche Vichy ou la douchette (si n\u00e9cessaire, utiliser \u00e9galement la douchette pour se laver) ;<br \/>\nOuvrez le capot et s\u00e9chez la peau en la tapotant.<\/p>\n<p>Aidez votre client \u00e0 se lever pour se s\u00e9cher la peau, offrez-lui un peignoir et la possibilit\u00e9 de se reposer. Pendant ce temps, pr\u00e9parez la table pour l'application du massage.<\/p>\n<p>MASSAGE - 15 \u00e0 20 minutes :<\/p>\n<p>Demandez \u00e0 votre client de s'allonger sur la table. Appliquez le produit de finition par de l\u00e9gers mouvements de massage en respectant les fibres musculaires.<br \/>\nMettre des pantoufles aux pieds du client et l'aider \u00e0 se lever.<\/p>\n<p>\u00c0 la fin du traitement, offrez \u00e0 votre client la possibilit\u00e9 de se d\u00e9tendre.<\/p>\n<p>Il est recommand\u00e9 d'effectuer 1 \u00e0 2 traitements par semaine, soit une s\u00e9rie de 8 \u00e0 15 traitements.<\/p>\n<p>Il est recommand\u00e9 d'effectuer \u00e9galement un soin du visage lors de chaque soin corporel.<\/p>\n<p>Nous recommandons de combiner les traitements NeoQi\u00ae avec les cosm\u00e9tiques marins professionnels EST\u00ed.<\/p>","protected":false},"excerpt":{"rendered":"<p>Hydrotherapy with Body Wrap \u2013 60-80 min* * does not include the time spent on preparing the cocoon for the treatment and cleaning after the treatment. Benefits: Effective program for weight loss and silhouette correction, stimulates metabolism, therefore largely improves lipolysis process (process of burning excess fat) and eliminates toxins, excessive fluid; stimulates cardio-vascular system, [&hellip;]<\/p>\n","protected":false},"author":3,"featured_media":0,"parent":1957,"menu_order":0,"comment_status":"closed","ping_status":"closed","template":"","meta":{"_acf_changed":false,"site-sidebar-layout":"default","site-content-layout":"","ast-site-content-layout":"default","site-content-style":"default","site-sidebar-style":"default","ast-global-header-display":"","ast-banner-title-visibility":"","ast-main-header-display":"","ast-hfb-above-header-display":"","ast-hfb-below-header-display":"","ast-hfb-mobile-header-display":"","site-post-title":"","ast-breadcrumbs-content":"","ast-featured-img":"","footer-sml-layout":"","ast-disable-related-posts":"","theme-transparent-header-meta":"default","adv-header-id-meta":"","stick-header-meta":"","header-above-stick-meta":"","header-main-stick-meta":"","header-below-stick-meta":"","astra-migrate-meta-layouts":"set","ast-page-background-enabled":"default","ast-page-background-meta":{"desktop":{"background-color":"var(--ast-global-color-4)","background-image":"","background-repeat":"repeat","background-position":"center center","background-size":"auto","background-attachment":"scroll","background-type":"","background-media":"","overlay-type":"","overlay-color":"","overlay-opacity":"","overlay-gradient":""},"tablet":{"background-color":"","background-image":"","background-repeat":"repeat","background-position":"center center","background-size":"auto","background-attachment":"scroll","background-type":"","background-media":"","overlay-type":"","overlay-color":"","overlay-opacity":"","overlay-gradient":""},"mobile":{"background-color":"","background-image":"","background-repeat":"repeat","background-position":"center center","background-size":"auto","background-attachment":"scroll","background-type":"","background-media":"","overlay-type":"","overlay-color":"","overlay-opacity":"","overlay-gradient":""}},"ast-content-background-meta":{"desktop":{"background-color":"var(--ast-global-color-5)","background-image":"","background-repeat":"repeat","background-position":"center center","background-size":"auto","background-attachment":"scroll","background-type":"","background-media":"","overlay-type":"","overlay-color":"","overlay-opacity":"","overlay-gradient":""},"tablet":{"background-color":"var(--ast-global-color-5)","background-image":"","background-repeat":"repeat","background-position":"center center","background-size":"auto","background-attachment":"scroll","background-type":"","background-media":"","overlay-type":"","overlay-color":"","overlay-opacity":"","overlay-gradient":""},"mobile":{"background-color":"var(--ast-global-color-5)","background-image":"","background-repeat":"repeat","background-position":"center center","background-size":"auto","background-attachment":"scroll","background-type":"","background-media":"","overlay-type":"","overlay-color":"","overlay-opacity":"","overlay-gradient":""}},"footnotes":""},"class_list":["post-1999","page","type-page","status-publish","hentry"],"acf":[],"yoast_head":"<!-- This site is optimized with the Yoast SEO plugin v27.3 - https:\/\/yoast.com\/product\/yoast-seo-wordpress\/ -->\n<title>Hydrotherapy with wrap - NEOQI<\/title>\n<meta name=\"robots\" content=\"index, follow, max-snippet:-1, max-image-preview:large, max-video-preview:-1\" \/>\n<link rel=\"canonical\" href=\"https:\/\/neoqi.com\/fr\/how-it-works\/treatment-programs\/hydrotherapy-with-wrap\/\" \/>\n<meta property=\"og:locale\" content=\"fr_FR\" \/>\n<meta property=\"og:type\" content=\"article\" \/>\n<meta property=\"og:title\" content=\"Hydrotherapy with wrap - NEOQI\" \/>\n<meta property=\"og:description\" content=\"Hydrotherapy with Body Wrap \u2013 60-80 min* * does not include the time spent on preparing the cocoon for the treatment and cleaning after the treatment. Benefits: Effective program for weight loss and silhouette correction, stimulates metabolism, therefore largely improves lipolysis process (process of burning excess fat) and eliminates toxins, excessive fluid; stimulates cardio-vascular system, [&hellip;]\" \/>\n<meta property=\"og:url\" content=\"https:\/\/neoqi.com\/fr\/how-it-works\/treatment-programs\/hydrotherapy-with-wrap\/\" \/>\n<meta property=\"og:site_name\" content=\"NEOQI\" \/>\n<meta property=\"article:publisher\" content=\"https:\/\/www.facebook.com\/neoqi\/\" \/>\n<meta name=\"twitter:card\" content=\"summary_large_image\" \/>\n<meta name=\"twitter:label1\" content=\"Dur\u00e9e de lecture estim\u00e9e\" \/>\n\t<meta name=\"twitter:data1\" content=\"3 minutes\" \/>\n<script type=\"application\/ld+json\" class=\"yoast-schema-graph\">{\"@context\":\"https:\\\/\\\/schema.org\",\"@graph\":[{\"@type\":\"WebPage\",\"@id\":\"https:\\\/\\\/neoqi.com\\\/how-it-works\\\/treatment-programs\\\/hydrotherapy-with-wrap\\\/\",\"url\":\"https:\\\/\\\/neoqi.com\\\/how-it-works\\\/treatment-programs\\\/hydrotherapy-with-wrap\\\/\",\"name\":\"Hydrotherapy with wrap - NEOQI\",\"isPartOf\":{\"@id\":\"https:\\\/\\\/neoqi.com\\\/#website\"},\"datePublished\":\"2024-09-06T18:01:09+00:00\",\"breadcrumb\":{\"@id\":\"https:\\\/\\\/neoqi.com\\\/how-it-works\\\/treatment-programs\\\/hydrotherapy-with-wrap\\\/#breadcrumb\"},\"inLanguage\":\"fr-FR\",\"potentialAction\":[{\"@type\":\"ReadAction\",\"target\":[\"https:\\\/\\\/neoqi.com\\\/how-it-works\\\/treatment-programs\\\/hydrotherapy-with-wrap\\\/\"]}]},{\"@type\":\"BreadcrumbList\",\"@id\":\"https:\\\/\\\/neoqi.com\\\/how-it-works\\\/treatment-programs\\\/hydrotherapy-with-wrap\\\/#breadcrumb\",\"itemListElement\":[{\"@type\":\"ListItem\",\"position\":1,\"name\":\"Home\",\"item\":\"https:\\\/\\\/neoqi.com\\\/\"},{\"@type\":\"ListItem\",\"position\":2,\"name\":\"How it Works\",\"item\":\"https:\\\/\\\/neoqi.com\\\/ru\\\/how-it-works\\\/\"},{\"@type\":\"ListItem\",\"position\":3,\"name\":\"Treatment Programs\",\"item\":\"https:\\\/\\\/neoqi.com\\\/how-it-works\\\/treatment-programs\\\/\"},{\"@type\":\"ListItem\",\"position\":4,\"name\":\"Hydrotherapy with wrap\"}]},{\"@type\":\"WebSite\",\"@id\":\"https:\\\/\\\/neoqi.com\\\/#website\",\"url\":\"https:\\\/\\\/neoqi.com\\\/\",\"name\":\"NEOQI\",\"description\":\"Experience Ultimate Wellness and Relaxation with NeoQi Spa Capsule: Your Path to Rejuvenation\",\"publisher\":{\"@id\":\"https:\\\/\\\/neoqi.com\\\/#organization\"},\"potentialAction\":[{\"@type\":\"SearchAction\",\"target\":{\"@type\":\"EntryPoint\",\"urlTemplate\":\"https:\\\/\\\/neoqi.com\\\/?s={search_term_string}\"},\"query-input\":{\"@type\":\"PropertyValueSpecification\",\"valueRequired\":true,\"valueName\":\"search_term_string\"}}],\"inLanguage\":\"fr-FR\"},{\"@type\":\"Organization\",\"@id\":\"https:\\\/\\\/neoqi.com\\\/#organization\",\"name\":\"NEOQI\",\"url\":\"https:\\\/\\\/neoqi.com\\\/\",\"logo\":{\"@type\":\"ImageObject\",\"inLanguage\":\"fr-FR\",\"@id\":\"https:\\\/\\\/neoqi.com\\\/#\\\/schema\\\/logo\\\/image\\\/\",\"url\":\"https:\\\/\\\/neoqi.com\\\/wp-content\\\/uploads\\\/2024\\\/09\\\/logoneosvg.svg\",\"contentUrl\":\"https:\\\/\\\/neoqi.com\\\/wp-content\\\/uploads\\\/2024\\\/09\\\/logoneosvg.svg\",\"width\":1,\"height\":1,\"caption\":\"NEOQI\"},\"image\":{\"@id\":\"https:\\\/\\\/neoqi.com\\\/#\\\/schema\\\/logo\\\/image\\\/\"},\"sameAs\":[\"https:\\\/\\\/www.facebook.com\\\/neoqi\\\/\",\"https:\\\/\\\/www.instagram.com\\\/neoqi_com\\\/\"]}]}<\/script>\n<!-- \/ Yoast SEO plugin. -->","yoast_head_json":{"title":"Hydrotherapy with wrap - NEOQI","robots":{"index":"index","follow":"follow","max-snippet":"max-snippet:-1","max-image-preview":"max-image-preview:large","max-video-preview":"max-video-preview:-1"},"canonical":"https:\/\/neoqi.com\/fr\/how-it-works\/treatment-programs\/hydrotherapy-with-wrap\/","og_locale":"fr_FR","og_type":"article","og_title":"Hydrotherapy with wrap - NEOQI","og_description":"Hydrotherapy with Body Wrap \u2013 60-80 min* * does not include the time spent on preparing the cocoon for the treatment and cleaning after the treatment. Benefits: Effective program for weight loss and silhouette correction, stimulates metabolism, therefore largely improves lipolysis process (process of burning excess fat) and eliminates toxins, excessive fluid; stimulates cardio-vascular system, [&hellip;]","og_url":"https:\/\/neoqi.com\/fr\/how-it-works\/treatment-programs\/hydrotherapy-with-wrap\/","og_site_name":"NEOQI","article_publisher":"https:\/\/www.facebook.com\/neoqi\/","twitter_card":"summary_large_image","twitter_misc":{"Dur\u00e9e de lecture estim\u00e9e":"3 minutes"},"schema":{"@context":"https:\/\/schema.org","@graph":[{"@type":"WebPage","@id":"https:\/\/neoqi.com\/how-it-works\/treatment-programs\/hydrotherapy-with-wrap\/","url":"https:\/\/neoqi.com\/how-it-works\/treatment-programs\/hydrotherapy-with-wrap\/","name":"Hydrotherapy with wrap - NEOQI","isPartOf":{"@id":"https:\/\/neoqi.com\/#website"},"datePublished":"2024-09-06T18:01:09+00:00","breadcrumb":{"@id":"https:\/\/neoqi.com\/how-it-works\/treatment-programs\/hydrotherapy-with-wrap\/#breadcrumb"},"inLanguage":"fr-FR","potentialAction":[{"@type":"ReadAction","target":["https:\/\/neoqi.com\/how-it-works\/treatment-programs\/hydrotherapy-with-wrap\/"]}]},{"@type":"BreadcrumbList","@id":"https:\/\/neoqi.com\/how-it-works\/treatment-programs\/hydrotherapy-with-wrap\/#breadcrumb","itemListElement":[{"@type":"ListItem","position":1,"name":"Home","item":"https:\/\/neoqi.com\/"},{"@type":"ListItem","position":2,"name":"How it Works","item":"https:\/\/neoqi.com\/ru\/how-it-works\/"},{"@type":"ListItem","position":3,"name":"Treatment Programs","item":"https:\/\/neoqi.com\/how-it-works\/treatment-programs\/"},{"@type":"ListItem","position":4,"name":"Hydrotherapy with wrap"}]},{"@type":"WebSite","@id":"https:\/\/neoqi.com\/#website","url":"https:\/\/neoqi.com\/","name":"NEOQI","description":"Faites l'exp\u00e9rience du bien-\u00eatre et de la relaxation ultimes avec NeoQi Spa Capsule : Votre chemin vers le rajeunissement","publisher":{"@id":"https:\/\/neoqi.com\/#organization"},"potentialAction":[{"@type":"SearchAction","target":{"@type":"EntryPoint","urlTemplate":"https:\/\/neoqi.com\/?s={search_term_string}"},"query-input":{"@type":"PropertyValueSpecification","valueRequired":true,"valueName":"search_term_string"}}],"inLanguage":"fr-FR"},{"@type":"Organization","@id":"https:\/\/neoqi.com\/#organization","name":"NEOQI","url":"https:\/\/neoqi.com\/","logo":{"@type":"ImageObject","inLanguage":"fr-FR","@id":"https:\/\/neoqi.com\/#\/schema\/logo\/image\/","url":"https:\/\/neoqi.com\/wp-content\/uploads\/2024\/09\/logoneosvg.svg","contentUrl":"https:\/\/neoqi.com\/wp-content\/uploads\/2024\/09\/logoneosvg.svg","width":1,"height":1,"caption":"NEOQI"},"image":{"@id":"https:\/\/neoqi.com\/#\/schema\/logo\/image\/"},"sameAs":["https:\/\/www.facebook.com\/neoqi\/","https:\/\/www.instagram.com\/neoqi_com\/"]}]}},"_links":{"self":[{"href":"https:\/\/neoqi.com\/fr\/wp-json\/wp\/v2\/pages\/1999","targetHints":{"allow":["GET"]}}],"collection":[{"href":"https:\/\/neoqi.com\/fr\/wp-json\/wp\/v2\/pages"}],"about":[{"href":"https:\/\/neoqi.com\/fr\/wp-json\/wp\/v2\/types\/page"}],"author":[{"embeddable":true,"href":"https:\/\/neoqi.com\/fr\/wp-json\/wp\/v2\/users\/3"}],"replies":[{"embeddable":true,"href":"https:\/\/neoqi.com\/fr\/wp-json\/wp\/v2\/comments?post=1999"}],"version-history":[{"count":1,"href":"https:\/\/neoqi.com\/fr\/wp-json\/wp\/v2\/pages\/1999\/revisions"}],"predecessor-version":[{"id":2000,"href":"https:\/\/neoqi.com\/fr\/wp-json\/wp\/v2\/pages\/1999\/revisions\/2000"}],"up":[{"embeddable":true,"href":"https:\/\/neoqi.com\/fr\/wp-json\/wp\/v2\/pages\/1957"}],"wp:attachment":[{"href":"https:\/\/neoqi.com\/fr\/wp-json\/wp\/v2\/media?parent=1999"}],"curies":[{"name":"wp","href":"https:\/\/api.w.org\/{rel}","templated":true}]}}