{"id":2007,"date":"2024-09-06T21:20:01","date_gmt":"2024-09-06T18:20:01","guid":{"rendered":"http:\/\/neoqi.com\/?page_id=2007"},"modified":"2024-09-06T21:20:01","modified_gmt":"2024-09-06T18:20:01","slug":"care-and-maintenance","status":"publish","type":"page","link":"https:\/\/neoqi.com\/fr\/neoqi-offers\/care-and-maintenance\/","title":{"rendered":"Entretien et maintenance"},"content":{"rendered":"<p>L'entretien r\u00e9gulier de certaines pi\u00e8ces est essentiel pour assurer la long\u00e9vit\u00e9 et le fonctionnement irr\u00e9prochable de l'\u00e9quipement. L'entretien de routine garantissant un fonctionnement s\u00fbr comprend le nettoyage, la d\u00e9sinfection et le contr\u00f4le visuel de l'\u00e9tat g\u00e9n\u00e9ral de l'\u00e9quipement.<\/p>\n<p>L'entretien courant consiste \u00e0 nettoyer le syst\u00e8me d'eau du bain et le g\u00e9n\u00e9rateur de vapeur du cocon.<\/p>\n<p>&nbsp;<\/p>\n<p><strong>NB ! Avant d'utiliser l'appareil et d'\u00e9tablir le plan d'entretien, il convient d'\u00e9valuer la qualit\u00e9 g\u00e9n\u00e9rale et la duret\u00e9 de l'eau.<\/strong><\/p>\n<p>&nbsp;<\/p>\n<p>En cas d'eau de mauvaise qualit\u00e9 (teneur \u00e9lev\u00e9e en calcaire, fer, particules abrasives, etc.), l'installation d'un filtre \u00e0 eau appropri\u00e9 est n\u00e9cessaire. La fr\u00e9quence de nettoyage du g\u00e9n\u00e9rateur de vapeur d\u00e9pend directement de la duret\u00e9 de l'eau.<\/p>\n<p><strong>La garantie est annul\u00e9e si l'entretien n'est pas effectu\u00e9 de mani\u00e8re syst\u00e9matique et uniquement en cas de n\u00e9cessit\u00e9.<\/strong><\/p>\n<p>Essayez d'\u00e9viter de rayer la surface acrylique avec des \u00e9l\u00e9ments durs (sable, bijoux, accessoires, etc.). Ne laissez pas tomber d'objets lourds et durs sur la surface de l'appareil.<\/p>\n<p>&nbsp;<\/p>\n<p><strong>Nettoyage du syst\u00e8me d'eau<\/strong><\/p>\n<p><strong>\u00a0<\/strong>Le nettoyage du syst\u00e8me d'eau du bain (jets, pompes et tuyaux) doit \u00eatre effectu\u00e9 selon les besoins, mais au moins toutes les 50 s\u00e9ances.<\/p>\n<p>&nbsp;<\/p>\n<p><strong>Nettoyage des g\u00e9n\u00e9rateurs de vapeur<\/strong><\/p>\n<p>Afin d'\u00e9laborer le plan d'entretien pour le nettoyage du g\u00e9n\u00e9rateur de vapeur, la qualit\u00e9 g\u00e9n\u00e9rale et la duret\u00e9 de l'eau doivent \u00eatre \u00e9valu\u00e9es. Nous recommandons d'effectuer un test Vital Easytest.<\/p>\n<table width=\"582\">\n<tbody>\n<tr>\n<td width=\"125\"><strong>DURETE TOTALE<\/strong><\/td>\n<td width=\"79\"><strong>ALLEMAND<\/strong><\/td>\n<td width=\"171\"><strong>CARACT\u00c9RISTIQUES DE L'EAU<\/strong><\/td>\n<td width=\"206\"><strong>CALENDRIER DES SERVICES<\/strong><\/td>\n<\/tr>\n<tr>\n<td width=\"125\">&lt; 5TH<\/td>\n<td width=\"79\">&lt;3\u02da dH<\/td>\n<td width=\"171\">Eau tr\u00e8s douce<\/td>\n<td width=\"206\">Toutes les 500 heures de travail<\/td>\n<\/tr>\n<tr>\n<td width=\"125\">&gt;7 TH<\/td>\n<td width=\"79\">&gt;4\u02da dH<\/td>\n<td width=\"171\">Eau douce<\/td>\n<td width=\"206\">Toutes les 150 heures de travail<\/td>\n<\/tr>\n<tr>\n<td width=\"125\">&gt;12TH<\/td>\n<td width=\"79\">&gt;7\u02da dH<\/td>\n<td width=\"171\">Eau semi-dure<\/td>\n<td width=\"206\">Toutes les 50 heures de travail<\/td>\n<\/tr>\n<tr>\n<td width=\"125\">&gt;25TH<\/td>\n<td width=\"79\">&gt;14\u02da dH<\/td>\n<td width=\"171\">Eau dure<\/td>\n<td width=\"206\">Aster toutes les 15 heures de travail<\/td>\n<\/tr>\n<tr>\n<td width=\"125\">&gt;35TH<\/td>\n<td width=\"79\">&gt;21\u02da dH<\/td>\n<td width=\"171\">Eau tr\u00e8s dure<\/td>\n<td width=\"206\">Installer un filtre \u00e0 eau<\/td>\n<\/tr>\n<\/tbody>\n<\/table>\n<p>&nbsp;<\/p>","protected":false},"excerpt":{"rendered":"<p>Regular maintenance for certain parts is essential for long life and faultless functioning of the equipment. Routine maintenance ensuring safe operation includes cleaning, disinfection and visual control of general condition of the equipment. Routine maintenance consists of cleaning the water system of the bath and the steam generator of the cocoon. &nbsp; NB! Before using [&hellip;]<\/p>\n","protected":false},"author":3,"featured_media":0,"parent":2001,"menu_order":0,"comment_status":"closed","ping_status":"closed","template":"","meta":{"_acf_changed":false,"site-sidebar-layout":"default","site-content-layout":"","ast-site-content-layout":"default","site-content-style":"default","site-sidebar-style":"default","ast-global-header-display":"","ast-banner-title-visibility":"","ast-main-header-display":"","ast-hfb-above-header-display":"","ast-hfb-below-header-display":"","ast-hfb-mobile-header-display":"","site-post-title":"","ast-breadcrumbs-content":"","ast-featured-img":"","footer-sml-layout":"","ast-disable-related-posts":"","theme-transparent-header-meta":"default","adv-header-id-meta":"","stick-header-meta":"","header-above-stick-meta":"","header-main-stick-meta":"","header-below-stick-meta":"","astra-migrate-meta-layouts":"set","ast-page-background-enabled":"default","ast-page-background-meta":{"desktop":{"background-color":"var(--ast-global-color-4)","background-image":"","background-repeat":"repeat","background-position":"center center","background-size":"auto","background-attachment":"scroll","background-type":"","background-media":"","overlay-type":"","overlay-color":"","overlay-opacity":"","overlay-gradient":""},"tablet":{"background-color":"","background-image":"","background-repeat":"repeat","background-position":"center center","background-size":"auto","background-attachment":"scroll","background-type":"","background-media":"","overlay-type":"","overlay-color":"","overlay-opacity":"","overlay-gradient":""},"mobile":{"background-color":"","background-image":"","background-repeat":"repeat","background-position":"center center","background-size":"auto","background-attachment":"scroll","background-type":"","background-media":"","overlay-type":"","overlay-color":"","overlay-opacity":"","overlay-gradient":""}},"ast-content-background-meta":{"desktop":{"background-color":"var(--ast-global-color-5)","background-image":"","background-repeat":"repeat","background-position":"center center","background-size":"auto","background-attachment":"scroll","background-type":"","background-media":"","overlay-type":"","overlay-color":"","overlay-opacity":"","overlay-gradient":""},"tablet":{"background-color":"var(--ast-global-color-5)","background-image":"","background-repeat":"repeat","background-position":"center center","background-size":"auto","background-attachment":"scroll","background-type":"","background-media":"","overlay-type":"","overlay-color":"","overlay-opacity":"","overlay-gradient":""},"mobile":{"background-color":"var(--ast-global-color-5)","background-image":"","background-repeat":"repeat","background-position":"center center","background-size":"auto","background-attachment":"scroll","background-type":"","background-media":"","overlay-type":"","overlay-color":"","overlay-opacity":"","overlay-gradient":""}},"footnotes":""},"class_list":["post-2007","page","type-page","status-publish","hentry"],"acf":[],"yoast_head":"<!-- This site is optimized with the Yoast SEO plugin v27.4 - https:\/\/yoast.com\/product\/yoast-seo-wordpress\/ -->\n<title>Care and Maintenance - NEOQI<\/title>\n<meta name=\"robots\" content=\"index, follow, max-snippet:-1, max-image-preview:large, max-video-preview:-1\" \/>\n<link rel=\"canonical\" href=\"https:\/\/neoqi.com\/fr\/neoqi-offers\/care-and-maintenance\/\" \/>\n<meta property=\"og:locale\" content=\"fr_FR\" \/>\n<meta property=\"og:type\" content=\"article\" \/>\n<meta property=\"og:title\" content=\"Care and Maintenance - NEOQI\" \/>\n<meta property=\"og:description\" content=\"Regular maintenance for certain parts is essential for long life and faultless functioning of the equipment. Routine maintenance ensuring safe operation includes cleaning, disinfection and visual control of general condition of the equipment. Routine maintenance consists of cleaning the water system of the bath and the steam generator of the cocoon. &nbsp; NB! Before using [&hellip;]\" \/>\n<meta property=\"og:url\" content=\"https:\/\/neoqi.com\/fr\/neoqi-offers\/care-and-maintenance\/\" \/>\n<meta property=\"og:site_name\" content=\"NEOQI\" \/>\n<meta property=\"article:publisher\" content=\"https:\/\/www.facebook.com\/neoqi\/\" \/>\n<meta name=\"twitter:card\" content=\"summary_large_image\" \/>\n<meta name=\"twitter:label1\" content=\"Dur\u00e9e de lecture estim\u00e9e\" \/>\n\t<meta name=\"twitter:data1\" content=\"1 minute\" \/>\n<script type=\"application\/ld+json\" class=\"yoast-schema-graph\">{\"@context\":\"https:\\\/\\\/schema.org\",\"@graph\":[{\"@type\":\"WebPage\",\"@id\":\"https:\\\/\\\/neoqi.com\\\/de\\\/neoqi-offers\\\/care-and-maintenance\\\/\",\"url\":\"https:\\\/\\\/neoqi.com\\\/de\\\/neoqi-offers\\\/care-and-maintenance\\\/\",\"name\":\"Care and Maintenance - NEOQI\",\"isPartOf\":{\"@id\":\"https:\\\/\\\/neoqi.com\\\/#website\"},\"datePublished\":\"2024-09-06T18:20:01+00:00\",\"breadcrumb\":{\"@id\":\"https:\\\/\\\/neoqi.com\\\/de\\\/neoqi-offers\\\/care-and-maintenance\\\/#breadcrumb\"},\"inLanguage\":\"fr-FR\",\"potentialAction\":[{\"@type\":\"ReadAction\",\"target\":[\"https:\\\/\\\/neoqi.com\\\/de\\\/neoqi-offers\\\/care-and-maintenance\\\/\"]}]},{\"@type\":\"BreadcrumbList\",\"@id\":\"https:\\\/\\\/neoqi.com\\\/de\\\/neoqi-offers\\\/care-and-maintenance\\\/#breadcrumb\",\"itemListElement\":[{\"@type\":\"ListItem\",\"position\":1,\"name\":\"Home\",\"item\":\"https:\\\/\\\/neoqi.com\\\/\"},{\"@type\":\"ListItem\",\"position\":2,\"name\":\"Neoqi Offers\",\"item\":\"https:\\\/\\\/neoqi.com\\\/neoqi-offers\\\/\"},{\"@type\":\"ListItem\",\"position\":3,\"name\":\"Care and Maintenance\"}]},{\"@type\":\"WebSite\",\"@id\":\"https:\\\/\\\/neoqi.com\\\/#website\",\"url\":\"https:\\\/\\\/neoqi.com\\\/\",\"name\":\"NEOQI\",\"description\":\"Experience Ultimate Wellness and Relaxation with NeoQi Spa Capsule: Your Path to Rejuvenation\",\"publisher\":{\"@id\":\"https:\\\/\\\/neoqi.com\\\/#organization\"},\"potentialAction\":[{\"@type\":\"SearchAction\",\"target\":{\"@type\":\"EntryPoint\",\"urlTemplate\":\"https:\\\/\\\/neoqi.com\\\/?s={search_term_string}\"},\"query-input\":{\"@type\":\"PropertyValueSpecification\",\"valueRequired\":true,\"valueName\":\"search_term_string\"}}],\"inLanguage\":\"fr-FR\"},{\"@type\":\"Organization\",\"@id\":\"https:\\\/\\\/neoqi.com\\\/#organization\",\"name\":\"NEOQI\",\"url\":\"https:\\\/\\\/neoqi.com\\\/\",\"logo\":{\"@type\":\"ImageObject\",\"inLanguage\":\"fr-FR\",\"@id\":\"https:\\\/\\\/neoqi.com\\\/#\\\/schema\\\/logo\\\/image\\\/\",\"url\":\"https:\\\/\\\/neoqi.com\\\/wp-content\\\/uploads\\\/2024\\\/09\\\/logoneosvg.svg\",\"contentUrl\":\"https:\\\/\\\/neoqi.com\\\/wp-content\\\/uploads\\\/2024\\\/09\\\/logoneosvg.svg\",\"width\":1,\"height\":1,\"caption\":\"NEOQI\"},\"image\":{\"@id\":\"https:\\\/\\\/neoqi.com\\\/#\\\/schema\\\/logo\\\/image\\\/\"},\"sameAs\":[\"https:\\\/\\\/www.facebook.com\\\/neoqi\\\/\",\"https:\\\/\\\/www.instagram.com\\\/neoqi_com\\\/\"]}]}<\/script>\n<!-- \/ Yoast SEO plugin. -->","yoast_head_json":{"title":"Care and Maintenance - NEOQI","robots":{"index":"index","follow":"follow","max-snippet":"max-snippet:-1","max-image-preview":"max-image-preview:large","max-video-preview":"max-video-preview:-1"},"canonical":"https:\/\/neoqi.com\/fr\/neoqi-offers\/care-and-maintenance\/","og_locale":"fr_FR","og_type":"article","og_title":"Care and Maintenance - NEOQI","og_description":"Regular maintenance for certain parts is essential for long life and faultless functioning of the equipment. Routine maintenance ensuring safe operation includes cleaning, disinfection and visual control of general condition of the equipment. Routine maintenance consists of cleaning the water system of the bath and the steam generator of the cocoon. &nbsp; NB! Before using [&hellip;]","og_url":"https:\/\/neoqi.com\/fr\/neoqi-offers\/care-and-maintenance\/","og_site_name":"NEOQI","article_publisher":"https:\/\/www.facebook.com\/neoqi\/","twitter_card":"summary_large_image","twitter_misc":{"Dur\u00e9e de lecture estim\u00e9e":"1 minute"},"schema":{"@context":"https:\/\/schema.org","@graph":[{"@type":"WebPage","@id":"https:\/\/neoqi.com\/de\/neoqi-offers\/care-and-maintenance\/","url":"https:\/\/neoqi.com\/de\/neoqi-offers\/care-and-maintenance\/","name":"Care and Maintenance - NEOQI","isPartOf":{"@id":"https:\/\/neoqi.com\/#website"},"datePublished":"2024-09-06T18:20:01+00:00","breadcrumb":{"@id":"https:\/\/neoqi.com\/de\/neoqi-offers\/care-and-maintenance\/#breadcrumb"},"inLanguage":"fr-FR","potentialAction":[{"@type":"ReadAction","target":["https:\/\/neoqi.com\/de\/neoqi-offers\/care-and-maintenance\/"]}]},{"@type":"BreadcrumbList","@id":"https:\/\/neoqi.com\/de\/neoqi-offers\/care-and-maintenance\/#breadcrumb","itemListElement":[{"@type":"ListItem","position":1,"name":"Home","item":"https:\/\/neoqi.com\/"},{"@type":"ListItem","position":2,"name":"Neoqi Offers","item":"https:\/\/neoqi.com\/neoqi-offers\/"},{"@type":"ListItem","position":3,"name":"Care and Maintenance"}]},{"@type":"WebSite","@id":"https:\/\/neoqi.com\/#website","url":"https:\/\/neoqi.com\/","name":"NEOQI","description":"Faites l'exp\u00e9rience du bien-\u00eatre et de la relaxation ultimes avec NeoQi Spa Capsule : Votre chemin vers le rajeunissement","publisher":{"@id":"https:\/\/neoqi.com\/#organization"},"potentialAction":[{"@type":"SearchAction","target":{"@type":"EntryPoint","urlTemplate":"https:\/\/neoqi.com\/?s={search_term_string}"},"query-input":{"@type":"PropertyValueSpecification","valueRequired":true,"valueName":"search_term_string"}}],"inLanguage":"fr-FR"},{"@type":"Organization","@id":"https:\/\/neoqi.com\/#organization","name":"NEOQI","url":"https:\/\/neoqi.com\/","logo":{"@type":"ImageObject","inLanguage":"fr-FR","@id":"https:\/\/neoqi.com\/#\/schema\/logo\/image\/","url":"https:\/\/neoqi.com\/wp-content\/uploads\/2024\/09\/logoneosvg.svg","contentUrl":"https:\/\/neoqi.com\/wp-content\/uploads\/2024\/09\/logoneosvg.svg","width":1,"height":1,"caption":"NEOQI"},"image":{"@id":"https:\/\/neoqi.com\/#\/schema\/logo\/image\/"},"sameAs":["https:\/\/www.facebook.com\/neoqi\/","https:\/\/www.instagram.com\/neoqi_com\/"]}]}},"_links":{"self":[{"href":"https:\/\/neoqi.com\/fr\/wp-json\/wp\/v2\/pages\/2007","targetHints":{"allow":["GET"]}}],"collection":[{"href":"https:\/\/neoqi.com\/fr\/wp-json\/wp\/v2\/pages"}],"about":[{"href":"https:\/\/neoqi.com\/fr\/wp-json\/wp\/v2\/types\/page"}],"author":[{"embeddable":true,"href":"https:\/\/neoqi.com\/fr\/wp-json\/wp\/v2\/users\/3"}],"replies":[{"embeddable":true,"href":"https:\/\/neoqi.com\/fr\/wp-json\/wp\/v2\/comments?post=2007"}],"version-history":[{"count":1,"href":"https:\/\/neoqi.com\/fr\/wp-json\/wp\/v2\/pages\/2007\/revisions"}],"predecessor-version":[{"id":2008,"href":"https:\/\/neoqi.com\/fr\/wp-json\/wp\/v2\/pages\/2007\/revisions\/2008"}],"up":[{"embeddable":true,"href":"https:\/\/neoqi.com\/fr\/wp-json\/wp\/v2\/pages\/2001"}],"wp:attachment":[{"href":"https:\/\/neoqi.com\/fr\/wp-json\/wp\/v2\/media?parent=2007"}],"curies":[{"name":"wp","href":"https:\/\/api.w.org\/{rel}","templated":true}]}}