{"id":2013,"date":"2024-09-06T21:23:24","date_gmt":"2024-09-06T18:23:24","guid":{"rendered":"http:\/\/neoqi.com\/?page_id=2013"},"modified":"2024-12-04T08:29:27","modified_gmt":"2024-12-04T05:29:27","slug":"history-and-values","status":"publish","type":"page","link":"https:\/\/neoqi.com\/fr\/about-us\/history-and-values\/","title":{"rendered":"Histoire et valeurs"},"content":{"rendered":"<p>NeoQi\u00ae AS est une entreprise internationale qui poss\u00e8de une vaste exp\u00e9rience dans l'offre d'\u00e9quipements SPA innovants. Fond\u00e9e en 2001 en Estonie, NeoQi\u00ae offre une vari\u00e9t\u00e9 de solutions conceptuelles pour la th\u00e9rapie physique, la m\u00e9decine esth\u00e9tique, le bien-\u00eatre et l'industrie des spas, la cosm\u00e9tologie mat\u00e9rielle et le design. NeoQi produit et d\u00e9veloppe des \u00e9quipements de soins corporels innovants qui permettent aux utilisateurs de profiter de divers traitements de spa, par exemple, la vapeur et le sauna infrarouge, l'aromath\u00e9rapie, la douche de Vichy, le massage et l'hydroth\u00e9rapie.<br \/>\nNeoQi\u00ae est un fabricant d'\u00e9quipements innovants destin\u00e9s aux centres de SPA modernes, aux h\u00f4tels, aux salons de beaut\u00e9, aux institutions m\u00e9dicales et aux centres de r\u00e9\u00e9ducation, ainsi qu'\u00e0 l'usage domestique. L'atmosph\u00e8re cr\u00e9\u00e9e dans les cocons \u00e9nerg\u00e9tiques NeoQi\u00ae contribue \u00e0 la r\u00e9cup\u00e9ration \u00e9motionnelle, au rajeunissement et au soulagement du stress. Tous les appareils NeoQi\u00ae sont des complexes SPA ind\u00e9pendants et multifonctionnels qui nous permettent d'offrir aux clients un nombre maximum de programmes individuels dans une seule pi\u00e8ce.<\/p>\n<p>Avec des ann\u00e9es d'exp\u00e9rience et un personnel qualifi\u00e9, nous avons d\u00e9velopp\u00e9 avec succ\u00e8s 16 syst\u00e8mes de physioth\u00e9rapie uniques, dont des capsules de spa et des bains d'hydroth\u00e9rapie. La combinaison des rituels SPA classiques avec la fonctionnalit\u00e9 du cocon \u00e9nerg\u00e9tique vous permet d'effectuer les soins corporels les plus recherch\u00e9s et les plus b\u00e9n\u00e9fiques pour le rajeunissement, la revigoration, la r\u00e9habilitation, l'amincissement et la relaxation.<\/p>\n<p>Tous les appareils fabriqu\u00e9s font l'objet d'un contr\u00f4le de qualit\u00e9 rigoureux et de tests approfondis. Les capsules SPA et les baignoires d'hydromassage sont fabriqu\u00e9es \u00e0 partir de mat\u00e9riaux durables et hygi\u00e9niques de fabricants europ\u00e9ens.<\/p>\n<p>Gr\u00e2ce \u00e0 la qualit\u00e9 et \u00e0 la s\u00e9curit\u00e9 de nos produits, pour la fabrication desquels nous utilisons les solutions technologiques les plus avanc\u00e9es, nous avons pu gagner la confiance des clients les plus exigeants. L'activit\u00e9 de l'entreprise ne se limite pas \u00e0 l'Estonie. Nos produits sont largement utilis\u00e9s dans les centres m\u00e9dicaux, sportifs et esth\u00e9tiques de nombreux pays du monde.<\/p>\n<p>&nbsp;<\/p>\n<div class=\"ast-oembed-container\"><iframe src=\"https:\/\/www.youtube.com\/embed\/BKOEAYIJF18?feature=oembed\" width=\"1200\" height=\"675\" frameborder=\"0\" allowfullscreen=\"allowfullscreen\" data-mce-fragment=\"1\"><\/iframe><\/div>","protected":false},"excerpt":{"rendered":"<p>NeoQi\u00ae AS is an international company with vast experience in offering innovative SPA equipment. Established in 2001 in Estonia, NeoQi\u00ae offers a variety of conceptual solutions for physical therapy, aesthetic medicine, wellness and spa industry, hardware cosmetology and design. NeoQi is producing and developing innovative body care equipment that allow users to enjoy various spa [&hellip;]<\/p>\n","protected":false},"author":1,"featured_media":0,"parent":2011,"menu_order":0,"comment_status":"closed","ping_status":"closed","template":"","meta":{"_acf_changed":false,"site-sidebar-layout":"default","site-content-layout":"","ast-site-content-layout":"default","site-content-style":"default","site-sidebar-style":"default","ast-global-header-display":"","ast-banner-title-visibility":"","ast-main-header-display":"","ast-hfb-above-header-display":"","ast-hfb-below-header-display":"","ast-hfb-mobile-header-display":"","site-post-title":"","ast-breadcrumbs-content":"","ast-featured-img":"","footer-sml-layout":"","ast-disable-related-posts":"","theme-transparent-header-meta":"default","adv-header-id-meta":"","stick-header-meta":"","header-above-stick-meta":"","header-main-stick-meta":"","header-below-stick-meta":"","astra-migrate-meta-layouts":"set","ast-page-background-enabled":"default","ast-page-background-meta":{"desktop":{"background-color":"var(--ast-global-color-4)","background-image":"","background-repeat":"repeat","background-position":"center center","background-size":"auto","background-attachment":"scroll","background-type":"","background-media":"","overlay-type":"","overlay-color":"","overlay-opacity":"","overlay-gradient":""},"tablet":{"background-color":"","background-image":"","background-repeat":"repeat","background-position":"center center","background-size":"auto","background-attachment":"scroll","background-type":"","background-media":"","overlay-type":"","overlay-color":"","overlay-opacity":"","overlay-gradient":""},"mobile":{"background-color":"","background-image":"","background-repeat":"repeat","background-position":"center center","background-size":"auto","background-attachment":"scroll","background-type":"","background-media":"","overlay-type":"","overlay-color":"","overlay-opacity":"","overlay-gradient":""}},"ast-content-background-meta":{"desktop":{"background-color":"var(--ast-global-color-5)","background-image":"","background-repeat":"repeat","background-position":"center center","background-size":"auto","background-attachment":"scroll","background-type":"","background-media":"","overlay-type":"","overlay-color":"","overlay-opacity":"","overlay-gradient":""},"tablet":{"background-color":"var(--ast-global-color-5)","background-image":"","background-repeat":"repeat","background-position":"center center","background-size":"auto","background-attachment":"scroll","background-type":"","background-media":"","overlay-type":"","overlay-color":"","overlay-opacity":"","overlay-gradient":""},"mobile":{"background-color":"var(--ast-global-color-5)","background-image":"","background-repeat":"repeat","background-position":"center center","background-size":"auto","background-attachment":"scroll","background-type":"","background-media":"","overlay-type":"","overlay-color":"","overlay-opacity":"","overlay-gradient":""}},"footnotes":""},"class_list":["post-2013","page","type-page","status-publish","hentry"],"acf":[],"yoast_head":"<!-- This site is optimized with the Yoast SEO plugin v27.3 - https:\/\/yoast.com\/product\/yoast-seo-wordpress\/ -->\n<title>History and Values - NEOQI<\/title>\n<meta name=\"robots\" content=\"index, follow, max-snippet:-1, max-image-preview:large, max-video-preview:-1\" \/>\n<link rel=\"canonical\" href=\"https:\/\/neoqi.com\/fr\/about-us\/history-and-values\/\" \/>\n<meta property=\"og:locale\" content=\"fr_FR\" \/>\n<meta property=\"og:type\" content=\"article\" \/>\n<meta property=\"og:title\" content=\"History and Values - NEOQI\" \/>\n<meta property=\"og:description\" content=\"NeoQi\u00ae AS is an international company with vast experience in offering innovative SPA equipment. Established in 2001 in Estonia, NeoQi\u00ae offers a variety of conceptual solutions for physical therapy, aesthetic medicine, wellness and spa industry, hardware cosmetology and design. NeoQi is producing and developing innovative body care equipment that allow users to enjoy various spa [&hellip;]\" \/>\n<meta property=\"og:url\" content=\"https:\/\/neoqi.com\/fr\/about-us\/history-and-values\/\" \/>\n<meta property=\"og:site_name\" content=\"NEOQI\" \/>\n<meta property=\"article:publisher\" content=\"https:\/\/www.facebook.com\/neoqi\/\" \/>\n<meta property=\"article:modified_time\" content=\"2024-12-04T05:29:27+00:00\" \/>\n<meta name=\"twitter:card\" content=\"summary_large_image\" \/>\n<meta name=\"twitter:label1\" content=\"Dur\u00e9e de lecture estim\u00e9e\" \/>\n\t<meta name=\"twitter:data1\" content=\"1 minute\" \/>\n<script type=\"application\/ld+json\" class=\"yoast-schema-graph\">{\"@context\":\"https:\\\/\\\/schema.org\",\"@graph\":[{\"@type\":\"WebPage\",\"@id\":\"https:\\\/\\\/neoqi.com\\\/about-us\\\/history-and-values\\\/\",\"url\":\"https:\\\/\\\/neoqi.com\\\/about-us\\\/history-and-values\\\/\",\"name\":\"History and Values - NEOQI\",\"isPartOf\":{\"@id\":\"https:\\\/\\\/neoqi.com\\\/#website\"},\"datePublished\":\"2024-09-06T18:23:24+00:00\",\"dateModified\":\"2024-12-04T05:29:27+00:00\",\"breadcrumb\":{\"@id\":\"https:\\\/\\\/neoqi.com\\\/about-us\\\/history-and-values\\\/#breadcrumb\"},\"inLanguage\":\"fr-FR\",\"potentialAction\":[{\"@type\":\"ReadAction\",\"target\":[\"https:\\\/\\\/neoqi.com\\\/about-us\\\/history-and-values\\\/\"]}]},{\"@type\":\"BreadcrumbList\",\"@id\":\"https:\\\/\\\/neoqi.com\\\/about-us\\\/history-and-values\\\/#breadcrumb\",\"itemListElement\":[{\"@type\":\"ListItem\",\"position\":1,\"name\":\"Home\",\"item\":\"https:\\\/\\\/neoqi.com\\\/\"},{\"@type\":\"ListItem\",\"position\":2,\"name\":\"About Us\",\"item\":\"https:\\\/\\\/neoqi.com\\\/about-us\\\/\"},{\"@type\":\"ListItem\",\"position\":3,\"name\":\"History and Values\"}]},{\"@type\":\"WebSite\",\"@id\":\"https:\\\/\\\/neoqi.com\\\/#website\",\"url\":\"https:\\\/\\\/neoqi.com\\\/\",\"name\":\"NEOQI\",\"description\":\"Experience Ultimate Wellness and Relaxation with NeoQi Spa Capsule: Your Path to Rejuvenation\",\"publisher\":{\"@id\":\"https:\\\/\\\/neoqi.com\\\/#organization\"},\"potentialAction\":[{\"@type\":\"SearchAction\",\"target\":{\"@type\":\"EntryPoint\",\"urlTemplate\":\"https:\\\/\\\/neoqi.com\\\/?s={search_term_string}\"},\"query-input\":{\"@type\":\"PropertyValueSpecification\",\"valueRequired\":true,\"valueName\":\"search_term_string\"}}],\"inLanguage\":\"fr-FR\"},{\"@type\":\"Organization\",\"@id\":\"https:\\\/\\\/neoqi.com\\\/#organization\",\"name\":\"NEOQI\",\"url\":\"https:\\\/\\\/neoqi.com\\\/\",\"logo\":{\"@type\":\"ImageObject\",\"inLanguage\":\"fr-FR\",\"@id\":\"https:\\\/\\\/neoqi.com\\\/#\\\/schema\\\/logo\\\/image\\\/\",\"url\":\"https:\\\/\\\/neoqi.com\\\/wp-content\\\/uploads\\\/2024\\\/09\\\/logoneosvg.svg\",\"contentUrl\":\"https:\\\/\\\/neoqi.com\\\/wp-content\\\/uploads\\\/2024\\\/09\\\/logoneosvg.svg\",\"width\":1,\"height\":1,\"caption\":\"NEOQI\"},\"image\":{\"@id\":\"https:\\\/\\\/neoqi.com\\\/#\\\/schema\\\/logo\\\/image\\\/\"},\"sameAs\":[\"https:\\\/\\\/www.facebook.com\\\/neoqi\\\/\",\"https:\\\/\\\/www.instagram.com\\\/neoqi_com\\\/\"]}]}<\/script>\n<!-- \/ Yoast SEO plugin. -->","yoast_head_json":{"title":"History and Values - NEOQI","robots":{"index":"index","follow":"follow","max-snippet":"max-snippet:-1","max-image-preview":"max-image-preview:large","max-video-preview":"max-video-preview:-1"},"canonical":"https:\/\/neoqi.com\/fr\/about-us\/history-and-values\/","og_locale":"fr_FR","og_type":"article","og_title":"History and Values - NEOQI","og_description":"NeoQi\u00ae AS is an international company with vast experience in offering innovative SPA equipment. Established in 2001 in Estonia, NeoQi\u00ae offers a variety of conceptual solutions for physical therapy, aesthetic medicine, wellness and spa industry, hardware cosmetology and design. NeoQi is producing and developing innovative body care equipment that allow users to enjoy various spa [&hellip;]","og_url":"https:\/\/neoqi.com\/fr\/about-us\/history-and-values\/","og_site_name":"NEOQI","article_publisher":"https:\/\/www.facebook.com\/neoqi\/","article_modified_time":"2024-12-04T05:29:27+00:00","twitter_card":"summary_large_image","twitter_misc":{"Dur\u00e9e de lecture estim\u00e9e":"1 minute"},"schema":{"@context":"https:\/\/schema.org","@graph":[{"@type":"WebPage","@id":"https:\/\/neoqi.com\/about-us\/history-and-values\/","url":"https:\/\/neoqi.com\/about-us\/history-and-values\/","name":"History and Values - NEOQI","isPartOf":{"@id":"https:\/\/neoqi.com\/#website"},"datePublished":"2024-09-06T18:23:24+00:00","dateModified":"2024-12-04T05:29:27+00:00","breadcrumb":{"@id":"https:\/\/neoqi.com\/about-us\/history-and-values\/#breadcrumb"},"inLanguage":"fr-FR","potentialAction":[{"@type":"ReadAction","target":["https:\/\/neoqi.com\/about-us\/history-and-values\/"]}]},{"@type":"BreadcrumbList","@id":"https:\/\/neoqi.com\/about-us\/history-and-values\/#breadcrumb","itemListElement":[{"@type":"ListItem","position":1,"name":"Home","item":"https:\/\/neoqi.com\/"},{"@type":"ListItem","position":2,"name":"About Us","item":"https:\/\/neoqi.com\/about-us\/"},{"@type":"ListItem","position":3,"name":"History and Values"}]},{"@type":"WebSite","@id":"https:\/\/neoqi.com\/#website","url":"https:\/\/neoqi.com\/","name":"NEOQI","description":"Faites l'exp\u00e9rience du bien-\u00eatre et de la relaxation ultimes avec NeoQi Spa Capsule : Votre chemin vers le rajeunissement","publisher":{"@id":"https:\/\/neoqi.com\/#organization"},"potentialAction":[{"@type":"SearchAction","target":{"@type":"EntryPoint","urlTemplate":"https:\/\/neoqi.com\/?s={search_term_string}"},"query-input":{"@type":"PropertyValueSpecification","valueRequired":true,"valueName":"search_term_string"}}],"inLanguage":"fr-FR"},{"@type":"Organization","@id":"https:\/\/neoqi.com\/#organization","name":"NEOQI","url":"https:\/\/neoqi.com\/","logo":{"@type":"ImageObject","inLanguage":"fr-FR","@id":"https:\/\/neoqi.com\/#\/schema\/logo\/image\/","url":"https:\/\/neoqi.com\/wp-content\/uploads\/2024\/09\/logoneosvg.svg","contentUrl":"https:\/\/neoqi.com\/wp-content\/uploads\/2024\/09\/logoneosvg.svg","width":1,"height":1,"caption":"NEOQI"},"image":{"@id":"https:\/\/neoqi.com\/#\/schema\/logo\/image\/"},"sameAs":["https:\/\/www.facebook.com\/neoqi\/","https:\/\/www.instagram.com\/neoqi_com\/"]}]}},"_links":{"self":[{"href":"https:\/\/neoqi.com\/fr\/wp-json\/wp\/v2\/pages\/2013","targetHints":{"allow":["GET"]}}],"collection":[{"href":"https:\/\/neoqi.com\/fr\/wp-json\/wp\/v2\/pages"}],"about":[{"href":"https:\/\/neoqi.com\/fr\/wp-json\/wp\/v2\/types\/page"}],"author":[{"embeddable":true,"href":"https:\/\/neoqi.com\/fr\/wp-json\/wp\/v2\/users\/1"}],"replies":[{"embeddable":true,"href":"https:\/\/neoqi.com\/fr\/wp-json\/wp\/v2\/comments?post=2013"}],"version-history":[{"count":2,"href":"https:\/\/neoqi.com\/fr\/wp-json\/wp\/v2\/pages\/2013\/revisions"}],"predecessor-version":[{"id":3127,"href":"https:\/\/neoqi.com\/fr\/wp-json\/wp\/v2\/pages\/2013\/revisions\/3127"}],"up":[{"embeddable":true,"href":"https:\/\/neoqi.com\/fr\/wp-json\/wp\/v2\/pages\/2011"}],"wp:attachment":[{"href":"https:\/\/neoqi.com\/fr\/wp-json\/wp\/v2\/media?parent=2013"}],"curies":[{"name":"wp","href":"https:\/\/api.w.org\/{rel}","templated":true}]}}