{"id":2021,"date":"2024-09-06T21:26:15","date_gmt":"2024-09-06T18:26:15","guid":{"rendered":"http:\/\/neoqi.com\/?page_id=2021"},"modified":"2024-11-06T13:20:30","modified_gmt":"2024-11-06T10:20:30","slug":"faq","status":"publish","type":"page","link":"https:\/\/neoqi.com\/fr\/contact-us\/faq\/","title":{"rendered":"FAQ"},"content":{"rendered":"<p>Qu'est-ce qu'un cocon \u00e9nerg\u00e9tique ?<br \/>\nLe cocon \u00e9nerg\u00e9tique NeoQi\u00ae est un complexe spa compact qui vous permet de profiter de diff\u00e9rents traitements thermaux et hydroth\u00e9rapeutiques. Gr\u00e2ce \u00e0 sa polyvalence, le cocon d'\u00e9nergie est un moyen indispensable pour les soins du visage et du corps, dans l'espace d'une seule pi\u00e8ce.<\/p>\n<p>A qui s'adresse l'\u00e9quipement NeoQi\u00ae ?<br \/>\nNeoQi\u00ae fabrique des \u00e9quipements pour les centres thermaux et m\u00e9dicaux modernes, les h\u00f4tels, les salons de beaut\u00e9, les sanatoriums et les stations thermales, ainsi que pour l'usage domestique. Nous proposons des cocons et des bains \u00e9nerg\u00e9tiques pour un usage professionnel ou domestique.<\/p>\n<p>Pour qui les traitements avec l'\u00e9quipement NeoQi\u00ae sont-ils recommand\u00e9s ?<br \/>\nLes traitements th\u00e9rapeutiques de l'\u00e9quipement NeoQi\u00ae conviennent \u00e0 tout le monde - hommes et femmes de tous \u00e2ges et de toutes conditions physiques.<\/p>\n<p>Quel est l'effet des produits NeoQi\u00ae sur le corps ?<br \/>\nLes cocons et bains \u00e9nerg\u00e9tiques NeoQi\u00ae ont un certain nombre d'effets positifs sur le corps humain :<\/p>\n<p>Att\u00e9nuer le stress, retrouver un \u00e9quilibre \u00e9motionnel<br \/>\nSoulager les tensions musculaires et nerveuses, r\u00e9duire la douleur<br \/>\nPr\u00e9venir et traiter les maladies<br \/>\nR\u00e9guler le m\u00e9tabolisme et contr\u00f4ler le poids<br \/>\nAm\u00e9liorer la circulation sanguine et lymphatique, renforcer le syst\u00e8me immunitaire<br \/>\nR\u00e9aliser l'unit\u00e9 de l'\u00e2me, du corps et de l'esprit.<\/p>\n<p>Achats<\/p>\n<p>Comment puis-je acheter un cocon\/bain d'\u00e9nergie ?<br \/>\nLes \u00e9quipements NeoQi sont repr\u00e9sent\u00e9s dans de nombreux pays. Vous pouvez remplir le formulaire de demande sur notre site web. Nous trouverons le distributeur le plus proche de chez vous et le mettrons en contact avec vous. Si nous ne sommes pas repr\u00e9sent\u00e9s dans votre r\u00e9gion\/pays, nous traiterons votre demande nous-m\u00eames.<\/p>\n<p>Quelles sont les conditions d'installation du mat\u00e9riel ?<br \/>\nL'installation de l'\u00e9quipement NeoQi\u00ae est tr\u00e8s simple. Des informations techniques g\u00e9n\u00e9rales sont disponibles dans la section \"Comment \u00e7a marche\". Des instructions d\u00e9taill\u00e9es sur les conditions pr\u00e9alables d'installation sont \u00e9galement disponibles pour tous les mod\u00e8les qui vous int\u00e9ressent.<\/p>\n<p>Puis-je commander l'installation aupr\u00e8s de l'entreprise ?<br \/>\nPour de plus amples informations, veuillez vous adresser \u00e0 votre repr\u00e9sentant commercial le plus proche.<\/p>\n<p>Quelles sont les conditions et la dur\u00e9e de la garantie pour les appareils NeoQi\u00ae ?<br \/>\nNous offrons une garantie d'un an pour tous les produits NeoQi.<\/p>\n<p>Les r\u00e9clamations doivent \u00eatre adress\u00e9es au vendeur initial de l'appareil. Le num\u00e9ro de s\u00e9rie de l'appareil devra \u00eatre fourni avec les documents d'achat.<\/p>\n<p>Des conditions de garantie plus d\u00e9taill\u00e9es peuvent \u00eatre trouv\u00e9es dans les manuels d'utilisation et dans la section \"Contacts\".<\/p>\n<p>Utilisation<\/p>\n<p>Comment utiliser les appareils NeoQi\u00ae ?<br \/>\nNous offrons \u00e0 chaque nouveau propri\u00e9taire d'appareil la possibilit\u00e9 de participer \u00e0 une formation gratuite. Chaque appareil est accompagn\u00e9 d'un guide d'utilisation d\u00e9taill\u00e9 pour votre mod\u00e8le sp\u00e9cifique.<\/p>\n<p>Que comprend la formation et \u00e0 qui est-elle destin\u00e9e ?<br \/>\nLa formation s'adresse \u00e0 tous les utilisateurs, nouveaux ou anciens, des appareils NeoQi\u00ae. Apr\u00e8s la formation, vous serez en mesure d'utiliser votre appareil avec une grande facilit\u00e9, en comprenant toutes ses fonctions, en sachant exactement quand, pendant combien de temps et pourquoi elles doivent \u00eatre utilis\u00e9es. Vous saurez quels traitements sont possibles avec les produits NeoQi\u00ae, comment et dans quel ordre les r\u00e9aliser, et comment les combiner entre eux. Nous vous recommandons d'utiliser les produits cosm\u00e9tiques thalassoth\u00e9rapeutiques EST\u00ed qui ont \u00e9t\u00e9 d\u00e9velopp\u00e9s sp\u00e9cifiquement pour \u00eatre utilis\u00e9s avec nos produits, afin d'am\u00e9liorer les r\u00e9sultats des traitements effectu\u00e9s.<\/p>\n<p>Quels sont les traitements qui peuvent \u00eatre effectu\u00e9s dans l'\u00e9quipement NeoQi\u00ae ?<br \/>\nEn utilisant uniquement les fonctions de base de votre appareil, selon le mod\u00e8le sp\u00e9cifique, vous pouvez effectuer les traitements les plus sains et b\u00e9n\u00e9fiques pour la sant\u00e9, tels que : les traitements de sauna classiques (sauna \u00e0 vapeur et \u00e0 infrarouge), les bains d'hydroth\u00e9rapie, les douches Vichy, les massages \u00e0 vibrations douces et la chromoth\u00e9rapie. L'utilisation de produits cosm\u00e9tiques appropri\u00e9s ouvre des possibilit\u00e9s illimit\u00e9es en mati\u00e8re d'aromath\u00e9rapie, de baln\u00e9oth\u00e9rapie avec hydro- et a\u00e9romassage, d'enveloppements divers et de peelings qui peuvent \u00eatre combin\u00e9s avec les s\u00e9ances de chauffage et d'hydroth\u00e9rapie. Tous les soins corporels \u00e9num\u00e9r\u00e9s peuvent toujours \u00eatre combin\u00e9s avec des soins du visage.<\/p>\n<p>Peut-on utiliser des produits cosm\u00e9tiques dans les appareils NeoQi\u00ae ?<br \/>\nOui, l'utilisation de produits cosm\u00e9tiques appropri\u00e9s vous permettra d'obtenir des r\u00e9sultats meilleurs et plus rapides lors des traitements sur les \u00e9quipements NeoQi\u00ae. Pour cela, une ligne sp\u00e9ciale de cosm\u00e9tique marine naturelle de la marque EST\u00ed a \u00e9t\u00e9 d\u00e9velopp\u00e9e en tenant compte des caract\u00e9ristiques des bains et des cocons \u00e9nerg\u00e9tiques NeoQi\u00ae. Les cosm\u00e9tiques naturels fran\u00e7ais de haute qualit\u00e9 sont produits sur la base de la thalassoth\u00e9rapie et peuvent \u00eatre utilis\u00e9s, en plus de l'\u00e9quipement NeoQi\u00ae, sur une table de massage ordinaire.<\/p>\n<p>Y a-t-il des contre-indications \u00e0 l'utilisation des appareils NeoQi\u00ae ?<br \/>\nLes traitements sur l'\u00e9quipement NeoQi doivent \u00eatre effectu\u00e9s avec prudence. Si vous suspectez une maladie, si vous prenez des m\u00e9dicaments ou si vous avez une anamn\u00e8se n\u00e9gative, veuillez consulter votre m\u00e9decin avant d'utiliser le syst\u00e8me.<\/p>\n<p>Les traitements NeoQi\u00ae vous sont contre-indiqu\u00e9s si vous avez :<\/p>\n<p>Un traumatisme grave, une inflammation<br \/>\nFi\u00e8vre<br \/>\nInflammation aigu\u00eb ou maladie allergique de la peau, plaies<br \/>\nInsuffisance cardiovasculaire, maladie cardiaque, hypertension art\u00e9rielle<br \/>\nTroubles de la circulation<br \/>\nOed\u00e8me<br \/>\nGrandes cicatrices<br \/>\nTroubles de la perception<br \/>\nTumeurs malignes<br \/>\nTroubles de la communication, qui emp\u00eachent le patient de faire part de ses observations en cas d'inconfort ou de douleur.<br \/>\nGrossesse<\/p>\n<p>NB : LES CONTRE-INDICATIONS \u00c9NUM\u00c9R\u00c9ES NE SONT PAS ABSOLUES. Les contre-indications \u00e9num\u00e9r\u00e9es ne sont pas absolues. Avant d'utiliser l'appareil NeoQi\u00ae, consultez votre m\u00e9decin.<\/p>\n<p>Entretien et service<\/p>\n<p>Quel type d'entretien le bain\/cocon d'\u00e9nergie n\u00e9cessite-t-il ? \u00c0 quelle fr\u00e9quence l'\u00e9quipement doit-il \u00eatre entretenu ?<br \/>\nLa long\u00e9vit\u00e9 et le fonctionnement ininterrompu de votre appareil sont assur\u00e9s par son entretien r\u00e9gulier, qui comprend le nettoyage, la d\u00e9sinfection et le contr\u00f4le visuel de l'\u00e9tat g\u00e9n\u00e9ral de l'appareil apr\u00e8s chaque utilisation.<\/p>\n<p>L'entretien de routine consiste \u00e0 nettoyer le syst\u00e8me d'eau du bain et le g\u00e9n\u00e9rateur de vapeur du cocon. La fr\u00e9quence de l'entretien d\u00e9pend de la qualit\u00e9 de l'eau utilis\u00e9e, de la fr\u00e9quence d'utilisation et de la charge de travail de l'appareil.<\/p>\n<p>Comment obtenir l'assistance d'un service ?<br \/>\nSi vous rencontrez des difficult\u00e9s techniques ou des dysfonctionnements lors de l'utilisation de votre appareil, ou si vous avez besoin d'une assistance technique, veuillez remplir le formulaire de demande de service.<\/p>\n<p>Comment et o\u00f9 peut-on se procurer des pi\u00e8ces d\u00e9tach\u00e9es ?<br \/>\nLes pi\u00e8ces de rechange seront fournies par l'entreprise aupr\u00e8s de laquelle vous avez achet\u00e9 l'appareil. Vous devez fournir le num\u00e9ro de s\u00e9rie et les documents d'achat.<\/p>\n<p>Quelle est la p\u00e9riode de garantie des pi\u00e8ces d\u00e9tach\u00e9es ?<br \/>\nLa p\u00e9riode de garantie pour les pi\u00e8ces d\u00e9tach\u00e9es est de 3 mois.<\/p>","protected":false},"excerpt":{"rendered":"<p>What is an energy cocoon? A NeoQi\u00ae energy cocoon is a compact spa-complex, which allows You to enjoy different thermal and hydrotherapeutic treatments. Thanks to its versatility, the energy cocoon is an indispensable means of face and body care, all within the space of one room. For whom is the NeoQi\u00ae equipment meant? NeoQi\u00ae manufactures [&hellip;]<\/p>\n","protected":false},"author":1,"featured_media":2911,"parent":2017,"menu_order":0,"comment_status":"closed","ping_status":"closed","template":"","meta":{"_acf_changed":false,"site-sidebar-layout":"default","site-content-layout":"","ast-site-content-layout":"default","site-content-style":"default","site-sidebar-style":"default","ast-global-header-display":"","ast-banner-title-visibility":"","ast-main-header-display":"","ast-hfb-above-header-display":"","ast-hfb-below-header-display":"","ast-hfb-mobile-header-display":"","site-post-title":"","ast-breadcrumbs-content":"","ast-featured-img":"","footer-sml-layout":"","ast-disable-related-posts":"","theme-transparent-header-meta":"default","adv-header-id-meta":"","stick-header-meta":"","header-above-stick-meta":"","header-main-stick-meta":"","header-below-stick-meta":"","astra-migrate-meta-layouts":"set","ast-page-background-enabled":"default","ast-page-background-meta":{"desktop":{"background-color":"var(--ast-global-color-4)","background-image":"","background-repeat":"repeat","background-position":"center center","background-size":"auto","background-attachment":"scroll","background-type":"","background-media":"","overlay-type":"","overlay-color":"","overlay-opacity":"","overlay-gradient":""},"tablet":{"background-color":"","background-image":"","background-repeat":"repeat","background-position":"center center","background-size":"auto","background-attachment":"scroll","background-type":"","background-media":"","overlay-type":"","overlay-color":"","overlay-opacity":"","overlay-gradient":""},"mobile":{"background-color":"","background-image":"","background-repeat":"repeat","background-position":"center center","background-size":"auto","background-attachment":"scroll","background-type":"","background-media":"","overlay-type":"","overlay-color":"","overlay-opacity":"","overlay-gradient":""}},"ast-content-background-meta":{"desktop":{"background-color":"var(--ast-global-color-5)","background-image":"","background-repeat":"repeat","background-position":"center center","background-size":"auto","background-attachment":"scroll","background-type":"","background-media":"","overlay-type":"","overlay-color":"","overlay-opacity":"","overlay-gradient":""},"tablet":{"background-color":"var(--ast-global-color-5)","background-image":"","background-repeat":"repeat","background-position":"center center","background-size":"auto","background-attachment":"scroll","background-type":"","background-media":"","overlay-type":"","overlay-color":"","overlay-opacity":"","overlay-gradient":""},"mobile":{"background-color":"var(--ast-global-color-5)","background-image":"","background-repeat":"repeat","background-position":"center center","background-size":"auto","background-attachment":"scroll","background-type":"","background-media":"","overlay-type":"","overlay-color":"","overlay-opacity":"","overlay-gradient":""}},"footnotes":""},"class_list":["post-2021","page","type-page","status-publish","has-post-thumbnail","hentry"],"acf":[],"yoast_head":"<!-- This site is optimized with the Yoast SEO plugin v27.5 - https:\/\/yoast.com\/product\/yoast-seo-wordpress\/ -->\n<title>FAQ - NEOQI<\/title>\n<meta name=\"robots\" content=\"index, follow, max-snippet:-1, max-image-preview:large, max-video-preview:-1\" \/>\n<link rel=\"canonical\" href=\"https:\/\/neoqi.com\/fr\/contact-us\/faq\/\" \/>\n<meta property=\"og:locale\" content=\"fr_FR\" \/>\n<meta property=\"og:type\" content=\"article\" \/>\n<meta property=\"og:title\" content=\"FAQ - NEOQI\" \/>\n<meta property=\"og:description\" content=\"What is an energy cocoon? A NeoQi\u00ae energy cocoon is a compact spa-complex, which allows You to enjoy different thermal and hydrotherapeutic treatments. Thanks to its versatility, the energy cocoon is an indispensable means of face and body care, all within the space of one room. For whom is the NeoQi\u00ae equipment meant? NeoQi\u00ae manufactures [&hellip;]\" \/>\n<meta property=\"og:url\" content=\"https:\/\/neoqi.com\/fr\/contact-us\/faq\/\" \/>\n<meta property=\"og:site_name\" content=\"NEOQI\" \/>\n<meta property=\"article:publisher\" content=\"https:\/\/www.facebook.com\/neoqi\/\" \/>\n<meta property=\"article:modified_time\" content=\"2024-11-06T10:20:30+00:00\" \/>\n<meta property=\"og:image\" content=\"https:\/\/neoqi.com\/wp-content\/uploads\/2024\/11\/Flamingo_no_light2.jpg\" \/>\n\t<meta property=\"og:image:width\" content=\"2200\" \/>\n\t<meta property=\"og:image:height\" content=\"852\" \/>\n\t<meta property=\"og:image:type\" content=\"image\/jpeg\" \/>\n<meta name=\"twitter:card\" content=\"summary_large_image\" \/>\n<meta name=\"twitter:label1\" content=\"Dur\u00e9e de lecture estim\u00e9e\" \/>\n\t<meta name=\"twitter:data1\" content=\"5 minutes\" \/>\n<script type=\"application\/ld+json\" class=\"yoast-schema-graph\">{\"@context\":\"https:\\\/\\\/schema.org\",\"@graph\":[{\"@type\":\"WebPage\",\"@id\":\"https:\\\/\\\/neoqi.com\\\/fr\\\/contact-us\\\/faq\\\/\",\"url\":\"https:\\\/\\\/neoqi.com\\\/fr\\\/contact-us\\\/faq\\\/\",\"name\":\"FAQ - NEOQI\",\"isPartOf\":{\"@id\":\"https:\\\/\\\/neoqi.com\\\/#website\"},\"primaryImageOfPage\":{\"@id\":\"https:\\\/\\\/neoqi.com\\\/fr\\\/contact-us\\\/faq\\\/#primaryimage\"},\"image\":{\"@id\":\"https:\\\/\\\/neoqi.com\\\/fr\\\/contact-us\\\/faq\\\/#primaryimage\"},\"thumbnailUrl\":\"https:\\\/\\\/neoqi.com\\\/wp-content\\\/uploads\\\/2024\\\/11\\\/Flamingo_no_light2.jpg\",\"datePublished\":\"2024-09-06T18:26:15+00:00\",\"dateModified\":\"2024-11-06T10:20:30+00:00\",\"breadcrumb\":{\"@id\":\"https:\\\/\\\/neoqi.com\\\/fr\\\/contact-us\\\/faq\\\/#breadcrumb\"},\"inLanguage\":\"fr-FR\",\"potentialAction\":[{\"@type\":\"ReadAction\",\"target\":[\"https:\\\/\\\/neoqi.com\\\/fr\\\/contact-us\\\/faq\\\/\"]}]},{\"@type\":\"ImageObject\",\"inLanguage\":\"fr-FR\",\"@id\":\"https:\\\/\\\/neoqi.com\\\/fr\\\/contact-us\\\/faq\\\/#primaryimage\",\"url\":\"https:\\\/\\\/neoqi.com\\\/wp-content\\\/uploads\\\/2024\\\/11\\\/Flamingo_no_light2.jpg\",\"contentUrl\":\"https:\\\/\\\/neoqi.com\\\/wp-content\\\/uploads\\\/2024\\\/11\\\/Flamingo_no_light2.jpg\",\"width\":2200,\"height\":852},{\"@type\":\"BreadcrumbList\",\"@id\":\"https:\\\/\\\/neoqi.com\\\/fr\\\/contact-us\\\/faq\\\/#breadcrumb\",\"itemListElement\":[{\"@type\":\"ListItem\",\"position\":1,\"name\":\"Home\",\"item\":\"https:\\\/\\\/neoqi.com\\\/\"},{\"@type\":\"ListItem\",\"position\":2,\"name\":\"Contact Us\",\"item\":\"https:\\\/\\\/neoqi.com\\\/contact-us\\\/\"},{\"@type\":\"ListItem\",\"position\":3,\"name\":\"FAQ\"}]},{\"@type\":\"WebSite\",\"@id\":\"https:\\\/\\\/neoqi.com\\\/#website\",\"url\":\"https:\\\/\\\/neoqi.com\\\/\",\"name\":\"NEOQI\",\"description\":\"Experience Ultimate Wellness and Relaxation with NeoQi Spa Capsule: Your Path to Rejuvenation\",\"publisher\":{\"@id\":\"https:\\\/\\\/neoqi.com\\\/#organization\"},\"potentialAction\":[{\"@type\":\"SearchAction\",\"target\":{\"@type\":\"EntryPoint\",\"urlTemplate\":\"https:\\\/\\\/neoqi.com\\\/?s={search_term_string}\"},\"query-input\":{\"@type\":\"PropertyValueSpecification\",\"valueRequired\":true,\"valueName\":\"search_term_string\"}}],\"inLanguage\":\"fr-FR\"},{\"@type\":\"Organization\",\"@id\":\"https:\\\/\\\/neoqi.com\\\/#organization\",\"name\":\"NEOQI\",\"url\":\"https:\\\/\\\/neoqi.com\\\/\",\"logo\":{\"@type\":\"ImageObject\",\"inLanguage\":\"fr-FR\",\"@id\":\"https:\\\/\\\/neoqi.com\\\/#\\\/schema\\\/logo\\\/image\\\/\",\"url\":\"https:\\\/\\\/neoqi.com\\\/wp-content\\\/uploads\\\/2024\\\/09\\\/logoneosvg.svg\",\"contentUrl\":\"https:\\\/\\\/neoqi.com\\\/wp-content\\\/uploads\\\/2024\\\/09\\\/logoneosvg.svg\",\"width\":1,\"height\":1,\"caption\":\"NEOQI\"},\"image\":{\"@id\":\"https:\\\/\\\/neoqi.com\\\/#\\\/schema\\\/logo\\\/image\\\/\"},\"sameAs\":[\"https:\\\/\\\/www.facebook.com\\\/neoqi\\\/\",\"https:\\\/\\\/www.instagram.com\\\/neoqi_com\\\/\"]}]}<\/script>\n<!-- \/ Yoast SEO plugin. -->","yoast_head_json":{"title":"FAQ - NEOQI","robots":{"index":"index","follow":"follow","max-snippet":"max-snippet:-1","max-image-preview":"max-image-preview:large","max-video-preview":"max-video-preview:-1"},"canonical":"https:\/\/neoqi.com\/fr\/contact-us\/faq\/","og_locale":"fr_FR","og_type":"article","og_title":"FAQ - NEOQI","og_description":"What is an energy cocoon? A NeoQi\u00ae energy cocoon is a compact spa-complex, which allows You to enjoy different thermal and hydrotherapeutic treatments. Thanks to its versatility, the energy cocoon is an indispensable means of face and body care, all within the space of one room. For whom is the NeoQi\u00ae equipment meant? NeoQi\u00ae manufactures [&hellip;]","og_url":"https:\/\/neoqi.com\/fr\/contact-us\/faq\/","og_site_name":"NEOQI","article_publisher":"https:\/\/www.facebook.com\/neoqi\/","article_modified_time":"2024-11-06T10:20:30+00:00","og_image":[{"width":2200,"height":852,"url":"https:\/\/neoqi.com\/wp-content\/uploads\/2024\/11\/Flamingo_no_light2.jpg","type":"image\/jpeg"}],"twitter_card":"summary_large_image","twitter_misc":{"Dur\u00e9e de lecture estim\u00e9e":"5 minutes"},"schema":{"@context":"https:\/\/schema.org","@graph":[{"@type":"WebPage","@id":"https:\/\/neoqi.com\/fr\/contact-us\/faq\/","url":"https:\/\/neoqi.com\/fr\/contact-us\/faq\/","name":"FAQ - NEOQI","isPartOf":{"@id":"https:\/\/neoqi.com\/#website"},"primaryImageOfPage":{"@id":"https:\/\/neoqi.com\/fr\/contact-us\/faq\/#primaryimage"},"image":{"@id":"https:\/\/neoqi.com\/fr\/contact-us\/faq\/#primaryimage"},"thumbnailUrl":"https:\/\/neoqi.com\/wp-content\/uploads\/2024\/11\/Flamingo_no_light2.jpg","datePublished":"2024-09-06T18:26:15+00:00","dateModified":"2024-11-06T10:20:30+00:00","breadcrumb":{"@id":"https:\/\/neoqi.com\/fr\/contact-us\/faq\/#breadcrumb"},"inLanguage":"fr-FR","potentialAction":[{"@type":"ReadAction","target":["https:\/\/neoqi.com\/fr\/contact-us\/faq\/"]}]},{"@type":"ImageObject","inLanguage":"fr-FR","@id":"https:\/\/neoqi.com\/fr\/contact-us\/faq\/#primaryimage","url":"https:\/\/neoqi.com\/wp-content\/uploads\/2024\/11\/Flamingo_no_light2.jpg","contentUrl":"https:\/\/neoqi.com\/wp-content\/uploads\/2024\/11\/Flamingo_no_light2.jpg","width":2200,"height":852},{"@type":"BreadcrumbList","@id":"https:\/\/neoqi.com\/fr\/contact-us\/faq\/#breadcrumb","itemListElement":[{"@type":"ListItem","position":1,"name":"Home","item":"https:\/\/neoqi.com\/"},{"@type":"ListItem","position":2,"name":"Contact Us","item":"https:\/\/neoqi.com\/contact-us\/"},{"@type":"ListItem","position":3,"name":"FAQ"}]},{"@type":"WebSite","@id":"https:\/\/neoqi.com\/#website","url":"https:\/\/neoqi.com\/","name":"NEOQI","description":"Faites l'exp\u00e9rience du bien-\u00eatre et de la relaxation ultimes avec NeoQi Spa Capsule : Votre chemin vers le rajeunissement","publisher":{"@id":"https:\/\/neoqi.com\/#organization"},"potentialAction":[{"@type":"SearchAction","target":{"@type":"EntryPoint","urlTemplate":"https:\/\/neoqi.com\/?s={search_term_string}"},"query-input":{"@type":"PropertyValueSpecification","valueRequired":true,"valueName":"search_term_string"}}],"inLanguage":"fr-FR"},{"@type":"Organization","@id":"https:\/\/neoqi.com\/#organization","name":"NEOQI","url":"https:\/\/neoqi.com\/","logo":{"@type":"ImageObject","inLanguage":"fr-FR","@id":"https:\/\/neoqi.com\/#\/schema\/logo\/image\/","url":"https:\/\/neoqi.com\/wp-content\/uploads\/2024\/09\/logoneosvg.svg","contentUrl":"https:\/\/neoqi.com\/wp-content\/uploads\/2024\/09\/logoneosvg.svg","width":1,"height":1,"caption":"NEOQI"},"image":{"@id":"https:\/\/neoqi.com\/#\/schema\/logo\/image\/"},"sameAs":["https:\/\/www.facebook.com\/neoqi\/","https:\/\/www.instagram.com\/neoqi_com\/"]}]}},"_links":{"self":[{"href":"https:\/\/neoqi.com\/fr\/wp-json\/wp\/v2\/pages\/2021","targetHints":{"allow":["GET"]}}],"collection":[{"href":"https:\/\/neoqi.com\/fr\/wp-json\/wp\/v2\/pages"}],"about":[{"href":"https:\/\/neoqi.com\/fr\/wp-json\/wp\/v2\/types\/page"}],"author":[{"embeddable":true,"href":"https:\/\/neoqi.com\/fr\/wp-json\/wp\/v2\/users\/1"}],"replies":[{"embeddable":true,"href":"https:\/\/neoqi.com\/fr\/wp-json\/wp\/v2\/comments?post=2021"}],"version-history":[{"count":1,"href":"https:\/\/neoqi.com\/fr\/wp-json\/wp\/v2\/pages\/2021\/revisions"}],"predecessor-version":[{"id":2022,"href":"https:\/\/neoqi.com\/fr\/wp-json\/wp\/v2\/pages\/2021\/revisions\/2022"}],"up":[{"embeddable":true,"href":"https:\/\/neoqi.com\/fr\/wp-json\/wp\/v2\/pages\/2017"}],"wp:featuredmedia":[{"embeddable":true,"href":"https:\/\/neoqi.com\/fr\/wp-json\/wp\/v2\/media\/2911"}],"wp:attachment":[{"href":"https:\/\/neoqi.com\/fr\/wp-json\/wp\/v2\/media?parent=2021"}],"curies":[{"name":"wp","href":"https:\/\/api.w.org\/{rel}","templated":true}]}}