{"id":2225,"date":"2024-09-07T00:17:14","date_gmt":"2024-09-06T21:17:14","guid":{"rendered":"http:\/\/neoqi.com\/?page_id=2225"},"modified":"2024-09-07T13:06:41","modified_gmt":"2024-09-07T10:06:41","slug":"about-esti-marine-organic-cosmetics","status":"publish","type":"page","link":"https:\/\/neoqi.com\/fr\/cosmetics\/about-esti-marine-organic-cosmetics\/","title":{"rendered":"\u00c0 propos de ESTi Marine Organic Cosmetics"},"content":{"rendered":"<p>Les produits EST\u00ed sont fabriqu\u00e9s en France, \u00e0 la pointe ouest de la Bretagne - class\u00e9e r\u00e9serve mondiale de biosph\u00e8re par l'UNESCO - et offrent une large gamme de cosm\u00e9tiques marins et de produits de beaut\u00e9.\u00a0<a href=\"http:\/\/neoqi.com\/fr\/cosmetics\/spa-treatments-with-esti\/\">soins professionnels avec ESTi<\/a>Ce produit a \u00e9t\u00e9 con\u00e7u exclusivement pour \u00eatre utilis\u00e9 avec l'\u00e9quipement NeoQi dans les centres de bien-\u00eatre, les centres de sant\u00e9, les cliniques, les centres de thalassoth\u00e9rapie, les centres SPA et les salons de beaut\u00e9.<\/p>\n<p>EST\u00ed cosmetics utilise des technologies uniques bas\u00e9es sur l'utilisation des ressources marines dans la production de toute la gamme, con\u00e7ue par des professionnels de la thalassoth\u00e9rapie.<\/p>\n<p>L'utilisation de produits thalassoth\u00e9rapeutiques dans l'\u00e9quipement NeoQi nous permet d'obtenir des r\u00e9sultats \u00e9clatants et \u00e0 long terme !<\/p>\n<p>Philosophie de la marque - principes fondamentaux :<\/p>\n<ol>\n<li>Respect de l'environnement<\/li>\n<li>Efficacit\u00e9<\/li>\n<li>Authenticit\u00e9<\/li>\n<li>Traitements personnalis\u00e9s<\/li>\n<\/ol>\n<p>Les cosm\u00e9tiques EST\u00ed ont combin\u00e9 le pouvoir de l'oc\u00e9an, la valeur nutritionnelle des algues et de l'eau de mer, qui sont utilis\u00e9s dans une vari\u00e9t\u00e9 de programmes de traitement, tels que<\/p>\n<ul>\n<li>Thalassoth\u00e9rapie<\/li>\n<li>Algoth\u00e9rapie<\/li>\n<li>Baln\u00e9oth\u00e9rapie<\/li>\n<li>La th\u00e9rapie par la boue<\/li>\n<li>Programmes SPA<\/li>\n<\/ul>\n<p>La gamme de produits EST\u00ed comprend des programmes de traitement professionnel pour le visage et le corps : enveloppements d'algues, baln\u00e9oth\u00e9rapie \u00e0 base d'eau de mer et d'algues, \u00e9l\u00e9ments de boue, traitements locaux pour la correction des zones \u00e0 probl\u00e8mes, traitements SPA. En outre, les fabricants ont mis au point des produits sp\u00e9ciaux \u00e0 usage domestique qui prolongent l'effet des soins professionnels. Il s'agit de traitements innovants et efficaces, concentrant tout le meilleur de la mer et des algues exclusivement pour interagir harmonieusement avec le corps.<\/p>\n<p>La vari\u00e9t\u00e9 des produits EST\u00ed vous offre des possibilit\u00e9s illimit\u00e9es d'utilisation de votre \u00e9quipement NeoQi\u00ae.<\/p>\n<p>La composition des ingr\u00e9dients de\u00a0<strong>cosm\u00e9tiques professionnels SPA<\/strong>\u00a0<a href=\"http:\/\/neoqi.com\/fr\/cosmetics\/for-body\/\">pour le corps<\/a>\u00a0et\u00a0<a href=\"http:\/\/neoqi.com\/fr\/cosmetics\/for-face\/\">pour le visage<\/a>\u00a0comprennent des extraits purs et des ingr\u00e9dients actifs tels que des min\u00e9raux, des vitamines, des antioxydants. Leur synergie permet de lutter efficacement contre le vieillissement, de r\u00e9tablir l'\u00e9quilibre min\u00e9ral, d'\u00e9liminer les d\u00e9chets et les toxines de l'organisme, de stimuler le m\u00e9tabolisme, de restaurer la structure et la jeunesse de la peau, de r\u00e9sister aux effets n\u00e9fastes de la pollution environnementale.<\/p>\n<p>Les cosm\u00e9tiques EST\u00ed sont sans parab\u00e8nes, sans parfums synth\u00e9tiques, sans colorants ni conservateurs. En outre, de nombreux produits sont certifi\u00e9s par Ecocert Greenlife, qui confirme l'origine et le processus de fabrication des cosm\u00e9tiques biologiques respectueux de l'environnement.<\/p>\n<p>&nbsp;<\/p>\n<h2><a name=\"_Toc415651671\"><\/a>Effets sur l'organisme<\/h2>\n<h2><\/h2>\n<p>Les nouvelles tendances en mati\u00e8re de soins du visage et du corps dans les SPA ne pr\u00e9voient pas l'utilisation de techniques agressives, donnant la priorit\u00e9 \u00e0 l'efficacit\u00e9 et \u00e0 l'influence douce des ingr\u00e9dients naturels, ainsi qu'\u00e0 la s\u00e9curit\u00e9 et au confort des traitements.<\/p>\n<p>L'action des cosm\u00e9tiques EST\u00ed n'est pas seulement esth\u00e9tique, mais vise \u00e9galement \u00e0 am\u00e9liorer le bien-\u00eatre g\u00e9n\u00e9ral de l'organisme, gr\u00e2ce \u00e0 l'activation des processus m\u00e9taboliques, \u00e0 l'acc\u00e9l\u00e9ration de l'\u00e9limination des toxines et \u00e0 la stimulation de la circulation sanguine.<\/p>\n<p>L'am\u00e9lioration de l'\u00e9tat int\u00e9rieur du corps a un impact direct sur notre apparence. Sant\u00e9 et beaut\u00e9 deviennent synonymes.<\/p>\n<ul>\n<li>Les produits et les programmes utilisant les cosm\u00e9tiques EST\u00ed sont destin\u00e9s \u00e0.. :<\/li>\n<li>l'\u00e9limination des cons\u00e9quences et de la pr\u00e9sence de fatigue chronique et de stress<\/li>\n<li>la remin\u00e9ralisation du corps<\/li>\n<li>renforcer les zones atoniques du corps<\/li>\n<li>formation d'une silhouette harmonieuse<\/li>\n<li>perte de poids et amincissement<\/li>\n<li>d\u00e9sintoxication puissante<\/li>\n<li>normalisation du m\u00e9tabolisme<\/li>\n<li>r\u00e9tablir les formes et la puissance<\/li>\n<\/ul>\n<p>Gr\u00e2ce \u00e0 sa consistance micronis\u00e9e et \u00e0 sa solubilit\u00e9 dans l'eau, la gamme de produits cosm\u00e9tiques EST\u00ed est tr\u00e8s confortable et facile \u00e0 utiliser dans tous les cocons et bains \u00e9nerg\u00e9tiques NeoQi. L'ar\u00f4me \u00e0 la fois doux et intense de chaque produit a un impact sur les cellules r\u00e9ceptrices d'odeurs, offrant ainsi le b\u00e9n\u00e9fice suppl\u00e9mentaire d'une aromath\u00e9rapie.<\/p>\n<p>Efficacit\u00e9, r\u00e9sultats visibles, \u00e9clatants et durables, accompagnement de chaque client, telles sont les qualit\u00e9s qui font d'EST\u00ed l'une des \u00e9toiles les plus brillantes de la thalassoth\u00e9rapie.<\/p>\n<p><strong>\u00a0<\/strong><\/p>\n<h2><a name=\"_Toc415651672\"><\/a>Thalassoth\u00e9rapie<\/h2>\n<h2><\/h2>\n<p>A ce jour, la France, pays producteur des cosm\u00e9tiques EST\u00ed, reste le centre de la thalassoth\u00e9rapie.\u00a0<em>(du grec \"thalassa\" - c'est-\u00e0-dire la mer, \"therapia\" - c'est-\u00e0-dire le traitement)<\/em><\/p>\n<p>La thalassoth\u00e9rapie est l'utilisation th\u00e9rapeutique de l'oc\u00e9an, de son climat et des produits marins tels que les algues, la boue, les cristaux de sel de mer. Elle peut \u00eatre utilis\u00e9e en compl\u00e9ment de tout autre moyen th\u00e9rapeutique, comme le massage manuel classique ou l'hydroth\u00e9rapie.<\/p>\n<p>La nature et le climat maritimes, la vue panoramique sur l'horizon, le murmure de la mer et l'air marin sal\u00e9 ont un effet relaxant, \u00e9quilibrant et sain sur une personne, permettant de restaurer l'harmonie du corps et de l'esprit.<\/p>\n<p>Le pouvoir vital de l'eau de mer \u00e9tait connu depuis des temps imm\u00e9moriaux pour gu\u00e9rir et rajeunir les gens, mais ce n'est qu'au XIXe si\u00e8cle, en France, qu'il a \u00e9t\u00e9 d\u00e9sign\u00e9 comme une forme de th\u00e9rapie.<\/p>\n<p>La thalassoth\u00e9rapie moderne continue de baser ses traitements sur une combinaison d'eau de mer, d'algues et de chaleur, en conjonction avec des proc\u00e9dures scientifiques, des crit\u00e8res et des technologies de pointe.<\/p>\n<p>Les principaux composants des effets thalassoth\u00e9rapeutiques sont les suivants :<\/p>\n<p>L'eau de mer est la source de traces essentielles d'iode, de magn\u00e9sium, de calcium, de soufre, de potassium, de fer, de cuivre, de phosphore, de zinc, de s\u00e9l\u00e9nium, de brome, de mangan\u00e8se et de bien d'autres substances. Il est scientifiquement prouv\u00e9 que la composition min\u00e9rale de l'eau de mer est presque identique \u00e0 celle du plasma sanguin humain et que, par cons\u00e9quent, pr\u00e8s de 100% des principes actifs qu'elle contient sont absorb\u00e9s par le corps humain. En m\u00eame temps, gr\u00e2ce au ph\u00e9nom\u00e8ne naturel de l'\u00e9change osmotique, le corps consomme pr\u00e9cis\u00e9ment la quantit\u00e9 de composants utiles d'origine marine dont il a besoin \u00e0 un moment donn\u00e9.<\/p>\n<p>Les algues - un maillon essentiel de la thalassoth\u00e9rapie, elles ont la capacit\u00e9 de compenser les substances bioactives manquantes dans le corps humain. Les scientifiques estiment que plus de 150 min\u00e9raux et oligo-\u00e9l\u00e9ments sont utilis\u00e9s dans les diff\u00e9rents traitements de thalassoth\u00e9rapie. Les algues ont \u00e9galement la capacit\u00e9 d'accumuler, au cours de leur croissance et de leur vie, diff\u00e9rents min\u00e9raux et oligo-\u00e9l\u00e9ments qui interviennent dans la synth\u00e8se d'enzymes, de vitamines et d'hormones, ainsi que dans le fonctionnement des cellules. Le processus d'extraction et de transformation des algues s'accompagne de toutes les r\u00e8gles n\u00e9cessaires \u00e0 la pr\u00e9servation de leurs propri\u00e9t\u00e9s utiles et de leurs substances actives.<\/p>\n<p>Gr\u00e2ce \u00e0 la thalassoth\u00e9rapie, il est possible d'obtenir des r\u00e9sultats \u00e0 la fois esth\u00e9tiques et th\u00e9rapeutiques. La thalassoth\u00e9rapie peut soulager la personne de divers probl\u00e8mes et maladies :<\/p>\n<ul>\n<li>restauration et rajeunissement de la peau, hydratation des peaux s\u00e8ches et sensibles<\/li>\n<li>am\u00e9liorer la circulation sanguine locale et les processus m\u00e9taboliques dans l'organisme<\/li>\n<li>le traitement des cellulites et des probl\u00e8mes de surpoids (la combinaison d'un traitement complet et d'une alimentation appropri\u00e9e permet de perdre jusqu'\u00e0 2 kg par semaine)<\/li>\n<li>un impact positif sur le syst\u00e8me nerveux et la gestion du stress<\/li>\n<li>l'am\u00e9lioration du syst\u00e8me respiratoire et du fonctionnement de la glande thyro\u00efde<\/li>\n<li>l'\u00e9limination des toxines et de l'exc\u00e8s de graisse dans l'organisme<\/li>\n<li>traitement des rhumatismes inflammatoires, de l'arthrose, des cons\u00e9quences des blessures, soulagement des syndromes douloureux<\/li>\n<li>soulager l'\u00e9tat des patients oncologiques<\/li>\n<li>la restauration du corps apr\u00e8s un accouchement, une blessure, une intervention chirurgicale (y compris plastique).<\/li>\n<\/ul>\n<p>&nbsp;<\/p>\n<h2><a name=\"_Toc415651673\"><\/a>Ingr\u00e9dients<\/h2>\n<p>Les ingr\u00e9dients des cosm\u00e9tiques, extraits des eaux de la mer d'Iroise, sont comme un \u00e9lixir miraculeux, rempli d'\u00e9l\u00e9ments essentiels n\u00e9cessaires \u00e0 la sant\u00e9 de la peau.<\/p>\n<p>Les algues et l'eau de mer, enrichies en nutriments, ainsi que l'exp\u00e9rience et les capacit\u00e9s de l'usine de production de cosm\u00e9tiques ESTI - leader dans la r\u00e9colte, la transformation et la valorisation des ressources marines - nous permettent de vous apporter une source unique de vitalit\u00e9, de sant\u00e9 et de beaut\u00e9.<\/p>\n<p>Il existe plus de 20 esp\u00e8ces diff\u00e9rentes de\u00a0<strong>algues<\/strong>\u00a0utilis\u00e9s dans les produits cosm\u00e9tiques EST\u00ed.  La composition et l'effet th\u00e9rapeutique de chaque type diff\u00e8rent les uns des autres et pr\u00e9sentent des caract\u00e9ristiques uniques. Les composants les plus brillants des produits EST\u00ed sont les algues brunes Laminaria Digitata et Fucus Vesiculosus, qui, gr\u00e2ce \u00e0 leurs puissantes propri\u00e9t\u00e9s drainantes et lipolytiques, sont les chefs de file de tous les traitements anticellulite. L'algue rouge Lithotamnium Calcareum pr\u00e9vient la perte de calcium et pr\u00e9serve la structure osseuse, et Hondrus Crispus, en tant que source d'acide hyaluronique naturel, apporte un effet d'hydratation prononc\u00e9. L'algue verte Ulva Laktuka est responsable de la synth\u00e8se du collag\u00e8ne, ce qui maintient la tonicit\u00e9 des tissus conjonctifs. La reine des algues - l'algue bleue exotique Spirulina - championne de la teneur en prot\u00e9ines, a un puissant effet fortifiant et liftant imm\u00e9diat. Les m\u00e9decins connaissent et appr\u00e9cient depuis longtemps les excellentes propri\u00e9t\u00e9s de la spiruline en mati\u00e8re de stimulation du syst\u00e8me immunitaire, de protection oncologique et d'antioxydation. La m\u00e9thode moderne de transformation des algues en une consistance micronis\u00e9e permet aux ingr\u00e9dients de p\u00e9n\u00e9trer facilement et plus profond\u00e9ment dans la peau pendant les enveloppements et les bains, ce qui entra\u00eene des effets non seulement locaux, mais aussi syst\u00e9miques sur le corps.<\/p>\n<p>En outre, les algues sont 100% pures et naturelles.\u00a0<strong>huiles essentielles<\/strong>\u00a0sont utilis\u00e9s et regroup\u00e9s en quatre complexes uniques aux effets amincissants, relaxants, circulatoires et tonifiants. L'effet synergique et la dispersion de ce complexe dans l'eau assurent une r\u00e9partition homog\u00e8ne, optimisant ainsi la diffusion des mol\u00e9cules actives.<\/p>\n<p>Il est prouv\u00e9 que la composition de\u00a0<strong>eau de mer<\/strong>\u00a0est pratiquement identique \u00e0 celle du plasma sanguin humain, et donc pr\u00e8s de 100% des principes actifs qu'elle contient sont absorb\u00e9s par le corps humain. En m\u00eame temps,\u00a0<strong>sel de mer<\/strong>\u00a0\"inclut\" le ph\u00e9nom\u00e8ne d'\u00e9change osmotique. De ce fait, notre organisme consomme le nombre exact de principes actifs dont il a besoin au moment m\u00eame, selon le principe des vases communicants.<\/p>\n<p>Il existe \u00e9galement deux projets innovants\u00a0<strong>complexes<\/strong>\u00a0dans la composition des ingr\u00e9dients des produits - Thali'source et Oligo'source.<\/p>\n<p>Les cosm\u00e9tiques EST\u00ed sont sans parab\u00e8nes, sans parfums synth\u00e9tiques, sans colorants ni conservateurs. En outre, de nombreux produits sont certifi\u00e9s par Ecocert Greenlife, qui confirme l'origine et le processus de fabrication des cosm\u00e9tiques biologiques respectueux de l'environnement.<\/p>","protected":false},"excerpt":{"rendered":"<p>Products of EST\u00ed are produced in France, at the western tip of Brittany \u2013 classed as a world Biosphere reserve by UNESCO, offer a wide range of marine cosmetics and\u00a0professional spa treatments with ESTi, exclusively designed to be used with NeoQi equipment in wellness centers, health centers, clinics, thalassotherapy centers, SPA-centers and beauty salons. EST\u00ed [&hellip;]<\/p>\n","protected":false},"author":1,"featured_media":0,"parent":2223,"menu_order":0,"comment_status":"closed","ping_status":"closed","template":"","meta":{"_acf_changed":false,"site-sidebar-layout":"default","site-content-layout":"","ast-site-content-layout":"default","site-content-style":"default","site-sidebar-style":"default","ast-global-header-display":"","ast-banner-title-visibility":"","ast-main-header-display":"","ast-hfb-above-header-display":"","ast-hfb-below-header-display":"","ast-hfb-mobile-header-display":"","site-post-title":"","ast-breadcrumbs-content":"","ast-featured-img":"","footer-sml-layout":"","ast-disable-related-posts":"","theme-transparent-header-meta":"default","adv-header-id-meta":"","stick-header-meta":"","header-above-stick-meta":"","header-main-stick-meta":"","header-below-stick-meta":"","astra-migrate-meta-layouts":"set","ast-page-background-enabled":"default","ast-page-background-meta":{"desktop":{"background-color":"var(--ast-global-color-4)","background-image":"","background-repeat":"repeat","background-position":"center center","background-size":"auto","background-attachment":"scroll","background-type":"","background-media":"","overlay-type":"","overlay-color":"","overlay-opacity":"","overlay-gradient":""},"tablet":{"background-color":"","background-image":"","background-repeat":"repeat","background-position":"center center","background-size":"auto","background-attachment":"scroll","background-type":"","background-media":"","overlay-type":"","overlay-color":"","overlay-opacity":"","overlay-gradient":""},"mobile":{"background-color":"","background-image":"","background-repeat":"repeat","background-position":"center center","background-size":"auto","background-attachment":"scroll","background-type":"","background-media":"","overlay-type":"","overlay-color":"","overlay-opacity":"","overlay-gradient":""}},"ast-content-background-meta":{"desktop":{"background-color":"var(--ast-global-color-5)","background-image":"","background-repeat":"repeat","background-position":"center center","background-size":"auto","background-attachment":"scroll","background-type":"","background-media":"","overlay-type":"","overlay-color":"","overlay-opacity":"","overlay-gradient":""},"tablet":{"background-color":"var(--ast-global-color-5)","background-image":"","background-repeat":"repeat","background-position":"center center","background-size":"auto","background-attachment":"scroll","background-type":"","background-media":"","overlay-type":"","overlay-color":"","overlay-opacity":"","overlay-gradient":""},"mobile":{"background-color":"var(--ast-global-color-5)","background-image":"","background-repeat":"repeat","background-position":"center center","background-size":"auto","background-attachment":"scroll","background-type":"","background-media":"","overlay-type":"","overlay-color":"","overlay-opacity":"","overlay-gradient":""}},"footnotes":""},"class_list":["post-2225","page","type-page","status-publish","hentry"],"acf":[],"yoast_head":"<!-- This site is optimized with the Yoast SEO plugin v27.4 - https:\/\/yoast.com\/product\/yoast-seo-wordpress\/ -->\n<title>About ESTi Marine Organic Cosmetics - NEOQI<\/title>\n<meta name=\"robots\" content=\"index, follow, max-snippet:-1, max-image-preview:large, max-video-preview:-1\" \/>\n<link rel=\"canonical\" href=\"https:\/\/neoqi.com\/fr\/cosmetics\/about-esti-marine-organic-cosmetics\/\" \/>\n<meta property=\"og:locale\" content=\"fr_FR\" \/>\n<meta property=\"og:type\" content=\"article\" \/>\n<meta property=\"og:title\" content=\"About ESTi Marine Organic Cosmetics - NEOQI\" \/>\n<meta property=\"og:description\" content=\"Products of EST\u00ed are produced in France, at the western tip of Brittany \u2013 classed as a world Biosphere reserve by UNESCO, offer a wide range of marine cosmetics and\u00a0professional spa treatments with ESTi, exclusively designed to be used with NeoQi equipment in wellness centers, health centers, clinics, thalassotherapy centers, SPA-centers and beauty salons. EST\u00ed [&hellip;]\" \/>\n<meta property=\"og:url\" content=\"https:\/\/neoqi.com\/fr\/cosmetics\/about-esti-marine-organic-cosmetics\/\" \/>\n<meta property=\"og:site_name\" content=\"NEOQI\" \/>\n<meta property=\"article:publisher\" content=\"https:\/\/www.facebook.com\/neoqi\/\" \/>\n<meta property=\"article:modified_time\" content=\"2024-09-07T10:06:41+00:00\" \/>\n<meta name=\"twitter:card\" content=\"summary_large_image\" \/>\n<meta name=\"twitter:label1\" content=\"Dur\u00e9e de lecture estim\u00e9e\" \/>\n\t<meta name=\"twitter:data1\" content=\"7 minutes\" \/>\n<script type=\"application\/ld+json\" class=\"yoast-schema-graph\">{\"@context\":\"https:\\\/\\\/schema.org\",\"@graph\":[{\"@type\":\"WebPage\",\"@id\":\"https:\\\/\\\/neoqi.com\\\/cosmetics\\\/about-esti-marine-organic-cosmetics\\\/\",\"url\":\"https:\\\/\\\/neoqi.com\\\/cosmetics\\\/about-esti-marine-organic-cosmetics\\\/\",\"name\":\"About ESTi Marine Organic Cosmetics - NEOQI\",\"isPartOf\":{\"@id\":\"https:\\\/\\\/neoqi.com\\\/#website\"},\"datePublished\":\"2024-09-06T21:17:14+00:00\",\"dateModified\":\"2024-09-07T10:06:41+00:00\",\"breadcrumb\":{\"@id\":\"https:\\\/\\\/neoqi.com\\\/cosmetics\\\/about-esti-marine-organic-cosmetics\\\/#breadcrumb\"},\"inLanguage\":\"fr-FR\",\"potentialAction\":[{\"@type\":\"ReadAction\",\"target\":[\"https:\\\/\\\/neoqi.com\\\/cosmetics\\\/about-esti-marine-organic-cosmetics\\\/\"]}]},{\"@type\":\"BreadcrumbList\",\"@id\":\"https:\\\/\\\/neoqi.com\\\/cosmetics\\\/about-esti-marine-organic-cosmetics\\\/#breadcrumb\",\"itemListElement\":[{\"@type\":\"ListItem\",\"position\":1,\"name\":\"Home\",\"item\":\"https:\\\/\\\/neoqi.com\\\/\"},{\"@type\":\"ListItem\",\"position\":2,\"name\":\"Cosmetics\",\"item\":\"https:\\\/\\\/neoqi.com\\\/cosmetics\\\/\"},{\"@type\":\"ListItem\",\"position\":3,\"name\":\"About ESTi Marine Organic Cosmetics\"}]},{\"@type\":\"WebSite\",\"@id\":\"https:\\\/\\\/neoqi.com\\\/#website\",\"url\":\"https:\\\/\\\/neoqi.com\\\/\",\"name\":\"NEOQI\",\"description\":\"Experience Ultimate Wellness and Relaxation with NeoQi Spa Capsule: Your Path to Rejuvenation\",\"publisher\":{\"@id\":\"https:\\\/\\\/neoqi.com\\\/#organization\"},\"potentialAction\":[{\"@type\":\"SearchAction\",\"target\":{\"@type\":\"EntryPoint\",\"urlTemplate\":\"https:\\\/\\\/neoqi.com\\\/?s={search_term_string}\"},\"query-input\":{\"@type\":\"PropertyValueSpecification\",\"valueRequired\":true,\"valueName\":\"search_term_string\"}}],\"inLanguage\":\"fr-FR\"},{\"@type\":\"Organization\",\"@id\":\"https:\\\/\\\/neoqi.com\\\/#organization\",\"name\":\"NEOQI\",\"url\":\"https:\\\/\\\/neoqi.com\\\/\",\"logo\":{\"@type\":\"ImageObject\",\"inLanguage\":\"fr-FR\",\"@id\":\"https:\\\/\\\/neoqi.com\\\/#\\\/schema\\\/logo\\\/image\\\/\",\"url\":\"https:\\\/\\\/neoqi.com\\\/wp-content\\\/uploads\\\/2024\\\/09\\\/logoneosvg.svg\",\"contentUrl\":\"https:\\\/\\\/neoqi.com\\\/wp-content\\\/uploads\\\/2024\\\/09\\\/logoneosvg.svg\",\"width\":1,\"height\":1,\"caption\":\"NEOQI\"},\"image\":{\"@id\":\"https:\\\/\\\/neoqi.com\\\/#\\\/schema\\\/logo\\\/image\\\/\"},\"sameAs\":[\"https:\\\/\\\/www.facebook.com\\\/neoqi\\\/\",\"https:\\\/\\\/www.instagram.com\\\/neoqi_com\\\/\"]}]}<\/script>\n<!-- \/ Yoast SEO plugin. -->","yoast_head_json":{"title":"About ESTi Marine Organic Cosmetics - NEOQI","robots":{"index":"index","follow":"follow","max-snippet":"max-snippet:-1","max-image-preview":"max-image-preview:large","max-video-preview":"max-video-preview:-1"},"canonical":"https:\/\/neoqi.com\/fr\/cosmetics\/about-esti-marine-organic-cosmetics\/","og_locale":"fr_FR","og_type":"article","og_title":"About ESTi Marine Organic Cosmetics - NEOQI","og_description":"Products of EST\u00ed are produced in France, at the western tip of Brittany \u2013 classed as a world Biosphere reserve by UNESCO, offer a wide range of marine cosmetics and\u00a0professional spa treatments with ESTi, exclusively designed to be used with NeoQi equipment in wellness centers, health centers, clinics, thalassotherapy centers, SPA-centers and beauty salons. EST\u00ed [&hellip;]","og_url":"https:\/\/neoqi.com\/fr\/cosmetics\/about-esti-marine-organic-cosmetics\/","og_site_name":"NEOQI","article_publisher":"https:\/\/www.facebook.com\/neoqi\/","article_modified_time":"2024-09-07T10:06:41+00:00","twitter_card":"summary_large_image","twitter_misc":{"Dur\u00e9e de lecture estim\u00e9e":"7 minutes"},"schema":{"@context":"https:\/\/schema.org","@graph":[{"@type":"WebPage","@id":"https:\/\/neoqi.com\/cosmetics\/about-esti-marine-organic-cosmetics\/","url":"https:\/\/neoqi.com\/cosmetics\/about-esti-marine-organic-cosmetics\/","name":"About ESTi Marine Organic Cosmetics - NEOQI","isPartOf":{"@id":"https:\/\/neoqi.com\/#website"},"datePublished":"2024-09-06T21:17:14+00:00","dateModified":"2024-09-07T10:06:41+00:00","breadcrumb":{"@id":"https:\/\/neoqi.com\/cosmetics\/about-esti-marine-organic-cosmetics\/#breadcrumb"},"inLanguage":"fr-FR","potentialAction":[{"@type":"ReadAction","target":["https:\/\/neoqi.com\/cosmetics\/about-esti-marine-organic-cosmetics\/"]}]},{"@type":"BreadcrumbList","@id":"https:\/\/neoqi.com\/cosmetics\/about-esti-marine-organic-cosmetics\/#breadcrumb","itemListElement":[{"@type":"ListItem","position":1,"name":"Home","item":"https:\/\/neoqi.com\/"},{"@type":"ListItem","position":2,"name":"Cosmetics","item":"https:\/\/neoqi.com\/cosmetics\/"},{"@type":"ListItem","position":3,"name":"About ESTi Marine Organic Cosmetics"}]},{"@type":"WebSite","@id":"https:\/\/neoqi.com\/#website","url":"https:\/\/neoqi.com\/","name":"NEOQI","description":"Faites l'exp\u00e9rience du bien-\u00eatre et de la relaxation ultimes avec NeoQi Spa Capsule : Votre chemin vers le rajeunissement","publisher":{"@id":"https:\/\/neoqi.com\/#organization"},"potentialAction":[{"@type":"SearchAction","target":{"@type":"EntryPoint","urlTemplate":"https:\/\/neoqi.com\/?s={search_term_string}"},"query-input":{"@type":"PropertyValueSpecification","valueRequired":true,"valueName":"search_term_string"}}],"inLanguage":"fr-FR"},{"@type":"Organization","@id":"https:\/\/neoqi.com\/#organization","name":"NEOQI","url":"https:\/\/neoqi.com\/","logo":{"@type":"ImageObject","inLanguage":"fr-FR","@id":"https:\/\/neoqi.com\/#\/schema\/logo\/image\/","url":"https:\/\/neoqi.com\/wp-content\/uploads\/2024\/09\/logoneosvg.svg","contentUrl":"https:\/\/neoqi.com\/wp-content\/uploads\/2024\/09\/logoneosvg.svg","width":1,"height":1,"caption":"NEOQI"},"image":{"@id":"https:\/\/neoqi.com\/#\/schema\/logo\/image\/"},"sameAs":["https:\/\/www.facebook.com\/neoqi\/","https:\/\/www.instagram.com\/neoqi_com\/"]}]}},"_links":{"self":[{"href":"https:\/\/neoqi.com\/fr\/wp-json\/wp\/v2\/pages\/2225","targetHints":{"allow":["GET"]}}],"collection":[{"href":"https:\/\/neoqi.com\/fr\/wp-json\/wp\/v2\/pages"}],"about":[{"href":"https:\/\/neoqi.com\/fr\/wp-json\/wp\/v2\/types\/page"}],"author":[{"embeddable":true,"href":"https:\/\/neoqi.com\/fr\/wp-json\/wp\/v2\/users\/1"}],"replies":[{"embeddable":true,"href":"https:\/\/neoqi.com\/fr\/wp-json\/wp\/v2\/comments?post=2225"}],"version-history":[{"count":1,"href":"https:\/\/neoqi.com\/fr\/wp-json\/wp\/v2\/pages\/2225\/revisions"}],"predecessor-version":[{"id":2226,"href":"https:\/\/neoqi.com\/fr\/wp-json\/wp\/v2\/pages\/2225\/revisions\/2226"}],"up":[{"embeddable":true,"href":"https:\/\/neoqi.com\/fr\/wp-json\/wp\/v2\/pages\/2223"}],"wp:attachment":[{"href":"https:\/\/neoqi.com\/fr\/wp-json\/wp\/v2\/media?parent=2225"}],"curies":[{"name":"wp","href":"https:\/\/api.w.org\/{rel}","templated":true}]}}