{"id":2025,"date":"2024-09-07T02:06:07","date_gmt":"2024-09-06T23:06:07","guid":{"rendered":"http:\/\/neoqi.com\/?post_type=product&#038;p=2025"},"modified":"2024-12-03T18:37:36","modified_gmt":"2024-12-03T15:37:36","slug":"flamingo","status":"publish","type":"product","link":"https:\/\/neoqi.com\/fr\/produit\/flamingo\/","title":{"rendered":"Flamingo"},"content":{"rendered":"<p><strong>Les principaux traitements de NeoQi\u00ae Flamingo<\/strong><\/p>\n<p><strong>Traitement thermique (vapeur et\/ou sauna infrarouge)<\/strong>. La capsule Flamingo SPA offre la possibilit\u00e9 de profiter des propri\u00e9t\u00e9s curatives de la thermoth\u00e9rapie. Les saunas \u00e0 vapeur et \u00e0 infrarouge diffusent une chaleur douce sur le corps, caressant la peau d'un brouillard chaud et r\u00e9chauffant tout le corps. Les s\u00e9ances de vapeur permettent d'obtenir les meilleurs r\u00e9sultats en mati\u00e8re de soins de la peau, gr\u00e2ce \u00e0 la p\u00e9n\u00e9tration des min\u00e9raux et des vitamines dans les couches sup\u00e9rieures du derme. La chaleur infrarouge d\u00e9clenche le processus de d\u00e9sintoxication, soulage la douleur et la tension musculaire. Le corps se d\u00e9tend profond\u00e9ment gr\u00e2ce \u00e0 la combinaison d'une temp\u00e9rature confortable et de l'humidit\u00e9. La capsule SPA Flamingo utilise des lampes infrarouges de nouvelle g\u00e9n\u00e9ration - le client ressent une chaleur agr\u00e9able imm\u00e9diatement apr\u00e8s l'activation de la fonction.<\/p>\n<p><strong>Douche de Vichy<\/strong>\/Douche manuelle pour le corps. Afin d'\u00e9largir le spectre des traitements possibles, nous avons augment\u00e9 la capacit\u00e9 de la douche Vichy. Le cocon est \u00e9quip\u00e9 d'un interrupteur permettant de r\u00e9gler la temp\u00e9rature et la pression de la douche Vichy. Ce syst\u00e8me de douche sp\u00e9cial rafra\u00eechit, revigore et d\u00e9tend compl\u00e8tement le corps. Selon le mode choisi, vous pouvez modeler les contours du corps, lancer le processus de rajeunissement, traiter la cellulite et la d\u00e9pression saisonni\u00e8re.<\/p>\n<p><strong>Massage \u00e0 l'huile<\/strong>. Tous les types de massage peuvent \u00eatre effectu\u00e9s sur la table de traitement confortable et ergonomique du cocon Flamingo.<\/p>\n<p><strong>Chromoth\u00e9rapie<\/strong>\u00a0- est un excellent moyen, surtout pour les habitants des pays du Nord, de se d\u00e9barrasser de la d\u00e9pression saisonni\u00e8re. Le climat rude et le temps gris et pluvieux restent en dehors de la capsule SPA. La chromoth\u00e9rapie permet de se d\u00e9tendre et de se laisser emporter par l'imagination dans des pays exotiques, lumineux et chauds, o\u00f9 tout est chatoyant de couleurs et o\u00f9 le soleil, qui nous manque tant, brille en permanence.<\/p>\n<p><strong>Aromath\u00e9rapie<\/strong>. Senteurs fra\u00eeches et vivifiantes d'agrumes, saveurs d\u00e9licates ou ar\u00f4mes apaisants - les forces curatives de la nature aident \u00e0 lutter contre de nombreuses maladies du corps et de l'esprit, procurant plaisir, d\u00e9tente, paix et ayant un effet positif sur la sant\u00e9 en g\u00e9n\u00e9ral.<\/p>\n<p><a href=\"https:\/\/neoqi.com\/fr\/produit\/energy-cocoons\/flamingo\/#tab-description\">Description<\/a><\/p>\n<p>Description<br \/>\nSauna infrarouge<br \/>\nSauna \u00e0 vapeur<br \/>\nAromath\u00e9rapie<br \/>\nDouche de Vichy<br \/>\nTable de traitement vibrante<br \/>\nSyst\u00e8me d'\u00e9clairage couleur<br \/>\nSyst\u00e8me musical (MP3)<br \/>\nVentilateur de refroidissement frontal<br \/>\nDouche \u00e0 main<\/p>\n<p>&nbsp;<\/p>","protected":false},"excerpt":{"rendered":"<p>Le nom du cocon \u00e9nerg\u00e9tique Flamingo provient de la construction unique de son capot, qui permet d'ouvrir s\u00e9par\u00e9ment ses \u00e9l\u00e9gantes portes transparentes, garantissant ainsi un confort maximal pendant le traitement, tant pour le client que pour le th\u00e9rapeute. Avec ses ailes ouvertes, la capsule SPA ressemble \u00e0 un bel et gracieux oiseau, le flamant rose.<\/p>\n<p>Des programmes choisis individuellement sont la cl\u00e9 de r\u00e9sultats \u00e9clatants et d'une satisfaction totale du traitement. La combinaison des rituels SPA classiques et des fonctions du cocon nous permet d'offrir \u00e0 nos clients les programmes de traitement les plus populaires et les plus efficaces pour la perte de poids, la r\u00e9duction de la cellulite, le modelage des contours du corps, la relaxation et le rajeunissement.<\/p>\n<p>La capsule SPA Flamingo dispose d'un certain nombre de mises \u00e0 jour techniques en mati\u00e8re de chromoth\u00e9rapie, de sauna infrarouge et de syst\u00e8mes de douche Vichy, qui permettent d'\u00e9tendre la gamme des traitements SPA et d'en maximiser l'efficacit\u00e9. Malgr\u00e9 sa polyvalence, la capsule SPA Flamingo est tr\u00e8s facile \u00e0 utiliser.<\/p>","protected":false},"featured_media":2026,"comment_status":"open","ping_status":"closed","template":"","meta":{"_acf_changed":false,"site-sidebar-layout":"default","site-content-layout":"","ast-site-content-layout":"default","site-content-style":"default","site-sidebar-style":"default","ast-global-header-display":"","ast-banner-title-visibility":"","ast-main-header-display":"","ast-hfb-above-header-display":"","ast-hfb-below-header-display":"","ast-hfb-mobile-header-display":"","site-post-title":"","ast-breadcrumbs-content":"","ast-featured-img":"","footer-sml-layout":"","ast-disable-related-posts":"","theme-transparent-header-meta":"default","adv-header-id-meta":"","stick-header-meta":"","header-above-stick-meta":"","header-main-stick-meta":"","header-below-stick-meta":"","astra-migrate-meta-layouts":"set","ast-page-background-enabled":"default","ast-page-background-meta":{"desktop":{"background-color":"var(--ast-global-color-4)","background-image":"","background-repeat":"repeat","background-position":"center center","background-size":"auto","background-attachment":"scroll","background-type":"","background-media":"","overlay-type":"","overlay-color":"","overlay-opacity":"","overlay-gradient":""},"tablet":{"background-color":"","background-image":"","background-repeat":"repeat","background-position":"center center","background-size":"auto","background-attachment":"scroll","background-type":"","background-media":"","overlay-type":"","overlay-color":"","overlay-opacity":"","overlay-gradient":""},"mobile":{"background-color":"","background-image":"","background-repeat":"repeat","background-position":"center center","background-size":"auto","background-attachment":"scroll","background-type":"","background-media":"","overlay-type":"","overlay-color":"","overlay-opacity":"","overlay-gradient":""}},"ast-content-background-meta":{"desktop":{"background-color":"var(--ast-global-color-5)","background-image":"","background-repeat":"repeat","background-position":"center center","background-size":"auto","background-attachment":"scroll","background-type":"","background-media":"","overlay-type":"","overlay-color":"","overlay-opacity":"","overlay-gradient":""},"tablet":{"background-color":"var(--ast-global-color-5)","background-image":"","background-repeat":"repeat","background-position":"center center","background-size":"auto","background-attachment":"scroll","background-type":"","background-media":"","overlay-type":"","overlay-color":"","overlay-opacity":"","overlay-gradient":""},"mobile":{"background-color":"var(--ast-global-color-5)","background-image":"","background-repeat":"repeat","background-position":"center center","background-size":"auto","background-attachment":"scroll","background-type":"","background-media":"","overlay-type":"","overlay-color":"","overlay-opacity":"","overlay-gradient":""}}},"product_brand":[],"product_cat":[81,82],"product_tag":[],"class_list":{"0":"post-2025","1":"product","2":"type-product","3":"status-publish","4":"has-post-thumbnail","6":"product_cat-energy-cocoons","7":"product_cat-esthetical","8":"desktop-align-left","9":"tablet-align-left","10":"mobile-align-left","12":"first","13":"instock","14":"shipping-taxable","15":"product-type-simple"},"acf":[],"yoast_head":"<!-- This site is optimized with the Yoast SEO plugin v27.3 - https:\/\/yoast.com\/product\/yoast-seo-wordpress\/ -->\n<title>Flamingo - NEOQI<\/title>\n<meta name=\"robots\" content=\"index, follow, max-snippet:-1, max-image-preview:large, max-video-preview:-1\" \/>\n<link rel=\"canonical\" href=\"https:\/\/neoqi.com\/fr\/produit\/flamingo\/\" \/>\n<meta property=\"og:locale\" content=\"fr_FR\" \/>\n<meta property=\"og:type\" content=\"article\" \/>\n<meta property=\"og:title\" content=\"Flamingo - NEOQI\" \/>\n<meta property=\"og:description\" content=\"The name of the Flamingo energy cocoon derives from its unique hood construction, which allows to open its elegant clear doors separately, ensuring the maximum comfort during the treatment, both for the client and the therapist. With its wings opened, the SPA-capsule resembles the beautiful and graceful flamingo bird.  Individually chosen programs are key to vivid results and complete satisfaction of the treatment. The combination of classic SPA rituals with the functions of the cocoon enables us to offer our customers the most popular and effective treatment programs for weight loss, cellulite reduction, body contours shaping, relaxation and rejuvenation.  The Flamingo SPA capsule has a number of technical updates in chromotherapy, infrared sauna and Vichy shower systems, through which you can extend the range of SPA treatments, as well as to maximize their effectiveness. Despite its versatility, the SPA-capsule Flamingo is very easy to use.\" \/>\n<meta property=\"og:url\" content=\"https:\/\/neoqi.com\/fr\/produit\/flamingo\/\" \/>\n<meta property=\"og:site_name\" content=\"NEOQI\" \/>\n<meta property=\"article:publisher\" content=\"https:\/\/www.facebook.com\/neoqi\/\" \/>\n<meta property=\"article:modified_time\" content=\"2024-12-03T15:37:36+00:00\" \/>\n<meta property=\"og:image\" content=\"https:\/\/neoqi.com\/wp-content\/uploads\/2024\/09\/wellness_neoqi_Flamingo_53.jpg\" \/>\n\t<meta property=\"og:image:width\" content=\"1200\" \/>\n\t<meta property=\"og:image:height\" content=\"800\" \/>\n\t<meta property=\"og:image:type\" content=\"image\/jpeg\" \/>\n<meta name=\"twitter:card\" content=\"summary_large_image\" \/>\n<meta name=\"twitter:label1\" content=\"Dur\u00e9e de lecture estim\u00e9e\" \/>\n\t<meta name=\"twitter:data1\" content=\"2 minutes\" \/>\n<script type=\"application\/ld+json\" class=\"yoast-schema-graph\">{\"@context\":\"https:\\\/\\\/schema.org\",\"@graph\":[{\"@type\":\"WebPage\",\"@id\":\"https:\\\/\\\/neoqi.com\\\/product\\\/flamingo\\\/\",\"url\":\"https:\\\/\\\/neoqi.com\\\/product\\\/flamingo\\\/\",\"name\":\"Flamingo - NEOQI\",\"isPartOf\":{\"@id\":\"https:\\\/\\\/neoqi.com\\\/#website\"},\"primaryImageOfPage\":{\"@id\":\"https:\\\/\\\/neoqi.com\\\/product\\\/flamingo\\\/#primaryimage\"},\"image\":{\"@id\":\"https:\\\/\\\/neoqi.com\\\/product\\\/flamingo\\\/#primaryimage\"},\"thumbnailUrl\":\"https:\\\/\\\/neoqi.com\\\/wp-content\\\/uploads\\\/2024\\\/09\\\/wellness_neoqi_Flamingo_53.jpg\",\"datePublished\":\"2024-09-06T23:06:07+00:00\",\"dateModified\":\"2024-12-03T15:37:36+00:00\",\"breadcrumb\":{\"@id\":\"https:\\\/\\\/neoqi.com\\\/product\\\/flamingo\\\/#breadcrumb\"},\"inLanguage\":\"fr-FR\",\"potentialAction\":[{\"@type\":\"ReadAction\",\"target\":[\"https:\\\/\\\/neoqi.com\\\/product\\\/flamingo\\\/\"]}]},{\"@type\":\"ImageObject\",\"inLanguage\":\"fr-FR\",\"@id\":\"https:\\\/\\\/neoqi.com\\\/product\\\/flamingo\\\/#primaryimage\",\"url\":\"https:\\\/\\\/neoqi.com\\\/wp-content\\\/uploads\\\/2024\\\/09\\\/wellness_neoqi_Flamingo_53.jpg\",\"contentUrl\":\"https:\\\/\\\/neoqi.com\\\/wp-content\\\/uploads\\\/2024\\\/09\\\/wellness_neoqi_Flamingo_53.jpg\",\"width\":1200,\"height\":800},{\"@type\":\"BreadcrumbList\",\"@id\":\"https:\\\/\\\/neoqi.com\\\/product\\\/flamingo\\\/#breadcrumb\",\"itemListElement\":[{\"@type\":\"ListItem\",\"position\":1,\"name\":\"Home\",\"item\":\"https:\\\/\\\/neoqi.com\\\/\"},{\"@type\":\"ListItem\",\"position\":2,\"name\":\"Catalog\",\"item\":\"https:\\\/\\\/neoqi.com\\\/it\\\/catalog\\\/\"},{\"@type\":\"ListItem\",\"position\":3,\"name\":\"Flamingo\"}]},{\"@type\":\"WebSite\",\"@id\":\"https:\\\/\\\/neoqi.com\\\/#website\",\"url\":\"https:\\\/\\\/neoqi.com\\\/\",\"name\":\"NEOQI\",\"description\":\"Experience Ultimate Wellness and Relaxation with NeoQi Spa Capsule: Your Path to Rejuvenation\",\"publisher\":{\"@id\":\"https:\\\/\\\/neoqi.com\\\/#organization\"},\"potentialAction\":[{\"@type\":\"SearchAction\",\"target\":{\"@type\":\"EntryPoint\",\"urlTemplate\":\"https:\\\/\\\/neoqi.com\\\/?s={search_term_string}\"},\"query-input\":{\"@type\":\"PropertyValueSpecification\",\"valueRequired\":true,\"valueName\":\"search_term_string\"}}],\"inLanguage\":\"fr-FR\"},{\"@type\":\"Organization\",\"@id\":\"https:\\\/\\\/neoqi.com\\\/#organization\",\"name\":\"NEOQI\",\"url\":\"https:\\\/\\\/neoqi.com\\\/\",\"logo\":{\"@type\":\"ImageObject\",\"inLanguage\":\"fr-FR\",\"@id\":\"https:\\\/\\\/neoqi.com\\\/#\\\/schema\\\/logo\\\/image\\\/\",\"url\":\"https:\\\/\\\/neoqi.com\\\/wp-content\\\/uploads\\\/2024\\\/09\\\/logoneosvg.svg\",\"contentUrl\":\"https:\\\/\\\/neoqi.com\\\/wp-content\\\/uploads\\\/2024\\\/09\\\/logoneosvg.svg\",\"width\":1,\"height\":1,\"caption\":\"NEOQI\"},\"image\":{\"@id\":\"https:\\\/\\\/neoqi.com\\\/#\\\/schema\\\/logo\\\/image\\\/\"},\"sameAs\":[\"https:\\\/\\\/www.facebook.com\\\/neoqi\\\/\",\"https:\\\/\\\/www.instagram.com\\\/neoqi_com\\\/\"]}]}<\/script>\n<!-- \/ Yoast SEO plugin. -->","yoast_head_json":{"title":"Flamingo - NEOQI","robots":{"index":"index","follow":"follow","max-snippet":"max-snippet:-1","max-image-preview":"max-image-preview:large","max-video-preview":"max-video-preview:-1"},"canonical":"https:\/\/neoqi.com\/fr\/produit\/flamingo\/","og_locale":"fr_FR","og_type":"article","og_title":"Flamingo - NEOQI","og_description":"The name of the Flamingo energy cocoon derives from its unique hood construction, which allows to open its elegant clear doors separately, ensuring the maximum comfort during the treatment, both for the client and the therapist. With its wings opened, the SPA-capsule resembles the beautiful and graceful flamingo bird.  Individually chosen programs are key to vivid results and complete satisfaction of the treatment. The combination of classic SPA rituals with the functions of the cocoon enables us to offer our customers the most popular and effective treatment programs for weight loss, cellulite reduction, body contours shaping, relaxation and rejuvenation.  The Flamingo SPA capsule has a number of technical updates in chromotherapy, infrared sauna and Vichy shower systems, through which you can extend the range of SPA treatments, as well as to maximize their effectiveness. Despite its versatility, the SPA-capsule Flamingo is very easy to use.","og_url":"https:\/\/neoqi.com\/fr\/produit\/flamingo\/","og_site_name":"NEOQI","article_publisher":"https:\/\/www.facebook.com\/neoqi\/","article_modified_time":"2024-12-03T15:37:36+00:00","og_image":[{"width":1200,"height":800,"url":"https:\/\/neoqi.com\/wp-content\/uploads\/2024\/09\/wellness_neoqi_Flamingo_53.jpg","type":"image\/jpeg"}],"twitter_card":"summary_large_image","twitter_misc":{"Dur\u00e9e de lecture estim\u00e9e":"2 minutes"},"schema":{"@context":"https:\/\/schema.org","@graph":[{"@type":"WebPage","@id":"https:\/\/neoqi.com\/product\/flamingo\/","url":"https:\/\/neoqi.com\/product\/flamingo\/","name":"Flamingo - NEOQI","isPartOf":{"@id":"https:\/\/neoqi.com\/#website"},"primaryImageOfPage":{"@id":"https:\/\/neoqi.com\/product\/flamingo\/#primaryimage"},"image":{"@id":"https:\/\/neoqi.com\/product\/flamingo\/#primaryimage"},"thumbnailUrl":"https:\/\/neoqi.com\/wp-content\/uploads\/2024\/09\/wellness_neoqi_Flamingo_53.jpg","datePublished":"2024-09-06T23:06:07+00:00","dateModified":"2024-12-03T15:37:36+00:00","breadcrumb":{"@id":"https:\/\/neoqi.com\/product\/flamingo\/#breadcrumb"},"inLanguage":"fr-FR","potentialAction":[{"@type":"ReadAction","target":["https:\/\/neoqi.com\/product\/flamingo\/"]}]},{"@type":"ImageObject","inLanguage":"fr-FR","@id":"https:\/\/neoqi.com\/product\/flamingo\/#primaryimage","url":"https:\/\/neoqi.com\/wp-content\/uploads\/2024\/09\/wellness_neoqi_Flamingo_53.jpg","contentUrl":"https:\/\/neoqi.com\/wp-content\/uploads\/2024\/09\/wellness_neoqi_Flamingo_53.jpg","width":1200,"height":800},{"@type":"BreadcrumbList","@id":"https:\/\/neoqi.com\/product\/flamingo\/#breadcrumb","itemListElement":[{"@type":"ListItem","position":1,"name":"Home","item":"https:\/\/neoqi.com\/"},{"@type":"ListItem","position":2,"name":"Catalog","item":"https:\/\/neoqi.com\/it\/catalog\/"},{"@type":"ListItem","position":3,"name":"Flamingo"}]},{"@type":"WebSite","@id":"https:\/\/neoqi.com\/#website","url":"https:\/\/neoqi.com\/","name":"NEOQI","description":"Faites l'exp\u00e9rience du bien-\u00eatre et de la relaxation ultimes avec NeoQi Spa Capsule : Votre chemin vers le rajeunissement","publisher":{"@id":"https:\/\/neoqi.com\/#organization"},"potentialAction":[{"@type":"SearchAction","target":{"@type":"EntryPoint","urlTemplate":"https:\/\/neoqi.com\/?s={search_term_string}"},"query-input":{"@type":"PropertyValueSpecification","valueRequired":true,"valueName":"search_term_string"}}],"inLanguage":"fr-FR"},{"@type":"Organization","@id":"https:\/\/neoqi.com\/#organization","name":"NEOQI","url":"https:\/\/neoqi.com\/","logo":{"@type":"ImageObject","inLanguage":"fr-FR","@id":"https:\/\/neoqi.com\/#\/schema\/logo\/image\/","url":"https:\/\/neoqi.com\/wp-content\/uploads\/2024\/09\/logoneosvg.svg","contentUrl":"https:\/\/neoqi.com\/wp-content\/uploads\/2024\/09\/logoneosvg.svg","width":1,"height":1,"caption":"NEOQI"},"image":{"@id":"https:\/\/neoqi.com\/#\/schema\/logo\/image\/"},"sameAs":["https:\/\/www.facebook.com\/neoqi\/","https:\/\/www.instagram.com\/neoqi_com\/"]}]}},"_links":{"self":[{"href":"https:\/\/neoqi.com\/fr\/wp-json\/wp\/v2\/product\/2025","targetHints":{"allow":["GET"]}}],"collection":[{"href":"https:\/\/neoqi.com\/fr\/wp-json\/wp\/v2\/product"}],"about":[{"href":"https:\/\/neoqi.com\/fr\/wp-json\/wp\/v2\/types\/product"}],"replies":[{"embeddable":true,"href":"https:\/\/neoqi.com\/fr\/wp-json\/wp\/v2\/comments?post=2025"}],"wp:featuredmedia":[{"embeddable":true,"href":"https:\/\/neoqi.com\/fr\/wp-json\/wp\/v2\/media\/2026"}],"wp:attachment":[{"href":"https:\/\/neoqi.com\/fr\/wp-json\/wp\/v2\/media?parent=2025"}],"wp:term":[{"taxonomy":"product_brand","embeddable":true,"href":"https:\/\/neoqi.com\/fr\/wp-json\/wp\/v2\/product_brand?post=2025"},{"taxonomy":"product_cat","embeddable":true,"href":"https:\/\/neoqi.com\/fr\/wp-json\/wp\/v2\/product_cat?post=2025"},{"taxonomy":"product_tag","embeddable":true,"href":"https:\/\/neoqi.com\/fr\/wp-json\/wp\/v2\/product_tag?post=2025"}],"curies":[{"name":"wp","href":"https:\/\/api.w.org\/{rel}","templated":true}]}}