{"id":2037,"date":"2024-09-06T01:11:17","date_gmt":"2024-09-05T22:11:17","guid":{"rendered":"http:\/\/neoqi.com\/?post_type=product&#038;p=2037"},"modified":"2024-12-03T18:34:03","modified_gmt":"2024-12-03T15:34:03","slug":"mediq","status":"publish","type":"product","link":"https:\/\/neoqi.com\/fr\/produit\/mediq\/","title":{"rendered":"Mediq"},"content":{"rendered":"<p><strong>Les principaux traitements de NeoQi\u00ae Mediq<\/strong><\/p>\n<p><strong>Traitement thermal (vapeur et\/ou sauna infrarouge).<\/strong> Sauna \u00e0 vapeur. Un l\u00e9ger brouillard chaud enveloppe le corps d'humidit\u00e9, entamant le processus de d\u00e9sintoxication, am\u00e9liorant la circulation sanguine et favorisant l'absorption des vitamines et min\u00e9raux les plus pr\u00e9cieux dans les couches sup\u00e9rieures du derme.<\/p>\n<p><strong>Sauna infrarouge.<\/strong> L'une des m\u00e9thodes de thermoth\u00e9rapie les plus efficaces. Les ondes de chaleur p\u00e9n\u00e8trent profond\u00e9ment dans le corps, le r\u00e9chauffant dans les conditions les plus confortables. Les rayons IR d\u00e9tendent les muscles, aident \u00e0 perdre efficacement le poids excessif et constituent une excellente mesure prophylactique contre les maladies cardiovasculaires et des voies respiratoires sup\u00e9rieures.<br \/>\nDouche Vichy. La douche curative de Vichy est consid\u00e9r\u00e9e \u00e0 juste titre comme l'un des meilleurs traitements d'hydroth\u00e9rapie. Une pluie de gouttes d'eau s'abat sur le corps, massant les zones probl\u00e9matiques, corrigeant la forme du corps et soulageant les tensions musculaires. Selon le mode de douche Vichy choisi, il est possible de stimuler le rajeunissement, de traiter la cellulite et les d\u00e9pressions saisonni\u00e8res.<\/p>\n<p><strong>Traitement d'hydroth\u00e9rapie par massage \u00e0 l'air et \u00e0 l'eau dans le bain \u00e0 remous.<\/strong> Une autre m\u00e9thode efficace pour exploiter les propri\u00e9t\u00e9s curatives de l'eau. Des jets d'eau puissants et rigides massent sans douleur les zones probl\u00e9matiques, restaurant l'\u00e9lasticit\u00e9, la douceur et la r\u00e9silience de la peau. Des milliers de petites bulles d'air apaisent la peau, calment le syst\u00e8me nerveux, soulagent la douleur et la tension musculaire.<\/p>\n<p><strong>Peeling du corps entier.<\/strong> Ce rituel thermal permet de nourrir, d'hydrater et d'am\u00e9liorer l'\u00e9lasticit\u00e9 de la peau. L'utilisation de diff\u00e9rents produits cosm\u00e9tiques ouvre aux th\u00e9rapeutes des possibilit\u00e9s illimit\u00e9es. Des extraits de mangue et de papaye transporteront le client sous les tropiques, tandis qu'un m\u00e9lange d'\u00e9pices orientales le plongera dans un monde myst\u00e9rieux de r\u00eaves et de fantasmes.<\/p>\n<p><strong>Enveloppement complet avec utilisation de masques cosm\u00e9tiques.<\/strong> Un traitement agr\u00e9able et efficace, destin\u00e9 \u00e0 revigorer et \u00e0 r\u00e9soudre les probl\u00e8mes esth\u00e9tiques et les complications de sant\u00e9. Quelques s\u00e9ances d'enveloppement par an suffisent \u00e0 pr\u00e9venir la r\u00e9apparition de la cellulite et \u00e0 conserver une peau r\u00e9sistante, brillante et saine.<\/p>\n<p><strong>Massage \u00e0 l'huile.<\/strong> L'un des meilleurs moyens de se d\u00e9tendre et d'am\u00e9liorer sa sant\u00e9. Le lit ergonomique et la conception sp\u00e9ciale de la capsule permettent au th\u00e9rapeute d'effectuer tout type de massage avec un maximum de confort.<\/p>\n<p><strong>Soin du visage pendant le traitement du corps.<\/strong> Pendant la s\u00e9ance, le th\u00e9rapeute peut effectuer le traitement n\u00e9cessaire de la peau du visage. Compl\u00e9tez la programmation de la capsule thermale par des traitements agr\u00e9ables et sains.<\/p>\n<p><strong>Jet de massage sous-marin portatif.<\/strong> L'hydromassage, qui utilise un flux d'eau dirig\u00e9, permet d'am\u00e9liorer l'\u00e9tat de la peau, des couches musculaires superficielles et des organes internes. Le traitement est \u00e0 la fois relaxant et revigorant. Les programmes combin\u00e9s de la capsule thermale Harmony Mediq constituent un complexe physioth\u00e9rapeutique complet, permettant de r\u00e9aliser un ensemble universel de traitements esth\u00e9tiques et d'am\u00e9lioration de la sant\u00e9. La large gamme de fonctions permet de composer des programmes individuels uniques, bas\u00e9s sur les besoins des clients.<\/p>\n<p><strong>R\u00e9sum\u00e9 :<\/strong><\/p>\n<p>Sauna infrarouge<br \/>\nSauna \u00e0 vapeur<br \/>\nAromath\u00e9rapie<br \/>\nDouche de Vichy<br \/>\nTable de traitement vibrante<br \/>\nSyst\u00e8me d'\u00e9clairage couleur<br \/>\nHydromassage<br \/>\nMassage \u00e0 bulles d'air<br \/>\nJet manuel pour hydromassage<br \/>\nSyst\u00e8me musical (MP3)<br \/>\nVentilateur de refroidissement frontal<br \/>\nDouche \u00e0 main<br \/>\nSyst\u00e8me de nettoyage de l'ozonateur<br \/>\n6 jets lat\u00e9raux<br \/>\n8 jets de massage du dos<br \/>\n2 jets pour les pieds<br \/>\n10 jets d'air inf\u00e9rieurs<br \/>\nRemplissage et \u00e9vacuation rapides de l'eau<\/p>","protected":false},"excerpt":{"rendered":"<p>Harmony Mediq est une capsule thermale multifonctionnelle de classe luxe. La vari\u00e9t\u00e9 des programmes transforme le cocon \u00e9nerg\u00e9tique en un complexe physioth\u00e9rapeutique unique et polyvalent. La combinaison des technologies classiques d'hydrofusion et d'hydroth\u00e9rapie avec les m\u00e9thodes de chromoth\u00e9rapie et d'aromath\u00e9rapie vise \u00e0 am\u00e9liorer rapidement et efficacement la sant\u00e9, \u00e0 revigorer et \u00e0 d\u00e9tendre tout le corps.<\/p>\n<p>La capsule Harmony Mediq est une approche innovante et compl\u00e8te d'un mode de vie sain. La capsule est con\u00e7ue pour les traitements de perte de poids, de r\u00e9duction de la cellulite et d'am\u00e9lioration de la tonicit\u00e9 de la peau, ainsi que pour la relaxation profonde, la r\u00e9cup\u00e9ration des traumatismes physiques et la pr\u00e9vention de diverses maladies. Gr\u00e2ce \u00e0 la polyvalence de ses fonctions, la capsule Harmony Mediq convient aux salons de spa, aux centres sportifs, m\u00e9dicaux et de r\u00e9\u00e9ducation.<\/p>\n<p>Un design bien pens\u00e9, un lit ergonomique \u00e9largi et allong\u00e9 permettent au client de s'allonger confortablement dans la capsule, assurant au th\u00e9rapeute un acc\u00e8s libre aux deux c\u00f4t\u00e9s du cocon \u00e9nerg\u00e9tique.<\/p>","protected":false},"featured_media":2038,"comment_status":"open","ping_status":"closed","template":"","meta":{"_acf_changed":false,"site-sidebar-layout":"default","site-content-layout":"","ast-site-content-layout":"default","site-content-style":"default","site-sidebar-style":"default","ast-global-header-display":"","ast-banner-title-visibility":"","ast-main-header-display":"","ast-hfb-above-header-display":"","ast-hfb-below-header-display":"","ast-hfb-mobile-header-display":"","site-post-title":"","ast-breadcrumbs-content":"","ast-featured-img":"","footer-sml-layout":"","ast-disable-related-posts":"","theme-transparent-header-meta":"default","adv-header-id-meta":"","stick-header-meta":"","header-above-stick-meta":"","header-main-stick-meta":"","header-below-stick-meta":"","astra-migrate-meta-layouts":"set","ast-page-background-enabled":"default","ast-page-background-meta":{"desktop":{"background-color":"var(--ast-global-color-4)","background-image":"","background-repeat":"repeat","background-position":"center center","background-size":"auto","background-attachment":"scroll","background-type":"","background-media":"","overlay-type":"","overlay-color":"","overlay-opacity":"","overlay-gradient":""},"tablet":{"background-color":"","background-image":"","background-repeat":"repeat","background-position":"center center","background-size":"auto","background-attachment":"scroll","background-type":"","background-media":"","overlay-type":"","overlay-color":"","overlay-opacity":"","overlay-gradient":""},"mobile":{"background-color":"","background-image":"","background-repeat":"repeat","background-position":"center center","background-size":"auto","background-attachment":"scroll","background-type":"","background-media":"","overlay-type":"","overlay-color":"","overlay-opacity":"","overlay-gradient":""}},"ast-content-background-meta":{"desktop":{"background-color":"var(--ast-global-color-5)","background-image":"","background-repeat":"repeat","background-position":"center center","background-size":"auto","background-attachment":"scroll","background-type":"","background-media":"","overlay-type":"","overlay-color":"","overlay-opacity":"","overlay-gradient":""},"tablet":{"background-color":"var(--ast-global-color-5)","background-image":"","background-repeat":"repeat","background-position":"center center","background-size":"auto","background-attachment":"scroll","background-type":"","background-media":"","overlay-type":"","overlay-color":"","overlay-opacity":"","overlay-gradient":""},"mobile":{"background-color":"var(--ast-global-color-5)","background-image":"","background-repeat":"repeat","background-position":"center center","background-size":"auto","background-attachment":"scroll","background-type":"","background-media":"","overlay-type":"","overlay-color":"","overlay-opacity":"","overlay-gradient":""}}},"product_brand":[],"product_cat":[81,85],"product_tag":[],"class_list":{"0":"post-2037","1":"product","2":"type-product","3":"status-publish","4":"has-post-thumbnail","6":"product_cat-energy-cocoons","7":"product_cat-medical","8":"desktop-align-left","9":"tablet-align-left","10":"mobile-align-left","12":"first","13":"instock","14":"shipping-taxable","15":"product-type-simple"},"acf":[],"yoast_head":"<!-- This site is optimized with the Yoast SEO plugin v27.5 - https:\/\/yoast.com\/product\/yoast-seo-wordpress\/ -->\n<title>Mediq - NEOQI<\/title>\n<meta name=\"robots\" content=\"index, follow, max-snippet:-1, max-image-preview:large, max-video-preview:-1\" \/>\n<link rel=\"canonical\" href=\"https:\/\/neoqi.com\/fr\/produit\/mediq\/\" \/>\n<meta property=\"og:locale\" content=\"fr_FR\" \/>\n<meta property=\"og:type\" content=\"article\" \/>\n<meta property=\"og:title\" content=\"Mediq - NEOQI\" \/>\n<meta property=\"og:description\" content=\"Harmony Mediq is a multifunctional luxury class spa capsule. The variety of programs turns the energy cocoon into a unique and versatile physiotherapeutic complex. The combination of classical hydrofusion and hydrotherapy technologies with chromo- and aromatherapy methods are aimed at a quick and effective health improvement, reinvigoration and full body relaxation.  The Harmony Mediq spa capsule is an innovative and all-inclusive approach to a healthy lifestyle. The capsule is designated for weight loss, cellulite reduction and skin tone enhancement treatments, as well as deep relaxation, physical trauma recovery and various disease prevention. Owing to the versatility of the provided functions, the Harmony Mediq spa capsule is suitable for spa salons, sports, medical and rehabilitation centers.  A thought-out design, an enlarged and elongated ergonomic bed allow the client to lie comfortably within the capsule, ensuring free access of the therapist to both sides of the energy cocoon.\" \/>\n<meta property=\"og:url\" content=\"https:\/\/neoqi.com\/fr\/produit\/mediq\/\" \/>\n<meta property=\"og:site_name\" content=\"NEOQI\" \/>\n<meta property=\"article:publisher\" content=\"https:\/\/www.facebook.com\/neoqi\/\" \/>\n<meta property=\"article:modified_time\" content=\"2024-12-03T15:34:03+00:00\" \/>\n<meta property=\"og:image\" content=\"https:\/\/neoqi.com\/wp-content\/uploads\/2024\/09\/wellness_neoqi_Mediq_71.jpg\" \/>\n\t<meta property=\"og:image:width\" content=\"1200\" \/>\n\t<meta property=\"og:image:height\" content=\"800\" \/>\n\t<meta property=\"og:image:type\" content=\"image\/jpeg\" \/>\n<meta name=\"twitter:card\" content=\"summary_large_image\" \/>\n<meta name=\"twitter:label1\" content=\"Dur\u00e9e de lecture estim\u00e9e\" \/>\n\t<meta name=\"twitter:data1\" content=\"2 minutes\" \/>\n<script type=\"application\/ld+json\" class=\"yoast-schema-graph\">{\"@context\":\"https:\\\/\\\/schema.org\",\"@graph\":[{\"@type\":\"WebPage\",\"@id\":\"https:\\\/\\\/neoqi.com\\\/product\\\/mediq\\\/\",\"url\":\"https:\\\/\\\/neoqi.com\\\/product\\\/mediq\\\/\",\"name\":\"Mediq - NEOQI\",\"isPartOf\":{\"@id\":\"https:\\\/\\\/neoqi.com\\\/#website\"},\"primaryImageOfPage\":{\"@id\":\"https:\\\/\\\/neoqi.com\\\/product\\\/mediq\\\/#primaryimage\"},\"image\":{\"@id\":\"https:\\\/\\\/neoqi.com\\\/product\\\/mediq\\\/#primaryimage\"},\"thumbnailUrl\":\"https:\\\/\\\/neoqi.com\\\/wp-content\\\/uploads\\\/2024\\\/09\\\/wellness_neoqi_Mediq_71.jpg\",\"datePublished\":\"2024-09-05T22:11:17+00:00\",\"dateModified\":\"2024-12-03T15:34:03+00:00\",\"breadcrumb\":{\"@id\":\"https:\\\/\\\/neoqi.com\\\/product\\\/mediq\\\/#breadcrumb\"},\"inLanguage\":\"fr-FR\",\"potentialAction\":[{\"@type\":\"ReadAction\",\"target\":[\"https:\\\/\\\/neoqi.com\\\/product\\\/mediq\\\/\"]}]},{\"@type\":\"ImageObject\",\"inLanguage\":\"fr-FR\",\"@id\":\"https:\\\/\\\/neoqi.com\\\/product\\\/mediq\\\/#primaryimage\",\"url\":\"https:\\\/\\\/neoqi.com\\\/wp-content\\\/uploads\\\/2024\\\/09\\\/wellness_neoqi_Mediq_71.jpg\",\"contentUrl\":\"https:\\\/\\\/neoqi.com\\\/wp-content\\\/uploads\\\/2024\\\/09\\\/wellness_neoqi_Mediq_71.jpg\",\"width\":1200,\"height\":800},{\"@type\":\"BreadcrumbList\",\"@id\":\"https:\\\/\\\/neoqi.com\\\/product\\\/mediq\\\/#breadcrumb\",\"itemListElement\":[{\"@type\":\"ListItem\",\"position\":1,\"name\":\"Home\",\"item\":\"https:\\\/\\\/neoqi.com\\\/\"},{\"@type\":\"ListItem\",\"position\":2,\"name\":\"Catalog\",\"item\":\"https:\\\/\\\/neoqi.com\\\/it\\\/catalog\\\/\"},{\"@type\":\"ListItem\",\"position\":3,\"name\":\"Mediq\"}]},{\"@type\":\"WebSite\",\"@id\":\"https:\\\/\\\/neoqi.com\\\/#website\",\"url\":\"https:\\\/\\\/neoqi.com\\\/\",\"name\":\"NEOQI\",\"description\":\"Experience Ultimate Wellness and Relaxation with NeoQi Spa Capsule: Your Path to Rejuvenation\",\"publisher\":{\"@id\":\"https:\\\/\\\/neoqi.com\\\/#organization\"},\"potentialAction\":[{\"@type\":\"SearchAction\",\"target\":{\"@type\":\"EntryPoint\",\"urlTemplate\":\"https:\\\/\\\/neoqi.com\\\/?s={search_term_string}\"},\"query-input\":{\"@type\":\"PropertyValueSpecification\",\"valueRequired\":true,\"valueName\":\"search_term_string\"}}],\"inLanguage\":\"fr-FR\"},{\"@type\":\"Organization\",\"@id\":\"https:\\\/\\\/neoqi.com\\\/#organization\",\"name\":\"NEOQI\",\"url\":\"https:\\\/\\\/neoqi.com\\\/\",\"logo\":{\"@type\":\"ImageObject\",\"inLanguage\":\"fr-FR\",\"@id\":\"https:\\\/\\\/neoqi.com\\\/#\\\/schema\\\/logo\\\/image\\\/\",\"url\":\"https:\\\/\\\/neoqi.com\\\/wp-content\\\/uploads\\\/2024\\\/09\\\/logoneosvg.svg\",\"contentUrl\":\"https:\\\/\\\/neoqi.com\\\/wp-content\\\/uploads\\\/2024\\\/09\\\/logoneosvg.svg\",\"width\":1,\"height\":1,\"caption\":\"NEOQI\"},\"image\":{\"@id\":\"https:\\\/\\\/neoqi.com\\\/#\\\/schema\\\/logo\\\/image\\\/\"},\"sameAs\":[\"https:\\\/\\\/www.facebook.com\\\/neoqi\\\/\",\"https:\\\/\\\/www.instagram.com\\\/neoqi_com\\\/\"]}]}<\/script>\n<!-- \/ Yoast SEO plugin. -->","yoast_head_json":{"title":"Mediq - NEOQI","robots":{"index":"index","follow":"follow","max-snippet":"max-snippet:-1","max-image-preview":"max-image-preview:large","max-video-preview":"max-video-preview:-1"},"canonical":"https:\/\/neoqi.com\/fr\/produit\/mediq\/","og_locale":"fr_FR","og_type":"article","og_title":"Mediq - NEOQI","og_description":"Harmony Mediq is a multifunctional luxury class spa capsule. The variety of programs turns the energy cocoon into a unique and versatile physiotherapeutic complex. The combination of classical hydrofusion and hydrotherapy technologies with chromo- and aromatherapy methods are aimed at a quick and effective health improvement, reinvigoration and full body relaxation.  The Harmony Mediq spa capsule is an innovative and all-inclusive approach to a healthy lifestyle. The capsule is designated for weight loss, cellulite reduction and skin tone enhancement treatments, as well as deep relaxation, physical trauma recovery and various disease prevention. Owing to the versatility of the provided functions, the Harmony Mediq spa capsule is suitable for spa salons, sports, medical and rehabilitation centers.  A thought-out design, an enlarged and elongated ergonomic bed allow the client to lie comfortably within the capsule, ensuring free access of the therapist to both sides of the energy cocoon.","og_url":"https:\/\/neoqi.com\/fr\/produit\/mediq\/","og_site_name":"NEOQI","article_publisher":"https:\/\/www.facebook.com\/neoqi\/","article_modified_time":"2024-12-03T15:34:03+00:00","og_image":[{"width":1200,"height":800,"url":"https:\/\/neoqi.com\/wp-content\/uploads\/2024\/09\/wellness_neoqi_Mediq_71.jpg","type":"image\/jpeg"}],"twitter_card":"summary_large_image","twitter_misc":{"Dur\u00e9e de lecture estim\u00e9e":"2 minutes"},"schema":{"@context":"https:\/\/schema.org","@graph":[{"@type":"WebPage","@id":"https:\/\/neoqi.com\/product\/mediq\/","url":"https:\/\/neoqi.com\/product\/mediq\/","name":"Mediq - NEOQI","isPartOf":{"@id":"https:\/\/neoqi.com\/#website"},"primaryImageOfPage":{"@id":"https:\/\/neoqi.com\/product\/mediq\/#primaryimage"},"image":{"@id":"https:\/\/neoqi.com\/product\/mediq\/#primaryimage"},"thumbnailUrl":"https:\/\/neoqi.com\/wp-content\/uploads\/2024\/09\/wellness_neoqi_Mediq_71.jpg","datePublished":"2024-09-05T22:11:17+00:00","dateModified":"2024-12-03T15:34:03+00:00","breadcrumb":{"@id":"https:\/\/neoqi.com\/product\/mediq\/#breadcrumb"},"inLanguage":"fr-FR","potentialAction":[{"@type":"ReadAction","target":["https:\/\/neoqi.com\/product\/mediq\/"]}]},{"@type":"ImageObject","inLanguage":"fr-FR","@id":"https:\/\/neoqi.com\/product\/mediq\/#primaryimage","url":"https:\/\/neoqi.com\/wp-content\/uploads\/2024\/09\/wellness_neoqi_Mediq_71.jpg","contentUrl":"https:\/\/neoqi.com\/wp-content\/uploads\/2024\/09\/wellness_neoqi_Mediq_71.jpg","width":1200,"height":800},{"@type":"BreadcrumbList","@id":"https:\/\/neoqi.com\/product\/mediq\/#breadcrumb","itemListElement":[{"@type":"ListItem","position":1,"name":"Home","item":"https:\/\/neoqi.com\/"},{"@type":"ListItem","position":2,"name":"Catalog","item":"https:\/\/neoqi.com\/it\/catalog\/"},{"@type":"ListItem","position":3,"name":"Mediq"}]},{"@type":"WebSite","@id":"https:\/\/neoqi.com\/#website","url":"https:\/\/neoqi.com\/","name":"NEOQI","description":"Faites l'exp\u00e9rience du bien-\u00eatre et de la relaxation ultimes avec NeoQi Spa Capsule : Votre chemin vers le rajeunissement","publisher":{"@id":"https:\/\/neoqi.com\/#organization"},"potentialAction":[{"@type":"SearchAction","target":{"@type":"EntryPoint","urlTemplate":"https:\/\/neoqi.com\/?s={search_term_string}"},"query-input":{"@type":"PropertyValueSpecification","valueRequired":true,"valueName":"search_term_string"}}],"inLanguage":"fr-FR"},{"@type":"Organization","@id":"https:\/\/neoqi.com\/#organization","name":"NEOQI","url":"https:\/\/neoqi.com\/","logo":{"@type":"ImageObject","inLanguage":"fr-FR","@id":"https:\/\/neoqi.com\/#\/schema\/logo\/image\/","url":"https:\/\/neoqi.com\/wp-content\/uploads\/2024\/09\/logoneosvg.svg","contentUrl":"https:\/\/neoqi.com\/wp-content\/uploads\/2024\/09\/logoneosvg.svg","width":1,"height":1,"caption":"NEOQI"},"image":{"@id":"https:\/\/neoqi.com\/#\/schema\/logo\/image\/"},"sameAs":["https:\/\/www.facebook.com\/neoqi\/","https:\/\/www.instagram.com\/neoqi_com\/"]}]}},"_links":{"self":[{"href":"https:\/\/neoqi.com\/fr\/wp-json\/wp\/v2\/product\/2037","targetHints":{"allow":["GET"]}}],"collection":[{"href":"https:\/\/neoqi.com\/fr\/wp-json\/wp\/v2\/product"}],"about":[{"href":"https:\/\/neoqi.com\/fr\/wp-json\/wp\/v2\/types\/product"}],"replies":[{"embeddable":true,"href":"https:\/\/neoqi.com\/fr\/wp-json\/wp\/v2\/comments?post=2037"}],"wp:featuredmedia":[{"embeddable":true,"href":"https:\/\/neoqi.com\/fr\/wp-json\/wp\/v2\/media\/2038"}],"wp:attachment":[{"href":"https:\/\/neoqi.com\/fr\/wp-json\/wp\/v2\/media?parent=2037"}],"wp:term":[{"taxonomy":"product_brand","embeddable":true,"href":"https:\/\/neoqi.com\/fr\/wp-json\/wp\/v2\/product_brand?post=2037"},{"taxonomy":"product_cat","embeddable":true,"href":"https:\/\/neoqi.com\/fr\/wp-json\/wp\/v2\/product_cat?post=2037"},{"taxonomy":"product_tag","embeddable":true,"href":"https:\/\/neoqi.com\/fr\/wp-json\/wp\/v2\/product_tag?post=2037"}],"curies":[{"name":"wp","href":"https:\/\/api.w.org\/{rel}","templated":true}]}}