{"id":2051,"date":"2024-09-06T03:17:40","date_gmt":"2024-09-06T00:17:40","guid":{"rendered":"http:\/\/neoqi.com\/?post_type=product&#038;p=2051"},"modified":"2024-12-03T18:34:21","modified_gmt":"2024-12-03T15:34:21","slug":"mediq-oxy","status":"publish","type":"product","link":"https:\/\/neoqi.com\/fr\/produit\/mediq-oxy\/","title":{"rendered":"Mediq Oxy"},"content":{"rendered":"<p><strong>Les principaux traitements de NeoQi\u00ae Mediq Oxy<\/strong><\/p>\n<p><strong>Hydrofusion.<\/strong> Une nouvelle fa\u00e7on de prendre soin de votre corps, bas\u00e9e sur l'action simultan\u00e9e de la vapeur et de la chaleur infrarouge. Les rayons infrarouges p\u00e9n\u00e8trent plus profond\u00e9ment, r\u00e9chauffant les tissus de l'int\u00e9rieur, tandis que la vapeur enveloppe doucement le corps dans un brouillard humide. Pendant la s\u00e9ance, on observe une activation significative de la circulation sanguine et du processus de lipolyse, le corps est nettoy\u00e9 des toxines, les douleurs musculaires et les spasmes sont soulag\u00e9s. L'hydrofusion augmente \u00e9galement l'effet des compos\u00e9s cosm\u00e9tiques utilis\u00e9s - les substances les plus pr\u00e9cieuses et les plus b\u00e9n\u00e9fiques p\u00e9n\u00e8trent profond\u00e9ment dans la peau, la nourrissant, l'hydratant et la r\u00e9g\u00e9n\u00e9rant.<\/p>\n<p><strong>Traitement d'hydroth\u00e9rapie avec a\u00e9romassage.<\/strong> Le massage automatique sous l'eau agit sur les zones les plus probl\u00e9matiques du corps et permet de stimuler simultan\u00e9ment les zones r\u00e9flexes les plus importantes. L'a\u00e9romassage d\u00e9tend les muscles, stimule la circulation sanguine et lymphatique, corrige les contours du corps, redonne \u00e0 la peau son \u00e9lasticit\u00e9, sa douceur et son \u00e9lasticit\u00e9, aide \u00e0 se d\u00e9barrasser du stress persistant et de l'insomnie ainsi qu'\u00e0 soulager le surmenage mental.<\/p>\n<p><strong>Douche Vichy\/douche corporelle \u00e0 main.<\/strong> La douche Vichy est un traitement hydroth\u00e9rapeutique pour le corps qui favorise son amincissement et son renforcement. Pendant le traitement, tout le corps est soumis \u00e0 de minces jets d'eau, ce qui permet un massage doux et intensif. L'alternance des temp\u00e9ratures pendant la s\u00e9ance permet de tonifier rapidement et efficacement la peau et les tissus mous. La douche Vichy d\u00e9tend profond\u00e9ment le corps, \u00e9limine les toxines, nettoie la peau et aide \u00e0 surmonter le stress et la fatigue quotidiens.<\/p>\n<p>Gr\u00e2ce \u00e0 la fonction douchette, le sp\u00e9cialiste du traitement peut rincer confortablement les compos\u00e9s cosm\u00e9tiques restants \u00e0 l'int\u00e9rieur m\u00eame de la capsule, ce qui garantit la relaxation et l'immobilit\u00e9 totales du client pendant les rituels de spa effectu\u00e9s.<\/p>\n<p><strong>Soins de la peau et du corps.<\/strong> Offrez \u00e0 vos clients des massages secs et humides, des peelings complets, des whaps et des s\u00e9ances de thalassoth\u00e9rapie \u00e0 base d'algues marines, de sel et de boues. L'utilisation de fonctions suppl\u00e9mentaires, telles que le vibromassage, l'aromath\u00e9rapie et la chromoth\u00e9rapie, permet aux patients de ressentir l'atmosph\u00e8re saine des meilleures stations thermales du monde, de se d\u00e9tendre et de r\u00e9cup\u00e9rer des forces, d'am\u00e9liorer l'\u00e9tat de la peau et la sant\u00e9 g\u00e9n\u00e9rale du corps.<\/p>\n<p>Les vibrations de diff\u00e9rentes intensit\u00e9s activent tous les processus physiologiques du corps, n\u00e9cessaires au rajeunissement, \u00e0 la normalisation du fonctionnement du syst\u00e8me nerveux et \u00e0 l'am\u00e9lioration du tonus musculaire. Le vibromassage peut \u00eatre utilis\u00e9 non seulement pour d\u00e9tendre les muscles, mais aussi pour traiter les maladies de l'appareil locomoteur et du syst\u00e8me nerveux central, la radiculite, l'ost\u00e9ochondrose ainsi que la r\u00e9cup\u00e9ration apr\u00e8s un traumatisme physique.<\/p>\n<p><strong>Description<\/strong><\/p>\n<p>Sauna infrarouge<br \/>\nSauna \u00e0 vapeur<br \/>\nAromath\u00e9rapie<br \/>\nDouche de Vichy<br \/>\nTable de traitement vibrante<br \/>\nSyst\u00e8me d'\u00e9clairage couleur<br \/>\nMassage \u00e0 bulles d'air<br \/>\nSyst\u00e8me musical (MP3)<br \/>\nVentilateur de refroidissement frontal<br \/>\nDouche \u00e0 main<br \/>\n10 jets d'air inf\u00e9rieurs<br \/>\nRemplissage et \u00e9vacuation rapides de l'eau<\/p>\n<p>&nbsp;<\/p>","protected":false},"excerpt":{"rendered":"<p>La capsule spa Mediq Oxy est un puissant complexe hydro- et physioth\u00e9rapeutique qui offre une gamme compl\u00e8te de traitements spa sains. La caract\u00e9ristique unique de ce cocon \u00e9nerg\u00e9tique est le concentrateur d'oxyg\u00e8ne dont il est \u00e9quip\u00e9, qui impr\u00e8gne la peau d'oxyg\u00e8ne pendant les rituels du spa. L'enrichissement du corps en oxyg\u00e8ne a un effet rajeunissant, normalise la pression sanguine, r\u00e9tablit le rythme du sommeil et am\u00e9liore le bien-\u00eatre g\u00e9n\u00e9ral.<\/p>\n<p>Les fonctions de la capsule thermale permettent de r\u00e9aliser des programmes efficaces de perte de poids, de correction de la silhouette et de r\u00e9duction de la cellulite. Des r\u00e9sultats garantis sont obtenus gr\u00e2ce \u00e0 des traitements visant \u00e0 am\u00e9liorer la tonicit\u00e9 et l'\u00e9lasticit\u00e9 de la peau, la relaxation profonde, la r\u00e9cup\u00e9ration rapide apr\u00e8s un traumatisme physique et la pr\u00e9vention de diff\u00e9rentes maladies. Le cocon \u00e9nerg\u00e9tique cr\u00e9e un environnement unique qui aide \u00e0 combattre l'\u00e9puisement chronique et le stress, en pla\u00e7ant le patient dans un \u00e9tat d'harmonie totale et de bonheur absolu. M\u00eame une courte s\u00e9ance dans la capsule Mediq Oxy spa permet de se reposer compl\u00e8tement et de reconstituer les forces vitales.<\/p>\n<p>La capsule Mediq Oxy a \u00e9t\u00e9 sp\u00e9cialement con\u00e7ue pour les spas, les centres m\u00e9dicaux, sportifs et de r\u00e9\u00e9ducation.<\/p>","protected":false},"featured_media":2052,"comment_status":"open","ping_status":"closed","template":"","meta":{"_acf_changed":false,"site-sidebar-layout":"default","site-content-layout":"","ast-site-content-layout":"default","site-content-style":"default","site-sidebar-style":"default","ast-global-header-display":"","ast-banner-title-visibility":"","ast-main-header-display":"","ast-hfb-above-header-display":"","ast-hfb-below-header-display":"","ast-hfb-mobile-header-display":"","site-post-title":"","ast-breadcrumbs-content":"","ast-featured-img":"","footer-sml-layout":"","ast-disable-related-posts":"","theme-transparent-header-meta":"default","adv-header-id-meta":"","stick-header-meta":"","header-above-stick-meta":"","header-main-stick-meta":"","header-below-stick-meta":"","astra-migrate-meta-layouts":"set","ast-page-background-enabled":"default","ast-page-background-meta":{"desktop":{"background-color":"var(--ast-global-color-4)","background-image":"","background-repeat":"repeat","background-position":"center center","background-size":"auto","background-attachment":"scroll","background-type":"","background-media":"","overlay-type":"","overlay-color":"","overlay-opacity":"","overlay-gradient":""},"tablet":{"background-color":"","background-image":"","background-repeat":"repeat","background-position":"center center","background-size":"auto","background-attachment":"scroll","background-type":"","background-media":"","overlay-type":"","overlay-color":"","overlay-opacity":"","overlay-gradient":""},"mobile":{"background-color":"","background-image":"","background-repeat":"repeat","background-position":"center center","background-size":"auto","background-attachment":"scroll","background-type":"","background-media":"","overlay-type":"","overlay-color":"","overlay-opacity":"","overlay-gradient":""}},"ast-content-background-meta":{"desktop":{"background-color":"var(--ast-global-color-5)","background-image":"","background-repeat":"repeat","background-position":"center center","background-size":"auto","background-attachment":"scroll","background-type":"","background-media":"","overlay-type":"","overlay-color":"","overlay-opacity":"","overlay-gradient":""},"tablet":{"background-color":"var(--ast-global-color-5)","background-image":"","background-repeat":"repeat","background-position":"center center","background-size":"auto","background-attachment":"scroll","background-type":"","background-media":"","overlay-type":"","overlay-color":"","overlay-opacity":"","overlay-gradient":""},"mobile":{"background-color":"var(--ast-global-color-5)","background-image":"","background-repeat":"repeat","background-position":"center center","background-size":"auto","background-attachment":"scroll","background-type":"","background-media":"","overlay-type":"","overlay-color":"","overlay-opacity":"","overlay-gradient":""}}},"product_brand":[],"product_cat":[81,85],"product_tag":[],"class_list":{"0":"post-2051","1":"product","2":"type-product","3":"status-publish","4":"has-post-thumbnail","6":"product_cat-energy-cocoons","7":"product_cat-medical","8":"desktop-align-left","9":"tablet-align-left","10":"mobile-align-left","12":"first","13":"instock","14":"shipping-taxable","15":"product-type-simple"},"acf":[],"yoast_head":"<!-- This site is optimized with the Yoast SEO plugin v27.6 - https:\/\/yoast.com\/product\/yoast-seo-wordpress\/ -->\n<title>Mediq Oxy - NEOQI<\/title>\n<meta name=\"robots\" content=\"index, follow, max-snippet:-1, max-image-preview:large, max-video-preview:-1\" \/>\n<link rel=\"canonical\" href=\"https:\/\/neoqi.com\/fr\/produit\/mediq-oxy\/\" \/>\n<meta property=\"og:locale\" content=\"fr_FR\" \/>\n<meta property=\"og:type\" content=\"article\" \/>\n<meta property=\"og:title\" content=\"Mediq Oxy - NEOQI\" \/>\n<meta property=\"og:description\" content=\"The Mediq Oxy spa capsule is a powerful hydro- and physiotherapeutic complex that offers a full spectrum of wholesome spa treatments. The unique feature of this energy cocoon is the oxygen concentrator that it is equipped with, which imbues the skin with oxygen during the spa rituals. Enriching the body with oxygen has a rejuvenating effect, normalizes blood pressure, restores sleep rhythm and improve general well-being.  The spa capsule functions allow carrying out effective weight loss, body shape correction and cellulite reduction programs. Guaranteed results are achieved by carrying out treatments that are aimed at skin tone and elasticity enhancing, deep relaxation, quick recovery after physical trauma and different disease prevention. The energy cocoon creates a unique environment that helps battle chronic exhaustion and stress, putting the patient in the state of complete harmony and absolute happiness. Even a short session in the Mediq Oxy spa capsule allows fully resting and replenishing vital forces.  The Mediq Oxy spa capsule was specifically designed for spa salons, medical, sports and rehabilitation centers.\" \/>\n<meta property=\"og:url\" content=\"https:\/\/neoqi.com\/fr\/produit\/mediq-oxy\/\" \/>\n<meta property=\"og:site_name\" content=\"NEOQI\" \/>\n<meta property=\"article:publisher\" content=\"https:\/\/www.facebook.com\/neoqi\/\" \/>\n<meta property=\"article:modified_time\" content=\"2024-12-03T15:34:21+00:00\" \/>\n<meta property=\"og:image\" content=\"https:\/\/neoqi.com\/wp-content\/uploads\/2024\/09\/wellness_neoqi_Mediq_71-2.jpg\" \/>\n\t<meta property=\"og:image:width\" content=\"1200\" \/>\n\t<meta property=\"og:image:height\" content=\"800\" \/>\n\t<meta property=\"og:image:type\" content=\"image\/jpeg\" \/>\n<meta name=\"twitter:card\" content=\"summary_large_image\" \/>\n<meta name=\"twitter:label1\" content=\"Dur\u00e9e de lecture estim\u00e9e\" \/>\n\t<meta name=\"twitter:data1\" content=\"2 minutes\" \/>\n<script type=\"application\/ld+json\" class=\"yoast-schema-graph\">{\"@context\":\"https:\\\/\\\/schema.org\",\"@graph\":[{\"@type\":\"WebPage\",\"@id\":\"https:\\\/\\\/neoqi.com\\\/product\\\/mediq-oxy\\\/\",\"url\":\"https:\\\/\\\/neoqi.com\\\/product\\\/mediq-oxy\\\/\",\"name\":\"Mediq Oxy - NEOQI\",\"isPartOf\":{\"@id\":\"https:\\\/\\\/neoqi.com\\\/#website\"},\"primaryImageOfPage\":{\"@id\":\"https:\\\/\\\/neoqi.com\\\/product\\\/mediq-oxy\\\/#primaryimage\"},\"image\":{\"@id\":\"https:\\\/\\\/neoqi.com\\\/product\\\/mediq-oxy\\\/#primaryimage\"},\"thumbnailUrl\":\"https:\\\/\\\/neoqi.com\\\/wp-content\\\/uploads\\\/2024\\\/09\\\/wellness_neoqi_Mediq_71-2.jpg\",\"datePublished\":\"2024-09-06T00:17:40+00:00\",\"dateModified\":\"2024-12-03T15:34:21+00:00\",\"breadcrumb\":{\"@id\":\"https:\\\/\\\/neoqi.com\\\/product\\\/mediq-oxy\\\/#breadcrumb\"},\"inLanguage\":\"fr-FR\",\"potentialAction\":[{\"@type\":\"ReadAction\",\"target\":[\"https:\\\/\\\/neoqi.com\\\/product\\\/mediq-oxy\\\/\"]}]},{\"@type\":\"ImageObject\",\"inLanguage\":\"fr-FR\",\"@id\":\"https:\\\/\\\/neoqi.com\\\/product\\\/mediq-oxy\\\/#primaryimage\",\"url\":\"https:\\\/\\\/neoqi.com\\\/wp-content\\\/uploads\\\/2024\\\/09\\\/wellness_neoqi_Mediq_71-2.jpg\",\"contentUrl\":\"https:\\\/\\\/neoqi.com\\\/wp-content\\\/uploads\\\/2024\\\/09\\\/wellness_neoqi_Mediq_71-2.jpg\",\"width\":1200,\"height\":800},{\"@type\":\"BreadcrumbList\",\"@id\":\"https:\\\/\\\/neoqi.com\\\/product\\\/mediq-oxy\\\/#breadcrumb\",\"itemListElement\":[{\"@type\":\"ListItem\",\"position\":1,\"name\":\"Home\",\"item\":\"https:\\\/\\\/neoqi.com\\\/\"},{\"@type\":\"ListItem\",\"position\":2,\"name\":\"Catalog\",\"item\":\"https:\\\/\\\/neoqi.com\\\/it\\\/catalog\\\/\"},{\"@type\":\"ListItem\",\"position\":3,\"name\":\"Mediq Oxy\"}]},{\"@type\":\"WebSite\",\"@id\":\"https:\\\/\\\/neoqi.com\\\/#website\",\"url\":\"https:\\\/\\\/neoqi.com\\\/\",\"name\":\"NEOQI\",\"description\":\"Experience Ultimate Wellness and Relaxation with NeoQi Spa Capsule: Your Path to Rejuvenation\",\"publisher\":{\"@id\":\"https:\\\/\\\/neoqi.com\\\/#organization\"},\"potentialAction\":[{\"@type\":\"SearchAction\",\"target\":{\"@type\":\"EntryPoint\",\"urlTemplate\":\"https:\\\/\\\/neoqi.com\\\/?s={search_term_string}\"},\"query-input\":{\"@type\":\"PropertyValueSpecification\",\"valueRequired\":true,\"valueName\":\"search_term_string\"}}],\"inLanguage\":\"fr-FR\"},{\"@type\":\"Organization\",\"@id\":\"https:\\\/\\\/neoqi.com\\\/#organization\",\"name\":\"NEOQI\",\"url\":\"https:\\\/\\\/neoqi.com\\\/\",\"logo\":{\"@type\":\"ImageObject\",\"inLanguage\":\"fr-FR\",\"@id\":\"https:\\\/\\\/neoqi.com\\\/#\\\/schema\\\/logo\\\/image\\\/\",\"url\":\"https:\\\/\\\/neoqi.com\\\/wp-content\\\/uploads\\\/2024\\\/09\\\/logoneosvg.svg\",\"contentUrl\":\"https:\\\/\\\/neoqi.com\\\/wp-content\\\/uploads\\\/2024\\\/09\\\/logoneosvg.svg\",\"width\":1,\"height\":1,\"caption\":\"NEOQI\"},\"image\":{\"@id\":\"https:\\\/\\\/neoqi.com\\\/#\\\/schema\\\/logo\\\/image\\\/\"},\"sameAs\":[\"https:\\\/\\\/www.facebook.com\\\/neoqi\\\/\",\"https:\\\/\\\/www.instagram.com\\\/neoqi_com\\\/\"]}]}<\/script>\n<!-- \/ Yoast SEO plugin. -->","yoast_head_json":{"title":"Mediq Oxy - NEOQI","robots":{"index":"index","follow":"follow","max-snippet":"max-snippet:-1","max-image-preview":"max-image-preview:large","max-video-preview":"max-video-preview:-1"},"canonical":"https:\/\/neoqi.com\/fr\/produit\/mediq-oxy\/","og_locale":"fr_FR","og_type":"article","og_title":"Mediq Oxy - NEOQI","og_description":"The Mediq Oxy spa capsule is a powerful hydro- and physiotherapeutic complex that offers a full spectrum of wholesome spa treatments. The unique feature of this energy cocoon is the oxygen concentrator that it is equipped with, which imbues the skin with oxygen during the spa rituals. Enriching the body with oxygen has a rejuvenating effect, normalizes blood pressure, restores sleep rhythm and improve general well-being.  The spa capsule functions allow carrying out effective weight loss, body shape correction and cellulite reduction programs. Guaranteed results are achieved by carrying out treatments that are aimed at skin tone and elasticity enhancing, deep relaxation, quick recovery after physical trauma and different disease prevention. The energy cocoon creates a unique environment that helps battle chronic exhaustion and stress, putting the patient in the state of complete harmony and absolute happiness. Even a short session in the Mediq Oxy spa capsule allows fully resting and replenishing vital forces.  The Mediq Oxy spa capsule was specifically designed for spa salons, medical, sports and rehabilitation centers.","og_url":"https:\/\/neoqi.com\/fr\/produit\/mediq-oxy\/","og_site_name":"NEOQI","article_publisher":"https:\/\/www.facebook.com\/neoqi\/","article_modified_time":"2024-12-03T15:34:21+00:00","og_image":[{"width":1200,"height":800,"url":"https:\/\/neoqi.com\/wp-content\/uploads\/2024\/09\/wellness_neoqi_Mediq_71-2.jpg","type":"image\/jpeg"}],"twitter_card":"summary_large_image","twitter_misc":{"Dur\u00e9e de lecture estim\u00e9e":"2 minutes"},"schema":{"@context":"https:\/\/schema.org","@graph":[{"@type":"WebPage","@id":"https:\/\/neoqi.com\/product\/mediq-oxy\/","url":"https:\/\/neoqi.com\/product\/mediq-oxy\/","name":"Mediq Oxy - NEOQI","isPartOf":{"@id":"https:\/\/neoqi.com\/#website"},"primaryImageOfPage":{"@id":"https:\/\/neoqi.com\/product\/mediq-oxy\/#primaryimage"},"image":{"@id":"https:\/\/neoqi.com\/product\/mediq-oxy\/#primaryimage"},"thumbnailUrl":"https:\/\/neoqi.com\/wp-content\/uploads\/2024\/09\/wellness_neoqi_Mediq_71-2.jpg","datePublished":"2024-09-06T00:17:40+00:00","dateModified":"2024-12-03T15:34:21+00:00","breadcrumb":{"@id":"https:\/\/neoqi.com\/product\/mediq-oxy\/#breadcrumb"},"inLanguage":"fr-FR","potentialAction":[{"@type":"ReadAction","target":["https:\/\/neoqi.com\/product\/mediq-oxy\/"]}]},{"@type":"ImageObject","inLanguage":"fr-FR","@id":"https:\/\/neoqi.com\/product\/mediq-oxy\/#primaryimage","url":"https:\/\/neoqi.com\/wp-content\/uploads\/2024\/09\/wellness_neoqi_Mediq_71-2.jpg","contentUrl":"https:\/\/neoqi.com\/wp-content\/uploads\/2024\/09\/wellness_neoqi_Mediq_71-2.jpg","width":1200,"height":800},{"@type":"BreadcrumbList","@id":"https:\/\/neoqi.com\/product\/mediq-oxy\/#breadcrumb","itemListElement":[{"@type":"ListItem","position":1,"name":"Home","item":"https:\/\/neoqi.com\/"},{"@type":"ListItem","position":2,"name":"Catalog","item":"https:\/\/neoqi.com\/it\/catalog\/"},{"@type":"ListItem","position":3,"name":"Mediq Oxy"}]},{"@type":"WebSite","@id":"https:\/\/neoqi.com\/#website","url":"https:\/\/neoqi.com\/","name":"NEOQI","description":"Faites l'exp\u00e9rience du bien-\u00eatre et de la relaxation ultimes avec NeoQi Spa Capsule : Votre chemin vers le rajeunissement","publisher":{"@id":"https:\/\/neoqi.com\/#organization"},"potentialAction":[{"@type":"SearchAction","target":{"@type":"EntryPoint","urlTemplate":"https:\/\/neoqi.com\/?s={search_term_string}"},"query-input":{"@type":"PropertyValueSpecification","valueRequired":true,"valueName":"search_term_string"}}],"inLanguage":"fr-FR"},{"@type":"Organization","@id":"https:\/\/neoqi.com\/#organization","name":"NEOQI","url":"https:\/\/neoqi.com\/","logo":{"@type":"ImageObject","inLanguage":"fr-FR","@id":"https:\/\/neoqi.com\/#\/schema\/logo\/image\/","url":"https:\/\/neoqi.com\/wp-content\/uploads\/2024\/09\/logoneosvg.svg","contentUrl":"https:\/\/neoqi.com\/wp-content\/uploads\/2024\/09\/logoneosvg.svg","width":1,"height":1,"caption":"NEOQI"},"image":{"@id":"https:\/\/neoqi.com\/#\/schema\/logo\/image\/"},"sameAs":["https:\/\/www.facebook.com\/neoqi\/","https:\/\/www.instagram.com\/neoqi_com\/"]}]}},"_links":{"self":[{"href":"https:\/\/neoqi.com\/fr\/wp-json\/wp\/v2\/product\/2051","targetHints":{"allow":["GET"]}}],"collection":[{"href":"https:\/\/neoqi.com\/fr\/wp-json\/wp\/v2\/product"}],"about":[{"href":"https:\/\/neoqi.com\/fr\/wp-json\/wp\/v2\/types\/product"}],"replies":[{"embeddable":true,"href":"https:\/\/neoqi.com\/fr\/wp-json\/wp\/v2\/comments?post=2051"}],"wp:featuredmedia":[{"embeddable":true,"href":"https:\/\/neoqi.com\/fr\/wp-json\/wp\/v2\/media\/2052"}],"wp:attachment":[{"href":"https:\/\/neoqi.com\/fr\/wp-json\/wp\/v2\/media?parent=2051"}],"wp:term":[{"taxonomy":"product_brand","embeddable":true,"href":"https:\/\/neoqi.com\/fr\/wp-json\/wp\/v2\/product_brand?post=2051"},{"taxonomy":"product_cat","embeddable":true,"href":"https:\/\/neoqi.com\/fr\/wp-json\/wp\/v2\/product_cat?post=2051"},{"taxonomy":"product_tag","embeddable":true,"href":"https:\/\/neoqi.com\/fr\/wp-json\/wp\/v2\/product_tag?post=2051"}],"curies":[{"name":"wp","href":"https:\/\/api.w.org\/{rel}","templated":true}]}}