{"id":2065,"date":"2024-09-06T02:24:49","date_gmt":"2024-09-05T23:24:49","guid":{"rendered":"http:\/\/neoqi.com\/?post_type=product&#038;p=2065"},"modified":"2024-12-03T18:34:12","modified_gmt":"2024-12-03T15:34:12","slug":"atlantic","status":"publish","type":"product","link":"https:\/\/neoqi.com\/fr\/produit\/atlantic\/","title":{"rendered":"Atlantic"},"content":{"rendered":"<p><strong>Les principaux traitements de NeoQi\u00ae Atlantic<\/strong><\/p>\n<p><strong>Traitement thermal (vapeur et\/ou sauna infrarouge).<\/strong> La thermoth\u00e9rapie \u00e0 l'aide de la vapeur et de la chaleur infrarouge est l'incarnation des meilleures traditions du bain. Le sauna \u00e0 vapeur et les rayons infrarouges ne provoquent que des sensations agr\u00e9ables gr\u00e2ce \u00e0 un impact doux sur le corps. La peau, les muscles et les articulations sont profond\u00e9ment r\u00e9chauff\u00e9s, la circulation sanguine et le processus de s\u00e9paration des tissus adipeux sont activ\u00e9s, suivis d'un nettoyage en profondeur des toxines et des substances de lest.<\/p>\n<p><strong>Baln\u00e9oth\u00e9rapie.<\/strong> Il s'agit d'une m\u00e9thode populaire et efficace de gu\u00e9rison et de rajeunissement du corps. Le bain est rempli d'eau chaude additionn\u00e9e de divers additifs : algues marines, sel, boue, huiles essentielles. En plus d'avoir des propri\u00e9t\u00e9s pr\u00e9ventives contre plusieurs maladies, ces traitements ont un puissant effet de beaut\u00e9. La baln\u00e9oth\u00e9rapie est utilis\u00e9e pour la perte de poids, le soulagement du stress, l'hydratation et l'am\u00e9lioration du teint de la peau.<\/p>\n<p><strong>Douche Vichy\/ douchette.<\/strong> La douche de Vichy est un traitement \u00e0 base d'eau corporelle, au cours duquel le corps est doucement mass\u00e9 par de petits jets d'eau. Ce traitement favorise l'amincissement et renforce le syst\u00e8me immunitaire. La douche Vichy a un effet relaxant maximal sur le corps, nettoie la peau, \u00e9limine les toxines, aide \u00e0 surmonter le stress et am\u00e9liore l'endurance g\u00e9n\u00e9rale.<br \/>\nExfoliation du corps. Le peeling est un moyen de r\u00e9cup\u00e9ration et de r\u00e9habilitation des peaux sensibles, d\u00e9shydrat\u00e9es, rel\u00e2ch\u00e9es et vieillissantes. Le traitement donne \u00e0 la peau un \u00e9clat sain, \u00e9limine les signes de fatigue et raffermit efficacement le corps. La peau devient douce, velout\u00e9e et souple.<\/p>\n<p><strong>Massage \u00e0 l'huile.<\/strong> Un traitement n\u00e9cessaire pour soulager les tensions et les douleurs musculaires, corriger la silhouette et r\u00e9tablir l'harmonie spirituelle. Un ensemble de techniques sp\u00e9ciales combin\u00e9es \u00e0 une composition d'huiles essentielles permet d'acc\u00e9l\u00e9rer le m\u00e9tabolisme, de restaurer l'\u00e9lasticit\u00e9 et la tonicit\u00e9 de la peau, de r\u00e9duire le volume du corps et de pr\u00e9venir les processus de stockage des graisses.<br \/>\nEnveloppement complet avec utilisation de masques cosm\u00e9tiques. Les enveloppements sont les rituels SPA les plus populaires et les plus agr\u00e9ables, visant \u00e0 enrichir la peau de vitamines et de min\u00e9raux b\u00e9n\u00e9fiques, \u00e0 br\u00fbler les graisses corporelles, \u00e0 r\u00e9cup\u00e9rer, \u00e0 nourrir et \u00e0 rajeunir la peau. Apr\u00e8s le traitement, la peau devient douce, souple et incroyablement lisse.<\/p>\n<p><strong>Description<\/strong><\/p>\n<p>Sauna infrarouge<br \/>\nSauna \u00e0 vapeur<br \/>\nAromath\u00e9rapie<br \/>\nDouche de Vichy<br \/>\nTable de traitement vibrante<br \/>\nSyst\u00e8me d'\u00e9clairage couleur<br \/>\nSyst\u00e8me musical (MP3)<br \/>\nVentilateur de refroidissement frontal<br \/>\nDouche \u00e0 main<\/p>","protected":false},"excerpt":{"rendered":"<p>La capsule SPA Atlantic a \u00e9t\u00e9 con\u00e7ue en tenant compte de tous les avantages du mod\u00e8le Mediq et vise \u00e0 combiner les fonctions r\u00e9cr\u00e9atives et esth\u00e9tiques. Le cocon \u00e9nerg\u00e9tique Atlantic poss\u00e8de un lit ergonomique large et allong\u00e9 qui assure le confort du client \u00e0 l'int\u00e9rieur de la capsule, permettant aux experts d'acc\u00e9der librement \u00e0 n'importe quel c\u00f4t\u00e9 de l'unit\u00e9.<\/p>\n<p>Atlantic est \u00e9quip\u00e9 de toutes les fonctions n\u00e9cessaires \u00e0 la thermoth\u00e9rapie et \u00e0 l'hydroth\u00e9rapie : sauna \u00e0 vapeur et \u00e0 infrarouge, ainsi que douche de Vichy, qui permettent de r\u00e9aliser un ensemble de traitements parmi les plus populaires et les plus efficaces dans les salons SPA. La chromoth\u00e9rapie et l'aromath\u00e9rapie renforcent encore l'exp\u00e9rience agr\u00e9able au sein du cocon.<\/p>\n<p>Ce syst\u00e8me actualis\u00e9 a \u00e9t\u00e9 sp\u00e9cialement con\u00e7u pour obtenir les r\u00e9sultats les meilleurs et les plus visibles de tous les rituels SPA. En effet, une silhouette parfaite est avant tout un corps dont on prend soin.<\/p>","protected":false},"featured_media":2066,"comment_status":"open","ping_status":"closed","template":"","meta":{"_acf_changed":false,"site-sidebar-layout":"default","site-content-layout":"","ast-site-content-layout":"default","site-content-style":"default","site-sidebar-style":"default","ast-global-header-display":"","ast-banner-title-visibility":"","ast-main-header-display":"","ast-hfb-above-header-display":"","ast-hfb-below-header-display":"","ast-hfb-mobile-header-display":"","site-post-title":"","ast-breadcrumbs-content":"","ast-featured-img":"","footer-sml-layout":"","ast-disable-related-posts":"","theme-transparent-header-meta":"default","adv-header-id-meta":"","stick-header-meta":"","header-above-stick-meta":"","header-main-stick-meta":"","header-below-stick-meta":"","astra-migrate-meta-layouts":"set","ast-page-background-enabled":"default","ast-page-background-meta":{"desktop":{"background-color":"var(--ast-global-color-4)","background-image":"","background-repeat":"repeat","background-position":"center center","background-size":"auto","background-attachment":"scroll","background-type":"","background-media":"","overlay-type":"","overlay-color":"","overlay-opacity":"","overlay-gradient":""},"tablet":{"background-color":"","background-image":"","background-repeat":"repeat","background-position":"center center","background-size":"auto","background-attachment":"scroll","background-type":"","background-media":"","overlay-type":"","overlay-color":"","overlay-opacity":"","overlay-gradient":""},"mobile":{"background-color":"","background-image":"","background-repeat":"repeat","background-position":"center center","background-size":"auto","background-attachment":"scroll","background-type":"","background-media":"","overlay-type":"","overlay-color":"","overlay-opacity":"","overlay-gradient":""}},"ast-content-background-meta":{"desktop":{"background-color":"var(--ast-global-color-5)","background-image":"","background-repeat":"repeat","background-position":"center center","background-size":"auto","background-attachment":"scroll","background-type":"","background-media":"","overlay-type":"","overlay-color":"","overlay-opacity":"","overlay-gradient":""},"tablet":{"background-color":"var(--ast-global-color-5)","background-image":"","background-repeat":"repeat","background-position":"center center","background-size":"auto","background-attachment":"scroll","background-type":"","background-media":"","overlay-type":"","overlay-color":"","overlay-opacity":"","overlay-gradient":""},"mobile":{"background-color":"var(--ast-global-color-5)","background-image":"","background-repeat":"repeat","background-position":"center center","background-size":"auto","background-attachment":"scroll","background-type":"","background-media":"","overlay-type":"","overlay-color":"","overlay-opacity":"","overlay-gradient":""}}},"product_brand":[],"product_cat":[81,85],"product_tag":[],"class_list":{"0":"post-2065","1":"product","2":"type-product","3":"status-publish","4":"has-post-thumbnail","6":"product_cat-energy-cocoons","7":"product_cat-medical","8":"desktop-align-left","9":"tablet-align-left","10":"mobile-align-left","12":"first","13":"instock","14":"shipping-taxable","15":"product-type-simple"},"acf":[],"yoast_head":"<!-- This site is optimized with the Yoast SEO plugin v27.5 - https:\/\/yoast.com\/product\/yoast-seo-wordpress\/ -->\n<title>Atlantic - NEOQI<\/title>\n<meta name=\"robots\" content=\"index, follow, max-snippet:-1, max-image-preview:large, max-video-preview:-1\" \/>\n<link rel=\"canonical\" href=\"https:\/\/neoqi.com\/fr\/produit\/atlantic\/\" \/>\n<meta property=\"og:locale\" content=\"fr_FR\" \/>\n<meta property=\"og:type\" content=\"article\" \/>\n<meta property=\"og:title\" content=\"Atlantic - NEOQI\" \/>\n<meta property=\"og:description\" content=\"The SPA-capsule Atlantic was designed with all of the benefits of the Mediq model in mind, and is aimed at combining both recreational and aesthetic functions. The Atlantic energy cocoon possesses a wide and elongated ergonomic bed that ensures the customer\u2019s comfort within the capsule, providing experts free access to any side of the unit.  Atlantic is equipped with all of the necessary functions of thermo- and hydrotherapy: steam and infrared sauna, as well as Vichy shower, which provide an opportunity to carry out a complex of the most popular and effective treatments in SPA salons. Chromo- and aromatherapy further enhance the enjoyable experience within the cocoon.  This updated system was specifically designed to achieve the best and most visible results of all the SPA rituals. After all, a perfect figure is, above all, a body that is properly taken care of.\" \/>\n<meta property=\"og:url\" content=\"https:\/\/neoqi.com\/fr\/produit\/atlantic\/\" \/>\n<meta property=\"og:site_name\" content=\"NEOQI\" \/>\n<meta property=\"article:publisher\" content=\"https:\/\/www.facebook.com\/neoqi\/\" \/>\n<meta property=\"article:modified_time\" content=\"2024-12-03T15:34:12+00:00\" \/>\n<meta property=\"og:image\" content=\"https:\/\/neoqi.com\/wp-content\/uploads\/2024\/09\/wellness_neoqi_Mediq_71-4.jpg\" \/>\n\t<meta property=\"og:image:width\" content=\"1200\" \/>\n\t<meta property=\"og:image:height\" content=\"800\" \/>\n\t<meta property=\"og:image:type\" content=\"image\/jpeg\" \/>\n<meta name=\"twitter:card\" content=\"summary_large_image\" \/>\n<meta name=\"twitter:label1\" content=\"Dur\u00e9e de lecture estim\u00e9e\" \/>\n\t<meta name=\"twitter:data1\" content=\"2 minutes\" \/>\n<script type=\"application\/ld+json\" class=\"yoast-schema-graph\">{\"@context\":\"https:\\\/\\\/schema.org\",\"@graph\":[{\"@type\":\"WebPage\",\"@id\":\"https:\\\/\\\/neoqi.com\\\/product\\\/atlantic\\\/\",\"url\":\"https:\\\/\\\/neoqi.com\\\/product\\\/atlantic\\\/\",\"name\":\"Atlantic - NEOQI\",\"isPartOf\":{\"@id\":\"https:\\\/\\\/neoqi.com\\\/#website\"},\"primaryImageOfPage\":{\"@id\":\"https:\\\/\\\/neoqi.com\\\/product\\\/atlantic\\\/#primaryimage\"},\"image\":{\"@id\":\"https:\\\/\\\/neoqi.com\\\/product\\\/atlantic\\\/#primaryimage\"},\"thumbnailUrl\":\"https:\\\/\\\/neoqi.com\\\/wp-content\\\/uploads\\\/2024\\\/09\\\/wellness_neoqi_Mediq_71-4.jpg\",\"datePublished\":\"2024-09-05T23:24:49+00:00\",\"dateModified\":\"2024-12-03T15:34:12+00:00\",\"breadcrumb\":{\"@id\":\"https:\\\/\\\/neoqi.com\\\/product\\\/atlantic\\\/#breadcrumb\"},\"inLanguage\":\"fr-FR\",\"potentialAction\":[{\"@type\":\"ReadAction\",\"target\":[\"https:\\\/\\\/neoqi.com\\\/product\\\/atlantic\\\/\"]}]},{\"@type\":\"ImageObject\",\"inLanguage\":\"fr-FR\",\"@id\":\"https:\\\/\\\/neoqi.com\\\/product\\\/atlantic\\\/#primaryimage\",\"url\":\"https:\\\/\\\/neoqi.com\\\/wp-content\\\/uploads\\\/2024\\\/09\\\/wellness_neoqi_Mediq_71-4.jpg\",\"contentUrl\":\"https:\\\/\\\/neoqi.com\\\/wp-content\\\/uploads\\\/2024\\\/09\\\/wellness_neoqi_Mediq_71-4.jpg\",\"width\":1200,\"height\":800},{\"@type\":\"BreadcrumbList\",\"@id\":\"https:\\\/\\\/neoqi.com\\\/product\\\/atlantic\\\/#breadcrumb\",\"itemListElement\":[{\"@type\":\"ListItem\",\"position\":1,\"name\":\"Home\",\"item\":\"https:\\\/\\\/neoqi.com\\\/\"},{\"@type\":\"ListItem\",\"position\":2,\"name\":\"Catalog\",\"item\":\"https:\\\/\\\/neoqi.com\\\/it\\\/catalog\\\/\"},{\"@type\":\"ListItem\",\"position\":3,\"name\":\"Atlantic\"}]},{\"@type\":\"WebSite\",\"@id\":\"https:\\\/\\\/neoqi.com\\\/#website\",\"url\":\"https:\\\/\\\/neoqi.com\\\/\",\"name\":\"NEOQI\",\"description\":\"Experience Ultimate Wellness and Relaxation with NeoQi Spa Capsule: Your Path to Rejuvenation\",\"publisher\":{\"@id\":\"https:\\\/\\\/neoqi.com\\\/#organization\"},\"potentialAction\":[{\"@type\":\"SearchAction\",\"target\":{\"@type\":\"EntryPoint\",\"urlTemplate\":\"https:\\\/\\\/neoqi.com\\\/?s={search_term_string}\"},\"query-input\":{\"@type\":\"PropertyValueSpecification\",\"valueRequired\":true,\"valueName\":\"search_term_string\"}}],\"inLanguage\":\"fr-FR\"},{\"@type\":\"Organization\",\"@id\":\"https:\\\/\\\/neoqi.com\\\/#organization\",\"name\":\"NEOQI\",\"url\":\"https:\\\/\\\/neoqi.com\\\/\",\"logo\":{\"@type\":\"ImageObject\",\"inLanguage\":\"fr-FR\",\"@id\":\"https:\\\/\\\/neoqi.com\\\/#\\\/schema\\\/logo\\\/image\\\/\",\"url\":\"https:\\\/\\\/neoqi.com\\\/wp-content\\\/uploads\\\/2024\\\/09\\\/logoneosvg.svg\",\"contentUrl\":\"https:\\\/\\\/neoqi.com\\\/wp-content\\\/uploads\\\/2024\\\/09\\\/logoneosvg.svg\",\"width\":1,\"height\":1,\"caption\":\"NEOQI\"},\"image\":{\"@id\":\"https:\\\/\\\/neoqi.com\\\/#\\\/schema\\\/logo\\\/image\\\/\"},\"sameAs\":[\"https:\\\/\\\/www.facebook.com\\\/neoqi\\\/\",\"https:\\\/\\\/www.instagram.com\\\/neoqi_com\\\/\"]}]}<\/script>\n<!-- \/ Yoast SEO plugin. -->","yoast_head_json":{"title":"Atlantic - NEOQI","robots":{"index":"index","follow":"follow","max-snippet":"max-snippet:-1","max-image-preview":"max-image-preview:large","max-video-preview":"max-video-preview:-1"},"canonical":"https:\/\/neoqi.com\/fr\/produit\/atlantic\/","og_locale":"fr_FR","og_type":"article","og_title":"Atlantic - NEOQI","og_description":"The SPA-capsule Atlantic was designed with all of the benefits of the Mediq model in mind, and is aimed at combining both recreational and aesthetic functions. The Atlantic energy cocoon possesses a wide and elongated ergonomic bed that ensures the customer\u2019s comfort within the capsule, providing experts free access to any side of the unit.  Atlantic is equipped with all of the necessary functions of thermo- and hydrotherapy: steam and infrared sauna, as well as Vichy shower, which provide an opportunity to carry out a complex of the most popular and effective treatments in SPA salons. Chromo- and aromatherapy further enhance the enjoyable experience within the cocoon.  This updated system was specifically designed to achieve the best and most visible results of all the SPA rituals. After all, a perfect figure is, above all, a body that is properly taken care of.","og_url":"https:\/\/neoqi.com\/fr\/produit\/atlantic\/","og_site_name":"NEOQI","article_publisher":"https:\/\/www.facebook.com\/neoqi\/","article_modified_time":"2024-12-03T15:34:12+00:00","og_image":[{"width":1200,"height":800,"url":"https:\/\/neoqi.com\/wp-content\/uploads\/2024\/09\/wellness_neoqi_Mediq_71-4.jpg","type":"image\/jpeg"}],"twitter_card":"summary_large_image","twitter_misc":{"Dur\u00e9e de lecture estim\u00e9e":"2 minutes"},"schema":{"@context":"https:\/\/schema.org","@graph":[{"@type":"WebPage","@id":"https:\/\/neoqi.com\/product\/atlantic\/","url":"https:\/\/neoqi.com\/product\/atlantic\/","name":"Atlantic - NEOQI","isPartOf":{"@id":"https:\/\/neoqi.com\/#website"},"primaryImageOfPage":{"@id":"https:\/\/neoqi.com\/product\/atlantic\/#primaryimage"},"image":{"@id":"https:\/\/neoqi.com\/product\/atlantic\/#primaryimage"},"thumbnailUrl":"https:\/\/neoqi.com\/wp-content\/uploads\/2024\/09\/wellness_neoqi_Mediq_71-4.jpg","datePublished":"2024-09-05T23:24:49+00:00","dateModified":"2024-12-03T15:34:12+00:00","breadcrumb":{"@id":"https:\/\/neoqi.com\/product\/atlantic\/#breadcrumb"},"inLanguage":"fr-FR","potentialAction":[{"@type":"ReadAction","target":["https:\/\/neoqi.com\/product\/atlantic\/"]}]},{"@type":"ImageObject","inLanguage":"fr-FR","@id":"https:\/\/neoqi.com\/product\/atlantic\/#primaryimage","url":"https:\/\/neoqi.com\/wp-content\/uploads\/2024\/09\/wellness_neoqi_Mediq_71-4.jpg","contentUrl":"https:\/\/neoqi.com\/wp-content\/uploads\/2024\/09\/wellness_neoqi_Mediq_71-4.jpg","width":1200,"height":800},{"@type":"BreadcrumbList","@id":"https:\/\/neoqi.com\/product\/atlantic\/#breadcrumb","itemListElement":[{"@type":"ListItem","position":1,"name":"Home","item":"https:\/\/neoqi.com\/"},{"@type":"ListItem","position":2,"name":"Catalog","item":"https:\/\/neoqi.com\/it\/catalog\/"},{"@type":"ListItem","position":3,"name":"Atlantic"}]},{"@type":"WebSite","@id":"https:\/\/neoqi.com\/#website","url":"https:\/\/neoqi.com\/","name":"NEOQI","description":"Faites l'exp\u00e9rience du bien-\u00eatre et de la relaxation ultimes avec NeoQi Spa Capsule : Votre chemin vers le rajeunissement","publisher":{"@id":"https:\/\/neoqi.com\/#organization"},"potentialAction":[{"@type":"SearchAction","target":{"@type":"EntryPoint","urlTemplate":"https:\/\/neoqi.com\/?s={search_term_string}"},"query-input":{"@type":"PropertyValueSpecification","valueRequired":true,"valueName":"search_term_string"}}],"inLanguage":"fr-FR"},{"@type":"Organization","@id":"https:\/\/neoqi.com\/#organization","name":"NEOQI","url":"https:\/\/neoqi.com\/","logo":{"@type":"ImageObject","inLanguage":"fr-FR","@id":"https:\/\/neoqi.com\/#\/schema\/logo\/image\/","url":"https:\/\/neoqi.com\/wp-content\/uploads\/2024\/09\/logoneosvg.svg","contentUrl":"https:\/\/neoqi.com\/wp-content\/uploads\/2024\/09\/logoneosvg.svg","width":1,"height":1,"caption":"NEOQI"},"image":{"@id":"https:\/\/neoqi.com\/#\/schema\/logo\/image\/"},"sameAs":["https:\/\/www.facebook.com\/neoqi\/","https:\/\/www.instagram.com\/neoqi_com\/"]}]}},"_links":{"self":[{"href":"https:\/\/neoqi.com\/fr\/wp-json\/wp\/v2\/product\/2065","targetHints":{"allow":["GET"]}}],"collection":[{"href":"https:\/\/neoqi.com\/fr\/wp-json\/wp\/v2\/product"}],"about":[{"href":"https:\/\/neoqi.com\/fr\/wp-json\/wp\/v2\/types\/product"}],"replies":[{"embeddable":true,"href":"https:\/\/neoqi.com\/fr\/wp-json\/wp\/v2\/comments?post=2065"}],"wp:featuredmedia":[{"embeddable":true,"href":"https:\/\/neoqi.com\/fr\/wp-json\/wp\/v2\/media\/2066"}],"wp:attachment":[{"href":"https:\/\/neoqi.com\/fr\/wp-json\/wp\/v2\/media?parent=2065"}],"wp:term":[{"taxonomy":"product_brand","embeddable":true,"href":"https:\/\/neoqi.com\/fr\/wp-json\/wp\/v2\/product_brand?post=2065"},{"taxonomy":"product_cat","embeddable":true,"href":"https:\/\/neoqi.com\/fr\/wp-json\/wp\/v2\/product_cat?post=2065"},{"taxonomy":"product_tag","embeddable":true,"href":"https:\/\/neoqi.com\/fr\/wp-json\/wp\/v2\/product_tag?post=2065"}],"curies":[{"name":"wp","href":"https:\/\/api.w.org\/{rel}","templated":true}]}}