{"id":2075,"date":"2024-09-06T04:27:53","date_gmt":"2024-09-06T01:27:53","guid":{"rendered":"http:\/\/neoqi.com\/?post_type=product&#038;p=2075"},"modified":"2025-08-04T16:17:33","modified_gmt":"2025-08-04T13:17:33","slug":"saltarium","status":"publish","type":"product","link":"https:\/\/neoqi.com\/fr\/produit\/saltarium\/","title":{"rendered":"Saltarium"},"content":{"rendered":"<div id=\"tab-description\" class=\"woocommerce-Tabs-panel woocommerce-Tabs-panel--description panel entry-content wc-tab\" role=\"tabpanel\" aria-labelledby=\"tab-title-description\">\n<p><strong>NeoQi\u00ae\u00a0<\/strong><strong>Saltarium<\/strong>\u00a0<strong>Avantages<\/strong><\/p>\n<ul>\n<li>Pr\u00e9vention et traitement du rhume, de la grippe, des infections bact\u00e9riennes, etc.<\/li>\n<li>Nettoyer les voies respiratoires des particules polluantes et de la fum\u00e9e de tabac<\/li>\n<li>R\u00e9duire les allergies avec un effet sur les oreilles, le nez, la gorge et les sinus (par exemple, le rhume des foins)<\/li>\n<li>Soulager les troubles des voies respiratoires tels que l'asthme, les maladies pulmonaires obstructives chroniques, la pneumonie, la bronchite, la fibrose kystique, ainsi que les maladies ORL (rhinite, sinusite, pharyngite, laryngite).<\/li>\n<li>Active la circulation sanguine pour une meilleure peau (applicable en cas d'acn\u00e9, de n\u00e9vrodermite, de psoriasis et de cellulite).<\/li>\n<li>Lutter contre la fatigue, le stress, la d\u00e9pression et toute autre affection mentale<\/li>\n<li>Contribuer \u00e0 l'arr\u00eat de la d\u00e9pendance<\/li>\n<li>Renforcer le syst\u00e8me immunitaire<\/li>\n<\/ul>\n<p>Les principaux traitements du NeoQi\u00ae Saltarium<\/p>\n<ul>\n<li>L'un des meilleurs moyens d'am\u00e9liorer l'\u00e9tat du psoriasis, puisqu'il active de multiples processus physiologiques dans l'organisme. Les particules de sel d'une taille comprise entre 1 et 5 microns sont id\u00e9ales pour traiter les maladies de la peau. Elles ont des effets favorables sur les cheveux et sur la microcirculation sanguine de la peau, ce qui permet \u00e0 la peau d'\u00eatre plus belle et de se sentir mieux. Les particules de sel tuent \u00e9galement les bact\u00e9ries et les champignons et poss\u00e8dent des propri\u00e9t\u00e9s anti-inflammatoires. Au fur et \u00e0 mesure que le traitement progresse, la sensation de d\u00e9mangeaison sur la peau s'arr\u00eate et les petites fissures disparaissent. L'haloth\u00e9rapie r\u00e9duit \u00e9galement le stress et renforce le syst\u00e8me de d\u00e9fense (immunitaire), de sorte que la personne ne tombe pas facilement en proie \u00e0 la maladie. Les m\u00e9dicaments n'apportent g\u00e9n\u00e9ralement qu'un soulagement temporaire du psoriasis et ont des effets secondaires n\u00e9fastes. L'haloth\u00e9rapie \u00e0 la Salle de Sel d'Orlando est un traitement sans m\u00e9dicament qui vous offre non seulement un soulagement imm\u00e9diat, mais qui vous permet \u00e9galement de rester \u00e0 l'abri des irritations cutan\u00e9es pendant une p\u00e9riode prolong\u00e9e. En outre, une haloth\u00e9rapie r\u00e9guli\u00e8re permet de se sentir plus d\u00e9tendu, d'am\u00e9liorer la qualit\u00e9 du sommeil et donc d'am\u00e9liorer l'humeur.<\/li>\n<li>La musicoth\u00e9rapie. L'une des formes les plus anciennes et les plus naturelles de correction des \u00e9tats \u00e9motionnels. Les composantes rythmiques de la musique aident \u00e0 accro\u00eetre la vitalit\u00e9, contribuent \u00e0 une circulation constante de l'\u00e9nergie, soulagent la douleur et la tension nerveuse. On dit que le repos avec de la musique est plus efficace que sans musique.<\/li>\n<\/ul>\n<div id=\"tab-description\" class=\"woocommerce-Tabs-panel woocommerce-Tabs-panel--description panel entry-content wc-tab\" role=\"tabpanel\" aria-labelledby=\"tab-title-description\">\n<p><span class=\"sisutekst\"><strong>Caract\u00e9ristiques :<\/strong><br \/>\n<\/span><\/p>\n<ul>\n<li>Concentration de sel r\u00e9glable<\/li>\n<li>Syst\u00e8me musical avec \u00e9couteurs (MP3)<\/li>\n<li>Espace herm\u00e9tiquement clos pour une personne<\/li>\n<\/ul>\n<p>Gr\u00e2ce \u00e0 sa petite taille et \u00e0 sa facilit\u00e9 d'utilisation, la capsule s'adapte \u00e0 une petite surface, transformant l'espace en une salle de th\u00e9rapie par le sel. Saltarium ne n\u00e9cessite pas de reconstruction de la pi\u00e8ce ni d'installation. La capsule se branche sur un r\u00e9seau \u00e9lectrique domestique standard de 230V.<\/p>\n<p>Le traitement \u00e0 Saltarium est recommand\u00e9 \u00e0 tous ceux qui veulent faire un pas de plus pour prendre soin de leur corps. Alors que les gens ont tendance \u00e0 privil\u00e9gier les traitements \u00e0 vis\u00e9e esth\u00e9tique, les traitements de Saltarium ont des r\u00e9sultats sur l'apparence tout en ayant un impact curatif et sain sur l'organisme humain \u00e0 partir de l'int\u00e9rieur.<\/p>\n<div class=\"ast-oembed-container\" style=\"height: 100%;\"><iframe title=\"Saltarium - salt capsule by NeoQi\" width=\"500\" height=\"281\" src=\"https:\/\/www.youtube.com\/embed\/WR8b3iMbmOg?feature=oembed\" frameborder=\"0\" allow=\"accelerometer; autoplay; clipboard-write; encrypted-media; gyroscope; picture-in-picture; web-share\" referrerpolicy=\"strict-origin-when-cross-origin\" allowfullscreen><\/iframe><\/div>\n<\/div>\n<\/div>","protected":false},"excerpt":{"rendered":"<p>Saltarium est une chambre de sel compacte con\u00e7ue pour les personnes qui appr\u00e9cient l'intimit\u00e9 et le confort. Sa forme ergonomique permet de rester confortablement assis \u00e0 l'int\u00e9rieur pour profiter pleinement des propri\u00e9t\u00e9s curatives de l'haloth\u00e9rapie. La capsule Saltarium cr\u00e9e un environnement sp\u00e9cial, exempt d'allerg\u00e8nes et propice \u00e0 une relaxation profonde. Les s\u00e9ances dans la capsule de sel aident \u00e0 r\u00e9cup\u00e9rer rapidement apr\u00e8s une journ\u00e9e bien remplie, en renfor\u00e7ant le syst\u00e8me immunitaire et en nettoyant la peau, les bronches et les poumons.<\/p>\n<p>Lors d'une s\u00e9ance d'haloth\u00e9rapie, une personne respire de l'air satur\u00e9 d'a\u00e9rosols de sel. L'haloth\u00e9rapie traite efficacement les troubles des voies respiratoires, tels que l'asthme bronchique, la rhinite et les maladies de la peau, et a un effet b\u00e9n\u00e9fique sur l'\u00e9tat psychologique g\u00e9n\u00e9ral.  Les s\u00e9ances dans la capsule de sel Saltarium aident \u00e0 restaurer le syst\u00e8me respiratoire de ceux qui ont arr\u00eat\u00e9 de fumer, \u00e0 renforcer le syst\u00e8me immunitaire de tous les membres de la famille, \u00e0 se d\u00e9tendre, \u00e0 se d\u00e9barrasser de l'irritabilit\u00e9 et \u00e0 am\u00e9liorer le sommeil. Un lecteur MP3 int\u00e9gr\u00e9 permet d'\u00e9couter sa musique pr\u00e9f\u00e9r\u00e9e pendant le traitement. Les compositions musicales sont capables de gu\u00e9rir, d'activer les fonctions c\u00e9r\u00e9brales et d'avoir des effets analg\u00e9siques et relaxants.<\/p>","protected":false},"featured_media":2076,"comment_status":"open","ping_status":"closed","template":"","meta":{"_acf_changed":false,"site-sidebar-layout":"default","site-content-layout":"","ast-site-content-layout":"default","site-content-style":"default","site-sidebar-style":"default","ast-global-header-display":"","ast-banner-title-visibility":"","ast-main-header-display":"","ast-hfb-above-header-display":"","ast-hfb-below-header-display":"","ast-hfb-mobile-header-display":"","site-post-title":"","ast-breadcrumbs-content":"","ast-featured-img":"","footer-sml-layout":"","ast-disable-related-posts":"","theme-transparent-header-meta":"default","adv-header-id-meta":"","stick-header-meta":"","header-above-stick-meta":"","header-main-stick-meta":"","header-below-stick-meta":"","astra-migrate-meta-layouts":"set","ast-page-background-enabled":"default","ast-page-background-meta":{"desktop":{"background-color":"var(--ast-global-color-4)","background-image":"","background-repeat":"repeat","background-position":"center center","background-size":"auto","background-attachment":"scroll","background-type":"","background-media":"","overlay-type":"","overlay-color":"","overlay-opacity":"","overlay-gradient":""},"tablet":{"background-color":"","background-image":"","background-repeat":"repeat","background-position":"center center","background-size":"auto","background-attachment":"scroll","background-type":"","background-media":"","overlay-type":"","overlay-color":"","overlay-opacity":"","overlay-gradient":""},"mobile":{"background-color":"","background-image":"","background-repeat":"repeat","background-position":"center center","background-size":"auto","background-attachment":"scroll","background-type":"","background-media":"","overlay-type":"","overlay-color":"","overlay-opacity":"","overlay-gradient":""}},"ast-content-background-meta":{"desktop":{"background-color":"var(--ast-global-color-5)","background-image":"","background-repeat":"repeat","background-position":"center center","background-size":"auto","background-attachment":"scroll","background-type":"","background-media":"","overlay-type":"","overlay-color":"","overlay-opacity":"","overlay-gradient":""},"tablet":{"background-color":"var(--ast-global-color-5)","background-image":"","background-repeat":"repeat","background-position":"center center","background-size":"auto","background-attachment":"scroll","background-type":"","background-media":"","overlay-type":"","overlay-color":"","overlay-opacity":"","overlay-gradient":""},"mobile":{"background-color":"var(--ast-global-color-5)","background-image":"","background-repeat":"repeat","background-position":"center center","background-size":"auto","background-attachment":"scroll","background-type":"","background-media":"","overlay-type":"","overlay-color":"","overlay-opacity":"","overlay-gradient":""}}},"product_brand":[],"product_cat":[81,85],"product_tag":[],"class_list":{"0":"post-2075","1":"product","2":"type-product","3":"status-publish","4":"has-post-thumbnail","6":"product_cat-energy-cocoons","7":"product_cat-medical","8":"desktop-align-left","9":"tablet-align-left","10":"mobile-align-left","12":"first","13":"instock","14":"shipping-taxable","15":"product-type-simple"},"acf":[],"yoast_head":"<!-- This site is optimized with the Yoast SEO plugin v27.6 - https:\/\/yoast.com\/product\/yoast-seo-wordpress\/ -->\n<title>Saltarium - NEOQI<\/title>\n<meta name=\"robots\" content=\"index, follow, max-snippet:-1, max-image-preview:large, max-video-preview:-1\" \/>\n<link rel=\"canonical\" href=\"https:\/\/neoqi.com\/fr\/produit\/saltarium\/\" \/>\n<meta property=\"og:locale\" content=\"fr_FR\" \/>\n<meta property=\"og:type\" content=\"article\" \/>\n<meta property=\"og:title\" content=\"Saltarium - NEOQI\" \/>\n<meta property=\"og:description\" content=\"Saltarium is a compact salt chamber designed for people who appreciate privacy and comfort. Its ergonomic shape makes it comfortable to stay inside in a sitting position, to fully enjoy the healing properties of halotherapy. In the Saltarium capsule, a special environment is created, free of allergens and conducive to deep relaxation. Sessions in the salt capsule help to quickly recover after a busy day, boosting the immune system and cleansing the skin, bronchi and lungs.  During a halotherapy session, a person breathes air that is saturated with salt aerosol. Halotherapy effectively treats airway disorders, such as bronchial asthma, rhinitis and skin diseases, has a beneficial effect on the overall psychological state.\u00a0 Sessions in the Saltarium salt capsule help to restore the respiratory system of those who have given up smoking, strengthen the immune system of all family members and help to relax, get rid of irritability and improve sleep. A Built-in MP3 player allows listening to your favorite music during the treatment. Musical compositions are able to heal, activate brain function, have analgesic and relaxing effects.\" \/>\n<meta property=\"og:url\" content=\"https:\/\/neoqi.com\/fr\/produit\/saltarium\/\" \/>\n<meta property=\"og:site_name\" content=\"NEOQI\" \/>\n<meta property=\"article:publisher\" content=\"https:\/\/www.facebook.com\/neoqi\/\" \/>\n<meta property=\"article:modified_time\" content=\"2025-08-04T13:17:33+00:00\" \/>\n<meta property=\"og:image\" content=\"https:\/\/neoqi.com\/wp-content\/uploads\/2024\/09\/saltarium.png\" \/>\n\t<meta property=\"og:image:width\" content=\"1200\" \/>\n\t<meta property=\"og:image:height\" content=\"800\" \/>\n\t<meta property=\"og:image:type\" content=\"image\/png\" \/>\n<meta name=\"twitter:card\" content=\"summary_large_image\" \/>\n<meta name=\"twitter:label1\" content=\"Dur\u00e9e de lecture estim\u00e9e\" \/>\n\t<meta name=\"twitter:data1\" content=\"3 minutes\" \/>\n<script type=\"application\/ld+json\" class=\"yoast-schema-graph\">{\"@context\":\"https:\\\/\\\/schema.org\",\"@graph\":[{\"@type\":\"WebPage\",\"@id\":\"https:\\\/\\\/neoqi.com\\\/product\\\/saltarium\\\/\",\"url\":\"https:\\\/\\\/neoqi.com\\\/product\\\/saltarium\\\/\",\"name\":\"Saltarium - NEOQI\",\"isPartOf\":{\"@id\":\"https:\\\/\\\/neoqi.com\\\/#website\"},\"primaryImageOfPage\":{\"@id\":\"https:\\\/\\\/neoqi.com\\\/product\\\/saltarium\\\/#primaryimage\"},\"image\":{\"@id\":\"https:\\\/\\\/neoqi.com\\\/product\\\/saltarium\\\/#primaryimage\"},\"thumbnailUrl\":\"https:\\\/\\\/neoqi.com\\\/wp-content\\\/uploads\\\/2024\\\/09\\\/saltarium.png\",\"datePublished\":\"2024-09-06T01:27:53+00:00\",\"dateModified\":\"2025-08-04T13:17:33+00:00\",\"breadcrumb\":{\"@id\":\"https:\\\/\\\/neoqi.com\\\/product\\\/saltarium\\\/#breadcrumb\"},\"inLanguage\":\"fr-FR\",\"potentialAction\":[{\"@type\":\"ReadAction\",\"target\":[\"https:\\\/\\\/neoqi.com\\\/product\\\/saltarium\\\/\"]}]},{\"@type\":\"ImageObject\",\"inLanguage\":\"fr-FR\",\"@id\":\"https:\\\/\\\/neoqi.com\\\/product\\\/saltarium\\\/#primaryimage\",\"url\":\"https:\\\/\\\/neoqi.com\\\/wp-content\\\/uploads\\\/2024\\\/09\\\/saltarium.png\",\"contentUrl\":\"https:\\\/\\\/neoqi.com\\\/wp-content\\\/uploads\\\/2024\\\/09\\\/saltarium.png\",\"width\":1200,\"height\":800},{\"@type\":\"BreadcrumbList\",\"@id\":\"https:\\\/\\\/neoqi.com\\\/product\\\/saltarium\\\/#breadcrumb\",\"itemListElement\":[{\"@type\":\"ListItem\",\"position\":1,\"name\":\"Home\",\"item\":\"https:\\\/\\\/neoqi.com\\\/\"},{\"@type\":\"ListItem\",\"position\":2,\"name\":\"Catalog\",\"item\":\"https:\\\/\\\/neoqi.com\\\/it\\\/catalog\\\/\"},{\"@type\":\"ListItem\",\"position\":3,\"name\":\"Saltarium\"}]},{\"@type\":\"WebSite\",\"@id\":\"https:\\\/\\\/neoqi.com\\\/#website\",\"url\":\"https:\\\/\\\/neoqi.com\\\/\",\"name\":\"NEOQI\",\"description\":\"Experience Ultimate Wellness and Relaxation with NeoQi Spa Capsule: Your Path to Rejuvenation\",\"publisher\":{\"@id\":\"https:\\\/\\\/neoqi.com\\\/#organization\"},\"potentialAction\":[{\"@type\":\"SearchAction\",\"target\":{\"@type\":\"EntryPoint\",\"urlTemplate\":\"https:\\\/\\\/neoqi.com\\\/?s={search_term_string}\"},\"query-input\":{\"@type\":\"PropertyValueSpecification\",\"valueRequired\":true,\"valueName\":\"search_term_string\"}}],\"inLanguage\":\"fr-FR\"},{\"@type\":\"Organization\",\"@id\":\"https:\\\/\\\/neoqi.com\\\/#organization\",\"name\":\"NEOQI\",\"url\":\"https:\\\/\\\/neoqi.com\\\/\",\"logo\":{\"@type\":\"ImageObject\",\"inLanguage\":\"fr-FR\",\"@id\":\"https:\\\/\\\/neoqi.com\\\/#\\\/schema\\\/logo\\\/image\\\/\",\"url\":\"https:\\\/\\\/neoqi.com\\\/wp-content\\\/uploads\\\/2024\\\/09\\\/logoneosvg.svg\",\"contentUrl\":\"https:\\\/\\\/neoqi.com\\\/wp-content\\\/uploads\\\/2024\\\/09\\\/logoneosvg.svg\",\"width\":1,\"height\":1,\"caption\":\"NEOQI\"},\"image\":{\"@id\":\"https:\\\/\\\/neoqi.com\\\/#\\\/schema\\\/logo\\\/image\\\/\"},\"sameAs\":[\"https:\\\/\\\/www.facebook.com\\\/neoqi\\\/\",\"https:\\\/\\\/www.instagram.com\\\/neoqi_com\\\/\"]}]}<\/script>\n<!-- \/ Yoast SEO plugin. -->","yoast_head_json":{"title":"Saltarium - NEOQI","robots":{"index":"index","follow":"follow","max-snippet":"max-snippet:-1","max-image-preview":"max-image-preview:large","max-video-preview":"max-video-preview:-1"},"canonical":"https:\/\/neoqi.com\/fr\/produit\/saltarium\/","og_locale":"fr_FR","og_type":"article","og_title":"Saltarium - NEOQI","og_description":"Saltarium is a compact salt chamber designed for people who appreciate privacy and comfort. Its ergonomic shape makes it comfortable to stay inside in a sitting position, to fully enjoy the healing properties of halotherapy. In the Saltarium capsule, a special environment is created, free of allergens and conducive to deep relaxation. Sessions in the salt capsule help to quickly recover after a busy day, boosting the immune system and cleansing the skin, bronchi and lungs.  During a halotherapy session, a person breathes air that is saturated with salt aerosol. Halotherapy effectively treats airway disorders, such as bronchial asthma, rhinitis and skin diseases, has a beneficial effect on the overall psychological state.\u00a0 Sessions in the Saltarium salt capsule help to restore the respiratory system of those who have given up smoking, strengthen the immune system of all family members and help to relax, get rid of irritability and improve sleep. A Built-in MP3 player allows listening to your favorite music during the treatment. Musical compositions are able to heal, activate brain function, have analgesic and relaxing effects.","og_url":"https:\/\/neoqi.com\/fr\/produit\/saltarium\/","og_site_name":"NEOQI","article_publisher":"https:\/\/www.facebook.com\/neoqi\/","article_modified_time":"2025-08-04T13:17:33+00:00","og_image":[{"width":1200,"height":800,"url":"https:\/\/neoqi.com\/wp-content\/uploads\/2024\/09\/saltarium.png","type":"image\/png"}],"twitter_card":"summary_large_image","twitter_misc":{"Dur\u00e9e de lecture estim\u00e9e":"3 minutes"},"schema":{"@context":"https:\/\/schema.org","@graph":[{"@type":"WebPage","@id":"https:\/\/neoqi.com\/product\/saltarium\/","url":"https:\/\/neoqi.com\/product\/saltarium\/","name":"Saltarium - NEOQI","isPartOf":{"@id":"https:\/\/neoqi.com\/#website"},"primaryImageOfPage":{"@id":"https:\/\/neoqi.com\/product\/saltarium\/#primaryimage"},"image":{"@id":"https:\/\/neoqi.com\/product\/saltarium\/#primaryimage"},"thumbnailUrl":"https:\/\/neoqi.com\/wp-content\/uploads\/2024\/09\/saltarium.png","datePublished":"2024-09-06T01:27:53+00:00","dateModified":"2025-08-04T13:17:33+00:00","breadcrumb":{"@id":"https:\/\/neoqi.com\/product\/saltarium\/#breadcrumb"},"inLanguage":"fr-FR","potentialAction":[{"@type":"ReadAction","target":["https:\/\/neoqi.com\/product\/saltarium\/"]}]},{"@type":"ImageObject","inLanguage":"fr-FR","@id":"https:\/\/neoqi.com\/product\/saltarium\/#primaryimage","url":"https:\/\/neoqi.com\/wp-content\/uploads\/2024\/09\/saltarium.png","contentUrl":"https:\/\/neoqi.com\/wp-content\/uploads\/2024\/09\/saltarium.png","width":1200,"height":800},{"@type":"BreadcrumbList","@id":"https:\/\/neoqi.com\/product\/saltarium\/#breadcrumb","itemListElement":[{"@type":"ListItem","position":1,"name":"Home","item":"https:\/\/neoqi.com\/"},{"@type":"ListItem","position":2,"name":"Catalog","item":"https:\/\/neoqi.com\/it\/catalog\/"},{"@type":"ListItem","position":3,"name":"Saltarium"}]},{"@type":"WebSite","@id":"https:\/\/neoqi.com\/#website","url":"https:\/\/neoqi.com\/","name":"NEOQI","description":"Faites l'exp\u00e9rience du bien-\u00eatre et de la relaxation ultimes avec NeoQi Spa Capsule : Votre chemin vers le rajeunissement","publisher":{"@id":"https:\/\/neoqi.com\/#organization"},"potentialAction":[{"@type":"SearchAction","target":{"@type":"EntryPoint","urlTemplate":"https:\/\/neoqi.com\/?s={search_term_string}"},"query-input":{"@type":"PropertyValueSpecification","valueRequired":true,"valueName":"search_term_string"}}],"inLanguage":"fr-FR"},{"@type":"Organization","@id":"https:\/\/neoqi.com\/#organization","name":"NEOQI","url":"https:\/\/neoqi.com\/","logo":{"@type":"ImageObject","inLanguage":"fr-FR","@id":"https:\/\/neoqi.com\/#\/schema\/logo\/image\/","url":"https:\/\/neoqi.com\/wp-content\/uploads\/2024\/09\/logoneosvg.svg","contentUrl":"https:\/\/neoqi.com\/wp-content\/uploads\/2024\/09\/logoneosvg.svg","width":1,"height":1,"caption":"NEOQI"},"image":{"@id":"https:\/\/neoqi.com\/#\/schema\/logo\/image\/"},"sameAs":["https:\/\/www.facebook.com\/neoqi\/","https:\/\/www.instagram.com\/neoqi_com\/"]}]}},"_links":{"self":[{"href":"https:\/\/neoqi.com\/fr\/wp-json\/wp\/v2\/product\/2075","targetHints":{"allow":["GET"]}}],"collection":[{"href":"https:\/\/neoqi.com\/fr\/wp-json\/wp\/v2\/product"}],"about":[{"href":"https:\/\/neoqi.com\/fr\/wp-json\/wp\/v2\/types\/product"}],"replies":[{"embeddable":true,"href":"https:\/\/neoqi.com\/fr\/wp-json\/wp\/v2\/comments?post=2075"}],"wp:featuredmedia":[{"embeddable":true,"href":"https:\/\/neoqi.com\/fr\/wp-json\/wp\/v2\/media\/2076"}],"wp:attachment":[{"href":"https:\/\/neoqi.com\/fr\/wp-json\/wp\/v2\/media?parent=2075"}],"wp:term":[{"taxonomy":"product_brand","embeddable":true,"href":"https:\/\/neoqi.com\/fr\/wp-json\/wp\/v2\/product_brand?post=2075"},{"taxonomy":"product_cat","embeddable":true,"href":"https:\/\/neoqi.com\/fr\/wp-json\/wp\/v2\/product_cat?post=2075"},{"taxonomy":"product_tag","embeddable":true,"href":"https:\/\/neoqi.com\/fr\/wp-json\/wp\/v2\/product_tag?post=2075"}],"curies":[{"name":"wp","href":"https:\/\/api.w.org\/{rel}","templated":true}]}}