{"id":2088,"date":"2024-09-06T05:31:04","date_gmt":"2024-09-06T02:31:04","guid":{"rendered":"http:\/\/neoqi.com\/?post_type=product&#038;p=2088"},"modified":"2024-12-03T18:34:42","modified_gmt":"2024-12-03T15:34:42","slug":"niagara","status":"publish","type":"product","link":"https:\/\/neoqi.com\/fr\/produit\/niagara\/","title":{"rendered":"Niagara"},"content":{"rendered":"<div id=\"tab-description\" class=\"woocommerce-Tabs-panel woocommerce-Tabs-panel--description panel entry-content wc-tab\" role=\"tabpanel\" aria-labelledby=\"tab-title-description\">\n<p><strong>Les principaux traitements de NeoQi\u00ae Niagara<\/strong><\/p>\n<ul>\n<li><strong>Bulles d'air et hydro massage<\/strong>\u00a0repr\u00e9sentent les fonctions automatiques de la baignoire. L'eau chaude, combin\u00e9e \u00e0 des jets d'eau ou \u00e0 des bulles d'air, d\u00e9tend les muscles au maximum, de la t\u00eate aux pieds. L'hydromassage soulage efficacement les spasmes musculaires, les probl\u00e8mes rencontr\u00e9s au niveau de la ceinture scapulaire et du bas du dos, et constitue une excellente mesure pr\u00e9ventive contre de nombreuses autres maladies. L'hydromassage est extr\u00eamement efficace en cas de fragilit\u00e9 des vaisseaux sanguins, ainsi que pour le traitement et la pr\u00e9vention des varices des jambes, aide \u00e0 combattre la cellulite, renforce le syst\u00e8me immunitaire et cardiovasculaire, et remplit le corps d'\u00e9nergie. Le massage l\u00e9ger \u00e0 bulles d'air d\u00e9tend les tensions nerveuses et aide \u00e0 lutter contre le stress, l'irritabilit\u00e9, l'insomnie et l'apathie.<\/li>\n<li><strong>Massage manuel sous l'eau<\/strong>\u00a0vous permet d'offrir un massage des tissus profonds plus personnalis\u00e9 et indolore. Le tuyau de massage int\u00e9gr\u00e9 comporte diff\u00e9rentes buses\/t\u00eates et la pression de l'eau peut \u00eatre r\u00e9gl\u00e9e en fonction des besoins et de l'\u00e9tat du client. La pression appliqu\u00e9e peut \u00eatre observ\u00e9e sur le manom\u00e8tre situ\u00e9 \u00e0 proximit\u00e9 imm\u00e9diate. La baignoire spacieuse Niagara est id\u00e9ale pour effectuer des massages physioth\u00e9rapeutiques.<\/li>\n<li><strong>Chromoth\u00e9rapie<\/strong>\u00a0est bas\u00e9e sur l'impact des couleurs sur l'\u00e9tat psycho-\u00e9motionnel d'une personne. La gu\u00e9rison par la lumi\u00e8re et la couleur est une th\u00e9rapie efficace qui compense le manque d'\u00e9nergie du corps humain. La chromoth\u00e9rapie agit rapidement, plongeant le client dans un \u00e9tat d'harmonie et l'aidant \u00e0 retrouver un bien-\u00eatre physique et \u00e9motionnel. Un traitement par la lumi\u00e8re compl\u00e8te et am\u00e9liore parfaitement les r\u00e9sultats des traitements par hydromassage.<\/li>\n<\/ul>\n<ul class=\"tabs wc-tabs\" role=\"tablist\">\n<li id=\"tab-title-description\" class=\"description_tab active\" role=\"tab\" aria-controls=\"tab-description\"><a href=\"https:\/\/neoqi.com\/fr\/produit\/bathtubs\/niagara\/#tab-description\">Description<\/a><\/li>\n<\/ul>\n<div id=\"tab-description\" class=\"woocommerce-Tabs-panel woocommerce-Tabs-panel--description panel entry-content wc-tab\" role=\"tabpanel\" aria-labelledby=\"tab-title-description\">\n<div>\n<ul>\n<li>Syst\u00e8me de massage \u00e0 l'eau \u00e0 3 pompes<\/li>\n<li>1 syst\u00e8me de soufflerie d'air<\/li>\n<li>8 jets pour les pieds<\/li>\n<li>6 jets lat\u00e9raux<\/li>\n<li>14 jets de massage du dos<\/li>\n<li>16 jets d'air inf\u00e9rieurs<\/li>\n<li>Hydromassage<\/li>\n<li>Massage \u00e0 bulles d'air<\/li>\n<li>Jet \u00e0 main pour un massage sous l'eau<\/li>\n<li>Douche \u00e0 main<\/li>\n<li>Syst\u00e8me de lumi\u00e8re color\u00e9e (chromoth\u00e9rapie)<\/li>\n<li>Syst\u00e8me de nettoyage de l'ozonateur<\/li>\n<li>Remplissage et \u00e9vacuation rapides de l'eau<\/li>\n<\/ul>\n<\/div>\n<\/div>\n<\/div>","protected":false},"excerpt":{"rendered":"<p>La baignoire d'hydroth\u00e9rapie Niagara est con\u00e7ue pour effectuer des massages physioth\u00e9rapeutiques sous l'eau. Le bain poss\u00e8de toutes les caract\u00e9ristiques n\u00e9cessaires pour traiter et pr\u00e9venir divers probl\u00e8mes des syst\u00e8mes musculo-squelettique et cardiovasculaire. Dans le bain Niagara, on peut effectuer des massages manuels ou automatiques avec des jets d'eau, des massages \u00e0 bulles d'air ainsi que de la baln\u00e9oth\u00e9rapie classique accompagn\u00e9e de chromoth\u00e9rapie. Les propri\u00e9t\u00e9s curatives de l'eau douce, min\u00e9rale et de mer permettent de lutter contre le stress, de redonner fermet\u00e9 et \u00e9lasticit\u00e9 \u00e0 la peau, de normaliser le fonctionnement des organes internes et de soulager les douleurs musculaires.<\/p>\n<p>Niagara est la plus grande baignoire de la production NeoQi. Sa forme ergonomique et son design anatomique \u00e0 l'int\u00e9rieur assurent un confort maximal au client, tant en position assise qu'en position allong\u00e9e. La compacit\u00e9, la fiabilit\u00e9 et la facilit\u00e9 d'utilisation de l'appareil offrent des conditions id\u00e9ales pour l'hydroth\u00e9rapie.<\/p>","protected":false},"featured_media":2089,"comment_status":"open","ping_status":"closed","template":"","meta":{"_acf_changed":false,"site-sidebar-layout":"default","site-content-layout":"","ast-site-content-layout":"default","site-content-style":"default","site-sidebar-style":"default","ast-global-header-display":"","ast-banner-title-visibility":"","ast-main-header-display":"","ast-hfb-above-header-display":"","ast-hfb-below-header-display":"","ast-hfb-mobile-header-display":"","site-post-title":"","ast-breadcrumbs-content":"","ast-featured-img":"","footer-sml-layout":"","ast-disable-related-posts":"","theme-transparent-header-meta":"default","adv-header-id-meta":"","stick-header-meta":"","header-above-stick-meta":"","header-main-stick-meta":"","header-below-stick-meta":"","astra-migrate-meta-layouts":"set","ast-page-background-enabled":"default","ast-page-background-meta":{"desktop":{"background-color":"var(--ast-global-color-4)","background-image":"","background-repeat":"repeat","background-position":"center center","background-size":"auto","background-attachment":"scroll","background-type":"","background-media":"","overlay-type":"","overlay-color":"","overlay-opacity":"","overlay-gradient":""},"tablet":{"background-color":"","background-image":"","background-repeat":"repeat","background-position":"center center","background-size":"auto","background-attachment":"scroll","background-type":"","background-media":"","overlay-type":"","overlay-color":"","overlay-opacity":"","overlay-gradient":""},"mobile":{"background-color":"","background-image":"","background-repeat":"repeat","background-position":"center center","background-size":"auto","background-attachment":"scroll","background-type":"","background-media":"","overlay-type":"","overlay-color":"","overlay-opacity":"","overlay-gradient":""}},"ast-content-background-meta":{"desktop":{"background-color":"var(--ast-global-color-5)","background-image":"","background-repeat":"repeat","background-position":"center center","background-size":"auto","background-attachment":"scroll","background-type":"","background-media":"","overlay-type":"","overlay-color":"","overlay-opacity":"","overlay-gradient":""},"tablet":{"background-color":"var(--ast-global-color-5)","background-image":"","background-repeat":"repeat","background-position":"center center","background-size":"auto","background-attachment":"scroll","background-type":"","background-media":"","overlay-type":"","overlay-color":"","overlay-opacity":"","overlay-gradient":""},"mobile":{"background-color":"var(--ast-global-color-5)","background-image":"","background-repeat":"repeat","background-position":"center center","background-size":"auto","background-attachment":"scroll","background-type":"","background-media":"","overlay-type":"","overlay-color":"","overlay-opacity":"","overlay-gradient":""}}},"product_brand":[],"product_cat":[81,85],"product_tag":[],"class_list":{"0":"post-2088","1":"product","2":"type-product","3":"status-publish","4":"has-post-thumbnail","6":"product_cat-energy-cocoons","7":"product_cat-medical","8":"desktop-align-left","9":"tablet-align-left","10":"mobile-align-left","12":"first","13":"instock","14":"shipping-taxable","15":"product-type-simple"},"acf":[],"yoast_head":"<!-- This site is optimized with the Yoast SEO plugin v27.3 - https:\/\/yoast.com\/product\/yoast-seo-wordpress\/ -->\n<title>Niagara - NEOQI<\/title>\n<meta name=\"robots\" content=\"index, follow, max-snippet:-1, max-image-preview:large, max-video-preview:-1\" \/>\n<link rel=\"canonical\" href=\"https:\/\/neoqi.com\/fr\/produit\/niagara\/\" \/>\n<meta property=\"og:locale\" content=\"fr_FR\" \/>\n<meta property=\"og:type\" content=\"article\" \/>\n<meta property=\"og:title\" content=\"Niagara - NEOQI\" \/>\n<meta property=\"og:description\" content=\"The Niagara hydrotherapy bath is designed for preforming physiotherapeutical underwater massage. The bath has all the necessary features for treating and preventing various problems of musculoskeletal and cardiovascular systems. In the Niagara bath, one can carry out manual or automatic massage with water jets, air bubble massage as well as classical balneotherapy accompanied by chromotherapy. The curative properties of fresh, mineral and seawater help to cope with stress, give the skin firmness and elasticity, normalize the function of the internal organs, and relieve muscle aches.  Niagara is the largest baths of NeoQi production, its ergonomic shape and anatomical design on the inside\u00a0\u00a0 ensures the maximum comfort for the customer, both in sitting and lying position. The compactness, reliability and ease of operation of the device provides\/delivers ideal conditions for hydrotherapy.\" \/>\n<meta property=\"og:url\" content=\"https:\/\/neoqi.com\/fr\/produit\/niagara\/\" \/>\n<meta property=\"og:site_name\" content=\"NEOQI\" \/>\n<meta property=\"article:publisher\" content=\"https:\/\/www.facebook.com\/neoqi\/\" \/>\n<meta property=\"article:modified_time\" content=\"2024-12-03T15:34:42+00:00\" \/>\n<meta property=\"og:image\" content=\"https:\/\/neoqi.com\/wp-content\/uploads\/2024\/09\/niagara_wellness.png\" \/>\n\t<meta property=\"og:image:width\" content=\"1200\" \/>\n\t<meta property=\"og:image:height\" content=\"800\" \/>\n\t<meta property=\"og:image:type\" content=\"image\/png\" \/>\n<meta name=\"twitter:card\" content=\"summary_large_image\" \/>\n<meta name=\"twitter:label1\" content=\"Dur\u00e9e de lecture estim\u00e9e\" \/>\n\t<meta name=\"twitter:data1\" content=\"1 minute\" \/>\n<script type=\"application\/ld+json\" class=\"yoast-schema-graph\">{\"@context\":\"https:\\\/\\\/schema.org\",\"@graph\":[{\"@type\":\"WebPage\",\"@id\":\"https:\\\/\\\/neoqi.com\\\/product\\\/niagara\\\/\",\"url\":\"https:\\\/\\\/neoqi.com\\\/product\\\/niagara\\\/\",\"name\":\"Niagara - NEOQI\",\"isPartOf\":{\"@id\":\"https:\\\/\\\/neoqi.com\\\/#website\"},\"primaryImageOfPage\":{\"@id\":\"https:\\\/\\\/neoqi.com\\\/product\\\/niagara\\\/#primaryimage\"},\"image\":{\"@id\":\"https:\\\/\\\/neoqi.com\\\/product\\\/niagara\\\/#primaryimage\"},\"thumbnailUrl\":\"https:\\\/\\\/neoqi.com\\\/wp-content\\\/uploads\\\/2024\\\/09\\\/niagara_wellness.png\",\"datePublished\":\"2024-09-06T02:31:04+00:00\",\"dateModified\":\"2024-12-03T15:34:42+00:00\",\"breadcrumb\":{\"@id\":\"https:\\\/\\\/neoqi.com\\\/product\\\/niagara\\\/#breadcrumb\"},\"inLanguage\":\"fr-FR\",\"potentialAction\":[{\"@type\":\"ReadAction\",\"target\":[\"https:\\\/\\\/neoqi.com\\\/product\\\/niagara\\\/\"]}]},{\"@type\":\"ImageObject\",\"inLanguage\":\"fr-FR\",\"@id\":\"https:\\\/\\\/neoqi.com\\\/product\\\/niagara\\\/#primaryimage\",\"url\":\"https:\\\/\\\/neoqi.com\\\/wp-content\\\/uploads\\\/2024\\\/09\\\/niagara_wellness.png\",\"contentUrl\":\"https:\\\/\\\/neoqi.com\\\/wp-content\\\/uploads\\\/2024\\\/09\\\/niagara_wellness.png\",\"width\":1200,\"height\":800},{\"@type\":\"BreadcrumbList\",\"@id\":\"https:\\\/\\\/neoqi.com\\\/product\\\/niagara\\\/#breadcrumb\",\"itemListElement\":[{\"@type\":\"ListItem\",\"position\":1,\"name\":\"Home\",\"item\":\"https:\\\/\\\/neoqi.com\\\/\"},{\"@type\":\"ListItem\",\"position\":2,\"name\":\"Catalog\",\"item\":\"https:\\\/\\\/neoqi.com\\\/it\\\/catalog\\\/\"},{\"@type\":\"ListItem\",\"position\":3,\"name\":\"Niagara\"}]},{\"@type\":\"WebSite\",\"@id\":\"https:\\\/\\\/neoqi.com\\\/#website\",\"url\":\"https:\\\/\\\/neoqi.com\\\/\",\"name\":\"NEOQI\",\"description\":\"Experience Ultimate Wellness and Relaxation with NeoQi Spa Capsule: Your Path to Rejuvenation\",\"publisher\":{\"@id\":\"https:\\\/\\\/neoqi.com\\\/#organization\"},\"potentialAction\":[{\"@type\":\"SearchAction\",\"target\":{\"@type\":\"EntryPoint\",\"urlTemplate\":\"https:\\\/\\\/neoqi.com\\\/?s={search_term_string}\"},\"query-input\":{\"@type\":\"PropertyValueSpecification\",\"valueRequired\":true,\"valueName\":\"search_term_string\"}}],\"inLanguage\":\"fr-FR\"},{\"@type\":\"Organization\",\"@id\":\"https:\\\/\\\/neoqi.com\\\/#organization\",\"name\":\"NEOQI\",\"url\":\"https:\\\/\\\/neoqi.com\\\/\",\"logo\":{\"@type\":\"ImageObject\",\"inLanguage\":\"fr-FR\",\"@id\":\"https:\\\/\\\/neoqi.com\\\/#\\\/schema\\\/logo\\\/image\\\/\",\"url\":\"https:\\\/\\\/neoqi.com\\\/wp-content\\\/uploads\\\/2024\\\/09\\\/logoneosvg.svg\",\"contentUrl\":\"https:\\\/\\\/neoqi.com\\\/wp-content\\\/uploads\\\/2024\\\/09\\\/logoneosvg.svg\",\"width\":1,\"height\":1,\"caption\":\"NEOQI\"},\"image\":{\"@id\":\"https:\\\/\\\/neoqi.com\\\/#\\\/schema\\\/logo\\\/image\\\/\"},\"sameAs\":[\"https:\\\/\\\/www.facebook.com\\\/neoqi\\\/\",\"https:\\\/\\\/www.instagram.com\\\/neoqi_com\\\/\"]}]}<\/script>\n<!-- \/ Yoast SEO plugin. -->","yoast_head_json":{"title":"Niagara - NEOQI","robots":{"index":"index","follow":"follow","max-snippet":"max-snippet:-1","max-image-preview":"max-image-preview:large","max-video-preview":"max-video-preview:-1"},"canonical":"https:\/\/neoqi.com\/fr\/produit\/niagara\/","og_locale":"fr_FR","og_type":"article","og_title":"Niagara - NEOQI","og_description":"The Niagara hydrotherapy bath is designed for preforming physiotherapeutical underwater massage. The bath has all the necessary features for treating and preventing various problems of musculoskeletal and cardiovascular systems. In the Niagara bath, one can carry out manual or automatic massage with water jets, air bubble massage as well as classical balneotherapy accompanied by chromotherapy. The curative properties of fresh, mineral and seawater help to cope with stress, give the skin firmness and elasticity, normalize the function of the internal organs, and relieve muscle aches.  Niagara is the largest baths of NeoQi production, its ergonomic shape and anatomical design on the inside\u00a0\u00a0 ensures the maximum comfort for the customer, both in sitting and lying position. The compactness, reliability and ease of operation of the device provides\/delivers ideal conditions for hydrotherapy.","og_url":"https:\/\/neoqi.com\/fr\/produit\/niagara\/","og_site_name":"NEOQI","article_publisher":"https:\/\/www.facebook.com\/neoqi\/","article_modified_time":"2024-12-03T15:34:42+00:00","og_image":[{"width":1200,"height":800,"url":"https:\/\/neoqi.com\/wp-content\/uploads\/2024\/09\/niagara_wellness.png","type":"image\/png"}],"twitter_card":"summary_large_image","twitter_misc":{"Dur\u00e9e de lecture estim\u00e9e":"1 minute"},"schema":{"@context":"https:\/\/schema.org","@graph":[{"@type":"WebPage","@id":"https:\/\/neoqi.com\/product\/niagara\/","url":"https:\/\/neoqi.com\/product\/niagara\/","name":"Niagara - NEOQI","isPartOf":{"@id":"https:\/\/neoqi.com\/#website"},"primaryImageOfPage":{"@id":"https:\/\/neoqi.com\/product\/niagara\/#primaryimage"},"image":{"@id":"https:\/\/neoqi.com\/product\/niagara\/#primaryimage"},"thumbnailUrl":"https:\/\/neoqi.com\/wp-content\/uploads\/2024\/09\/niagara_wellness.png","datePublished":"2024-09-06T02:31:04+00:00","dateModified":"2024-12-03T15:34:42+00:00","breadcrumb":{"@id":"https:\/\/neoqi.com\/product\/niagara\/#breadcrumb"},"inLanguage":"fr-FR","potentialAction":[{"@type":"ReadAction","target":["https:\/\/neoqi.com\/product\/niagara\/"]}]},{"@type":"ImageObject","inLanguage":"fr-FR","@id":"https:\/\/neoqi.com\/product\/niagara\/#primaryimage","url":"https:\/\/neoqi.com\/wp-content\/uploads\/2024\/09\/niagara_wellness.png","contentUrl":"https:\/\/neoqi.com\/wp-content\/uploads\/2024\/09\/niagara_wellness.png","width":1200,"height":800},{"@type":"BreadcrumbList","@id":"https:\/\/neoqi.com\/product\/niagara\/#breadcrumb","itemListElement":[{"@type":"ListItem","position":1,"name":"Home","item":"https:\/\/neoqi.com\/"},{"@type":"ListItem","position":2,"name":"Catalog","item":"https:\/\/neoqi.com\/it\/catalog\/"},{"@type":"ListItem","position":3,"name":"Niagara"}]},{"@type":"WebSite","@id":"https:\/\/neoqi.com\/#website","url":"https:\/\/neoqi.com\/","name":"NEOQI","description":"Faites l'exp\u00e9rience du bien-\u00eatre et de la relaxation ultimes avec NeoQi Spa Capsule : Votre chemin vers le rajeunissement","publisher":{"@id":"https:\/\/neoqi.com\/#organization"},"potentialAction":[{"@type":"SearchAction","target":{"@type":"EntryPoint","urlTemplate":"https:\/\/neoqi.com\/?s={search_term_string}"},"query-input":{"@type":"PropertyValueSpecification","valueRequired":true,"valueName":"search_term_string"}}],"inLanguage":"fr-FR"},{"@type":"Organization","@id":"https:\/\/neoqi.com\/#organization","name":"NEOQI","url":"https:\/\/neoqi.com\/","logo":{"@type":"ImageObject","inLanguage":"fr-FR","@id":"https:\/\/neoqi.com\/#\/schema\/logo\/image\/","url":"https:\/\/neoqi.com\/wp-content\/uploads\/2024\/09\/logoneosvg.svg","contentUrl":"https:\/\/neoqi.com\/wp-content\/uploads\/2024\/09\/logoneosvg.svg","width":1,"height":1,"caption":"NEOQI"},"image":{"@id":"https:\/\/neoqi.com\/#\/schema\/logo\/image\/"},"sameAs":["https:\/\/www.facebook.com\/neoqi\/","https:\/\/www.instagram.com\/neoqi_com\/"]}]}},"_links":{"self":[{"href":"https:\/\/neoqi.com\/fr\/wp-json\/wp\/v2\/product\/2088","targetHints":{"allow":["GET"]}}],"collection":[{"href":"https:\/\/neoqi.com\/fr\/wp-json\/wp\/v2\/product"}],"about":[{"href":"https:\/\/neoqi.com\/fr\/wp-json\/wp\/v2\/types\/product"}],"replies":[{"embeddable":true,"href":"https:\/\/neoqi.com\/fr\/wp-json\/wp\/v2\/comments?post=2088"}],"wp:featuredmedia":[{"embeddable":true,"href":"https:\/\/neoqi.com\/fr\/wp-json\/wp\/v2\/media\/2089"}],"wp:attachment":[{"href":"https:\/\/neoqi.com\/fr\/wp-json\/wp\/v2\/media?parent=2088"}],"wp:term":[{"taxonomy":"product_brand","embeddable":true,"href":"https:\/\/neoqi.com\/fr\/wp-json\/wp\/v2\/product_brand?post=2088"},{"taxonomy":"product_cat","embeddable":true,"href":"https:\/\/neoqi.com\/fr\/wp-json\/wp\/v2\/product_cat?post=2088"},{"taxonomy":"product_tag","embeddable":true,"href":"https:\/\/neoqi.com\/fr\/wp-json\/wp\/v2\/product_tag?post=2088"}],"curies":[{"name":"wp","href":"https:\/\/api.w.org\/{rel}","templated":true}]}}