{"id":2107,"date":"2024-09-07T01:42:23","date_gmt":"2024-09-06T22:42:23","guid":{"rendered":"http:\/\/neoqi.com\/?post_type=product&#038;p=2107"},"modified":"2025-08-04T16:19:13","modified_gmt":"2025-08-04T13:19:13","slug":"pro","status":"publish","type":"product","link":"https:\/\/neoqi.com\/fr\/produit\/pro\/","title":{"rendered":"Pro"},"content":{"rendered":"<p><strong>Les principaux traitements de NeoQi\u00ae Pro<\/strong><\/p>\n<p><strong>Hydrofusion<\/strong>. Effet efficace et tr\u00e8s doux de la combinaison de la vapeur et de la chaleur infrarouge sur le corps humain. La peau, les muscles et les articulations sont r\u00e9chauff\u00e9s en profondeur, ce qui active la circulation sanguine et le processus de lipolyse, \u00e9liminant les toxines et les d\u00e9chets du corps. La fonction d'hydrofusion augmente l'efficacit\u00e9 des enveloppements corporels - le d\u00e9licat film de vapeur emp\u00eache la composition cosm\u00e9tique de s\u00e9cher, tandis que la chaleur infrarouge favorise une p\u00e9n\u00e9tration plus profonde des nutriments dans la peau.<\/p>\n<p><strong>Douche Vichy\/ douchette<\/strong>. La douche curative Vichy normalise le fonctionnement des organes internes, \u00e9limine les d\u00e9fauts de beaut\u00e9, procure une d\u00e9tente totale ou un regain de vitalit\u00e9. En fonction du traitement, vous pouvez r\u00e9gler la temp\u00e9rature, la pression et la direction de l'eau. Des jets puissants masseront rapidement et efficacement la zone concern\u00e9e, tandis que des gouttes douces et l\u00e9g\u00e8res \u00e9limineront le stress et aideront \u00e0 se d\u00e9barrasser de l'insomnie. Gr\u00e2ce \u00e0 la pr\u00e9sence d'une douchette, le th\u00e9rapeute peut se d\u00e9barrasser des restes de produits cosm\u00e9tiques directement dans la capsule SPA.  Cela garantit un maximum de confort et de d\u00e9tente au client pendant toute la dur\u00e9e du traitement.<\/p>\n<p><strong>S\u00e9ance d'hydroth\u00e9rapie avec massage \u00e0 l'eau et aux bulles d'air<\/strong>. Les traitements par l'eau poss\u00e8dent des propri\u00e9t\u00e9s apaisantes et rafra\u00eechissantes. Le massage indolore est effectu\u00e9 par des jets d'eau et la relaxation du corps est obtenue gr\u00e2ce aux bulles d'air caressantes qui s'\u00e9l\u00e8vent du fond de la capsule SPA.<\/p>\n<p><strong>Aromath\u00e9rapie<\/strong>. Les parfums des champs ou des fleurs exotiques, des herbes des pr\u00e9s, des arbres \u00e0 feuilles caduques ou des conif\u00e8res aident \u00e0 faire face au syndrome de fatigue chronique, \u00e0 l'insomnie, au stress, \u00e0 l'augmentation de l'app\u00e9tit et \u00e0 l'inflammation de la peau.<\/p>\n<p><strong>Enveloppement complet avec utilisation de masques cosm\u00e9tiques<\/strong>. L'un des traitements SPA les plus efficaces, offrant un soin complet de la peau. Dans la capsule SPA, vous pouvez effectuer des traitements pour corriger la silhouette, enrichir la peau avec des vitamines et des min\u00e9raux, ainsi que des enveloppements partiels pour traiter ou pr\u00e9venir les maladies.<\/p>\n<p><strong>Vibromassage<\/strong>. Le vibromassage peut \u00eatre rapide ou doux. Pendant la s\u00e9ance de vibromassage, tout le corps est mass\u00e9 simultan\u00e9ment, de la nuque aux orteils. Le traitement a un impact positif sur le syst\u00e8me neuro-musculaire et poss\u00e8de un fort effet anti-stress. Le vibromassage est \u00e9galement un moyen efficace de r\u00e9\u00e9ducation physique apr\u00e8s des blessures, il am\u00e9liore la posture et les formes du corps.<\/p>\n<p><strong>Massage manuel sous l'eau<\/strong>e. Le massage \u00e0 l'eau remplit le corps d'\u00e9nergie, restaure l'\u00e9lasticit\u00e9 de la peau et est efficace pour la pr\u00e9vention de nombreuses maladies.<\/p>\n<p><strong>Programmes complexes combin\u00e9s<\/strong>. La capsule SPA Harmony Pro ouvre des possibilit\u00e9s illimit\u00e9es aux sp\u00e9cialistes du traitement et de la pr\u00e9vention des maladies, de la relaxation, de la lutte contre l'ob\u00e9sit\u00e9 et des probl\u00e8mes esth\u00e9tiques.<\/p>\n<p><strong>R\u00e9sum\u00e9 :<\/strong><\/p>\n<div id=\"tab-description\" class=\"woocommerce-Tabs-panel woocommerce-Tabs-panel--description panel entry-content wc-tab\" role=\"tabpanel\" aria-labelledby=\"tab-title-description\">Sauna infrarouge<br \/>\nSauna \u00e0 vapeur<br \/>\nAromath\u00e9rapie<br \/>\nDouche de Vichy<br \/>\nTable de traitement vibrante<br \/>\nSyst\u00e8me d'\u00e9clairage couleur<br \/>\nHydromassage<br \/>\nMassage \u00e0 bulles d'air<br \/>\nJet \u00e0 main<br \/>\nSyst\u00e8me musical (MP3)<br \/>\nVentilateur de refroidissement frontal<br \/>\nDouche \u00e0 main<br \/>\n6 jets lat\u00e9raux<br \/>\n8 jets de massage du dos<br \/>\n4 jets pour les pieds<br \/>\n10 jets d'air inf\u00e9rieurs<br \/>\nJet manuel pour hydromassage<\/div>\n<div role=\"tabpanel\" aria-labelledby=\"tab-title-description\"><\/div>\n<div class=\"ast-oembed-container\" style=\"height: 100%;\"><iframe title=\"NeoQi Pro spa capsule key features\" width=\"500\" height=\"281\" src=\"https:\/\/www.youtube.com\/embed\/q9PWL0qAs-A?feature=oembed\" frameborder=\"0\" allow=\"accelerometer; autoplay; clipboard-write; encrypted-media; gyroscope; picture-in-picture; web-share\" referrerpolicy=\"strict-origin-when-cross-origin\" allowfullscreen><\/iframe><\/div>\n<p>&nbsp;<\/p>","protected":false},"excerpt":{"rendered":"<p>Harmony Pro est une capsule SPA de nouvelle g\u00e9n\u00e9ration, offrant une large gamme de traitements n\u00e9cessaires \u00e0 la revigoration du corps et \u00e0 la r\u00e9solution d'un certain nombre de probl\u00e8mes esth\u00e9tiques. Gr\u00e2ce \u00e0 Harmony Pro, des programmes complets personnalis\u00e9s peuvent \u00eatre r\u00e9alis\u00e9s dans une seule cabine.<\/p>\n<p>La capsule SPA a un effet b\u00e9n\u00e9fique sur l'ensemble du corps. Le bo\u00eetier \u00e9l\u00e9gant et moderne d'Harmony Pro contient toutes les connaissances sur les propri\u00e9t\u00e9s curatives de l'eau, de la lumi\u00e8re et de la chaleur. Les utilisateurs ont acc\u00e8s \u00e0 des traitements d'hydrofusion et de th\u00e9rapie, ainsi qu'\u00e0 la possibilit\u00e9 d'influencer l'\u00e9tat \u00e9motionnel d'une personne par le biais de la couleur, de la lumi\u00e8re, de la musique et d'une vari\u00e9t\u00e9 de saveurs.<\/p>\n<p>Harmony Pro combine les derni\u00e8res avanc\u00e9es en mati\u00e8re de m\u00e9decine et de cosm\u00e9tologie. Ce complexe de physioth\u00e9rapie a \u00e9t\u00e9 sp\u00e9cialement con\u00e7u pour r\u00e9pondre aux besoins des centres de spa, de fitness et de r\u00e9\u00e9ducation.<\/p>","protected":false},"featured_media":3181,"comment_status":"open","ping_status":"closed","template":"","meta":{"_acf_changed":false,"site-sidebar-layout":"default","site-content-layout":"","ast-site-content-layout":"default","site-content-style":"default","site-sidebar-style":"default","ast-global-header-display":"","ast-banner-title-visibility":"","ast-main-header-display":"","ast-hfb-above-header-display":"","ast-hfb-below-header-display":"","ast-hfb-mobile-header-display":"","site-post-title":"","ast-breadcrumbs-content":"","ast-featured-img":"","footer-sml-layout":"","ast-disable-related-posts":"","theme-transparent-header-meta":"default","adv-header-id-meta":"","stick-header-meta":"","header-above-stick-meta":"","header-main-stick-meta":"","header-below-stick-meta":"","astra-migrate-meta-layouts":"set","ast-page-background-enabled":"default","ast-page-background-meta":{"desktop":{"background-color":"var(--ast-global-color-4)","background-image":"","background-repeat":"repeat","background-position":"center center","background-size":"auto","background-attachment":"scroll","background-type":"","background-media":"","overlay-type":"","overlay-color":"","overlay-opacity":"","overlay-gradient":""},"tablet":{"background-color":"","background-image":"","background-repeat":"repeat","background-position":"center center","background-size":"auto","background-attachment":"scroll","background-type":"","background-media":"","overlay-type":"","overlay-color":"","overlay-opacity":"","overlay-gradient":""},"mobile":{"background-color":"","background-image":"","background-repeat":"repeat","background-position":"center center","background-size":"auto","background-attachment":"scroll","background-type":"","background-media":"","overlay-type":"","overlay-color":"","overlay-opacity":"","overlay-gradient":""}},"ast-content-background-meta":{"desktop":{"background-color":"var(--ast-global-color-5)","background-image":"","background-repeat":"repeat","background-position":"center center","background-size":"auto","background-attachment":"scroll","background-type":"","background-media":"","overlay-type":"","overlay-color":"","overlay-opacity":"","overlay-gradient":""},"tablet":{"background-color":"var(--ast-global-color-5)","background-image":"","background-repeat":"repeat","background-position":"center center","background-size":"auto","background-attachment":"scroll","background-type":"","background-media":"","overlay-type":"","overlay-color":"","overlay-opacity":"","overlay-gradient":""},"mobile":{"background-color":"var(--ast-global-color-5)","background-image":"","background-repeat":"repeat","background-position":"center center","background-size":"auto","background-attachment":"scroll","background-type":"","background-media":"","overlay-type":"","overlay-color":"","overlay-opacity":"","overlay-gradient":""}}},"product_brand":[],"product_cat":[81,82],"product_tag":[],"class_list":{"0":"post-2107","1":"product","2":"type-product","3":"status-publish","4":"has-post-thumbnail","6":"product_cat-energy-cocoons","7":"product_cat-esthetical","8":"desktop-align-left","9":"tablet-align-left","10":"mobile-align-left","12":"first","13":"instock","14":"shipping-taxable","15":"product-type-simple"},"acf":[],"yoast_head":"<!-- This site is optimized with the Yoast SEO plugin v27.3 - https:\/\/yoast.com\/product\/yoast-seo-wordpress\/ -->\n<title>Pro - NEOQI<\/title>\n<meta name=\"robots\" content=\"index, follow, max-snippet:-1, max-image-preview:large, max-video-preview:-1\" \/>\n<link rel=\"canonical\" href=\"https:\/\/neoqi.com\/fr\/produit\/pro\/\" \/>\n<meta property=\"og:locale\" content=\"fr_FR\" \/>\n<meta property=\"og:type\" content=\"article\" \/>\n<meta property=\"og:title\" content=\"Pro - NEOQI\" \/>\n<meta property=\"og:description\" content=\"Harmony Pro is a SPA-capsule of a new generation, providing a wide range of treatments necessary for the invigoration of the body and solving number of aesthetic problems. Thanks to Harmony Pro, individually tailored complete programs may be carried out within just one cabinet.  SPA capsule has a beneficial effect on the body as a whole. The stylish and modern case of Harmony Pro contains all the knowledge about the healing properties of water, light and heat. Users have and access to treatments of hydro fusion and \u2013therapy, as well as the opportunity to affect the emotional state of a person by means of color, light, music and a variety of flavors.  Harmony Pro combines the latest achievements in medicine and cosmetology. This physiotherapy complex has been specifically designed for the needs of the spa, fitness and rehabilitation centers.\" \/>\n<meta property=\"og:url\" content=\"https:\/\/neoqi.com\/fr\/produit\/pro\/\" \/>\n<meta property=\"og:site_name\" content=\"NEOQI\" \/>\n<meta property=\"article:publisher\" content=\"https:\/\/www.facebook.com\/neoqi\/\" \/>\n<meta property=\"article:modified_time\" content=\"2025-08-04T13:19:13+00:00\" \/>\n<meta property=\"og:image\" content=\"https:\/\/neoqi.com\/wp-content\/uploads\/2024\/09\/wellness_neoqi_Pro_2.jpg\" \/>\n\t<meta property=\"og:image:width\" content=\"750\" \/>\n\t<meta property=\"og:image:height\" content=\"500\" \/>\n\t<meta property=\"og:image:type\" content=\"image\/jpeg\" \/>\n<meta name=\"twitter:card\" content=\"summary_large_image\" \/>\n<meta name=\"twitter:label1\" content=\"Dur\u00e9e de lecture estim\u00e9e\" \/>\n\t<meta name=\"twitter:data1\" content=\"3 minutes\" \/>\n<script type=\"application\/ld+json\" class=\"yoast-schema-graph\">{\"@context\":\"https:\\\/\\\/schema.org\",\"@graph\":[{\"@type\":\"WebPage\",\"@id\":\"https:\\\/\\\/neoqi.com\\\/product\\\/pro\\\/\",\"url\":\"https:\\\/\\\/neoqi.com\\\/product\\\/pro\\\/\",\"name\":\"Pro - NEOQI\",\"isPartOf\":{\"@id\":\"https:\\\/\\\/neoqi.com\\\/#website\"},\"primaryImageOfPage\":{\"@id\":\"https:\\\/\\\/neoqi.com\\\/product\\\/pro\\\/#primaryimage\"},\"image\":{\"@id\":\"https:\\\/\\\/neoqi.com\\\/product\\\/pro\\\/#primaryimage\"},\"thumbnailUrl\":\"https:\\\/\\\/neoqi.com\\\/wp-content\\\/uploads\\\/2024\\\/09\\\/wellness_neoqi_Pro_2.jpg\",\"datePublished\":\"2024-09-06T22:42:23+00:00\",\"dateModified\":\"2025-08-04T13:19:13+00:00\",\"breadcrumb\":{\"@id\":\"https:\\\/\\\/neoqi.com\\\/product\\\/pro\\\/#breadcrumb\"},\"inLanguage\":\"fr-FR\",\"potentialAction\":[{\"@type\":\"ReadAction\",\"target\":[\"https:\\\/\\\/neoqi.com\\\/product\\\/pro\\\/\"]}]},{\"@type\":\"ImageObject\",\"inLanguage\":\"fr-FR\",\"@id\":\"https:\\\/\\\/neoqi.com\\\/product\\\/pro\\\/#primaryimage\",\"url\":\"https:\\\/\\\/neoqi.com\\\/wp-content\\\/uploads\\\/2024\\\/09\\\/wellness_neoqi_Pro_2.jpg\",\"contentUrl\":\"https:\\\/\\\/neoqi.com\\\/wp-content\\\/uploads\\\/2024\\\/09\\\/wellness_neoqi_Pro_2.jpg\",\"width\":750,\"height\":500},{\"@type\":\"BreadcrumbList\",\"@id\":\"https:\\\/\\\/neoqi.com\\\/product\\\/pro\\\/#breadcrumb\",\"itemListElement\":[{\"@type\":\"ListItem\",\"position\":1,\"name\":\"Home\",\"item\":\"https:\\\/\\\/neoqi.com\\\/\"},{\"@type\":\"ListItem\",\"position\":2,\"name\":\"Catalog\",\"item\":\"https:\\\/\\\/neoqi.com\\\/it\\\/catalog\\\/\"},{\"@type\":\"ListItem\",\"position\":3,\"name\":\"Pro\"}]},{\"@type\":\"WebSite\",\"@id\":\"https:\\\/\\\/neoqi.com\\\/#website\",\"url\":\"https:\\\/\\\/neoqi.com\\\/\",\"name\":\"NEOQI\",\"description\":\"Experience Ultimate Wellness and Relaxation with NeoQi Spa Capsule: Your Path to Rejuvenation\",\"publisher\":{\"@id\":\"https:\\\/\\\/neoqi.com\\\/#organization\"},\"potentialAction\":[{\"@type\":\"SearchAction\",\"target\":{\"@type\":\"EntryPoint\",\"urlTemplate\":\"https:\\\/\\\/neoqi.com\\\/?s={search_term_string}\"},\"query-input\":{\"@type\":\"PropertyValueSpecification\",\"valueRequired\":true,\"valueName\":\"search_term_string\"}}],\"inLanguage\":\"fr-FR\"},{\"@type\":\"Organization\",\"@id\":\"https:\\\/\\\/neoqi.com\\\/#organization\",\"name\":\"NEOQI\",\"url\":\"https:\\\/\\\/neoqi.com\\\/\",\"logo\":{\"@type\":\"ImageObject\",\"inLanguage\":\"fr-FR\",\"@id\":\"https:\\\/\\\/neoqi.com\\\/#\\\/schema\\\/logo\\\/image\\\/\",\"url\":\"https:\\\/\\\/neoqi.com\\\/wp-content\\\/uploads\\\/2024\\\/09\\\/logoneosvg.svg\",\"contentUrl\":\"https:\\\/\\\/neoqi.com\\\/wp-content\\\/uploads\\\/2024\\\/09\\\/logoneosvg.svg\",\"width\":1,\"height\":1,\"caption\":\"NEOQI\"},\"image\":{\"@id\":\"https:\\\/\\\/neoqi.com\\\/#\\\/schema\\\/logo\\\/image\\\/\"},\"sameAs\":[\"https:\\\/\\\/www.facebook.com\\\/neoqi\\\/\",\"https:\\\/\\\/www.instagram.com\\\/neoqi_com\\\/\"]}]}<\/script>\n<!-- \/ Yoast SEO plugin. -->","yoast_head_json":{"title":"Pro - NEOQI","robots":{"index":"index","follow":"follow","max-snippet":"max-snippet:-1","max-image-preview":"max-image-preview:large","max-video-preview":"max-video-preview:-1"},"canonical":"https:\/\/neoqi.com\/fr\/produit\/pro\/","og_locale":"fr_FR","og_type":"article","og_title":"Pro - NEOQI","og_description":"Harmony Pro is a SPA-capsule of a new generation, providing a wide range of treatments necessary for the invigoration of the body and solving number of aesthetic problems. Thanks to Harmony Pro, individually tailored complete programs may be carried out within just one cabinet.  SPA capsule has a beneficial effect on the body as a whole. The stylish and modern case of Harmony Pro contains all the knowledge about the healing properties of water, light and heat. Users have and access to treatments of hydro fusion and \u2013therapy, as well as the opportunity to affect the emotional state of a person by means of color, light, music and a variety of flavors.  Harmony Pro combines the latest achievements in medicine and cosmetology. This physiotherapy complex has been specifically designed for the needs of the spa, fitness and rehabilitation centers.","og_url":"https:\/\/neoqi.com\/fr\/produit\/pro\/","og_site_name":"NEOQI","article_publisher":"https:\/\/www.facebook.com\/neoqi\/","article_modified_time":"2025-08-04T13:19:13+00:00","og_image":[{"width":750,"height":500,"url":"https:\/\/neoqi.com\/wp-content\/uploads\/2024\/09\/wellness_neoqi_Pro_2.jpg","type":"image\/jpeg"}],"twitter_card":"summary_large_image","twitter_misc":{"Dur\u00e9e de lecture estim\u00e9e":"3 minutes"},"schema":{"@context":"https:\/\/schema.org","@graph":[{"@type":"WebPage","@id":"https:\/\/neoqi.com\/product\/pro\/","url":"https:\/\/neoqi.com\/product\/pro\/","name":"Pro - NEOQI","isPartOf":{"@id":"https:\/\/neoqi.com\/#website"},"primaryImageOfPage":{"@id":"https:\/\/neoqi.com\/product\/pro\/#primaryimage"},"image":{"@id":"https:\/\/neoqi.com\/product\/pro\/#primaryimage"},"thumbnailUrl":"https:\/\/neoqi.com\/wp-content\/uploads\/2024\/09\/wellness_neoqi_Pro_2.jpg","datePublished":"2024-09-06T22:42:23+00:00","dateModified":"2025-08-04T13:19:13+00:00","breadcrumb":{"@id":"https:\/\/neoqi.com\/product\/pro\/#breadcrumb"},"inLanguage":"fr-FR","potentialAction":[{"@type":"ReadAction","target":["https:\/\/neoqi.com\/product\/pro\/"]}]},{"@type":"ImageObject","inLanguage":"fr-FR","@id":"https:\/\/neoqi.com\/product\/pro\/#primaryimage","url":"https:\/\/neoqi.com\/wp-content\/uploads\/2024\/09\/wellness_neoqi_Pro_2.jpg","contentUrl":"https:\/\/neoqi.com\/wp-content\/uploads\/2024\/09\/wellness_neoqi_Pro_2.jpg","width":750,"height":500},{"@type":"BreadcrumbList","@id":"https:\/\/neoqi.com\/product\/pro\/#breadcrumb","itemListElement":[{"@type":"ListItem","position":1,"name":"Home","item":"https:\/\/neoqi.com\/"},{"@type":"ListItem","position":2,"name":"Catalog","item":"https:\/\/neoqi.com\/it\/catalog\/"},{"@type":"ListItem","position":3,"name":"Pro"}]},{"@type":"WebSite","@id":"https:\/\/neoqi.com\/#website","url":"https:\/\/neoqi.com\/","name":"NEOQI","description":"Faites l'exp\u00e9rience du bien-\u00eatre et de la relaxation ultimes avec NeoQi Spa Capsule : Votre chemin vers le rajeunissement","publisher":{"@id":"https:\/\/neoqi.com\/#organization"},"potentialAction":[{"@type":"SearchAction","target":{"@type":"EntryPoint","urlTemplate":"https:\/\/neoqi.com\/?s={search_term_string}"},"query-input":{"@type":"PropertyValueSpecification","valueRequired":true,"valueName":"search_term_string"}}],"inLanguage":"fr-FR"},{"@type":"Organization","@id":"https:\/\/neoqi.com\/#organization","name":"NEOQI","url":"https:\/\/neoqi.com\/","logo":{"@type":"ImageObject","inLanguage":"fr-FR","@id":"https:\/\/neoqi.com\/#\/schema\/logo\/image\/","url":"https:\/\/neoqi.com\/wp-content\/uploads\/2024\/09\/logoneosvg.svg","contentUrl":"https:\/\/neoqi.com\/wp-content\/uploads\/2024\/09\/logoneosvg.svg","width":1,"height":1,"caption":"NEOQI"},"image":{"@id":"https:\/\/neoqi.com\/#\/schema\/logo\/image\/"},"sameAs":["https:\/\/www.facebook.com\/neoqi\/","https:\/\/www.instagram.com\/neoqi_com\/"]}]}},"_links":{"self":[{"href":"https:\/\/neoqi.com\/fr\/wp-json\/wp\/v2\/product\/2107","targetHints":{"allow":["GET"]}}],"collection":[{"href":"https:\/\/neoqi.com\/fr\/wp-json\/wp\/v2\/product"}],"about":[{"href":"https:\/\/neoqi.com\/fr\/wp-json\/wp\/v2\/types\/product"}],"replies":[{"embeddable":true,"href":"https:\/\/neoqi.com\/fr\/wp-json\/wp\/v2\/comments?post=2107"}],"wp:featuredmedia":[{"embeddable":true,"href":"https:\/\/neoqi.com\/fr\/wp-json\/wp\/v2\/media\/3181"}],"wp:attachment":[{"href":"https:\/\/neoqi.com\/fr\/wp-json\/wp\/v2\/media?parent=2107"}],"wp:term":[{"taxonomy":"product_brand","embeddable":true,"href":"https:\/\/neoqi.com\/fr\/wp-json\/wp\/v2\/product_brand?post=2107"},{"taxonomy":"product_cat","embeddable":true,"href":"https:\/\/neoqi.com\/fr\/wp-json\/wp\/v2\/product_cat?post=2107"},{"taxonomy":"product_tag","embeddable":true,"href":"https:\/\/neoqi.com\/fr\/wp-json\/wp\/v2\/product_tag?post=2107"}],"curies":[{"name":"wp","href":"https:\/\/api.w.org\/{rel}","templated":true}]}}