{"id":2132,"date":"2024-09-07T04:53:06","date_gmt":"2024-09-07T01:53:06","guid":{"rendered":"http:\/\/neoqi.com\/?post_type=product&#038;p=2132"},"modified":"2024-12-03T18:38:14","modified_gmt":"2024-12-03T15:38:14","slug":"dream","status":"publish","type":"product","link":"https:\/\/neoqi.com\/fr\/produit\/dream\/","title":{"rendered":"Dream"},"content":{"rendered":"<p><strong>Les principaux traitements de NeoQi\u00ae Dream<\/strong><\/p>\n<p><strong>Traitement thermal (vapeur et\/ou sauna infrarouge).<\/strong> La chaleur humide att\u00e9nue les rides et rajeunit la peau, tandis que le sauna infrarouge r\u00e9chauffe le corps en profondeur, acc\u00e9l\u00e9rant le m\u00e9tabolisme, am\u00e9liorant la circulation sanguine et r\u00e9duisant les douleurs musculaires. L'application simultan\u00e9e de ces m\u00e9thodes de thermoth\u00e9rapie cr\u00e9e un environnement unique \u00e0 l'int\u00e9rieur de la capsule, comparable \u00e0 l'ut\u00e9rus de la m\u00e8re - le client est envahi par un sentiment de confort, de bonheur et d'harmonie spirituelle.<\/p>\n<p><strong>Douche Vichy\/douche \u00e0 main pour le corps.<\/strong> La douche Vichy est n\u00e9cessaire pour le massage g\u00e9n\u00e9ral et le soulagement du stress. Les jets d'eau chaude procurent un massage agr\u00e9able et indolore, r\u00e9duisant l'apparence de la cellulite, soulageant les tensions musculaires, renfor\u00e7ant et restaurant le corps apr\u00e8s les blessures et le stress. Les propri\u00e9t\u00e9s b\u00e9n\u00e9fiques de la douche Vichy sont encore plus \u00e9videntes lorsqu'elles sont associ\u00e9es \u00e0 d'autres traitements SPA : enveloppements, gommages et massages.<\/p>\n<p><strong>Exfoliation du corps<\/strong> - L'exfoliation est une \u00e9tape n\u00e9cessaire dans tous les traitements de soins corporels, en particulier les programmes de remodelage du corps et de r\u00e9duction de la cellulite. L'exfoliation assure un nettoyage et un rajeunissement en profondeur, favorisant la lipolyse et am\u00e9liorant l'\u00e9lasticit\u00e9 de la peau.<\/p>\n<p><strong>Enveloppements corporels avec utilisation de divers produits cosm\u00e9tiques.<\/strong> Quelques s\u00e9ances annuelles d'enveloppements corporels suffisent \u00e0 pr\u00e9venir la reformation de la cellulite et \u00e0 conserver une peau souple, \u00e9clatante et saine. Les enveloppements sont \u00e9galement un moyen efficace dans la lutte contre le surpoids, aidant \u00e0 restaurer la forme apr\u00e8s la grossesse et \u00e0 r\u00e9duire le gonflement. Gr\u00e2ce \u00e0 la douche Vichy, tous les masques peuvent \u00eatre facilement lav\u00e9s directement dans la capsule SPA.<\/p>\n<p><strong>Massage \u00e0 l'huile.<\/strong> Le massage favorise la relaxation et le soulagement du stress physique et mental. Diverses gammes de massages aident \u00e0 corriger les zones \u00e0 probl\u00e8mes, \u00e0 se d\u00e9barrasser de la cellulite et des douleurs musculaires, \u00e0 activer la circulation sanguine et lymphatique. Apr\u00e8s une s\u00e9ance de massage, le client \u00e9prouvera une d\u00e9tente ultime et une paix de l'esprit, ce qui lui assurera un sommeil sain et le lib\u00e9rera de ses pens\u00e9es perturbatrices.<\/p>\n<p><strong>Soin du visage pendant le soin du corps.<\/strong> Pendant que le corps du client est sous l'effet b\u00e9n\u00e9fique de la capsule SPA, le th\u00e9rapeute peut effectuer diverses applications de soins du visage. Gommage, massage, masque - pour un soin complet du corps et du visage.<\/p>\n<p><strong>R\u00e9sum\u00e9<\/strong><\/p>\n<p>Sauna infrarouge<br \/>\nSauna \u00e0 vapeur<br \/>\nAromath\u00e9rapie<br \/>\nDouche de Vichy<br \/>\nTable de traitement vibrante<br \/>\nSyst\u00e8me d'\u00e9clairage couleur<br \/>\nSyst\u00e8me musical (MP3)<br \/>\nVentilateur de refroidissement frontal<br \/>\nDouche \u00e0 main<\/p>","protected":false},"excerpt":{"rendered":"<p>La capsule SPA Dream est un appareil soigneusement con\u00e7u, n\u00e9cessaire \u00e0 la r\u00e9alisation des rituels SPA classiques. Dream propose les fonctions les plus populaires et les plus efficaces pour corriger la forme du corps, am\u00e9liorer la circulation sanguine, r\u00e9duire la cellulite, soulager le stress et rajeunir. Combin\u00e9es \u00e0 des technologies de r\u00e9habilitation avanc\u00e9es, les options susmentionn\u00e9es sont compl\u00e9t\u00e9es par un effet curatif, qui a un impact b\u00e9n\u00e9fique sur la sant\u00e9 en g\u00e9n\u00e9ral.<\/p>\n<p>Le cocon \u00e9nerg\u00e9tique Dream offre une occasion unique de s'\u00e9loigner de l'agitation quotidienne, de se d\u00e9tendre et d'oublier tous les probl\u00e8mes. Apr\u00e8s le traitement, le client ressent un regain d'\u00e9nergie, une meilleure humeur et un sommeil r\u00e9parateur.<\/p>\n<p>Dream cocoon a \u00e9t\u00e9 sp\u00e9cialement con\u00e7u pour les soins corporels dans les instituts de beaut\u00e9 et les spas de jour disposant d'un espace limit\u00e9.<\/p>","protected":false},"featured_media":2133,"comment_status":"open","ping_status":"closed","template":"","meta":{"_acf_changed":false,"site-sidebar-layout":"default","site-content-layout":"","ast-site-content-layout":"default","site-content-style":"default","site-sidebar-style":"default","ast-global-header-display":"","ast-banner-title-visibility":"","ast-main-header-display":"","ast-hfb-above-header-display":"","ast-hfb-below-header-display":"","ast-hfb-mobile-header-display":"","site-post-title":"","ast-breadcrumbs-content":"","ast-featured-img":"","footer-sml-layout":"","ast-disable-related-posts":"","theme-transparent-header-meta":"default","adv-header-id-meta":"","stick-header-meta":"","header-above-stick-meta":"","header-main-stick-meta":"","header-below-stick-meta":"","astra-migrate-meta-layouts":"set","ast-page-background-enabled":"default","ast-page-background-meta":{"desktop":{"background-color":"var(--ast-global-color-4)","background-image":"","background-repeat":"repeat","background-position":"center center","background-size":"auto","background-attachment":"scroll","background-type":"","background-media":"","overlay-type":"","overlay-color":"","overlay-opacity":"","overlay-gradient":""},"tablet":{"background-color":"","background-image":"","background-repeat":"repeat","background-position":"center center","background-size":"auto","background-attachment":"scroll","background-type":"","background-media":"","overlay-type":"","overlay-color":"","overlay-opacity":"","overlay-gradient":""},"mobile":{"background-color":"","background-image":"","background-repeat":"repeat","background-position":"center center","background-size":"auto","background-attachment":"scroll","background-type":"","background-media":"","overlay-type":"","overlay-color":"","overlay-opacity":"","overlay-gradient":""}},"ast-content-background-meta":{"desktop":{"background-color":"var(--ast-global-color-5)","background-image":"","background-repeat":"repeat","background-position":"center center","background-size":"auto","background-attachment":"scroll","background-type":"","background-media":"","overlay-type":"","overlay-color":"","overlay-opacity":"","overlay-gradient":""},"tablet":{"background-color":"var(--ast-global-color-5)","background-image":"","background-repeat":"repeat","background-position":"center center","background-size":"auto","background-attachment":"scroll","background-type":"","background-media":"","overlay-type":"","overlay-color":"","overlay-opacity":"","overlay-gradient":""},"mobile":{"background-color":"var(--ast-global-color-5)","background-image":"","background-repeat":"repeat","background-position":"center center","background-size":"auto","background-attachment":"scroll","background-type":"","background-media":"","overlay-type":"","overlay-color":"","overlay-opacity":"","overlay-gradient":""}}},"product_brand":[],"product_cat":[81,82],"product_tag":[],"class_list":{"0":"post-2132","1":"product","2":"type-product","3":"status-publish","4":"has-post-thumbnail","6":"product_cat-energy-cocoons","7":"product_cat-esthetical","8":"desktop-align-left","9":"tablet-align-left","10":"mobile-align-left","12":"first","13":"instock","14":"shipping-taxable","15":"product-type-simple"},"acf":[],"yoast_head":"<!-- This site is optimized with the Yoast SEO plugin v27.6 - https:\/\/yoast.com\/product\/yoast-seo-wordpress\/ -->\n<title>Dream - NEOQI<\/title>\n<meta name=\"robots\" content=\"index, follow, max-snippet:-1, max-image-preview:large, max-video-preview:-1\" \/>\n<link rel=\"canonical\" href=\"https:\/\/neoqi.com\/fr\/prodotto\/dream\/\" \/>\n<meta property=\"og:locale\" content=\"fr_FR\" \/>\n<meta property=\"og:type\" content=\"article\" \/>\n<meta property=\"og:title\" content=\"Dream - NEOQI\" \/>\n<meta property=\"og:description\" content=\"The SPA-capsule Dream is a carefully designed device, necessary for carrying out classical SPA rituals. Dream features the most popular and effective functions for body shape correction, improving blood circulation, cellulite reduction, stress relief and rejuvenation. Combined with advanced rehabilitation technologies, the above-mentioned options are supplemented with a healing effect, has beneficial impact on overall health.  The Dream energy cocoon provides a unique opportunity to get away from daily bustle, relax and forget about all the problems. After the treatment, the customer experience a burst of energy, better mood and sleep recovery.  Dream cocoon was specifically developed for body care treatments in beauty salons and day spas with limited room.\" \/>\n<meta property=\"og:url\" content=\"https:\/\/neoqi.com\/fr\/prodotto\/dream\/\" \/>\n<meta property=\"og:site_name\" content=\"NEOQI\" \/>\n<meta property=\"article:publisher\" content=\"https:\/\/www.facebook.com\/neoqi\/\" \/>\n<meta property=\"article:modified_time\" content=\"2024-12-03T15:38:14+00:00\" \/>\n<meta property=\"og:image\" content=\"https:\/\/neoqi.com\/wp-content\/uploads\/2024\/09\/dream.png\" \/>\n\t<meta property=\"og:image:width\" content=\"1200\" \/>\n\t<meta property=\"og:image:height\" content=\"800\" \/>\n\t<meta property=\"og:image:type\" content=\"image\/png\" \/>\n<meta name=\"twitter:card\" content=\"summary_large_image\" \/>\n<meta name=\"twitter:label1\" content=\"Dur\u00e9e de lecture estim\u00e9e\" \/>\n\t<meta name=\"twitter:data1\" content=\"2 minutes\" \/>\n<script type=\"application\/ld+json\" class=\"yoast-schema-graph\">{\"@context\":\"https:\\\/\\\/schema.org\",\"@graph\":[{\"@type\":\"WebPage\",\"@id\":\"https:\\\/\\\/neoqi.com\\\/it\\\/prodotto\\\/dream\\\/\",\"url\":\"https:\\\/\\\/neoqi.com\\\/it\\\/prodotto\\\/dream\\\/\",\"name\":\"Dream - NEOQI\",\"isPartOf\":{\"@id\":\"https:\\\/\\\/neoqi.com\\\/#website\"},\"primaryImageOfPage\":{\"@id\":\"https:\\\/\\\/neoqi.com\\\/it\\\/prodotto\\\/dream\\\/#primaryimage\"},\"image\":{\"@id\":\"https:\\\/\\\/neoqi.com\\\/it\\\/prodotto\\\/dream\\\/#primaryimage\"},\"thumbnailUrl\":\"https:\\\/\\\/neoqi.com\\\/wp-content\\\/uploads\\\/2024\\\/09\\\/dream.png\",\"datePublished\":\"2024-09-07T01:53:06+00:00\",\"dateModified\":\"2024-12-03T15:38:14+00:00\",\"breadcrumb\":{\"@id\":\"https:\\\/\\\/neoqi.com\\\/it\\\/prodotto\\\/dream\\\/#breadcrumb\"},\"inLanguage\":\"fr-FR\",\"potentialAction\":[{\"@type\":\"ReadAction\",\"target\":[\"https:\\\/\\\/neoqi.com\\\/it\\\/prodotto\\\/dream\\\/\"]}]},{\"@type\":\"ImageObject\",\"inLanguage\":\"fr-FR\",\"@id\":\"https:\\\/\\\/neoqi.com\\\/it\\\/prodotto\\\/dream\\\/#primaryimage\",\"url\":\"https:\\\/\\\/neoqi.com\\\/wp-content\\\/uploads\\\/2024\\\/09\\\/dream.png\",\"contentUrl\":\"https:\\\/\\\/neoqi.com\\\/wp-content\\\/uploads\\\/2024\\\/09\\\/dream.png\",\"width\":1200,\"height\":800},{\"@type\":\"BreadcrumbList\",\"@id\":\"https:\\\/\\\/neoqi.com\\\/it\\\/prodotto\\\/dream\\\/#breadcrumb\",\"itemListElement\":[{\"@type\":\"ListItem\",\"position\":1,\"name\":\"Home\",\"item\":\"https:\\\/\\\/neoqi.com\\\/\"},{\"@type\":\"ListItem\",\"position\":2,\"name\":\"Catalog\",\"item\":\"https:\\\/\\\/neoqi.com\\\/it\\\/catalog\\\/\"},{\"@type\":\"ListItem\",\"position\":3,\"name\":\"Dream\"}]},{\"@type\":\"WebSite\",\"@id\":\"https:\\\/\\\/neoqi.com\\\/#website\",\"url\":\"https:\\\/\\\/neoqi.com\\\/\",\"name\":\"NEOQI\",\"description\":\"Experience Ultimate Wellness and Relaxation with NeoQi Spa Capsule: Your Path to Rejuvenation\",\"publisher\":{\"@id\":\"https:\\\/\\\/neoqi.com\\\/#organization\"},\"potentialAction\":[{\"@type\":\"SearchAction\",\"target\":{\"@type\":\"EntryPoint\",\"urlTemplate\":\"https:\\\/\\\/neoqi.com\\\/?s={search_term_string}\"},\"query-input\":{\"@type\":\"PropertyValueSpecification\",\"valueRequired\":true,\"valueName\":\"search_term_string\"}}],\"inLanguage\":\"fr-FR\"},{\"@type\":\"Organization\",\"@id\":\"https:\\\/\\\/neoqi.com\\\/#organization\",\"name\":\"NEOQI\",\"url\":\"https:\\\/\\\/neoqi.com\\\/\",\"logo\":{\"@type\":\"ImageObject\",\"inLanguage\":\"fr-FR\",\"@id\":\"https:\\\/\\\/neoqi.com\\\/#\\\/schema\\\/logo\\\/image\\\/\",\"url\":\"https:\\\/\\\/neoqi.com\\\/wp-content\\\/uploads\\\/2024\\\/09\\\/logoneosvg.svg\",\"contentUrl\":\"https:\\\/\\\/neoqi.com\\\/wp-content\\\/uploads\\\/2024\\\/09\\\/logoneosvg.svg\",\"width\":1,\"height\":1,\"caption\":\"NEOQI\"},\"image\":{\"@id\":\"https:\\\/\\\/neoqi.com\\\/#\\\/schema\\\/logo\\\/image\\\/\"},\"sameAs\":[\"https:\\\/\\\/www.facebook.com\\\/neoqi\\\/\",\"https:\\\/\\\/www.instagram.com\\\/neoqi_com\\\/\"]}]}<\/script>\n<!-- \/ Yoast SEO plugin. -->","yoast_head_json":{"title":"Dream - NEOQI","robots":{"index":"index","follow":"follow","max-snippet":"max-snippet:-1","max-image-preview":"max-image-preview:large","max-video-preview":"max-video-preview:-1"},"canonical":"https:\/\/neoqi.com\/fr\/prodotto\/dream\/","og_locale":"fr_FR","og_type":"article","og_title":"Dream - NEOQI","og_description":"The SPA-capsule Dream is a carefully designed device, necessary for carrying out classical SPA rituals. Dream features the most popular and effective functions for body shape correction, improving blood circulation, cellulite reduction, stress relief and rejuvenation. Combined with advanced rehabilitation technologies, the above-mentioned options are supplemented with a healing effect, has beneficial impact on overall health.  The Dream energy cocoon provides a unique opportunity to get away from daily bustle, relax and forget about all the problems. After the treatment, the customer experience a burst of energy, better mood and sleep recovery.  Dream cocoon was specifically developed for body care treatments in beauty salons and day spas with limited room.","og_url":"https:\/\/neoqi.com\/fr\/prodotto\/dream\/","og_site_name":"NEOQI","article_publisher":"https:\/\/www.facebook.com\/neoqi\/","article_modified_time":"2024-12-03T15:38:14+00:00","og_image":[{"width":1200,"height":800,"url":"https:\/\/neoqi.com\/wp-content\/uploads\/2024\/09\/dream.png","type":"image\/png"}],"twitter_card":"summary_large_image","twitter_misc":{"Dur\u00e9e de lecture estim\u00e9e":"2 minutes"},"schema":{"@context":"https:\/\/schema.org","@graph":[{"@type":"WebPage","@id":"https:\/\/neoqi.com\/it\/prodotto\/dream\/","url":"https:\/\/neoqi.com\/it\/prodotto\/dream\/","name":"Dream - NEOQI","isPartOf":{"@id":"https:\/\/neoqi.com\/#website"},"primaryImageOfPage":{"@id":"https:\/\/neoqi.com\/it\/prodotto\/dream\/#primaryimage"},"image":{"@id":"https:\/\/neoqi.com\/it\/prodotto\/dream\/#primaryimage"},"thumbnailUrl":"https:\/\/neoqi.com\/wp-content\/uploads\/2024\/09\/dream.png","datePublished":"2024-09-07T01:53:06+00:00","dateModified":"2024-12-03T15:38:14+00:00","breadcrumb":{"@id":"https:\/\/neoqi.com\/it\/prodotto\/dream\/#breadcrumb"},"inLanguage":"fr-FR","potentialAction":[{"@type":"ReadAction","target":["https:\/\/neoqi.com\/it\/prodotto\/dream\/"]}]},{"@type":"ImageObject","inLanguage":"fr-FR","@id":"https:\/\/neoqi.com\/it\/prodotto\/dream\/#primaryimage","url":"https:\/\/neoqi.com\/wp-content\/uploads\/2024\/09\/dream.png","contentUrl":"https:\/\/neoqi.com\/wp-content\/uploads\/2024\/09\/dream.png","width":1200,"height":800},{"@type":"BreadcrumbList","@id":"https:\/\/neoqi.com\/it\/prodotto\/dream\/#breadcrumb","itemListElement":[{"@type":"ListItem","position":1,"name":"Home","item":"https:\/\/neoqi.com\/"},{"@type":"ListItem","position":2,"name":"Catalog","item":"https:\/\/neoqi.com\/it\/catalog\/"},{"@type":"ListItem","position":3,"name":"Dream"}]},{"@type":"WebSite","@id":"https:\/\/neoqi.com\/#website","url":"https:\/\/neoqi.com\/","name":"NEOQI","description":"Faites l'exp\u00e9rience du bien-\u00eatre et de la relaxation ultimes avec NeoQi Spa Capsule : Votre chemin vers le rajeunissement","publisher":{"@id":"https:\/\/neoqi.com\/#organization"},"potentialAction":[{"@type":"SearchAction","target":{"@type":"EntryPoint","urlTemplate":"https:\/\/neoqi.com\/?s={search_term_string}"},"query-input":{"@type":"PropertyValueSpecification","valueRequired":true,"valueName":"search_term_string"}}],"inLanguage":"fr-FR"},{"@type":"Organization","@id":"https:\/\/neoqi.com\/#organization","name":"NEOQI","url":"https:\/\/neoqi.com\/","logo":{"@type":"ImageObject","inLanguage":"fr-FR","@id":"https:\/\/neoqi.com\/#\/schema\/logo\/image\/","url":"https:\/\/neoqi.com\/wp-content\/uploads\/2024\/09\/logoneosvg.svg","contentUrl":"https:\/\/neoqi.com\/wp-content\/uploads\/2024\/09\/logoneosvg.svg","width":1,"height":1,"caption":"NEOQI"},"image":{"@id":"https:\/\/neoqi.com\/#\/schema\/logo\/image\/"},"sameAs":["https:\/\/www.facebook.com\/neoqi\/","https:\/\/www.instagram.com\/neoqi_com\/"]}]}},"_links":{"self":[{"href":"https:\/\/neoqi.com\/fr\/wp-json\/wp\/v2\/product\/2132","targetHints":{"allow":["GET"]}}],"collection":[{"href":"https:\/\/neoqi.com\/fr\/wp-json\/wp\/v2\/product"}],"about":[{"href":"https:\/\/neoqi.com\/fr\/wp-json\/wp\/v2\/types\/product"}],"replies":[{"embeddable":true,"href":"https:\/\/neoqi.com\/fr\/wp-json\/wp\/v2\/comments?post=2132"}],"wp:featuredmedia":[{"embeddable":true,"href":"https:\/\/neoqi.com\/fr\/wp-json\/wp\/v2\/media\/2133"}],"wp:attachment":[{"href":"https:\/\/neoqi.com\/fr\/wp-json\/wp\/v2\/media?parent=2132"}],"wp:term":[{"taxonomy":"product_brand","embeddable":true,"href":"https:\/\/neoqi.com\/fr\/wp-json\/wp\/v2\/product_brand?post=2132"},{"taxonomy":"product_cat","embeddable":true,"href":"https:\/\/neoqi.com\/fr\/wp-json\/wp\/v2\/product_cat?post=2132"},{"taxonomy":"product_tag","embeddable":true,"href":"https:\/\/neoqi.com\/fr\/wp-json\/wp\/v2\/product_tag?post=2132"}],"curies":[{"name":"wp","href":"https:\/\/api.w.org\/{rel}","templated":true}]}}