{"id":2147,"date":"2024-09-07T03:55:10","date_gmt":"2024-09-07T00:55:10","guid":{"rendered":"http:\/\/neoqi.com\/?post_type=product&#038;p=2147"},"modified":"2024-12-03T18:38:05","modified_gmt":"2024-12-03T15:38:05","slug":"relax","status":"publish","type":"product","link":"https:\/\/neoqi.com\/fr\/produit\/relax\/","title":{"rendered":"Relax"},"content":{"rendered":"<p><strong>Les principaux traitements de NeoQi\u00ae Relax<\/strong><\/p>\n<p>Sauna \u00e0 vapeur. Une agr\u00e9able vapeur chaude stimule la transpiration, le nettoyage en profondeur et la d\u00e9sintoxication de la peau. Gr\u00e2ce \u00e0 des visites r\u00e9guli\u00e8res au sauna \u00e0 vapeur, la peau devient plus souple, plus lisse et acquiert un teint uniforme, \u00e9clatant et sain. Le sauna \u00e0 vapeur acc\u00e9l\u00e8re \u00e9galement le m\u00e9tabolisme, ce qui entra\u00eene une perte de poids naturelle et saine.<\/p>\n<p><strong>Sauna infrarouge.<\/strong> D\u00e8s les premi\u00e8res minutes du traitement, la chaleur infrarouge commence \u00e0 exercer son influence b\u00e9n\u00e9fique et douce sur le corps. Le r\u00e9chauffement en profondeur des tissus des organes internes soulage les douleurs musculaires, renforce le syst\u00e8me immunitaire et \u00e9limine les toxines. L'IR contribue \u00e0 am\u00e9liorer l'\u00e9tat \u00e9motionnel et \u00e0 combattre le stress en \u00e9liminant l'irritabilit\u00e9, la nervosit\u00e9 et l'insomnie.<\/p>\n<p><strong>Aromath\u00e9rapie.<\/strong> Une m\u00e9thode de traitement agr\u00e9able \u00e0 l'aide d'odeurs qui vous plongent dans le monde myst\u00e9rieux des huiles essentielles. Les essences peuvent d\u00e9tendre, bercer ou exciter le syst\u00e8me nerveux. M\u00e9langez une composition de diff\u00e9rentes saveurs pour profiter de l'atmosph\u00e8re d'un jardin d'agrumes frais, d'une for\u00eat tropicale ou d'un bazar oriental.<\/p>\n<p><strong>Chromoth\u00e9rapie.<\/strong> Les couleurs ont un impact sur l'\u00e9tat psychophysique g\u00e9n\u00e9ral d'une personne. Utilisez les propri\u00e9t\u00e9s de chaque couleur pour r\u00e9tablir le sommeil et les fonctions des organes internes, \u00e9liminer les maux de t\u00eate, soulager l'anxi\u00e9t\u00e9 et la d\u00e9pression.<\/p>\n<p><strong>R\u00e9sum\u00e9<\/strong><\/p>\n<p>Sauna infrarouge<br \/>\nSauna \u00e0 vapeur<br \/>\nAromath\u00e9rapie<br \/>\nSyst\u00e8me d'\u00e9clairage couleur<br \/>\nSyst\u00e8me musical (MP3)<\/p>","protected":false},"excerpt":{"rendered":"<p>Le cocon Relax Energy est un appareil fonctionnel de haute qualit\u00e9 qui vous permet de profiter \u00e0 la fois de la vapeur et du sauna infrarouge. Sa forme ergonomique permet une position assise confortable, o\u00f9 la t\u00eate reste \u00e0 l'ext\u00e9rieur et n'est pas expos\u00e9e \u00e0 des temp\u00e9ratures plus \u00e9lev\u00e9es.<\/p>\n<p>Les fonctions de chromoth\u00e9rapie, d'aromath\u00e9rapie et de musicoth\u00e9rapie compl\u00e8tent chaque s\u00e9ance et ont un effet th\u00e9rapeutique puissant sur l'\u00e9tat psycho-\u00e9motionnel.  Choisissez un programme en fonction de vos souhaits, que vous souhaitiez charger votre corps d'\u00e9nergie ou lui offrir une d\u00e9tente maximale \u00e0 la fin de la journ\u00e9e.<\/p>\n<p>La capsule Relax SPA offre une occasion unique de se consacrer \u00e0 soi-m\u00eame en effectuant des soins de beaut\u00e9 et de bien-\u00eatre. L'utilisation r\u00e9guli\u00e8re de la capsule Relax SPA vous remplira d'\u00e9nergie, deviendra un excellent outil dans la lutte contre le surpoids et vous permettra de retrouver vitalit\u00e9 et sant\u00e9.<\/p>","protected":false},"featured_media":2148,"comment_status":"open","ping_status":"closed","template":"","meta":{"_acf_changed":false,"site-sidebar-layout":"default","site-content-layout":"","ast-site-content-layout":"default","site-content-style":"default","site-sidebar-style":"default","ast-global-header-display":"","ast-banner-title-visibility":"","ast-main-header-display":"","ast-hfb-above-header-display":"","ast-hfb-below-header-display":"","ast-hfb-mobile-header-display":"","site-post-title":"","ast-breadcrumbs-content":"","ast-featured-img":"","footer-sml-layout":"","ast-disable-related-posts":"","theme-transparent-header-meta":"default","adv-header-id-meta":"","stick-header-meta":"","header-above-stick-meta":"","header-main-stick-meta":"","header-below-stick-meta":"","astra-migrate-meta-layouts":"set","ast-page-background-enabled":"default","ast-page-background-meta":{"desktop":{"background-color":"var(--ast-global-color-4)","background-image":"","background-repeat":"repeat","background-position":"center center","background-size":"auto","background-attachment":"scroll","background-type":"","background-media":"","overlay-type":"","overlay-color":"","overlay-opacity":"","overlay-gradient":""},"tablet":{"background-color":"","background-image":"","background-repeat":"repeat","background-position":"center center","background-size":"auto","background-attachment":"scroll","background-type":"","background-media":"","overlay-type":"","overlay-color":"","overlay-opacity":"","overlay-gradient":""},"mobile":{"background-color":"","background-image":"","background-repeat":"repeat","background-position":"center center","background-size":"auto","background-attachment":"scroll","background-type":"","background-media":"","overlay-type":"","overlay-color":"","overlay-opacity":"","overlay-gradient":""}},"ast-content-background-meta":{"desktop":{"background-color":"var(--ast-global-color-5)","background-image":"","background-repeat":"repeat","background-position":"center center","background-size":"auto","background-attachment":"scroll","background-type":"","background-media":"","overlay-type":"","overlay-color":"","overlay-opacity":"","overlay-gradient":""},"tablet":{"background-color":"var(--ast-global-color-5)","background-image":"","background-repeat":"repeat","background-position":"center center","background-size":"auto","background-attachment":"scroll","background-type":"","background-media":"","overlay-type":"","overlay-color":"","overlay-opacity":"","overlay-gradient":""},"mobile":{"background-color":"var(--ast-global-color-5)","background-image":"","background-repeat":"repeat","background-position":"center center","background-size":"auto","background-attachment":"scroll","background-type":"","background-media":"","overlay-type":"","overlay-color":"","overlay-opacity":"","overlay-gradient":""}}},"product_brand":[],"product_cat":[81,82],"product_tag":[],"class_list":{"0":"post-2147","1":"product","2":"type-product","3":"status-publish","4":"has-post-thumbnail","6":"product_cat-energy-cocoons","7":"product_cat-esthetical","8":"desktop-align-left","9":"tablet-align-left","10":"mobile-align-left","12":"first","13":"instock","14":"shipping-taxable","15":"product-type-simple"},"acf":[],"yoast_head":"<!-- This site is optimized with the Yoast SEO plugin v27.3 - https:\/\/yoast.com\/product\/yoast-seo-wordpress\/ -->\n<title>Relax - NEOQI<\/title>\n<meta name=\"robots\" content=\"index, follow, max-snippet:-1, max-image-preview:large, max-video-preview:-1\" \/>\n<link rel=\"canonical\" href=\"https:\/\/neoqi.com\/fr\/produit\/relax\/\" \/>\n<meta property=\"og:locale\" content=\"fr_FR\" \/>\n<meta property=\"og:type\" content=\"article\" \/>\n<meta property=\"og:title\" content=\"Relax - NEOQI\" \/>\n<meta property=\"og:description\" content=\"The Relax Energy cocoon is a high quality functional device that allows you to enjoy both steam and infrared sauna. Its ergonomic shape provides a comfortable sitting position, wherein the head stays out side and is not exposed to higher temperatures.  Chromo-, aroma- and music therapy functions complement each session providing a powerful therapeutic effect on the psycho-emotional state.\u00a0 Choose a program according to your wishes, whether you want to charge your body with energy or offer it maximum relaxation at the end of the day.  The Relax SPA-capsule gives a unique opportunity to devote time to yourself by conducting both beauty and wellness treatments. Regular use of the Relax SPA-cocoon will fill you with energy, become an excellent tool in the fight with excess weight, and regain vitality and health.\" \/>\n<meta property=\"og:url\" content=\"https:\/\/neoqi.com\/fr\/produit\/relax\/\" \/>\n<meta property=\"og:site_name\" content=\"NEOQI\" \/>\n<meta property=\"article:publisher\" content=\"https:\/\/www.facebook.com\/neoqi\/\" \/>\n<meta property=\"article:modified_time\" content=\"2024-12-03T15:38:05+00:00\" \/>\n<meta property=\"og:image\" content=\"https:\/\/neoqi.com\/wp-content\/uploads\/2024\/09\/relax.png\" \/>\n\t<meta property=\"og:image:width\" content=\"1200\" \/>\n\t<meta property=\"og:image:height\" content=\"800\" \/>\n\t<meta property=\"og:image:type\" content=\"image\/png\" \/>\n<meta name=\"twitter:card\" content=\"summary_large_image\" \/>\n<meta name=\"twitter:label1\" content=\"Dur\u00e9e de lecture estim\u00e9e\" \/>\n\t<meta name=\"twitter:data1\" content=\"1 minute\" \/>\n<script type=\"application\/ld+json\" class=\"yoast-schema-graph\">{\"@context\":\"https:\\\/\\\/schema.org\",\"@graph\":[{\"@type\":\"WebPage\",\"@id\":\"https:\\\/\\\/neoqi.com\\\/product\\\/relax\\\/\",\"url\":\"https:\\\/\\\/neoqi.com\\\/product\\\/relax\\\/\",\"name\":\"Relax - NEOQI\",\"isPartOf\":{\"@id\":\"https:\\\/\\\/neoqi.com\\\/#website\"},\"primaryImageOfPage\":{\"@id\":\"https:\\\/\\\/neoqi.com\\\/product\\\/relax\\\/#primaryimage\"},\"image\":{\"@id\":\"https:\\\/\\\/neoqi.com\\\/product\\\/relax\\\/#primaryimage\"},\"thumbnailUrl\":\"https:\\\/\\\/neoqi.com\\\/wp-content\\\/uploads\\\/2024\\\/09\\\/relax.png\",\"datePublished\":\"2024-09-07T00:55:10+00:00\",\"dateModified\":\"2024-12-03T15:38:05+00:00\",\"breadcrumb\":{\"@id\":\"https:\\\/\\\/neoqi.com\\\/product\\\/relax\\\/#breadcrumb\"},\"inLanguage\":\"fr-FR\",\"potentialAction\":[{\"@type\":\"ReadAction\",\"target\":[\"https:\\\/\\\/neoqi.com\\\/product\\\/relax\\\/\"]}]},{\"@type\":\"ImageObject\",\"inLanguage\":\"fr-FR\",\"@id\":\"https:\\\/\\\/neoqi.com\\\/product\\\/relax\\\/#primaryimage\",\"url\":\"https:\\\/\\\/neoqi.com\\\/wp-content\\\/uploads\\\/2024\\\/09\\\/relax.png\",\"contentUrl\":\"https:\\\/\\\/neoqi.com\\\/wp-content\\\/uploads\\\/2024\\\/09\\\/relax.png\",\"width\":1200,\"height\":800},{\"@type\":\"BreadcrumbList\",\"@id\":\"https:\\\/\\\/neoqi.com\\\/product\\\/relax\\\/#breadcrumb\",\"itemListElement\":[{\"@type\":\"ListItem\",\"position\":1,\"name\":\"Home\",\"item\":\"https:\\\/\\\/neoqi.com\\\/\"},{\"@type\":\"ListItem\",\"position\":2,\"name\":\"Catalog\",\"item\":\"https:\\\/\\\/neoqi.com\\\/it\\\/catalog\\\/\"},{\"@type\":\"ListItem\",\"position\":3,\"name\":\"Relax\"}]},{\"@type\":\"WebSite\",\"@id\":\"https:\\\/\\\/neoqi.com\\\/#website\",\"url\":\"https:\\\/\\\/neoqi.com\\\/\",\"name\":\"NEOQI\",\"description\":\"Experience Ultimate Wellness and Relaxation with NeoQi Spa Capsule: Your Path to Rejuvenation\",\"publisher\":{\"@id\":\"https:\\\/\\\/neoqi.com\\\/#organization\"},\"potentialAction\":[{\"@type\":\"SearchAction\",\"target\":{\"@type\":\"EntryPoint\",\"urlTemplate\":\"https:\\\/\\\/neoqi.com\\\/?s={search_term_string}\"},\"query-input\":{\"@type\":\"PropertyValueSpecification\",\"valueRequired\":true,\"valueName\":\"search_term_string\"}}],\"inLanguage\":\"fr-FR\"},{\"@type\":\"Organization\",\"@id\":\"https:\\\/\\\/neoqi.com\\\/#organization\",\"name\":\"NEOQI\",\"url\":\"https:\\\/\\\/neoqi.com\\\/\",\"logo\":{\"@type\":\"ImageObject\",\"inLanguage\":\"fr-FR\",\"@id\":\"https:\\\/\\\/neoqi.com\\\/#\\\/schema\\\/logo\\\/image\\\/\",\"url\":\"https:\\\/\\\/neoqi.com\\\/wp-content\\\/uploads\\\/2024\\\/09\\\/logoneosvg.svg\",\"contentUrl\":\"https:\\\/\\\/neoqi.com\\\/wp-content\\\/uploads\\\/2024\\\/09\\\/logoneosvg.svg\",\"width\":1,\"height\":1,\"caption\":\"NEOQI\"},\"image\":{\"@id\":\"https:\\\/\\\/neoqi.com\\\/#\\\/schema\\\/logo\\\/image\\\/\"},\"sameAs\":[\"https:\\\/\\\/www.facebook.com\\\/neoqi\\\/\",\"https:\\\/\\\/www.instagram.com\\\/neoqi_com\\\/\"]}]}<\/script>\n<!-- \/ Yoast SEO plugin. -->","yoast_head_json":{"title":"Relax - NEOQI","robots":{"index":"index","follow":"follow","max-snippet":"max-snippet:-1","max-image-preview":"max-image-preview:large","max-video-preview":"max-video-preview:-1"},"canonical":"https:\/\/neoqi.com\/fr\/produit\/relax\/","og_locale":"fr_FR","og_type":"article","og_title":"Relax - NEOQI","og_description":"The Relax Energy cocoon is a high quality functional device that allows you to enjoy both steam and infrared sauna. Its ergonomic shape provides a comfortable sitting position, wherein the head stays out side and is not exposed to higher temperatures.  Chromo-, aroma- and music therapy functions complement each session providing a powerful therapeutic effect on the psycho-emotional state.\u00a0 Choose a program according to your wishes, whether you want to charge your body with energy or offer it maximum relaxation at the end of the day.  The Relax SPA-capsule gives a unique opportunity to devote time to yourself by conducting both beauty and wellness treatments. Regular use of the Relax SPA-cocoon will fill you with energy, become an excellent tool in the fight with excess weight, and regain vitality and health.","og_url":"https:\/\/neoqi.com\/fr\/produit\/relax\/","og_site_name":"NEOQI","article_publisher":"https:\/\/www.facebook.com\/neoqi\/","article_modified_time":"2024-12-03T15:38:05+00:00","og_image":[{"width":1200,"height":800,"url":"https:\/\/neoqi.com\/wp-content\/uploads\/2024\/09\/relax.png","type":"image\/png"}],"twitter_card":"summary_large_image","twitter_misc":{"Dur\u00e9e de lecture estim\u00e9e":"1 minute"},"schema":{"@context":"https:\/\/schema.org","@graph":[{"@type":"WebPage","@id":"https:\/\/neoqi.com\/product\/relax\/","url":"https:\/\/neoqi.com\/product\/relax\/","name":"Relax - NEOQI","isPartOf":{"@id":"https:\/\/neoqi.com\/#website"},"primaryImageOfPage":{"@id":"https:\/\/neoqi.com\/product\/relax\/#primaryimage"},"image":{"@id":"https:\/\/neoqi.com\/product\/relax\/#primaryimage"},"thumbnailUrl":"https:\/\/neoqi.com\/wp-content\/uploads\/2024\/09\/relax.png","datePublished":"2024-09-07T00:55:10+00:00","dateModified":"2024-12-03T15:38:05+00:00","breadcrumb":{"@id":"https:\/\/neoqi.com\/product\/relax\/#breadcrumb"},"inLanguage":"fr-FR","potentialAction":[{"@type":"ReadAction","target":["https:\/\/neoqi.com\/product\/relax\/"]}]},{"@type":"ImageObject","inLanguage":"fr-FR","@id":"https:\/\/neoqi.com\/product\/relax\/#primaryimage","url":"https:\/\/neoqi.com\/wp-content\/uploads\/2024\/09\/relax.png","contentUrl":"https:\/\/neoqi.com\/wp-content\/uploads\/2024\/09\/relax.png","width":1200,"height":800},{"@type":"BreadcrumbList","@id":"https:\/\/neoqi.com\/product\/relax\/#breadcrumb","itemListElement":[{"@type":"ListItem","position":1,"name":"Home","item":"https:\/\/neoqi.com\/"},{"@type":"ListItem","position":2,"name":"Catalog","item":"https:\/\/neoqi.com\/it\/catalog\/"},{"@type":"ListItem","position":3,"name":"Relax"}]},{"@type":"WebSite","@id":"https:\/\/neoqi.com\/#website","url":"https:\/\/neoqi.com\/","name":"NEOQI","description":"Faites l'exp\u00e9rience du bien-\u00eatre et de la relaxation ultimes avec NeoQi Spa Capsule : Votre chemin vers le rajeunissement","publisher":{"@id":"https:\/\/neoqi.com\/#organization"},"potentialAction":[{"@type":"SearchAction","target":{"@type":"EntryPoint","urlTemplate":"https:\/\/neoqi.com\/?s={search_term_string}"},"query-input":{"@type":"PropertyValueSpecification","valueRequired":true,"valueName":"search_term_string"}}],"inLanguage":"fr-FR"},{"@type":"Organization","@id":"https:\/\/neoqi.com\/#organization","name":"NEOQI","url":"https:\/\/neoqi.com\/","logo":{"@type":"ImageObject","inLanguage":"fr-FR","@id":"https:\/\/neoqi.com\/#\/schema\/logo\/image\/","url":"https:\/\/neoqi.com\/wp-content\/uploads\/2024\/09\/logoneosvg.svg","contentUrl":"https:\/\/neoqi.com\/wp-content\/uploads\/2024\/09\/logoneosvg.svg","width":1,"height":1,"caption":"NEOQI"},"image":{"@id":"https:\/\/neoqi.com\/#\/schema\/logo\/image\/"},"sameAs":["https:\/\/www.facebook.com\/neoqi\/","https:\/\/www.instagram.com\/neoqi_com\/"]}]}},"_links":{"self":[{"href":"https:\/\/neoqi.com\/fr\/wp-json\/wp\/v2\/product\/2147","targetHints":{"allow":["GET"]}}],"collection":[{"href":"https:\/\/neoqi.com\/fr\/wp-json\/wp\/v2\/product"}],"about":[{"href":"https:\/\/neoqi.com\/fr\/wp-json\/wp\/v2\/types\/product"}],"replies":[{"embeddable":true,"href":"https:\/\/neoqi.com\/fr\/wp-json\/wp\/v2\/comments?post=2147"}],"wp:featuredmedia":[{"embeddable":true,"href":"https:\/\/neoqi.com\/fr\/wp-json\/wp\/v2\/media\/2148"}],"wp:attachment":[{"href":"https:\/\/neoqi.com\/fr\/wp-json\/wp\/v2\/media?parent=2147"}],"wp:term":[{"taxonomy":"product_brand","embeddable":true,"href":"https:\/\/neoqi.com\/fr\/wp-json\/wp\/v2\/product_brand?post=2147"},{"taxonomy":"product_cat","embeddable":true,"href":"https:\/\/neoqi.com\/fr\/wp-json\/wp\/v2\/product_cat?post=2147"},{"taxonomy":"product_tag","embeddable":true,"href":"https:\/\/neoqi.com\/fr\/wp-json\/wp\/v2\/product_tag?post=2147"}],"curies":[{"name":"wp","href":"https:\/\/api.w.org\/{rel}","templated":true}]}}