{"id":2163,"date":"2024-09-07T06:58:56","date_gmt":"2024-09-07T03:58:56","guid":{"rendered":"http:\/\/neoqi.com\/?post_type=product&#038;p=2163"},"modified":"2024-12-03T18:38:38","modified_gmt":"2024-12-03T15:38:38","slug":"medica","status":"publish","type":"product","link":"https:\/\/neoqi.com\/fr\/produit\/medica\/","title":{"rendered":"Medica"},"content":{"rendered":"<p><strong>Les principaux traitements de NeoQi\u00ae Medica<\/strong><\/p>\n<p>Les bulles d'air et l'hydromassage sont les fonctions automatiques de la baignoire. Il s'agit d'une combinaison efficace de massage zonal et de m\u00e9thodes de thermoth\u00e9rapie et d'hydroth\u00e9rapie. Des jets d'eau chaude massent doucement les parties du corps qui posent probl\u00e8me, corrigent la silhouette, polissent la peau et l'enrichissent en oxyg\u00e8ne. Les s\u00e9ances d'hydromassage permettent de soulager et de r\u00e9soudre les probl\u00e8mes musculo-squelettiques et cardiovasculaires, ainsi que les probl\u00e8mes de surpoids. Le massage \u00e0 bulles d'air agit d\u00e9licatement sur les muscles, en enveloppant le corps de milliers de bulles d'air tourbillonnantes.<\/p>\n<p><strong>Baln\u00e9oth\u00e9rapie.<\/strong> Il s'agit d'une m\u00e9thode de traitement et de revigoration du corps populaire et efficace. Le bain est rempli d'eau chaude avec divers additifs : algues, sel, boue, huiles essentielles. Outre la pr\u00e9vention des maladies et le soulagement du stress, ces traitements ont \u00e9galement un effet esth\u00e9tique. La baln\u00e9oth\u00e9rapie est utilis\u00e9e pour perdre du poids, hydrater et tonifier la peau.<br \/>\nLa chromoth\u00e9rapie r\u00e9tablit l'\u00e9quilibre \u00e9nerg\u00e9tique, \u00e9limine le stress et renforce le syst\u00e8me immunitaire. La lumi\u00e8re p\u00e9n\u00e8tre les tissus et transporte le flux d'\u00e9nergie n\u00e9cessaire, ce qui a un effet b\u00e9n\u00e9fique sur la sant\u00e9. La chromoth\u00e9rapie est un compl\u00e9ment efficace \u00e0 toute s\u00e9ance d'hydroth\u00e9rapie.<\/p>\n<p><strong>R\u00e9sum\u00e9<\/strong><\/p>\n<p>Hydromassage<br \/>\nMassage \u00e0 bulles d'air<br \/>\nLuminoth\u00e9rapie couleur (chromoth\u00e9rapie)<br \/>\n6 jets lat\u00e9raux<br \/>\n8 jets de massage du dos<br \/>\n2 jets pour les pieds<br \/>\n10 jets d'air inf\u00e9rieurs<br \/>\nSyst\u00e8me de soufflerie d'air<br \/>\nRemplissage et \u00e9vacuation rapides de l'eau<br \/>\nDouche \u00e0 main<\/p>","protected":false},"excerpt":{"rendered":"<p>Medica est une baignoire d'hydroth\u00e9rapie professionnelle de taille moyenne, qui constitue une bonne alternative \u00e0 la baignoire Niagara. Medica poss\u00e8de les m\u00eames caract\u00e9ristiques, mais gr\u00e2ce \u00e0 sa taille plus compacte, il est parfait pour les pi\u00e8ces plus petites. La baignoire d'hydroth\u00e9rapie est con\u00e7ue pour un massage par zone gr\u00e2ce \u00e0 une alimentation automatique en eau et en air. Toutes les fonctions de massage du Medica peuvent \u00eatre compl\u00e9t\u00e9es par la chromoth\u00e9rapie qui permet aux clients de se d\u00e9tendre profond\u00e9ment et de recevoir des \u00e9motions positives de la s\u00e9ance de massage.<\/p>\n<p>L'int\u00e9rieur de la baignoire a une forme ergonomique avec un profil pour le dos et les cuisses, et des accoudoirs en saillie qui offrent un confort maximal au client tout au long du traitement.<\/p>","protected":false},"featured_media":2164,"comment_status":"open","ping_status":"closed","template":"","meta":{"_acf_changed":false,"site-sidebar-layout":"default","site-content-layout":"","ast-site-content-layout":"default","site-content-style":"default","site-sidebar-style":"default","ast-global-header-display":"","ast-banner-title-visibility":"","ast-main-header-display":"","ast-hfb-above-header-display":"","ast-hfb-below-header-display":"","ast-hfb-mobile-header-display":"","site-post-title":"","ast-breadcrumbs-content":"","ast-featured-img":"","footer-sml-layout":"","ast-disable-related-posts":"","theme-transparent-header-meta":"default","adv-header-id-meta":"","stick-header-meta":"","header-above-stick-meta":"","header-main-stick-meta":"","header-below-stick-meta":"","astra-migrate-meta-layouts":"set","ast-page-background-enabled":"default","ast-page-background-meta":{"desktop":{"background-color":"var(--ast-global-color-4)","background-image":"","background-repeat":"repeat","background-position":"center center","background-size":"auto","background-attachment":"scroll","background-type":"","background-media":"","overlay-type":"","overlay-color":"","overlay-opacity":"","overlay-gradient":""},"tablet":{"background-color":"","background-image":"","background-repeat":"repeat","background-position":"center center","background-size":"auto","background-attachment":"scroll","background-type":"","background-media":"","overlay-type":"","overlay-color":"","overlay-opacity":"","overlay-gradient":""},"mobile":{"background-color":"","background-image":"","background-repeat":"repeat","background-position":"center center","background-size":"auto","background-attachment":"scroll","background-type":"","background-media":"","overlay-type":"","overlay-color":"","overlay-opacity":"","overlay-gradient":""}},"ast-content-background-meta":{"desktop":{"background-color":"var(--ast-global-color-5)","background-image":"","background-repeat":"repeat","background-position":"center center","background-size":"auto","background-attachment":"scroll","background-type":"","background-media":"","overlay-type":"","overlay-color":"","overlay-opacity":"","overlay-gradient":""},"tablet":{"background-color":"var(--ast-global-color-5)","background-image":"","background-repeat":"repeat","background-position":"center center","background-size":"auto","background-attachment":"scroll","background-type":"","background-media":"","overlay-type":"","overlay-color":"","overlay-opacity":"","overlay-gradient":""},"mobile":{"background-color":"var(--ast-global-color-5)","background-image":"","background-repeat":"repeat","background-position":"center center","background-size":"auto","background-attachment":"scroll","background-type":"","background-media":"","overlay-type":"","overlay-color":"","overlay-opacity":"","overlay-gradient":""}}},"product_brand":[],"product_cat":[81,82],"product_tag":[],"class_list":{"0":"post-2163","1":"product","2":"type-product","3":"status-publish","4":"has-post-thumbnail","6":"product_cat-energy-cocoons","7":"product_cat-esthetical","8":"desktop-align-left","9":"tablet-align-left","10":"mobile-align-left","12":"first","13":"instock","14":"shipping-taxable","15":"product-type-simple"},"acf":[],"yoast_head":"<!-- This site is optimized with the Yoast SEO plugin v27.4 - https:\/\/yoast.com\/product\/yoast-seo-wordpress\/ -->\n<title>Medica - NEOQI<\/title>\n<meta name=\"robots\" content=\"index, follow, max-snippet:-1, max-image-preview:large, max-video-preview:-1\" \/>\n<link rel=\"canonical\" href=\"https:\/\/neoqi.com\/fr\/produit\/medica\/\" \/>\n<meta property=\"og:locale\" content=\"fr_FR\" \/>\n<meta property=\"og:type\" content=\"article\" \/>\n<meta property=\"og:title\" content=\"Medica - NEOQI\" \/>\n<meta property=\"og:description\" content=\"Medica is middle-sized professional hydrotherapy bath, which is a good alternative to the Niagara bath. Medica has the same features, but due to its more compact size, it is perfect for smaller rooms. The hydrotherapy bath is designated for zonal massage by means of automatic water and air supply. All massage features of Medica can be complemented by chromotherapy that allows customers to deeply relax and receive positive emotions from the massage session.  The inside of the tub has an ergonomic shape with a profile for the back and thighs, and protruding armrests that provide maximum comfort to the client throughout the treatment.\" \/>\n<meta property=\"og:url\" content=\"https:\/\/neoqi.com\/fr\/produit\/medica\/\" \/>\n<meta property=\"og:site_name\" content=\"NEOQI\" \/>\n<meta property=\"article:publisher\" content=\"https:\/\/www.facebook.com\/neoqi\/\" \/>\n<meta property=\"article:modified_time\" content=\"2024-12-03T15:38:38+00:00\" \/>\n<meta property=\"og:image\" content=\"https:\/\/neoqi.com\/wp-content\/uploads\/2024\/09\/medica.png\" \/>\n\t<meta property=\"og:image:width\" content=\"1200\" \/>\n\t<meta property=\"og:image:height\" content=\"800\" \/>\n\t<meta property=\"og:image:type\" content=\"image\/png\" \/>\n<meta name=\"twitter:card\" content=\"summary_large_image\" \/>\n<meta name=\"twitter:label1\" content=\"Dur\u00e9e de lecture estim\u00e9e\" \/>\n\t<meta name=\"twitter:data1\" content=\"1 minute\" \/>\n<script type=\"application\/ld+json\" class=\"yoast-schema-graph\">{\"@context\":\"https:\\\/\\\/schema.org\",\"@graph\":[{\"@type\":\"WebPage\",\"@id\":\"https:\\\/\\\/neoqi.com\\\/product\\\/medica\\\/\",\"url\":\"https:\\\/\\\/neoqi.com\\\/product\\\/medica\\\/\",\"name\":\"Medica - NEOQI\",\"isPartOf\":{\"@id\":\"https:\\\/\\\/neoqi.com\\\/#website\"},\"primaryImageOfPage\":{\"@id\":\"https:\\\/\\\/neoqi.com\\\/product\\\/medica\\\/#primaryimage\"},\"image\":{\"@id\":\"https:\\\/\\\/neoqi.com\\\/product\\\/medica\\\/#primaryimage\"},\"thumbnailUrl\":\"https:\\\/\\\/neoqi.com\\\/wp-content\\\/uploads\\\/2024\\\/09\\\/medica.png\",\"datePublished\":\"2024-09-07T03:58:56+00:00\",\"dateModified\":\"2024-12-03T15:38:38+00:00\",\"breadcrumb\":{\"@id\":\"https:\\\/\\\/neoqi.com\\\/product\\\/medica\\\/#breadcrumb\"},\"inLanguage\":\"fr-FR\",\"potentialAction\":[{\"@type\":\"ReadAction\",\"target\":[\"https:\\\/\\\/neoqi.com\\\/product\\\/medica\\\/\"]}]},{\"@type\":\"ImageObject\",\"inLanguage\":\"fr-FR\",\"@id\":\"https:\\\/\\\/neoqi.com\\\/product\\\/medica\\\/#primaryimage\",\"url\":\"https:\\\/\\\/neoqi.com\\\/wp-content\\\/uploads\\\/2024\\\/09\\\/medica.png\",\"contentUrl\":\"https:\\\/\\\/neoqi.com\\\/wp-content\\\/uploads\\\/2024\\\/09\\\/medica.png\",\"width\":1200,\"height\":800},{\"@type\":\"BreadcrumbList\",\"@id\":\"https:\\\/\\\/neoqi.com\\\/product\\\/medica\\\/#breadcrumb\",\"itemListElement\":[{\"@type\":\"ListItem\",\"position\":1,\"name\":\"Home\",\"item\":\"https:\\\/\\\/neoqi.com\\\/\"},{\"@type\":\"ListItem\",\"position\":2,\"name\":\"Catalog\",\"item\":\"https:\\\/\\\/neoqi.com\\\/it\\\/catalog\\\/\"},{\"@type\":\"ListItem\",\"position\":3,\"name\":\"Medica\"}]},{\"@type\":\"WebSite\",\"@id\":\"https:\\\/\\\/neoqi.com\\\/#website\",\"url\":\"https:\\\/\\\/neoqi.com\\\/\",\"name\":\"NEOQI\",\"description\":\"Experience Ultimate Wellness and Relaxation with NeoQi Spa Capsule: Your Path to Rejuvenation\",\"publisher\":{\"@id\":\"https:\\\/\\\/neoqi.com\\\/#organization\"},\"potentialAction\":[{\"@type\":\"SearchAction\",\"target\":{\"@type\":\"EntryPoint\",\"urlTemplate\":\"https:\\\/\\\/neoqi.com\\\/?s={search_term_string}\"},\"query-input\":{\"@type\":\"PropertyValueSpecification\",\"valueRequired\":true,\"valueName\":\"search_term_string\"}}],\"inLanguage\":\"fr-FR\"},{\"@type\":\"Organization\",\"@id\":\"https:\\\/\\\/neoqi.com\\\/#organization\",\"name\":\"NEOQI\",\"url\":\"https:\\\/\\\/neoqi.com\\\/\",\"logo\":{\"@type\":\"ImageObject\",\"inLanguage\":\"fr-FR\",\"@id\":\"https:\\\/\\\/neoqi.com\\\/#\\\/schema\\\/logo\\\/image\\\/\",\"url\":\"https:\\\/\\\/neoqi.com\\\/wp-content\\\/uploads\\\/2024\\\/09\\\/logoneosvg.svg\",\"contentUrl\":\"https:\\\/\\\/neoqi.com\\\/wp-content\\\/uploads\\\/2024\\\/09\\\/logoneosvg.svg\",\"width\":1,\"height\":1,\"caption\":\"NEOQI\"},\"image\":{\"@id\":\"https:\\\/\\\/neoqi.com\\\/#\\\/schema\\\/logo\\\/image\\\/\"},\"sameAs\":[\"https:\\\/\\\/www.facebook.com\\\/neoqi\\\/\",\"https:\\\/\\\/www.instagram.com\\\/neoqi_com\\\/\"]}]}<\/script>\n<!-- \/ Yoast SEO plugin. -->","yoast_head_json":{"title":"Medica - NEOQI","robots":{"index":"index","follow":"follow","max-snippet":"max-snippet:-1","max-image-preview":"max-image-preview:large","max-video-preview":"max-video-preview:-1"},"canonical":"https:\/\/neoqi.com\/fr\/produit\/medica\/","og_locale":"fr_FR","og_type":"article","og_title":"Medica - NEOQI","og_description":"Medica is middle-sized professional hydrotherapy bath, which is a good alternative to the Niagara bath. Medica has the same features, but due to its more compact size, it is perfect for smaller rooms. The hydrotherapy bath is designated for zonal massage by means of automatic water and air supply. All massage features of Medica can be complemented by chromotherapy that allows customers to deeply relax and receive positive emotions from the massage session.  The inside of the tub has an ergonomic shape with a profile for the back and thighs, and protruding armrests that provide maximum comfort to the client throughout the treatment.","og_url":"https:\/\/neoqi.com\/fr\/produit\/medica\/","og_site_name":"NEOQI","article_publisher":"https:\/\/www.facebook.com\/neoqi\/","article_modified_time":"2024-12-03T15:38:38+00:00","og_image":[{"width":1200,"height":800,"url":"https:\/\/neoqi.com\/wp-content\/uploads\/2024\/09\/medica.png","type":"image\/png"}],"twitter_card":"summary_large_image","twitter_misc":{"Dur\u00e9e de lecture estim\u00e9e":"1 minute"},"schema":{"@context":"https:\/\/schema.org","@graph":[{"@type":"WebPage","@id":"https:\/\/neoqi.com\/product\/medica\/","url":"https:\/\/neoqi.com\/product\/medica\/","name":"Medica - NEOQI","isPartOf":{"@id":"https:\/\/neoqi.com\/#website"},"primaryImageOfPage":{"@id":"https:\/\/neoqi.com\/product\/medica\/#primaryimage"},"image":{"@id":"https:\/\/neoqi.com\/product\/medica\/#primaryimage"},"thumbnailUrl":"https:\/\/neoqi.com\/wp-content\/uploads\/2024\/09\/medica.png","datePublished":"2024-09-07T03:58:56+00:00","dateModified":"2024-12-03T15:38:38+00:00","breadcrumb":{"@id":"https:\/\/neoqi.com\/product\/medica\/#breadcrumb"},"inLanguage":"fr-FR","potentialAction":[{"@type":"ReadAction","target":["https:\/\/neoqi.com\/product\/medica\/"]}]},{"@type":"ImageObject","inLanguage":"fr-FR","@id":"https:\/\/neoqi.com\/product\/medica\/#primaryimage","url":"https:\/\/neoqi.com\/wp-content\/uploads\/2024\/09\/medica.png","contentUrl":"https:\/\/neoqi.com\/wp-content\/uploads\/2024\/09\/medica.png","width":1200,"height":800},{"@type":"BreadcrumbList","@id":"https:\/\/neoqi.com\/product\/medica\/#breadcrumb","itemListElement":[{"@type":"ListItem","position":1,"name":"Home","item":"https:\/\/neoqi.com\/"},{"@type":"ListItem","position":2,"name":"Catalog","item":"https:\/\/neoqi.com\/it\/catalog\/"},{"@type":"ListItem","position":3,"name":"Medica"}]},{"@type":"WebSite","@id":"https:\/\/neoqi.com\/#website","url":"https:\/\/neoqi.com\/","name":"NEOQI","description":"Faites l'exp\u00e9rience du bien-\u00eatre et de la relaxation ultimes avec NeoQi Spa Capsule : Votre chemin vers le rajeunissement","publisher":{"@id":"https:\/\/neoqi.com\/#organization"},"potentialAction":[{"@type":"SearchAction","target":{"@type":"EntryPoint","urlTemplate":"https:\/\/neoqi.com\/?s={search_term_string}"},"query-input":{"@type":"PropertyValueSpecification","valueRequired":true,"valueName":"search_term_string"}}],"inLanguage":"fr-FR"},{"@type":"Organization","@id":"https:\/\/neoqi.com\/#organization","name":"NEOQI","url":"https:\/\/neoqi.com\/","logo":{"@type":"ImageObject","inLanguage":"fr-FR","@id":"https:\/\/neoqi.com\/#\/schema\/logo\/image\/","url":"https:\/\/neoqi.com\/wp-content\/uploads\/2024\/09\/logoneosvg.svg","contentUrl":"https:\/\/neoqi.com\/wp-content\/uploads\/2024\/09\/logoneosvg.svg","width":1,"height":1,"caption":"NEOQI"},"image":{"@id":"https:\/\/neoqi.com\/#\/schema\/logo\/image\/"},"sameAs":["https:\/\/www.facebook.com\/neoqi\/","https:\/\/www.instagram.com\/neoqi_com\/"]}]}},"_links":{"self":[{"href":"https:\/\/neoqi.com\/fr\/wp-json\/wp\/v2\/product\/2163","targetHints":{"allow":["GET"]}}],"collection":[{"href":"https:\/\/neoqi.com\/fr\/wp-json\/wp\/v2\/product"}],"about":[{"href":"https:\/\/neoqi.com\/fr\/wp-json\/wp\/v2\/types\/product"}],"replies":[{"embeddable":true,"href":"https:\/\/neoqi.com\/fr\/wp-json\/wp\/v2\/comments?post=2163"}],"wp:featuredmedia":[{"embeddable":true,"href":"https:\/\/neoqi.com\/fr\/wp-json\/wp\/v2\/media\/2164"}],"wp:attachment":[{"href":"https:\/\/neoqi.com\/fr\/wp-json\/wp\/v2\/media?parent=2163"}],"wp:term":[{"taxonomy":"product_brand","embeddable":true,"href":"https:\/\/neoqi.com\/fr\/wp-json\/wp\/v2\/product_brand?post=2163"},{"taxonomy":"product_cat","embeddable":true,"href":"https:\/\/neoqi.com\/fr\/wp-json\/wp\/v2\/product_cat?post=2163"},{"taxonomy":"product_tag","embeddable":true,"href":"https:\/\/neoqi.com\/fr\/wp-json\/wp\/v2\/product_tag?post=2163"}],"curies":[{"name":"wp","href":"https:\/\/api.w.org\/{rel}","templated":true}]}}