{"id":2170,"date":"2024-09-07T05:01:35","date_gmt":"2024-09-07T02:01:35","guid":{"rendered":"http:\/\/neoqi.com\/?post_type=product&#038;p=2170"},"modified":"2024-12-03T18:38:26","modified_gmt":"2024-12-03T15:38:26","slug":"bodybase","status":"publish","type":"product","link":"https:\/\/neoqi.com\/fr\/produit\/bodybase\/","title":{"rendered":"Bodybase"},"content":{"rendered":"<p><strong>Les principaux traitements sur NeoQi\u00ae Bodybase :<\/strong><\/p>\n<p>Massage humide. Le massage est une modalit\u00e9 pr\u00e9ventive, cosm\u00e9tique et th\u00e9rapeutique efficace sur le corps humain. Ce traitement est b\u00e9n\u00e9fique pour la peau, les tissus musculaires, le syst\u00e8me nerveux, le syst\u00e8me cardio-vasculaire et le syst\u00e8me respiratoire. L'utilisation d'huiles essentielles a un effet positif suppl\u00e9mentaire non seulement sur l'\u00e9tat physique mais aussi psycho-\u00e9motionnel d'une personne. Les parfums agr\u00e9ables aident le patient \u00e0 se d\u00e9tendre rapidement et profond\u00e9ment, ce qui rend le massage encore plus productif et agr\u00e9able.<\/p>\n<p>Exfoliation du corps. Ce rituel SPA est capable de r\u00e9veiller et de nettoyer la peau en profondeur, de l'enrichir en oxyg\u00e8ne, de lancer le processus de rajeunissement, de restaurer l'\u00e9lasticit\u00e9 et la fermet\u00e9. Offrez \u00e0 vos clients un m\u00e9lange exotique de fruits tropicaux, de caf\u00e9 et de chocolat noir, de canneberges et de sel marin. Le peeling est une pr\u00e9paration parfaite de la peau pour les traitements SPA ult\u00e9rieurs.<br \/>\nEnveloppements chauffants et rafra\u00eechissants. Les enveloppements corporels sont des rituels SPA populaires et tr\u00e8s agr\u00e9ables, destin\u00e9s \u00e0 enrichir la peau en vitamines et min\u00e9raux, \u00e0 br\u00fbler les tissus adipeux, ainsi qu'\u00e0 r\u00e9cup\u00e9rer, nourrir et rajeunir la peau. Apr\u00e8s le traitement, la peau est douce, ferme et incroyablement lisse.<\/p>\n<p>Thalassoth\u00e9rapie. La puissance vitale de l'oc\u00e9an permet de revigorer, restaurer, d\u00e9tendre et rajeunir le corps. Les principes de la thalassoth\u00e9rapie reposent sur l'utilisation de l'eau de mer, des sels marins, des algues et de la boue. Pendant la s\u00e9ance, le client ressent l'atmosph\u00e8re bienfaisante des meilleures stations baln\u00e9aires, ce qui lui permet de se d\u00e9barrasser du stress, de l'insomnie, de la d\u00e9pression saisonni\u00e8re et de l'irritabilit\u00e9.<\/p>\n<p>La th\u00e9rapie par les pierres n'est pas seulement un type de massage efficace et populaire, c'est aussi une fa\u00e7on d'utiliser les pouvoirs revigorants de la nature. Les pierres, n\u00e9es de la terre, ont la capacit\u00e9 d'absorber l'\u00e9nergie puissante de tous les \u00e9l\u00e9ments existants. Les pierres lisses, plates, chaudes de couleur noire et froides de couleur blanche d\u00e9tendent les muscles, am\u00e9liorent la circulation de l'oxyg\u00e8ne dans les tissus et les organes internes, acc\u00e9l\u00e8rent le m\u00e9tabolisme et aident \u00e0 trouver l'harmonie int\u00e9rieure.<\/p>\n<p><strong>Caract\u00e9ristiques :<\/strong><\/p>\n<p>Douche \u00e0 main<br \/>\nSyst\u00e8me de chauffage dorsal<br \/>\nSyst\u00e8me musical (MP3)<\/p>","protected":false},"excerpt":{"rendered":"<p>La table de massage Bodybase est con\u00e7ue pour une gamme compl\u00e8te de traitements SPA pour les soins du corps. Proposez \u00e0 vos clients tous les types de massages humides, une vari\u00e9t\u00e9 de peelings, d'enveloppements et de s\u00e9ances de thalassoth\u00e9rapie avec des algues, du sel et de la boue. La table de massage Bodybase est \u00e9galement id\u00e9ale pour la th\u00e9rapie par les pierres, une m\u00e9thode de traitement ancienne utilisant des pierres chaudes et froides.<\/p>\n<p>La construction de la table est soign\u00e9e jusque dans les moindres d\u00e9tails. Un lit ergonomique avec chauffage permet au client de b\u00e9n\u00e9ficier d'un confort maximal pendant le traitement.<\/p>\n<p>L'inclinaison du plan de travail permet un \u00e9coulement sans obstacle de l'eau et des produits cosm\u00e9tiques dans un syst\u00e8me d'\u00e9vacuation sp\u00e9cial qui peut \u00eatre facilement raccord\u00e9 au r\u00e9seau g\u00e9n\u00e9ral d'\u00e9gouts. La pr\u00e9sence d'une douchette garantit une relaxation et un calme absolus au client pendant les traitements SPA en cours. En outre, le lecteur MP3 int\u00e9gr\u00e9 contribue \u00e0 cr\u00e9er une atmosph\u00e8re acoustique particuli\u00e8re, permettant au client de s'immerger dans un monde agr\u00e9able de r\u00eaves et de fantasmes.<\/p>","protected":false},"featured_media":2171,"comment_status":"open","ping_status":"closed","template":"","meta":{"_acf_changed":false,"site-sidebar-layout":"default","site-content-layout":"","ast-site-content-layout":"default","site-content-style":"default","site-sidebar-style":"default","ast-global-header-display":"","ast-banner-title-visibility":"","ast-main-header-display":"","ast-hfb-above-header-display":"","ast-hfb-below-header-display":"","ast-hfb-mobile-header-display":"","site-post-title":"","ast-breadcrumbs-content":"","ast-featured-img":"","footer-sml-layout":"","ast-disable-related-posts":"","theme-transparent-header-meta":"default","adv-header-id-meta":"","stick-header-meta":"","header-above-stick-meta":"","header-main-stick-meta":"","header-below-stick-meta":"","astra-migrate-meta-layouts":"set","ast-page-background-enabled":"default","ast-page-background-meta":{"desktop":{"background-color":"var(--ast-global-color-4)","background-image":"","background-repeat":"repeat","background-position":"center center","background-size":"auto","background-attachment":"scroll","background-type":"","background-media":"","overlay-type":"","overlay-color":"","overlay-opacity":"","overlay-gradient":""},"tablet":{"background-color":"","background-image":"","background-repeat":"repeat","background-position":"center center","background-size":"auto","background-attachment":"scroll","background-type":"","background-media":"","overlay-type":"","overlay-color":"","overlay-opacity":"","overlay-gradient":""},"mobile":{"background-color":"","background-image":"","background-repeat":"repeat","background-position":"center center","background-size":"auto","background-attachment":"scroll","background-type":"","background-media":"","overlay-type":"","overlay-color":"","overlay-opacity":"","overlay-gradient":""}},"ast-content-background-meta":{"desktop":{"background-color":"var(--ast-global-color-5)","background-image":"","background-repeat":"repeat","background-position":"center center","background-size":"auto","background-attachment":"scroll","background-type":"","background-media":"","overlay-type":"","overlay-color":"","overlay-opacity":"","overlay-gradient":""},"tablet":{"background-color":"var(--ast-global-color-5)","background-image":"","background-repeat":"repeat","background-position":"center center","background-size":"auto","background-attachment":"scroll","background-type":"","background-media":"","overlay-type":"","overlay-color":"","overlay-opacity":"","overlay-gradient":""},"mobile":{"background-color":"var(--ast-global-color-5)","background-image":"","background-repeat":"repeat","background-position":"center center","background-size":"auto","background-attachment":"scroll","background-type":"","background-media":"","overlay-type":"","overlay-color":"","overlay-opacity":"","overlay-gradient":""}}},"product_brand":[],"product_cat":[81,82],"product_tag":[],"class_list":{"0":"post-2170","1":"product","2":"type-product","3":"status-publish","4":"has-post-thumbnail","6":"product_cat-energy-cocoons","7":"product_cat-esthetical","8":"desktop-align-left","9":"tablet-align-left","10":"mobile-align-left","12":"first","13":"instock","14":"shipping-taxable","15":"product-type-simple"},"acf":[],"yoast_head":"<!-- This site is optimized with the Yoast SEO plugin v27.3 - https:\/\/yoast.com\/product\/yoast-seo-wordpress\/ -->\n<title>Bodybase - NEOQI<\/title>\n<meta name=\"robots\" content=\"index, follow, max-snippet:-1, max-image-preview:large, max-video-preview:-1\" \/>\n<link rel=\"canonical\" href=\"https:\/\/neoqi.com\/fr\/produit\/bodybase\/\" \/>\n<meta property=\"og:locale\" content=\"fr_FR\" \/>\n<meta property=\"og:type\" content=\"article\" \/>\n<meta property=\"og:title\" content=\"Bodybase - NEOQI\" \/>\n<meta property=\"og:description\" content=\"The Bodybase massage table is designed for a full range of SPA treatments for body care. Offer your customers all types of wet massages, a variety of peelings, wraps, and thalassotherapy sessions with algae, salt and mud. The Bodybase massage table is also great for stone therapy \u2013 an ancient treatment method with hot and cold stones.  The construction of the table is well thought through until the last detail. An ergonomic bed with heating enables the customer maximum comfort during the treatment.  The slope of the work surface provides unobstructed water and cosmetic products drainage in a special drainage system that is easily connected to the general sewerage system. The presence of a hand shower ensures absolute relaxation and stillness of the customer during ongoing SPA treatments. In addition, the built-in MP3 player helps to create a special acoustic atmosphere, allowing the customer to immerse themselves in a pleasant world of dreams and fantasies.\" \/>\n<meta property=\"og:url\" content=\"https:\/\/neoqi.com\/fr\/produit\/bodybase\/\" \/>\n<meta property=\"og:site_name\" content=\"NEOQI\" \/>\n<meta property=\"article:publisher\" content=\"https:\/\/www.facebook.com\/neoqi\/\" \/>\n<meta property=\"article:modified_time\" content=\"2024-12-03T15:38:26+00:00\" \/>\n<meta property=\"og:image\" content=\"https:\/\/neoqi.com\/wp-content\/uploads\/2024\/09\/wellness_neoqi_Mediq_1.png\" \/>\n\t<meta property=\"og:image:width\" content=\"800\" \/>\n\t<meta property=\"og:image:height\" content=\"533\" \/>\n\t<meta property=\"og:image:type\" content=\"image\/png\" \/>\n<meta name=\"twitter:card\" content=\"summary_large_image\" \/>\n<meta name=\"twitter:label1\" content=\"Dur\u00e9e de lecture estim\u00e9e\" \/>\n\t<meta name=\"twitter:data1\" content=\"2 minutes\" \/>\n<script type=\"application\/ld+json\" class=\"yoast-schema-graph\">{\"@context\":\"https:\\\/\\\/schema.org\",\"@graph\":[{\"@type\":\"WebPage\",\"@id\":\"https:\\\/\\\/neoqi.com\\\/product\\\/bodybase\\\/\",\"url\":\"https:\\\/\\\/neoqi.com\\\/product\\\/bodybase\\\/\",\"name\":\"Bodybase - NEOQI\",\"isPartOf\":{\"@id\":\"https:\\\/\\\/neoqi.com\\\/#website\"},\"primaryImageOfPage\":{\"@id\":\"https:\\\/\\\/neoqi.com\\\/product\\\/bodybase\\\/#primaryimage\"},\"image\":{\"@id\":\"https:\\\/\\\/neoqi.com\\\/product\\\/bodybase\\\/#primaryimage\"},\"thumbnailUrl\":\"https:\\\/\\\/neoqi.com\\\/wp-content\\\/uploads\\\/2024\\\/09\\\/wellness_neoqi_Mediq_1.png\",\"datePublished\":\"2024-09-07T02:01:35+00:00\",\"dateModified\":\"2024-12-03T15:38:26+00:00\",\"breadcrumb\":{\"@id\":\"https:\\\/\\\/neoqi.com\\\/product\\\/bodybase\\\/#breadcrumb\"},\"inLanguage\":\"fr-FR\",\"potentialAction\":[{\"@type\":\"ReadAction\",\"target\":[\"https:\\\/\\\/neoqi.com\\\/product\\\/bodybase\\\/\"]}]},{\"@type\":\"ImageObject\",\"inLanguage\":\"fr-FR\",\"@id\":\"https:\\\/\\\/neoqi.com\\\/product\\\/bodybase\\\/#primaryimage\",\"url\":\"https:\\\/\\\/neoqi.com\\\/wp-content\\\/uploads\\\/2024\\\/09\\\/wellness_neoqi_Mediq_1.png\",\"contentUrl\":\"https:\\\/\\\/neoqi.com\\\/wp-content\\\/uploads\\\/2024\\\/09\\\/wellness_neoqi_Mediq_1.png\",\"width\":800,\"height\":533},{\"@type\":\"BreadcrumbList\",\"@id\":\"https:\\\/\\\/neoqi.com\\\/product\\\/bodybase\\\/#breadcrumb\",\"itemListElement\":[{\"@type\":\"ListItem\",\"position\":1,\"name\":\"Home\",\"item\":\"https:\\\/\\\/neoqi.com\\\/\"},{\"@type\":\"ListItem\",\"position\":2,\"name\":\"Catalog\",\"item\":\"https:\\\/\\\/neoqi.com\\\/it\\\/catalog\\\/\"},{\"@type\":\"ListItem\",\"position\":3,\"name\":\"Bodybase\"}]},{\"@type\":\"WebSite\",\"@id\":\"https:\\\/\\\/neoqi.com\\\/#website\",\"url\":\"https:\\\/\\\/neoqi.com\\\/\",\"name\":\"NEOQI\",\"description\":\"Experience Ultimate Wellness and Relaxation with NeoQi Spa Capsule: Your Path to Rejuvenation\",\"publisher\":{\"@id\":\"https:\\\/\\\/neoqi.com\\\/#organization\"},\"potentialAction\":[{\"@type\":\"SearchAction\",\"target\":{\"@type\":\"EntryPoint\",\"urlTemplate\":\"https:\\\/\\\/neoqi.com\\\/?s={search_term_string}\"},\"query-input\":{\"@type\":\"PropertyValueSpecification\",\"valueRequired\":true,\"valueName\":\"search_term_string\"}}],\"inLanguage\":\"fr-FR\"},{\"@type\":\"Organization\",\"@id\":\"https:\\\/\\\/neoqi.com\\\/#organization\",\"name\":\"NEOQI\",\"url\":\"https:\\\/\\\/neoqi.com\\\/\",\"logo\":{\"@type\":\"ImageObject\",\"inLanguage\":\"fr-FR\",\"@id\":\"https:\\\/\\\/neoqi.com\\\/#\\\/schema\\\/logo\\\/image\\\/\",\"url\":\"https:\\\/\\\/neoqi.com\\\/wp-content\\\/uploads\\\/2024\\\/09\\\/logoneosvg.svg\",\"contentUrl\":\"https:\\\/\\\/neoqi.com\\\/wp-content\\\/uploads\\\/2024\\\/09\\\/logoneosvg.svg\",\"width\":1,\"height\":1,\"caption\":\"NEOQI\"},\"image\":{\"@id\":\"https:\\\/\\\/neoqi.com\\\/#\\\/schema\\\/logo\\\/image\\\/\"},\"sameAs\":[\"https:\\\/\\\/www.facebook.com\\\/neoqi\\\/\",\"https:\\\/\\\/www.instagram.com\\\/neoqi_com\\\/\"]}]}<\/script>\n<!-- \/ Yoast SEO plugin. -->","yoast_head_json":{"title":"Bodybase - NEOQI","robots":{"index":"index","follow":"follow","max-snippet":"max-snippet:-1","max-image-preview":"max-image-preview:large","max-video-preview":"max-video-preview:-1"},"canonical":"https:\/\/neoqi.com\/fr\/produit\/bodybase\/","og_locale":"fr_FR","og_type":"article","og_title":"Bodybase - NEOQI","og_description":"The Bodybase massage table is designed for a full range of SPA treatments for body care. Offer your customers all types of wet massages, a variety of peelings, wraps, and thalassotherapy sessions with algae, salt and mud. The Bodybase massage table is also great for stone therapy \u2013 an ancient treatment method with hot and cold stones.  The construction of the table is well thought through until the last detail. An ergonomic bed with heating enables the customer maximum comfort during the treatment.  The slope of the work surface provides unobstructed water and cosmetic products drainage in a special drainage system that is easily connected to the general sewerage system. The presence of a hand shower ensures absolute relaxation and stillness of the customer during ongoing SPA treatments. In addition, the built-in MP3 player helps to create a special acoustic atmosphere, allowing the customer to immerse themselves in a pleasant world of dreams and fantasies.","og_url":"https:\/\/neoqi.com\/fr\/produit\/bodybase\/","og_site_name":"NEOQI","article_publisher":"https:\/\/www.facebook.com\/neoqi\/","article_modified_time":"2024-12-03T15:38:26+00:00","og_image":[{"width":800,"height":533,"url":"https:\/\/neoqi.com\/wp-content\/uploads\/2024\/09\/wellness_neoqi_Mediq_1.png","type":"image\/png"}],"twitter_card":"summary_large_image","twitter_misc":{"Dur\u00e9e de lecture estim\u00e9e":"2 minutes"},"schema":{"@context":"https:\/\/schema.org","@graph":[{"@type":"WebPage","@id":"https:\/\/neoqi.com\/product\/bodybase\/","url":"https:\/\/neoqi.com\/product\/bodybase\/","name":"Bodybase - NEOQI","isPartOf":{"@id":"https:\/\/neoqi.com\/#website"},"primaryImageOfPage":{"@id":"https:\/\/neoqi.com\/product\/bodybase\/#primaryimage"},"image":{"@id":"https:\/\/neoqi.com\/product\/bodybase\/#primaryimage"},"thumbnailUrl":"https:\/\/neoqi.com\/wp-content\/uploads\/2024\/09\/wellness_neoqi_Mediq_1.png","datePublished":"2024-09-07T02:01:35+00:00","dateModified":"2024-12-03T15:38:26+00:00","breadcrumb":{"@id":"https:\/\/neoqi.com\/product\/bodybase\/#breadcrumb"},"inLanguage":"fr-FR","potentialAction":[{"@type":"ReadAction","target":["https:\/\/neoqi.com\/product\/bodybase\/"]}]},{"@type":"ImageObject","inLanguage":"fr-FR","@id":"https:\/\/neoqi.com\/product\/bodybase\/#primaryimage","url":"https:\/\/neoqi.com\/wp-content\/uploads\/2024\/09\/wellness_neoqi_Mediq_1.png","contentUrl":"https:\/\/neoqi.com\/wp-content\/uploads\/2024\/09\/wellness_neoqi_Mediq_1.png","width":800,"height":533},{"@type":"BreadcrumbList","@id":"https:\/\/neoqi.com\/product\/bodybase\/#breadcrumb","itemListElement":[{"@type":"ListItem","position":1,"name":"Home","item":"https:\/\/neoqi.com\/"},{"@type":"ListItem","position":2,"name":"Catalog","item":"https:\/\/neoqi.com\/it\/catalog\/"},{"@type":"ListItem","position":3,"name":"Bodybase"}]},{"@type":"WebSite","@id":"https:\/\/neoqi.com\/#website","url":"https:\/\/neoqi.com\/","name":"NEOQI","description":"Faites l'exp\u00e9rience du bien-\u00eatre et de la relaxation ultimes avec NeoQi Spa Capsule : Votre chemin vers le rajeunissement","publisher":{"@id":"https:\/\/neoqi.com\/#organization"},"potentialAction":[{"@type":"SearchAction","target":{"@type":"EntryPoint","urlTemplate":"https:\/\/neoqi.com\/?s={search_term_string}"},"query-input":{"@type":"PropertyValueSpecification","valueRequired":true,"valueName":"search_term_string"}}],"inLanguage":"fr-FR"},{"@type":"Organization","@id":"https:\/\/neoqi.com\/#organization","name":"NEOQI","url":"https:\/\/neoqi.com\/","logo":{"@type":"ImageObject","inLanguage":"fr-FR","@id":"https:\/\/neoqi.com\/#\/schema\/logo\/image\/","url":"https:\/\/neoqi.com\/wp-content\/uploads\/2024\/09\/logoneosvg.svg","contentUrl":"https:\/\/neoqi.com\/wp-content\/uploads\/2024\/09\/logoneosvg.svg","width":1,"height":1,"caption":"NEOQI"},"image":{"@id":"https:\/\/neoqi.com\/#\/schema\/logo\/image\/"},"sameAs":["https:\/\/www.facebook.com\/neoqi\/","https:\/\/www.instagram.com\/neoqi_com\/"]}]}},"_links":{"self":[{"href":"https:\/\/neoqi.com\/fr\/wp-json\/wp\/v2\/product\/2170","targetHints":{"allow":["GET"]}}],"collection":[{"href":"https:\/\/neoqi.com\/fr\/wp-json\/wp\/v2\/product"}],"about":[{"href":"https:\/\/neoqi.com\/fr\/wp-json\/wp\/v2\/types\/product"}],"replies":[{"embeddable":true,"href":"https:\/\/neoqi.com\/fr\/wp-json\/wp\/v2\/comments?post=2170"}],"wp:featuredmedia":[{"embeddable":true,"href":"https:\/\/neoqi.com\/fr\/wp-json\/wp\/v2\/media\/2171"}],"wp:attachment":[{"href":"https:\/\/neoqi.com\/fr\/wp-json\/wp\/v2\/media?parent=2170"}],"wp:term":[{"taxonomy":"product_brand","embeddable":true,"href":"https:\/\/neoqi.com\/fr\/wp-json\/wp\/v2\/product_brand?post=2170"},{"taxonomy":"product_cat","embeddable":true,"href":"https:\/\/neoqi.com\/fr\/wp-json\/wp\/v2\/product_cat?post=2170"},{"taxonomy":"product_tag","embeddable":true,"href":"https:\/\/neoqi.com\/fr\/wp-json\/wp\/v2\/product_tag?post=2170"}],"curies":[{"name":"wp","href":"https:\/\/api.w.org\/{rel}","templated":true}]}}