{"id":2184,"date":"2024-09-07T02:04:55","date_gmt":"2024-09-06T23:04:55","guid":{"rendered":"http:\/\/neoqi.com\/?post_type=product&#038;p=2184"},"modified":"2024-12-04T08:28:00","modified_gmt":"2024-12-04T05:28:00","slug":"balance","status":"publish","type":"product","link":"https:\/\/neoqi.com\/fr\/produit\/balance\/","title":{"rendered":"Balance"},"content":{"rendered":"<div id=\"tab-description\" class=\"woocommerce-Tabs-panel woocommerce-Tabs-panel--description panel entry-content wc-tab\" role=\"tabpanel\" aria-labelledby=\"tab-title-description\">\n<p><strong>Les principaux traitements de NeoQi\u00ae Balance<\/strong><\/p>\n<p><strong>Hydrofusion<\/strong>. Combinaison de vapeur et de chaleur infrarouge, il s'agit d'une m\u00e9thode de thermoth\u00e9rapie r\u00e9volutionnaire et efficace. Gr\u00e2ce au film de vapeur humide et au r\u00e9chauffement en profondeur des tissus, l'effet salutaire des enveloppements et des masques appliqu\u00e9s sur le corps est amplifi\u00e9. Vous b\u00e9n\u00e9ficiez non seulement de la relaxation, mais aussi de la perte de kilos superflus, de l'\u00e9limination de la cellulite et d'une augmentation significative de l'\u00e9lasticit\u00e9 de la peau. Le cocon \u00e9nerg\u00e9tique cr\u00e9e un environnement unique, comparable \u00e0 l'ut\u00e9rus - un sentiment de confort, d'harmonie spirituelle et de bonheur.<\/p>\n<p><strong>Hydromassage<\/strong>. Le massage \u00e0 l'eau est effectu\u00e9 le long des zones anatomiques. Des jets d'eau puissants et r\u00e9sistants massent les zones \u00e0 probl\u00e8mes du corps, \u00e9liminant les douleurs musculaires et articulaires, corrigeant la silhouette et \u00e9liminant efficacement le stress.<\/p>\n<p><strong>Massage \u00e0 bulles d'air<\/strong>. Des milliers de bulles d'air, tourbillonnant dans l'eau, enveloppent doucement le corps, cr\u00e9ant une sensation de l\u00e9g\u00e8ret\u00e9 et d'apesanteur. Le massage \u00e0 bulles d'air normalise la tension art\u00e9rielle, stimule la d\u00e9sintoxication et a un effet calmant g\u00e9n\u00e9ral.<\/p>\n<p><strong>Aromath\u00e9rapie<\/strong>. Laissez-vous plonger dans un monde charmant de saveurs ! Vanille sucr\u00e9e, cannelle stimulante, odeur de pommes vertes fra\u00eeches... En choisissant la bonne composition parfum\u00e9e, vous renforcerez l'effet b\u00e9n\u00e9fique du traitement effectu\u00e9. L'aromath\u00e9rapie contribue \u00e0 la relaxation compl\u00e8te du corps et de l'esprit, en agissant sur les plans \u00e9motionnel et physique.<\/p>\n<p><strong>Musicoth\u00e9rapie<\/strong>. Un lecteur \u041c\u04203 int\u00e9gr\u00e9 permet d'\u00e9couter ses compositions musicales pr\u00e9f\u00e9r\u00e9es pendant le traitement \u00e0 la capsule SPA. Les compositions musicales sont capables de gu\u00e9rir, de renforcer les fonctions c\u00e9r\u00e9brales, d'avoir un effet analg\u00e9sique et relaxant.<\/p>\n<p><a href=\"https:\/\/neoqi.com\/fr\/produit\/energy-cocoons\/balance\/#tab-description\">Description<\/a><\/p>\n<div id=\"tab-description\" class=\"woocommerce-Tabs-panel woocommerce-Tabs-panel--description panel entry-content wc-tab\" role=\"tabpanel\" aria-labelledby=\"tab-title-description\">\n<p>Sauna infrarouge<br \/>\nSauna \u00e0 vapeur<br \/>\nAromath\u00e9rapie<br \/>\nSyst\u00e8me d'\u00e9clairage couleur<br \/>\nSyst\u00e8me musical (MP3)<br \/>\nHydromassage<br \/>\nMassage \u00e0 bulles d'air<br \/>\n6 jets lat\u00e9raux<br \/>\n6 jets de massage du dos<br \/>\n2 jets pour les pieds<br \/>\n10 jets d'air inf\u00e9rieurs<br \/>\nDouche \u00e0 main<\/p>\n<\/div>\n<\/div>","protected":false},"excerpt":{"rendered":"<p>Le cocon Balance Energy est une baignoire d'hydromassage polyvalente et extr\u00eamement compacte, compl\u00e9t\u00e9e par des fonctions de sauna. Petit et fonctionnel comme un complexe SPA complet, il est con\u00e7u pour \u00eatre install\u00e9 dans un coin de la salle de bains.<\/p>\n<p>SPA-capsule est un appareil unique qui vous permet de profiter des saunas \u00e0 vapeur et \u00e0 infrarouge, de l'hydro-massage et de l'a\u00e9ro-massage, ainsi que des effets b\u00e9n\u00e9fiques de la luminoth\u00e9rapie et de l'aromath\u00e9rapie. Balance a une puissante influence anti-stress et curative. En combinant diff\u00e9rentes fonctions et en cr\u00e9ant diff\u00e9rents programmes, vous pouvez facilement vous d\u00e9barrasser du surpoids, des syndromes douloureux dans les muscles et les articulations, ainsi que comprendre l'harmonie spirituelle et physique de votre corps.<\/p>\n<p>En utilisant le cocon \u00e9nerg\u00e9tique Balance, vous pouvez profiter de la vari\u00e9t\u00e9 des rituels SPA dans l'intimit\u00e9 de votre maison.<\/p>","protected":false},"featured_media":2185,"comment_status":"open","ping_status":"closed","template":"","meta":{"_acf_changed":false,"site-sidebar-layout":"default","site-content-layout":"","ast-site-content-layout":"default","site-content-style":"default","site-sidebar-style":"default","ast-global-header-display":"","ast-banner-title-visibility":"","ast-main-header-display":"","ast-hfb-above-header-display":"","ast-hfb-below-header-display":"","ast-hfb-mobile-header-display":"","site-post-title":"","ast-breadcrumbs-content":"","ast-featured-img":"","footer-sml-layout":"","ast-disable-related-posts":"","theme-transparent-header-meta":"default","adv-header-id-meta":"","stick-header-meta":"","header-above-stick-meta":"","header-main-stick-meta":"","header-below-stick-meta":"","astra-migrate-meta-layouts":"set","ast-page-background-enabled":"default","ast-page-background-meta":{"desktop":{"background-color":"var(--ast-global-color-4)","background-image":"","background-repeat":"repeat","background-position":"center center","background-size":"auto","background-attachment":"scroll","background-type":"","background-media":"","overlay-type":"","overlay-color":"","overlay-opacity":"","overlay-gradient":""},"tablet":{"background-color":"","background-image":"","background-repeat":"repeat","background-position":"center center","background-size":"auto","background-attachment":"scroll","background-type":"","background-media":"","overlay-type":"","overlay-color":"","overlay-opacity":"","overlay-gradient":""},"mobile":{"background-color":"","background-image":"","background-repeat":"repeat","background-position":"center center","background-size":"auto","background-attachment":"scroll","background-type":"","background-media":"","overlay-type":"","overlay-color":"","overlay-opacity":"","overlay-gradient":""}},"ast-content-background-meta":{"desktop":{"background-color":"var(--ast-global-color-5)","background-image":"","background-repeat":"repeat","background-position":"center center","background-size":"auto","background-attachment":"scroll","background-type":"","background-media":"","overlay-type":"","overlay-color":"","overlay-opacity":"","overlay-gradient":""},"tablet":{"background-color":"var(--ast-global-color-5)","background-image":"","background-repeat":"repeat","background-position":"center center","background-size":"auto","background-attachment":"scroll","background-type":"","background-media":"","overlay-type":"","overlay-color":"","overlay-opacity":"","overlay-gradient":""},"mobile":{"background-color":"var(--ast-global-color-5)","background-image":"","background-repeat":"repeat","background-position":"center center","background-size":"auto","background-attachment":"scroll","background-type":"","background-media":"","overlay-type":"","overlay-color":"","overlay-opacity":"","overlay-gradient":""}}},"product_brand":[],"product_cat":[81,87],"product_tag":[],"class_list":{"0":"post-2184","1":"product","2":"type-product","3":"status-publish","4":"has-post-thumbnail","6":"product_cat-energy-cocoons","7":"product_cat-home-spa","8":"desktop-align-left","9":"tablet-align-left","10":"mobile-align-left","12":"first","13":"instock","14":"shipping-taxable","15":"product-type-simple"},"acf":[],"yoast_head":"<!-- This site is optimized with the Yoast SEO plugin v27.3 - https:\/\/yoast.com\/product\/yoast-seo-wordpress\/ -->\n<title>Balance - NEOQI<\/title>\n<meta name=\"robots\" content=\"index, follow, max-snippet:-1, max-image-preview:large, max-video-preview:-1\" \/>\n<link rel=\"canonical\" href=\"https:\/\/neoqi.com\/fr\/produkt\/balance\/\" \/>\n<meta property=\"og:locale\" content=\"fr_FR\" \/>\n<meta property=\"og:type\" content=\"article\" \/>\n<meta property=\"og:title\" content=\"Balance - NEOQI\" \/>\n<meta property=\"og:description\" content=\"The Balance Energy cocoon is a versatile and extremely compact whirlpool bath, complemented with sauna functions. Small and functional as a full SPA complex, it is designed for installation in a corner of the bathroom.  SPA-capsule is a unique device with which you can get pleasure from visiting steam and infrared saunas, enjoy hydro- and air bubble massage, in addition to experiencing the beneficial effects of light- and aromatherapy. Balance has a powerful anti-stress and healing influence. By combining various functions and creating different programs, you can easily get rid of excess weight, pain syndromes in muscles and joints, as well as understand the spiritual and physical harmony of your body.  By using the Balance energy cocoon, you can enjoy the variety of SPA rituals in the privacy of your own home.\" \/>\n<meta property=\"og:url\" content=\"https:\/\/neoqi.com\/fr\/produkt\/balance\/\" \/>\n<meta property=\"og:site_name\" content=\"NEOQI\" \/>\n<meta property=\"article:publisher\" content=\"https:\/\/www.facebook.com\/neoqi\/\" \/>\n<meta property=\"article:modified_time\" content=\"2024-12-04T05:28:00+00:00\" \/>\n<meta property=\"og:image\" content=\"https:\/\/neoqi.com\/wp-content\/uploads\/2024\/09\/balance.png\" \/>\n\t<meta property=\"og:image:width\" content=\"1200\" \/>\n\t<meta property=\"og:image:height\" content=\"800\" \/>\n\t<meta property=\"og:image:type\" content=\"image\/png\" \/>\n<meta name=\"twitter:card\" content=\"summary_large_image\" \/>\n<meta name=\"twitter:label1\" content=\"Dur\u00e9e de lecture estim\u00e9e\" \/>\n\t<meta name=\"twitter:data1\" content=\"1 minute\" \/>\n<script type=\"application\/ld+json\" class=\"yoast-schema-graph\">{\"@context\":\"https:\\\/\\\/schema.org\",\"@graph\":[{\"@type\":\"WebPage\",\"@id\":\"https:\\\/\\\/neoqi.com\\\/de\\\/produkt\\\/balance\\\/\",\"url\":\"https:\\\/\\\/neoqi.com\\\/de\\\/produkt\\\/balance\\\/\",\"name\":\"Balance - NEOQI\",\"isPartOf\":{\"@id\":\"https:\\\/\\\/neoqi.com\\\/#website\"},\"primaryImageOfPage\":{\"@id\":\"https:\\\/\\\/neoqi.com\\\/de\\\/produkt\\\/balance\\\/#primaryimage\"},\"image\":{\"@id\":\"https:\\\/\\\/neoqi.com\\\/de\\\/produkt\\\/balance\\\/#primaryimage\"},\"thumbnailUrl\":\"https:\\\/\\\/neoqi.com\\\/wp-content\\\/uploads\\\/2024\\\/09\\\/balance.png\",\"datePublished\":\"2024-09-06T23:04:55+00:00\",\"dateModified\":\"2024-12-04T05:28:00+00:00\",\"breadcrumb\":{\"@id\":\"https:\\\/\\\/neoqi.com\\\/de\\\/produkt\\\/balance\\\/#breadcrumb\"},\"inLanguage\":\"fr-FR\",\"potentialAction\":[{\"@type\":\"ReadAction\",\"target\":[\"https:\\\/\\\/neoqi.com\\\/de\\\/produkt\\\/balance\\\/\"]}]},{\"@type\":\"ImageObject\",\"inLanguage\":\"fr-FR\",\"@id\":\"https:\\\/\\\/neoqi.com\\\/de\\\/produkt\\\/balance\\\/#primaryimage\",\"url\":\"https:\\\/\\\/neoqi.com\\\/wp-content\\\/uploads\\\/2024\\\/09\\\/balance.png\",\"contentUrl\":\"https:\\\/\\\/neoqi.com\\\/wp-content\\\/uploads\\\/2024\\\/09\\\/balance.png\",\"width\":1200,\"height\":800},{\"@type\":\"BreadcrumbList\",\"@id\":\"https:\\\/\\\/neoqi.com\\\/de\\\/produkt\\\/balance\\\/#breadcrumb\",\"itemListElement\":[{\"@type\":\"ListItem\",\"position\":1,\"name\":\"Home\",\"item\":\"https:\\\/\\\/neoqi.com\\\/\"},{\"@type\":\"ListItem\",\"position\":2,\"name\":\"Catalog\",\"item\":\"https:\\\/\\\/neoqi.com\\\/it\\\/catalog\\\/\"},{\"@type\":\"ListItem\",\"position\":3,\"name\":\"Balance\"}]},{\"@type\":\"WebSite\",\"@id\":\"https:\\\/\\\/neoqi.com\\\/#website\",\"url\":\"https:\\\/\\\/neoqi.com\\\/\",\"name\":\"NEOQI\",\"description\":\"Experience Ultimate Wellness and Relaxation with NeoQi Spa Capsule: Your Path to Rejuvenation\",\"publisher\":{\"@id\":\"https:\\\/\\\/neoqi.com\\\/#organization\"},\"potentialAction\":[{\"@type\":\"SearchAction\",\"target\":{\"@type\":\"EntryPoint\",\"urlTemplate\":\"https:\\\/\\\/neoqi.com\\\/?s={search_term_string}\"},\"query-input\":{\"@type\":\"PropertyValueSpecification\",\"valueRequired\":true,\"valueName\":\"search_term_string\"}}],\"inLanguage\":\"fr-FR\"},{\"@type\":\"Organization\",\"@id\":\"https:\\\/\\\/neoqi.com\\\/#organization\",\"name\":\"NEOQI\",\"url\":\"https:\\\/\\\/neoqi.com\\\/\",\"logo\":{\"@type\":\"ImageObject\",\"inLanguage\":\"fr-FR\",\"@id\":\"https:\\\/\\\/neoqi.com\\\/#\\\/schema\\\/logo\\\/image\\\/\",\"url\":\"https:\\\/\\\/neoqi.com\\\/wp-content\\\/uploads\\\/2024\\\/09\\\/logoneosvg.svg\",\"contentUrl\":\"https:\\\/\\\/neoqi.com\\\/wp-content\\\/uploads\\\/2024\\\/09\\\/logoneosvg.svg\",\"width\":1,\"height\":1,\"caption\":\"NEOQI\"},\"image\":{\"@id\":\"https:\\\/\\\/neoqi.com\\\/#\\\/schema\\\/logo\\\/image\\\/\"},\"sameAs\":[\"https:\\\/\\\/www.facebook.com\\\/neoqi\\\/\",\"https:\\\/\\\/www.instagram.com\\\/neoqi_com\\\/\"]}]}<\/script>\n<!-- \/ Yoast SEO plugin. -->","yoast_head_json":{"title":"Balance - NEOQI","robots":{"index":"index","follow":"follow","max-snippet":"max-snippet:-1","max-image-preview":"max-image-preview:large","max-video-preview":"max-video-preview:-1"},"canonical":"https:\/\/neoqi.com\/fr\/produkt\/balance\/","og_locale":"fr_FR","og_type":"article","og_title":"Balance - NEOQI","og_description":"The Balance Energy cocoon is a versatile and extremely compact whirlpool bath, complemented with sauna functions. Small and functional as a full SPA complex, it is designed for installation in a corner of the bathroom.  SPA-capsule is a unique device with which you can get pleasure from visiting steam and infrared saunas, enjoy hydro- and air bubble massage, in addition to experiencing the beneficial effects of light- and aromatherapy. Balance has a powerful anti-stress and healing influence. By combining various functions and creating different programs, you can easily get rid of excess weight, pain syndromes in muscles and joints, as well as understand the spiritual and physical harmony of your body.  By using the Balance energy cocoon, you can enjoy the variety of SPA rituals in the privacy of your own home.","og_url":"https:\/\/neoqi.com\/fr\/produkt\/balance\/","og_site_name":"NEOQI","article_publisher":"https:\/\/www.facebook.com\/neoqi\/","article_modified_time":"2024-12-04T05:28:00+00:00","og_image":[{"width":1200,"height":800,"url":"https:\/\/neoqi.com\/wp-content\/uploads\/2024\/09\/balance.png","type":"image\/png"}],"twitter_card":"summary_large_image","twitter_misc":{"Dur\u00e9e de lecture estim\u00e9e":"1 minute"},"schema":{"@context":"https:\/\/schema.org","@graph":[{"@type":"WebPage","@id":"https:\/\/neoqi.com\/de\/produkt\/balance\/","url":"https:\/\/neoqi.com\/de\/produkt\/balance\/","name":"Balance - NEOQI","isPartOf":{"@id":"https:\/\/neoqi.com\/#website"},"primaryImageOfPage":{"@id":"https:\/\/neoqi.com\/de\/produkt\/balance\/#primaryimage"},"image":{"@id":"https:\/\/neoqi.com\/de\/produkt\/balance\/#primaryimage"},"thumbnailUrl":"https:\/\/neoqi.com\/wp-content\/uploads\/2024\/09\/balance.png","datePublished":"2024-09-06T23:04:55+00:00","dateModified":"2024-12-04T05:28:00+00:00","breadcrumb":{"@id":"https:\/\/neoqi.com\/de\/produkt\/balance\/#breadcrumb"},"inLanguage":"fr-FR","potentialAction":[{"@type":"ReadAction","target":["https:\/\/neoqi.com\/de\/produkt\/balance\/"]}]},{"@type":"ImageObject","inLanguage":"fr-FR","@id":"https:\/\/neoqi.com\/de\/produkt\/balance\/#primaryimage","url":"https:\/\/neoqi.com\/wp-content\/uploads\/2024\/09\/balance.png","contentUrl":"https:\/\/neoqi.com\/wp-content\/uploads\/2024\/09\/balance.png","width":1200,"height":800},{"@type":"BreadcrumbList","@id":"https:\/\/neoqi.com\/de\/produkt\/balance\/#breadcrumb","itemListElement":[{"@type":"ListItem","position":1,"name":"Home","item":"https:\/\/neoqi.com\/"},{"@type":"ListItem","position":2,"name":"Catalog","item":"https:\/\/neoqi.com\/it\/catalog\/"},{"@type":"ListItem","position":3,"name":"Balance"}]},{"@type":"WebSite","@id":"https:\/\/neoqi.com\/#website","url":"https:\/\/neoqi.com\/","name":"NEOQI","description":"Faites l'exp\u00e9rience du bien-\u00eatre et de la relaxation ultimes avec NeoQi Spa Capsule : Votre chemin vers le rajeunissement","publisher":{"@id":"https:\/\/neoqi.com\/#organization"},"potentialAction":[{"@type":"SearchAction","target":{"@type":"EntryPoint","urlTemplate":"https:\/\/neoqi.com\/?s={search_term_string}"},"query-input":{"@type":"PropertyValueSpecification","valueRequired":true,"valueName":"search_term_string"}}],"inLanguage":"fr-FR"},{"@type":"Organization","@id":"https:\/\/neoqi.com\/#organization","name":"NEOQI","url":"https:\/\/neoqi.com\/","logo":{"@type":"ImageObject","inLanguage":"fr-FR","@id":"https:\/\/neoqi.com\/#\/schema\/logo\/image\/","url":"https:\/\/neoqi.com\/wp-content\/uploads\/2024\/09\/logoneosvg.svg","contentUrl":"https:\/\/neoqi.com\/wp-content\/uploads\/2024\/09\/logoneosvg.svg","width":1,"height":1,"caption":"NEOQI"},"image":{"@id":"https:\/\/neoqi.com\/#\/schema\/logo\/image\/"},"sameAs":["https:\/\/www.facebook.com\/neoqi\/","https:\/\/www.instagram.com\/neoqi_com\/"]}]}},"_links":{"self":[{"href":"https:\/\/neoqi.com\/fr\/wp-json\/wp\/v2\/product\/2184","targetHints":{"allow":["GET"]}}],"collection":[{"href":"https:\/\/neoqi.com\/fr\/wp-json\/wp\/v2\/product"}],"about":[{"href":"https:\/\/neoqi.com\/fr\/wp-json\/wp\/v2\/types\/product"}],"replies":[{"embeddable":true,"href":"https:\/\/neoqi.com\/fr\/wp-json\/wp\/v2\/comments?post=2184"}],"wp:featuredmedia":[{"embeddable":true,"href":"https:\/\/neoqi.com\/fr\/wp-json\/wp\/v2\/media\/2185"}],"wp:attachment":[{"href":"https:\/\/neoqi.com\/fr\/wp-json\/wp\/v2\/media?parent=2184"}],"wp:term":[{"taxonomy":"product_brand","embeddable":true,"href":"https:\/\/neoqi.com\/fr\/wp-json\/wp\/v2\/product_brand?post=2184"},{"taxonomy":"product_cat","embeddable":true,"href":"https:\/\/neoqi.com\/fr\/wp-json\/wp\/v2\/product_cat?post=2184"},{"taxonomy":"product_tag","embeddable":true,"href":"https:\/\/neoqi.com\/fr\/wp-json\/wp\/v2\/product_tag?post=2184"}],"curies":[{"name":"wp","href":"https:\/\/api.w.org\/{rel}","templated":true}]}}