{"id":2197,"date":"2024-09-07T01:11:40","date_gmt":"2024-09-06T22:11:40","guid":{"rendered":"http:\/\/neoqi.com\/?post_type=product&#038;p=2197"},"modified":"2024-12-04T08:27:54","modified_gmt":"2024-12-04T05:27:54","slug":"elegance","status":"publish","type":"product","link":"https:\/\/neoqi.com\/fr\/produit\/elegance\/","title":{"rendered":"Elegance"},"content":{"rendered":"<p><strong>Les principaux traitements de NeoQi\u00ae Elegance<\/strong><\/p>\n<div id=\"tab-description\" class=\"woocommerce-Tabs-panel woocommerce-Tabs-panel--description panel entry-content wc-tab\" role=\"tabpanel\" aria-labelledby=\"tab-title-description\">\n<p><strong>Sauna \u00e0 vapeur<\/strong>. Une douce brume chaude enveloppe l\u00e9g\u00e8rement le corps d'humidit\u00e9, favorisant le processus de relaxation du corps et de l'esprit. Accordez-vous un moment de d\u00e9tente et une occasion d'\u00e9chapper au stress quotidien, pour aborder la journ\u00e9e du lendemain avec un regain de force, d'\u00e9nergie et de bonne humeur. Le sauna \u00e0 vapeur multiplie l'efficacit\u00e9 des masques et des enveloppements. Gr\u00e2ce \u00e0 la capsule SPA Elegance, les moyens les plus efficaces pour la perte de poids et la r\u00e9duction de la cellulite sont d\u00e9sormais possibles \u00e0 domicile.<\/p>\n<p><strong>Sauna infrarouge<\/strong>\u00a0est la relaxation, la revigoration et l'amincissement. L'IR soulage efficacement les douleurs musculaires et articulaires, augmente le tonus \u00e9nerg\u00e9tique g\u00e9n\u00e9ral, r\u00e9duit l'aspect de la cellulite, aide \u00e0 se d\u00e9tendre profond\u00e9ment et \u00e0 perdre du poids.<\/p>\n<p><strong>Hydrofusion<\/strong>. Une combinaison de vapeur et de chaleur infrarouge - une m\u00e9thode r\u00e9volutionnaire de thermoth\u00e9rapie. Dans le cocon \u00e9nerg\u00e9tique, un environnement unique est cr\u00e9\u00e9, comparable \u00e0 l'ut\u00e9rus - envahissez-vous d'un sentiment de confort, d'harmonie spirituelle et de bonheur.<\/p>\n<p><strong>Traitement d'hydroth\u00e9rapie<\/strong>\u00a0dans le bain avec massage \u00e0 bulles d'air et d'eau. Les propri\u00e9t\u00e9s th\u00e9rapeutiques de l'eau et le massage indolore des zones probl\u00e9matiques d\u00e9tendent les muscles et redonnent \u00e0 la peau son \u00e9lasticit\u00e9, sa douceur et sa fermet\u00e9. Des centaines de petites bulles d'air caressent la peau, apaisent le syst\u00e8me nerveux, \u00e9liminent le stress chronique et les tensions mentales. Le massage \u00e0 bulles d'air est \u00e9galement un moyen efficace de lutter contre l'insomnie - apr\u00e8s quelques s\u00e9ances seulement, vous sentirez que votre sommeil est r\u00e9tabli et normalis\u00e9.<\/p>\n<p><strong>Aromath\u00e9rapie<\/strong>\u00a0a un effet b\u00e9n\u00e9fique sur l'\u00e9tat \u00e9motionnel et poss\u00e8de des propri\u00e9t\u00e9s uniques de relaxation, aidant \u00e0 soulager compl\u00e8tement le stress. Avec l'aide de l'aromath\u00e9rapie, on peut faire face \u00e0 l'insomnie, \u00e0 la d\u00e9pression et m\u00eame r\u00e9duire l'app\u00e9tit excessif.<\/p>\n<p><strong>Chromoth\u00e9rapie<\/strong>\u00a0ou la revigoration par la lumi\u00e8re. L'effet positif sur le syst\u00e8me nerveux est particuli\u00e8rement puissant en combinaison avec l'hydromassage. Les traitements de chromoth\u00e9rapie permettent de se d\u00e9tendre avant d'aller se coucher ou de donner de l'\u00e9nergie \u00e0 son corps avant de commencer la journ\u00e9e.<\/p>\n<p><a href=\"https:\/\/neoqi.com\/fr\/produit\/energy-cocoons\/elegance\/#tab-description\">Description<\/a><\/p>\n<p>Sauna infrarouge<br \/>\nSauna \u00e0 vapeur<br \/>\nAromath\u00e9rapie<br \/>\nSyst\u00e8me d'\u00e9clairage couleur<br \/>\nSyst\u00e8me musical (MP3)<br \/>\nHydromassage<br \/>\nMassage \u00e0 bulles d'air<br \/>\n6 jets lat\u00e9raux<br \/>\n6 jets de massage du dos<br \/>\n2 jets pour les pieds<br \/>\n10 jets d'air inf\u00e9rieurs<br \/>\nDouche \u00e0 main<\/p>\n<\/div>","protected":false},"excerpt":{"rendered":"<p>Le cocon \u00e9nerg\u00e9tique Elegance est une solution innovante pour la salle de bains. Gr\u00e2ce \u00e0 la capsule SPA Elegance, vous pouvez profiter de rituels SPA relaxants et revigorants chez vous.<\/p>\n<p>Le cocon est dot\u00e9 des meilleures fonctions de thermoth\u00e9rapie et d'hydroth\u00e9rapie afin de restaurer la puissance et l'\u00e9nergie apr\u00e8s une longue journ\u00e9e, de r\u00e9duire le niveau de stress et de renforcer le syst\u00e8me immunitaire. La capsule a un effet b\u00e9n\u00e9fique sur les organes sensoriels : l'ou\u00efe, la vue, l'odorat et le toucher. La combinaison du sauna infrarouge sec et de la vapeur humide, de l'hydroth\u00e9rapie, de l'aromath\u00e9rapie et de la chromoth\u00e9rapie a un impact \u00e9tonnant sur la sant\u00e9, en am\u00e9liorant la circulation sanguine et les fonctions des organes internes, en ralentissant les processus de vieillissement, en normalisant le fonctionnement du syst\u00e8me nerveux, en rendant la peau lisse et ferme.<\/p>\n<p>Avec le cocon SPA Elegance, vous pouvez am\u00e9liorer votre \u00e9tat de bien-\u00eatre en profitant d'une vari\u00e9t\u00e9 de traitements SPA dans l'intimit\u00e9 de votre propre maison.<\/p>\n<p>* L'Elegance a re\u00e7u un prix ADEX du magazine Design Journal en 2007. Le prix d'excellence en design est d\u00e9cern\u00e9 chaque ann\u00e9e par le magazine Design Journal pour r\u00e9compenser le design sup\u00e9rieur de produits d'ameublement commercialis\u00e9s aupr\u00e8s des professionnels de l'architecture et du design. Le prix ADEX est l'un des prix de design les plus convoit\u00e9s de l'industrie.<\/p>","protected":false},"featured_media":2198,"comment_status":"open","ping_status":"closed","template":"","meta":{"_acf_changed":false,"site-sidebar-layout":"default","site-content-layout":"","ast-site-content-layout":"default","site-content-style":"default","site-sidebar-style":"default","ast-global-header-display":"","ast-banner-title-visibility":"","ast-main-header-display":"","ast-hfb-above-header-display":"","ast-hfb-below-header-display":"","ast-hfb-mobile-header-display":"","site-post-title":"","ast-breadcrumbs-content":"","ast-featured-img":"","footer-sml-layout":"","ast-disable-related-posts":"","theme-transparent-header-meta":"default","adv-header-id-meta":"","stick-header-meta":"","header-above-stick-meta":"","header-main-stick-meta":"","header-below-stick-meta":"","astra-migrate-meta-layouts":"set","ast-page-background-enabled":"default","ast-page-background-meta":{"desktop":{"background-color":"var(--ast-global-color-4)","background-image":"","background-repeat":"repeat","background-position":"center center","background-size":"auto","background-attachment":"scroll","background-type":"","background-media":"","overlay-type":"","overlay-color":"","overlay-opacity":"","overlay-gradient":""},"tablet":{"background-color":"","background-image":"","background-repeat":"repeat","background-position":"center center","background-size":"auto","background-attachment":"scroll","background-type":"","background-media":"","overlay-type":"","overlay-color":"","overlay-opacity":"","overlay-gradient":""},"mobile":{"background-color":"","background-image":"","background-repeat":"repeat","background-position":"center center","background-size":"auto","background-attachment":"scroll","background-type":"","background-media":"","overlay-type":"","overlay-color":"","overlay-opacity":"","overlay-gradient":""}},"ast-content-background-meta":{"desktop":{"background-color":"var(--ast-global-color-5)","background-image":"","background-repeat":"repeat","background-position":"center center","background-size":"auto","background-attachment":"scroll","background-type":"","background-media":"","overlay-type":"","overlay-color":"","overlay-opacity":"","overlay-gradient":""},"tablet":{"background-color":"var(--ast-global-color-5)","background-image":"","background-repeat":"repeat","background-position":"center center","background-size":"auto","background-attachment":"scroll","background-type":"","background-media":"","overlay-type":"","overlay-color":"","overlay-opacity":"","overlay-gradient":""},"mobile":{"background-color":"var(--ast-global-color-5)","background-image":"","background-repeat":"repeat","background-position":"center center","background-size":"auto","background-attachment":"scroll","background-type":"","background-media":"","overlay-type":"","overlay-color":"","overlay-opacity":"","overlay-gradient":""}}},"product_brand":[],"product_cat":[81,87],"product_tag":[],"class_list":{"0":"post-2197","1":"product","2":"type-product","3":"status-publish","4":"has-post-thumbnail","6":"product_cat-energy-cocoons","7":"product_cat-home-spa","8":"desktop-align-left","9":"tablet-align-left","10":"mobile-align-left","12":"first","13":"instock","14":"shipping-taxable","15":"product-type-simple"},"acf":[],"yoast_head":"<!-- This site is optimized with the Yoast SEO plugin v27.3 - https:\/\/yoast.com\/product\/yoast-seo-wordpress\/ -->\n<title>Elegance - NEOQI<\/title>\n<meta name=\"robots\" content=\"index, follow, max-snippet:-1, max-image-preview:large, max-video-preview:-1\" \/>\n<link rel=\"canonical\" href=\"https:\/\/neoqi.com\/fr\/produit\/elegance\/\" \/>\n<meta property=\"og:locale\" content=\"fr_FR\" \/>\n<meta property=\"og:type\" content=\"article\" \/>\n<meta property=\"og:title\" content=\"Elegance - NEOQI\" \/>\n<meta property=\"og:description\" content=\"The Elegance Energy cocoon is an innovative solution for the bathroom. Thanks to SPA-capsule Elegance you can enjoy relaxing and invigorating SPA-rituals at your home.  The cocoon is equipped with the best thermo- and hydrotherapy functions in order to restore power and energy after a long day, decrease stress levels and strengthen the immune system. The capsule has a beneficial effect on the sensory organs: hearing, sight, smell and touch. The combination of dry infrared and humid steam sauna, hydro-, aroma- and chromotherapy and has an astonishing heath impact, improving blood circulation and internal organs functions, slowing aging processes, normalizing the functioning of the nervous system, making the skin smooth and firm.  With the Elegance SPA cocoon, you can improve the state of your wellbeing by enjoying a variety of SPA treatments in the privacy of your own home.  * The Elegance received an ADEX Award from the Design Journal magazine in 2007. The Award for Design Excellence is given annually by the Design Journal magazine for superior product design of furnishings marketed to the architectural and design trade. The ADEX award is one of the most coveted design awards in the industry.\" \/>\n<meta property=\"og:url\" content=\"https:\/\/neoqi.com\/fr\/produit\/elegance\/\" \/>\n<meta property=\"og:site_name\" content=\"NEOQI\" \/>\n<meta property=\"article:publisher\" content=\"https:\/\/www.facebook.com\/neoqi\/\" \/>\n<meta property=\"article:modified_time\" content=\"2024-12-04T05:27:54+00:00\" \/>\n<meta property=\"og:image\" content=\"https:\/\/neoqi.com\/wp-content\/uploads\/2024\/09\/elegance.png\" \/>\n\t<meta property=\"og:image:width\" content=\"1200\" \/>\n\t<meta property=\"og:image:height\" content=\"800\" \/>\n\t<meta property=\"og:image:type\" content=\"image\/png\" \/>\n<meta name=\"twitter:card\" content=\"summary_large_image\" \/>\n<meta name=\"twitter:label1\" content=\"Dur\u00e9e de lecture estim\u00e9e\" \/>\n\t<meta name=\"twitter:data1\" content=\"2 minutes\" \/>\n<script type=\"application\/ld+json\" class=\"yoast-schema-graph\">{\"@context\":\"https:\\\/\\\/schema.org\",\"@graph\":[{\"@type\":\"WebPage\",\"@id\":\"https:\\\/\\\/neoqi.com\\\/product\\\/elegance\\\/\",\"url\":\"https:\\\/\\\/neoqi.com\\\/product\\\/elegance\\\/\",\"name\":\"Elegance - NEOQI\",\"isPartOf\":{\"@id\":\"https:\\\/\\\/neoqi.com\\\/#website\"},\"primaryImageOfPage\":{\"@id\":\"https:\\\/\\\/neoqi.com\\\/product\\\/elegance\\\/#primaryimage\"},\"image\":{\"@id\":\"https:\\\/\\\/neoqi.com\\\/product\\\/elegance\\\/#primaryimage\"},\"thumbnailUrl\":\"https:\\\/\\\/neoqi.com\\\/wp-content\\\/uploads\\\/2024\\\/09\\\/elegance.png\",\"datePublished\":\"2024-09-06T22:11:40+00:00\",\"dateModified\":\"2024-12-04T05:27:54+00:00\",\"breadcrumb\":{\"@id\":\"https:\\\/\\\/neoqi.com\\\/product\\\/elegance\\\/#breadcrumb\"},\"inLanguage\":\"fr-FR\",\"potentialAction\":[{\"@type\":\"ReadAction\",\"target\":[\"https:\\\/\\\/neoqi.com\\\/product\\\/elegance\\\/\"]}]},{\"@type\":\"ImageObject\",\"inLanguage\":\"fr-FR\",\"@id\":\"https:\\\/\\\/neoqi.com\\\/product\\\/elegance\\\/#primaryimage\",\"url\":\"https:\\\/\\\/neoqi.com\\\/wp-content\\\/uploads\\\/2024\\\/09\\\/elegance.png\",\"contentUrl\":\"https:\\\/\\\/neoqi.com\\\/wp-content\\\/uploads\\\/2024\\\/09\\\/elegance.png\",\"width\":1200,\"height\":800},{\"@type\":\"BreadcrumbList\",\"@id\":\"https:\\\/\\\/neoqi.com\\\/product\\\/elegance\\\/#breadcrumb\",\"itemListElement\":[{\"@type\":\"ListItem\",\"position\":1,\"name\":\"Home\",\"item\":\"https:\\\/\\\/neoqi.com\\\/\"},{\"@type\":\"ListItem\",\"position\":2,\"name\":\"Catalog\",\"item\":\"https:\\\/\\\/neoqi.com\\\/it\\\/catalog\\\/\"},{\"@type\":\"ListItem\",\"position\":3,\"name\":\"Elegance\"}]},{\"@type\":\"WebSite\",\"@id\":\"https:\\\/\\\/neoqi.com\\\/#website\",\"url\":\"https:\\\/\\\/neoqi.com\\\/\",\"name\":\"NEOQI\",\"description\":\"Experience Ultimate Wellness and Relaxation with NeoQi Spa Capsule: Your Path to Rejuvenation\",\"publisher\":{\"@id\":\"https:\\\/\\\/neoqi.com\\\/#organization\"},\"potentialAction\":[{\"@type\":\"SearchAction\",\"target\":{\"@type\":\"EntryPoint\",\"urlTemplate\":\"https:\\\/\\\/neoqi.com\\\/?s={search_term_string}\"},\"query-input\":{\"@type\":\"PropertyValueSpecification\",\"valueRequired\":true,\"valueName\":\"search_term_string\"}}],\"inLanguage\":\"fr-FR\"},{\"@type\":\"Organization\",\"@id\":\"https:\\\/\\\/neoqi.com\\\/#organization\",\"name\":\"NEOQI\",\"url\":\"https:\\\/\\\/neoqi.com\\\/\",\"logo\":{\"@type\":\"ImageObject\",\"inLanguage\":\"fr-FR\",\"@id\":\"https:\\\/\\\/neoqi.com\\\/#\\\/schema\\\/logo\\\/image\\\/\",\"url\":\"https:\\\/\\\/neoqi.com\\\/wp-content\\\/uploads\\\/2024\\\/09\\\/logoneosvg.svg\",\"contentUrl\":\"https:\\\/\\\/neoqi.com\\\/wp-content\\\/uploads\\\/2024\\\/09\\\/logoneosvg.svg\",\"width\":1,\"height\":1,\"caption\":\"NEOQI\"},\"image\":{\"@id\":\"https:\\\/\\\/neoqi.com\\\/#\\\/schema\\\/logo\\\/image\\\/\"},\"sameAs\":[\"https:\\\/\\\/www.facebook.com\\\/neoqi\\\/\",\"https:\\\/\\\/www.instagram.com\\\/neoqi_com\\\/\"]}]}<\/script>\n<!-- \/ Yoast SEO plugin. -->","yoast_head_json":{"title":"Elegance - NEOQI","robots":{"index":"index","follow":"follow","max-snippet":"max-snippet:-1","max-image-preview":"max-image-preview:large","max-video-preview":"max-video-preview:-1"},"canonical":"https:\/\/neoqi.com\/fr\/produit\/elegance\/","og_locale":"fr_FR","og_type":"article","og_title":"Elegance - NEOQI","og_description":"The Elegance Energy cocoon is an innovative solution for the bathroom. Thanks to SPA-capsule Elegance you can enjoy relaxing and invigorating SPA-rituals at your home.  The cocoon is equipped with the best thermo- and hydrotherapy functions in order to restore power and energy after a long day, decrease stress levels and strengthen the immune system. The capsule has a beneficial effect on the sensory organs: hearing, sight, smell and touch. The combination of dry infrared and humid steam sauna, hydro-, aroma- and chromotherapy and has an astonishing heath impact, improving blood circulation and internal organs functions, slowing aging processes, normalizing the functioning of the nervous system, making the skin smooth and firm.  With the Elegance SPA cocoon, you can improve the state of your wellbeing by enjoying a variety of SPA treatments in the privacy of your own home.  * The Elegance received an ADEX Award from the Design Journal magazine in 2007. The Award for Design Excellence is given annually by the Design Journal magazine for superior product design of furnishings marketed to the architectural and design trade. The ADEX award is one of the most coveted design awards in the industry.","og_url":"https:\/\/neoqi.com\/fr\/produit\/elegance\/","og_site_name":"NEOQI","article_publisher":"https:\/\/www.facebook.com\/neoqi\/","article_modified_time":"2024-12-04T05:27:54+00:00","og_image":[{"width":1200,"height":800,"url":"https:\/\/neoqi.com\/wp-content\/uploads\/2024\/09\/elegance.png","type":"image\/png"}],"twitter_card":"summary_large_image","twitter_misc":{"Dur\u00e9e de lecture estim\u00e9e":"2 minutes"},"schema":{"@context":"https:\/\/schema.org","@graph":[{"@type":"WebPage","@id":"https:\/\/neoqi.com\/product\/elegance\/","url":"https:\/\/neoqi.com\/product\/elegance\/","name":"Elegance - NEOQI","isPartOf":{"@id":"https:\/\/neoqi.com\/#website"},"primaryImageOfPage":{"@id":"https:\/\/neoqi.com\/product\/elegance\/#primaryimage"},"image":{"@id":"https:\/\/neoqi.com\/product\/elegance\/#primaryimage"},"thumbnailUrl":"https:\/\/neoqi.com\/wp-content\/uploads\/2024\/09\/elegance.png","datePublished":"2024-09-06T22:11:40+00:00","dateModified":"2024-12-04T05:27:54+00:00","breadcrumb":{"@id":"https:\/\/neoqi.com\/product\/elegance\/#breadcrumb"},"inLanguage":"fr-FR","potentialAction":[{"@type":"ReadAction","target":["https:\/\/neoqi.com\/product\/elegance\/"]}]},{"@type":"ImageObject","inLanguage":"fr-FR","@id":"https:\/\/neoqi.com\/product\/elegance\/#primaryimage","url":"https:\/\/neoqi.com\/wp-content\/uploads\/2024\/09\/elegance.png","contentUrl":"https:\/\/neoqi.com\/wp-content\/uploads\/2024\/09\/elegance.png","width":1200,"height":800},{"@type":"BreadcrumbList","@id":"https:\/\/neoqi.com\/product\/elegance\/#breadcrumb","itemListElement":[{"@type":"ListItem","position":1,"name":"Home","item":"https:\/\/neoqi.com\/"},{"@type":"ListItem","position":2,"name":"Catalog","item":"https:\/\/neoqi.com\/it\/catalog\/"},{"@type":"ListItem","position":3,"name":"Elegance"}]},{"@type":"WebSite","@id":"https:\/\/neoqi.com\/#website","url":"https:\/\/neoqi.com\/","name":"NEOQI","description":"Faites l'exp\u00e9rience du bien-\u00eatre et de la relaxation ultimes avec NeoQi Spa Capsule : Votre chemin vers le rajeunissement","publisher":{"@id":"https:\/\/neoqi.com\/#organization"},"potentialAction":[{"@type":"SearchAction","target":{"@type":"EntryPoint","urlTemplate":"https:\/\/neoqi.com\/?s={search_term_string}"},"query-input":{"@type":"PropertyValueSpecification","valueRequired":true,"valueName":"search_term_string"}}],"inLanguage":"fr-FR"},{"@type":"Organization","@id":"https:\/\/neoqi.com\/#organization","name":"NEOQI","url":"https:\/\/neoqi.com\/","logo":{"@type":"ImageObject","inLanguage":"fr-FR","@id":"https:\/\/neoqi.com\/#\/schema\/logo\/image\/","url":"https:\/\/neoqi.com\/wp-content\/uploads\/2024\/09\/logoneosvg.svg","contentUrl":"https:\/\/neoqi.com\/wp-content\/uploads\/2024\/09\/logoneosvg.svg","width":1,"height":1,"caption":"NEOQI"},"image":{"@id":"https:\/\/neoqi.com\/#\/schema\/logo\/image\/"},"sameAs":["https:\/\/www.facebook.com\/neoqi\/","https:\/\/www.instagram.com\/neoqi_com\/"]}]}},"_links":{"self":[{"href":"https:\/\/neoqi.com\/fr\/wp-json\/wp\/v2\/product\/2197","targetHints":{"allow":["GET"]}}],"collection":[{"href":"https:\/\/neoqi.com\/fr\/wp-json\/wp\/v2\/product"}],"about":[{"href":"https:\/\/neoqi.com\/fr\/wp-json\/wp\/v2\/types\/product"}],"replies":[{"embeddable":true,"href":"https:\/\/neoqi.com\/fr\/wp-json\/wp\/v2\/comments?post=2197"}],"wp:featuredmedia":[{"embeddable":true,"href":"https:\/\/neoqi.com\/fr\/wp-json\/wp\/v2\/media\/2198"}],"wp:attachment":[{"href":"https:\/\/neoqi.com\/fr\/wp-json\/wp\/v2\/media?parent=2197"}],"wp:term":[{"taxonomy":"product_brand","embeddable":true,"href":"https:\/\/neoqi.com\/fr\/wp-json\/wp\/v2\/product_brand?post=2197"},{"taxonomy":"product_cat","embeddable":true,"href":"https:\/\/neoqi.com\/fr\/wp-json\/wp\/v2\/product_cat?post=2197"},{"taxonomy":"product_tag","embeddable":true,"href":"https:\/\/neoqi.com\/fr\/wp-json\/wp\/v2\/product_tag?post=2197"}],"curies":[{"name":"wp","href":"https:\/\/api.w.org\/{rel}","templated":true}]}}