{"id":2210,"date":"2024-09-07T03:14:05","date_gmt":"2024-09-07T00:14:05","guid":{"rendered":"http:\/\/neoqi.com\/?post_type=product&#038;p=2210"},"modified":"2024-12-04T08:28:05","modified_gmt":"2024-12-04T05:28:05","slug":"elebath","status":"publish","type":"product","link":"https:\/\/neoqi.com\/fr\/produit\/elebath\/","title":{"rendered":"Elebath"},"content":{"rendered":"<h3>Les principaux traitements de NeoQi\u00ae Elebath<\/h3>\n<p>Hydro massage et massage \u00e0 bulles d'air. Le massage \u00e0 l'eau est effectu\u00e9 le long des zones anatomiques et des zones les plus probl\u00e9matiques. Des jets d'eau puissants et r\u00e9sistants massent le corps et les organes internes, soulagent les douleurs musculaires et articulaires, corrigent les contours de la silhouette et \u00e9liminent efficacement le stress. Dans le m\u00eame temps, des milliers de bulles d'air dans l'eau enveloppent doucement le corps et le d\u00e9tendent, cr\u00e9ant une sensation de l\u00e9g\u00e8ret\u00e9 et d'apesanteur. Le massage \u00e0 bulles d'air normalise la pression sanguine, stimule la d\u00e9sintoxication et a un effet calmant g\u00e9n\u00e9ral.<br \/>\nLa baln\u00e9oth\u00e9rapie aide \u00e0 r\u00e9soudre de nombreux probl\u00e8mes de sant\u00e9. Le pouvoir curatif de l'eau additionn\u00e9e de min\u00e9raux, de vitamines, de gaz et de substances organiques a des effets b\u00e9n\u00e9fiques sur la peau, le syst\u00e8me musculo-squelettique, le syst\u00e8me cardiovasculaire et le syst\u00e8me nerveux central, les organes digestifs et le m\u00e9tabolisme.<br \/>\nChromoth\u00e9rapie. Les couleurs ont un impact b\u00e9n\u00e9fique sur l'\u00e9tat psychophysique g\u00e9n\u00e9ral d'une personne. Les propri\u00e9t\u00e9s de chaque couleur permettent de r\u00e9tablir le sommeil et les fonctions des organes internes, d'\u00e9liminer les maux de t\u00eate et de normaliser l'app\u00e9tit, de soulager l'anxi\u00e9t\u00e9 et la d\u00e9pression.<\/p>\n<h3>Hydromassage<\/h3>\n<p>Massage \u00e0 bulles d'air<br \/>\n6 jets lat\u00e9raux<br \/>\n6 jets de massage du dos<br \/>\n2 jets pour les pieds<br \/>\n12 jets d'air inf\u00e9rieurs<br \/>\nLuminoth\u00e9rapie couleur (chromoth\u00e9rapie)<br \/>\nDouche \u00e0 main<\/p>","protected":false},"excerpt":{"rendered":"<p>Elebath est la plus petite baignoire d'hydromassage de tous les produits NeoQi. Elebath propose des traitements d'hydromassage et de massage \u00e0 bulles d'air, compl\u00e9t\u00e9s par des s\u00e9ances de chromoth\u00e9rapie et de baln\u00e9oth\u00e9rapie.  Gr\u00e2ce \u00e0 une combinaison de programmes sur mesure, il est possible de traiter les maladies musculo-squelettiques et cardiovasculaires, de soulager les douleurs et les spasmes musculaires, de r\u00e9duire les sympt\u00f4mes du stress, de la fatigue et de la d\u00e9pression, et de r\u00e9duire efficacement le poids. En outre, elle peut contribuer \u00e0 restaurer l'\u00e9lasticit\u00e9 de la peau dans les zones les plus probl\u00e9matiques - cuisses, abdomen et fesses.<\/p>\n<p>Le design \u00e9l\u00e9gant et l'ensemble des fonctions n\u00e9cessaires aux traitements SPA font de cette baignoire d'hydroth\u00e9rapie parfaite un complexe pour un petit salon de beaut\u00e9, un centre de massage et de bien-\u00eatre ou une utilisation \u00e0 domicile. Elebath - compacte comme une baignoire, fonctionnelle comme un complexe SPA.<\/p>","protected":false},"featured_media":2211,"comment_status":"open","ping_status":"closed","template":"","meta":{"_acf_changed":false,"site-sidebar-layout":"default","site-content-layout":"","ast-site-content-layout":"default","site-content-style":"default","site-sidebar-style":"default","ast-global-header-display":"","ast-banner-title-visibility":"","ast-main-header-display":"","ast-hfb-above-header-display":"","ast-hfb-below-header-display":"","ast-hfb-mobile-header-display":"","site-post-title":"","ast-breadcrumbs-content":"","ast-featured-img":"","footer-sml-layout":"","ast-disable-related-posts":"","theme-transparent-header-meta":"default","adv-header-id-meta":"","stick-header-meta":"","header-above-stick-meta":"","header-main-stick-meta":"","header-below-stick-meta":"","astra-migrate-meta-layouts":"set","ast-page-background-enabled":"default","ast-page-background-meta":{"desktop":{"background-color":"var(--ast-global-color-4)","background-image":"","background-repeat":"repeat","background-position":"center center","background-size":"auto","background-attachment":"scroll","background-type":"","background-media":"","overlay-type":"","overlay-color":"","overlay-opacity":"","overlay-gradient":""},"tablet":{"background-color":"","background-image":"","background-repeat":"repeat","background-position":"center center","background-size":"auto","background-attachment":"scroll","background-type":"","background-media":"","overlay-type":"","overlay-color":"","overlay-opacity":"","overlay-gradient":""},"mobile":{"background-color":"","background-image":"","background-repeat":"repeat","background-position":"center center","background-size":"auto","background-attachment":"scroll","background-type":"","background-media":"","overlay-type":"","overlay-color":"","overlay-opacity":"","overlay-gradient":""}},"ast-content-background-meta":{"desktop":{"background-color":"var(--ast-global-color-5)","background-image":"","background-repeat":"repeat","background-position":"center center","background-size":"auto","background-attachment":"scroll","background-type":"","background-media":"","overlay-type":"","overlay-color":"","overlay-opacity":"","overlay-gradient":""},"tablet":{"background-color":"var(--ast-global-color-5)","background-image":"","background-repeat":"repeat","background-position":"center center","background-size":"auto","background-attachment":"scroll","background-type":"","background-media":"","overlay-type":"","overlay-color":"","overlay-opacity":"","overlay-gradient":""},"mobile":{"background-color":"var(--ast-global-color-5)","background-image":"","background-repeat":"repeat","background-position":"center center","background-size":"auto","background-attachment":"scroll","background-type":"","background-media":"","overlay-type":"","overlay-color":"","overlay-opacity":"","overlay-gradient":""}}},"product_brand":[],"product_cat":[81,87],"product_tag":[],"class_list":{"0":"post-2210","1":"product","2":"type-product","3":"status-publish","4":"has-post-thumbnail","6":"product_cat-energy-cocoons","7":"product_cat-home-spa","8":"desktop-align-left","9":"tablet-align-left","10":"mobile-align-left","12":"first","13":"instock","14":"shipping-taxable","15":"product-type-simple"},"acf":[],"yoast_head":"<!-- This site is optimized with the Yoast SEO plugin v27.3 - https:\/\/yoast.com\/product\/yoast-seo-wordpress\/ -->\n<title>Elebath - NEOQI<\/title>\n<meta name=\"robots\" content=\"index, follow, max-snippet:-1, max-image-preview:large, max-video-preview:-1\" \/>\n<link rel=\"canonical\" href=\"https:\/\/neoqi.com\/fr\/produit\/elebath\/\" \/>\n<meta property=\"og:locale\" content=\"fr_FR\" \/>\n<meta property=\"og:type\" content=\"article\" \/>\n<meta property=\"og:title\" content=\"Elebath - NEOQI\" \/>\n<meta property=\"og:description\" content=\"Elebath is the smallest hydromassage bath of all NeoQi products. Elebath offers treatments of hydro and air bubble massage, complemented by chromo- and balneotherapy sessions. \u00a0With a combination of tailor-made programs, one can treat musculoskeletal and cardiovascular system diseases, relieve muscle pain and spasm, decrease stress symptoms, fatigue, depression and effectively reduce weight. In addition to that, it can help restore skin elasticity in the most problem areas \u2013 thighs, abdomen, and buttocks.  The Elegant design and a set of necessary functions for SPA treatments turn this perfect hydrotherapy bath into the complex for a smaller beauty salon, massage and wellness center, or home use. Elebath \u2013 compact as a bathtub, functional as a SPA complex.\" \/>\n<meta property=\"og:url\" content=\"https:\/\/neoqi.com\/fr\/produit\/elebath\/\" \/>\n<meta property=\"og:site_name\" content=\"NEOQI\" \/>\n<meta property=\"article:publisher\" content=\"https:\/\/www.facebook.com\/neoqi\/\" \/>\n<meta property=\"article:modified_time\" content=\"2024-12-04T05:28:05+00:00\" \/>\n<meta property=\"og:image\" content=\"https:\/\/neoqi.com\/wp-content\/uploads\/2024\/09\/elebath.png\" \/>\n\t<meta property=\"og:image:width\" content=\"1200\" \/>\n\t<meta property=\"og:image:height\" content=\"800\" \/>\n\t<meta property=\"og:image:type\" content=\"image\/png\" \/>\n<meta name=\"twitter:card\" content=\"summary_large_image\" \/>\n<meta name=\"twitter:label1\" content=\"Dur\u00e9e de lecture estim\u00e9e\" \/>\n\t<meta name=\"twitter:data1\" content=\"2 minutes\" \/>\n<script type=\"application\/ld+json\" class=\"yoast-schema-graph\">{\"@context\":\"https:\\\/\\\/schema.org\",\"@graph\":[{\"@type\":\"WebPage\",\"@id\":\"https:\\\/\\\/neoqi.com\\\/product\\\/elebath\\\/\",\"url\":\"https:\\\/\\\/neoqi.com\\\/product\\\/elebath\\\/\",\"name\":\"Elebath - NEOQI\",\"isPartOf\":{\"@id\":\"https:\\\/\\\/neoqi.com\\\/#website\"},\"primaryImageOfPage\":{\"@id\":\"https:\\\/\\\/neoqi.com\\\/product\\\/elebath\\\/#primaryimage\"},\"image\":{\"@id\":\"https:\\\/\\\/neoqi.com\\\/product\\\/elebath\\\/#primaryimage\"},\"thumbnailUrl\":\"https:\\\/\\\/neoqi.com\\\/wp-content\\\/uploads\\\/2024\\\/09\\\/elebath.png\",\"datePublished\":\"2024-09-07T00:14:05+00:00\",\"dateModified\":\"2024-12-04T05:28:05+00:00\",\"breadcrumb\":{\"@id\":\"https:\\\/\\\/neoqi.com\\\/product\\\/elebath\\\/#breadcrumb\"},\"inLanguage\":\"fr-FR\",\"potentialAction\":[{\"@type\":\"ReadAction\",\"target\":[\"https:\\\/\\\/neoqi.com\\\/product\\\/elebath\\\/\"]}]},{\"@type\":\"ImageObject\",\"inLanguage\":\"fr-FR\",\"@id\":\"https:\\\/\\\/neoqi.com\\\/product\\\/elebath\\\/#primaryimage\",\"url\":\"https:\\\/\\\/neoqi.com\\\/wp-content\\\/uploads\\\/2024\\\/09\\\/elebath.png\",\"contentUrl\":\"https:\\\/\\\/neoqi.com\\\/wp-content\\\/uploads\\\/2024\\\/09\\\/elebath.png\",\"width\":1200,\"height\":800},{\"@type\":\"BreadcrumbList\",\"@id\":\"https:\\\/\\\/neoqi.com\\\/product\\\/elebath\\\/#breadcrumb\",\"itemListElement\":[{\"@type\":\"ListItem\",\"position\":1,\"name\":\"Home\",\"item\":\"https:\\\/\\\/neoqi.com\\\/\"},{\"@type\":\"ListItem\",\"position\":2,\"name\":\"Catalog\",\"item\":\"https:\\\/\\\/neoqi.com\\\/it\\\/catalog\\\/\"},{\"@type\":\"ListItem\",\"position\":3,\"name\":\"Elebath\"}]},{\"@type\":\"WebSite\",\"@id\":\"https:\\\/\\\/neoqi.com\\\/#website\",\"url\":\"https:\\\/\\\/neoqi.com\\\/\",\"name\":\"NEOQI\",\"description\":\"Experience Ultimate Wellness and Relaxation with NeoQi Spa Capsule: Your Path to Rejuvenation\",\"publisher\":{\"@id\":\"https:\\\/\\\/neoqi.com\\\/#organization\"},\"potentialAction\":[{\"@type\":\"SearchAction\",\"target\":{\"@type\":\"EntryPoint\",\"urlTemplate\":\"https:\\\/\\\/neoqi.com\\\/?s={search_term_string}\"},\"query-input\":{\"@type\":\"PropertyValueSpecification\",\"valueRequired\":true,\"valueName\":\"search_term_string\"}}],\"inLanguage\":\"fr-FR\"},{\"@type\":\"Organization\",\"@id\":\"https:\\\/\\\/neoqi.com\\\/#organization\",\"name\":\"NEOQI\",\"url\":\"https:\\\/\\\/neoqi.com\\\/\",\"logo\":{\"@type\":\"ImageObject\",\"inLanguage\":\"fr-FR\",\"@id\":\"https:\\\/\\\/neoqi.com\\\/#\\\/schema\\\/logo\\\/image\\\/\",\"url\":\"https:\\\/\\\/neoqi.com\\\/wp-content\\\/uploads\\\/2024\\\/09\\\/logoneosvg.svg\",\"contentUrl\":\"https:\\\/\\\/neoqi.com\\\/wp-content\\\/uploads\\\/2024\\\/09\\\/logoneosvg.svg\",\"width\":1,\"height\":1,\"caption\":\"NEOQI\"},\"image\":{\"@id\":\"https:\\\/\\\/neoqi.com\\\/#\\\/schema\\\/logo\\\/image\\\/\"},\"sameAs\":[\"https:\\\/\\\/www.facebook.com\\\/neoqi\\\/\",\"https:\\\/\\\/www.instagram.com\\\/neoqi_com\\\/\"]}]}<\/script>\n<!-- \/ Yoast SEO plugin. -->","yoast_head_json":{"title":"Elebath - NEOQI","robots":{"index":"index","follow":"follow","max-snippet":"max-snippet:-1","max-image-preview":"max-image-preview:large","max-video-preview":"max-video-preview:-1"},"canonical":"https:\/\/neoqi.com\/fr\/produit\/elebath\/","og_locale":"fr_FR","og_type":"article","og_title":"Elebath - NEOQI","og_description":"Elebath is the smallest hydromassage bath of all NeoQi products. Elebath offers treatments of hydro and air bubble massage, complemented by chromo- and balneotherapy sessions. \u00a0With a combination of tailor-made programs, one can treat musculoskeletal and cardiovascular system diseases, relieve muscle pain and spasm, decrease stress symptoms, fatigue, depression and effectively reduce weight. In addition to that, it can help restore skin elasticity in the most problem areas \u2013 thighs, abdomen, and buttocks.  The Elegant design and a set of necessary functions for SPA treatments turn this perfect hydrotherapy bath into the complex for a smaller beauty salon, massage and wellness center, or home use. Elebath \u2013 compact as a bathtub, functional as a SPA complex.","og_url":"https:\/\/neoqi.com\/fr\/produit\/elebath\/","og_site_name":"NEOQI","article_publisher":"https:\/\/www.facebook.com\/neoqi\/","article_modified_time":"2024-12-04T05:28:05+00:00","og_image":[{"width":1200,"height":800,"url":"https:\/\/neoqi.com\/wp-content\/uploads\/2024\/09\/elebath.png","type":"image\/png"}],"twitter_card":"summary_large_image","twitter_misc":{"Dur\u00e9e de lecture estim\u00e9e":"2 minutes"},"schema":{"@context":"https:\/\/schema.org","@graph":[{"@type":"WebPage","@id":"https:\/\/neoqi.com\/product\/elebath\/","url":"https:\/\/neoqi.com\/product\/elebath\/","name":"Elebath - NEOQI","isPartOf":{"@id":"https:\/\/neoqi.com\/#website"},"primaryImageOfPage":{"@id":"https:\/\/neoqi.com\/product\/elebath\/#primaryimage"},"image":{"@id":"https:\/\/neoqi.com\/product\/elebath\/#primaryimage"},"thumbnailUrl":"https:\/\/neoqi.com\/wp-content\/uploads\/2024\/09\/elebath.png","datePublished":"2024-09-07T00:14:05+00:00","dateModified":"2024-12-04T05:28:05+00:00","breadcrumb":{"@id":"https:\/\/neoqi.com\/product\/elebath\/#breadcrumb"},"inLanguage":"fr-FR","potentialAction":[{"@type":"ReadAction","target":["https:\/\/neoqi.com\/product\/elebath\/"]}]},{"@type":"ImageObject","inLanguage":"fr-FR","@id":"https:\/\/neoqi.com\/product\/elebath\/#primaryimage","url":"https:\/\/neoqi.com\/wp-content\/uploads\/2024\/09\/elebath.png","contentUrl":"https:\/\/neoqi.com\/wp-content\/uploads\/2024\/09\/elebath.png","width":1200,"height":800},{"@type":"BreadcrumbList","@id":"https:\/\/neoqi.com\/product\/elebath\/#breadcrumb","itemListElement":[{"@type":"ListItem","position":1,"name":"Home","item":"https:\/\/neoqi.com\/"},{"@type":"ListItem","position":2,"name":"Catalog","item":"https:\/\/neoqi.com\/it\/catalog\/"},{"@type":"ListItem","position":3,"name":"Elebath"}]},{"@type":"WebSite","@id":"https:\/\/neoqi.com\/#website","url":"https:\/\/neoqi.com\/","name":"NEOQI","description":"Faites l'exp\u00e9rience du bien-\u00eatre et de la relaxation ultimes avec NeoQi Spa Capsule : Votre chemin vers le rajeunissement","publisher":{"@id":"https:\/\/neoqi.com\/#organization"},"potentialAction":[{"@type":"SearchAction","target":{"@type":"EntryPoint","urlTemplate":"https:\/\/neoqi.com\/?s={search_term_string}"},"query-input":{"@type":"PropertyValueSpecification","valueRequired":true,"valueName":"search_term_string"}}],"inLanguage":"fr-FR"},{"@type":"Organization","@id":"https:\/\/neoqi.com\/#organization","name":"NEOQI","url":"https:\/\/neoqi.com\/","logo":{"@type":"ImageObject","inLanguage":"fr-FR","@id":"https:\/\/neoqi.com\/#\/schema\/logo\/image\/","url":"https:\/\/neoqi.com\/wp-content\/uploads\/2024\/09\/logoneosvg.svg","contentUrl":"https:\/\/neoqi.com\/wp-content\/uploads\/2024\/09\/logoneosvg.svg","width":1,"height":1,"caption":"NEOQI"},"image":{"@id":"https:\/\/neoqi.com\/#\/schema\/logo\/image\/"},"sameAs":["https:\/\/www.facebook.com\/neoqi\/","https:\/\/www.instagram.com\/neoqi_com\/"]}]}},"_links":{"self":[{"href":"https:\/\/neoqi.com\/fr\/wp-json\/wp\/v2\/product\/2210","targetHints":{"allow":["GET"]}}],"collection":[{"href":"https:\/\/neoqi.com\/fr\/wp-json\/wp\/v2\/product"}],"about":[{"href":"https:\/\/neoqi.com\/fr\/wp-json\/wp\/v2\/types\/product"}],"replies":[{"embeddable":true,"href":"https:\/\/neoqi.com\/fr\/wp-json\/wp\/v2\/comments?post=2210"}],"wp:featuredmedia":[{"embeddable":true,"href":"https:\/\/neoqi.com\/fr\/wp-json\/wp\/v2\/media\/2211"}],"wp:attachment":[{"href":"https:\/\/neoqi.com\/fr\/wp-json\/wp\/v2\/media?parent=2210"}],"wp:term":[{"taxonomy":"product_brand","embeddable":true,"href":"https:\/\/neoqi.com\/fr\/wp-json\/wp\/v2\/product_brand?post=2210"},{"taxonomy":"product_cat","embeddable":true,"href":"https:\/\/neoqi.com\/fr\/wp-json\/wp\/v2\/product_cat?post=2210"},{"taxonomy":"product_tag","embeddable":true,"href":"https:\/\/neoqi.com\/fr\/wp-json\/wp\/v2\/product_tag?post=2210"}],"curies":[{"name":"wp","href":"https:\/\/api.w.org\/{rel}","templated":true}]}}