{"id":1963,"date":"2024-09-06T20:36:28","date_gmt":"2024-09-06T17:36:28","guid":{"rendered":"http:\/\/neoqi.com\/?page_id=1963"},"modified":"2024-09-06T20:36:28","modified_gmt":"2024-09-06T17:36:28","slug":"technical-data","status":"publish","type":"page","link":"https:\/\/neoqi.com\/it\/how-it-works\/technical-data\/","title":{"rendered":"Dati tecnici"},"content":{"rendered":"<p><strong>La camera<\/strong><\/p>\n<p>L'apparecchiatura NeoQi \u00e8 progettata per l'uso in ambienti interni e non pu\u00f2 essere trasportata o conservata a temperature inferiori a 0 gradi C. L'apparecchiatura deve essere utilizzata in un locale a prova di umidit\u00e0; si raccomanda la ventilazione, poich\u00e9 nel regime di lavoro la macchina crea umidit\u00e0.<\/p>\n<p>Si raccomanda di avere uno scarico generale sul pavimento.<\/p>\n<p>Le porte devono essere larghe almeno 80 cm.<\/p>\n<p>L'apparecchiatura NeoQi\u00ae non pu\u00f2 essere utilizzata se l'aria contiene MISCELA ANESTESICA INFIAMMABILE CON ARIA o CON OSSIGENO O OSSIDO NITROSO.<\/p>\n<p><strong>Potenza<\/strong><\/p>\n<p>Le installazioni elettriche delle apparecchiature NeoQi\u00ae devono essere eseguite da specialisti qualificati o da rappresentanti ufficiali di NeoQi\u00ae AS.<\/p>\n<p>L'apparecchiatura NeoQi utilizza un cavo di alimentazione a taglio trasversale in rame da 3 x 2,5 mm\u00b2. Il cavo di alimentazione deve essere collegato alla scatola di giunzione a prova di umidit\u00e0, situata sul telaio dell'apparecchiatura.<\/p>\n<p>La potenza massima assorbita varia a seconda del modello, da 0,3 a 4,6 kW.<\/p>\n<p>La corrente del dispositivo di protezione davanti all'alimentatore dell'apparecchiatura non deve essere inferiore a 20A.<\/p>\n<p>La portata dei fusibili utilizzati nel circuito principale di alimentazione esterna delle apparecchiature fisse installate: interruttori da 20A.<\/p>\n<p><strong>Acqua<\/strong><\/p>\n<p>L'installazione degli ingressi dell'acqua calda e fredda e delle connessioni di drenaggio dell'apparecchiatura NeoQi\u00ae Harmony deve essere eseguita da uno specialista qualificato o da un rappresentante ufficiale di NeoQi\u00ae AS.<\/p>\n<p>Sono necessari due tubi flessibili per la pressione dell'acqua: uno per l'acqua calda e uno per l'acqua fredda. A seconda del modello, le estremit\u00e0 devono essere filettate da \u00bd o da 3\u20444. La lunghezza dei tubi dipende dalla distanza dagli ingressi dell'acqua.<\/p>\n<p>Per il drenaggio a terra e il tubo di drenaggio dell'acqua, l'apparecchiatura NeoQi utilizza attacchi da \u00d8 32 o 50 mm, a seconda del modello installato. La lunghezza del tubo di drenaggio dipende dalla distanza dall'apertura di drenaggio a terra.<\/p>\n<p>Per il corretto funzionamento dell'apparecchiatura, \u00e8 necessario utilizzare solo acqua di rubinetto pulita. Se l'acqua del rubinetto contiene un'alta percentuale di sostanze abrasive o di ruggine, si consiglia di installare un filtro per l'acqua.<a name=\"_Toc243812516\"><\/a><a name=\"_Toc55370922\"><\/a><a name=\"_Toc35756076\"><\/a>.<\/p>\n<p>Il livello minimo dell'acqua richiesto per il funzionamento della vasca per idroterapia deve essere di ~ 1 cm al di sopra dei getti dorsali.<\/p>\n<p>Il carico massimo consentito sul letto vibrante \u00e8 di 175 kg.<\/p>","protected":false},"excerpt":{"rendered":"<p>Room NeoQi equipment is designed for use in indoor conditions and cannot be transported or stored below 0 degrees C. The equipment should be used in a moisture proof room, ventilation is recommended, as in the working regime, the machine creates humidity. It is recommended to have a general drain on the floor. Doors must [&hellip;]<\/p>\n","protected":false},"author":3,"featured_media":0,"parent":1953,"menu_order":0,"comment_status":"closed","ping_status":"closed","template":"","meta":{"_acf_changed":false,"site-sidebar-layout":"default","site-content-layout":"","ast-site-content-layout":"default","site-content-style":"default","site-sidebar-style":"default","ast-global-header-display":"","ast-banner-title-visibility":"","ast-main-header-display":"","ast-hfb-above-header-display":"","ast-hfb-below-header-display":"","ast-hfb-mobile-header-display":"","site-post-title":"","ast-breadcrumbs-content":"","ast-featured-img":"","footer-sml-layout":"","ast-disable-related-posts":"","theme-transparent-header-meta":"default","adv-header-id-meta":"","stick-header-meta":"","header-above-stick-meta":"","header-main-stick-meta":"","header-below-stick-meta":"","astra-migrate-meta-layouts":"set","ast-page-background-enabled":"default","ast-page-background-meta":{"desktop":{"background-color":"var(--ast-global-color-4)","background-image":"","background-repeat":"repeat","background-position":"center center","background-size":"auto","background-attachment":"scroll","background-type":"","background-media":"","overlay-type":"","overlay-color":"","overlay-opacity":"","overlay-gradient":""},"tablet":{"background-color":"","background-image":"","background-repeat":"repeat","background-position":"center center","background-size":"auto","background-attachment":"scroll","background-type":"","background-media":"","overlay-type":"","overlay-color":"","overlay-opacity":"","overlay-gradient":""},"mobile":{"background-color":"","background-image":"","background-repeat":"repeat","background-position":"center center","background-size":"auto","background-attachment":"scroll","background-type":"","background-media":"","overlay-type":"","overlay-color":"","overlay-opacity":"","overlay-gradient":""}},"ast-content-background-meta":{"desktop":{"background-color":"var(--ast-global-color-5)","background-image":"","background-repeat":"repeat","background-position":"center center","background-size":"auto","background-attachment":"scroll","background-type":"","background-media":"","overlay-type":"","overlay-color":"","overlay-opacity":"","overlay-gradient":""},"tablet":{"background-color":"var(--ast-global-color-5)","background-image":"","background-repeat":"repeat","background-position":"center center","background-size":"auto","background-attachment":"scroll","background-type":"","background-media":"","overlay-type":"","overlay-color":"","overlay-opacity":"","overlay-gradient":""},"mobile":{"background-color":"var(--ast-global-color-5)","background-image":"","background-repeat":"repeat","background-position":"center center","background-size":"auto","background-attachment":"scroll","background-type":"","background-media":"","overlay-type":"","overlay-color":"","overlay-opacity":"","overlay-gradient":""}},"footnotes":""},"class_list":["post-1963","page","type-page","status-publish","hentry"],"acf":[],"yoast_head":"<!-- This site is optimized with the Yoast SEO plugin v27.3 - https:\/\/yoast.com\/product\/yoast-seo-wordpress\/ -->\n<title>Technical data - NEOQI<\/title>\n<meta name=\"robots\" content=\"index, follow, max-snippet:-1, max-image-preview:large, max-video-preview:-1\" \/>\n<link rel=\"canonical\" href=\"https:\/\/neoqi.com\/it\/how-it-works\/technical-data\/\" \/>\n<meta property=\"og:locale\" content=\"it_IT\" \/>\n<meta property=\"og:type\" content=\"article\" \/>\n<meta property=\"og:title\" content=\"Technical data - NEOQI\" \/>\n<meta property=\"og:description\" content=\"Room NeoQi equipment is designed for use in indoor conditions and cannot be transported or stored below 0 degrees C. The equipment should be used in a moisture proof room, ventilation is recommended, as in the working regime, the machine creates humidity. It is recommended to have a general drain on the floor. Doors must [&hellip;]\" \/>\n<meta property=\"og:url\" content=\"https:\/\/neoqi.com\/it\/how-it-works\/technical-data\/\" \/>\n<meta property=\"og:site_name\" content=\"NEOQI\" \/>\n<meta property=\"article:publisher\" content=\"https:\/\/www.facebook.com\/neoqi\/\" \/>\n<meta name=\"twitter:card\" content=\"summary_large_image\" \/>\n<meta name=\"twitter:label1\" content=\"Tempo di lettura stimato\" \/>\n\t<meta name=\"twitter:data1\" content=\"2 minuti\" \/>\n<script type=\"application\/ld+json\" class=\"yoast-schema-graph\">{\"@context\":\"https:\\\/\\\/schema.org\",\"@graph\":[{\"@type\":\"WebPage\",\"@id\":\"https:\\\/\\\/neoqi.com\\\/how-it-works\\\/technical-data\\\/\",\"url\":\"https:\\\/\\\/neoqi.com\\\/how-it-works\\\/technical-data\\\/\",\"name\":\"Technical data - NEOQI\",\"isPartOf\":{\"@id\":\"https:\\\/\\\/neoqi.com\\\/#website\"},\"datePublished\":\"2024-09-06T17:36:28+00:00\",\"breadcrumb\":{\"@id\":\"https:\\\/\\\/neoqi.com\\\/how-it-works\\\/technical-data\\\/#breadcrumb\"},\"inLanguage\":\"it-IT\",\"potentialAction\":[{\"@type\":\"ReadAction\",\"target\":[\"https:\\\/\\\/neoqi.com\\\/how-it-works\\\/technical-data\\\/\"]}]},{\"@type\":\"BreadcrumbList\",\"@id\":\"https:\\\/\\\/neoqi.com\\\/how-it-works\\\/technical-data\\\/#breadcrumb\",\"itemListElement\":[{\"@type\":\"ListItem\",\"position\":1,\"name\":\"Home\",\"item\":\"https:\\\/\\\/neoqi.com\\\/\"},{\"@type\":\"ListItem\",\"position\":2,\"name\":\"How it Works\",\"item\":\"https:\\\/\\\/neoqi.com\\\/ru\\\/how-it-works\\\/\"},{\"@type\":\"ListItem\",\"position\":3,\"name\":\"Technical data\"}]},{\"@type\":\"WebSite\",\"@id\":\"https:\\\/\\\/neoqi.com\\\/#website\",\"url\":\"https:\\\/\\\/neoqi.com\\\/\",\"name\":\"NEOQI\",\"description\":\"Experience Ultimate Wellness and Relaxation with NeoQi Spa Capsule: Your Path to Rejuvenation\",\"publisher\":{\"@id\":\"https:\\\/\\\/neoqi.com\\\/#organization\"},\"potentialAction\":[{\"@type\":\"SearchAction\",\"target\":{\"@type\":\"EntryPoint\",\"urlTemplate\":\"https:\\\/\\\/neoqi.com\\\/?s={search_term_string}\"},\"query-input\":{\"@type\":\"PropertyValueSpecification\",\"valueRequired\":true,\"valueName\":\"search_term_string\"}}],\"inLanguage\":\"it-IT\"},{\"@type\":\"Organization\",\"@id\":\"https:\\\/\\\/neoqi.com\\\/#organization\",\"name\":\"NEOQI\",\"url\":\"https:\\\/\\\/neoqi.com\\\/\",\"logo\":{\"@type\":\"ImageObject\",\"inLanguage\":\"it-IT\",\"@id\":\"https:\\\/\\\/neoqi.com\\\/#\\\/schema\\\/logo\\\/image\\\/\",\"url\":\"https:\\\/\\\/neoqi.com\\\/wp-content\\\/uploads\\\/2024\\\/09\\\/logoneosvg.svg\",\"contentUrl\":\"https:\\\/\\\/neoqi.com\\\/wp-content\\\/uploads\\\/2024\\\/09\\\/logoneosvg.svg\",\"width\":1,\"height\":1,\"caption\":\"NEOQI\"},\"image\":{\"@id\":\"https:\\\/\\\/neoqi.com\\\/#\\\/schema\\\/logo\\\/image\\\/\"},\"sameAs\":[\"https:\\\/\\\/www.facebook.com\\\/neoqi\\\/\",\"https:\\\/\\\/www.instagram.com\\\/neoqi_com\\\/\"]}]}<\/script>\n<!-- \/ Yoast SEO plugin. -->","yoast_head_json":{"title":"Technical data - NEOQI","robots":{"index":"index","follow":"follow","max-snippet":"max-snippet:-1","max-image-preview":"max-image-preview:large","max-video-preview":"max-video-preview:-1"},"canonical":"https:\/\/neoqi.com\/it\/how-it-works\/technical-data\/","og_locale":"it_IT","og_type":"article","og_title":"Technical data - NEOQI","og_description":"Room NeoQi equipment is designed for use in indoor conditions and cannot be transported or stored below 0 degrees C. The equipment should be used in a moisture proof room, ventilation is recommended, as in the working regime, the machine creates humidity. It is recommended to have a general drain on the floor. Doors must [&hellip;]","og_url":"https:\/\/neoqi.com\/it\/how-it-works\/technical-data\/","og_site_name":"NEOQI","article_publisher":"https:\/\/www.facebook.com\/neoqi\/","twitter_card":"summary_large_image","twitter_misc":{"Tempo di lettura stimato":"2 minuti"},"schema":{"@context":"https:\/\/schema.org","@graph":[{"@type":"WebPage","@id":"https:\/\/neoqi.com\/how-it-works\/technical-data\/","url":"https:\/\/neoqi.com\/how-it-works\/technical-data\/","name":"Technical data - NEOQI","isPartOf":{"@id":"https:\/\/neoqi.com\/#website"},"datePublished":"2024-09-06T17:36:28+00:00","breadcrumb":{"@id":"https:\/\/neoqi.com\/how-it-works\/technical-data\/#breadcrumb"},"inLanguage":"it-IT","potentialAction":[{"@type":"ReadAction","target":["https:\/\/neoqi.com\/how-it-works\/technical-data\/"]}]},{"@type":"BreadcrumbList","@id":"https:\/\/neoqi.com\/how-it-works\/technical-data\/#breadcrumb","itemListElement":[{"@type":"ListItem","position":1,"name":"Home","item":"https:\/\/neoqi.com\/"},{"@type":"ListItem","position":2,"name":"How it Works","item":"https:\/\/neoqi.com\/ru\/how-it-works\/"},{"@type":"ListItem","position":3,"name":"Technical data"}]},{"@type":"WebSite","@id":"https:\/\/neoqi.com\/#website","url":"https:\/\/neoqi.com\/","name":"NEOQI","description":"Sperimentate il massimo del benessere e del relax con NeoQi Spa Capsule: Il vostro percorso di ringiovanimento","publisher":{"@id":"https:\/\/neoqi.com\/#organization"},"potentialAction":[{"@type":"SearchAction","target":{"@type":"EntryPoint","urlTemplate":"https:\/\/neoqi.com\/?s={search_term_string}"},"query-input":{"@type":"PropertyValueSpecification","valueRequired":true,"valueName":"search_term_string"}}],"inLanguage":"it-IT"},{"@type":"Organization","@id":"https:\/\/neoqi.com\/#organization","name":"NEOQI","url":"https:\/\/neoqi.com\/","logo":{"@type":"ImageObject","inLanguage":"it-IT","@id":"https:\/\/neoqi.com\/#\/schema\/logo\/image\/","url":"https:\/\/neoqi.com\/wp-content\/uploads\/2024\/09\/logoneosvg.svg","contentUrl":"https:\/\/neoqi.com\/wp-content\/uploads\/2024\/09\/logoneosvg.svg","width":1,"height":1,"caption":"NEOQI"},"image":{"@id":"https:\/\/neoqi.com\/#\/schema\/logo\/image\/"},"sameAs":["https:\/\/www.facebook.com\/neoqi\/","https:\/\/www.instagram.com\/neoqi_com\/"]}]}},"_links":{"self":[{"href":"https:\/\/neoqi.com\/it\/wp-json\/wp\/v2\/pages\/1963","targetHints":{"allow":["GET"]}}],"collection":[{"href":"https:\/\/neoqi.com\/it\/wp-json\/wp\/v2\/pages"}],"about":[{"href":"https:\/\/neoqi.com\/it\/wp-json\/wp\/v2\/types\/page"}],"author":[{"embeddable":true,"href":"https:\/\/neoqi.com\/it\/wp-json\/wp\/v2\/users\/3"}],"replies":[{"embeddable":true,"href":"https:\/\/neoqi.com\/it\/wp-json\/wp\/v2\/comments?post=1963"}],"version-history":[{"count":1,"href":"https:\/\/neoqi.com\/it\/wp-json\/wp\/v2\/pages\/1963\/revisions"}],"predecessor-version":[{"id":1964,"href":"https:\/\/neoqi.com\/it\/wp-json\/wp\/v2\/pages\/1963\/revisions\/1964"}],"up":[{"embeddable":true,"href":"https:\/\/neoqi.com\/it\/wp-json\/wp\/v2\/pages\/1953"}],"wp:attachment":[{"href":"https:\/\/neoqi.com\/it\/wp-json\/wp\/v2\/media?parent=1963"}],"curies":[{"name":"wp","href":"https:\/\/api.w.org\/{rel}","templated":true}]}}