{"id":1965,"date":"2024-09-06T20:38:58","date_gmt":"2024-09-06T17:38:58","guid":{"rendered":"http:\/\/neoqi.com\/?page_id=1965"},"modified":"2024-09-07T13:06:41","modified_gmt":"2024-09-07T10:06:41","slug":"functions","status":"publish","type":"page","link":"https:\/\/neoqi.com\/it\/how-it-works\/functions\/","title":{"rendered":"Funzioni"},"content":{"rendered":"<table width=\"804\">\n<tbody>\n<tr>\n<td width=\"113\"><img decoding=\"async\" class=\"wp-image-1352  aligncenter\" src=\"http:\/\/neoqi.com\/wp-content\/uploads\/2015\/03\/Steam.png\" alt=\"Steam\" width=\"65\" height=\"78\" \/><\/td>\n<td width=\"690\"><strong>Vapore\u00a0<\/strong>Assicura un'efficace disintossicazione (escrezione di prodotti di scarto, tossici e sostanze di zavorra dall'organismo), aumenta i processi biochimici nei tessuti, rimuove le impurit\u00e0 e allo stesso tempo favorisce la consistenza, l'elasticit\u00e0 e il tono della pelle, aumenta la ricettivit\u00e0 alle terapie rimineralizzanti e gli effetti dei prodotti attivi. Per saperne di pi\u00f9\u00a0<a href=\"http:\/\/neoqi.com\/it\/how-it-works\/functions\/steam-sauna\/\">sauna a vapore<\/a>.<\/td>\n<\/tr>\n<tr>\n<td width=\"113\"><img decoding=\"async\" class=\"wp-image-1350 aligncenter\" src=\"http:\/\/neoqi.com\/wp-content\/uploads\/2015\/03\/Infrared.png\" alt=\"Infrared\" width=\"65\" height=\"77\" \/><\/td>\n<td width=\"690\"><strong>Infrarossi\u00a0<\/strong>Riscaldamento pi\u00f9 efficace e profondo dei tessuti (grasso sottocutaneo, muscoli, articolazioni, tendini), che provoca una riduzione del volume del corpo, trattamento di artrosi\/artrite\/miosite e distorsioni; allena il sistema cardiovascolare, aumenta il tono generale del corpo, accelera la rigenerazione e il ringiovanimento, rafforza il sistema immunitario. Per saperne di pi\u00f9\u00a0<a href=\"http:\/\/neoqi.com\/it\/how-it-works\/functions\/infrared-sauna\/\">sauna a infrarossi<\/a>.<\/td>\n<\/tr>\n<tr>\n<td width=\"113\"><img decoding=\"async\" class=\"wp-image-1354 aligncenter\" src=\"http:\/\/neoqi.com\/wp-content\/uploads\/2015\/03\/Vichy-Shower.png\" alt=\"Vichy Shower\" width=\"66\" height=\"73\" \/><\/td>\n<td width=\"690\"><strong>Doccia Vichy\u00a0<\/strong>Produce spruzzi simili a pioggia battente, per un massaggio al di fuori dell'ambiente acquatico. Le gocce d'acqua che cadono sul corpo rendono l'utente dapprima vigile e poi rilassato. Per saperne di pi\u00f9\u00a0<a href=\"http:\/\/neoqi.com\/it\/how-it-works\/functions\/vichy-shower\/\">Doccia Vichy<\/a>.<\/td>\n<\/tr>\n<tr>\n<td width=\"113\"><img loading=\"lazy\" decoding=\"async\" class=\"wp-image-1353 aligncenter\" src=\"http:\/\/neoqi.com\/wp-content\/uploads\/2015\/03\/Vibromassage.png\" alt=\"Vibromassage\" width=\"65\" height=\"70\" \/><\/td>\n<td width=\"690\"><strong>Letto vibrante\u00a0<\/strong>Accelera la riparazione dei tessuti, favorisce l'eliminazione delle tossine, ha un effetto positivo sul sistema neuromuscolare, migliora le prestazioni dei muscoli e i processi redox nei loro tessuti, aiuta ad alleviare lo stress, la tensione, il dolore, l'eliminazione dei ristagni. Per saperne di pi\u00f9\u00a0<a href=\"http:\/\/neoqi.com\/it\/how-it-works\/functions\/vibromassage\/\">tavolo di trattamento vibrante<\/a>.<\/td>\n<\/tr>\n<tr>\n<td width=\"113\"><a href=\"http:\/\/neoqi.com\/wp-content\/uploads\/2015\/03\/HYDROMASSAGE.jpg\"><img loading=\"lazy\" decoding=\"async\" class=\"wp-image-1433 aligncenter\" src=\"http:\/\/neoqi.com\/wp-content\/uploads\/2015\/03\/HYDROMASSAGE.jpg\" alt=\"HYDROMASSAGE\" width=\"89\" height=\"87\" \/><\/a><\/td>\n<td width=\"690\"><strong>Acqua (idromassaggio)\u00a0<\/strong>Fornisce un immediato effetto rilassante grazie all'azione dei flussi di acqua calda a pressione differenziata; aumenta la circolazione sanguigna e linfatica, stimola i processi metabolici e biochimici negli organi e nei tessuti. Il beneficio terapeutico deriva dall'effetto rilassante dell'acqua calda, applicata a forza variabile sui muscoli. Per saperne di pi\u00f9<a href=\"http:\/\/neoqi.com\/it\/how-it-works\/functions\/hydromassage\/\">\u00a0idromassaggio<\/a>.<\/td>\n<\/tr>\n<tr>\n<td width=\"113\"><img loading=\"lazy\" decoding=\"async\" class=\"wp-image-1432 aligncenter\" src=\"http:\/\/neoqi.com\/wp-content\/uploads\/2015\/03\/Bottom-Air.png\" alt=\"Bottom Air\" width=\"65\" height=\"78\" \/><\/td>\n<td width=\"690\"><strong>Massaggio a bolle d'aria\u00a0<\/strong>Ideale per ridurre l'aumento del rilascio di ormoni dello stress, creando un elemento di benessere psicofisico; riduce la gravit\u00e0 di sensazioni spiacevoli e dolorose di diversa natura, allevia lo stress su ossa e articolazioni, allevia l'insonnia. Per saperne di pi\u00f9\u00a0<a href=\"http:\/\/neoqi.com\/it\/how-it-works\/functions\/air-bubble-massage\/\">massaggio a bolle d'aria<\/a>.<\/td>\n<\/tr>\n<tr>\n<td width=\"113\"><img loading=\"lazy\" decoding=\"async\" class=\"wp-image-1434 aligncenter\" src=\"http:\/\/neoqi.com\/wp-content\/uploads\/2015\/03\/Chromotherapy.png\" alt=\"Chromotherapy\" width=\"79\" height=\"73\" \/><\/td>\n<td width=\"690\"><strong>Luce LED\u00a0<\/strong>Rappresenta l'energia attiva della luce, che ha un enorme impatto sulla nostra mente e sulla nostra anima - attiva i processi fisiologici che regolano i bioritmi quotidiani, migliora l'immunit\u00e0, \u00e8 efficace nel trattamento di stanchezza, depressione, disturbi del sonno, nevrosi e affaticamento. Per saperne di pi\u00f9\u00a0<a href=\"http:\/\/neoqi.com\/it\/how-it-works\/functions\/chromotherapy\/\">cromoterapia<\/a>.<\/td>\n<\/tr>\n<tr>\n<td width=\"113\"><img loading=\"lazy\" decoding=\"async\" class=\"wp-image-1351 aligncenter\" src=\"http:\/\/neoqi.com\/wp-content\/uploads\/2015\/03\/Musictherapy.png\" alt=\"Musictherapy\" width=\"64\" height=\"71\" \/><\/td>\n<td width=\"690\"><strong>Musicoterapia\u00a0<\/strong>Una delle forme pi\u00f9 antiche e naturali di correzione degli stati emotivi. Le componenti ritmiche della musica aiutano ad aumentare la vitalit\u00e0, contribuiscono a un flusso energetico costante, alleviano il dolore e la tensione nervosa. Si dice che il riposo con la musica sia pi\u00f9 efficace di quello senza musica. Per saperne di pi\u00f9\u00a0<a href=\"http:\/\/neoqi.com\/it\/how-it-works\/functions\/music-therapy\/\">musicoterapia<\/a>.\u00a0<em>\u00a0<\/em><em>\u00a0<\/em><em>\u00a0<\/em><\/td>\n<\/tr>\n<\/tbody>\n<\/table>","protected":false},"excerpt":{"rendered":"<p>Steam\u00a0Ensures an effective detox (excretion of waste products, toxicants and ballast substances from the body), increases biochemical processes in tissues, removes impurities and at the same time promotes skin texture, elasticity and tone, increases receptiveness to remineralizing therapies and the effects of active products. Read more about\u00a0steam sauna. Infrared\u00a0More efficient and deeper heating of tissues [&hellip;]<\/p>\n","protected":false},"author":1,"featured_media":0,"parent":1953,"menu_order":0,"comment_status":"closed","ping_status":"closed","template":"","meta":{"_acf_changed":false,"site-sidebar-layout":"default","site-content-layout":"","ast-site-content-layout":"default","site-content-style":"default","site-sidebar-style":"default","ast-global-header-display":"","ast-banner-title-visibility":"","ast-main-header-display":"","ast-hfb-above-header-display":"","ast-hfb-below-header-display":"","ast-hfb-mobile-header-display":"","site-post-title":"","ast-breadcrumbs-content":"","ast-featured-img":"","footer-sml-layout":"","ast-disable-related-posts":"","theme-transparent-header-meta":"default","adv-header-id-meta":"","stick-header-meta":"","header-above-stick-meta":"","header-main-stick-meta":"","header-below-stick-meta":"","astra-migrate-meta-layouts":"set","ast-page-background-enabled":"default","ast-page-background-meta":{"desktop":{"background-color":"var(--ast-global-color-4)","background-image":"","background-repeat":"repeat","background-position":"center center","background-size":"auto","background-attachment":"scroll","background-type":"","background-media":"","overlay-type":"","overlay-color":"","overlay-opacity":"","overlay-gradient":""},"tablet":{"background-color":"","background-image":"","background-repeat":"repeat","background-position":"center center","background-size":"auto","background-attachment":"scroll","background-type":"","background-media":"","overlay-type":"","overlay-color":"","overlay-opacity":"","overlay-gradient":""},"mobile":{"background-color":"","background-image":"","background-repeat":"repeat","background-position":"center center","background-size":"auto","background-attachment":"scroll","background-type":"","background-media":"","overlay-type":"","overlay-color":"","overlay-opacity":"","overlay-gradient":""}},"ast-content-background-meta":{"desktop":{"background-color":"var(--ast-global-color-5)","background-image":"","background-repeat":"repeat","background-position":"center center","background-size":"auto","background-attachment":"scroll","background-type":"","background-media":"","overlay-type":"","overlay-color":"","overlay-opacity":"","overlay-gradient":""},"tablet":{"background-color":"var(--ast-global-color-5)","background-image":"","background-repeat":"repeat","background-position":"center center","background-size":"auto","background-attachment":"scroll","background-type":"","background-media":"","overlay-type":"","overlay-color":"","overlay-opacity":"","overlay-gradient":""},"mobile":{"background-color":"var(--ast-global-color-5)","background-image":"","background-repeat":"repeat","background-position":"center center","background-size":"auto","background-attachment":"scroll","background-type":"","background-media":"","overlay-type":"","overlay-color":"","overlay-opacity":"","overlay-gradient":""}},"footnotes":""},"class_list":["post-1965","page","type-page","status-publish","hentry"],"acf":[],"yoast_head":"<!-- This site is optimized with the Yoast SEO plugin v27.3 - https:\/\/yoast.com\/product\/yoast-seo-wordpress\/ -->\n<title>Functions - NEOQI<\/title>\n<meta name=\"robots\" content=\"index, follow, max-snippet:-1, max-image-preview:large, max-video-preview:-1\" \/>\n<link rel=\"canonical\" href=\"https:\/\/neoqi.com\/it\/how-it-works\/functions\/\" \/>\n<meta property=\"og:locale\" content=\"it_IT\" \/>\n<meta property=\"og:type\" content=\"article\" \/>\n<meta property=\"og:title\" content=\"Functions - NEOQI\" \/>\n<meta property=\"og:description\" content=\"Steam\u00a0Ensures an effective detox (excretion of waste products, toxicants and ballast substances from the body), increases biochemical processes in tissues, removes impurities and at the same time promotes skin texture, elasticity and tone, increases receptiveness to remineralizing therapies and the effects of active products. Read more about\u00a0steam sauna. Infrared\u00a0More efficient and deeper heating of tissues [&hellip;]\" \/>\n<meta property=\"og:url\" content=\"https:\/\/neoqi.com\/it\/how-it-works\/functions\/\" \/>\n<meta property=\"og:site_name\" content=\"NEOQI\" \/>\n<meta property=\"article:publisher\" content=\"https:\/\/www.facebook.com\/neoqi\/\" \/>\n<meta property=\"article:modified_time\" content=\"2024-09-07T10:06:41+00:00\" \/>\n<meta property=\"og:image\" content=\"http:\/\/neoqi.com\/wp-content\/uploads\/2015\/03\/Steam.png\" \/>\n<meta name=\"twitter:card\" content=\"summary_large_image\" \/>\n<meta name=\"twitter:label1\" content=\"Tempo di lettura stimato\" \/>\n\t<meta name=\"twitter:data1\" content=\"2 minuti\" \/>\n<script type=\"application\/ld+json\" class=\"yoast-schema-graph\">{\"@context\":\"https:\\\/\\\/schema.org\",\"@graph\":[{\"@type\":\"WebPage\",\"@id\":\"https:\\\/\\\/neoqi.com\\\/ru\\\/how-it-works\\\/functions\\\/\",\"url\":\"https:\\\/\\\/neoqi.com\\\/ru\\\/how-it-works\\\/functions\\\/\",\"name\":\"Functions - NEOQI\",\"isPartOf\":{\"@id\":\"https:\\\/\\\/neoqi.com\\\/#website\"},\"primaryImageOfPage\":{\"@id\":\"https:\\\/\\\/neoqi.com\\\/ru\\\/how-it-works\\\/functions\\\/#primaryimage\"},\"image\":{\"@id\":\"https:\\\/\\\/neoqi.com\\\/ru\\\/how-it-works\\\/functions\\\/#primaryimage\"},\"thumbnailUrl\":\"http:\\\/\\\/neoqi.com\\\/wp-content\\\/uploads\\\/2015\\\/03\\\/Steam.png\",\"datePublished\":\"2024-09-06T17:38:58+00:00\",\"dateModified\":\"2024-09-07T10:06:41+00:00\",\"breadcrumb\":{\"@id\":\"https:\\\/\\\/neoqi.com\\\/ru\\\/how-it-works\\\/functions\\\/#breadcrumb\"},\"inLanguage\":\"it-IT\",\"potentialAction\":[{\"@type\":\"ReadAction\",\"target\":[\"https:\\\/\\\/neoqi.com\\\/ru\\\/how-it-works\\\/functions\\\/\"]}]},{\"@type\":\"ImageObject\",\"inLanguage\":\"it-IT\",\"@id\":\"https:\\\/\\\/neoqi.com\\\/ru\\\/how-it-works\\\/functions\\\/#primaryimage\",\"url\":\"http:\\\/\\\/neoqi.com\\\/wp-content\\\/uploads\\\/2015\\\/03\\\/Steam.png\",\"contentUrl\":\"http:\\\/\\\/neoqi.com\\\/wp-content\\\/uploads\\\/2015\\\/03\\\/Steam.png\"},{\"@type\":\"BreadcrumbList\",\"@id\":\"https:\\\/\\\/neoqi.com\\\/ru\\\/how-it-works\\\/functions\\\/#breadcrumb\",\"itemListElement\":[{\"@type\":\"ListItem\",\"position\":1,\"name\":\"Home\",\"item\":\"https:\\\/\\\/neoqi.com\\\/\"},{\"@type\":\"ListItem\",\"position\":2,\"name\":\"How it Works\",\"item\":\"https:\\\/\\\/neoqi.com\\\/ru\\\/how-it-works\\\/\"},{\"@type\":\"ListItem\",\"position\":3,\"name\":\"Functions\"}]},{\"@type\":\"WebSite\",\"@id\":\"https:\\\/\\\/neoqi.com\\\/#website\",\"url\":\"https:\\\/\\\/neoqi.com\\\/\",\"name\":\"NEOQI\",\"description\":\"Experience Ultimate Wellness and Relaxation with NeoQi Spa Capsule: Your Path to Rejuvenation\",\"publisher\":{\"@id\":\"https:\\\/\\\/neoqi.com\\\/#organization\"},\"potentialAction\":[{\"@type\":\"SearchAction\",\"target\":{\"@type\":\"EntryPoint\",\"urlTemplate\":\"https:\\\/\\\/neoqi.com\\\/?s={search_term_string}\"},\"query-input\":{\"@type\":\"PropertyValueSpecification\",\"valueRequired\":true,\"valueName\":\"search_term_string\"}}],\"inLanguage\":\"it-IT\"},{\"@type\":\"Organization\",\"@id\":\"https:\\\/\\\/neoqi.com\\\/#organization\",\"name\":\"NEOQI\",\"url\":\"https:\\\/\\\/neoqi.com\\\/\",\"logo\":{\"@type\":\"ImageObject\",\"inLanguage\":\"it-IT\",\"@id\":\"https:\\\/\\\/neoqi.com\\\/#\\\/schema\\\/logo\\\/image\\\/\",\"url\":\"https:\\\/\\\/neoqi.com\\\/wp-content\\\/uploads\\\/2024\\\/09\\\/logoneosvg.svg\",\"contentUrl\":\"https:\\\/\\\/neoqi.com\\\/wp-content\\\/uploads\\\/2024\\\/09\\\/logoneosvg.svg\",\"width\":1,\"height\":1,\"caption\":\"NEOQI\"},\"image\":{\"@id\":\"https:\\\/\\\/neoqi.com\\\/#\\\/schema\\\/logo\\\/image\\\/\"},\"sameAs\":[\"https:\\\/\\\/www.facebook.com\\\/neoqi\\\/\",\"https:\\\/\\\/www.instagram.com\\\/neoqi_com\\\/\"]}]}<\/script>\n<!-- \/ Yoast SEO plugin. -->","yoast_head_json":{"title":"Functions - NEOQI","robots":{"index":"index","follow":"follow","max-snippet":"max-snippet:-1","max-image-preview":"max-image-preview:large","max-video-preview":"max-video-preview:-1"},"canonical":"https:\/\/neoqi.com\/it\/how-it-works\/functions\/","og_locale":"it_IT","og_type":"article","og_title":"Functions - NEOQI","og_description":"Steam\u00a0Ensures an effective detox (excretion of waste products, toxicants and ballast substances from the body), increases biochemical processes in tissues, removes impurities and at the same time promotes skin texture, elasticity and tone, increases receptiveness to remineralizing therapies and the effects of active products. Read more about\u00a0steam sauna. Infrared\u00a0More efficient and deeper heating of tissues [&hellip;]","og_url":"https:\/\/neoqi.com\/it\/how-it-works\/functions\/","og_site_name":"NEOQI","article_publisher":"https:\/\/www.facebook.com\/neoqi\/","article_modified_time":"2024-09-07T10:06:41+00:00","og_image":[{"url":"http:\/\/neoqi.com\/wp-content\/uploads\/2015\/03\/Steam.png","type":"","width":"","height":""}],"twitter_card":"summary_large_image","twitter_misc":{"Tempo di lettura stimato":"2 minuti"},"schema":{"@context":"https:\/\/schema.org","@graph":[{"@type":"WebPage","@id":"https:\/\/neoqi.com\/ru\/how-it-works\/functions\/","url":"https:\/\/neoqi.com\/ru\/how-it-works\/functions\/","name":"Functions - NEOQI","isPartOf":{"@id":"https:\/\/neoqi.com\/#website"},"primaryImageOfPage":{"@id":"https:\/\/neoqi.com\/ru\/how-it-works\/functions\/#primaryimage"},"image":{"@id":"https:\/\/neoqi.com\/ru\/how-it-works\/functions\/#primaryimage"},"thumbnailUrl":"http:\/\/neoqi.com\/wp-content\/uploads\/2015\/03\/Steam.png","datePublished":"2024-09-06T17:38:58+00:00","dateModified":"2024-09-07T10:06:41+00:00","breadcrumb":{"@id":"https:\/\/neoqi.com\/ru\/how-it-works\/functions\/#breadcrumb"},"inLanguage":"it-IT","potentialAction":[{"@type":"ReadAction","target":["https:\/\/neoqi.com\/ru\/how-it-works\/functions\/"]}]},{"@type":"ImageObject","inLanguage":"it-IT","@id":"https:\/\/neoqi.com\/ru\/how-it-works\/functions\/#primaryimage","url":"http:\/\/neoqi.com\/wp-content\/uploads\/2015\/03\/Steam.png","contentUrl":"http:\/\/neoqi.com\/wp-content\/uploads\/2015\/03\/Steam.png"},{"@type":"BreadcrumbList","@id":"https:\/\/neoqi.com\/ru\/how-it-works\/functions\/#breadcrumb","itemListElement":[{"@type":"ListItem","position":1,"name":"Home","item":"https:\/\/neoqi.com\/"},{"@type":"ListItem","position":2,"name":"How it Works","item":"https:\/\/neoqi.com\/ru\/how-it-works\/"},{"@type":"ListItem","position":3,"name":"Functions"}]},{"@type":"WebSite","@id":"https:\/\/neoqi.com\/#website","url":"https:\/\/neoqi.com\/","name":"NEOQI","description":"Sperimentate il massimo del benessere e del relax con NeoQi Spa Capsule: Il vostro percorso di ringiovanimento","publisher":{"@id":"https:\/\/neoqi.com\/#organization"},"potentialAction":[{"@type":"SearchAction","target":{"@type":"EntryPoint","urlTemplate":"https:\/\/neoqi.com\/?s={search_term_string}"},"query-input":{"@type":"PropertyValueSpecification","valueRequired":true,"valueName":"search_term_string"}}],"inLanguage":"it-IT"},{"@type":"Organization","@id":"https:\/\/neoqi.com\/#organization","name":"NEOQI","url":"https:\/\/neoqi.com\/","logo":{"@type":"ImageObject","inLanguage":"it-IT","@id":"https:\/\/neoqi.com\/#\/schema\/logo\/image\/","url":"https:\/\/neoqi.com\/wp-content\/uploads\/2024\/09\/logoneosvg.svg","contentUrl":"https:\/\/neoqi.com\/wp-content\/uploads\/2024\/09\/logoneosvg.svg","width":1,"height":1,"caption":"NEOQI"},"image":{"@id":"https:\/\/neoqi.com\/#\/schema\/logo\/image\/"},"sameAs":["https:\/\/www.facebook.com\/neoqi\/","https:\/\/www.instagram.com\/neoqi_com\/"]}]}},"_links":{"self":[{"href":"https:\/\/neoqi.com\/it\/wp-json\/wp\/v2\/pages\/1965","targetHints":{"allow":["GET"]}}],"collection":[{"href":"https:\/\/neoqi.com\/it\/wp-json\/wp\/v2\/pages"}],"about":[{"href":"https:\/\/neoqi.com\/it\/wp-json\/wp\/v2\/types\/page"}],"author":[{"embeddable":true,"href":"https:\/\/neoqi.com\/it\/wp-json\/wp\/v2\/users\/1"}],"replies":[{"embeddable":true,"href":"https:\/\/neoqi.com\/it\/wp-json\/wp\/v2\/comments?post=1965"}],"version-history":[{"count":1,"href":"https:\/\/neoqi.com\/it\/wp-json\/wp\/v2\/pages\/1965\/revisions"}],"predecessor-version":[{"id":1966,"href":"https:\/\/neoqi.com\/it\/wp-json\/wp\/v2\/pages\/1965\/revisions\/1966"}],"up":[{"embeddable":true,"href":"https:\/\/neoqi.com\/it\/wp-json\/wp\/v2\/pages\/1953"}],"wp:attachment":[{"href":"https:\/\/neoqi.com\/it\/wp-json\/wp\/v2\/media?parent=1965"}],"curies":[{"name":"wp","href":"https:\/\/api.w.org\/{rel}","templated":true}]}}