{"id":2013,"date":"2024-09-06T21:23:24","date_gmt":"2024-09-06T18:23:24","guid":{"rendered":"http:\/\/neoqi.com\/?page_id=2013"},"modified":"2024-12-04T08:29:27","modified_gmt":"2024-12-04T05:29:27","slug":"history-and-values","status":"publish","type":"page","link":"https:\/\/neoqi.com\/it\/about-us\/history-and-values\/","title":{"rendered":"Storia e valori"},"content":{"rendered":"<p>NeoQi\u00ae AS \u00e8 un'azienda internazionale con una vasta esperienza nell'offerta di attrezzature innovative per SPA. Fondata nel 2001 in Estonia, NeoQi\u00ae offre una variet\u00e0 di soluzioni concettuali per la terapia fisica, la medicina estetica, il benessere e l'industria termale, la cosmetologia hardware e il design. NeoQi produce e sviluppa apparecchiature innovative per la cura del corpo che consentono agli utenti di godere di vari trattamenti termali, come ad esempio la sauna a vapore e a infrarossi, l'aromaterapia, la doccia Vichy, il massaggio e l'idroterapia.<br \/>\nNeoQi\u00ae \u00e8 un produttore di apparecchiature innovative per moderni centri SPA, hotel, saloni di bellezza, istituti medici e centri di riabilitazione, nonch\u00e9 per uso domestico. L'atmosfera che si crea nei bozzoli energetici NeoQi\u00ae contribuisce al recupero emotivo, al ringiovanimento e alla riduzione dello stress. Tutti i dispositivi NeoQi\u00ae sono complessi SPA indipendenti e multifunzionali che ci permettono di offrire ai clienti il massimo numero di programmi individuali all'interno di una singola stanza.<\/p>\n<p>Con anni di esperienza e personale qualificato, abbiamo sviluppato con successo 16 sistemi di fisioterapia unici nel loro genere, tra cui le capsule termali e le vasche idroterapiche. La combinazione dei classici rituali SPA con la funzionalit\u00e0 del bozzolo energetico consente di eseguire i pi\u00f9 ricercati e benefici trattamenti per la cura del corpo per ringiovanire, rinvigorire, riabilitare, dimagrire, rilassare.<\/p>\n<p>Tutti i dispositivi prodotti sono sottoposti a un rigoroso controllo di qualit\u00e0 e a test approfonditi. Le capsule SPA e le vasche idromassaggio sono realizzate con materiali resistenti e igienici di produttori europei.<\/p>\n<p>Grazie alla qualit\u00e0 e alla sicurezza dei nostri prodotti, per la cui produzione vengono utilizzate le soluzioni tecnologiche pi\u00f9 avanzate, siamo riusciti a conquistare la fiducia anche dei clienti pi\u00f9 esigenti. L'attivit\u00e0 dell'azienda non si limita all'Estonia. I nostri prodotti sono ampiamente utilizzati nei centri medici, sportivi ed estetici di molti Paesi del mondo.<\/p>\n<p>&nbsp;<\/p>\n<div class=\"ast-oembed-container\"><iframe src=\"https:\/\/www.youtube.com\/embed\/BKOEAYIJF18?feature=oembed\" width=\"1200\" height=\"675\" frameborder=\"0\" allowfullscreen=\"allowfullscreen\" data-mce-fragment=\"1\"><\/iframe><\/div>","protected":false},"excerpt":{"rendered":"<p>NeoQi\u00ae AS is an international company with vast experience in offering innovative SPA equipment. Established in 2001 in Estonia, NeoQi\u00ae offers a variety of conceptual solutions for physical therapy, aesthetic medicine, wellness and spa industry, hardware cosmetology and design. NeoQi is producing and developing innovative body care equipment that allow users to enjoy various spa [&hellip;]<\/p>\n","protected":false},"author":1,"featured_media":0,"parent":2011,"menu_order":0,"comment_status":"closed","ping_status":"closed","template":"","meta":{"_acf_changed":false,"site-sidebar-layout":"default","site-content-layout":"","ast-site-content-layout":"default","site-content-style":"default","site-sidebar-style":"default","ast-global-header-display":"","ast-banner-title-visibility":"","ast-main-header-display":"","ast-hfb-above-header-display":"","ast-hfb-below-header-display":"","ast-hfb-mobile-header-display":"","site-post-title":"","ast-breadcrumbs-content":"","ast-featured-img":"","footer-sml-layout":"","ast-disable-related-posts":"","theme-transparent-header-meta":"default","adv-header-id-meta":"","stick-header-meta":"","header-above-stick-meta":"","header-main-stick-meta":"","header-below-stick-meta":"","astra-migrate-meta-layouts":"set","ast-page-background-enabled":"default","ast-page-background-meta":{"desktop":{"background-color":"var(--ast-global-color-4)","background-image":"","background-repeat":"repeat","background-position":"center center","background-size":"auto","background-attachment":"scroll","background-type":"","background-media":"","overlay-type":"","overlay-color":"","overlay-opacity":"","overlay-gradient":""},"tablet":{"background-color":"","background-image":"","background-repeat":"repeat","background-position":"center center","background-size":"auto","background-attachment":"scroll","background-type":"","background-media":"","overlay-type":"","overlay-color":"","overlay-opacity":"","overlay-gradient":""},"mobile":{"background-color":"","background-image":"","background-repeat":"repeat","background-position":"center center","background-size":"auto","background-attachment":"scroll","background-type":"","background-media":"","overlay-type":"","overlay-color":"","overlay-opacity":"","overlay-gradient":""}},"ast-content-background-meta":{"desktop":{"background-color":"var(--ast-global-color-5)","background-image":"","background-repeat":"repeat","background-position":"center center","background-size":"auto","background-attachment":"scroll","background-type":"","background-media":"","overlay-type":"","overlay-color":"","overlay-opacity":"","overlay-gradient":""},"tablet":{"background-color":"var(--ast-global-color-5)","background-image":"","background-repeat":"repeat","background-position":"center center","background-size":"auto","background-attachment":"scroll","background-type":"","background-media":"","overlay-type":"","overlay-color":"","overlay-opacity":"","overlay-gradient":""},"mobile":{"background-color":"var(--ast-global-color-5)","background-image":"","background-repeat":"repeat","background-position":"center center","background-size":"auto","background-attachment":"scroll","background-type":"","background-media":"","overlay-type":"","overlay-color":"","overlay-opacity":"","overlay-gradient":""}},"footnotes":""},"class_list":["post-2013","page","type-page","status-publish","hentry"],"acf":[],"yoast_head":"<!-- This site is optimized with the Yoast SEO plugin v27.3 - https:\/\/yoast.com\/product\/yoast-seo-wordpress\/ -->\n<title>History and Values - NEOQI<\/title>\n<meta name=\"robots\" content=\"index, follow, max-snippet:-1, max-image-preview:large, max-video-preview:-1\" \/>\n<link rel=\"canonical\" href=\"https:\/\/neoqi.com\/it\/about-us\/history-and-values\/\" \/>\n<meta property=\"og:locale\" content=\"it_IT\" \/>\n<meta property=\"og:type\" content=\"article\" \/>\n<meta property=\"og:title\" content=\"History and Values - NEOQI\" \/>\n<meta property=\"og:description\" content=\"NeoQi\u00ae AS is an international company with vast experience in offering innovative SPA equipment. Established in 2001 in Estonia, NeoQi\u00ae offers a variety of conceptual solutions for physical therapy, aesthetic medicine, wellness and spa industry, hardware cosmetology and design. NeoQi is producing and developing innovative body care equipment that allow users to enjoy various spa [&hellip;]\" \/>\n<meta property=\"og:url\" content=\"https:\/\/neoqi.com\/it\/about-us\/history-and-values\/\" \/>\n<meta property=\"og:site_name\" content=\"NEOQI\" \/>\n<meta property=\"article:publisher\" content=\"https:\/\/www.facebook.com\/neoqi\/\" \/>\n<meta property=\"article:modified_time\" content=\"2024-12-04T05:29:27+00:00\" \/>\n<meta name=\"twitter:card\" content=\"summary_large_image\" \/>\n<meta name=\"twitter:label1\" content=\"Tempo di lettura stimato\" \/>\n\t<meta name=\"twitter:data1\" content=\"1 minuto\" \/>\n<script type=\"application\/ld+json\" class=\"yoast-schema-graph\">{\"@context\":\"https:\\\/\\\/schema.org\",\"@graph\":[{\"@type\":\"WebPage\",\"@id\":\"https:\\\/\\\/neoqi.com\\\/about-us\\\/history-and-values\\\/\",\"url\":\"https:\\\/\\\/neoqi.com\\\/about-us\\\/history-and-values\\\/\",\"name\":\"History and Values - NEOQI\",\"isPartOf\":{\"@id\":\"https:\\\/\\\/neoqi.com\\\/#website\"},\"datePublished\":\"2024-09-06T18:23:24+00:00\",\"dateModified\":\"2024-12-04T05:29:27+00:00\",\"breadcrumb\":{\"@id\":\"https:\\\/\\\/neoqi.com\\\/about-us\\\/history-and-values\\\/#breadcrumb\"},\"inLanguage\":\"it-IT\",\"potentialAction\":[{\"@type\":\"ReadAction\",\"target\":[\"https:\\\/\\\/neoqi.com\\\/about-us\\\/history-and-values\\\/\"]}]},{\"@type\":\"BreadcrumbList\",\"@id\":\"https:\\\/\\\/neoqi.com\\\/about-us\\\/history-and-values\\\/#breadcrumb\",\"itemListElement\":[{\"@type\":\"ListItem\",\"position\":1,\"name\":\"Home\",\"item\":\"https:\\\/\\\/neoqi.com\\\/\"},{\"@type\":\"ListItem\",\"position\":2,\"name\":\"About Us\",\"item\":\"https:\\\/\\\/neoqi.com\\\/about-us\\\/\"},{\"@type\":\"ListItem\",\"position\":3,\"name\":\"History and Values\"}]},{\"@type\":\"WebSite\",\"@id\":\"https:\\\/\\\/neoqi.com\\\/#website\",\"url\":\"https:\\\/\\\/neoqi.com\\\/\",\"name\":\"NEOQI\",\"description\":\"Experience Ultimate Wellness and Relaxation with NeoQi Spa Capsule: Your Path to Rejuvenation\",\"publisher\":{\"@id\":\"https:\\\/\\\/neoqi.com\\\/#organization\"},\"potentialAction\":[{\"@type\":\"SearchAction\",\"target\":{\"@type\":\"EntryPoint\",\"urlTemplate\":\"https:\\\/\\\/neoqi.com\\\/?s={search_term_string}\"},\"query-input\":{\"@type\":\"PropertyValueSpecification\",\"valueRequired\":true,\"valueName\":\"search_term_string\"}}],\"inLanguage\":\"it-IT\"},{\"@type\":\"Organization\",\"@id\":\"https:\\\/\\\/neoqi.com\\\/#organization\",\"name\":\"NEOQI\",\"url\":\"https:\\\/\\\/neoqi.com\\\/\",\"logo\":{\"@type\":\"ImageObject\",\"inLanguage\":\"it-IT\",\"@id\":\"https:\\\/\\\/neoqi.com\\\/#\\\/schema\\\/logo\\\/image\\\/\",\"url\":\"https:\\\/\\\/neoqi.com\\\/wp-content\\\/uploads\\\/2024\\\/09\\\/logoneosvg.svg\",\"contentUrl\":\"https:\\\/\\\/neoqi.com\\\/wp-content\\\/uploads\\\/2024\\\/09\\\/logoneosvg.svg\",\"width\":1,\"height\":1,\"caption\":\"NEOQI\"},\"image\":{\"@id\":\"https:\\\/\\\/neoqi.com\\\/#\\\/schema\\\/logo\\\/image\\\/\"},\"sameAs\":[\"https:\\\/\\\/www.facebook.com\\\/neoqi\\\/\",\"https:\\\/\\\/www.instagram.com\\\/neoqi_com\\\/\"]}]}<\/script>\n<!-- \/ Yoast SEO plugin. -->","yoast_head_json":{"title":"History and Values - NEOQI","robots":{"index":"index","follow":"follow","max-snippet":"max-snippet:-1","max-image-preview":"max-image-preview:large","max-video-preview":"max-video-preview:-1"},"canonical":"https:\/\/neoqi.com\/it\/about-us\/history-and-values\/","og_locale":"it_IT","og_type":"article","og_title":"History and Values - NEOQI","og_description":"NeoQi\u00ae AS is an international company with vast experience in offering innovative SPA equipment. Established in 2001 in Estonia, NeoQi\u00ae offers a variety of conceptual solutions for physical therapy, aesthetic medicine, wellness and spa industry, hardware cosmetology and design. NeoQi is producing and developing innovative body care equipment that allow users to enjoy various spa [&hellip;]","og_url":"https:\/\/neoqi.com\/it\/about-us\/history-and-values\/","og_site_name":"NEOQI","article_publisher":"https:\/\/www.facebook.com\/neoqi\/","article_modified_time":"2024-12-04T05:29:27+00:00","twitter_card":"summary_large_image","twitter_misc":{"Tempo di lettura stimato":"1 minuto"},"schema":{"@context":"https:\/\/schema.org","@graph":[{"@type":"WebPage","@id":"https:\/\/neoqi.com\/about-us\/history-and-values\/","url":"https:\/\/neoqi.com\/about-us\/history-and-values\/","name":"History and Values - NEOQI","isPartOf":{"@id":"https:\/\/neoqi.com\/#website"},"datePublished":"2024-09-06T18:23:24+00:00","dateModified":"2024-12-04T05:29:27+00:00","breadcrumb":{"@id":"https:\/\/neoqi.com\/about-us\/history-and-values\/#breadcrumb"},"inLanguage":"it-IT","potentialAction":[{"@type":"ReadAction","target":["https:\/\/neoqi.com\/about-us\/history-and-values\/"]}]},{"@type":"BreadcrumbList","@id":"https:\/\/neoqi.com\/about-us\/history-and-values\/#breadcrumb","itemListElement":[{"@type":"ListItem","position":1,"name":"Home","item":"https:\/\/neoqi.com\/"},{"@type":"ListItem","position":2,"name":"About Us","item":"https:\/\/neoqi.com\/about-us\/"},{"@type":"ListItem","position":3,"name":"History and Values"}]},{"@type":"WebSite","@id":"https:\/\/neoqi.com\/#website","url":"https:\/\/neoqi.com\/","name":"NEOQI","description":"Sperimentate il massimo del benessere e del relax con NeoQi Spa Capsule: Il vostro percorso di ringiovanimento","publisher":{"@id":"https:\/\/neoqi.com\/#organization"},"potentialAction":[{"@type":"SearchAction","target":{"@type":"EntryPoint","urlTemplate":"https:\/\/neoqi.com\/?s={search_term_string}"},"query-input":{"@type":"PropertyValueSpecification","valueRequired":true,"valueName":"search_term_string"}}],"inLanguage":"it-IT"},{"@type":"Organization","@id":"https:\/\/neoqi.com\/#organization","name":"NEOQI","url":"https:\/\/neoqi.com\/","logo":{"@type":"ImageObject","inLanguage":"it-IT","@id":"https:\/\/neoqi.com\/#\/schema\/logo\/image\/","url":"https:\/\/neoqi.com\/wp-content\/uploads\/2024\/09\/logoneosvg.svg","contentUrl":"https:\/\/neoqi.com\/wp-content\/uploads\/2024\/09\/logoneosvg.svg","width":1,"height":1,"caption":"NEOQI"},"image":{"@id":"https:\/\/neoqi.com\/#\/schema\/logo\/image\/"},"sameAs":["https:\/\/www.facebook.com\/neoqi\/","https:\/\/www.instagram.com\/neoqi_com\/"]}]}},"_links":{"self":[{"href":"https:\/\/neoqi.com\/it\/wp-json\/wp\/v2\/pages\/2013","targetHints":{"allow":["GET"]}}],"collection":[{"href":"https:\/\/neoqi.com\/it\/wp-json\/wp\/v2\/pages"}],"about":[{"href":"https:\/\/neoqi.com\/it\/wp-json\/wp\/v2\/types\/page"}],"author":[{"embeddable":true,"href":"https:\/\/neoqi.com\/it\/wp-json\/wp\/v2\/users\/1"}],"replies":[{"embeddable":true,"href":"https:\/\/neoqi.com\/it\/wp-json\/wp\/v2\/comments?post=2013"}],"version-history":[{"count":2,"href":"https:\/\/neoqi.com\/it\/wp-json\/wp\/v2\/pages\/2013\/revisions"}],"predecessor-version":[{"id":3127,"href":"https:\/\/neoqi.com\/it\/wp-json\/wp\/v2\/pages\/2013\/revisions\/3127"}],"up":[{"embeddable":true,"href":"https:\/\/neoqi.com\/it\/wp-json\/wp\/v2\/pages\/2011"}],"wp:attachment":[{"href":"https:\/\/neoqi.com\/it\/wp-json\/wp\/v2\/media?parent=2013"}],"curies":[{"name":"wp","href":"https:\/\/api.w.org\/{rel}","templated":true}]}}