{"id":2021,"date":"2024-09-06T21:26:15","date_gmt":"2024-09-06T18:26:15","guid":{"rendered":"http:\/\/neoqi.com\/?page_id=2021"},"modified":"2024-11-06T13:20:30","modified_gmt":"2024-11-06T10:20:30","slug":"faq","status":"publish","type":"page","link":"https:\/\/neoqi.com\/it\/contact-us\/faq\/","title":{"rendered":"FAQ"},"content":{"rendered":"<p>Che cos'\u00e8 un bozzolo energetico?<br \/>\nIl bozzolo energetico NeoQi\u00ae \u00e8 un complesso termale compatto che consente di usufruire di diversi trattamenti termali e idroterapici. Grazie alla sua versatilit\u00e0, il bozzolo energetico \u00e8 un mezzo indispensabile per la cura del viso e del corpo, il tutto nello spazio di una stanza.<\/p>\n<p>A chi \u00e8 destinata l'apparecchiatura NeoQi\u00ae?<br \/>\nNeoQi\u00ae produce apparecchiature per moderni centri termali e medici, hotel, saloni di bellezza, sanatori e centri benessere, nonch\u00e9 per uso domestico. Offriamo bozzoli energetici e bagni per uso professionale e domestico.<\/p>\n<p>A chi sono consigliati i trattamenti con le apparecchiature NeoQi\u00ae?<br \/>\nI trattamenti terapeutici delle apparecchiature NeoQi\u00ae sono adatti a tutti, uomini e donne di ogni et\u00e0 e livello di forma fisica.<\/p>\n<p>Che effetto hanno i prodotti NeoQi\u00ae sull'organismo?<br \/>\nI bozzoli e i bagni energetici NeoQi\u00ae hanno una serie di effetti positivi sul corpo umano, che aiutano:<\/p>\n<p>Alleviare lo stress, ritrovare l'equilibrio emotivo<br \/>\nAlleviare la tensione muscolare e nervosa, ridurre il dolore<br \/>\nPrevenire e curare le malattie<br \/>\nRegola il metabolismo e controlla il peso<br \/>\nMigliorare la circolazione sanguigna e linfatica, rafforzare il sistema immunitario<br \/>\nRaggiungere l'unit\u00e0 di anima, corpo e mente.<\/p>\n<p>Acquisto<\/p>\n<p>Come posso acquistare un bozzolo\/bagno energetico?<br \/>\nLe apparecchiature NeoQi sono rappresentate in molti paesi. Potete compilare il modulo di richiesta sul nostro sito web. Troveremo il distributore pi\u00f9 vicino a voi e lo metteremo in contatto con voi. Se non siamo rappresentati nella vostra regione\/paese, gestiremo noi stessi la vostra richiesta.<\/p>\n<p>Quali sono i requisiti di installazione dell'apparecchiatura?<br \/>\nL'installazione dell'apparecchiatura NeoQi\u00ae \u00e8 molto semplice. Le informazioni tecniche generali sono disponibili nella sezione \"Come funziona\". Sono inoltre disponibili istruzioni dettagliate sulle condizioni di installazione per ogni modello di vostro interesse.<\/p>\n<p>Posso ordinare l'installazione all'azienda?<br \/>\nPer informazioni pi\u00f9 dettagliate, rivolgersi al rappresentante di vendita pi\u00f9 vicino.<\/p>\n<p>Quali sono i termini e la durata della garanzia per le apparecchiature NeoQi\u00ae?<br \/>\nOffriamo una garanzia di 1 anno per tutti i prodotti NeoQi.<\/p>\n<p>I reclami devono essere indirizzati al venditore originale del dispositivo. Sar\u00e0 necessario produrre il numero di serie del dispositivo insieme ai documenti di acquisto.<\/p>\n<p>Termini e condizioni di garanzia pi\u00f9 dettagliati sono disponibili nei manuali d'uso e nella sezione \"Contatti\".<\/p>\n<p>Utilizzo<\/p>\n<p>Come si usa l'apparecchiatura NeoQi\u00ae?<br \/>\nOffriamo a tutti i proprietari di nuovi apparecchi la possibilit\u00e0 di partecipare a un corso di formazione gratuito. Ogni apparecchio \u00e8 corredato da una guida dettagliata per l'utente del modello specifico.<\/p>\n<p>Cosa comprende la formazione e a chi \u00e8 destinata?<br \/>\nIl corso di formazione \u00e8 rivolto a tutti gli utilizzatori di apparecchiature NeoQi\u00ae , sia nuovi che gi\u00e0 esistenti. Dopo la formazione, sarete in grado di utilizzare il vostro apparecchio con grande facilit\u00e0, comprendendo tutte le sue funzioni, sapendo esattamente quando, per quanto tempo e perch\u00e9 devono essere utilizzate. Scoprirete quali trattamenti sono possibili con i prodotti NeoQi\u00ae , come e in quale ordine eseguirli e come combinarli tra loro. Consigliamo di utilizzare i cosmetici talassoterapici EST\u00ed, sviluppati appositamente per essere utilizzati con i nostri prodotti, per potenziare i risultati dei trattamenti effettuati.<\/p>\n<p>Quali trattamenti possono essere eseguiti con l'apparecchiatura NeoQi\u00ae?<br \/>\nUtilizzando solo le funzioni di base dell'apparecchio, a seconda del modello specifico, \u00e8 possibile effettuare i trattamenti pi\u00f9 salutari e benefici per la salute, come ad esempio: trattamenti classici in sauna (sauna a vapore e a infrarossi), bagni idroterapici, godersi la doccia di Vichy, massaggio a vibrazioni dolci e cromoterapia. Aggiungendo l'uso di cosmetici appropriati ai trattamenti si aprono possibilit\u00e0 illimitate per l'aromaterapia, la balneoterapia con idromassaggio e aeromassaggio, vari impacchi e peeling che possono essere combinati con le sessioni di riscaldamento e idroterapia. Tutti i trattamenti per la cura del corpo elencati possono sempre essere combinati con trattamenti per la cura del viso.<\/p>\n<p>Si possono usare i cosmetici nell'apparecchiatura NeoQi\u00ae?<br \/>\nS\u00ec, l'uso di cosmetici appropriati vi permetter\u00e0 di ottenere risultati migliori e pi\u00f9 rapidi dai trattamenti con le apparecchiature NeoQi\u00ae. Per questo \u00e8 stata sviluppata una linea speciale di cosmetici naturali marini con il marchio EST\u00ed, che tiene conto delle caratteristiche dei bagni e dei bozzoli energetici NeoQi\u00ae. I cosmetici naturali francesi di alta qualit\u00e0 sono prodotti sulla base della talassoterapia e possono essere utilizzati, oltre che sulle apparecchiature NeoQi\u00ae, anche su un normale lettino da massaggio.<\/p>\n<p>Esistono controindicazioni all'uso dell'apparecchiatura NeoQi\u00ae?<br \/>\nI trattamenti con l'apparecchiatura NeoQi devono essere eseguiti con cautela. In caso di sospetto di malattia, di assunzione di farmaci o di anamnesi negativa, consultare il medico prima di utilizzare il sistema.<\/p>\n<p>I trattamenti NeoQi\u00ae sono controindicati se il paziente \u00e8 affetto da:<\/p>\n<p>Un grave trauma, un'infiammazione<br \/>\nFebbre<br \/>\nInfiammazione acuta o malattia allergica della pelle, ferite<br \/>\nInsufficienza cardiovascolare, malattia uditiva, pressione alta<br \/>\nDisturbi della circolazione<br \/>\nEdema<br \/>\nCicatrici di grandi dimensioni<br \/>\nDisturbi della percezione<br \/>\nTumori maligni<br \/>\nDisturbi della comunicazione, che impediscono il feedback nel caso in cui il paziente provi disagio o dolore<br \/>\nGravidanza<\/p>\n<p>NB! Le controindicazioni elencate non sono assolute. Prima di utilizzare l'apparecchiatura NeoQi\u00ae , consultare il proprio medico.<\/p>\n<p>Manutenzione e assistenza<\/p>\n<p>Che tipo di manutenzione richiede il bagno\/bozzolo energetico? Con quale frequenza deve essere effettuata la manutenzione dell'apparecchiatura?<br \/>\nLa longevit\u00e0 e il funzionamento ininterrotto del dispositivo sono garantiti dalla sua regolare manutenzione, che comprende la pulizia, la disinfezione e il controllo visivo delle condizioni generali del dispositivo dopo ogni utilizzo.<\/p>\n<p>La manutenzione ordinaria consiste nella pulizia del sistema idrico della vasca e del generatore di vapore del bozzolo. La frequenza della manutenzione dipende dalla qualit\u00e0 dell'acqua utilizzata, dalla frequenza di utilizzo e dal carico di lavoro dell'apparecchio.<\/p>\n<p>Come ottenere l'assistenza?<br \/>\nSe l'utente ha riscontrato difficolt\u00e0 tecniche o malfunzionamenti durante l'utilizzo del dispositivo o ha bisogno di assistenza tecnica, \u00e8 pregato di compilare il modulo di richiesta di assistenza.<\/p>\n<p>Come e dove si possono acquistare i pezzi di ricambio?<br \/>\nI pezzi di ricambio saranno forniti dall'azienda presso la quale \u00e8 stato acquistato il dispositivo. \u00c8 necessario il numero di serie e i documenti di acquisto.<\/p>\n<p>Qual \u00e8 il periodo di garanzia dei pezzi di ricambio?<br \/>\nIl periodo di garanzia per i pezzi di ricambio \u00e8 di 3 mesi.<\/p>","protected":false},"excerpt":{"rendered":"<p>What is an energy cocoon? A NeoQi\u00ae energy cocoon is a compact spa-complex, which allows You to enjoy different thermal and hydrotherapeutic treatments. Thanks to its versatility, the energy cocoon is an indispensable means of face and body care, all within the space of one room. For whom is the NeoQi\u00ae equipment meant? NeoQi\u00ae manufactures [&hellip;]<\/p>\n","protected":false},"author":1,"featured_media":2911,"parent":2017,"menu_order":0,"comment_status":"closed","ping_status":"closed","template":"","meta":{"_acf_changed":false,"site-sidebar-layout":"default","site-content-layout":"","ast-site-content-layout":"default","site-content-style":"default","site-sidebar-style":"default","ast-global-header-display":"","ast-banner-title-visibility":"","ast-main-header-display":"","ast-hfb-above-header-display":"","ast-hfb-below-header-display":"","ast-hfb-mobile-header-display":"","site-post-title":"","ast-breadcrumbs-content":"","ast-featured-img":"","footer-sml-layout":"","ast-disable-related-posts":"","theme-transparent-header-meta":"default","adv-header-id-meta":"","stick-header-meta":"","header-above-stick-meta":"","header-main-stick-meta":"","header-below-stick-meta":"","astra-migrate-meta-layouts":"set","ast-page-background-enabled":"default","ast-page-background-meta":{"desktop":{"background-color":"var(--ast-global-color-4)","background-image":"","background-repeat":"repeat","background-position":"center center","background-size":"auto","background-attachment":"scroll","background-type":"","background-media":"","overlay-type":"","overlay-color":"","overlay-opacity":"","overlay-gradient":""},"tablet":{"background-color":"","background-image":"","background-repeat":"repeat","background-position":"center center","background-size":"auto","background-attachment":"scroll","background-type":"","background-media":"","overlay-type":"","overlay-color":"","overlay-opacity":"","overlay-gradient":""},"mobile":{"background-color":"","background-image":"","background-repeat":"repeat","background-position":"center center","background-size":"auto","background-attachment":"scroll","background-type":"","background-media":"","overlay-type":"","overlay-color":"","overlay-opacity":"","overlay-gradient":""}},"ast-content-background-meta":{"desktop":{"background-color":"var(--ast-global-color-5)","background-image":"","background-repeat":"repeat","background-position":"center center","background-size":"auto","background-attachment":"scroll","background-type":"","background-media":"","overlay-type":"","overlay-color":"","overlay-opacity":"","overlay-gradient":""},"tablet":{"background-color":"var(--ast-global-color-5)","background-image":"","background-repeat":"repeat","background-position":"center center","background-size":"auto","background-attachment":"scroll","background-type":"","background-media":"","overlay-type":"","overlay-color":"","overlay-opacity":"","overlay-gradient":""},"mobile":{"background-color":"var(--ast-global-color-5)","background-image":"","background-repeat":"repeat","background-position":"center center","background-size":"auto","background-attachment":"scroll","background-type":"","background-media":"","overlay-type":"","overlay-color":"","overlay-opacity":"","overlay-gradient":""}},"footnotes":""},"class_list":["post-2021","page","type-page","status-publish","has-post-thumbnail","hentry"],"acf":[],"yoast_head":"<!-- This site is optimized with the Yoast SEO plugin v27.4 - https:\/\/yoast.com\/product\/yoast-seo-wordpress\/ -->\n<title>FAQ - NEOQI<\/title>\n<meta name=\"robots\" content=\"index, follow, max-snippet:-1, max-image-preview:large, max-video-preview:-1\" \/>\n<link rel=\"canonical\" href=\"https:\/\/neoqi.com\/it\/contact-us\/faq\/\" \/>\n<meta property=\"og:locale\" content=\"it_IT\" \/>\n<meta property=\"og:type\" content=\"article\" \/>\n<meta property=\"og:title\" content=\"FAQ - NEOQI\" \/>\n<meta property=\"og:description\" content=\"What is an energy cocoon? A NeoQi\u00ae energy cocoon is a compact spa-complex, which allows You to enjoy different thermal and hydrotherapeutic treatments. Thanks to its versatility, the energy cocoon is an indispensable means of face and body care, all within the space of one room. For whom is the NeoQi\u00ae equipment meant? NeoQi\u00ae manufactures [&hellip;]\" \/>\n<meta property=\"og:url\" content=\"https:\/\/neoqi.com\/it\/contact-us\/faq\/\" \/>\n<meta property=\"og:site_name\" content=\"NEOQI\" \/>\n<meta property=\"article:publisher\" content=\"https:\/\/www.facebook.com\/neoqi\/\" \/>\n<meta property=\"article:modified_time\" content=\"2024-11-06T10:20:30+00:00\" \/>\n<meta property=\"og:image\" content=\"https:\/\/neoqi.com\/wp-content\/uploads\/2024\/11\/Flamingo_no_light2.jpg\" \/>\n\t<meta property=\"og:image:width\" content=\"2200\" \/>\n\t<meta property=\"og:image:height\" content=\"852\" \/>\n\t<meta property=\"og:image:type\" content=\"image\/jpeg\" \/>\n<meta name=\"twitter:card\" content=\"summary_large_image\" \/>\n<meta name=\"twitter:label1\" content=\"Tempo di lettura stimato\" \/>\n\t<meta name=\"twitter:data1\" content=\"5 minuti\" \/>\n<script type=\"application\/ld+json\" class=\"yoast-schema-graph\">{\"@context\":\"https:\\\/\\\/schema.org\",\"@graph\":[{\"@type\":\"WebPage\",\"@id\":\"https:\\\/\\\/neoqi.com\\\/fr\\\/contact-us\\\/faq\\\/\",\"url\":\"https:\\\/\\\/neoqi.com\\\/fr\\\/contact-us\\\/faq\\\/\",\"name\":\"FAQ - NEOQI\",\"isPartOf\":{\"@id\":\"https:\\\/\\\/neoqi.com\\\/#website\"},\"primaryImageOfPage\":{\"@id\":\"https:\\\/\\\/neoqi.com\\\/fr\\\/contact-us\\\/faq\\\/#primaryimage\"},\"image\":{\"@id\":\"https:\\\/\\\/neoqi.com\\\/fr\\\/contact-us\\\/faq\\\/#primaryimage\"},\"thumbnailUrl\":\"https:\\\/\\\/neoqi.com\\\/wp-content\\\/uploads\\\/2024\\\/11\\\/Flamingo_no_light2.jpg\",\"datePublished\":\"2024-09-06T18:26:15+00:00\",\"dateModified\":\"2024-11-06T10:20:30+00:00\",\"breadcrumb\":{\"@id\":\"https:\\\/\\\/neoqi.com\\\/fr\\\/contact-us\\\/faq\\\/#breadcrumb\"},\"inLanguage\":\"it-IT\",\"potentialAction\":[{\"@type\":\"ReadAction\",\"target\":[\"https:\\\/\\\/neoqi.com\\\/fr\\\/contact-us\\\/faq\\\/\"]}]},{\"@type\":\"ImageObject\",\"inLanguage\":\"it-IT\",\"@id\":\"https:\\\/\\\/neoqi.com\\\/fr\\\/contact-us\\\/faq\\\/#primaryimage\",\"url\":\"https:\\\/\\\/neoqi.com\\\/wp-content\\\/uploads\\\/2024\\\/11\\\/Flamingo_no_light2.jpg\",\"contentUrl\":\"https:\\\/\\\/neoqi.com\\\/wp-content\\\/uploads\\\/2024\\\/11\\\/Flamingo_no_light2.jpg\",\"width\":2200,\"height\":852},{\"@type\":\"BreadcrumbList\",\"@id\":\"https:\\\/\\\/neoqi.com\\\/fr\\\/contact-us\\\/faq\\\/#breadcrumb\",\"itemListElement\":[{\"@type\":\"ListItem\",\"position\":1,\"name\":\"Home\",\"item\":\"https:\\\/\\\/neoqi.com\\\/\"},{\"@type\":\"ListItem\",\"position\":2,\"name\":\"Contact Us\",\"item\":\"https:\\\/\\\/neoqi.com\\\/contact-us\\\/\"},{\"@type\":\"ListItem\",\"position\":3,\"name\":\"FAQ\"}]},{\"@type\":\"WebSite\",\"@id\":\"https:\\\/\\\/neoqi.com\\\/#website\",\"url\":\"https:\\\/\\\/neoqi.com\\\/\",\"name\":\"NEOQI\",\"description\":\"Experience Ultimate Wellness and Relaxation with NeoQi Spa Capsule: Your Path to Rejuvenation\",\"publisher\":{\"@id\":\"https:\\\/\\\/neoqi.com\\\/#organization\"},\"potentialAction\":[{\"@type\":\"SearchAction\",\"target\":{\"@type\":\"EntryPoint\",\"urlTemplate\":\"https:\\\/\\\/neoqi.com\\\/?s={search_term_string}\"},\"query-input\":{\"@type\":\"PropertyValueSpecification\",\"valueRequired\":true,\"valueName\":\"search_term_string\"}}],\"inLanguage\":\"it-IT\"},{\"@type\":\"Organization\",\"@id\":\"https:\\\/\\\/neoqi.com\\\/#organization\",\"name\":\"NEOQI\",\"url\":\"https:\\\/\\\/neoqi.com\\\/\",\"logo\":{\"@type\":\"ImageObject\",\"inLanguage\":\"it-IT\",\"@id\":\"https:\\\/\\\/neoqi.com\\\/#\\\/schema\\\/logo\\\/image\\\/\",\"url\":\"https:\\\/\\\/neoqi.com\\\/wp-content\\\/uploads\\\/2024\\\/09\\\/logoneosvg.svg\",\"contentUrl\":\"https:\\\/\\\/neoqi.com\\\/wp-content\\\/uploads\\\/2024\\\/09\\\/logoneosvg.svg\",\"width\":1,\"height\":1,\"caption\":\"NEOQI\"},\"image\":{\"@id\":\"https:\\\/\\\/neoqi.com\\\/#\\\/schema\\\/logo\\\/image\\\/\"},\"sameAs\":[\"https:\\\/\\\/www.facebook.com\\\/neoqi\\\/\",\"https:\\\/\\\/www.instagram.com\\\/neoqi_com\\\/\"]}]}<\/script>\n<!-- \/ Yoast SEO plugin. -->","yoast_head_json":{"title":"FAQ - NEOQI","robots":{"index":"index","follow":"follow","max-snippet":"max-snippet:-1","max-image-preview":"max-image-preview:large","max-video-preview":"max-video-preview:-1"},"canonical":"https:\/\/neoqi.com\/it\/contact-us\/faq\/","og_locale":"it_IT","og_type":"article","og_title":"FAQ - NEOQI","og_description":"What is an energy cocoon? A NeoQi\u00ae energy cocoon is a compact spa-complex, which allows You to enjoy different thermal and hydrotherapeutic treatments. Thanks to its versatility, the energy cocoon is an indispensable means of face and body care, all within the space of one room. For whom is the NeoQi\u00ae equipment meant? NeoQi\u00ae manufactures [&hellip;]","og_url":"https:\/\/neoqi.com\/it\/contact-us\/faq\/","og_site_name":"NEOQI","article_publisher":"https:\/\/www.facebook.com\/neoqi\/","article_modified_time":"2024-11-06T10:20:30+00:00","og_image":[{"width":2200,"height":852,"url":"https:\/\/neoqi.com\/wp-content\/uploads\/2024\/11\/Flamingo_no_light2.jpg","type":"image\/jpeg"}],"twitter_card":"summary_large_image","twitter_misc":{"Tempo di lettura stimato":"5 minuti"},"schema":{"@context":"https:\/\/schema.org","@graph":[{"@type":"WebPage","@id":"https:\/\/neoqi.com\/fr\/contact-us\/faq\/","url":"https:\/\/neoqi.com\/fr\/contact-us\/faq\/","name":"FAQ - NEOQI","isPartOf":{"@id":"https:\/\/neoqi.com\/#website"},"primaryImageOfPage":{"@id":"https:\/\/neoqi.com\/fr\/contact-us\/faq\/#primaryimage"},"image":{"@id":"https:\/\/neoqi.com\/fr\/contact-us\/faq\/#primaryimage"},"thumbnailUrl":"https:\/\/neoqi.com\/wp-content\/uploads\/2024\/11\/Flamingo_no_light2.jpg","datePublished":"2024-09-06T18:26:15+00:00","dateModified":"2024-11-06T10:20:30+00:00","breadcrumb":{"@id":"https:\/\/neoqi.com\/fr\/contact-us\/faq\/#breadcrumb"},"inLanguage":"it-IT","potentialAction":[{"@type":"ReadAction","target":["https:\/\/neoqi.com\/fr\/contact-us\/faq\/"]}]},{"@type":"ImageObject","inLanguage":"it-IT","@id":"https:\/\/neoqi.com\/fr\/contact-us\/faq\/#primaryimage","url":"https:\/\/neoqi.com\/wp-content\/uploads\/2024\/11\/Flamingo_no_light2.jpg","contentUrl":"https:\/\/neoqi.com\/wp-content\/uploads\/2024\/11\/Flamingo_no_light2.jpg","width":2200,"height":852},{"@type":"BreadcrumbList","@id":"https:\/\/neoqi.com\/fr\/contact-us\/faq\/#breadcrumb","itemListElement":[{"@type":"ListItem","position":1,"name":"Home","item":"https:\/\/neoqi.com\/"},{"@type":"ListItem","position":2,"name":"Contact Us","item":"https:\/\/neoqi.com\/contact-us\/"},{"@type":"ListItem","position":3,"name":"FAQ"}]},{"@type":"WebSite","@id":"https:\/\/neoqi.com\/#website","url":"https:\/\/neoqi.com\/","name":"NEOQI","description":"Sperimentate il massimo del benessere e del relax con NeoQi Spa Capsule: Il vostro percorso di ringiovanimento","publisher":{"@id":"https:\/\/neoqi.com\/#organization"},"potentialAction":[{"@type":"SearchAction","target":{"@type":"EntryPoint","urlTemplate":"https:\/\/neoqi.com\/?s={search_term_string}"},"query-input":{"@type":"PropertyValueSpecification","valueRequired":true,"valueName":"search_term_string"}}],"inLanguage":"it-IT"},{"@type":"Organization","@id":"https:\/\/neoqi.com\/#organization","name":"NEOQI","url":"https:\/\/neoqi.com\/","logo":{"@type":"ImageObject","inLanguage":"it-IT","@id":"https:\/\/neoqi.com\/#\/schema\/logo\/image\/","url":"https:\/\/neoqi.com\/wp-content\/uploads\/2024\/09\/logoneosvg.svg","contentUrl":"https:\/\/neoqi.com\/wp-content\/uploads\/2024\/09\/logoneosvg.svg","width":1,"height":1,"caption":"NEOQI"},"image":{"@id":"https:\/\/neoqi.com\/#\/schema\/logo\/image\/"},"sameAs":["https:\/\/www.facebook.com\/neoqi\/","https:\/\/www.instagram.com\/neoqi_com\/"]}]}},"_links":{"self":[{"href":"https:\/\/neoqi.com\/it\/wp-json\/wp\/v2\/pages\/2021","targetHints":{"allow":["GET"]}}],"collection":[{"href":"https:\/\/neoqi.com\/it\/wp-json\/wp\/v2\/pages"}],"about":[{"href":"https:\/\/neoqi.com\/it\/wp-json\/wp\/v2\/types\/page"}],"author":[{"embeddable":true,"href":"https:\/\/neoqi.com\/it\/wp-json\/wp\/v2\/users\/1"}],"replies":[{"embeddable":true,"href":"https:\/\/neoqi.com\/it\/wp-json\/wp\/v2\/comments?post=2021"}],"version-history":[{"count":1,"href":"https:\/\/neoqi.com\/it\/wp-json\/wp\/v2\/pages\/2021\/revisions"}],"predecessor-version":[{"id":2022,"href":"https:\/\/neoqi.com\/it\/wp-json\/wp\/v2\/pages\/2021\/revisions\/2022"}],"up":[{"embeddable":true,"href":"https:\/\/neoqi.com\/it\/wp-json\/wp\/v2\/pages\/2017"}],"wp:featuredmedia":[{"embeddable":true,"href":"https:\/\/neoqi.com\/it\/wp-json\/wp\/v2\/media\/2911"}],"wp:attachment":[{"href":"https:\/\/neoqi.com\/it\/wp-json\/wp\/v2\/media?parent=2021"}],"curies":[{"name":"wp","href":"https:\/\/api.w.org\/{rel}","templated":true}]}}